{"id":142,"date":"2017-11-14T14:42:08","date_gmt":"2017-11-14T14:42:08","guid":{"rendered":"http:\/\/test.wp.sitechecker.pro\/?page_id=142"},"modified":"2026-02-16T17:06:10","modified_gmt":"2026-02-16T17:06:10","slug":"meta-tag-description","status":"publish","type":"page","link":"https:\/\/sitechecker.pro\/it\/meta-tag-description\/","title":{"rendered":"Controllo lunghezza meta descrizione | Qual \u00e8 il limite di caratteri"},"content":{"rendered":"<p>Le meta descrizioni sono fondamentali per garantire che i tuoi visitatori finiscano nella pagina corretta del tuo sito web. In alcuni casi, le meta descrizioni influiscono persino sulle classifiche di ricerca, quindi \u00e8 importante assicurarsi di scriverle correttamente, troppo brevi o troppo lunghe, e potrebbero rovinare i tuoi sforzi complessivi di ottimizzazione dei motori di ricerca.<\/p>\n<p>Ecco perch\u00e9 \u00e8 necessario utilizzare uno strumento di controllo della lunghezza della meta descrizione come quello in questa guida; ti aiuter\u00e0 ad assicurarti che ogni singola delle tue pagine abbia meta descrizioni accurate prima di inviarle ai motori di ricerca.<\/p>\n<h2 id=\"what_is_tool\">Che cos&#8217;\u00e8 un correttore di lunghezza delle meta descrizioni?<\/h2>\n<p>Un controllo della lunghezza della meta descrizione fornisce una rapida panoramica dell&#8217;ottimizzazione o meno delle meta descrizioni, in modo da poter essere sicuri che stiano colpendo tutte le parole chiave importanti pur essendo della lunghezza appropriata. La <strong>meta descrizione<\/strong> \u00e8 un breve riepilogo di 160 caratteri (o meno) del contenuto della tua pagina. \u00c8 ci\u00f2 che appare sotto il titolo della tua pagina nei risultati di ricerca.<\/p>\n<p>Secondo alcuni studi affidabili, Google utilizza queste descrizioni come percentuali di clic quando gli utenti cercano qualcosa relativo al contenuto del tuo sito web. Quindi ha senso che dovresti scrivere meta descrizioni convincenti se desideri pi\u00f9 traffico e clic sul tuo sito! Per testare la tua meta descrizione, puoi utilizzare uno strumento di controllo della lunghezza della meta descrizione. Un altro motivo importante per cui dovresti utilizzare un controllo della lunghezza della meta descrizione \u00e8 che se paghi Google per pubblicizzare il tuo sito, posizioner\u00e0 la tua descrizione in cima ai risultati di ricerca. Pertanto, dovrebbe essere formattato in modo appropriato.<\/p>\n<h2 id=\"how_to\">Come utilizzare un controllo descrizione?<\/h2>\n<h3>Passaggio 1: inserisci il tuo URL<\/h3>\n<p>Inserisci semplicemente l&#8217;<strong>URL della tua pagina web<\/strong> e fai clic sulla freccia per generare i risultati.<\/p>\n<div class=\"content__img-wrap\"><img src=\"https:\/\/sitechecker.pro\/wp-content\/uploads\/2022\/02\/description_checker.png\" alt=\"meta description tag length checker per le pagine dei risultati dei motori di ricerca\" class=\"description-img description-img-zoom\" loading=\"lazy\" ><\/div>\n<h3>Fase 2: Analisi dei risultati del controllo descrizione<\/h3>\n<div class=\"content__img-wrap\"><img src=\"https:\/\/sitechecker.pro\/wp-content\/uploads\/2022\/02\/description_checker_2.png\" alt=\"risultati del controllo della lunghezza della descrizione della meta\" class=\"description-img description-img-zoom\" loading=\"lazy\" ><\/div>\n<p>Nella sezione dei risultati, vedrai che SiteChecker non solo ti mostra <strong>la lunghezza <\/strong> ma anche <strong>il testo della descrizione<\/strong>.<\/p>\n<h2 id=\"what_is\">Cos&#8217;\u00e8 una meta descrizione?<\/h2>\n<p>Una <strong>meta descrizione<\/strong> \u00e8 il <strong> breve snippet di testo<\/strong> che appare nei risultati di ricerca di Google, nei post di Facebook e come blurb su altri siti. Tuttavia, le meta descrizioni non sono le stesse delle descrizioni dei contenuti. Le meta descrizioni appaiono su diversi tipi di siti; le descrizioni dei contenuti vengono visualizzate su prodotti commerciali come libri, DVD, album musicali e videogiochi. Puoi creare meta descrizioni univoche per ogni pagina in base alle parole chiave per le quali desideri posizionarti nei motori di ricerca.<\/p>\n<p>La descrizione del meta tag pu\u00f2 avere un impatto sul <strong>posizionamento del sito<\/strong> nei risultati dei motori di ricerca che lo utilizzano (in particolare Google). I visitatori leggono anche le descrizioni delle pagine suggerite quando vedono la falce. Lo snippet, creato utilizzando le informazioni specificate nella descrizione del meta tag, aiuta l&#8217;utente a prendere la decisione finale se visitare o meno il sito del motore di ricerca.<\/p>\n<h2 id=\"SEO\">Importanza SEO delle meta descrizioni<\/h2>\n<p>Le meta descrizioni sono essenziali per la tua pagina e il tuo sito perch\u00e9 vengono utilizzate dai motori di ricerca come Google, Bing e Yahoo per comprendere il contenuto della tua pagina web. Avere una meta descrizione in atto ti aiuta anche ad aumentare la percentuale di clic, che porta a un traffico pi\u00f9 elevato.<\/p>\n<h3>Cosa dice Google?<\/h3>\n<p>Danny Sullivan, un ex analista e giornalista che ora lavora per Google, afferma che non esiste una durata definita per gli snippet quando l&#8217;algoritmo di Google cambia. In un Tweet del 2018, Sullivan ha affermato che i frammenti di ricerca di Google ora sono in media pi\u00f9 brevi rispetto alle ultime settimane, anche se leggermente pi\u00f9 lunghi rispetto a prima di una modifica apportata lo scorso dicembre. Non esiste una lunghezza fissa per i frammenti; varia in base a ci\u00f2 che i sistemi di Google ritengono pi\u00f9 utile. Detto questo, la lunghezza ideale delle meta descrizioni \u00e8 <strong>un minimo di 70 caratteri e un massimo di 320 caratteri<\/strong>.<\/p>\n<h3>\u00c8 un problema critico se una meta descrizione \u00e8 vuota o troppo lunga?<\/h3>\n<p>Una meta descrizione eccessivamente lunga pu\u00f2 essere considerata irrilevante per gli utenti finali se vedono quello che sembra essere un testo infinito che non ha senso. Tuttavia, se la descrizione della tua pagina non \u00e8 presente, potrebbe causare un problema di usabilit\u00e0 sia per i visitatori che per i motori di ricerca, soprattutto se il tuo sito Web ha pi\u00f9 pagine di contenuti e a ognuna manca la propria S.Parole chiave EO.<\/p>\n<p>La chiave \u00e8 assicurarsi che il tuo sito web fornisca le informazioni pi\u00f9 rilevanti per i potenziali clienti, ma se hai ancora difficolt\u00e0 a mantenere le persone sul tuo sito, potrebbe essere correlato direttamente all&#8217;ottimizzazione on-page in SEO. Le tue meta descrizioni dovrebbero fornire informazioni sufficienti in modo che gli utenti sappiano se troveranno valore nei tuoi contenuti.<\/p>\n<p>La linea di fondo \u00e8 che \u00e8 meglio curare una meta descrizione SEO, ma anche se non lo fai, Google ne creer\u00e0 una per te, quindi non \u00e8 un problema critico. Se desideri una panoramica dettagliata su come correggere una descrizione mancante, guarda questa guida di seguito:<\/p>\n<p><iframe width=\"770\" height=\"350\" src=\"https:\/\/www.youtube.com\/embed\/wfNVIcDMN1I\" title=\"YouTube video player\" frameborder=\"0\" allow=\"accelerometro; riproduzione automatica; appunti- scrittura; supporto crittografato; giroscopio; picture-in-picture\" allowfullscreen><\/iframe><\/p>\n<h3>Descrizione SEO-friendly<\/h3>\n<p>Sebbene le meta descrizioni potrebbero non essere obbligatorie da creare, sono un&#8217;opportunit\u00e0 per ottimizzare la tua pagina e attirare visitatori sul tuo sito (concesso, lo fai bene). Se verifichi la tua meta descrizione e non appare <strong>SEO friendly<\/strong>, ecco cosa potresti sbagliare:<\/p>\n<ol>\n<li>Se la lunghezza della meta descrizione supera il limite di Google, non verr\u00e0 visualizzata nello snippet.<\/li>\n<li>Se non ci sono parole chiave nella meta descrizione<\/a>, l&#8217;algoritmo di Google non raccoglier\u00e0 il tuo snippet e lo classificher\u00e0, riducendo cos\u00ec le possibilit\u00e0 di visibilit\u00e0 sui motori di ricerca. Allo stesso tempo, una parola\/frase dovrebbe essere utilizzata solo fino a 5-7 volte; in caso contrario, potresti essere penalizzato da Google. Dovresti utilizzare le chiavi di argomento pertinenti per la tua ricerca di parole chiave che hai fatto per una pagina.<\/li>\n<li>Non \u00e8 consigliabile utilizzare un linguaggio generico nei contenuti.<\/li>\n<li>Non \u00e8 consigliabile copiare una parte del testo della pagina per riempire il tag.<\/li>\n<li>Il tag title e il meta tag h1 non devono essere confusi con il tag description; vale a dire, se i tuoi titoli e le meta descrizioni sono gli stessi, stai sbagliando.<\/li>\n<li>In ultimo, ma non meno importante, concentrati sul contenuto reale. Potresti correggere ogni aspetto, ma se il tuo contenuto \u00e8 noioso, gli spettatori non finiranno per fare clic su di esso. Provalo su potenziali utenti e guarda come rispondono.<\/li>\n<\/ol>\n<h2 id=\"how_to_fix\">Come risolverlo?<\/h2>\n<p>Per assicurarti che la tua meta descrizione sia <strong>SEO friendly<\/strong>, ecco cosa puoi fare:<\/p>\n<ol>\n<li>La meta descrizione dovrebbe avere una lunghezza media compresa tra 150 e 160 caratteri. Questa \u00e8 la quantit\u00e0 di testo inclusa nell&#8217;output (sotto il link alla pagina).<\/li>\n<li>Le parole chiave che ottimizzano questa pagina devono essere incluse nella descrizione corretta. Le domande pi\u00f9 frequenti dovrebbero essere elencate per prime nella descrizione. Nel tag non devono essere utilizzate pi\u00f9 di 3-4 frasi essenziali.<\/li>\n<li>Il tag dovrebbe essere utilizzato per descrivere il contenuto di una determinata pagina. Assicurati che sia specifico e pertinente.<\/li>\n<li>Le descrizioni dei meta tag devono essere univoche in tutte le pagine del sito.<\/li>\n<li>Assicurati che il tag del titolo dell&#8217;URL e la meta descrizione non siano gli stessi; in caso contrario, non verranno visualizzati correttamente nei risultati di ricerca di Google.<\/li>\n<li>Gli spettatori dovrebbero essere attratti dalla descrizione, che dovrebbe offrire loro un&#8217;indicazione di quali informazioni scopriranno nella pagina descritta ed evidenziare i vantaggi del prodotto o servizio. Una descrizione pi\u00f9 accattivante comporter\u00e0 percentuali di clic pi\u00f9 elevate.<\/li>\n<li>Se la descrizione della tua pagina web \u00e8 vuota, compilala semplicemente.<\/li>\n<\/ol>\n    <div class=\"blog__conversion blog__conversion-app element__logged_out\">\n        <div class=\"blog__conversion-inner\">\n            <p class=\"title\">Analizza non solo le descrizioni ma l'intero sito!<\/p>\n            <p class=\"description\">Esegui un audit completo per scoprire e correggere il tuo SEO tecnico. Rendi possibile la crescita del traffico.<\/p>\n            <form id=\"audit__form\"\n                  class=\"article__seo-search audit__form Esegui un audit completo per scoprire e correggere il tuo SEO tecnico. Rendi possibile la crescita del traffico.\"\n                  action=\"\"\n                  method=\"POST\"\n                  autocomplete=\"off\">\n                <span class=\"error\"><\/span>\n                <div class=\"error__limits\">Something went wrong. Please, try again later.<\/div>\n                <input name=\"url\"\n                       type=\"text\"\n                       placeholder=\"Inserisci qui il tuo dominio\">\n                                <button type=\"submit\"\n                        class=\"sitechecker__text\">\n                    <span>Launch audit<\/span>\n                    <img src=\"\/wp-content\/themes\/sitechecker\/out\/img_design\/loading.svg\"\n                         width=\"31\"\n                         height=\"30\"\n                         class=\"loading\">\n                <\/button>\n            <\/form>\n        <\/div>\n    <\/div>\n    \n<p><div class=\"front__faq-block\"><div class=\"faq__block-title\">FAQ<\/div><div class=\"panel-group\" id=\"faq-accordion\" itemscope itemtype=\"https:\/\/schema.org\/FAQPage\" role=\"tablist\" aria-multiselectable=\"true\"><div class=\"panel\" itemscope itemtype=\"https:\/\/schema.org\/Question\" itemprop=\"mainEntity\">\n                            <div class=\"panel-heading\" id=\"headingFaq-1\">\n                                <div class=\"panel-title\" data-toggle=\"collapse\" aria-expanded=\"false\" href=\"#collapseFaq-1\">\n                                    <h3 itemprop=\"name\">Che cos'\u00e8 un esempio di meta descrizione?<\/h3>\n                                <\/div>\n                            <\/div>\n                            <div id=\"collapseFaq-1\" class=\"panel-collapse collapse\" itemprop=\"acceptedAnswer\" itemscope itemtype=\"http:\/\/schema.org\/Answer\">\n                                <div class=\"panel-body\" itemprop=\"text\">Uno strumento di controllo della lunghezza della meta descrizione ti consente di vedere se la tua descrizione \u00e8 formattata correttamente, <strong>SEO friendly<\/strong> e rimane entro il limite di caratteri.<\/div>\n                            <\/div>\n                        <\/div><div class=\"panel\" itemscope itemtype=\"https:\/\/schema.org\/Question\" itemprop=\"mainEntity\">\n                            <div class=\"panel-heading\" id=\"headingFaq-2\">\n                                <div class=\"panel-title\" data-toggle=\"collapse\" aria-expanded=\"false\" href=\"#collapseFaq-2\">\n                                    <h3 itemprop=\"name\">Come faccio a creare una meta descrizione?<\/h3>\n                                <\/div>\n                            <\/div>\n                            <div id=\"collapseFaq-2\" class=\"panel-collapse collapse\" itemprop=\"acceptedAnswer\" itemscope itemtype=\"http:\/\/schema.org\/Answer\">\n                                <div class=\"panel-body\" itemprop=\"text\">Includi parole chiave di alto livello nella tua meta descrizione. Usa una formulazione univoca, ma assicurati di evitare anche il riempimento delle parole chiave. Cerca di mantenere le frasi lunghe tra 50 e 70 caratteri, in modo che non vengano tagliate.<\/div>\n                            <\/div>\n                        <\/div><div class=\"panel\" itemscope itemtype=\"https:\/\/schema.org\/Question\" itemprop=\"mainEntity\">\n                            <div class=\"panel-heading\" id=\"headingFaq-3\">\n                                <div class=\"panel-title\" data-toggle=\"collapse\" aria-expanded=\"false\" href=\"#collapseFaq-3\">\n                                    <h3 itemprop=\"name\">Cosa dovrebbe esserci nella meta descrizione?<\/h3>\n                                <\/div>\n                            <\/div>\n                            <div id=\"collapseFaq-3\" class=\"panel-collapse collapse\" itemprop=\"acceptedAnswer\" itemscope itemtype=\"http:\/\/schema.org\/Answer\">\n                                <div class=\"panel-body\" itemprop=\"text\">Pensa a cosa indurrebbe qualcuno a fare clic sul tuo risultato. Una buona meta descrizione \u00e8 concisa e pertinente alla tua pagina web piuttosto che generica.<\/div>\n                            <\/div>\n                        <\/div><div class=\"panel\" itemscope itemtype=\"https:\/\/schema.org\/Question\" itemprop=\"mainEntity\">\n                            <div class=\"panel-heading\" id=\"headingFaq-4\">\n                                <div class=\"panel-title\" data-toggle=\"collapse\" aria-expanded=\"false\" href=\"#collapseFaq-4\">\n                                    <h3 itemprop=\"name\">Cos'\u00e8 una meta descrizione per un sito Web?<\/h3>\n                                <\/div>\n                            <\/div>\n                            <div id=\"collapseFaq-4\" class=\"panel-collapse collapse\" itemprop=\"acceptedAnswer\" itemscope itemtype=\"http:\/\/schema.org\/Answer\">\n                                <div class=\"panel-body\" itemprop=\"text\">Una meta descrizione \u00e8 un piccolo frammento di testo che di solito appare nei risultati dei motori di ricerca sotto il titolo della tua pagina. Viene utilizzato per dire brevemente agli utenti di cosa tratta la tua pagina o sito.<\/div>\n                            <\/div>\n                        <\/div><\/div><\/div><\/p>","protected":false},"excerpt":{"rendered":"Le meta descrizioni sono fondamentali per garantire che i tuoi visitatori finiscano nella pagina corretta del tuo sito web. In alcuni casi, le meta descrizioni influiscono persino sulle classifiche di ricerca, quindi \u00e8 importante assicurarsi di scriverle correttamente, troppo brevi o troppo lunghe, e potrebbero rovinare i tuoi sforzi complessivi di ottimizzazione dei motori di&#8230;","protected":false},"author":10409641,"featured_media":3439,"parent":0,"menu_order":0,"comment_status":"closed","ping_status":"closed","template":"pages-templates\/pages-minitools-3.php","meta":[],"categories":[70],"tags":[],"_links":{"self":[{"href":"https:\/\/sitechecker.pro\/it\/wp-json\/wp\/v2\/pages\/142"}],"collection":[{"href":"https:\/\/sitechecker.pro\/it\/wp-json\/wp\/v2\/pages"}],"about":[{"href":"https:\/\/sitechecker.pro\/it\/wp-json\/wp\/v2\/types\/page"}],"author":[{"embeddable":true,"href":"https:\/\/sitechecker.pro\/it\/wp-json\/wp\/v2\/users\/10409641"}],"replies":[{"embeddable":true,"href":"https:\/\/sitechecker.pro\/it\/wp-json\/wp\/v2\/comments?post=142"}],"version-history":[{"count":106,"href":"https:\/\/sitechecker.pro\/it\/wp-json\/wp\/v2\/pages\/142\/revisions"}],"predecessor-version":[{"id":39300,"href":"https:\/\/sitechecker.pro\/it\/wp-json\/wp\/v2\/pages\/142\/revisions\/39300"}],"wp:featuredmedia":[{"embeddable":true,"href":"https:\/\/sitechecker.pro\/it\/wp-json\/wp\/v2\/media\/3439"}],"wp:attachment":[{"href":"https:\/\/sitechecker.pro\/it\/wp-json\/wp\/v2\/media?parent=142"}],"wp:term":[{"taxonomy":"category","embeddable":true,"href":"https:\/\/sitechecker.pro\/it\/wp-json\/wp\/v2\/categories?post=142"},{"taxonomy":"post_tag","embeddable":true,"href":"https:\/\/sitechecker.pro\/it\/wp-json\/wp\/v2\/tags?post=142"}],"curies":[{"name":"wp","href":"https:\/\/api.w.org\/{rel}","templated":true}]}}