{"id":1407,"date":"2018-02-05T12:02:10","date_gmt":"2018-02-05T12:02:10","guid":{"rendered":"https:\/\/sitechecker.pro\/?page_id=1407"},"modified":"2025-08-07T12:21:51","modified_gmt":"2025-08-07T12:21:51","slug":"xml-sitemap","status":"publish","type":"page","link":"https:\/\/sitechecker.pro\/it\/xml-sitemap\/","title":{"rendered":"XML Sitemap Checker &#038; Finder Tool"},"content":{"rendered":"<p><\/p>\n<h2 id=\"par1\">Che cos&#8217;\u00e8 un verificatore di Sitemap? <\/h2>\n<p>XML Sitemap Finder \u00e8 uno strumento per verificare se un sito ha una mappa XML.<\/p>\n<p>Potete usare Google Sitemap Checker per verificare se il vostro sito web ha una <a href=\"https:\/\/sitechecker.pro\/what-is-sitemap\/\" target=\"_blank\" rel=\"noopener noreferrer\">mappa XML<\/a> e per identificare eventuali errori. Se lo strumento trova dei bug, vi dir\u00e0 come risolverli.<\/p>\n<h3>L&#8217;XML Sitemap Checker pu\u00f2 assistervi in diverse aree chiave:<\/h3>\n<ul>\n<li>Verifica la presenza di un file XML sul vostro sito.<\/li>\n<li>Rileva eventuali problemi all&#8217;interno del file xml della mappa del vostro sito.<\/li>\n<li>Migliora l&#8217;efficienza con cui i motori di ricerca indicizzano il vostro sito.<\/li>\n<li>Migliora l&#8217;efficienza con cui i motori di ricerca indicizzano il vostro sito.<\/li>\n<\/ul>\n<h3>Caratteristiche principali di Sitemap Tester<\/h3>\n<p><strong>Dashboard unificato. <\/strong>Una dashboard unificata fornisce un&#8217;unica visione dei dati tecnici SEO, rendendo pi\u00f9 semplice il monitoraggio e la gestione delle loro prestazioni.<\/p>\n<p><strong>Interfaccia user-friendly. <\/strong>L&#8217;interfaccia user-friendly rende facile l&#8217;uso di Sitechecker, anche se non si \u00e8 esperti di tecnica.<\/p>\n<p><strong>Un set completo di strumenti SEO. <\/strong>Lo strumento di ricerca della Sitemap fa parte di un set completo di strumenti SEO che pu\u00f2 aiutarvi a migliorare il posizionamento del vostro sito web nelle pagine dei risultati dei motori di ricerca (SERP).<\/p>\n<h2 id=\"par2\">Come utilizzare lo strumento di ricerca delle Sitemap XML<\/h2>\n<p>Fortunatamente, non \u00e8 necessario controllare manualmente il codice del vostro sito web per capire se \u00e8 presente il file che elenca le pagine essenziali di un sito web. Con l&#8217;aiuto di Sitemap Detector, \u00e8 possibile consultare qualsiasi sito per ottenere queste informazioni.<\/p>\n<h3>Fase 1: Inserire il nome del dominio<\/h3>\n<p>Il primo passo consiste nell&#8217;inserire l&#8217;URL del vostro sito web:<\/p>\n<div class=\"content__img-wrap\"><img src=\"https:\/\/sitechecker.pro\/wp-content\/uploads\/2023\/11\/xml-sitemap-checker.png\" alt=\"XML Sitemap Checker\" class=\"description-img description-img-zoom\" loading=\"lazy\" ><\/div>\n<div class=\"important-block\">Per ricevere i risultati e accedere alle funzioni di Sitechecker&apos;per 14 giorni, inizia la tua prova GRATUITA. L&apos;iscrizione \u00e8 facile con il tuo account e-mail, Google o Facebook. Non \u00e8 necessaria alcuna carta di credito<\/div>\n<h3>Fase 2: Interpretare i risultati di Sitemap Tester<\/h3>\n<p>La scansione eseguita genera una verifica del sito per il dominio inserito. Nella categoria &#8220;Sitemap XML&#8221; \u00e8 possibile trovare i problemi che possono portare al crawling di URL non-200 o alla mancanza di pagine con traffico di ricerca nelle mappe XML. Fare clic su un problema per visualizzare le pagine interessate, le guide alla correzione e i suggerimenti per il codice.<\/p>\n<div class=\"content__img-wrap\"><img src=\"https:\/\/sitechecker.pro\/wp-content\/uploads\/2023\/11\/sitemap-checker-results.png\" alt=\"Sitemap Checker Results\" class=\"description-img description-img-zoom\" loading=\"lazy\" ><\/div>\n<p>Il tester delle sitemap consente di identificare gli errori delle sitemap e di ottenere istruzioni su come risolverli per ridurre l&#8217;impatto degli errori delle sitemap sull&#8217;indicizzazione:<\/p>\n<ul>\n<li>Un URL con codice di stato non 2xx nella sitemap (<a href=\"https:\/\/sitechecker.pro\/what-are-3xx-status-codes\/\" target=\"_blank\" rel=\"noopener noreferrer\">3xx redirect<\/a>, <a href=\"https:\/\/sitechecker.pro\/site-audit-issues\/page-sitemap-timed\/\" target=\"_blank\" rel=\"noopener noreferrer\">5xx errori del server<\/a>, <a href=\"https:\/\/sitechecker.pro\/what-are-4xx-status-codes\/\" target=\"_blank\" rel=\"noopener noreferrer\">4xx errori<\/a>)<\/li>\n<p>.<\/p>\n<li><a href=\"https:\/\/sitechecker.pro\/site-audit-issues\/noindex-page-sitemap\/\" target=\"_blank\" rel=\"noopener noreferrer\">Noindex URL<\/a> e Disallowed URL<\/li>\n<li><a href=\"https:\/\/sitechecker.pro\/site-audit-issues\/robots-without-link-xml-sitemap\/\" target=\"_blank\" rel=\"noopener noreferrer\">File Robots.txt senza link alla sitemap XML<\/a>, URL in XML multipli, <a href=\"https:\/\/sitechecker.pro\/site-audit-issues\/sitemap-xml-files-large\/\" target=\"_blank\" rel=\"noopener noreferrer\">File Sitemap.xml troppo grande<\/a>, ecc.<\/li>\n<\/ul>\n<div class=\"content__img-wrap\"><img src=\"https:\/\/sitechecker.pro\/wp-content\/uploads\/2023\/11\/sitemap-checker-view-issue.png\" alt=\"Sitemap Checker View Issue\" class=\"description-img description-img-zoom\" loading=\"lazy\" ><\/div>\n<p>Inoltre, offriamo funzioni specifiche nel caso in cui non siate sicuri che tutte le pagine siano incluse nella vostra sitemap, o se desiderate semplicemente utilizzare il nostro strumento come validatore di sitemap XML. Utilizzare le schede &#8220;Esportazione&#8221; e &#8220;Genera sitemap&#8221; per selezionare i tipi di URL in base al codice di stato da includere nella mappa.<\/p>\n<div class=\"content__img-wrap\"><img src=\"https:\/\/sitechecker.pro\/wp-content\/uploads\/2023\/11\/generate-sitemap.png\" alt=\"Genera Sitemap\" class=\"description-img description-img-zoom\" loading=\"lazy\" ><\/div>\n<h3>Funzioni aggiuntive di XML sitemap checker<\/h3>\n<p>Dopo il crawling del sito, riceverete anche un rapporto completo di verifica del sito, che evidenzia ogni potenziale problema e fornisce istruzioni su come risolverlo. Il rapporto \u00e8 ordinato per tipo o categoria di problema, consentendovi di affrontare in modo efficiente i problemi pi\u00f9 cruciali per il successo del vostro sito.<\/p>\n<div class=\"content__img-wrap\"><img src=\"https:\/\/sitechecker.pro\/wp-content\/uploads\/2023\/11\/sitemap-checker-issues-list.png\" alt=\"Elenco dei problemi del Sitemap Checker\" class=\"description-img description-img-zoom\" loading=\"lazy\" ><\/div>\n<p>Facendo clic sul pulsante &#8220;Visualizza tutte le pagine&#8221;, \u00e8 possibile identificare i problemi sulle singole pagine. Ordinate i problemi per priorit\u00e0 o categorie o aggiungete manualmente i dati alle pagine che vi interessano.<\/p>\n<div class=\"content__img-wrap\"><img src=\"https:\/\/sitechecker.pro\/wp-content\/uploads\/2023\/11\/sitemap-checker-all-html-pages.png\" alt=\"Sitemap Checker Tutte le pagine HTML\" class=\"description-img description-img-zoom\" loading=\"lazy\" ><\/div>\n<h2 id=\"par3\">Idea finale<\/h2>\n<p>Il Website Sitemap Checker \u00e8 uno strumento progettato per garantire che un sito abbia un file XML, identificare eventuali errori presenti e contribuire a migliorare l&#8217;efficienza dell&#8217;indicizzazione del sito nei motori di ricerca. Offre un&#8217;interfaccia facile da usare all&#8217;interno di una dashboard unificata per una facile gestione SEO, come parte di un set completo di strumenti SEO. Lo strumento semplifica il processo di verifica di una mappa del sito inserendo un nome di dominio e analizzando i risultati, che includono un rapporto di verifica completo con istruzioni dettagliate per la correzione dei problemi individuati. Questo aiuta a mantenere un sito ben strutturato e ottimizzato per la SEO.<\/p>\n<div id=\"par4\"><\/div>\n<p><div class=\"front__faq-block\"><div class=\"faq__block-title\">FAQ<\/div><div class=\"panel-group\" id=\"faq-accordion\" itemscope itemtype=\"https:\/\/schema.org\/FAQPage\" role=\"tablist\" aria-multiselectable=\"true\"><div class=\"panel\" itemscope itemtype=\"https:\/\/schema.org\/Question\" itemprop=\"mainEntity\">\n                            <div class=\"panel-heading\" id=\"headingFaq-1\">\n                                <div class=\"panel-title\" data-toggle=\"collapse\" aria-expanded=\"false\" href=\"#collapseFaq-1\">\n                                    <h3 itemprop=\"name\">Come verificare la mappa del sito in XML?<\/h3>\n                                <\/div>\n                            <\/div>\n                            <div id=\"collapseFaq-1\" class=\"panel-collapse collapse\" itemprop=\"acceptedAnswer\" itemscope itemtype=\"http:\/\/schema.org\/Answer\">\n                                <div class=\"panel-body\" itemprop=\"text\">Utilizzate uno strumento gratuito di verifica della Sitemap online o accedete a <strong>yourdomain.com\/sitemap.xml<\/strong> nel vostro browser web.<\/div>\n                            <\/div>\n                        <\/div><div class=\"panel\" itemscope itemtype=\"https:\/\/schema.org\/Question\" itemprop=\"mainEntity\">\n                            <div class=\"panel-heading\" id=\"headingFaq-2\">\n                                <div class=\"panel-title\" data-toggle=\"collapse\" aria-expanded=\"false\" href=\"#collapseFaq-2\">\n                                    <h3 itemprop=\"name\">Come verificare gli errori della mappa del sito?Utilizza strumenti per webmaster come Sitechecker Sitemap detector o Google Search Console per identificare e risolvere gli errori nell&apos;indice o nell&apos;albero del sito.<\/h3>\n                                <\/div>\n                            <\/div>\n                            <div id=\"collapseFaq-2\" class=\"panel-collapse collapse\" itemprop=\"acceptedAnswer\" itemscope itemtype=\"http:\/\/schema.org\/Answer\">\n                                <div class=\"panel-body\" itemprop=\"text\"><\/div>\n                            <\/div>\n                        <\/div><\/div><\/div><\/p>","protected":false},"excerpt":{"rendered":"Che cos&#8217;\u00e8 un verificatore di Sitemap? XML Sitemap Finder \u00e8 uno strumento per verificare se un sito ha una mappa XML. Potete usare Google Sitemap Checker per verificare se il vostro sito web ha una mappa XML e per identificare eventuali errori. Se lo strumento trova dei bug, vi dir\u00e0 come risolverli. L&#8217;XML Sitemap Checker&#8230;","protected":false},"author":10409641,"featured_media":3440,"parent":0,"menu_order":0,"comment_status":"closed","ping_status":"closed","template":"pages-templates\/pages-minitools.php","meta":[],"categories":[73],"tags":[],"_links":{"self":[{"href":"https:\/\/sitechecker.pro\/it\/wp-json\/wp\/v2\/pages\/1407"}],"collection":[{"href":"https:\/\/sitechecker.pro\/it\/wp-json\/wp\/v2\/pages"}],"about":[{"href":"https:\/\/sitechecker.pro\/it\/wp-json\/wp\/v2\/types\/page"}],"author":[{"embeddable":true,"href":"https:\/\/sitechecker.pro\/it\/wp-json\/wp\/v2\/users\/10409641"}],"replies":[{"embeddable":true,"href":"https:\/\/sitechecker.pro\/it\/wp-json\/wp\/v2\/comments?post=1407"}],"version-history":[{"count":81,"href":"https:\/\/sitechecker.pro\/it\/wp-json\/wp\/v2\/pages\/1407\/revisions"}],"predecessor-version":[{"id":38179,"href":"https:\/\/sitechecker.pro\/it\/wp-json\/wp\/v2\/pages\/1407\/revisions\/38179"}],"wp:featuredmedia":[{"embeddable":true,"href":"https:\/\/sitechecker.pro\/it\/wp-json\/wp\/v2\/media\/3440"}],"wp:attachment":[{"href":"https:\/\/sitechecker.pro\/it\/wp-json\/wp\/v2\/media?parent=1407"}],"wp:term":[{"taxonomy":"category","embeddable":true,"href":"https:\/\/sitechecker.pro\/it\/wp-json\/wp\/v2\/categories?post=1407"},{"taxonomy":"post_tag","embeddable":true,"href":"https:\/\/sitechecker.pro\/it\/wp-json\/wp\/v2\/tags?post=1407"}],"curies":[{"name":"wp","href":"https:\/\/api.w.org\/{rel}","templated":true}]}}