{"id":1396,"date":"2018-02-05T10:24:46","date_gmt":"2018-02-05T10:24:46","guid":{"rendered":"https:\/\/sitechecker.pro\/?page_id=1396"},"modified":"2024-10-09T15:52:54","modified_gmt":"2024-10-09T15:52:54","slug":"search-engines","status":"publish","type":"page","link":"https:\/\/sitechecker.pro\/it\/search-engines\/","title":{"rendered":"I migliori motori di ricerca alternativi: migliora il tuo processo di ricerca"},"content":{"rendered":"<p>Gli ultimi aggiornamenti, hanno riguardato una certa pesantezza, dove i sistemi diventano pi\u00f9 orientati verso le parole chiave. \u00c8 possibile trovare pi\u00f9 siti web in base alla richiesta, anche se i siti con una quantit\u00e0 minore e una maggiore qualit\u00e0 delle informazioni, vengono spesso inseriti alla fine dell&#8217;elenco. Alcuni contenuti di valore, vengono addirittura eliminati dai <a href=\"https:\/\/sitechecker.pro\/it\/serp\/\">risultati del motore di ricerca.<\/a> \u00c8 triste, deprimente e persino irritante che Google abbia il monopolio sui motori di ricerca, mentre molti altri prestano aspetti migliori e pi\u00f9 efficaci.<\/p>\n<p>Oggi, sempre pi\u00f9 persone sono stanche del colorato sistema di ricerca e sentono il bisogno di qualcosa di nuovo, che non monitori ogni passo che fanno e mostrino all&#8217;utente un mucchio di inutili annunci pubblicitari. Tuttavia, \u00e8 necessario che la persona capisca che cos&#8217;\u00e8 un motore di ricerca dal suo interno. Si tratta di un algoritmo, che naviga attraverso il web alla ricerca di pagine corrispondenti. Il principio \u00e8 abbastanza semplice e facilmente adattabile. Esistono numerose opzioni che possono essere utilizzate al posto di Google e ognuna di esse pu\u00f2 vantare alcuni vantaggi speciali e particolari campi di utilizzo.<\/p>\n<p>In questo momento, l&#8217;utente deve eliminare qualsiasi stereotipo e pregiudizio sul fatto che Google sia la migliore variante nel momento in cui ha bisogno di trovare qualcosa nell&#8217;infinito labirinto di internet. Bisogna di aprire gli occhi alla ricerca di qualcosa di nuovo e questo elenco di motori di ricerca alternativi, vi offrir\u00e0 nuove opportunit\u00e0 nella ricerca di informazioni.<\/p>\n<p>&nbsp;<\/p>\n<h2><a href=\"https:\/\/www.bing.com\/\">Bing<\/a><\/h2>\n<p>&nbsp;<\/p>\n<p>Tra le tante alternative a Google, Bing \u00e8 quello che si avvicina di pi\u00f9, dato che la popolarit\u00e0 di Mr G. ha raggiunto una percentuale del 16% di fedeli utenti. Questo \u00e8 il solo ed unico motore di ricerca di Microsoft, progettato specificamente per i sistemi Windows e che pu\u00f2 essere utilizzato da tutti, attraverso domini pubblici. Cos&#8217;ha di cos\u00ec buono?<\/p>\n<p>Ha delle ottime capacit\u00e0 di ricerca video, che sono persino migliori di quelle di Google.<\/p>\n<p>Ci sono maggiori opzioni di riempimento automatico, nel momento in cui l&#8217;utente digita le sue richieste.<\/p>\n<p>Traccia pi\u00f9 interconnessioni tra siti web separati. Quindi, trovare simili opzioni non rappresenta un problema.<\/p>\n<p>Inoltre, Bing fornisce il sistema di ricerca Yahoo con server di calcolo.<\/p>\n<p>&nbsp;<\/p>\n<h2><a href=\"https:\/\/yandex.com\/\">Yandex<\/a><\/h2>\n<p>&nbsp;<\/p>\n<p>Solitamente, gli utenti lo definiscono come l&#8217;equivalente russo di Google, in quanto possiede un&#8217;interfaccia molto simile e persino servizi aggiuntivi. Questo servizio \u00e8 noto per un algoritmo logico ben progettato, che distribuisce i risultati con alcune funzioni aggiuntive.<\/p>\n<p>&nbsp;<\/p>\n<h2><a href=\"https:\/\/duckduckgo.com\/\">DuckDuckGo<\/a><\/h2>\n<p>&nbsp;<\/p>\n<p>Questa \u00e8 un&#8217;altra alternativa, che troviamo preinstallata in alcuni browser popolari come Firefox. Si tratta di un&#8217;opzione molto utile per coloro che non vogliono essere monitorati. Di solito, viene paragonato a Google che \u00e8 simile al Grande Fratello, in quando monitora costantemente ogni passo e ogni dato inserito.<\/p>\n<p>&nbsp;<\/p>\n<h2><a href=\"http:\/\/boardreader.com\">Boardreader<\/a><\/h2>\n<p>&nbsp;<\/p>\n<p>Coloro interessati ai sistemi di ricerca insoliti, apprezzano questo motore. \u00c8 progettato come una semplice bacheca e sfoglia i risultati esclusivamente attraverso i forum di tutto il mondo, in cui le persone reali condividono la loro esperienza sull&#8217;argomento specificato.<\/p>\n<p>&nbsp;<\/p>\n<h2><a href=\"http:\/\/www.dogpile.com\/\">Dogpile<\/a><\/h2>\n<p>&nbsp;<\/p>\n<p>Dogpile \u00e8 un vero analizzatore di dati, in quanto analizza i risultati di ricerca dei tra sistemi pi\u00f9 popolari: Google, Yandex e Yahoo, scegliendo i risultati migliori tra ciascuno di essi. La semplicit\u00e0 dell&#8217;interfaccia consente di concentrarsi sulla ricerca, mentre tutti gli annunci pubblicitari vengono eliminati direttamente da questo semplice, ma potente servizio.<\/p>\n<p>&nbsp;<\/p>\n<h2><a href=\"https:\/\/search.creativecommons.org\/\">Creative Commons Search<\/a><\/h2>\n<p>&nbsp;<\/p>\n<p>Creative Commons Search o CC Search in breve, \u00e8 un motore di ricerca anonimo e incredibile quando si tratta di acquisire materiale unico, non protetto da copyright, che pu\u00f2 essere memorizzato per uso personale. Questo motore di ricerca, pu\u00f2 selezionare il materiale per tipo di argomento e categorizzarlo nel modo pi\u00f9 comodo. Se si progetta di creare una pagina web personale, questo \u00e8 un posto eccellente per raccogliere materiale.<\/p>\n<p>&nbsp;<\/p>\n<h2><a href=\"https:\/\/giphy.com\/\">Giphy<\/a><\/h2>\n<p>&nbsp;<\/p>\n<p>Per le persone appassionate di arte GIF, questo \u00e8 un motore di ricerca perfetto. \u00c8 stato progettato specificamente per la ricerca di video in miniatura. Il morale pu\u00f2 tornare di nuovo positivo, dopo aver visto ripetutamente dei gattini divertenti o altre situazioni esilaranti. Questo motore di ricerca privo di censura, aggiunge momenti luminosi nella vita dell&#8217;utente.<\/p>\n<p>&nbsp;<\/p>\n<h2><a href=\"https:\/\/www.quora.com\/\">Quora<\/a><\/h2>\n<p>&nbsp;<\/p>\n<p>Quora \u00e8 pi\u00f9 simile a un portale di informazioni che a un motore di ricerca. Qui \u00e8 possibile comunicare con persone su vari argomenti e ottenere risposte da persone di tutto il mondo su alcune importanti domande. Inoltre, esiste una categoria speciale di domande a tema che sono state poste in precedenza e si pu\u00f2 trovare qualcosa di simile nelle pagine gi\u00e0 pubblicate.<\/p>\n<p>&nbsp;<\/p>\n<h2><a href=\"https:\/\/vimeo.com\/\">Vimeo<\/a><\/h2>\n<p>&nbsp;<\/p>\n<p>YouTube \u00e8 il dipartimento di Google, pieno zeppo di annunci pubblicitari. Vimeo \u00e8 un&#8217;alternativa popolare estremamente comoda da utilizzare e basata su un semplice sistema di condivisione video. La cosa migliore \u00e8 l&#8217;assenza totale di pubblicit\u00e0 e una vasta selezione di video HD.<\/p>\n<p>&nbsp;<\/p>\n<h2><a href=\"https:\/\/www.wolframalpha.com\/\">WolframAlpha<\/a><\/h2>\n<p>&nbsp;<\/p>\n<p>I ragazzi appassionati di sistemi informatici si troveranno come a casa con questo motore di ricerca. \u00c8 un servizio speciale, tipo un gigantesco database di conoscenza dei computer, che consiglier\u00e0 una soluzione a qualsiasi domanda connessa con il mondo digitale.<\/p>\n<p>&nbsp;<\/p>\n<h2><a href=\"https:\/\/www.startpage.com\/\">StartPage<\/a><\/h2>\n<p>&nbsp;<\/p>\n<p>Le persone che pensano soltanto alla loro privacy e non amano la politica di trasferimento dei dati segreti di Google ad uso commerciale, apprezzeranno molto questo servizio anonimo, che non solo consente di condurre una ricerca completamente sicura, ma nasconder\u00e0 anche i dati del computer come <a href=\"https:\/\/sitechecker.pro\/it\/ip-checker\/\">indirizzi IP<\/a> e MAC. Consente l&#8217;accesso a qualsiasi tipo di sito web tramite uno speciale server proxy e non lascer\u00e0 alcun residuo della presenza dell&#8217;utente sul sito.<\/p>\n<p>&nbsp;<\/p>\n<h2><a href=\"https:\/\/www.ask.com\/\">Ask.com<\/a><\/h2>\n<p>&nbsp;<\/p>\n<p>Ecco un altro motore di ricerca universale. Questo servizio unisce tutti i sistemi di ricerca pi\u00f9 diffusi e genera una pagina per argomenti speciale, in cui gli utenti possono aggiungere ai preferiti i risultati di ricerca pi\u00f9 interessanti. Inoltre, \u00e8 possibile chiedere qualche consiglio alle persone.<\/p>\n<p>&nbsp;<\/p>\n<h2><a href=\"https:\/\/www.slideshare.net\/\">SlideShare<\/a><\/h2>\n<p>&nbsp;<\/p>\n<p>Hai bisogno di qualche presentazione o materiale crearne una? SlideShare \u00e8 un&#8217;ottima risorsa per la ricerca di materiale utile. Dispone di una base illimitata di presentazioni, disponibili per tutti gli utenti registrati, che vengono regolarmente aggiornate.<\/p>\n<p>Ci auguriamo vivamente, che dopo aver consultato questo elenco di motori di ricerca, le persone scoprano nuovi mezzi per cercare le informazioni che desiderano maggiormente, tra cui video, audio e testo. C&#8217;\u00e8 sempre qualcosa di nuovo da imparare e appariranno nuove opzioni e forse troverete ottime varianti per le future ricerche.<\/p>","protected":false},"excerpt":{"rendered":"Gli ultimi aggiornamenti, hanno riguardato una certa pesantezza, dove i sistemi diventano pi\u00f9 orientati verso le parole chiave. \u00c8 possibile trovare pi\u00f9 siti web in base alla richiesta, anche se i siti con una quantit\u00e0 minore e una maggiore qualit\u00e0 delle informazioni, vengono spesso inseriti alla fine dell&#8217;elenco. Alcuni contenuti di valore, vengono addirittura eliminati&#8230;","protected":false},"author":11474150,"featured_media":3438,"parent":0,"menu_order":0,"comment_status":"closed","ping_status":"closed","template":"pages-templates\/pages-v2.php","meta":[],"categories":[31],"tags":[],"_links":{"self":[{"href":"https:\/\/sitechecker.pro\/it\/wp-json\/wp\/v2\/pages\/1396"}],"collection":[{"href":"https:\/\/sitechecker.pro\/it\/wp-json\/wp\/v2\/pages"}],"about":[{"href":"https:\/\/sitechecker.pro\/it\/wp-json\/wp\/v2\/types\/page"}],"author":[{"embeddable":true,"href":"https:\/\/sitechecker.pro\/it\/wp-json\/wp\/v2\/users\/11474150"}],"replies":[{"embeddable":true,"href":"https:\/\/sitechecker.pro\/it\/wp-json\/wp\/v2\/comments?post=1396"}],"version-history":[{"count":64,"href":"https:\/\/sitechecker.pro\/it\/wp-json\/wp\/v2\/pages\/1396\/revisions"}],"predecessor-version":[{"id":33792,"href":"https:\/\/sitechecker.pro\/it\/wp-json\/wp\/v2\/pages\/1396\/revisions\/33792"}],"wp:featuredmedia":[{"embeddable":true,"href":"https:\/\/sitechecker.pro\/it\/wp-json\/wp\/v2\/media\/3438"}],"wp:attachment":[{"href":"https:\/\/sitechecker.pro\/it\/wp-json\/wp\/v2\/media?parent=1396"}],"wp:term":[{"taxonomy":"category","embeddable":true,"href":"https:\/\/sitechecker.pro\/it\/wp-json\/wp\/v2\/categories?post=1396"},{"taxonomy":"post_tag","embeddable":true,"href":"https:\/\/sitechecker.pro\/it\/wp-json\/wp\/v2\/tags?post=1396"}],"curies":[{"name":"wp","href":"https:\/\/api.w.org\/{rel}","templated":true}]}}