{"id":1291,"date":"2018-01-23T10:43:33","date_gmt":"2018-01-23T10:43:33","guid":{"rendered":"https:\/\/sitechecker.pro\/?page_id=1291"},"modified":"2025-02-24T13:05:38","modified_gmt":"2025-02-24T13:05:38","slug":"open-graph","status":"publish","type":"page","link":"https:\/\/sitechecker.pro\/it\/open-graph\/","title":{"rendered":"Cosa sono i tag Open Graph e come usarli efficacemente?"},"content":{"rendered":"<p>Ecco un esempio di come sono strutturate le informazioni sul link a un articolo sui social network<\/p>\n<p>&nbsp;<\/p>\n<p><strong>Facebook open graph<\/strong><\/p>\n<p>&nbsp;<\/p>\n<div class=\"content__img-wrap\"><img src=\"https:\/\/sitechecker.pro\/wp-content\/uploads\/2018\/01\/facebook-open-graph.png\" alt=\"Facebook open graph example\" class=\"description-img description-img-zoom\" loading=\"lazy\" ><\/div>\n<p>&nbsp;<\/p>\n<p><strong>Google+ open graph<\/strong><\/p>\n<p>&nbsp;<\/p>\n<div class=\"content__img-wrap\"><img src=\"https:\/\/sitechecker.pro\/wp-content\/uploads\/2018\/01\/Google-open-graph.png\" alt=\"Google+ og tags\" class=\"description-img description-img-zoom\" loading=\"lazy\" ><\/div>\n<p>&nbsp;<\/p>\n<p>Siamo sicuri che tu sia d&#8217;accordo, questi post sono molto attraenti e cliccabili, essendo solo un link che l&#8217;utente di social network ha condiviso con i suoi amici, pubblicato sulla loro timeline o in community.<\/p>\n<p>Ma cosa dovresti fare se il codice \u00e8 scritto correttamente, ma mentre lo condividi su Facebook, vengono visualizzate le informazioni errate \/ obsolete? Benvenuto a Facebook for developers. Seguendo questo link \u00e8 possibile cancellare la vecchia cache di informazioni che \u00e8 memorizzata sul social network per la tua pagina e darle un nuovo title e description.<\/p>\n<p>Forse ora ti viene in mente un&#8217;idea per personalizzare il layout dell&#8217;OG per il tuo sito e lo spam (solo per un po&#8217;) in gruppi e community di social network?<\/p>\n<p>&nbsp;<\/p>\n<h2>Come customizzare il layout OG<\/h2>\n<p>&nbsp;<\/p>\n<p>Vediamo ora come impostare il protocollo Open Graph per il tuo sito per trasformare questa idea in realt\u00e0. Tutto \u00e8 estremamente semplice! Ecco come appare il codice sorgente del protocollo:<\/p>\n<p>&nbsp;<\/p>\n<div class=\"content__img-wrap\"><img src=\"https:\/\/sitechecker.pro\/wp-content\/uploads\/2018\/01\/open-graph-protocol.png\" alt=\"Open graph protocol\" class=\"description-img description-img-zoom\" loading=\"lazy\" ><\/div>\n<p>&nbsp;<\/p>\n<p>\u00c8 inserito nel codice della pagina, nella sezione &lt;head&gt; &#8230; &lt;\/ head&gt; ma pu\u00f2 essere inserito dopo il main meta tags.<\/p>\n<p>Trattiamo separatamente ogni tag Open Graph e il loro significato:<\/p>\n<ul>\n<li><strong>&#8220;og:locale&#8221;<\/strong> &#8211; indica la localizzazione (lingua del sito); puoi usare il valore di &#8220;en_US&#8221; di default.<\/li>\n<li><strong>&#8220;og:type&#8221;<\/strong> &#8211; descrive il tipo di pagina (articolo, notizie, video, categoria, ecc.); puoi usare l&#8217;articolo di default.\u201d<\/li>\n<li><strong>&#8220;og:title&#8221;<\/strong> &#8211; indica il titolo dell&#8217;articolo.<\/li>\n<li><strong>&#8220;og:description&#8221;<\/strong> \u2013 indica una breve descrizione che viene visualizzata quando viene generata l&#8217;anteprima del collegamento.<\/li>\n<li><strong>&#8220;og:url&#8221;<\/strong> &#8211; un link alla pagina del sito.<\/li>\n<li><strong>&#8220;og:image&#8221;<\/strong> &#8211; un collegamento a un&#8217;immagine che verr\u00e0 visualizzata nel post.<\/li>\n<li><strong>&#8220;og: site_name&#8221;<\/strong> &#8211; nome del sito.<\/li>\n<\/ul>\n<p>Il significato di ogni tag \u00e8 delineato, quindi \u00e8 sufficiente riempirli e incorporarli nella tabella codici della risorsa Internet preferita.<\/p>\n<p>Vorremmo aggiungere che con l&#8217;introduzione del protocollo Open Graph \u00e8 consigliabile installare i pulsanti &#8220;Condividi&#8221; sui social network sulle pagine del sito. Ci\u00f2 render\u00e0 pi\u00f9 semplice per l&#8217;utente condividere informazioni utili sul tuo sito con altri utenti. Beh, certamente semplificher\u00e0 l&#8217;implementazione dei compiti per l&#8217;ottimizzatore SEO quando si lavora con gli scambi &#8220;Mi piace&#8221;, che, sebbene non portino un effetto di collegamento tangibile, ci permettono di accelerare l&#8217;indicizzazione \/ reindicizzazione durante la promozione del sito.<\/p>\n<p>&nbsp;<\/p>\n<h2>Open Graph per WordPress, Opencart, Joomla<\/h2>\n<p>&nbsp;<\/p>\n<p>Per i pi\u00f9 popolari sistemi cms, ci sono plug-in pronti all&#8217;uso che aiutano a realizzare l&#8217;introduzione del markup Open Graphic senza coinvolgere i programmatori.<\/p>\n<p>Ad esempio, per WordPress, questo plugin SEO pu\u00f2 essere scaricato <a href=\"https:\/\/wordpress.org\/plugins\/opengraph\/\" target=\"_blank\" rel=\"noopener noreferrer\">qui<\/a> oppure puoi usare l&#8217;estensione del plugin SEO Yoast, che risolve anche questo problema. Per Joomla, troverai un plugin che segue questo <a href=\"https:\/\/extensions.joomla.org\/extension\/easy-open-graph\/\" target=\"_blank\" rel=\"noopener noreferrer\">link<\/a>, e per OpenCart <a href=\"https:\/\/www.opencart.com\/index.php?route=marketplace\/extension\/info&amp;extension_id=12874\" target=\"_blank\" rel=\"noopener noreferrer\">qui<\/a>.<\/p>","protected":false},"excerpt":{"rendered":"Ecco un esempio di come sono strutturate le informazioni sul link a un articolo sui social network &nbsp; Facebook open graph &nbsp; &nbsp; Google+ open graph &nbsp; &nbsp; Siamo sicuri che tu sia d&#8217;accordo, questi post sono molto attraenti e cliccabili, essendo solo un link che l&#8217;utente di social network ha condiviso con i suoi&#8230;","protected":false},"author":10409641,"featured_media":3349,"parent":0,"menu_order":0,"comment_status":"closed","ping_status":"closed","template":"pages-templates\/pages-minitools-3.php","meta":[],"categories":[70],"tags":[],"_links":{"self":[{"href":"https:\/\/sitechecker.pro\/it\/wp-json\/wp\/v2\/pages\/1291"}],"collection":[{"href":"https:\/\/sitechecker.pro\/it\/wp-json\/wp\/v2\/pages"}],"about":[{"href":"https:\/\/sitechecker.pro\/it\/wp-json\/wp\/v2\/types\/page"}],"author":[{"embeddable":true,"href":"https:\/\/sitechecker.pro\/it\/wp-json\/wp\/v2\/users\/10409641"}],"replies":[{"embeddable":true,"href":"https:\/\/sitechecker.pro\/it\/wp-json\/wp\/v2\/comments?post=1291"}],"version-history":[{"count":74,"href":"https:\/\/sitechecker.pro\/it\/wp-json\/wp\/v2\/pages\/1291\/revisions"}],"predecessor-version":[{"id":35675,"href":"https:\/\/sitechecker.pro\/it\/wp-json\/wp\/v2\/pages\/1291\/revisions\/35675"}],"wp:featuredmedia":[{"embeddable":true,"href":"https:\/\/sitechecker.pro\/it\/wp-json\/wp\/v2\/media\/3349"}],"wp:attachment":[{"href":"https:\/\/sitechecker.pro\/it\/wp-json\/wp\/v2\/media?parent=1291"}],"wp:term":[{"taxonomy":"category","embeddable":true,"href":"https:\/\/sitechecker.pro\/it\/wp-json\/wp\/v2\/categories?post=1291"},{"taxonomy":"post_tag","embeddable":true,"href":"https:\/\/sitechecker.pro\/it\/wp-json\/wp\/v2\/tags?post=1291"}],"curies":[{"name":"wp","href":"https:\/\/api.w.org\/{rel}","templated":true}]}}