{"id":1242,"date":"2023-12-11T13:07:51","date_gmt":"2023-12-11T13:07:51","guid":{"rendered":"https:\/\/sitechecker.pro\/?page_id=1242"},"modified":"2025-03-13T16:04:14","modified_gmt":"2025-03-13T16:04:14","slug":"seo-strategy","status":"publish","type":"page","link":"https:\/\/sitechecker.pro\/it\/seo-strategy\/","title":{"rendered":"Strategia SEO: definizione, tipi e guida passo passo per crearla"},"content":{"rendered":"<p><\/p>\n<h2>Tabella dei contenuti<\/h2>\n<p>&nbsp;<\/p>\n<ul>\n<li><a href=\"#whatisit\">Cos\u2019\u00e8 una strategia SEO?<\/a><\/li>\n<li><a href=\"#whyisit\">Perch\u00e8 abbiamo bisogno di una strategia SEO?<\/a><\/li>\n<li><a href=\"#types\">Tipi di strategie SEO<\/a><\/li>\n<li><a href=\"#basis\">In base a quali dati hai bisogno di costruire una strategia SEO<\/a><\/li>\n<li><a href=\"#howtocreate\">Come costruire una strategia SEO (guida step by step guide)<\/a><\/li>\n<\/ul>\n<p>&nbsp;<\/p>\n<h2 id=\"whatisit\">Cos\u2019\u00e8 una strategia SEO?<\/h2>\n<p>&nbsp;<\/p>\n<p>Sar\u00e0 giusto considerare correttamente il termine strategie SEO per quanto riguarda la definizione di una strategia di marketing, perch\u00e9 l&#8217;ottimizzazione dei <a href=\"https:\/\/sitechecker.pro\/it\/search-engines\/\">motori di ricerca<\/a> \u00e8 parte di una campagna di marketing.<br \/>\nDopo alcune modifiche alla definizione di strategia di marketing, possiamo spiegare cos\u00ec:<\/p>\n<p>&nbsp;<\/p>\n<div class=\"box\">\n<p><strong>SEO-strategy<\/strong> \u00e8 un programma di risultati su larga scala dei pi\u00f9 importanti obiettivi SEO di un&#8217;azienda (posizioni, traffico dalla ricerca, attrazione del pubblico di destinazione attraverso il traffico di ricerca).<br \/>\nLo sviluppo di una strategia SEO comporta l&#8217;identificazione degli obiettivi principali che i potenziali clienti del sito promosso percepiscono, la selezione dei metodi necessari per attirare tale pubblico, la determinazione dei periodi di tempo per i principali eventi e la soluzione dei problemi di finanziamento. La strategia SEO \u00e8 formata dall&#8217;analisi dei siti dei concorrenti e dei dati di origine del sito promosso.<\/p>\n<\/div>\n<p>&nbsp;<\/p>\n<p>Parliamo di questo nei dettagli.<\/p>\n<p>1. <strong>Perch\u00e9 gli obiettivi SEO sono diversi:<\/strong> posizioni, traffico, traffico mirato?<\/p>\n<p>Perch\u00e9 diverse societ\u00e0 e responsabili di progetto fissano obiettivi diversi.<\/p>\n<ul>\n<li>Un&#8217;azienda che desidera che il suo sito sia sempre visibile agli utenti che cercano una query di ricerca specifica, le posizioni elevate su queste chiavi saranno pertinenti.<\/li>\n<li>Una societ\u00e0 che non sa ancora quale tipo di utenti saranno convertiti in acquirenti richieder\u00e0 quanto pi\u00f9 traffico di ricerca possibile da un mese all&#8217;altro.<\/li>\n<li>Una societ\u00e0 che sa esattamente chi acquista il suo prodotto \/ servizio vedr\u00e0 solo la percentuale di conversioni, relativa al traffico di ricerca complessivo, e quindi determiner\u00e0 l&#8217;efficacia della <a href=\"https:\/\/jfactor.it\/\" target=\"_blank\" rel=\"noopener noreferrer\">strategia SEO<\/a> implementata.<\/li>\n<\/ul>\n<p>2. <strong>La selezione dei metodi necessari per attirare il pubblico<\/strong> pu\u00f2 includere sia un&#8217;enfasi sull&#8217;espansione delle pagine di destinazione del sito sia un&#8217;enfasi sulla creazione di collegamenti esterni.<\/p>\n<p>3. <strong>La domanda di finanziamento<\/strong> Un indicatore importante per il proprietario del sito, che dovrebbe capire quando \u00e8 meglio contare sulla quantit\u00e0 necessaria di traffico di ricerca, per tenerne conto nelle seguenti attivit\u00e0 finanziarie. Inoltre, \u00e8 utile per i seo-specialist capire se si adattano al programma designato o meno. E se no, quali altre misure possono essere adottate per ottenere il risultato desiderato.<\/p>\n<p>4. <strong>La domanda di finanziamento<\/strong> \u00e8 anche importante per il proprietario del sito, cos\u00ec come i tempi. Dopotutto, spesso la promozione seo dura per mesi. Pertanto, il ritorno sull&#8217;investimento non pu\u00f2 essere previsto a breve.<\/p>\n<p>&nbsp;<\/p>\n<h2 id=\"whyisit\">Perch\u00e8 abbiamo bisogno di una strategia SEO?<\/h2>\n<p>&nbsp;<\/p>\n<p>Specialisti esperti comprenderanno che un piano cos\u00ec complesso come la strategia SEO del sito web non \u00e8 sempre necessario.<\/p>\n<p>&nbsp;<\/p>\n<p><strong>La strategia SEO \u00e8 necessaria quando:<\/strong><\/p>\n<ul>\n<li>Il proprietario del sito ha obiettivi ambiziosi per conquistare il mercato globale.<\/li>\n<li>La nicchia in cui devi lavorare \u00e8 incredibilmente competitiva e devi capire come raggiungere la cima.<\/li>\n<li>Il sito \u00e8 molto grande e tutti i tipi di pagine e lavori sul sito non possono essere tenuti in considerazione.<\/li>\n<\/ul>\n<p>&nbsp;<\/p>\n<p><strong>SLa strategia SEO non \u00e8 necessaria quando:<\/strong><\/p>\n<ul>\n<li>Stai promuovendo un piccolo sito regionale e competi solo con le piccole imprese. In tal caso, utilizzare una strategia gi\u00e0 in uso.<\/li>\n<li>Non ci sono abbastanza risorse per implementarlo. Succede che stai lavorando da solo e non c&#8217;\u00e8 praticamente nessuno da aiutare<\/li>\n<li>C&#8217;\u00e8 solo un piccolo budget per i link e le tue idee.<\/li>\n<li>Promuovi il sito usando black hat seo. In tal caso, solo outbound links da altre risorse sono importanti (anche se in un certo senso il cappello nero \u00e8 anche una strategia seo, pi\u00f9 semplice).<\/li>\n<\/ul>\n<p>Ma prima di tutto, la strategia di promozione del sito web \u00e8 necessaria per determinare e sistematizzare il lavoro che dovrebbe essere svolto da un seo-specialist o istruito da qualcuno del team per raggiungere infine i risultati necessari.<\/p>\n<p>&nbsp;<\/p>\n<h2 id=\"types\">Tipi di strategie SEO<\/h2>\n<p>&nbsp;<\/p>\n<p>Sfortunatamente, non abbiamo trovato una chiara classificazione delle strategie SEO.<br \/>\nAbbiamo trovato diversi articoli sul tema della costruzione di una strategia SEO su Internet e nella maggior parte di essi la classificazione delle specie si basa sul tipo di sito per il quale stiamo costruendo il piano di sviluppo.<br \/>\nMa siamo inclini a dividere i tipi di strategia combinando due parametri: lo stato attuale del sito e le attivit\u00e0 che vengono poste prima dell&#8217;esperto che promuove il sito. Quindi, abbiamo diviso le strategie in questi tipi:<\/p>\n<p>&nbsp;<\/p>\n<h3><strong>1\u00b0 tipo. Strategia \u201cHop-Hop\u201d<\/strong><\/h3>\n<p>Questo piano di promozione \u00e8 rilevante per i siti che vengono creati (o sono gi\u00e0 stati creati, ma con un numero limitato di pagine), ma gli obiettivi per gli esperti sono nella costante e rapida crescita del traffico di ricerca. Ecco perch\u00e9 stiamo facendo tutto velocemente (hop-hop).<\/p>\n<p>&nbsp;<\/p>\n<p><strong>Features della strategia \u201cHop-Hop\u201d:<\/strong><\/p>\n<ul>\n<li>Analizziamo i concorrenti e guardiamo tra le loro strategie per ottenere il massimo profitto e attirare traffico nel minor tempo possibile.<\/li>\n<li>Crea il maggior numero possibile di pagine di destinazione (queste possono essere pagine di servizio e pagine di blog) e la loro generazione costante.<\/li>\n<li>Poniamo l&#8217;accento non sulla qualit\u00e0 dei contenuti (ma cerchiamo di renderli corrispondenti ai requisiti minimi dei motori di ricerca), ma aumentando il numero di punti di ingresso al sito.<\/li>\n<li>Aumentiamo la massa di riferimento da varie risorse per coprire al massimo varie fonti di link e mostrare ai motori di ricerca che siamo in prospettiva e abbiamo obiettivi ambiziosi.<\/li>\n<\/ul>\n<p><strong>Contro di strategia:<\/strong><\/p>\n<ul>\n<li>Nel perseguimento della quantit\u00e0, trascuriamo la qualit\u00e0. Ma questo meno pu\u00f2 essere corretto in futuro quando, dopo la strategia &#8220;Hop-Hop&#8221;, passiamo alla strategia &#8220;Performer medio&#8221;.\u201d<\/li>\n<li>A causa della scarsa qualit\u00e0 delle pagine di destinazione e della sfocatura degli argomenti (le pagine dei blog possono includere entrambi gli articoli rigorosamente sull&#8217;argomento della risorsa e su argomenti correlati), \u00e8 possibile un basso tasso di conversione. Ma questo pu\u00f2 anche essere corretto se una squadra, che sta lavorando insieme a te, eseguir\u00e0 un test \/ b e spremer\u00e0 il massimo dal traffico in entrata.<\/li>\n<\/ul>\n<p>&nbsp;<\/p>\n<h3><strong>2\u00b0 tipo . Strategia \u201cEsecutore medio\u201d<\/strong><\/h3>\n<p>Questa strategia \u00e8 adatta per i siti web che non sono al primo giorno \/ anno sul mercato, si trovano da qualche parte nella top 10\/20 e hanno abbastanza autorit\u00e0 per competere per i primi posti. E gli obiettivi qui sono: aumentare l&#8217;autorit\u00e0 del marchio e attirare i lead pi\u00f9 mirati dalla ricerca. Questo \u00e8 un ottimo modo per sviluppare la precedente strategia &#8220;Hop-Hop&#8221;.<\/p>\n<p>&nbsp;<\/p>\n<p><strong>Features della strategia \u201cEsecutore medio\u201d:<\/strong><\/p>\n<ul>\n<li>Prestare maggiore attenzione alle pagine gi\u00e0 esistenti, ottimizzarle, riscriverle, aggiungerne di nuove. Elimina le pagine che non generano traffico e non corrispondono esattamente all&#8217;argomento della risorsa.<\/li>\n<li>Cerca di ottenere link migliori da altri siti, perch\u00e9 il tuo sito non \u00e8 pi\u00f9 un principiante, ma un buon interprete medio.<\/li>\n<li>Crea solo contenuti di qualit\u00e0 nuovi che mostrino la tua esperienza, il che porta a confidenza e conversione migliore.<\/li>\n<\/ul>\n<p><strong>Contro della Strategia<\/strong><\/p>\n<ul>\n<li>Viene dedicato molto tempo alla creazione di contenuti.<\/li>\n<li>TIl processo di avanzamento \u00e8 da due a tre volte pi\u00f9 lungo rispetto alla strategia precedente. Pertanto non vedrai risultati presto.<\/li>\n<li>Probabilmente dovrai pagare per avere backlinks da altri siti.<\/li>\n<\/ul>\n<p>&nbsp;<\/p>\n<h3><strong>3\u00b0 tipo. Strategia \u201cMastodonte\u201d<\/strong><\/h3>\n<p>Questa strategia SEO \u00e8 adatta per i leader di siti. Sono in concorrenza solo con due o tre degli stessi &#8220;mastodonti&#8221;, che sono stati sul mercato per decenni. Un battaglione di dipendenti sta lavorando a ciascun progetto di questo tipo. Pertanto, gli obiettivi per lo specialista qui saranno: avanzare meglio dei concorrenti e cercare i punti di uscita nascosti nella top-1, davanti ai concorrenti anche per diverse posizioni di parole chiave.<\/p>\n<p>&nbsp;<\/p>\n<p><strong>Features della strategia \u201cMastodonte\u201d<\/strong><\/p>\n<ul>\n<li>Mastodonte non ha bisogno di preoccuparsi di aumentare la massa di riferimento &#8211; cresce da solo perch\u00e9 molti siti si riferiscono ai tuoi materiali.<\/li>\n<li>Poich\u00e9 il riferimento torna in primo piano, il lavoro sul sito stesso viene in primo piano. Questo pu\u00f2 essere operazioni lunghe con linking interno, e lavorare con i contenuti del sito. Lavorare all&#8217;interno di questo sito pu\u00f2 procedere indefinitamente.<\/li>\n<li>Non \u00e8 sufficiente scrivere semplicemente contenuti di alta qualit\u00e0; devi pensare a come creare contenuti insoliti, non simili ai tuoi concorrenti &#8216;. Questi possono essere nuovi tipi di invio di materiali (video, infografica, elementi multimediali) e la creazione di raccolte di documenti su determinati argomenti per coprirli il pi\u00f9 possibile.<\/li>\n<li>Un po &#8216;di tempo per i collegamenti esterni, tuttavia, ne vale la pena. Ma sotto forma di ricerca di risorse che menzionano il tuo sito, ma non hanno messo (o inserito nofollow) un link alla tua fonte. Per fare ci\u00f2, sar\u00e0 sufficiente contattare il proprietario di tale risorsa e chiedere cortesemente un collegamento attivo. Questo pu\u00f2 essere fatto non dallo specialista seo, ma da un assistente.<\/li>\n<\/ul>\n<p><strong>Contro della Strategia<\/strong><\/p>\n<ul>\n<li>Ha bisogno di risorse sufficienti per la sua implementazione. Frequentemente i nuovi arrivati non possono far fronte a una simile strategia.<\/li>\n<\/ul>\n<p>&nbsp;<\/p>\n<h3><strong>4\u00b0 tipo. Strategia Online store<\/strong><\/h3>\n<p>Abbiamo scelto separatamente questo tipo di siti Web perch\u00e9 la loro modalit\u00e0 di promozione differisce dai precedenti tre. Ed ecco perch\u00e9.<br \/>\n<strong>Features della strategia promozione store online:<\/strong><\/p>\n<ul>\n<li>A causa di un gran numero di pagine sul sito, il punto principale di questa strategia \u00e8 la corretta raccolta di semantica e la scrittura di meta e <a href=\"https:\/\/copywritely.com\/it\/seo-content\/\">seo-testi<\/a>.<\/li>\n<li>Per semantica, vedrai quali pagine di filtri sono ancora aperte affinch\u00e9 l&#8217;indice attiri micro frequenze basse.<\/li>\n<li>Il linking \u00e8 altrettanto importante perch\u00e9 \u00e8 necessario portare costantemente nuovi prodotti nell&#8217;indice, che verr\u00e0 aggiunto al sito. E con un gran numero di categorie e sottocategorie, questo compito diventa pi\u00f9 complicato.<\/li>\n<li>Le recensioni svolgono un ruolo importante nei negozi online: fiducia nel venditore, fattori comportamentali e testo aggiuntivo con chiavi che rendono uniche le tue carte prodotto.<\/li>\n<li>I collegamenti esterni devono essere creati dopo aver svolto il lavoro principale sull&#8217;ottimizzazione interna e quando il sito ha gi\u00e0 assunto alcune posizioni nei risultati di ricerca. Il tuo compito \u00e8 quello di tirare fuori ci\u00f2 che non \u00e8 ancora in alto.<\/li>\n<\/ul>\n<p><strong>Contro di Strategia<\/strong><\/p>\n<ul>\n<li>Il numero di pagine pu\u00f2 essere un aspetto negativo perch\u00e9 dovrai pagare molto per i collegamenti esterni.<\/li>\n<li>Ci sono problemi interni al sito che sono pi\u00f9 comuni a questo tipo di piattaforma: 1) quando si aggiornano i prodotti, le vecchie pagine vengono cancellate, <a href=\"https:\/\/sitechecker.pro\/it\/broken-links\/\">pagine 404<\/a> appaiono al loro posto, e lo stesso prodotto \u00e8 creato dal nuovo <a href=\"https:\/\/sitechecker.pro\/it\/what-is-url\/\">URL<\/a>; 2) pagine duplicate compaiono quando le merci si differenziano solo per colore o altri elementi insignificanti, ecc.<\/li>\n<\/ul>\n<p>Come puoi vedere, questa non \u00e8 solo una strategia, ma anche una funzionalit\u00e0 del lavoro con i siti-venditori..<\/p>\n<p>&nbsp;<\/p>\n<h2 id=\"basis\">In base a quali dati hai bisogno di costruire una strategia SEO<\/h2>\n<p>&nbsp;<\/p>\n<p>La strategia non \u00e8 solo l&#8217;esperienza di un esperto, che \u00e8 posta nella sua testa, ma i numeri e le caratteristiche di una particolare nicchia in cui si trova il sito.<\/p>\n<p>Pertanto, abbiamo bisogno dei seguenti dati:<\/p>\n<ul>\n<li><strong>Nucleo semantico (compresa l&#8217;analisi del nucleo dei concorrenti).<\/strong> Dopo aver raccolto il kernel, dobbiamo scoprire quali tipi di query sono disponibili su questo argomento, la loro frequenza e la concorrenza approssimativa. Procedendo da questo, possiamo imparare: ci sono richieste di informazioni su questo argomento che possono portare alla conversione? Quanto sono popolari queste richieste per aiutarci a calcolare il traffico futuro; quanto queste richieste siano competitive per stimare il budget per la promozione.<\/li>\n<li><strong>Analisi delle dimensioni e dell&#8217;et\u00e0 dei siti Web dei concorrenti.<\/strong> Ci dar\u00e0 una comprensione della qualit\u00e0 delle risorse, che dobbiamo eccellere, e ulteriori informazioni sulla concorrenza nella nicchia (che influisce sul budget). Ad esempio: se vedi che nella tua nicchia i concorrenti non scrivono solo articoli in il loro blog, ma sono accompagnati da infografiche personali, disegni unici e elementi multimediali, quindi dovrai fornire fondi per un buon designer o editor video oltre a un copywriter intelligente.<\/li>\n<li><strong>Analisi della strategia promozionale dei concorrenti.<\/strong> Sulla base di questi dati, possiamo capire cosa manca ai nostri avversari o cosa possiamo usare. Ad esempio, se vedi che i concorrenti sono principalmente promossi dalle pagine dei servizi, e in questa nicchia ci sono molte richieste di informazioni, puoi ignorarle creando e riempiendo il blog.<\/li>\n<li>Analisi della massa di concorrenti che si lega. La quantit\u00e0 e la qualit\u00e0 della massa di collegamento forniranno una comprensione pi\u00f9 chiara del costo dei collegamenti di acquisto. Inoltre, capirai quali tipi di link \u00e8 meglio usare (ad esempio, link da cataloghi o commenti su blog o link da articoli che vengono messi in contatto direttamente con i webmaster). Il nostro LinkStrategy SEO tool ti aiuter\u00e0 a trovare i link pi\u00f9 preziosi in base ai profili backlink della concorrenza.<\/li>\n<\/ul>\n<p><strong>Tutti questi dati ci forniranno dettagli pi\u00f9 precisi su:<\/strong><\/p>\n<p>1. La dimensione del sito, che \u00e8 necessario per raggiungere il TOP.<br \/>\n2. I tipi di pagine su questo sito.<br \/>\n3. Il budget per lo sviluppo del sito.<br \/>\n4. Il budget per fare link building.<br \/>\n5. Traffico, che puoi aspettarti di mese in mese.<br \/>\n6. Termini di ricezione di questo traffico e rilascio del progetto fino alla fase di crescita stabile.<\/p>\n<p>&nbsp;<\/p>\n<h2 id=\"howtocreate\">Come costruire una strategia SEO (guida step by step guide)<\/h2>\n<p>&nbsp;<\/p>\n<p>Analizziamo la strategia &#8220;Media esecutore&#8221; in dettaglio.<\/p>\n<p><strong>Dati iniziali:<\/strong><\/p>\n<p>un sito web che ha gi\u00e0 5 anni; alcuni MF e un paio di query HF gi\u00e0 nella top 10, che si trovano nella top 10\/20; il sito offre servizi di consulenza legale in vari campi; il sito copre pagine di servizi e un blog, che sono piuttosto interessanti, ma non ottimizzati e non elaborati fino alla fine dell&#8217;articolo;<br \/>\nla crescita del traffico \u00e8 molto lenta; il compito \u00e8 accelerare questa crescita e superare i concorrenti pi\u00f9 vicini.<\/p>\n<p>&nbsp;<\/p>\n<h3><strong>Il processo preparatorio per la costruzione di una strategia SEO<\/strong><\/h3>\n<p><strong>Collezionare semantica<\/strong><\/p>\n<p>Questo punto \u00e8 necessario per qualsiasi strategia. Non puoi semplicemente iniziare a fare qualcosa sul sito se non hai gi\u00e0 una semantica pronta e un&#8217;idea di quali parole chiave hanno gi\u00e0 pagine di destinazione e quali devono ancora essere create o corrette.<br \/>\nPertanto, raccogliamo il nucleo semantico prima per le pagine principali (pagina principale e pagine di servizi) con parole chiave commerciali e quindi procediamo a raccogliere richieste di informazioni rigorosamente in base all&#8217;oggetto della risorsa.<br \/>\nNon dimenticare di &#8220;spiare&#8221; i concorrenti per il loro atterraggio. Forse abbiamo perso alcune chiavi interessanti che hanno sulle pagine dei servizi o in un blog.<\/p>\n<p><strong>Audit interno e scrittura di meta e testi seo<\/strong><\/p>\n<p>Dopo aver raccolto la semantica, componiamo una tabella con una nuova meta per tutte le pagine del sito (non possiamo toccare pagine tecniche se tutto \u00e8 tollerabile l\u00ec). Stiamo sviluppando compiti tecnici per nuovi testi seo, se necessario (e il pi\u00f9 delle volte). \u00c8 necessario esaminare tutti i testi esistenti (incluso il blog) e decidere se \u00e8 necessario riscriverli da zero o semplicemente aggiungere parole chiave (non spam). Se ci sono molte pagine di blog, questo passaggio verr\u00e0 posticipato di un mese o due, senza rimandare l&#8217;implementazione delle revisioni dall&#8217;audit.<br \/>\nCercando e descrivendo tutti gli errori tecnici e di altro tipo sul sito stesso e in dettaglio definiamo le modalit\u00e0 della loro soluzione per le persone responsabili (webmaster, content manager, amministratore, ecc.) Nel file di controllo.<\/p>\n<p><strong>Analisi dei competitor<\/strong><\/p>\n<p>\u00c8 tempo di guardare quelli con cui dobbiamo competere. Presta attenzione alla semantica (come descritto sopra), et\u00e0, profilo di riferimento, &#8220;punti di ingresso&#8221; dalla ricerca, qualit\u00e0 del contenuto (che possiamo migliorare).<br \/>\nLascia che non esageri molti link di concorrenti, se ce ne sono, perch\u00e9 a volte puoi superare anche questi &#8220;pompati&#8221;. Fai semplicemente il tuo lavoro meglio di loro.<br \/>\nInoltre, guarda i link che colloca (directory, commenti, collegamenti ad articoli, comunicati stampa, spam). Sul tuo sito, dovresti inserire link principalmente da articoli, e questa analisi ti aiuter\u00e0 a capire quanto sia qualitativo la massa di collegamento dei concorrenti.<br \/>\nDopo tale analisi e con la semantica gi\u00e0 raccolta, passiamo alla fase successiva.<\/p>\n<p><strong>Fare una previsione per il traffico e aumentare la massa di collegamento<\/strong><\/p>\n<p>Regalati un anno (per le strategie pi\u00f9 avanzate di due anni) e calcola quanto segue per questo periodo:<\/p>\n<ul>\n<li><strong>La quantit\u00e0 mensile di traffico di ricerca (ovviamente, approssimata).<\/strong> \u00c8 importante essere realistici e non trarre un aumento del 30% da un mese all&#8217;altro. Anche una crescita mensile del 10% \u00e8 una previsione abbastanza ottimistica (a meno che non si tratti di un nuovo sito). Meglio sottovalutare le tue aspettative sul traffico. Prendi in considerazione la stagionalit\u00e0.<\/li>\n<li><strong>Il numero di link esterni al mese che desideri attirare sul tuo sito per stare al passo con i concorrenti.<\/strong> Se i tuoi concorrenti hanno troppi link e non ottieni cos\u00ec tanto, calcola semplicemente l&#8217;aumento percentuale della loro massa link di mese in mese sul numero totale di link e prova ad aumentare la tua quota nella stessa percentuale. Qui \u00e8 meglio sovrastimare il numero di link necessari per provare a costruire di pi\u00f9.<\/li>\n<li><strong>La quantit\u00e0 di denaro di cui hai bisogno di mese in mese per costruire la massa di collegamento.<\/strong> Se hai degli appaltatori che scambiano i link (o le borse), scopri il costo medio dei link di questa qualit\u00e0 e aggiungici il 30%. Quindi, anche tu, sopravvaluti le aspettative, ma ci saranno meno possibilit\u00e0 che ci sar\u00e0 un sovraccarico di budget (che non \u00e8 facile conciliare con la gestione). Un grande vantaggio sar\u00e0 se si compongono due piani: uno per te, il secondo per la direzione.<\/li>\n<\/ul>\n<p>Scrivi in dettaglio per te stesso, quali collegamenti con cui anchori e su quali pagine inserirai, quante richieste saranno tra le prime 3, le prime 5 e le prime 10 e quale percentuale di conversione (visite al sito) porteranno.<\/p>\n<p>Nel piano di gestione, descrivere solo il traffico mensile mensile di prodotti organici e il budget per ogni mese.<\/p>\n<p>&nbsp;<\/p>\n<h3><strong>Implementazione della strategia SEO<\/strong><\/h3>\n<p>Questa fase \u00e8 anche parte della strategia. La pianificazione \u00e8 ottima, ma devi realizzarla nella vita. Verifica della correttezza dell&#8217;attuazione delle revisioni in base alla verifica.<br \/>\nS\u00ec, deve essere controllato. Perch\u00e9 non puoi fidarti di nessuno (nemmeno di te stesso). Altrimenti, sar\u00e0 spiacevole quando promuovi una pagina in cui non hai scritto i <a href=\"https:\/\/sitechecker.pro\/it\/meta-tags\/\">meta tag<\/a> richiesti.<\/p>\n<p><strong>Aumentare la massa di link<\/strong><\/p>\n<p>Bene, se hai un link builder nel team, o hai prudentemente messo il costo dei servizi di questo dipendente nel budget, puoi fare un piano dettagliato per esso e descrivere quali link hai bisogno, dai siti di quale soggetto, a quali pagine e con quali ancoraggi.<\/p>\n<p>Se non c&#8217;\u00e8 una tale persona nella squadra, non va bene, perch\u00e9 questo \u00e8 un lavoro che devi fare. Procediamo: o contattiamo i nostri fornitori e chiediamo loro i siti che soddisfano i nostri criteri, o scriviamo direttamente ai proprietari di siti interessanti e negoziamo. Assegna circa 3-4 ore di lavoro a questa attivit\u00e0.<\/p>\n<p><strong>Migliora i contenuti del sito e creane di nuovi<\/strong><\/p>\n<p>Questa fase \u00e8 meglio divisa in due sottostazioni: apportare correzioni ai contenuti esistenti e raccogliere semantica e scrivere un compito tecnico per uno nuovo.<\/p>\n<p>Per espandere il numero di parole chiave sulla pagina usa il nostro <a href=\"https:\/\/kparser.com\/it\/\">strumento di pianificazione delle parole chiave<\/a>. Per modificare correttamente un contenuto esistente, utilizzare la guida content relaunch di Backlinko. Puoi anche aggiungere immagini o infografiche, aggiungere video, creare una tabella di confronto basata sul testo, evidenziare citazioni importanti, dirigere alcuni paragrafi e rendere il testo pi\u00f9 attraente da leggere.<\/p>\n<p>Nuovi contenuti dovrebbero essere creati considerando la strategia del concorrente, solo farlo meglio.<\/p>\n<p>&nbsp;<\/p>\n<h3><strong>Controlla lo stato attuale delle cose con il piano<\/strong><\/h3>\n<p>Non hai dimenticato il piano per la crescita del traffico e dei collegamenti, che abbiamo descritto nella fase preparatoria? Dovrebbe essere ritardato. Periodicamente (idealmente, una volta al mese), \u00e8 necessario confrontare le cifre e i risultati previsti (per traffico e collegamenti) con quelli reali. E se sei in ritardo, allora devi esaminare dove hai fallito (forse devi aumentare il budget o scrivere nuovi contenuti pi\u00f9 attivamente).<br \/>\nQuesto processo di implementazione della strategia SEO si estender\u00e0 per molti mesi, durante i quali dovrai migliorare il tuo sito e superare i concorrenti.<\/p>","protected":false},"excerpt":{"rendered":"Tabella dei contenuti &nbsp; Cos\u2019\u00e8 una strategia SEO? Perch\u00e8 abbiamo bisogno di una strategia SEO? Tipi di strategie SEO In base a quali dati hai bisogno di costruire una strategia SEO Come costruire una strategia SEO (guida step by step guide) &nbsp; Cos\u2019\u00e8 una strategia SEO? &nbsp; Sar\u00e0 giusto considerare correttamente il termine strategie SEO&#8230;","protected":false},"author":11474150,"featured_media":3743,"parent":0,"menu_order":0,"comment_status":"closed","ping_status":"closed","template":"pages-templates\/pages-v2.php","meta":[],"categories":[],"tags":[],"_links":{"self":[{"href":"https:\/\/sitechecker.pro\/it\/wp-json\/wp\/v2\/pages\/1242"}],"collection":[{"href":"https:\/\/sitechecker.pro\/it\/wp-json\/wp\/v2\/pages"}],"about":[{"href":"https:\/\/sitechecker.pro\/it\/wp-json\/wp\/v2\/types\/page"}],"author":[{"embeddable":true,"href":"https:\/\/sitechecker.pro\/it\/wp-json\/wp\/v2\/users\/11474150"}],"replies":[{"embeddable":true,"href":"https:\/\/sitechecker.pro\/it\/wp-json\/wp\/v2\/comments?post=1242"}],"version-history":[{"count":115,"href":"https:\/\/sitechecker.pro\/it\/wp-json\/wp\/v2\/pages\/1242\/revisions"}],"predecessor-version":[{"id":35826,"href":"https:\/\/sitechecker.pro\/it\/wp-json\/wp\/v2\/pages\/1242\/revisions\/35826"}],"wp:featuredmedia":[{"embeddable":true,"href":"https:\/\/sitechecker.pro\/it\/wp-json\/wp\/v2\/media\/3743"}],"wp:attachment":[{"href":"https:\/\/sitechecker.pro\/it\/wp-json\/wp\/v2\/media?parent=1242"}],"wp:term":[{"taxonomy":"category","embeddable":true,"href":"https:\/\/sitechecker.pro\/it\/wp-json\/wp\/v2\/categories?post=1242"},{"taxonomy":"post_tag","embeddable":true,"href":"https:\/\/sitechecker.pro\/it\/wp-json\/wp\/v2\/tags?post=1242"}],"curies":[{"name":"wp","href":"https:\/\/api.w.org\/{rel}","templated":true}]}}