{"id":1217,"date":"2023-05-03T14:04:13","date_gmt":"2023-05-03T14:04:13","guid":{"rendered":"https:\/\/sitechecker.pro\/?page_id=1217"},"modified":"2025-06-20T10:38:00","modified_gmt":"2025-06-20T10:38:00","slug":"anchor-text","status":"publish","type":"page","link":"https:\/\/sitechecker.pro\/it\/anchor-text\/","title":{"rendered":"Cos&#8217;\u00e8 un Anchor Text e perch\u00e9 \u00e8 cos\u00ec importante per la tua strategia SEO?"},"content":{"rendered":"<p><\/p>\n<h2>Cos&#8217;\u00e8 un collegamento anchor text?<\/h2>\n<p>&nbsp;<\/p>\n<p>L&#8217;ottimizzazione interna, presuppone l&#8217;acquisto di collegamenti da altre risorse web, ed \u00e8 proprio qui che la capacit\u00e0 di posizionare le ancore correttamente, \u00e8 di fondamentale importanza, perch\u00e9 questi elementi non hanno un impatto diretto sulla classificazione del sito promosso. Innanzitutto, \u00e8 necessario acquisire una conoscenza della terminologia di base.<\/p>\n<p>Un&#8217;ancora \u00e8 una parte di testo del collegamento, che viene osservata dall&#8217;utente del sito web (\u00e8 posta tra tag\u2026). Attivandola, il visitatore raggiunger\u00e0 una determinata risorsa web.<\/p>\n<p>&nbsp;<\/p>\n<div class=\"code\"><code>&lt;a href=\"url site\"&gt;anchor&lt;\/a&gt;<br \/>\n&lt;a href=\"https:\/\/sitechecker.pro\/external-links\/\"&gt;external links&lt;\/a&gt;<\/code><\/div>\n<p>&nbsp;<\/p>\n<p>Quindi, qual \u00e8 un testo di ancoraggio? \u00c8 una frase su cui \u00e8 possibile cliccare, che consiste in keywords (parole chiave) o frasi che si soffermano direttamente sull&#8217;argomento del sito web. In questo modo, ancor prima di visitare il sito web, l&#8217;utente conosce gi\u00e0 il tipo di attivit\u00e0 della risorsa. Tuttavia, non pu\u00f2 visualizzare l&#8217;indirizzo web completo di un sito. \u00c8 nascosto &#8220;dietro al testo&#8221;, che \u00e8 evidenziato in modo diverso, rispetto alla parte principale dell&#8217;articolo.<\/p>\n<p>I collegamenti di ancoraggio, sono keywords che indirizzano al contenuto di un determinato sito. Sono utilizzati per sostituire i collegamenti semplici per il sito tematico, con una parte del testo, correlata direttamente al problema.<\/p>\n<p>&nbsp;<\/p>\n<h2>Per cosa vengono utilizzati i collegamenti di ancoraggio e qual \u00e8 la loro influenza?<\/h2>\n<p>&nbsp;<\/p>\n<p>Il testo su cui \u00e8 possibile cliccare, \u00e8 un collegamento di ancoraggio che ha una certa influenza sul posizionamento del sito nel <a href=\"https:\/\/sitechecker.pro\/it\/serp\/\">SERP<\/a> offerto dai sistemi di ricerca, perch\u00e9 aumenta il peso dinamico della pagina a cui indirizza.<\/p>\n<p>Il peso dinamico \u00e8 la classificazione web dell&#8217;ancoraggio. Viene trasmesso dal collegamento ipertestuale attivo e dipende direttamente dal testo di ancoraggio: pi\u00f9 \u00e8 rilevante, maggiore sar\u00e0 il peso dinamico che viene trasmesso dal collegamento. Vale a dire che il peso dinamico, dipende interamente dal testo di un&#8217;ancora. Pi\u00f9 \u00e8 ovvia la relazione tra il testo e la ricerca richiesta, pi\u00f9 significativo sar\u00e0 il peso dinamico del collegamento. Il collegamento potrebbe indirizzare l&#8217;utente alla stessa pagina che viene promossa.<\/p>\n<p>I <a href=\"https:\/\/sitechecker.pro\/it\/google-bot\/\">bot di ricerca<\/a> prendono sempre in considerazione tali collegamenti. Questo \u00e8 il motivo per cui al momento dell&#8217;acquisto, \u00e8 necessario selezionare il testo di ancoraggio correttamente, in quanto ha un&#8217;influenza diretta sulla classificazione web eseguita dal sistema di ricerca. Pertanto, una frase scelta con cura aiuta il sito web ad entrare nell&#8217;elenco dei MIGLIORI dei sistemi di ricerca. Funziona!<\/p>\n<p>L&#8217;aggiunta di collegamenti alla risorsa, \u00e8 un passaggio fondamentale dell&#8217;intero processo di ottimizzazione, che di pende in larga scala dal testo scelto. La formazione e l&#8217;ottimizzazione dei collegamenti, sono due fasi della promozione del sito, che non possono essere trascurate!<\/p>\n<p>Questa tipologia di collegamenti, \u00e8 di grande utilit\u00e0 anche per l&#8217;interconnessione interna, in quanto funzionano come elementi di collegamento tra pagine che condividono la stessa risorsa web. Sono molto utili su molti livelli: aiutano l&#8217;utente a trovare la pagine necessarie del sito web; grazie ad essi, i bot di ricerca possono indicizzare le pagine del secondo o anche un livello di annidamento pi\u00f9 profondo; semplificando il compito di un webmaster di dividere il peso all&#8217;interno della risorsa web.<\/p>\n<p>&nbsp;<\/p>\n<h2>Tipi di ancore. Descrizione ed esempi<\/h2>\n<p>&nbsp;<\/p>\n<p>Assicurati di includere un&#8217;ancora unica. Un testo di ancoraggio di collegamento identico, fonde l&#8217;ancoraggio, abbassando l&#8217;importanza dell&#8217;intero collegamento. Fai del tuo meglio per ovviare a questo problema!<\/p>\n<p>I tipi di ancore che s&#8217;incontrano maggiormente:<\/p>\n<ul>\n<li>\u00a0<strong>Ancoraggi di corrispondenza esatta.<\/strong> Questo tipo \u00e8 rappresentato dalle richieste di ricerca distinte, senza parole aggiuntive nel testo del collegamento (per esempio, \u201canchor link\u201d).<\/li>\n<li><strong>Ancoraggi di corrispondenza parziale.<\/strong> Oltre alla richiesta di ricerca diretta, le ancore di questo tipo contendono alcune parti di testo aggiuntivo (esempio di testo ad ancoraggio parziale: \u201cche cos&#8217;\u00e8 un anchor link\u201d).<\/li>\n<\/ul>\n<p>Quando cerchi di ottimizzare la tua risorsa web, non concentrarti sul tipo che ti piace di pi\u00f9, anche se porta a dei buoni risultati. Cerca di variare! Per rendere le tue ancore ancora pi\u00f9 variabili, interrompi la richiesta di ricerca principale con sinonimi ed epiteti.<\/p>\n<div class=\"box\">La condizione principale, risiede nell&#8217;assenza di errori di ortografia, imprecisioni della punteggiatura e la leggibilit\u00e0, poich\u00e9 una semplice raccolta di parole, pu\u00f2 essere interpretata dai motori di ricerca come spam.<\/div>\n<p>&nbsp;<\/p>\n<h2>Quali sono i tipi di ancoraggio migliori per la promozione e perch\u00e9?<\/h2>\n<p>&nbsp;<\/p>\n<p>Non esiste una risposta diretta alla domanda sulla scelta ottimale del tipo di ancoraggio per la promozione del sito web. Puoi provare ad indagare sulla scelta delle ancore dei siti web concorrenti. Conduci una sorta di esperimento, che ti permetter\u00e0 di trovare la variante pi\u00f9 efficace. La verit\u00e0, \u00e8 che per la promozione efficace del sito web, \u00e8 necessario usare sia collegamenti di ancoraggio diretti che parziali.<\/p>\n<p>Un altro aspetto da tenere in considerazione, \u00e8 che gli ancoraggi dovrebbero essere applicati anche per consentire uno spostamento semplice tra le pagine della stessa risorsa web. Un consiglio piuttosto utile! Quindi, usando ancoraggi diretti e parziali, condividerai il peso statico con altre pagine del tuo sito.<\/p>\n<p>&nbsp;<\/p>\n<h2>Dove includere il collegamento di ancoraggio?<\/h2>\n<p>&nbsp;<\/p>\n<p>Ora che hai la risposta alla domanda \u201cche cos&#8217;\u00e8 un collegamento di ancoraggio\u201d, \u00e8 arrivato il momento di imparare: il collegamento del testo di ancoraggio non \u00e8 adatto a qualunque luogo. Quando tale opportunit\u00e0 viene esclusa, dovrai semplicemente includere un collegamento originale alla tua risorsa.<\/p>\n<p>Ecco dove puoi utilizzare i collegamenti di ancoraggio:<\/p>\n<ul>\n<li><strong>Cataloghi del sito.<\/strong> Di norma, i cataloghi dei siti richiedono informazioni relative al nome e all&#8217;indirizzo della risorsa, che diventer\u00e0 un&#8217;ulteriore collegamento alla tua risorsa.<\/li>\n<li><strong>Commenti sul blog.<\/strong> La maggior parte dei blog, consente la pubblicazione dell&#8217;indirizzo del sito e del testo, che rappresenta una presentazione del tuo collegamento sotto ai tuoi commenti.<\/li>\n<li><strong>Scambio di collegamenti.<\/strong> Quando condividi i collegamenti con altri utenti, includi titolo, indirizzo e descrizione, dove il titolo \u00e8 il testo di un&#8217;ancora che indirizza ad una determinata risorsa.<\/li>\n<\/ul>\n<p>&nbsp;<\/p>\n<h2>Dove scegliere i collegamenti di ancoraggio?<\/h2>\n<p>&nbsp;<\/p>\n<p>Esistono diversi approcci per la formazione dei collegamenti di ancoraggio, tra cui i pi\u00f9 usati sono:<\/p>\n<ul>\n<li>\u00a0<strong>Creazione dei collegamenti automatica.<\/strong> Puoi trovare molti servizi e reti specializzati per la promozione di siti indipendenti. Utilizzando queste risorse, puoi selezionare ancore per il tuo sito web. Per ottenere un certo risultato, devi includere le parole chiave e il nome della risorsa di base e lasciare che i generatori facciano il resto del lavoro.<\/li>\n<li><strong>Formazione indipendente dell&#8217;ancora o tramite un copywriter.<\/strong> Ovviamente, c&#8217;\u00e8 sempre la possibilit\u00e0 di provare a trovare il testo di ancoraggio pi\u00f9 appropriato, ma \u00e8 possibile anche assumere un copywriter per reindirizzare la promozione del sito web. Per questo compito, ti conviene descrivere i requisiti tecnici! Sul web, potrai trovare molte piattaforme in cui puoi ordinare contenuti di qualit\u00e0 per il tuo sito web.<\/li>\n<li><strong>Creazione dell&#8217;ancora in base alle richieste di ricerca da altri siti web, relativi all&#8217;argomento.<\/strong> L&#8217;algoritmo \u00e8 molto semplice. Devi inserire la tua richiesta di ricerca nella barra delle ricerche, visitare le risorse MIGLIORI, trovare le frasi incluse nella richiesta e prendere esempio per crearne una tua.<\/li>\n<\/ul>\n<p>&nbsp;<\/p>\n<h2>Cos&#8217;\u00e8 un collegamento di non ancoraggio?<\/h2>\n<p>&nbsp;<\/p>\n<p>Questo \u00e8 il tipo di collegamenti che non contengono alcune keyword (a differenza dei collegamenti di testo di ancoraggio).<\/p>\n<p>A questo tipo appartengono:<\/p>\n<p>L&#8217;indirizzo del sito (molto spesso vengono utilizzati per passare alla pagina iniziale della risorsa internet)<\/p>\n<p>Ad esempio:<\/p>\n<div class=\"code\"><code>&lt;a href=\"https:\/\/sitechecker.pro\/\"&gt;https:\/\/sitechecker.pro\/&lt;\/a&gt;<\/code><\/div>\n<p>Testo alternativo che \u00e8 diverso dalle parole chiave. Tali collegamenti contengono parole come &#8220;qui&#8221;, &#8220;leggi anche&#8221; e cos\u00ec via.<\/p>\n<p>Ad esempio:<\/p>\n<div class=\"code\"><code>&lt;a href=\"https:\/\/sitechecker.pro\/\"&gt;https:\/\/sitechecker.pro\/&lt;\/a&gt;<\/code><\/div>\n<p>&nbsp;<\/p>\n<h2>Come possono essere utili i collegamenti di non ancoraggio?<\/h2>\n<p>&nbsp;<\/p>\n<p>Questi collegamenti, vengono spesso utilizzati per interrompere una massa di collegamenti del sito web. Non molto tempo fa, Google ha annunciato che, di norma, i collegamenti di ancoraggio venivano considerati commerciali e da quel momento sarebbero stati presi meno seriamente. D&#8217;altra parte, non serve a nulla cercare di promuovere una risorsa web con l&#8217;aiuto di soli testi di non ancoraggio. Allo stesso modo, non dovresti fare pieno affidamento sui testi di ancoraggio.<\/p>\n<p>I collegamenti di non ancoraggio forniscono:<\/p>\n<ul>\n<li>efficacia di lunga durata;<\/li>\n<li>sicurezza dovuta alla naturalezza;<\/li>\n<li>miglioramento dell&#8217;affidabilit\u00e0 della risorsa.<\/li>\n<\/ul>\n<p>La massa di collegamento deve consistere in collegamenti di testo di ancoraggio e quelli che non ne contengono. Si consiglia, inoltre, di includere diversi ancoraggi. Certo, \u00e8 un lavoro meticoloso che richiede tempo, ma il risultato vale tempo e fatica.<\/p>\n<p>&nbsp;<\/p>\n<h2>Come ottenere collegamenti di non ancoraggio gratuitamente?<\/h2>\n<p>&nbsp;<\/p>\n<p>Puoi farcela con i tuoi sforzi, ma per ottenere un buon risultato, ci devi dedicare molto tempo. Come fare allora? Dovresti navigare nel web, lasciando collegamenti alle pagine del tuo sito su diverse risorse web. Utilizza social network, blog, forum e altre piattaforme.<\/p>\n<p>Il secondo approccio, \u00e8 pi\u00f9 naturale ed \u00e8 per questo che \u00e8 pi\u00f9 consigliabile. In base ad esso, gli utenti lasciano collegamenti alla tua risorsa su altri siti web, come blog, forum e social network. Tali collegamenti, hanno un effetto pi\u00f9 duraturo in quanto sono &#8220;vivi&#8221; e attirano pi\u00f9 visitatori consentendo un&#8217;ulteriore promozione. Di cosa hai bisogno? Il requisito principale \u00e8 un contenuto unico e coinvolgente. Se il materiale del tuo sito web \u00e8 utile agli utenti, presto il tuo sito web sar\u00e0 riconosciuto da un pubblico ampio e il numero di entrambi i collegamenti del testo di ancoraggio e quelli di non ancoraggio, crescer\u00e0 rapidamente (e ovviamente, ci\u00f2 \u00e8 di vitale importanza!).<\/p>","protected":false},"excerpt":{"rendered":"Cos&#8217;\u00e8 un collegamento anchor text? &nbsp; L&#8217;ottimizzazione interna, presuppone l&#8217;acquisto di collegamenti da altre risorse web, ed \u00e8 proprio qui che la capacit\u00e0 di posizionare le ancore correttamente, \u00e8 di fondamentale importanza, perch\u00e9 questi elementi non hanno un impatto diretto sulla classificazione del sito promosso. Innanzitutto, \u00e8 necessario acquisire una conoscenza della terminologia di base&#8230;.","protected":false},"author":10718706,"featured_media":3420,"parent":0,"menu_order":0,"comment_status":"closed","ping_status":"closed","template":"pages-templates\/pages-v2.php","meta":[],"categories":[27],"tags":[],"_links":{"self":[{"href":"https:\/\/sitechecker.pro\/it\/wp-json\/wp\/v2\/pages\/1217"}],"collection":[{"href":"https:\/\/sitechecker.pro\/it\/wp-json\/wp\/v2\/pages"}],"about":[{"href":"https:\/\/sitechecker.pro\/it\/wp-json\/wp\/v2\/types\/page"}],"author":[{"embeddable":true,"href":"https:\/\/sitechecker.pro\/it\/wp-json\/wp\/v2\/users\/10718706"}],"replies":[{"embeddable":true,"href":"https:\/\/sitechecker.pro\/it\/wp-json\/wp\/v2\/comments?post=1217"}],"version-history":[{"count":56,"href":"https:\/\/sitechecker.pro\/it\/wp-json\/wp\/v2\/pages\/1217\/revisions"}],"predecessor-version":[{"id":37521,"href":"https:\/\/sitechecker.pro\/it\/wp-json\/wp\/v2\/pages\/1217\/revisions\/37521"}],"wp:featuredmedia":[{"embeddable":true,"href":"https:\/\/sitechecker.pro\/it\/wp-json\/wp\/v2\/media\/3420"}],"wp:attachment":[{"href":"https:\/\/sitechecker.pro\/it\/wp-json\/wp\/v2\/media?parent=1217"}],"wp:term":[{"taxonomy":"category","embeddable":true,"href":"https:\/\/sitechecker.pro\/it\/wp-json\/wp\/v2\/categories?post=1217"},{"taxonomy":"post_tag","embeddable":true,"href":"https:\/\/sitechecker.pro\/it\/wp-json\/wp\/v2\/tags?post=1217"}],"curies":[{"name":"wp","href":"https:\/\/api.w.org\/{rel}","templated":true}]}}