{"id":1208,"date":"2018-01-19T10:25:11","date_gmt":"2018-01-19T10:25:11","guid":{"rendered":"https:\/\/sitechecker.pro\/?page_id=1208"},"modified":"2025-02-12T11:56:07","modified_gmt":"2025-02-12T11:56:07","slug":"broken-links","status":"publish","type":"page","link":"https:\/\/sitechecker.pro\/it\/broken-links\/","title":{"rendered":"Controllo link non funzionanti: Trova le pagine di errore 404 sul sito web"},"content":{"rendered":"<p><\/p>\n<h2 id=\"par1\">Cos&#8217;\u00e8 un 404 Page Checker?<\/h2>\n<p>Un 404 link checker \u00e8 una soluzione software che aiuta i siti web con link interrotti o non funzionanti. Questi hyperlink, quando cliccati, portano a pagine non disponibili o <a href=\"https:\/\/sitechecker.pro\/what-is-404-status-code\/\" target=\"_blank\" rel=\"noopener noreferrer\">errori 404<\/a>, con un impatto negativo sull&#8217;esperienza utente e sulla SEO. I motori di ricerca potrebbero percepire i siti con pi\u00f9 link inattivi come mal gestiti.<\/p>\n<h3>Il nostro strumento gratuito online dead link checker ti aiuta a<\/h3>\n<p><strong>Dead Hyperlink Checking: <\/strong>lo strumento controlla il tuo sito web o blog per i link non funzionanti, offrendo fino a 150 controlli gratuiti e controlli illimitati con piani a pagamento.<\/p>\n<p><strong>Segnalazione dei codici di errore: <\/strong>lo strumento segnala i codici di errore per URL non funzionanti, inclusi errori 404 e <a href=\"https:\/\/sitechecker.pro\/what-is-502-status-code\/\" target=\"_blank\" rel=\"noopener noreferrer\">502<\/a>, nonch\u00e9 <a href=\"https:\/\/sitechecker.pro\/301-redirect\/\" target=\"_blank\" rel=\"noopener noreferrer\">redirect 301<\/a>.<\/p>\n<p><strong>Funzionalit\u00e0 di outreach dei link non funzionanti: <\/strong>fornisce funzionalit\u00e0 di outreach dei link non funzionanti, aiutando ad acquisire link di alto valore per il tuo sito web.<\/p>\n<p><strong>Scansione di collegamenti ipertestuali interni ed esterni: <\/strong>lo strumento esegue la scansione sia dei collegamenti ipertestuali <a href=\"https:\/\/sitechecker.pro\/internal-links\/\" target=\"_blank\" rel=\"noopener noreferrer\">interni<\/a> che <a href=\"https:\/\/sitechecker.pro\/external-links\/\" target=\"_blank\" rel=\"noopener noreferrer\">esterni<\/a> sul tuo sito web.<\/p>\n<p><strong>Individuazione degli errori e suggerimenti per l&#8217;ottimizzazione: <\/strong>identifica gli errori e fornisce suggerimenti per ottimizzare il tuo sito web.<\/p>\n<p><strong>Monitoraggio regolare e correzione rapida: <\/strong><a href=\"https:\/\/sitechecker.pro\/404-errors-monitoring\/\" target=\"_blank\" rel=\"noopener noreferrer\">monitora regolarmente il sito web per nuovi collegamenti interrotti<\/a> e li corregge prontamente. <\/p>\n<h3>Caratteristiche principali del controllo del sito 404<\/h3>\n<p><strong>Dashboard unificata: <\/strong>offre una piattaforma centralizzata per tracciare tutte le metriche SEO e gli indicatori di performance, fornendo una panoramica completa per un facile monitoraggio dei progressi e un processo decisionale.<\/p>\n<p><strong>Interfaccia intuitiva: <\/strong>progettata per principianti e professionisti, questa interfaccia \u00e8 intuitiva e semplice, consentendo un facile accesso alle funzionalit\u00e0 e chiare visualizzazioni dei dati.<\/p>\n<p><strong>Set di strumenti SEO completo: <\/strong>include un&#8217;ampia gamma di <a href=\"https:\/\/sitechecker.pro\/on-page-seo-checker\/\" target=\"_blank\" rel=\"noopener noreferrer\">strumenti SEO on-page<\/a> e off-page, come audit del sito, ricerca di parole chiave, analisi dei backlink, ottimizzazione dei contenuti e approfondimenti tecnici SEO, affrontando ogni aspetto della gestione SEO. <\/p>\n<h2 id=\"par2\">Capacit\u00e0 di controllo dominio e URL distinti del controllo errori sito Web gratuito<\/h2>\n<p>Sono disponibili due opzioni per il controllo degli errori 404 su un sito Web: controlli a livello di dominio o di pagine specifiche. Il controllo dominio, che richiede la registrazione dell&#8217;account, \u00e8 ideale per un&#8217;analisi completa, che copre tutti i link sul sito Web per rilevare eventuali URL non funzionanti. Questo metodo \u00e8 completo e consente una panoramica completa dello stato di salute dei link del sito.<\/p>\n<p>D&#8217;altro canto, il controllo URL, disponibile senza registrazione dell&#8217;account, \u00e8 pensato per esaminare una singola pagina. Questo approccio \u00e8 migliore quando ci si concentra su una pagina in particolare, esaminando tutti i suoi link e le informazioni correlate come i codici di stato HTTP. A seconda delle proprie esigenze, scegliere di immettere un dominio o un URL specifico, quindi fare clic sul pulsante &#8220;Trova link interrotti&#8221; per avviare l&#8217;analisi. Lo strumento inizia quindi a valutare i dati del sito pertinenti di conseguenza.<\/p>\n<div class=\"content__img-wrap\"><img src=\"https:\/\/sitechecker.pro\/wp-content\/uploads\/2024\/08\/1-broken-links-selector.png\" alt=\"Website Broken Link Checker\" class=\"description-img description-img-zoom\" loading=\"lazy\" ><\/div>\n<h2 id=\"par3\">Controllo dominio<\/h2>\n<h3>Passaggio 1: scegli &#8220;Controlla dominio&#8221;, inserisci il tuo URL e clicca sul pulsante &#8220;Trova link interrotti&#8221; per avviare il controllo<\/h3>\n<div class=\"content__img-wrap\"><img src=\"https:\/\/sitechecker.pro\/wp-content\/uploads\/2024\/08\/2-broken-link-selector.png\" alt=\"Controllo dominio Broken Link Checker\" class=\"description-img description-img-zoom\" loading=\"lazy\" ><\/div>\n<div class=\"important-block\">Per ricevere i risultati e accedere alle funzionalit\u00e0 di Sitechecker per 14 giorni, inizia la tua prova GRATUITA. La registrazione \u00e8 semplice con il tuo account e-mail, Google o Facebook. Non \u00e8 richiesta alcuna carta di credito.<\/div>\n<h3>Passaggio 2: analisi dei risultati<\/h3>\n<p>La scansione di un dominio include un audit gratuito dell&#8217;intero sito. Puoi identificare gli URL 404 e determinare la loro posizione su qualsiasi piattaforma CMS, come WordPress, Joomla, Drupal, ecc.<\/p>\n<p>Il nostro crawler scoprir\u00e0 l&#8217;elenco degli URL con <a href=\"https:\/\/sitechecker.pro\/what-are-4xx-status-codes\/\" target=\"_blank\" rel=\"noopener noreferrer\">codici di stato 4xx<\/a>, a cui fanno riferimento altre pagine del tuo sito web. Ci\u00f2 ti aiuter\u00e0 a risolvere il problema degli URL inattivi per l&#8217;intero sito e a determinare se appariranno nuovi collegamenti ipertestuali non attivi.<\/p>\n<div class=\"content__img-wrap\"><img src=\"https:\/\/sitechecker.pro\/wp-content\/uploads\/2024\/01\/4xx-client-errors-issue.png\" alt=\"Problema di errori client 4xx\" class=\"description-img description-img-zoom\" loading=\"lazy\" ><\/div>\n<p>Cliccando su &#8220;Visualizza problema&#8221; scoprirai l&#8217;elenco degli URL con quel tipo di problema, un pulsante per scoprire i riferimenti interni per quelle pagine interrotte e come risolvere le istruzioni:<\/p>\n<div class=\"content__img-wrap\"><img src=\"https:\/\/sitechecker.pro\/wp-content\/uploads\/2024\/01\/4xx-client-errors-view-issue.png\" alt=\"Errori client 4xx Visualizza problema\" class=\"description-img description-img-zoom\" loading=\"lazy\" ><\/div>\n<h3>Funzionalit\u00e0 aggiuntive dello scanner di link interrotti di dominio\/sito web<\/h3>\n<p>Cliccando su &#8220;Tutte le pagine HTML&#8221;, otterrai l&#8217;elenco completo degli URL del tuo sito web e altri problemi interni sul tuo sito. I problemi sono organizzati per categorie e tipi e puoi facilmente passare da uno all&#8217;altro. I tipi sono Problemi critici, Avvisi, Opportunit\u00e0 e Notifiche. Categorie, ad esempio, Collegamenti, Indicizzazione, Pertinenza dei contenuti, ecc. Ci\u00f2 rende molto pi\u00f9 semplice concentrarsi sulla risoluzione dei problemi che avranno il maggiore impatto sul successo del tuo sito web.<\/p>\n<div class=\"content__img-wrap\"><img src=\"https:\/\/sitechecker.pro\/wp-content\/uploads\/2024\/01\/all-html-pages-by-category.png\" alt=\"Tutte le pagine HTML per categoria\" class=\"description-img description-img-zoom\" loading=\"lazy\" ><\/div>\n<p>Se necessario, puoi filtrare in base agli URL o impostare dati aggiuntivi per le pagine che ti aiuteranno a lavorarci.<\/p>\n<div class=\"content__img-wrap\"><img src=\"https:\/\/sitechecker.pro\/wp-content\/uploads\/2024\/01\/all-html-pages-manage-columns.png\" alt=\"Tutte le pagine HTML gestiscono le colonne\" class=\"description-img description-img-zoom\" loading=\"lazy\" ><\/div>\n<p>Inoltre, puoi scaricare ed esportare i risultati del crawler in file PDF o CSV, Fogli Google o semplicemente copiarli in base alle tue esigenze.<\/p>\n<div class=\"content__img-wrap\"><img src=\"https:\/\/sitechecker.pro\/wp-content\/uploads\/2024\/01\/export-data.png\" alt=\"Esporta dati\" class=\"description-img description-img-zoom\" loading=\"lazy\" ><\/div>\n<p>Il download e l&#8217;esportazione dei risultati del crawler in pi\u00f9 formati avvantaggia i freelance e i responsabili SEO, fornendo dati versatili per analisi e manipolazione.<\/p>\n<p>Questa funzionalit\u00e0 consente una generazione efficiente di report per clienti o stakeholder, facilitando una comunicazione chiara di risultati e strategie future.<\/p>\n<p>Quando i dati vengono esportati in Fogli Google, il lavoro collaborativo viene semplificato, promuovendo un approccio basato sul team. Infine, la possibilit\u00e0 di copiare i dati direttamente offre un accesso immediato alle informazioni essenziali, semplificando l&#8217;analisi e l&#8217;integrazione con altri strumenti digitali.<\/p>\n<h4>Crawler automatici regolari del sito e notifica automatica del rilevamento di potenziali errori<\/h4>\n<p>Approfitta dei nostri crawler automatici regolari del sito, che eseguono scansioni di routine per identificare potenziali errori sul tuo sito web. Con un controllo coerente del sito per errori 404 ogni tre giorni, puoi anticipare qualsiasi problema che potrebbe influire sulle prestazioni del tuo sito.<\/p>\n<div class=\"content__img-wrap\"><img src=\"https:\/\/sitechecker.pro\/wp-content\/uploads\/2024\/01\/auto-crawler.png\" alt=\"Auto Crawler\" class=\"description-img description-img-zoom\" loading=\"lazy\" ><\/div>\n<h2 id=\"par4\">Controllo pagina<\/h2>\n<h3>Passaggio 1: seleziona &#8220;Controlla pagina&#8221;, inserisci il tuo URL e clicca sul pulsante &#8220;Trova link interrotti&#8221; per avviare il controllo<\/h3>\n<div class=\"content__img-wrap\"><img src=\"https:\/\/sitechecker.pro\/wp-content\/uploads\/2024\/08\/3-broken-link-selector.png\" alt=\"Page Check Broken Link Checker\" class=\"description-img description-img-zoom\" loading=\"lazy\" ><\/div>\n<h3>Passaggio 2: interpretazione dei risultati del Website Detector 404 tramite Page Check<\/h3>\n<p>Una sezione elenca i link esterni e interni e mostra i codici di stato corrispondenti, che indicano lo stato di ciascun link. Se vai alla colonna dei codici di risposta, puoi vedere un elenco di link che hanno restituito un errore 404, purch\u00e9 siano accessibili.<\/p>\n<p>L&#8217;area centrale presenta un&#8217;istantanea dello stato SEO di una pagina web, visualizzando un punteggio e dettagli essenziali come il codice di stato e le dimensioni della pagina. La pagina dei risultati presenta link in uscita, interni e di sottodominio, insieme ai loro codici di risposta, consentendoti di identificare facilmente un errore 404, indipendentemente dal fatto che appaia su un sito esterno, sul tuo sito principale o su un sottodominio.<\/p>\n<div class=\"content__img-wrap\"><img src=\"https:\/\/sitechecker.pro\/wp-content\/uploads\/2024\/01\/on-page-seo-checker.png\" alt=\"On Page Seo Checker\" class=\"description-img description-img-zoom\" loading=\"lazy\" ><\/div>\n<div class=\"content__img-wrap\"><img src=\"https:\/\/sitechecker.pro\/wp-content\/uploads\/2024\/01\/internal-subdomain-links.png\" alt=\"Link di sottodominio interno\" class=\"description-img description-img-zoom\" loading=\"lazy\" ><\/div>\n<p>Per controllare l&#8217;intero sito anzich\u00e9 solo una singola pagina, seleziona &#8220;Esegui un controllo completo del sito web&#8221; o fai riferimento alla prima sezione di questa guida per la verifica del dominio.<\/p>\n<p>Lo strumento presenta un progetto demo che ne mostra le capacit\u00e0. Scegliendo &#8220;Site Audit&#8221;, gli utenti possono esplorare le funzionalit\u00e0 e comprendere come lo strumento pu\u00f2 migliorare la SEO del loro sito web.<\/p>\n<div class=\"content__img-wrap\"><img src=\"https:\/\/sitechecker.pro\/wp-content\/uploads\/2024\/01\/run-full-site-audit-1.png\" alt=\"Run Full Site Audit\" class=\"description-img description-img-zoom\" loading=\"lazy\" ><\/div>\n<h3>Funzionalit\u00e0 aggiuntive dello strumento<\/h3>\n<p>Broken Link Checker migliora la SEO attraverso il miglioramento della qualit\u00e0 dei contenuti, la strutturazione dei dati per l&#8217;ottimizzazione dei motori di ricerca, l&#8217;ottimizzazione delle immagini per il web, la fornitura di informazioni sulle prestazioni di ricerca e la valutazione delle velocit\u00e0 di caricamento per migliorare l&#8217;esperienza utente e le classifiche dei motori di ricerca.<\/p>\n<div class=\"content__img-wrap\"><img src=\"https:\/\/sitechecker.pro\/wp-content\/uploads\/2024\/01\/issues-overview-1.png\" alt=\"Panoramica dei problemi\" class=\"description-img description-img-zoom\" loading=\"lazy\" ><\/div>\n<h2 id=\"par5\">Estensione Chrome di Sitechecker per rilevare i link interrotti<\/h2>\n<p>Hai anche la possibilit\u00e0 di condurre una breve analisi della pagina web e verificare lo stato del codice utilizzando l&#8217;estensione del browser.<\/p>\n<p><a href=\"https:\/\/chrome.google.com\/webstore\/detail\/website-seo-checker-free\/nljcdkjpjnhlilgepggmmagnmebhadnk\" target=\"_blank\" rel=\"nofollow noopener noreferrer\">L&#8217;estensione Chrome di Sitechecker<\/a> \u00e8 uno strumento per identificare e correggere gli hyperlink non validi. Dopo averla installata sul tuo browser Chrome, puoi facilmente scansionare qualsiasi pagina web, analizzando tutti i link per verificarne la validit\u00e0.<\/p>\n<div class=\"content__img-wrap\"><img src=\"https:\/\/sitechecker.pro\/wp-content\/uploads\/2024\/01\/sitecheckers-extension.png\" alt=\"Estensione di Sitechecker\" class=\"description-img description-img-zoom\" loading=\"lazy\" ><\/div>\n<p>Lo strumento classifica i link in base ai loro codici di stato HTTP, evidenzia quelli problematici e offre persino soluzioni per la loro rettifica.<\/p>\n<p>Per una comprensione pi\u00f9 dettagliata, potresti voler guardare un tutorial sul nostro canale YouTube Sitechecker, in cui spieghiamo il concetto di link interrotti e i loro potenziali impatti e forniamo istruzioni su come risolverli:<\/p>\n<p><iframe title=\"YouTube video player\" src=\"https:\/\/www.youtube.com\/embed\/bxpEtw6oOwY?si=opSzDXD-SH1fq4s0\" width=\"700\" height=\"350\" frameborder=\"0\" allowfullscreen=\"allowfullscreen\"><\/iframe><\/p>\n<h2 id=\"par6\">Considerazioni finali<\/h2>\n<p>Il verificatore di errori 404 \u00e8 uno strumento software completo progettato per migliorare le prestazioni SEO e l&#8217;esperienza utente identificando e correggendo i link di errore 404. Lo strumento esegue scansioni dettagliate, offre suggerimenti di ottimizzazione e fornisce report fruibili sugli URL problematici. Esegue anche scansioni automatiche regolari per un monitoraggio costante.<\/p>\n<p>Con interfacce intuitive, due metodi di controllo per l&#8217;analisi completa o specifica del sito e un&#8217;estensione Chrome per i controlli in tempo reale, \u00e8 una risorsa preziosa per l&#8217;ottimizzazione e la manutenzione proattiva del sito web. Inoltre, la sua capacit\u00e0 di scaricare ed esportare dati in vari formati facilita ulteriori analisi e collaborazione di gruppo.<\/p>\n<div id=\"par7\"><\/div>\n<p><div class=\"front__faq-block\"><div class=\"faq__block-title\">FAQ<\/div><div class=\"panel-group\" id=\"faq-accordion\" itemscope itemtype=\"https:\/\/schema.org\/FAQPage\" role=\"tablist\" aria-multiselectable=\"true\"><div class=\"panel\" itemscope itemtype=\"https:\/\/schema.org\/Question\" itemprop=\"mainEntity\">\n                            <div class=\"panel-heading\" id=\"headingFaq-1\">\n                                <div class=\"panel-title\" data-toggle=\"collapse\" aria-expanded=\"false\" href=\"#collapseFaq-1\">\n                                    <h3 itemprop=\"name\">Come si verifica se un URL \u00e8 danneggiato?<\/h3>\n                                <\/div>\n                            <\/div>\n                            <div id=\"collapseFaq-1\" class=\"panel-collapse collapse\" itemprop=\"acceptedAnswer\" itemscope itemtype=\"http:\/\/schema.org\/Answer\">\n                                <div class=\"panel-body\" itemprop=\"text\">\u00c8 possibile verificare se un URL Web \u00e8 danneggiato utilizzando lo strumento di controllo URL 404. Basta inserire l'URL che si desidera analizzare e lo strumento identificher\u00e0 eventuali link danneggiati o non funzionanti.<\/div>\n                            <\/div>\n                        <\/div><div class=\"panel\" itemscope itemtype=\"https:\/\/schema.org\/Question\" itemprop=\"mainEntity\">\n                            <div class=\"panel-heading\" id=\"headingFaq-2\">\n                                <div class=\"panel-title\" data-toggle=\"collapse\" aria-expanded=\"false\" href=\"#collapseFaq-2\">\n                                    <h3 itemprop=\"name\">Broken Link Checker \u00e8 gratuito?<\/h3>\n                                <\/div>\n                            <\/div>\n                            <div id=\"collapseFaq-2\" class=\"panel-collapse collapse\" itemprop=\"acceptedAnswer\" itemscope itemtype=\"http:\/\/schema.org\/Answer\">\n                                <div class=\"panel-body\" itemprop=\"text\">S\u00ec, lo strumento 404 Page Checker \u00e8 gratuito durante il periodo di prova (14 giorni).<\/div>\n                            <\/div>\n                        <\/div><div class=\"panel\" itemscope itemtype=\"https:\/\/schema.org\/Question\" itemprop=\"mainEntity\">\n                            <div class=\"panel-heading\" id=\"headingFaq-3\">\n                                <div class=\"panel-title\" data-toggle=\"collapse\" aria-expanded=\"false\" href=\"#collapseFaq-3\">\n                                    <h3 itemprop=\"name\">Come si ripara un collegamento URL danneggiato?<\/h3>\n                                <\/div>\n                            <\/div>\n                            <div id=\"collapseFaq-3\" class=\"panel-collapse collapse\" itemprop=\"acceptedAnswer\" itemscope itemtype=\"http:\/\/schema.org\/Answer\">\n                                <div class=\"panel-body\" itemprop=\"text\">Per riparare un collegamento URL danneggiato, \u00e8 necessario prima identificarlo. Una volta identificato, ripristina il contenuto collegato o sostituisci l'indirizzo web non raggiungibile con uno valido.<\/div>\n                            <\/div>\n                        <\/div><div class=\"panel\" itemscope itemtype=\"https:\/\/schema.org\/Question\" itemprop=\"mainEntity\">\n                            <div class=\"panel-heading\" id=\"headingFaq-4\">\n                                <div class=\"panel-title\" data-toggle=\"collapse\" aria-expanded=\"false\" href=\"#collapseFaq-4\">\n                                    <h3 itemprop=\"name\">Come faccio a verificare se un collegamento \u00e8 valido?<\/h3>\n                                <\/div>\n                            <\/div>\n                            <div id=\"collapseFaq-4\" class=\"panel-collapse collapse\" itemprop=\"acceptedAnswer\" itemscope itemtype=\"http:\/\/schema.org\/Answer\">\n                                <div class=\"panel-body\" itemprop=\"text\">Il nostro strumento Broken Link Finder pu\u00f2 convalidare un collegamento. Inserisci l'URL che desideri controllare e lo strumento confermer\u00e0 se la pagina \u00e8 funzionante o meno.<\/div>\n                            <\/div>\n                        <\/div><\/div><\/div><\/p>","protected":false},"excerpt":{"rendered":"Cos&#8217;\u00e8 un 404 Page Checker? Un 404 link checker \u00e8 una soluzione software che aiuta i siti web con link interrotti o non funzionanti. Questi hyperlink, quando cliccati, portano a pagine non disponibili o errori 404, con un impatto negativo sull&#8217;esperienza utente e sulla SEO. I motori di ricerca potrebbero percepire i siti con pi\u00f9&#8230;","protected":false},"author":10409641,"featured_media":3422,"parent":0,"menu_order":0,"comment_status":"closed","ping_status":"closed","template":"pages-templates\/pages-minitools-3.php","meta":[],"categories":[72],"tags":[],"_links":{"self":[{"href":"https:\/\/sitechecker.pro\/it\/wp-json\/wp\/v2\/pages\/1208"}],"collection":[{"href":"https:\/\/sitechecker.pro\/it\/wp-json\/wp\/v2\/pages"}],"about":[{"href":"https:\/\/sitechecker.pro\/it\/wp-json\/wp\/v2\/types\/page"}],"author":[{"embeddable":true,"href":"https:\/\/sitechecker.pro\/it\/wp-json\/wp\/v2\/users\/10409641"}],"replies":[{"embeddable":true,"href":"https:\/\/sitechecker.pro\/it\/wp-json\/wp\/v2\/comments?post=1208"}],"version-history":[{"count":218,"href":"https:\/\/sitechecker.pro\/it\/wp-json\/wp\/v2\/pages\/1208\/revisions"}],"predecessor-version":[{"id":36962,"href":"https:\/\/sitechecker.pro\/it\/wp-json\/wp\/v2\/pages\/1208\/revisions\/36962"}],"wp:featuredmedia":[{"embeddable":true,"href":"https:\/\/sitechecker.pro\/it\/wp-json\/wp\/v2\/media\/3422"}],"wp:attachment":[{"href":"https:\/\/sitechecker.pro\/it\/wp-json\/wp\/v2\/media?parent=1208"}],"wp:term":[{"taxonomy":"category","embeddable":true,"href":"https:\/\/sitechecker.pro\/it\/wp-json\/wp\/v2\/categories?post=1208"},{"taxonomy":"post_tag","embeddable":true,"href":"https:\/\/sitechecker.pro\/it\/wp-json\/wp\/v2\/tags?post=1208"}],"curies":[{"name":"wp","href":"https:\/\/api.w.org\/{rel}","templated":true}]}}