{"id":1138,"date":"2018-01-10T08:14:39","date_gmt":"2018-01-10T08:14:39","guid":{"rendered":"https:\/\/sitechecker.pro\/?page_id=1138"},"modified":"2025-08-06T22:13:08","modified_gmt":"2025-08-06T22:13:08","slug":"what-is-favicon","status":"publish","type":"page","link":"https:\/\/sitechecker.pro\/it\/what-is-favicon\/","title":{"rendered":"Favicon Checker: verifica le favicon e ricevi un avviso in caso di problema"},"content":{"rendered":"<p><\/p>\n<h2 id=\"par1\">Cos&#8217;\u00e8 Favicon Tester?<\/h2>\n<p>Lo strumento Website Favicon Checker di <a href=\"https:\/\/sitechecker.pro\/\" target=\"_blank\" rel=\"noopener noreferrer\">Sitechecker<\/a> ti aiuta a testare e monitorare la favicon di un sito web, assicurando la presenza e il corretto funzionamento del file favicon.ico, monitorando i problemi relativi alla favicon e identificando i problemi dell&#8217;immagine del sito, con l&#8217;opzione per un monitoraggio dettagliato o report immediati a seconda del tipo di audit selezionato.<\/p>\n<h3>Come pu\u00f2 aiutarti lo strumento<\/h3>\n<p><strong>Controllo file favicon.ico: <\/strong>verifica la presenza e la corretta configurazione del file favicon.ico per un sito web.<\/p>\n<p><strong>Monitoraggio problemi favicon: <\/strong>monitora e identifica costantemente i problemi relativi all&#8217;immagine del browser del sito per garantire che funzioni correttamente su tutti i browser.<\/p>\n<p><strong>Analisi dei problemi delle immagini del sito: <\/strong>rileva e monitora i problemi pi\u00f9 ampi relativi alle immagini del sito, offrendo approfondimenti per l&#8217;ottimizzazione e la risoluzione dei problemi.<\/p>\n<h3>Caratteristiche principali dello strumento<\/h3>\n<p><strong>Dashboard unificata: <\/strong>piattaforma centralizzata per monitorare e analizzare le metriche delle prestazioni del sito web.<\/p>\n<p><strong>Interfaccia intuitiva: <\/strong>design intuitivo per utenti di tutti i livelli di competenza, rendendo strumenti e approfondimenti facilmente accessibili.<\/p>\n<p><strong>Set di strumenti SEO completo: <\/strong>include audit SEO on-page, monitoraggio della classifica e rilevamento dei problemi in tempo reale per migliorare l&#8217;ottimizzazione del sito web.<\/p>\n<h2 id=\"par2\">Come utilizzare lo strumento<\/h2>\n<p>Questo selettore consente di scegliere un&#8217;opzione di audit per testare le favicon. \u00c8 possibile testare la favicon per il proprio sito con monitoraggio dettagliato e tracciamento dei problemi (richiede un account gratuito) oppure eseguire un rapido controllo della favicon per un altro sito per generare un report immediato.<\/p>\n<h2 id=\"par3\">Test del dominio proprio<\/h2>\n<p>Selezionando il test del dominio proprio, puoi eseguire un audit dettagliato che include il controllo del file favicon.ico, il monitoraggio dei problemi del favicon, l&#8217;identificazione dei problemi dell&#8217;immagine del sito e la ricezione di un monitoraggio continuo dei problemi.<\/p>\n<h3>Passaggio 1: scegli l&#8217;opzione &#8220;il tuo sito&#8221;<\/h3>\n<div class=\"content__img-wrap\"><img src=\"https:\/\/sitechecker.pro\/wp-content\/uploads\/2025\/01\/test-favicon-for-your-site.png\" alt=\"Testa il favicon per il tuo sito\" class=\"description-img description-img-zoom\" loading=\"lazy\" ><\/div>\n<div class=\"important-block\">Per ricevere i risultati e accedere alle funzionalit\u00e0 di Sitechecker per 14 giorni, inizia la tua prova GRATUITA. La registrazione \u00e8 semplice con il tuo account e-mail, Google o Facebook. Non \u00e8 richiesta alcuna carta di credito.<\/div>\n<h3>Passaggio 2: Ottieni i risultati<\/h3>\n<p>Il controllo dell&#8217;icona della scheda fornisce informazioni sulla disponibilit\u00e0, sulla configurazione corretta e sulla visualizzazione dell&#8217;icona del browser del tuo sito, assicurandone il corretto funzionamento ed evidenziando eventuali problemi correlati per una rapida risoluzione.<\/p>\n<div class=\"content__img-wrap\"><img src=\"https:\/\/sitechecker.pro\/wp-content\/uploads\/2025\/01\/favicon-availability.png\" alt=\"Controlla la disponibilit\u00e0 di Favicon\" class=\"description-img description-img-zoom\" loading=\"lazy\" ><\/div>\n<h3>Funzionalit\u00e0 aggiuntive<\/h3>\n<p>Il controllo dell&#8217;icona del browser fornisce informazioni aggiuntive sulle metriche SEO critiche, tra cui lo stato generale del sito Web, la ripartizione dei problemi categorizzati (ad esempio, pertinenza del contenuto, link, indicizzazione) e il numero di pagine interessate, aiutando a stabilire le priorit\u00e0 e risolvere efficacemente le attivit\u00e0 di ottimizzazione dell&#8217;intero sito.<\/p>\n<div class=\"content__img-wrap\"><img src=\"https:\/\/sitechecker.pro\/wp-content\/uploads\/2025\/01\/site-audit-issues-list-1.png\" alt=\"Elenco dei problemi di audit del sito\" class=\"description-img description-img-zoom\" loading=\"lazy\" ><\/div>\n<h2 id=\"par4\">Un altro test di favicon del sito Web<\/h2>\n<p>Questa opzione consente di testare rapidamente l&#8217;icona del sito Web per un altro sito. Fornisce un report immediato che verifica la presenza e la corretta configurazione del file image.ico.<\/p>\n<h3>Passaggio 1: scegli l&#8217;opzione per testare un altro sito web<\/h3>\n<div class=\"content__img-wrap\"><img src=\"https:\/\/sitechecker.pro\/wp-content\/uploads\/2025\/01\/test-favicon-for-another-site.png\" alt=\"Test Favicon per un altro sito\" class=\"description-img description-img-zoom\" loading=\"lazy\" ><\/div>\n<h3>Passaggio 2: ottieni i risultati<\/h3>\n<p>Il controllo dell&#8217;icona del sito web fornisce informazioni sul fatto che il sito web abbia un set di file ico impostato, assicurando un branding e una visibilit\u00e0 adeguati nelle schede del browser e nei segnalibri.<\/p>\n<div class=\"content__img-wrap\"><img src=\"https:\/\/sitechecker.pro\/wp-content\/uploads\/2025\/01\/on-page-seo-checker-favicon.png\" alt=\"On Page SEO Checker Favicon\" class=\"description-img description-img-zoom\" loading=\"lazy\" ><\/div>\n<h3>Funzionalit\u00e0 aggiuntive<\/h3>\n<p>Accedi a informazioni dettagliate tramite la sezione Navigazione pagina, tra cui ottimizzazione dei contenuti, dati strutturati, prestazioni delle immagini, ottimizzazione della ricerca, analisi dei link e informazioni su PageSpeed, per identificare e risolvere in modo efficiente i problemi chiave.<\/p>\n<div class=\"content__img-wrap\"><img src=\"https:\/\/sitechecker.pro\/wp-content\/uploads\/2025\/01\/issues-overview-2.png\" alt=\"Panoramica dei problemi\" class=\"description-img description-img-zoom\" loading=\"lazy\" ><\/div>\n<h2 id=\"par5\">Idea finale<\/h2>\n<p>Favicon Checker \u00e8 uno strumento essenziale per l&#8217;ottimizzazione del sito Web, che garantisce una corretta configurazione del favicon e una funzionalit\u00e0 fluida su tutti i browser. Fornisce un monitoraggio completo e report immediati, consentendo agli utenti di identificare e risolvere efficacemente i problemi relativi al favicon. Con approfondimenti aggiuntivi sulle metriche SEO, sulla salute del sito Web e sulle attivit\u00e0 di ottimizzazione, lo strumento supporta un branding e un&#8217;esperienza utente migliorati. Che si tratti di condurre un audit dettagliato per il tuo sito o di testarne rapidamente un altro, Favicon Checker offre una soluzione intuitiva e potente per mantenere prestazioni e visibilit\u00e0 ottimali del sito Web.<\/p>\n<div id=\"par6\"><\/div>\n<p><div class=\"front__faq-block\"><div class=\"faq__block-title\">FAQ<\/div><div class=\"panel-group\" id=\"faq-accordion\" itemscope itemtype=\"https:\/\/schema.org\/FAQPage\" role=\"tablist\" aria-multiselectable=\"true\"><div class=\"panel\" itemscope itemtype=\"https:\/\/schema.org\/Question\" itemprop=\"mainEntity\">\n                            <div class=\"panel-heading\" id=\"headingFaq-1\">\n                                <div class=\"panel-title\" data-toggle=\"collapse\" aria-expanded=\"false\" href=\"#collapseFaq-1\">\n                                    <h3 itemprop=\"name\">Favicon Finder pu\u00f2 monitorare le prestazioni delle icone delle schede nel tempo?<\/h3>\n                                <\/div>\n                            <\/div>\n                            <div id=\"collapseFaq-1\" class=\"panel-collapse collapse\" itemprop=\"acceptedAnswer\" itemscope itemtype=\"http:\/\/schema.org\/Answer\">\n                                <div class=\"panel-body\" itemprop=\"text\">S\u00ec, Favicon Lookup fornisce un monitoraggio continuo per garantire prestazioni costanti e rilevare i problemi man mano che si presentano.<\/div>\n                            <\/div>\n                        <\/div><div class=\"panel\" itemscope itemtype=\"https:\/\/schema.org\/Question\" itemprop=\"mainEntity\">\n                            <div class=\"panel-heading\" id=\"headingFaq-2\">\n                                <div class=\"panel-title\" data-toggle=\"collapse\" aria-expanded=\"false\" href=\"#collapseFaq-2\">\n                                    <h3 itemprop=\"name\">Lo strumento supporta il test delle icone delle schede sui browser mobili?<\/h3>\n                                <\/div>\n                            <\/div>\n                            <div id=\"collapseFaq-2\" class=\"panel-collapse collapse\" itemprop=\"acceptedAnswer\" itemscope itemtype=\"http:\/\/schema.org\/Answer\">\n                                <div class=\"panel-body\" itemprop=\"text\">S\u00ec, Favicon Checker garantisce che l'icona della scheda venga visualizzata correttamente su vari browser, inclusi i dispositivi mobili.<\/div>\n                            <\/div>\n                        <\/div><div class=\"panel\" itemscope itemtype=\"https:\/\/schema.org\/Question\" itemprop=\"mainEntity\">\n                            <div class=\"panel-heading\" id=\"headingFaq-3\">\n                                <div class=\"panel-title\" data-toggle=\"collapse\" aria-expanded=\"false\" href=\"#collapseFaq-3\">\n                                    <h3 itemprop=\"name\">Quali funzionalit\u00e0 SEO aggiuntive offre lo strumento?<\/h3>\n                                <\/div>\n                            <\/div>\n                            <div id=\"collapseFaq-3\" class=\"panel-collapse collapse\" itemprop=\"acceptedAnswer\" itemscope itemtype=\"http:\/\/schema.org\/Answer\">\n                                <div class=\"panel-body\" itemprop=\"text\">Lo strumento include audit SEO on-page, monitoraggio della classifica, rilevamento dei problemi e approfondimenti dettagliati sullo stato e sulle prestazioni del sito.<\/div>\n                            <\/div>\n                        <\/div><div class=\"panel\" itemscope itemtype=\"https:\/\/schema.org\/Question\" itemprop=\"mainEntity\">\n                            <div class=\"panel-heading\" id=\"headingFaq-4\">\n                                <div class=\"panel-title\" data-toggle=\"collapse\" aria-expanded=\"false\" href=\"#collapseFaq-4\">\n                                    <h3 itemprop=\"name\">Posso usare lo strumento per analizzare le prestazioni complessive delle immagini sul mio sito?<\/h3>\n                                <\/div>\n                            <\/div>\n                            <div id=\"collapseFaq-4\" class=\"panel-collapse collapse\" itemprop=\"acceptedAnswer\" itemscope itemtype=\"http:\/\/schema.org\/Answer\">\n                                <div class=\"panel-body\" itemprop=\"text\">S\u00ec, lo strumento aiuta a rilevare e monitorare problemi pi\u00f9 ampi relativi alle immagini sul tuo sito web per ottimizzare le prestazioni visive.<\/div>\n                            <\/div>\n                        <\/div><div class=\"panel\" itemscope itemtype=\"https:\/\/schema.org\/Question\" itemprop=\"mainEntity\">\n                            <div class=\"panel-heading\" id=\"headingFaq-5\">\n                                <div class=\"panel-title\" data-toggle=\"collapse\" aria-expanded=\"false\" href=\"#collapseFaq-5\">\n                                    <h3 itemprop=\"name\">Quali approfondimenti fornisce il controllo delle immagini del sito del browser per un altro sito web?<\/h3>\n                                <\/div>\n                            <\/div>\n                            <div id=\"collapseFaq-5\" class=\"panel-collapse collapse\" itemprop=\"acceptedAnswer\" itemscope itemtype=\"http:\/\/schema.org\/Answer\">\n                                <div class=\"panel-body\" itemprop=\"text\">Lo strumento verifica la presenza e la corretta configurazione del file favicon.ico, garantendo il corretto branding e la visibilit\u00e0 nelle schede del browser e nei segnalibri.<\/div>\n                            <\/div>\n                        <\/div><\/div><\/div><\/p>","protected":false},"excerpt":{"rendered":"Cos&#8217;\u00e8 Favicon Tester? Lo strumento Website Favicon Checker di Sitechecker ti aiuta a testare e monitorare la favicon di un sito web, assicurando la presenza e il corretto funzionamento del file favicon.ico, monitorando i problemi relativi alla favicon e identificando i problemi dell&#8217;immagine del sito, con l&#8217;opzione per un monitoraggio dettagliato o report immediati a&#8230;","protected":false},"author":10409641,"featured_media":3424,"parent":0,"menu_order":0,"comment_status":"closed","ping_status":"closed","template":"pages-templates\/pages-minitools-3.php","meta":[],"categories":[73],"tags":[],"_links":{"self":[{"href":"https:\/\/sitechecker.pro\/it\/wp-json\/wp\/v2\/pages\/1138"}],"collection":[{"href":"https:\/\/sitechecker.pro\/it\/wp-json\/wp\/v2\/pages"}],"about":[{"href":"https:\/\/sitechecker.pro\/it\/wp-json\/wp\/v2\/types\/page"}],"author":[{"embeddable":true,"href":"https:\/\/sitechecker.pro\/it\/wp-json\/wp\/v2\/users\/10409641"}],"replies":[{"embeddable":true,"href":"https:\/\/sitechecker.pro\/it\/wp-json\/wp\/v2\/comments?post=1138"}],"version-history":[{"count":104,"href":"https:\/\/sitechecker.pro\/it\/wp-json\/wp\/v2\/pages\/1138\/revisions"}],"predecessor-version":[{"id":38147,"href":"https:\/\/sitechecker.pro\/it\/wp-json\/wp\/v2\/pages\/1138\/revisions\/38147"}],"wp:featuredmedia":[{"embeddable":true,"href":"https:\/\/sitechecker.pro\/it\/wp-json\/wp\/v2\/media\/3424"}],"wp:attachment":[{"href":"https:\/\/sitechecker.pro\/it\/wp-json\/wp\/v2\/media?parent=1138"}],"wp:term":[{"taxonomy":"category","embeddable":true,"href":"https:\/\/sitechecker.pro\/it\/wp-json\/wp\/v2\/categories?post=1138"},{"taxonomy":"post_tag","embeddable":true,"href":"https:\/\/sitechecker.pro\/it\/wp-json\/wp\/v2\/tags?post=1138"}],"curies":[{"name":"wp","href":"https:\/\/api.w.org\/{rel}","templated":true}]}}