{"id":1133,"date":"2020-07-08T14:32:58","date_gmt":"2020-07-08T12:32:58","guid":{"rendered":"https:\/\/sitechecker.pro\/?page_id=1133"},"modified":"2026-02-16T17:01:21","modified_gmt":"2026-02-16T17:01:21","slug":"page-size","status":"publish","type":"page","link":"https:\/\/sitechecker.pro\/it\/page-size\/","title":{"rendered":"Verifica dimensione pagina Web: verifica la pagina del sito Web HTML per la dimensione in kilobyte \u1408"},"content":{"rendered":"<p>Non \u00e8 il design o il contenuto che a volte d\u00e0 il tono a una pagina web, ma la dimensione della pagina! In questo articolo, impareremo perch\u00e9 i controlli delle dimensioni delle pagine Web sono importanti e fino a che punto puoi utilizzare questo fantastico strumento.<\/p>\n<h2 id=\"ik_What\">Che cos&#8217;\u00e8 un controllo dimensione pagina Web?<\/h2>\n<p>I visitatori di Internet non hanno la pazienza di aspettare il caricamento di una pagina web. Una pagina Web corta dovrebbe avere, in media, una dimensione di 12 KB, che si caricher\u00e0 rapidamente. Pi\u00f9 media \u00e8 su una pagina, pi\u00f9 grande \u00e8 il sito e pi\u00f9 lento si carica. Video, immagini, audio, grafica e altri media incorporati aumentano le dimensioni della pagina.<\/p>\n<p>Conoscere le <b>dimensioni della tua pagina web<\/b> \u00e8 fondamentale per la sua salute e le sue prestazioni. Ma come si pu\u00f2 stimare la dimensione totale di un sito web? Un controllo delle dimensioni della pagina del sito Web, chiamato anche ispettore delle dimensioni della pagina, pu\u00f2 aiutare.<\/p>\n<p><b>Sito web<\/b><b> Dimensioni pagina <\/b><b>Checker<\/b> \u00e8 uno dei Sitechecker. I numerosi strumenti SEO di Pro. Questo meraviglioso strumento \u00e8 un controllo delle dimensioni della pagina che pu\u00f2 determinare la dimensione della pagina di qualsiasi URL. Puoi quindi apportare modifiche al tuo sito di conseguenza: ad esempio, se il caricamento del tuo sito Web impiega pi\u00f9 tempo del solito, potresti considerare di comprimerlo.<\/p>\n<h2 id=\"ik_Using\">Utilizzo del Controllo dimensione pagina Web di Sitechecker<\/h2>\n<p>Per verificare le dimensioni di un sito Web online, utilizza il nostro strumento di verifica delle dimensioni della pagina del sito Web.<\/p>\n<h3>Passaggio 1: inserisci il tuo URL<\/h3>\n<p>Copia l&#8217;URL della tua pagina web, incollalo nel blocco disponibile sul nostro sito web e premi il pulsante freccia per iniziare il processo di verifica.<br \/>\n<div class=\"content__img-wrap\"><img src=\"https:\/\/sitechecker.pro\/wp-content\/uploads\/2022\/04\/Web-page-size-checker-new-1-1.jpg\" alt=\"La pagina Web Page Size Checker di Sitechecker.pro con un esempio URL\" class=\"description-img description-img-zoom\" loading=\"lazy\" ><\/div><\/p>\n<h3><b>Fase 2: Risultati<\/b><\/h3>\n<p>La pagina ti condurr\u00e0 ai risultati come mostrato. Puoi anche controllare il link per ulteriori suggerimenti per migliorare le dimensioni della tua pagina web.<br \/>\n<div class=\"content__img-wrap\"><img src=\"https:\/\/sitechecker.pro\/wp-content\/uploads\/2022\/04\/Web-page-size-checker-new-2-1.jpg\" alt=\"Risultato del controllo delle dimensioni della pagina web su Sitechecker.pro\" class=\"description-img description-img-zoom\" loading=\"lazy\" ><\/div><\/p>\n<h2 id=\"ik_Matter\">Le dimensioni della pagina del sito web sono importanti?<\/h2>\n<p>Quando si tratta di siti Web, pi\u00f9 grande non \u00e8 meglio!<\/p>\n<p>Le pagine Web pi\u00f9 piccole di solito vengono scaricate pi\u00f9 velocemente per chiunque le richieda su Internet. Le dimensioni dei file fisici, non l&#8217;altezza o la lunghezza visualizzata dalla pagina sullo schermo, definiscono le dimensioni di una pagina web.<\/p>\n<p>Quando si tratta di scaricare una pagina web, ogni secondo conta. Per saperne di pi\u00f9 sullo stile delle pagine web senza aumentare le dimensioni della pagina, guarda questo video:<br \/>\n<iframe title=\"YouTube video player\" src=\"https:\/\/www.youtube.com\/embed\/-oyeaIirVC0\" width=\"770\" height=\"350\" frameborder=\"0\" allowfullscreen=\"allowfullscreen\"><\/iframe><\/p>\n<h3><b>In che modo le dimensioni influiscono sulle prestazioni del sito?<\/b><\/h3>\n<p>La dimensione della pagina Web \u00e8 importante per le prestazioni, i test e l&#8217;analisi del sito Web. La dimensione del codice sorgente \u00e8 meno importante del contenuto delle attuali connessioni a banda larga. Le pagine di grandi dimensioni rallentano i tempi di download, causando latenza.<\/p>\n<h3><b>In che modo influisce sugli utenti?<\/b><\/h3>\n<p>Un sito Web a caricamento lento pu\u00f2 portare a una frequenza di rimbalzo elevata. Quando fanno clic su un collegamento, gli utenti si aspettano che la pagina Web appaia istantaneamente e passeranno al pulsante Indietro se impiega troppo tempo.<\/p>\n<p>A seconda del provider di hosting Internet e dei piani, dimensioni dei file di pagina inferiori possono comportare risparmi sui costi. Larghezza di banda ridotta (trasferimento di file) significa meno spese di hosting, soprattutto per i siti di grandi dimensioni.<\/p>\n<h3><b>In che modo influisce sulla SEO?<\/b><\/h3>\n<p>Secondo <a href=\"https:\/\/www.thinkwithgoogle.com\/marketing-strategies\/app-and-mobile\/mobile-page-speed-new-industry-benchmarks-load-time-vs-bounce\/\">Google <\/a>, il rischio che un utente di un sito mobile rimbalzi sale <b>del 123%<\/b> man mano che il tempo di caricamento della pagina aumenta da un secondo a dieci secondi.<\/p>\n<p>Come puoi vedere, la velocit\u00e0 della pagina (che dipende dalle dimensioni della pagina) \u00e8 fondamentale, non solo per l&#8217;esperienza dell&#8217;utente ma anche per il posizionamento nei motori di ricerca.<\/p>\n<h2 id=\"ik_Why\">Perch\u00e9 le dimensioni della pagina aumentano?<\/h2>\n<p>Oltre all&#8217;HTML e al codice del foglio di stile, la dimensione del download di altri oggetti dipende da come \u00e8 stata sviluppata la pagina web.<\/p>\n<ul>\n<li>Le funzioni di JavaScript includono banner rotanti, passaggi al passaggio del mouse, popup, convalida dei moduli e altro ancora. Javascript occupa molto spazio in un file, specialmente sui siti di e-commerce personalizzati, ed \u00e8 difficile ridimensionarlo senza perdere funzionalit\u00e0.<\/li>\n<li>Le dimensioni delle immagini possono variare a seconda del formato e della qualit\u00e0 del file. I siti Web con pochi elementi grafici potrebbero avere difficolt\u00e0 a convertire (chi vuole leggere il testo normale?). Tuttavia, i siti Web che vendono o dimostrano qualcosa in modo approfondito richiedono immagini di alta qualit\u00e0 che occupino pi\u00f9 spazio su disco.<\/li>\n<li>Attraverso tecnologie di codifica video come MPEG, i dati vengono compressi alla dimensione pi\u00f9 breve possibile in base a determinati parametri. A meno che non vengano riprodotti automaticamente, molte risorse multimediali su una pagina web richiedono che l&#8217;utente interagisca con esse prima del download.<\/li>\n<li>I caratteri personalizzati hanno una dimensione di circa 0,5 MB, con pi\u00f9 stili e pesi che aumentano tale cifra. I caratteri tipografici personalizzati possono essere ridotti eliminando i gruppi di caratteri. Molti siti Web utilizzano semplicemente Windows o il sistema operativo Apple per visualizzare i caratteri Web.<\/li>\n<\/ul>\n<p>Puoi saperne di pi\u00f9 sul motivo per cui le dimensioni della pagina aumentano qui.<\/p>\n<h2 id=\"ik_Normal\">Qual \u200b\u200b\u00e8 la dimensione normale della pagina?<\/h2>\n<p>Acquisire familiarit\u00e0 con le dimensioni standard del sito Web \u00e8 il primo passo. Il tuo <b>sito si caricher\u00e0 pi\u00f9 velocemente<\/b> se le tue pagine effettive sono <b>meno di 3 MB<\/b>. Una dimensione della pagina di 3 MB o superiore aumenta le frequenze di rimbalzo, riducendo il traffico. Per ottimizzare la velocit\u00e0 di caricamento della pagina del tuo sito<a href=\"https:\/\/sitechecker.pro\/speed-test\/\">,<\/a> utilizza il nostro Controllo dimensione pagina del sito Web come calcolatore per misurare le dimensioni del tuo dominio.<\/p>\n<h2 id=\"ik_Optimize\">Come ottimizzare le dimensioni della pagina?<\/h2>\n<h3>Ottimizza le tue foto<\/h3>\n<p>Per creare le migliori fotografie possibili, considera:<\/p>\n<ul>\n<li>Dimensione fisica dei pixel<\/li>\n<li>Dimensione totale dell&#8217;immagine<\/li>\n<li>Qualit\u00e0 dell&#8217;immagine<\/li>\n<\/ul>\n<p>\u00c8 la densit\u00e0 di pixel di un&#8217;immagine che viene misurata. In questo caso, non importa se l&#8217;immagine viene ridimensionata da 1600 per 1600 a 500 per 500 dimensioni.<\/p>\n<p>Prendi in considerazione l&#8217;utilizzo di formati di immagine pi\u00f9 veloci come WebP su estensione png.<\/p>\n<p>Usa la compressione delle foto senza perdita di dati per ottenere un&#8217;ottimizzazione efficace che risolva tutti i problemi e non faccia alcuna differenza con l&#8217;immagine. Puoi imparare a farlo qui: <a href=\"https:\/\/sitechecker.pro\/site-audit-issues\/image-size-100-kb\/\">https:\/\/sitechecker.pro\/site-audit-issues \/dimensione-immagine-100-kb\/<\/a><\/p>\n<p>L&#8217;uso delle compressioni del testo funzioner\u00e0 anche per ridurre le dimensioni! Scopri come farlo rapidamente semplicemente facendo clic su questo link: <a href=\"https:\/\/sitechecker.pro\/site-audit-issues\/enable-text-compression\/\">https:\/\/sitechecker.pro\/site- audit-issues\/enable-text-compression\/<\/a><\/p>\n<h3>Riduci Google Cache<\/h3>\n<p>La <a href=\"https:\/\/sitechecker.pro\/google-cache\/\">La memoria cache<\/a> tende a appesantire un sito Web sia per l&#8217;utente che per te. Puoi ridurlo per caricare le tue pagine pi\u00f9 velocemente.<\/p>\n<h3>Riduci il tuo script HTML e CSS<\/h3>\n<p><a href=\"https:\/\/sitechecker.pro\/minify-css\/\">Minimo<\/a> il tuo HTML e <a href=\"https:\/\/sitechecker.pro\/site-audit-issues\/css-file-size-15-kb\/\"> I file CSS<\/a> possono ridurre notevolmente le dimensioni della pagina rimuovendo la spaziatura indesiderata e non necessaria dal codice. Se sai che le tue pagine sono piene di codice non necessario, minimizzarle ha senso. Puoi imparare a ridurre le dimensioni delle pagine HTML qui: <a href=\"https:\/\/sitechecker.pro\/site-audit-issues\/pages-large-html-size\/\">https:\/\/sitechecker.pro\/site-audit -issues\/pages-large-html-size\/<\/a><\/p>\n<p>La stessa logica si applica a <a href=\"https:\/\/sitechecker.pro\/minify-js\/\">JavaScript <\/a>e ai file CSS. Tuttavia, poich\u00e9 le lingue sono diverse, dovrai imparare la sintassi necessaria! Impara a ridurre le dimensioni JS qui: <a href=\"https:\/\/sitechecker.pro\/site-audit-issues\/javascript-file-size-25-kb\/\">https:\/\/sitechecker.pro\/site-audit- problemi\/dimensione-file-javascript-25-kb\/<\/a><\/p>\n<p>E mentre sei in movimento, impara a fare lo stesso per i file CSS qui: <a href=\"https:\/\/sitechecker.pro\/site-audit-issues\/css-file-size-15-kb\/\"> https:\/\/sitechecker.pro\/site-audit-issues\/css-file-size-15-kb\/<\/a><br \/>\n    <div class=\"blog__conversion blog__conversion-app element__logged_out\">\n        <div class=\"blog__conversion-inner\">\n            <p class=\"title\">L'analisi delle dimensioni della pagina non \u00e8 sufficiente per ottimizzare il tuo sito per i motori di ricerca!<\/p>\n            <p class=\"description\">Esegui un audit completo per scoprire e correggere il tuo SEO tecnico al fine di migliorare i risultati della SERP.<\/p>\n            <form id=\"audit__form\"\n                  class=\"article__seo-search audit__form Esegui un audit completo per scoprire e correggere il tuo SEO tecnico al fine di migliorare i risultati della SERP.\"\n                  action=\"\"\n                  method=\"POST\"\n                  autocomplete=\"off\">\n                <span class=\"error\"><\/span>\n                <div class=\"error__limits\">Something went wrong. Please, try again later.<\/div>\n                <input name=\"url\"\n                       type=\"text\"\n                       placeholder=\"Inserisci qui il tuo dominio\">\n                                <button type=\"submit\"\n                        class=\"sitechecker__text\">\n                    <span>Launch audit<\/span>\n                    <img src=\"\/wp-content\/themes\/sitechecker\/out\/img_design\/loading.svg\"\n                         width=\"31\"\n                         height=\"30\"\n                         class=\"loading\">\n                <\/button>\n            <\/form>\n        <\/div>\n    <\/div>\n    <\/p>","protected":false},"excerpt":{"rendered":"Non \u00e8 il design o il contenuto che a volte d\u00e0 il tono a una pagina web, ma la dimensione della pagina! In questo articolo, impareremo perch\u00e9 i controlli delle dimensioni delle pagine Web sono importanti e fino a che punto puoi utilizzare questo fantastico strumento. Che cos&#8217;\u00e8 un controllo dimensione pagina Web? I visitatori&#8230;","protected":false},"author":10409641,"featured_media":3353,"parent":0,"menu_order":0,"comment_status":"closed","ping_status":"closed","template":"pages-templates\/pages-minitools-3.php","meta":[],"categories":[74],"tags":[],"_links":{"self":[{"href":"https:\/\/sitechecker.pro\/it\/wp-json\/wp\/v2\/pages\/1133"}],"collection":[{"href":"https:\/\/sitechecker.pro\/it\/wp-json\/wp\/v2\/pages"}],"about":[{"href":"https:\/\/sitechecker.pro\/it\/wp-json\/wp\/v2\/types\/page"}],"author":[{"embeddable":true,"href":"https:\/\/sitechecker.pro\/it\/wp-json\/wp\/v2\/users\/10409641"}],"replies":[{"embeddable":true,"href":"https:\/\/sitechecker.pro\/it\/wp-json\/wp\/v2\/comments?post=1133"}],"version-history":[{"count":96,"href":"https:\/\/sitechecker.pro\/it\/wp-json\/wp\/v2\/pages\/1133\/revisions"}],"predecessor-version":[{"id":39296,"href":"https:\/\/sitechecker.pro\/it\/wp-json\/wp\/v2\/pages\/1133\/revisions\/39296"}],"wp:featuredmedia":[{"embeddable":true,"href":"https:\/\/sitechecker.pro\/it\/wp-json\/wp\/v2\/media\/3353"}],"wp:attachment":[{"href":"https:\/\/sitechecker.pro\/it\/wp-json\/wp\/v2\/media?parent=1133"}],"wp:term":[{"taxonomy":"category","embeddable":true,"href":"https:\/\/sitechecker.pro\/it\/wp-json\/wp\/v2\/categories?post=1133"},{"taxonomy":"post_tag","embeddable":true,"href":"https:\/\/sitechecker.pro\/it\/wp-json\/wp\/v2\/tags?post=1133"}],"curies":[{"name":"wp","href":"https:\/\/api.w.org\/{rel}","templated":true}]}}