{"id":1115,"date":"2023-11-23T12:51:03","date_gmt":"2023-11-23T12:51:03","guid":{"rendered":"https:\/\/sitechecker.pro\/?page_id=1115"},"modified":"2025-01-02T16:17:04","modified_gmt":"2025-01-02T16:17:04","slug":"hreflang-tags","status":"publish","type":"page","link":"https:\/\/sitechecker.pro\/it\/hreflang-tags\/","title":{"rendered":"Cosa sono i tag hreflang e come implementarli correttamente?"},"content":{"rendered":"<p>Innanzitutto, di cosa si tratta? L&#8217;hreflang \u00e8 una soluzione tecnica per siti web che presentano lo stesso contenuto in varie lingue, ad esempio, l&#8217;utente risiede in Francia, la pagina del sito \u00e8 nella <a href=\"https:\/\/sitechecker.pro\/it\/serp\/\">SERP <\/a>in inglese, ma esiste anche una versione francese. Qual \u00e8 il tuo obiettivo? Devi assicurarti che questo utente di Google visualizzi la pagina in francese. Con i tag hreflang, puoi specificare se una pagina \u00e8 per i residenti statunitensi e l&#8217;altra per quelli britannici, oppure puoi creare due pagine diverse per gli utenti tedeschi e quelli austriaci, tutto questo, \u00e8 esattamente lo scopo per cui \u00e8 stato sviluppato l&#8217;attributo hreflang.<\/p>\n<p>Prima di leggere questo articolo, consigliamo di leggere le <a href=\"https:\/\/support.google.com\/webmasters\/answer\/189077?hl=it\">Istruzioni di Google<\/a> .<\/p>\n<p>&nbsp;<\/p>\n<h2>#1: Vediamo se hai bisogno di tag hreflang sul tuo sito web?<\/h2>\n<p>&nbsp;<\/p>\n<p>Ovviamente, questo \u00e8 il passaggio pi\u00f9 semplice di tutto il processo, ma per prendere una decisione giusta, devi considerare diverse sfumature, quindi, ne hai bisogno se:<\/p>\n<ul>\n<li>\u00a0Disponi dello stesso contenuto in diverse lingue;<\/li>\n<li>Disponi di contenuti orientati verso diverse aree geografiche, ma la lingua \u00e8 sempre la stessa.<\/li>\n<\/ul>\n<p>Per fare maggiore chiarezza, ecco alcuni esempi:<\/p>\n<p><strong>Esempio 1:<\/strong> un sito web in lingua inglese, che ha 3 differenti versioni: una per gli USA, una per il Regno Unito e l&#8217;ultima per il resto del mondo;<\/p>\n<p><strong>Esempio 2:<\/strong> un sito web con tre versioni di lingue internazionali: inglese, spagnolo e francese;<\/p>\n<p><strong>Esempio 3:<\/strong> un sito web globale, con tre versioni per diversi continenti, basato sulla lingua inglese: per Europa, Asia, Stati Uniti e Canada;<\/p>\n<p><strong>Esempio 4:<\/strong> un sito web con versioni in inglese e spagnolo, ma solo per gli USA;<\/p>\n<p><strong>Esempio 5:<\/strong> un sito web per un paese con diverse lingue native.<\/p>\n<p>Se ti rispecchi in uno di questi esempi, hai sicuramente bisogno dell&#8217;attributo hreflang.<\/p>\n<p>&nbsp;<\/p>\n<h2>#2: Crea una mappa delle versioni e delle lingue del tuo sito web<\/h2>\n<p>&nbsp;<\/p>\n<p>L&#8217;attuale posizione dell&#8217;utente e le impostazioni della lingua, determinano <a href=\"https:\/\/sitechecker.pro\/it\/what-is-url\/\">l\u2019URL <\/a>pi\u00f9 appropriato. L&#8217;utente pu\u00f2 avere molte lingue nelle impostazioni del browser. L&#8217;ordine in cui queste lingue appaiono nelle impostazioni, determina la lingua pi\u00f9 appropriata per l&#8217;utente.<\/p>\n<p>La cosa migliore, \u00e8 quella di creare una tabella a tre colonne:<\/p>\n<ul>\n<li>\u00a0Lingua: una versione del sito web che possiede una sola lingua ed \u00e8 importante non mischiare le lingue;<\/li>\n<li>Versione del sito: puoi creare diverse versioni del sito su uno dei vari domini o su diversi sotto domini;<\/li>\n<li>Paesi: ogni sito pu\u00f2 mirare al pubblico di un determinato paese in tutto il mondo.<\/li>\n<\/ul>\n<p>Per siti ad una lingua o per un paese, questa tabella \u00e8 molto semplice. Tuttavia, per tutti gli altri, ci sono alcuni esempi pi\u00f9 dettagliati.<\/p>\n<p>&nbsp;<\/p>\n<p><strong>Esempio 1:<\/strong> un sito web in lingua inglese, che ha 3 differenti versioni: una per gli USA, una per il Regno Unito e l&#8217;ultima per il resto del mondo.<\/p>\n<p>Puoi usare diversi domini. Ad esempio, il sito per gli Stati Uniti d&#8217;America e il resto del mondo, pu\u00f2 utilizzare domini come .com\/us\/ o .com\/en\/, mentre il sito del Regno Unito pu\u00f2 essere ospitato su .co.uk. Infatti, non \u00e8 necessario utilizzare domini diversi e la versione del Regno Unito pu\u00f2 essere ospitata su .com\/uk\/, ma \u00e8 un buon esempio.<\/p>\n<p>&nbsp;<\/p>\n<p><strong>Esempio 2:<\/strong> un sito web con tre versioni di lingue internazionali: inglese, spagnolo e francese.<\/p>\n<p>Si tratta di un sito pensato principalmente per un&#8217;azienda presente in tutto il mondo, con diverse lingue e per paesi diversi, come SaaS o industrie simili (si noti che lo stesso dominio .com viene utilizzato per tutte e tre le versioni, ma con diverse sottodirectory).<\/p>\n<p>&nbsp;<\/p>\n<p><strong>Esempio 3:<\/strong> un sito web globale, con tre versioni per diversi continenti, basato sulla lingua inglese: per Europa, Asia, Stati Uniti e Canada.<\/p>\n<p>Un sito di una sola lingue, ma con un pubblico proveniente da diversi continenti. Pertanto, ci dovrebbero essere tre opzioni diverse:<\/p>\n<ul>\n<li>\u00a0Paesi in Europa: Belgio, Islanda, Germania, Austria, Svizzera, Portogallo, Repubblica Ceca, Ungheria, Danimarca, Finlandia, Regno Unito, Croazia, Italia, Lussemburgo, Francia, Norvegia, Svezia, Paesi Bassi, Polonia e altro;<\/li>\n<li>Canada, USA;<\/li>\n<li>Paesi in Asia: Cina, Australia, India, Giappone, Hong Kong, Nuova Zelanda, Indonesia.<\/li>\n<\/ul>\n<p>&nbsp;<\/p>\n<p><strong>Esempio 4:<\/strong> un sito web con versioni in inglese e spagnolo, ma solo per gli USA.<\/p>\n<p>Questa \u00e8 un&#8217;opzione per quei paesi che hanno diverse lingue di stato o ambienti multilingua e, in questo caso, dovresti considerare l&#8217;uso di un dominio specifico per paese, come https:\/\/es. e https:\/\/en.<\/p>\n<p>&nbsp;<\/p>\n<p><strong>Esempio 5:<\/strong> un sito web per un paese con diverse lingue native.<\/p>\n<p>Di solito, quest&#8217;opzione viene usata dagli operatori di e-commerce (negozi online, riviste online, servizi di viaggio o di formazione e altro) in tutto il mondo. Le aziende B2B, solitamente utilizzano l&#8217;inglese per le lingue native dei paesi.<\/p>\n<p>&nbsp;<\/p>\n<table style=\"height: 343px;\" width=\"900\">\n<tbody>\n<tr>\n<td><b>dominio<\/b><\/td>\n<td><b>lingua<\/b><\/td>\n<td><b>paese<\/b><\/td>\n<\/tr>\n<tr>\n<td>.ch\/fr\/<\/td>\n<td><span style=\"font-weight: 400;\">Francese<\/span><\/td>\n<td><span style=\"font-weight: 400;\">Svizzera<\/span><\/td>\n<\/tr>\n<tr>\n<td>.de\/<\/td>\n<td><span style=\"font-weight: 400;\">Tedesco<\/span><\/td>\n<td><span style=\"font-weight: 400;\">Germania<\/span><\/td>\n<\/tr>\n<tr>\n<td>.com.uk\/<\/td>\n<td><span style=\"font-weight: 400;\">Inglese<\/span><\/td>\n<td><span style=\"font-weight: 400;\">UK<\/span><\/td>\n<\/tr>\n<tr>\n<td>.be\/fr\/<\/td>\n<td><span style=\"font-weight: 400;\">Francese<\/span><\/td>\n<td><span style=\"font-weight: 400;\">Belgio<\/span><\/td>\n<\/tr>\n<tr>\n<td>.ch\/de\/<\/td>\n<td><span style=\"font-weight: 400;\">Tedesco<\/span><\/td>\n<td><span style=\"font-weight: 400;\">Svizzera<\/span><\/td>\n<\/tr>\n<tr>\n<td>.be\/nl\/<\/td>\n<td><span style=\"font-weight: 400;\">Olandese<\/span><\/td>\n<td><span style=\"font-weight: 400;\">Olanda<\/span><\/td>\n<\/tr>\n<\/tbody>\n<\/table>\n<p>&nbsp;<\/p>\n<p>C&#8217;\u00e8 un mix di strategie con sotto domini e sottodirectory, la cui idea \u00e8 quella di mostrare quanto diverse possano essere le opzioni del sito con l&#8217;uso dei tag hreflang.<\/p>\n<p>&nbsp;<\/p>\n<h2>#3: Struttura del sito web e strategia del dominio<\/h2>\n<p>&nbsp;<\/p>\n<p>C&#8217;\u00e8 una regola molto importante. Google interpreta automaticamente i contenuti su domini specifici per paese (ccTLDs) come obiettivo per utenti di un solo paese. Tuttavia, come abbiamo gi\u00e0 sottolineato, l&#8217;attributo hreflang pu\u00f2 essere implementato con quasi tutte le combinazioni di domini, sotto domini e sottodirectory:<\/p>\n<ul>\n<li>\u00a0v gTLD (dominio generico di primo livello) si tratta di un dominio di primo livello, creato per la segmentazione degli indirizzi di risorse elettroniche di una determinata classe di organizzazioni o community;<\/li>\n<li>v ccTLD (dominio generico di primo livello) si tratta di un dominio di primo livello dedicato a un paese specifico; ad esempio: .de per la Germania, .fe per la Francia, ecc.<\/li>\n<\/ul>\n<p>Il ccTLDS \u00e8 associato a un paese specifico. Al contrario, i gTLD non sono specifici per paese. Non tutti devono prendere in considerazione queste informazioni, ma per il targeting internazionale, \u00e8 una cosa molto importante perch\u00e9 utilizzando il sotto dominio o la sottodirectory ccTLD, ci si rivolger\u00e0 al pubblico di solo paese associato al ccTLD.<\/p>\n<p>Utilizzando la Google Search Console gTLD, puoi scegliere di indirizzare il contenuto ad utenti di un determinato paese. Utilizzando il ccTLD, \u00e8 impossibile specificare un paese, perch\u00e9 \u00e8 gi\u00e0 stato scelto dal tuo ccTLD. \u00c8 complicato, ma vediamo cosa possiamo fare.<\/p>\n<p>Utilizzando i ccTLD, indirizzi il sito al pubblico di un paese corrispondente, ma non a quello di altri paese con il contenuto del sito web del dominio. Assicurati di creare una struttura con le opzioni di targeting come \u201cTutti i paese\u201d o \u201cResto del mondo\u201d, per indirizzare gli utenti ai gTLD. Che cosa significa?<\/p>\n<p>Ad esempio, possiedi un sito con molte versioni per paese, ma non versioni generiche per un pubblico di altri paese, sar\u00e0 dunque ragionevole aggiungere le versioni di lingua generiche sui gTLD in versioni linguistiche gi\u00e0 create per gli utenti che si rivolgono al di fuori dei mercati per cui abbiamo creato il sito. Quindi, indicando una struttura di dominio internazionale o multilingue, possiamo facilmente definire il valore hreflang per ogni versione del sito web. Questo \u00e8 qualcosa che dovresti tenere a mente.<\/p>\n<p>&nbsp;<\/p>\n<h2>#4: Il valore hreflang per ogni paese e lingua<\/h2>\n<p>&nbsp;<\/p>\n<ul>\n<li>Il valore hreflang ha un codice lingua e un codice paese, che sono separati da un trattino;<\/li>\n<li>I codici lingua hanno il formato ISO 639-1 format, i codici paese hanno il formato ISO 3166-1 Alpha-2;<\/li>\n<li>Il valore hreflang pu\u00f2 essere assegnato una volta sola e quindi, non \u00e8 possibile avere due versioni del sito, che sono mirate alla stessa lingua e agli utenti di uno stesso paese (ogni combinazione di lingua e paese deve essere unica);<\/li>\n<li>Gli URL possono ricevere pi\u00f9 valori hreflang contemporaneamente.<\/li>\n<\/ul>\n<p>Ora possiamo aggiungere la quarta colonna al quinto esempio (secondo passaggio).<\/p>\n<p>&nbsp;<\/p>\n<table style=\"height: 330px;\" width=\"939\">\n<tbody>\n<tr>\n<td><b>dominio<\/b><\/td>\n<td><b>lingua<\/b><\/td>\n<td><b>paese<\/b><\/td>\n<td><b>valore <\/b> <b>hreflang <\/b><\/td>\n<\/tr>\n<tr>\n<td>.ch\/fr\/<\/td>\n<td><span style=\"font-weight: 400;\">Francese<\/span><\/td>\n<td><span style=\"font-weight: 400;\">Svizzera<\/span><\/td>\n<td>de-CH<\/td>\n<\/tr>\n<tr>\n<td>.de\/<\/td>\n<td><span style=\"font-weight: 400;\">Tedesco<\/span><\/td>\n<td><span style=\"font-weight: 400;\">Germania<\/span><\/td>\n<td>de-DE<\/td>\n<\/tr>\n<tr>\n<td>.com.uk\/<\/td>\n<td><span style=\"font-weight: 400;\">Inglese<\/span><\/td>\n<td>UK<\/td>\n<td>en-GB<\/td>\n<\/tr>\n<tr>\n<td>.be\/fr\/<\/td>\n<td><span style=\"font-weight: 400;\">Francese<\/span><\/td>\n<td><span style=\"font-weight: 400;\">Belgio<\/span><\/td>\n<td>fr-BE<\/td>\n<\/tr>\n<tr>\n<td>.ch\/de\/<\/td>\n<td><span style=\"font-weight: 400;\">Tedesco<\/span><\/td>\n<td><span style=\"font-weight: 400;\">Svizzera<\/span><\/td>\n<td>de-CH<\/td>\n<\/tr>\n<tr>\n<td>.be\/nl\/<\/td>\n<td><span style=\"font-weight: 400;\">Olandese<\/span><\/td>\n<td><span style=\"font-weight: 400;\">Olanda<\/span><\/td>\n<td>dt-NL<\/td>\n<\/tr>\n<\/tbody>\n<\/table>\n<p>&nbsp;<\/p>\n<p>Tutte le versioni del \u00abesempio 5\u00bb sono indirizzate ad un paese esatto, ospitato su un ccTLD, quindi, tutti ricevono un codice paese opzionale e mentre le versioni del sito web sono ospitate sui ccTLD, i codici paese non sono necessari. Perch\u00e9 i ccTLD vengono associati automaticamente al paese. I valori hreflang del codice paese corretto, devono ricevere sempre gli URL sui ccTLD.<\/p>\n<p>&nbsp;<\/p>\n<h2>#5: Hreflang=\u201cx-default\u201d<\/h2>\n<p>&nbsp;<\/p>\n<p>Questo \u00e8 un valore speciale per l&#8217;attributo hreflang detto \u201cx-default\u201d, che specifica dove dovrebbero andare gli utenti, se nessuna delle lingue corrisponde alle impostazioni del browser nei tuoi collegamenti hreflang. Per la prima volta, questa opportunit\u00e0 \u00e8 stata presentata per le landing page internazionali, ovvero le pagine a cui reindirizzate gli utenti, a seconda della loro posizione.<\/p>\n<p>Allo stesso tempo, serve come strumento universale. Se la posizione e la lingua del pubblico non corrisponde a quella stabilita, vengono reindirizzati. Ad esempio, l&#8217;utente della Germania sta cercando qualcosa in lingua inglese, di norma, non ci sar\u00e0 un URL adatto e in questi casi, viene utilizzato x-default. \u00c8 stato aggiunto il quarto link risulta:<\/p>\n<ul>\n<li>\u00a0De;<\/li>\n<li>De-at;<\/li>\n<li>De-ch;<\/li>\n<li>X-default.<\/li>\n<\/ul>\n<p>&nbsp;<\/p>\n<h2>#6: Annotazioni hreflang<\/h2>\n<p>&nbsp;<\/p>\n<p>Le annotazioni hreflang dovrebbero essere implementate a livello URL. Pertanto, ogni set di URL di paesi o lingue diversi, riceve il proprio set di annotazioni.<\/p>\n<p>1. Non tutte le pagine potrebbero esistere in tutti i luoghi e le lingue. Non dovresti usare le annotazioni hreflang per puntare a nessuna pagina esistente.<\/p>\n<p>2. Hai bisogno di annotazioni hreflang solo per le pagine che desideri vengano indicizzate dai sistemi di ricerca, il che \u00e8 importante da tenere a mente.<\/p>\n<p>3. Gli URL non canonici non dovrebbero avere annotazioni hreflang.<\/p>\n<p>La scelta delle annotazioni hreflang pu\u00f2 essere una cosa molto complicata. La cosa pi\u00f9 importante di cui hai bisogno, \u00e8 che le pagine del tuo account siano collegate con le annotazioni hreflang ricevute.<\/p>\n<p>&nbsp;<\/p>\n<h2>#7: Metodo d&#8217;implementazione del hreflang<\/h2>\n<p>&nbsp;<\/p>\n<p>Ci sono tre metodi comuni:<\/p>\n<p><strong>1. Sitemap XML<\/strong><\/p>\n<p>Ci sono diversi problemi legati all&#8217;elaborazione delle informazioni in sitemap da parte di Google, perch\u00e9 non elabora spesso le pagine XML. Inoltre, scegliendo questo metodo, \u00e8 possibile riscontrare alcuni errori nella Google Search Console.<\/p>\n<p>Di solito, gli sviluppatori preferiscono utilizzare le sitemap XML per implementare il codice sorgente HTML, con ogni pagina per i siti globali (in tutto il mondo). Crediamo, che molte annotazioni hreflang creino pi\u00f9 problemi in una <a href=\"https:\/\/sitechecker.pro\/it\/xml-sitemap\/\">sitemap XML<\/a> che nella sezione dell&#8217;intestazione del codice di una pagina.<\/p>\n<p>Cosa bisogna ricordare? La decisione \u00e8 stata presa, ma se continui a utilizzare il metodo d&#8217;implementazione delle sitemap XML, ti consigliamo di consultare ulteriori informazioni sui consigli di Google prima di commettere alcuni errori.<\/p>\n<p><strong>2. L&#8217;intestazione HTTP di ogni pagina<\/strong><\/p>\n<p>Teoricamente, l&#8217;intestazione HTTP del metodo d&#8217;implementazione di ogni pagina, ha tutti i vantaggi di cui hai bisogno:<\/p>\n<ul>\n<li>\u00a0Google riceve sempre le informazioni dall&#8217;intestazione HTTP, a differenza del caso delle sitemap XML;<\/li>\n<li>\u00c8 possibile impostare intestazioni HTTP per ogni URL, anche se non possiedono un proprio codice sorgente, nonch\u00e9 PDF e altri file non HTML.<\/li>\n<\/ul>\n<p>Tuttavia, questo metodo \u00e8 anche abbastanza complicato da utilizzare. Gli strumenti SEO non prestano sufficiente attenzione alle intestazioni HTTP. Pertanto, spesso causa pi\u00f9 difficolt\u00e0 che vantaggi, ma, d&#8217;altra parte, il codice da solo \u00e8 abbastanza facile da scrivere ed \u00e8 molto simile all&#8217;intestazione HTML.<\/p>\n<p><strong>3. La sezione dell&#8217;intestazione del codice HTML di ogni pagina<\/strong><\/p>\n<p>\u00c8 sicuramente il metodo d&#8217;implementazione hreflang pi\u00f9 famoso e semplice disponibile su internet. Tra gli sviluppatori, \u00e8 quello maggiormente consigliato. Tuttavia, purtroppo, ci sono anche alcuni aspetti negativi che lo riguardano.<\/p>\n<p>Ci pu\u00f2 essere un problema di errore nell&#8217;usare il valore x-default per le tue pagine, quindi, se la home page del tuo sito ha lo scopo di reindirizzare il pubblico alla sua posizione o lingua del browser, \u00e8 meglio usare altri due metodi d&#8217;implementazione hreflang.<\/p>\n<p>Inoltre, se disponi di molte opzioni di lingua o posizione differenti, dovrai effettuare molte annotazioni hreflang, che hanno conseguenze negative. Quali? Il lungo codice aggiuntivo aumenta le dimensioni della pagina web e quindi, pu\u00f2 rallentare il tempo di caricamento e, se non si desidera aumentare le dimensioni del sito, \u00e8 consigliabile utilizzare un altro metodo. Tuttavia, c&#8217;\u00e8 un&#8217;altra cosa da tenere a mente. Infatti, non sempre le dimensioni standard delle pagine web sono ottimali (a causa di diversi motivi, tra cui problemi internet di diversi paesi), quindi \u00e8 qui che dovresti fare qualche ricerca per trovare l&#8217;opzione pi\u00f9 efficiente per la tua risorsa e per i tuoi utenti.<\/p>\n<p>Ci sono anche alcuni consigli importanti a cui dovresti prestare attenzione mentre lavori con l&#8217;hreflang:<\/p>\n<ul>\n<li>Dovresti creare una Google Search Console per ogni opzione di posizione e lingua;<\/li>\n<li>\u00a0Dovresti allineare la tua implementazione hreflang con le opzioni di targeting internazionali;<\/li>\n<li>\u00a0Dovresti lanciare e risolvere tutti gli errori della Google Search Console;<\/li>\n<li>Dovresti prestare attenzione al notevole aumento delle dimensioni delle pagine web, se non desideri infastidire gli utenti con un caricamento lento;<\/li>\n<li>Non dimenticare di controllare le impressioni dei Google Webmaster Tools.<\/li>\n<\/ul>\n<p>Ora conosci proprio tutto! L&#8217;utilizzo dell&#8217;attributo hreflang \u00e8 parte integrante dell&#8217;ottimizzazione delle risorse web globali e per la corretta percezione da parte dei motori di ricerca di un&#8217;adeguata determinazione della correttezza della visualizzazione di una versione linguistica specifica per un utente specifico.<\/p>\n<p>L&#8217;adempimento di questa condizione fornir\u00e0 alle risorse web statistiche positive dei principali indicatori presi in considerazione dai <a href=\"https:\/\/sitechecker.pro\/it\/search-engines\/\">motori di ricerca<\/a>, che influiranno senz&#8217;altro sui risultati complessivi della sua promozione.<\/p>","protected":false},"excerpt":{"rendered":"Innanzitutto, di cosa si tratta? L&#8217;hreflang \u00e8 una soluzione tecnica per siti web che presentano lo stesso contenuto in varie lingue, ad esempio, l&#8217;utente risiede in Francia, la pagina del sito \u00e8 nella SERP in inglese, ma esiste anche una versione francese. Qual \u00e8 il tuo obiettivo? Devi assicurarti che questo utente di Google visualizzi&#8230;","protected":false},"author":11474150,"featured_media":3428,"parent":0,"menu_order":0,"comment_status":"closed","ping_status":"closed","template":"pages-templates\/pages-v2.php","meta":[],"categories":[28],"tags":[],"_links":{"self":[{"href":"https:\/\/sitechecker.pro\/it\/wp-json\/wp\/v2\/pages\/1115"}],"collection":[{"href":"https:\/\/sitechecker.pro\/it\/wp-json\/wp\/v2\/pages"}],"about":[{"href":"https:\/\/sitechecker.pro\/it\/wp-json\/wp\/v2\/types\/page"}],"author":[{"embeddable":true,"href":"https:\/\/sitechecker.pro\/it\/wp-json\/wp\/v2\/users\/11474150"}],"replies":[{"embeddable":true,"href":"https:\/\/sitechecker.pro\/it\/wp-json\/wp\/v2\/comments?post=1115"}],"version-history":[{"count":50,"href":"https:\/\/sitechecker.pro\/it\/wp-json\/wp\/v2\/pages\/1115\/revisions"}],"predecessor-version":[{"id":34734,"href":"https:\/\/sitechecker.pro\/it\/wp-json\/wp\/v2\/pages\/1115\/revisions\/34734"}],"wp:featuredmedia":[{"embeddable":true,"href":"https:\/\/sitechecker.pro\/it\/wp-json\/wp\/v2\/media\/3428"}],"wp:attachment":[{"href":"https:\/\/sitechecker.pro\/it\/wp-json\/wp\/v2\/media?parent=1115"}],"wp:term":[{"taxonomy":"category","embeddable":true,"href":"https:\/\/sitechecker.pro\/it\/wp-json\/wp\/v2\/categories?post=1115"},{"taxonomy":"post_tag","embeddable":true,"href":"https:\/\/sitechecker.pro\/it\/wp-json\/wp\/v2\/tags?post=1115"}],"curies":[{"name":"wp","href":"https:\/\/api.w.org\/{rel}","templated":true}]}}