{"id":1063,"date":"2020-07-08T13:23:40","date_gmt":"2020-07-08T11:23:40","guid":{"rendered":"https:\/\/sitechecker.pro\/?page_id=1063"},"modified":"2026-02-19T15:27:13","modified_gmt":"2026-02-19T15:27:13","slug":"speed-test","status":"publish","type":"page","link":"https:\/\/sitechecker.pro\/it\/speed-test\/","title":{"rendered":"Esegui il testi di velocit\u00e0 del sito web e scopri come velocizzare il caricamento del sito"},"content":{"rendered":"<p>La velocit\u00e0 di caricamento del tuo sito \u00e8 un parametro cruciale per il posizionamento nei motori di ricerca. Abbiamo creato uno Speed \u200b\u200bTest che ti consente di analizzare la velocit\u00e0 di caricamento del tuo sito. Puoi usarlo per accelerare il caricamento delle tue risorse cos\u00ec come per capire cosa causa il rallentamento del tuo sito.<\/p>\n<p>Website Speed \u200b\u200bTest \u00e8 facile da usare, adatto sia ai principianti che agli utenti pi\u00f9 esperti. Cogli l&#8217;opportunit\u00e0 di conoscere i punti deboli del tuo sito grazie a questo controllo della velocit\u00e0 gratuito, indagando cosa ti impedisce di aumentare la velocit\u00e0 di caricamento della pagina.<\/p>\n<p>Volevamo creare lo strumento perfetto per testare la velocit\u00e0 di un sito web e aiutare i webmaster e gli sviluppatori web a controllare le prestazioni dei loro siti online.<\/p>\n<p>Beh, ce l\u2019abbiamo fatta!<\/p>\n<p>Diamo un&#8217;occhiata pi\u00f9 da vicino ai motivi per cui il tuo sito potrebbe essere lento da caricare. Usa il nostro strumento per controllare i principali indicatori di velocit\u00e0 della tua risorsa.<\/p>\n<h2>La Velocit\u00e0 del Sito Web Influisce sulla Tua Attivit\u00e0<\/h2>\n<ul>\n<li style=\"font-weight: 400;\" aria-level=\"1\"><b>8% <\/b><span style=\"font-weight: 400;\">in meno di visualizzazioni di pagina dopo soli 3 secondi di ritardo<\/span><b>.<\/b><\/li>\n<li style=\"font-weight: 400;\" aria-level=\"1\"><b>16% <\/b><span style=\"font-weight: 400;\">di riduzione della soddisfazione del cliente dopo un solo secondo di ritardo.<\/span><\/li>\n<li style=\"font-weight: 400;\" aria-level=\"1\"><b>32%<\/b><span style=\"font-weight: 400;\"> \u00e8 la probabilit\u00e0 che un utente cambi pagina dopo un ritardo di 3 secondi nel tempo di caricamento.<\/span><\/li>\n<li><b>40%<\/b><span style=\"font-weight: 400;\"> dei tuoi clienti lascer\u00e0 il sito web se la pagina impiega pi\u00f9 di 3 secondi per caricarsi.<\/span><\/li>\n<\/ul>\n<h2>Perch\u00e9 la Velocit\u00e0 di Caricamento del Sito Web \u00e8 Importante<\/h2>\n<p>Le ricerche di Google ci mostrano che il tempo di caricamento di una pagina da 1 a 5 secondi aumenta la probabilit\u00e0 di rimbalzo del 107%. Vediamo cosa influenza la velocit\u00e0 di caricamento del sito e perch\u00e9 dovresti lavorare per migliorarlo.<br \/>\nCome prima cosa devi controllare la velocit\u00e0 della pagina.<\/p>\n<ul>\n<li style=\"font-weight: 400;\" aria-level=\"1\"><b>Ottieni pi\u00f9 clienti<\/b><span style=\"font-weight: 400;\"> \u2013 Il tempo di caricamento \u00e8 essenziale anche per caricare il sito da un dispositivo mobile. Oggi la maggior parte degli utenti visita i siti web dagli smartphone, e dovresti fare attenzione cercando di raggiungere questo pubblico di potenziali clienti.<\/span><\/li>\n<li style=\"font-weight: 400;\" aria-level=\"1\"><b>Migliora l\u2019esperienza utente<\/b><span style=\"font-weight: 400;\"> \u2013 Un codice della pagina complesso comporter\u00e0 un caricamento pi\u00f9 lento. Abbandona i siti ingombranti e procedi con l&#8217;ottimizzazione del codice del tuo sito. Credici, cos\u00ec da poter accelerare in modo significativo le prestazioni del tuo sito.<\/span><\/li>\n<li style=\"font-weight: 400;\" aria-level=\"1\"><b>Fidelizza gli utenti<\/b><span style=\"font-weight: 400;\"> \u2013 Attirare l\u2019attenzione del cliente non \u00e8 sufficiente, questa infatti deve restare a lungo. Tieni presente che se le pagine del tuo sito vengono caricate rapidamente, le possibilit\u00e0 che l&#8217;utente lasci la risorsa si riducono. Del resto, se ci pensi, nemmeno tu apprezzi i siti lenti!<\/span><\/li>\n<li style=\"font-weight: 400;\" aria-level=\"1\"><b>Ottieni pi\u00f9 conversioni<\/b><span style=\"font-weight: 400;\"> \u2013 Quanto pi\u00f9 velocemente le tue risorse vengono caricate, tante pi\u00f9 conversioni puoi ottenere dagli acquirenti che non hanno lasciato il tuo sito dopo aver visualizzato la prima pagina.\u00a0<\/span><\/li>\n<\/ul>\n<h2>Ti Chiedi Perch\u00e9 la Tua Pagina \u00e8 Lenta? Utilizza il Nostro Strumento di Test della Velocit\u00e0 del Sito<\/h2>\n<p>Ottieni informazioni dettagliate sulla velocit\u00e0 di caricamento e sulle dimensioni della pagina con un test di velocit\u00e0 della pagina. Con noi puoi esportare i risultati in un file PDF, condividere un collegamento ai dati o copiare le informazioni negli appunti. Il test di velocit\u00e0 della pagina web \u00e8 un modo molto conveniente per ottenere i risultati dei test potendoli poi confrontare con gli indicatori dopo aver corretto i bug sul tuo sito. Ti proponiamo un web hosting con le migliori garanzie di velocit\u00e0 del sito. Testa con noi la velocit\u00e0 di caricamento del sito web! Approfitta dell&#8217;opzione di esportazione e analizza la velocit\u00e0 di caricamento del tuo sito con il nostro controllo di velocit\u00e0.<\/p>\n<p>Per garantirti la massima comodit\u00e0, il test del sito web assegner\u00e0 un punteggio al sito in base ai consigli di Google. Lo strumento ti fornisce suggerimenti utili su come velocizzare le pagine del tuo sito e quali errori dovresti evitare. Verifica la velocit\u00e0 della pagina e correggi tutti gli errori.<\/p>\n<p>Con grafici dettagliati sullo stato del tuo sito puoi conoscere rapidamente le aree problematiche e gli aspetti che richiedono un intervento urgente. Lo strumento ti mostrer\u00e0 a cosa prestare attenzione e come correggere gli errori. Controlla la velocit\u00e0 del sito web e accelera il tutto con il nostro test di velocit\u00e0 del sito!<\/p>\n<h2>Suggerimenti per la Risoluzione dei Problemi<\/h2>\n<p>Il test della velocit\u00e0 di caricamento del sito web pu\u00f2 migliorare la velocit\u00e0 del tuo sito. Ecco alcuni dei problemi pi\u00f9 comuni che impediscono ai siti di caricarsi pi\u00f9 velocemente e portano alla perdita di potenziali clienti. Abbiamo raccolto questi suggerimenti in modo che tu sappia da dove iniziare a lavorare per migliorare le prestazioni delle tue risorse. Questi sono semplici suggerimenti che possono tornare utili anche ai principianti. Presta attenzione ai suggerimenti per la risoluzione dei problemi, e aumenta le prestazioni del tuo sito senza troppi sforzi.<\/p>\n<h3>Confronta la velocit\u00e0 della pagina da Chrome, Firefox e IE<\/h3>\n<p>Il controllo della velocit\u00e0 del sito verifica la velocit\u00e0 di caricamento del tuo sito dai browser pi\u00f9 diffusi. Vale la pena ricordare che sebbene la maggior parte degli utenti navighi con Chrome, ci sono anche molti potenziali clienti che utilizzano altri browser. Pertanto vale la pena prestare particolare attenzione all&#8217;ottimizzazione su altri browser meno popolari, cos\u00ec da non perdere un possibile pubblico e diversi clienti.<\/p>\n<h3>Controlla la velocit\u00e0 del tuo sito web da diverse citt\u00e0 del mondo<\/h3>\n<p>Ottieni un&#8217;opportunit\u00e0 unica per controllare la velocit\u00e0 di caricamento del tuo sito da diverse localit\u00e0 in tutto il mondo. Il nostro strumento ti offre diversi paesi per verificare la velocit\u00e0 di caricamento del tuo sito per gli utenti che risiedono in altri Stati. Ti consentir\u00e0 di identificare e prevenire possibili problemi che stanno rallentando il tuo sito web.<\/p>\n<h3>Metti alla prova la velocit\u00e0 del tuo sito web per dispositivi mobili<\/h3>\n<p>Tieni presente che la maggior parte degli utenti visualizzer\u00e0 il tuo sito da dispositivi mobili. Ecco perch\u00e9 il nostro strumento offre l&#8217;opportunit\u00e0 di testare la piattaforma da diversi dispositivi. Utilizza formati di pagina a caricamento rapido in modo che gli utenti possano consultare le tue pagine in modo pi\u00f9 veloce e fluido.<\/p>\n<h3>Ottimizzazione del server<\/h3>\n<p>Innanzitutto, ci\u00f2 che concerne il server \u00e8 facile da monitorare e controllare. In secondo luogo, se sono presenti gravi problemi riguardo ai tempi di risposta del server, il rallentamento \u00e8 evidente per tutti. Dovresti prenderti seriamente cura di questo parametro in modo che il tuo sito si classifichi ancora meglio nei risultati di ricerca.<\/p>\n<h3>Ottimizzazione del cliente<\/h3>\n<p>Ecco alcuni suggerimenti universali per velocizzare qualsiasi pagina. Prima di ogni altra cosa presta attenzione a questi fattori.<\/p>\n<ul>\n<li style=\"font-weight: 400;\" aria-level=\"1\"><b>Ottimizzazione dei caratteri web: <\/b><span style=\"font-weight: 400;\">vale la pena ridurre la dimensione del traffico dei caratteri sul tuo sito. Per fare ci\u00f2, usa WOFF2 per i browser moderni. Usa solo formati popolari, latino e cirillico. Il precaricamento ti consentir\u00e0 di notificare al tuo browser quando scaricare un file di font. La funzione di visualizzazione dei caratteri fornisce un modo flessibile per controllare il comportamento del browser se il file viene ritardato.<\/span><span style=\"font-weight: 400;\"><br \/>\n<\/span><\/li>\n<li style=\"font-weight: 400;\" aria-level=\"1\"><b>Ottimizzazione delle immagini<\/b><span style=\"font-weight: 400;\">: il caricamento di immagini pesanti fa s\u00ec che il sito diventi molto pi\u00f9 lento. \u00c8 possibile utilizzare programmi speciali che ridurranno le dimensioni dell&#8217;immagine. Inoltre, tali servizi comporteranno la compressione senza perdita di qualit\u00e0 e quindi i tuoi utenti non noteranno nemmeno la differenza. Utilizza questi servizi di ottimizzazione per caricare le pagine del tuo sito il pi\u00f9 rapidamente possibile riducendo le dimensioni delle immagini sulle diverse pagine.<\/span><\/li>\n<li><b>Compressione dati<\/b><span style=\"font-weight: 400;\"> \u2013 come accennato in precedenza, il codice della tua pagina dovrebbe essere il pi\u00f9 semplice e ottimizzato possibile. Rimuovere tutto ci\u00f2 che risulta ingombrante \u00e8 quindi la cosa migliore, sostituendo ci\u00f2 con versioni pi\u00f9 semplici. Ricorda che la compressione dei dati del tuo sito velocizzer\u00e0 la pagina e consentir\u00e0 di non perdere potenziali clienti. Usa la compressione statica in modo che il server offra agli utenti l&#8217;ultima versione compressa del tuo sito.<\/span><\/li>\n<\/ul>\n<h3>Utilizzare CDN<\/h3>\n<p>L&#8217;applicazione CDN \u00e8 una misura pubblicizzata per accelerare la tua pagina. Non trascurare questa opportunit\u00e0 per migliorare subito le prestazioni della tua piattaforma!<\/p>\n<p>L&#8217;utente di solito si connette al server di rete pi\u00f9 vicino. Ecco perch\u00e9 la creazione della connessione TCP e TLS avviene pi\u00f9 velocemente. Nel caso di dati che si trovano sulla CDN, l&#8217;utente pu\u00f2 ottenerli molto pi\u00f9 rapidamente. Questa impostazione riduce notevolmente il carico sul tuo server.<\/p>\n<p>CDN pu\u00f2 fornire i dati della pagina nella loro forma originale e ottimizzarli. Permette di velocizzare il caricamento del tuo sito senza troppi sforzi.<\/p>","protected":false},"excerpt":{"rendered":"La velocit\u00e0 di caricamento del tuo sito \u00e8 un parametro cruciale per il posizionamento nei motori di ricerca. Abbiamo creato uno Speed \u200b\u200bTest che ti consente di analizzare la velocit\u00e0 di caricamento del tuo sito. Puoi usarlo per accelerare il caricamento delle tue risorse cos\u00ec come per capire cosa causa il rallentamento del tuo sito&#8230;.","protected":false},"author":10409641,"featured_media":3348,"parent":0,"menu_order":0,"comment_status":"closed","ping_status":"closed","template":"pages-templates\/pages-minitools-3.php","meta":[],"categories":[74],"tags":[],"_links":{"self":[{"href":"https:\/\/sitechecker.pro\/it\/wp-json\/wp\/v2\/pages\/1063"}],"collection":[{"href":"https:\/\/sitechecker.pro\/it\/wp-json\/wp\/v2\/pages"}],"about":[{"href":"https:\/\/sitechecker.pro\/it\/wp-json\/wp\/v2\/types\/page"}],"author":[{"embeddable":true,"href":"https:\/\/sitechecker.pro\/it\/wp-json\/wp\/v2\/users\/10409641"}],"replies":[{"embeddable":true,"href":"https:\/\/sitechecker.pro\/it\/wp-json\/wp\/v2\/comments?post=1063"}],"version-history":[{"count":255,"href":"https:\/\/sitechecker.pro\/it\/wp-json\/wp\/v2\/pages\/1063\/revisions"}],"predecessor-version":[{"id":39384,"href":"https:\/\/sitechecker.pro\/it\/wp-json\/wp\/v2\/pages\/1063\/revisions\/39384"}],"wp:featuredmedia":[{"embeddable":true,"href":"https:\/\/sitechecker.pro\/it\/wp-json\/wp\/v2\/media\/3348"}],"wp:attachment":[{"href":"https:\/\/sitechecker.pro\/it\/wp-json\/wp\/v2\/media?parent=1063"}],"wp:term":[{"taxonomy":"category","embeddable":true,"href":"https:\/\/sitechecker.pro\/it\/wp-json\/wp\/v2\/categories?post=1063"},{"taxonomy":"post_tag","embeddable":true,"href":"https:\/\/sitechecker.pro\/it\/wp-json\/wp\/v2\/tags?post=1063"}],"curies":[{"name":"wp","href":"https:\/\/api.w.org\/{rel}","templated":true}]}}