{"id":1003,"date":"2017-12-27T09:37:14","date_gmt":"2017-12-27T09:37:14","guid":{"rendered":"https:\/\/sitechecker.pro\/?page_id=1003"},"modified":"2025-02-27T13:39:56","modified_gmt":"2025-02-27T13:39:56","slug":"http-status-codes","status":"publish","type":"page","link":"https:\/\/sitechecker.pro\/it\/http-status-codes\/","title":{"rendered":"Controllo del codice di stato HTTP: utilizza lo strumento gratuito per le attivit\u00e0 SEO"},"content":{"rendered":"<p>Tutte le pagine del tuo sito web hanno un <a href=\"https:\/\/sitechecker.pro\/it\/http-status-codes-list\/\" rel=\"noopener noreferrer\" target=\"_blank\">codice di stato<\/a>. Ogni codice indica se la pagina \u00e8 visualizzabile dagli utenti o meno. In qualit\u00e0 di proprietario del sito, devi sapere quali delle tue pagine sono visualizzabili e non. Forse si \u00e8 verificato un errore e una pagina critica non \u00e8 disponibile per gli utenti? Quindi perderai potenziale traffico e i robot dei motori di ricerca contrassegneranno il tuo sito come di qualit\u00e0 inferiore se non configuri il codice di risposta del server corretto.<\/p>\n<p>Un URL configurato correttamente dovrebbe sempre restituire un codice di stato di 200, 203, 204. Un buon reindirizzamento SEO dovrebbe sempre restituire 3xx (301 o 302).<\/p>\n<p>I codici di stato HTTP sono codici di risposta standard progettati per notificare ai motori di ricerca e agli utenti la disponibilit\u00e0 di una pagina del sito. La prima cifra del codice sta per una delle cinque classi di risposta. Un URL accessibile dovrebbe sempre restituire 200 codice di backlink. Significa che l&#8217;utente e il browser hanno trovato l&#8217;URL nell&#8217;intestazione, quindi il server mostra la pagina con un buon contenuto. Se devi spostare la pagina su un nuovo indirizzo, usa sempre i reindirizzamenti 301 per farlo.<\/p>\n<p>Abbiamo creato strumenti gratuiti per la verifica dello stato del server per ottenere il codice di stato HTTPS che il server Web restituisce quando si richiede un URL.<\/p>\n<p>Ora spiegheremo come lavorare con il nostro strumento e perch\u00e9 \u00e8 necessario tenere traccia dello stato corrente del codice di risposta del page server.<\/p>\n<h2>Utilizzo del controllo del codice di stato HTTP: una guida passo passo<\/h2>\n<p>Con il nostro semplice controllo del codice di stato, puoi determinare facilmente quale codice di stato ha un URL specifico. Imbroglia le pagine del tuo foglio per assicurarti che ogni pagina riceva traffico dagli utenti e possa essere scansionata da un motore di ricerca.<\/p>\n<p>Come lo strumento di verifica del reindirizzamento, i nostri strumenti possono fornire informazioni preziose sullo stato di risposta del server URL. Il controllo dello stato del server consente di visualizzare i codici di risposta degli URL richiesti. Puoi controllare una pagina web in una scansione. Di seguito, ti mostreremo come puoi facilmente indicare lo stato di risposta delle tue pagine in soli due passaggi.<\/p>\n<h3>Passaggio 1: inserisci il tuo URL<\/h3>\n<p>\u00c8 sufficiente incollare qualsiasi URL che si desidera analizzare all&#8217;interno del modulo di input vuoto nella pagina degli strumenti e fare clic sul pulsante freccia per avviare la scansione. \u00c8 cos\u00ec che puoi iniziare la scansione.<\/p>\n<div class=\"content__img-wrap\"><img src=\"https:\/\/sitechecker.pro\/wp-content\/uploads\/2022\/03\/http_status_code_2.png\" alt=\"Autenticazione del controllo dello stato del server\" class=\"description-img description-img-zoom\" loading=\"lazy\" ><\/div>\n<h3>Fase 2: interpretazione dei risultati del controllo del codice di stato HTTP<\/h3>\n<p>Al termine della scansione, otterrai il risultato, ovvero il codice di risposta del server nella pagina gestita.<\/p>\n<div class=\"content__img-wrap\"><img src=\"https:\/\/sitechecker.pro\/wp-content\/uploads\/2022\/03\/http_status_code_1.png\" alt=\"Controllo stato del server per controllare i codici di stato http e le catene di reindirizzamento\" class=\"description-img description-img-zoom\" loading=\"lazy\" ><\/div>\n    <div class=\"blog__conversion blog__conversion-app element__logged_out\">\n        <div class=\"blog__conversion-inner\">\n            <p class=\"title\">Mantenere GA funzionante garantisce di ottenere le statistiche, ma non un posizionamento elevato!<\/p>\n            <p class=\"description\">Esegui un audit completo per scoprire e correggere il tuo SEO tecnico al fine di migliorare i risultati della SERP.<\/p>\n            <form id=\"audit__form\"\n                  class=\"article__seo-search audit__form Esegui un audit completo per scoprire e correggere il tuo SEO tecnico al fine di migliorare i risultati della SERP.\"\n                  action=\"\"\n                  method=\"POST\"\n                  autocomplete=\"off\">\n                <span class=\"error\"><\/span>\n                <div class=\"error__limits\">Something went wrong. Please, try again later.<\/div>\n                <input name=\"url\"\n                       type=\"text\"\n                       placeholder=\"Inserisci qui il tuo dominio\">\n                                <button type=\"submit\"\n                        class=\"sitechecker__text\">\n                    <span>Launch audit<\/span>\n                    <img src=\"\/wp-content\/themes\/sitechecker\/out\/img_design\/loading.svg\"\n                         width=\"31\"\n                         height=\"30\"\n                         class=\"loading\">\n                <\/button>\n            <\/form>\n        <\/div>\n    <\/div>\n    \n<p>Puoi vedere questi tipi di codici proxy HTTP nei risultati dell&#8217;elenco:<\/p>\n<p>\u2013 200 significa che la pagina \u00e8 consentita.<\/p>\n<p>\u2013 202 significa che la richiesta \u00e8 accettata per l&#8217;esecuzione.<\/p>\n<p>\u2013 301 significa che tutte le richieste verranno temporaneamente trasferite alla nuova pagina.<\/p>\n<p>\u2013 405 significa che il server non dovrebbe visualizzare la pagina.<\/p>\n<p>\u2013 404 significa che l&#8217;indirizzo della pagina \u00e8 stato digitato in modo errato, \u00e8 caduto o la pagina \u00e8 stata rimossa.<\/p>\n<p>\u2013 449 significa che non ci sono informazioni sufficienti dal cliente per elaborare la richiesta.<\/p>\n<p>\u2013 503 significa che il server non pu\u00f2 rispondere a una richiesta di eco o un sito Web inattivo.<\/p>\n<p>\u2013 511 significa che la pagina non \u00e8 disponibile e l&#8217;utente deve autenticarsi.<\/p>\n<p>Ci sono molti altri codici, come 418, 423, 451, 5xx.<\/p>\n<h2>Casi in cui \u00e8 necessario HTTP Status Checker<\/h2>\n<p>L&#8217;utilizzo del codice di risposta del server corretto \u00e8 molto necessario per l&#8217;ottimizzazione dei motori di ricerca del tuo sito e la sua visualizzazione nei risultati. Influisce sulla gamma nei motori di ricerca. Ecco perch\u00e9 abbiamo creato uno strumento di controllo dello stato del protocollo HTTP veloce e pratico e gratuito. Puoi usarlo per controllare lo stato del codice di risposta per ogni pagina del tuo sito e vedere se tutte le catene sono configurate correttamente.<\/p>\n<p>Ci sono molti casi in cui dovresti controllare il codice di risposta effettivo del server delle tue pagine web. Se hai eliminato una pagina HTML, devi emettere un codice di risposta del server 401 o 404 per avvisare il motore di ricerca e gli utenti. Se hai spostato il contenuto della pagina in un nuovo indirizzo, imposta un reindirizzamento appropriato in modo che gli utenti possano trovare la nuova pagina tramite nuovi collegamenti.<\/p>\n<p><div class=\"front__faq-block\"><div class=\"faq__block-title\">FAQ<\/div><div class=\"panel-group\" id=\"faq-accordion\" itemscope itemtype=\"https:\/\/schema.org\/FAQPage\" role=\"tablist\" aria-multiselectable=\"true\"><div class=\"panel\" itemscope itemtype=\"https:\/\/schema.org\/Question\" itemprop=\"mainEntity\">\n                            <div class=\"panel-heading\" id=\"headingFaq-1\">\n                                <div class=\"panel-title\" data-toggle=\"collapse\" aria-expanded=\"false\" href=\"#collapseFaq-1\">\n                                    <h3 itemprop=\"name\">Cosa sono i codici di stato HTTP?<\/h3>\n                                <\/div>\n                            <\/div>\n                            <div id=\"collapseFaq-1\" class=\"panel-collapse collapse\" itemprop=\"acceptedAnswer\" itemscope itemtype=\"http:\/\/schema.org\/Answer\">\n                                <div class=\"panel-body\" itemprop=\"text\">Un codice di stato HTTP \u00e8 la risposta del server a una richiesta dell'utente tramite il browser. Durante ogni visita a un sito Web, il browser invia una richiesta ipertestuale al server e riceve in risposta un codice di risposta del server.<\/div>\n                            <\/div>\n                        <\/div><div class=\"panel\" itemscope itemtype=\"https:\/\/schema.org\/Question\" itemprop=\"mainEntity\">\n                            <div class=\"panel-heading\" id=\"headingFaq-2\">\n                                <div class=\"panel-title\" data-toggle=\"collapse\" aria-expanded=\"false\" href=\"#collapseFaq-2\">\n                                    <h3 itemprop=\"name\">Cosa significa un codice di stato HTTP 200?<\/h3>\n                                <\/div>\n                            <\/div>\n                            <div id=\"collapseFaq-2\" class=\"panel-collapse collapse\" itemprop=\"acceptedAnswer\" itemscope itemtype=\"http:\/\/schema.org\/Answer\">\n                                <div class=\"panel-body\" itemprop=\"text\">Questi codici di risposta del server indicano che la richiesta dell'utente al server \u00e8 andata a buon fine.<\/div>\n                            <\/div>\n                        <\/div><div class=\"panel\" itemscope itemtype=\"https:\/\/schema.org\/Question\" itemprop=\"mainEntity\">\n                            <div class=\"panel-heading\" id=\"headingFaq-3\">\n                                <div class=\"panel-title\" data-toggle=\"collapse\" aria-expanded=\"false\" href=\"#collapseFaq-3\">\n                                    <h3 itemprop=\"name\">Come trovo il codice URL?<\/h3>\n                                <\/div>\n                            <\/div>\n                            <div id=\"collapseFaq-3\" class=\"panel-collapse collapse\" itemprop=\"acceptedAnswer\" itemscope itemtype=\"http:\/\/schema.org\/Answer\">\n                                <div class=\"panel-body\" itemprop=\"text\">Puoi controllare l'URL con il nostro strumento Verifica dello stato del server.<\/div>\n                            <\/div>\n                        <\/div><\/div><\/div><\/p>","protected":false},"excerpt":{"rendered":"Tutte le pagine del tuo sito web hanno un codice di stato. Ogni codice indica se la pagina \u00e8 visualizzabile dagli utenti o meno. In qualit\u00e0 di proprietario del sito, devi sapere quali delle tue pagine sono visualizzabili e non. Forse si \u00e8 verificato un errore e una pagina critica non \u00e8 disponibile per gli&#8230;","protected":false},"author":10409641,"featured_media":3418,"parent":0,"menu_order":0,"comment_status":"closed","ping_status":"closed","template":"pages-templates\/pages-minitools-3.php","meta":[],"categories":[73],"tags":[],"_links":{"self":[{"href":"https:\/\/sitechecker.pro\/it\/wp-json\/wp\/v2\/pages\/1003"}],"collection":[{"href":"https:\/\/sitechecker.pro\/it\/wp-json\/wp\/v2\/pages"}],"about":[{"href":"https:\/\/sitechecker.pro\/it\/wp-json\/wp\/v2\/types\/page"}],"author":[{"embeddable":true,"href":"https:\/\/sitechecker.pro\/it\/wp-json\/wp\/v2\/users\/10409641"}],"replies":[{"embeddable":true,"href":"https:\/\/sitechecker.pro\/it\/wp-json\/wp\/v2\/comments?post=1003"}],"version-history":[{"count":99,"href":"https:\/\/sitechecker.pro\/it\/wp-json\/wp\/v2\/pages\/1003\/revisions"}],"predecessor-version":[{"id":35759,"href":"https:\/\/sitechecker.pro\/it\/wp-json\/wp\/v2\/pages\/1003\/revisions\/35759"}],"wp:featuredmedia":[{"embeddable":true,"href":"https:\/\/sitechecker.pro\/it\/wp-json\/wp\/v2\/media\/3418"}],"wp:attachment":[{"href":"https:\/\/sitechecker.pro\/it\/wp-json\/wp\/v2\/media?parent=1003"}],"wp:term":[{"taxonomy":"category","embeddable":true,"href":"https:\/\/sitechecker.pro\/it\/wp-json\/wp\/v2\/categories?post=1003"},{"taxonomy":"post_tag","embeddable":true,"href":"https:\/\/sitechecker.pro\/it\/wp-json\/wp\/v2\/tags?post=1003"}],"curies":[{"name":"wp","href":"https:\/\/api.w.org\/{rel}","templated":true}]}}