{"id":9641,"date":"2020-04-07T18:38:04","date_gmt":"2020-04-07T16:38:04","guid":{"rendered":"https:\/\/sitechecker.pro\/?page_id=9641"},"modified":"2020-04-07T20:51:51","modified_gmt":"2020-04-07T18:51:51","slug":"interview-geoffrey-pin","status":"publish","type":"page","link":"https:\/\/sitechecker.pro\/fr\/interview-geoffrey-pin\/","title":{"rendered":"Interview de Geoffrey Pin: conseils d&#8217;un consultant SEO fran\u00e7ais"},"content":{"rendered":"<p>Geoffrey Pin est consultant SEO. Tomb\u00e9 dans le r\u00e9f\u00e9rencement naturel par hasard, il accompagne les entreprises dans leur strat\u00e9gie de visibilit\u00e9 sur Google. Int\u00e9ress\u00e9 par \u00e9crit, il aime partager ses connaissances ainsi que mes diff\u00e9rentes exp\u00e9riences dans le domaine du r\u00e9f\u00e9rencement. Il consulte r\u00e9guli\u00e8rement les m\u00e9dias et les diff\u00e9rentes sources d&#8217;informations li\u00e9es aux affaires en ligne et au marketing digital. En savoir plus sur ses projets sur sa page <a href=\"https:\/\/twitter.com\/GeoffreySEOhat\">Twitter<\/a>.<\/p>\n<p><b>1.Combien d\u2019ann\u00e9es d\u2019exp\u00e9rience en marketing num\u00e9rique avez-vous?<\/b><\/p>\n<p>Je poss\u00e8de environ 6 ans d&#8217;exp\u00e9rience en entreprise dans le domaine du marketing digital et un peu plus si nous comptons mon apprentissage au travers de mon cursus en Master marketing op\u00e9rationnel et digital. Mais pour \u00eatre honn\u00eate rien ne vaut l&#8217;exp\u00e9rience sans la pratique sur le terrain. Donc 6 ans tout rond!.<\/p>\n<p><b>2. Dans quelle branche du marketing digital ou SEO avez-vous les comp\u00e9tences les plus fortes?\u00a0<\/b><\/p>\n<p>Je suis sp\u00e9cialis\u00e9 en Google ads et en SEO. J\u2019ai fait mes premi\u00e8res armes \u00e0 TF1 lorsque j\u2019ai g\u00e9r\u00e9 les campagnes publicitaires Google ads de TFOU max et rencontr\u00e9 un sp\u00e9cialiste du r\u00e9f\u00e9rencement naturel. Tr\u00e8s vite au travers de mes exp\u00e9riences j\u2019ai d\u00e9velopp\u00e9 mes comp\u00e9tences et en parall\u00e8le cr\u00e9\u00e9 mon site internet <a href=\"http:\/\/geoffrey-pin.fr\">geoffrey-pin.fr<\/a>. Les diverses missions et ma soif d&#8217;apprentissage m\u2019ont permis de solidifier mes comp\u00e9tences en r\u00e9f\u00e9rencement Google. Gr\u00e2ce \u00e0 ces exp\u00e9riences je peux \u00e9laborer des strat\u00e9gies de r\u00e9f\u00e9rencement Google afin d\u2019associer le SEO et Google ads. La synergie des deux canaux permettent ais\u00e9ment d\u2019obtenir des clients tout en restant rentable sur le long termes.<\/p>\n<p>Aujourd\u2019hui, je suis en premi\u00e8re position sur des mots-cl\u00e9s strat\u00e9giques (consultant r\u00e9f\u00e9rencement naturel, consultant seo bordeaux, expert r\u00e9f\u00e9rencement google, audit referencement&#8230;) et je peux donc affirmer que je suis expert en r\u00e9f\u00e9rencement Google (SEO et adwords).<\/p>\n<p><b>3. De quels projets \u00eates-vous fiers ?<\/b><\/p>\n<p>Le projet dont je suis le plus fier est un projet concernant le wedding planning. En effet, une wedding planner sp\u00e9cialis\u00e9e dans le mariage \u00e0 l\u2019\u00e9tranger m\u2019a contact\u00e9 pour la cr\u00e9ation d\u2019un site web et viser les fran\u00e7ais souhaitant se marier \u00e0 l\u2019\u00e9tranger.<\/p>\n<p>J\u2019ai cr\u00e9\u00e9 un site internet, d\u00e9fini une strat\u00e9gie de r\u00e9f\u00e9rencement naturel et au bout de deux mois nous avons obtenu une premi\u00e8re demande. Deux mois apr\u00e8s elle organisait son premier mariage au danemark. Chaque mois Romantic Escape recevait une dizaine de demande pour un mariage \u00e0 l\u2019\u00e9tranger dans toute l\u2019Europe.<\/p>\n<p>L\u2019investissement du site internet pour cet Wedding planner \u00e9tait rentabilis\u00e9 au bout de quelque mois. Je suis fier de cette exp\u00e9rience car j\u2019ai r\u00e9ussi \u00e0 d\u00e9velopper l\u2019activit\u00e9 d\u2019une wedding planner fran\u00e7aise et obtenu des r\u00e9sultats rapidement. Un beau message \u00e0 tous les d\u00e9tracteurs qui pense ne pas obtenir de r\u00e9sultats SEO apr\u00e8s 6 mois.<\/p>\n<p><b>4. Que faites-vous pour approfondir vos propres connaissances et comp\u00e9tences SEO ?<\/b><\/p>\n<p>Je m\u2019informe sur les blogs, je lis beaucoup de livres sur le sujet de l&#8217;acquisition client et je passe 80 % de mon temps \u00e0 tester. Sans la pratique un sp\u00e9cialiste SEO ne peut exister. C\u2019est uniquement en pratiquant qu\u2019on peut comprendre les rouages de Google. Beaucoup de techniques SEO efficaces sont le r\u00e9sultats de plusieurs mois voire ann\u00e9es de tests.<\/p>\n<p>Il reste \u00e9galement les forums ou groupe d\u2019\u00e9changes qui restent un bon moyen de confronter ses id\u00e9es et de les faire \u00e9voluer.<\/p>\n<p><b>5. Y-a-t-il un blog de marketing ou de r\u00e9f\u00e9rencement que vous aimez le plus et pourquoi ?<\/b><\/p>\n<p>Je suis assez peu th\u00e9orique la pratique m\u2019importe beaucoup plus. C\u2019est pour cela que j&#8217;affectionne particuli\u00e8rement SearchengineLand qui propose des articles comprenant diverses techniques ou encore le blog MOZ. D\u00e9sol\u00e9 pour les blog fran\u00e7ais mais je n\u2019ai pas encore trouv\u00e9 autant de richesse que dans les blogs am\u00e9ricains.<\/p>\n<p><b>6. Qui sont, selon vous, les meilleurs experts en r\u00e9f\u00e9rencement et en marketing num\u00e9rique ?<\/b><\/p>\n<p>Les meilleurs experts sont peut \u00eatre ceux que l\u2019on retrouve en t\u00eate des r\u00e9sultats de recherche.<\/p>\n<p>Bien entendu, tous les meilleurs ne sont propri\u00e9taires d\u2019un site internet puisque beaucoup se servent de leurs comp\u00e9tences en SEO pour d\u00e9velopper des business en ligne rentable dont le revenu est passif.<\/p>\n<p>Il ne souhaitent pas forc\u00e9ment proposer leur prestation SEO car beaucoup de contraintes. J\u2019ai rencontr\u00e9 beaucoup de personnes ne souhaitant pas proposer leur service mais dont les connaissances en SEO et en d\u00e9veloppement web \u00e9taient ind\u00e9niable. Sinon pour citer des noms je dirai walid Gabteni (assez connu dans le milieu du SEO) et Mohand Kabeche (un de mes anciens coll\u00e8gues \ud83d\ude42 ).<\/p>\n<p><b>7. Quelles sont les erreurs du TOP 3 que vous avez commises au d\u00e9but de votre carri\u00e8re en marketing ?<\/b><\/p>\n<ol>\n<li>La plus grande erreure est de lancer son site sans prendre en compte les facteurs de structure web ou de vitesse.<\/li>\n<li>Cr\u00e9er des milliers d\u2019articles et ne pas privil\u00e9gier la qualit\u00e9<\/li>\n<li>Lire sans pratiquer. Logique mais bon de le rappeler.<\/li>\n<\/ol>\n<p><b>8. Quels types d\u2019opportunit\u00e9s locales de r\u00e9f\u00e9rencement ou de marketing utilisez-vous pour la promotion r\u00e9gionale ?\u00a0\u00a0\u00a0<\/b><\/p>\n<p>Pour promouvoir sur des requ\u00eates r\u00e9gionales, je contacte les blogs locaux ou je publie sur des annuaires locaux. Le shema.org peut aider \u00e0 indiquer \u00e0 Google que notre site internet est locale.<\/p>\n<p>Si nous donnons des signaux off-site et on-site au moteur de recherche pour les commerces locaux alors il est possible que Google puissent me faire remonter plus facilement. Je dirai que la s\u00e9mantique peut \u00e9galement \u00eatre un facteur important qui indiquera \u00e0 Google que nous sommes sp\u00e9cialiste dans une r\u00e9gion en particulier. Si nous parlons de la ville de Bordeaux, il serait int\u00e9ressant de r\u00e9diger des articles li\u00e9s \u00e0 la ville de Bordeaux, \u00e0 la culture, aux traditions, aux actualit\u00e9s et tous ce qui se r\u00e9f\u00e9rent \u00e0 cette ville<b>.<\/b><\/p>\n<p><b>9. Quelles strat\u00e9gies de r\u00e9f\u00e9rencement sont, selon vous, sous-estim\u00e9es ?<\/b><\/p>\n<div class=\"article__testimonial\">\n<p><em>Le local est un point encore peu exploit\u00e9 par les sp\u00e9cialistes SEO ainsi que les annuaires qui sont consid\u00e9r\u00e9s comme de l\u2019ancien SEO mais qui sont encore redoutables car l\u2019historique et la confiance accord\u00e9e par Google existe belle et bien.<\/em><\/p>\n<p><em><strong>Geoffrey Pin, consultant SEO<\/strong><\/em><\/p>\n<\/div>\n<p><b>10. Croyez-vous que les backlinks sont le pass\u00e9 de Google ? Est-ce que le link building est important pour augmenter la position du site de nos jours ?<\/b><\/p>\n<p>Les algorithmes de Google sont bas\u00e9s sur les liens et le contenu. Je ne vois pas comment ils peuvent \u00e9viter de prendre en compte ce facteur sachant que les robots de Google se basent essentiellement sur les liens pour \u00e9valuer la notori\u00e9t\u00e9 d\u2019un site.<\/p>\n<p>Google essaie de changer ce syst\u00e8me en proposant diff\u00e9rent types de liens pour \u00e9viter les incompr\u00e9hensions. Mais selon moi, cela ne changera en rien l\u2019importance de ce facteur dans le SEO. Pour augmenter la position d\u2019un site le contenu ne suffit pas il vous sera demand\u00e9 d\u2019effectuer une strat\u00e9gie de communication sur les r\u00e9seaux sociaux, aupr\u00e8s de m\u00e9dias ou de blogs ; donc une strat\u00e9gie de netlinking.<\/p>\n<p>Il suffit d&#8217;effectuer un test et proposer un article qui aborde une th\u00e9matique et propose toutes les solutions li\u00e9es \u00e0 cette th\u00e9matique S\u2019il n\u2019y aucun lien et aucun partage sur les r\u00e9seaux sociaux cette page ne sera jamais visible. Faites le test vous m\u00eame vous verrez !<\/p>\n<p><b>11. Selon vous, la sant\u00e9 technique du site affecte-t-elle le positionnement dans les moteurs de recherche ?<\/b><\/p>\n<p>Pour r\u00e9pondre \u00e0 cette question il faut comprendre le fonctionnement des robots Google. Le moteur de recherche poss\u00e8de plusieurs robots qui explore le web pour d\u00e9couvrir de nouvelles pages et les inclure dans les r\u00e9sultats de recherche.<\/p>\n<p>Les robots attribuent un temps limit\u00e9 pour chaque site internet car les ressources dont dispose le g\u00e9ant am\u00e9ricain sont limit\u00e9es. Google ne peut pas crawler tout un site et particuli\u00e8rement lorsqu\u2019il comprend des spider tarp, des pages en erreur ou encore des pages pauvres en contenus. Les robots doivent respecter un temps limit\u00e9 appel\u00e9 Budget crawl.<\/p>\n<p>C\u2019est pour cela que lorsque les robots parcourent le site de liens en liens on ne doit pas lui faire perdre du temps avec des pages redirig\u00e9es, en erreurs, en double, trop profonde ou encore des spider trap bien connue des sites e-commerce.<\/p>\n<p>Indirectement cela affecte votre positionnement mais pas l&#8217;enti\u00e8ret\u00e9 de votre site uniquement les pages difficilement crawlable ou trop profonde.<\/p>\n<p><b>12. Nous sommes tous au courant de la mise \u00e0 jour dernier janvier Google. Certains sites web ont augment\u00e9, d&#8217;autres sont tomb\u00e9s. Que pensez-vous du nouvel algorithme? Quels sont les principaux facteurs de nouveaux classements auxquels les sp\u00e9cialistes du r\u00e9f\u00e9rencement et du marketing devraient pr\u00eater attention?<\/b><\/p>\n<p>Le nouvel algorithme fait face aux nouvelles tendances vocales et la complexit\u00e9 auxquelles elles r\u00e9pondent. Des questions longues, parfois difficilement compr\u00e9hensible m\u00eame par un humain.<\/p>\n<p>Google a franchit une nouvelle \u00e9tape dans la compr\u00e9hension d\u2019une requ\u00eate et de son intention de recherche.<\/p>\n<p>C\u2019est une nouvelle fa\u00e7on de s\u2019adapter aux nouveaux comportements tout en gardant la m\u00eame ligne de conduite : r\u00e9pondre de mani\u00e8re la plus pr\u00e9cise aux intentions de recherche.<\/p>\n<p>Le seul facteur qui sera valable aujourd\u2019hui et demain et qui restera inchang\u00e9 est la QUALIT\u00c9 de l\u2019information.<\/p>\n<p>Cela m\u2019\u00e9tonnerait que des sites proposant un contenu pertinent et prenant en compte toutes les best practice de Google ont perdus de la visibilit\u00e9 suite au lancement du nouvel algorithme.<\/p>\n<p>Si vous r\u00e9pondez aux questions auxquelles se pose votre cible, vous prouvez que vous \u00eates un expert dans votre domaine, on parle de vous chez les professionnels de votre secteur les plus reconnus il n\u2019y a aucune raison de perdre son r\u00e9f\u00e9rencement.<\/p>\n<p>C\u2019est un non sens de perdre du trafic lorsque nous proposons un site r\u00e9pondant parfaitement \u00e0 toutes les questions auxquelles se pose l\u2019internaute. Cela signifierait qu\u2019il y aurait une faille dans les algorithmes. Jusqu\u2019\u00e0 aujourd\u2019hui personne ne s\u2019est plaint de la qualit\u00e9 des r\u00e9sultats de recherche Google. Par cons\u00e9quent propos\u00e9 de la qualit\u00e9 et rien d\u2019autres.<\/p>\n<p>La qualit\u00e9 ne signifie pas quantit\u00e9 d\u2019information et perte de sens mais uniquement la r\u00e9ponse \u00e0 l\u2019intention de recherche.<\/p>\n<p><b>13. Comment voyez-vous l\u2019avenir du r\u00e9f\u00e9rencement (dans 5 ans)?<\/b><\/p>\n<p>Google trouvera un moyen pour \u00e9vincer les blogs proposant uniquement des \u00e9changes de liens et donnera plus d\u2019importance aux sites experts proposant du contenu pertinent.<\/p>\n<p>Pour le moment, il reste un monopole des sites puissants tels que Amazon, m\u00e9dias connus. Cette popularit\u00e9 efface et cache des sites locaux et peu populaire mais proposant des r\u00e9ponses parfois plus justes et plus pertinentes que des sites s\u2019affichant en premi\u00e8re position uniquement gr\u00e2ce aux liens et \u00e0 leurs popularit\u00e9.<\/p>\n<p><b>14. Pouvez-vous dire que vous aimez utiliser les outils SEO dans votre travail. Si oui, quels sont ceux que vous recommandez comme un must pour chaque sp\u00e9cialiste SEO?<\/b><\/p>\n<p>Sans outil SEO un consultant ne pourra pas exercer parfaitement son r\u00f4le de consulting. V\u00e9rifier le positionnement des mots cl\u00e9s, crawler toutes les pages d\u2019un site, comparer et espionner les liens de chacun de mes concurrents. Tout cela est possible en quelques secondes gr\u00e2ces aux outils. Manuellement cela devient difficile et ing\u00e9rable lorsque nous avons en charge plusieurs clients.<\/p>\n<p>J\u2019utilise des outils maison mais \u00e9galement Ahrefs, Semrush et le must have Screaming Frog.<\/p>\n<p><b>15. \u00c0 votre avis, le comportement des utilisateurs affecte-t-il la visibilit\u00e9 du site Web dans les SERP?<\/b><\/p>\n<p>Les algorithmes se basent sur le comportement des internautes et rien d\u2019autres.<\/p>\n<div class=\"article__testimonial\">\n<p><em>Officiellement l\u2019UX et le comportement d\u2019un internaute ne sont pas inclus dans les algorithmes de Google mais ma logique me persuade le contraire. Je n\u2019ai jamais consulter un article difficilement consultable, peu ergonomique en t\u00eate des r\u00e9sultats de recherche Google.<\/em><\/p>\n<p><em><strong>Geoffrey Pin,consultant SEO<\/strong><\/em><\/p>\n<\/div>\n<p>La r\u00e9flexion d\u2019un sp\u00e9cialiste SEO est de s\u2019attarder sur le contenu, les liens et ensuite la mise en forme ainsi que l\u2019UX. Malgr\u00e9 tout cela, l\u2019UX reste le dernier facteur \u00e0 prendre en compte lorsque nous voulons nous classer en premi\u00e8re page.<\/p>\n<p>Pour l\u2019astuce, envoyez-vous des alertes depuis Google analytics, sur les pages comportant un taux de rebond au-dessus de 80% afin de contr\u00f4ler le comportement des internautes sur vos pages. Mais ne passez pas tout votre temps sur cette partie.<\/p>","protected":false},"excerpt":{"rendered":"Geoffrey Pin est consultant SEO. Tomb\u00e9 dans le r\u00e9f\u00e9rencement naturel par hasard, il accompagne les entreprises dans leur strat\u00e9gie de visibilit\u00e9 sur Google. Int\u00e9ress\u00e9 par \u00e9crit, il aime partager ses connaissances ainsi que mes diff\u00e9rentes exp\u00e9riences dans le domaine du r\u00e9f\u00e9rencement. Il consulte r\u00e9guli\u00e8rement les m\u00e9dias et les diff\u00e9rentes sources d&#8217;informations li\u00e9es aux affaires en&#8230;","protected":false},"author":10409641,"featured_media":9640,"parent":0,"menu_order":0,"comment_status":"closed","ping_status":"closed","template":"pages.php","meta":[],"categories":[37],"tags":[],"_links":{"self":[{"href":"https:\/\/sitechecker.pro\/fr\/wp-json\/wp\/v2\/pages\/9641"}],"collection":[{"href":"https:\/\/sitechecker.pro\/fr\/wp-json\/wp\/v2\/pages"}],"about":[{"href":"https:\/\/sitechecker.pro\/fr\/wp-json\/wp\/v2\/types\/page"}],"author":[{"embeddable":true,"href":"https:\/\/sitechecker.pro\/fr\/wp-json\/wp\/v2\/users\/10409641"}],"replies":[{"embeddable":true,"href":"https:\/\/sitechecker.pro\/fr\/wp-json\/wp\/v2\/comments?post=9641"}],"version-history":[{"count":5,"href":"https:\/\/sitechecker.pro\/fr\/wp-json\/wp\/v2\/pages\/9641\/revisions"}],"predecessor-version":[{"id":9646,"href":"https:\/\/sitechecker.pro\/fr\/wp-json\/wp\/v2\/pages\/9641\/revisions\/9646"}],"wp:featuredmedia":[{"embeddable":true,"href":"https:\/\/sitechecker.pro\/fr\/wp-json\/wp\/v2\/media\/9640"}],"wp:attachment":[{"href":"https:\/\/sitechecker.pro\/fr\/wp-json\/wp\/v2\/media?parent=9641"}],"wp:term":[{"taxonomy":"category","embeddable":true,"href":"https:\/\/sitechecker.pro\/fr\/wp-json\/wp\/v2\/categories?post=9641"},{"taxonomy":"post_tag","embeddable":true,"href":"https:\/\/sitechecker.pro\/fr\/wp-json\/wp\/v2\/tags?post=9641"}],"curies":[{"name":"wp","href":"https:\/\/api.w.org\/{rel}","templated":true}]}}