{"id":937,"date":"2017-12-21T12:50:00","date_gmt":"2017-12-21T12:50:00","guid":{"rendered":"https:\/\/sitechecker.pro\/?page_id=937"},"modified":"2026-02-13T16:47:41","modified_gmt":"2026-02-13T16:47:41","slug":"internal-links","status":"publish","type":"page","link":"https:\/\/sitechecker.pro\/fr\/internal-links\/","title":{"rendered":"Trouver des liens internes pour une page ou un site Web | Sitechecker \u2611"},"content":{"rendered":"<p><\/p>\n<h2 id=\"par1\">Qu&#8217;est-ce que le v\u00e9rificateur de liens internes\u00a0?<\/h2>\n<p>Cet outil indispensable permet d&#8217;optimiser la distribution du jus de lien, de cr\u00e9er des structures de liens internes et d&#8217;identifier et de r\u00e9soudre les probl\u00e8mes de r\u00e9f\u00e9rences. Il simplifie l&#8217;obtention de donn\u00e9es pour une URL sp\u00e9cifique ou un site Web entier tout en effectuant automatiquement et syst\u00e9matiquement le suivi, la surveillance des modifications et la d\u00e9tection des erreurs.<\/p>\n<h3>Principales fonctionnalit\u00e9s du d\u00e9tecteur de liens internes<\/h3>\n<p>Que peut faire cet outil\u00a0?<\/p>\n<ul>\n<li><strong>Collectez des donn\u00e9es compl\u00e8tes<\/strong> pour chaque URL de votre site Web, notamment les codes d&#8217;\u00e9tat, les statuts dofollow\/nofollow et le texte d&#8217;<a href=\"https:\/\/sitechecker.pro\/anchor-text-checker\/\" target=\"_blank\" rel=\"noopener noreferrer\">ancrage<\/a>.<\/li>\n<li><strong>Des backlinks internes et des donn\u00e9es d&#8217;ancrage<\/strong> sont disponibles, vous permettant d&#8217;obtenir les r\u00e9f\u00e9rences internes pour une URL sp\u00e9cifique et la liste compl\u00e8te des backlinks internes pour cette URL, ainsi que le texte d&#8217;ancrage pr\u00e9sent\u00e9 sous forme de pourcentage.<\/li>\n<li><strong>D\u00e9tectez les erreurs de liaison<\/strong>, g\u00e9n\u00e9rez une liste compl\u00e8te des URL probl\u00e9matiques et fournissez des instructions d\u00e9taill\u00e9es pour r\u00e9soudre les probl\u00e8mes.<\/li>\n<li>Suivez et surveillez en permanence les modifications avec une couverture 24h\/24 et 7j\/7, y compris <a href=\"https:\/\/sitechecker.pro\/backlinks-checker\/\" target=\"_blank\" rel=\"noopener noreferrer\">suivi des backlinks<\/a> et maintien d&#8217;un historique complet des modifications et des erreurs.<\/li>\n<li>Notre <a href=\"https:\/\/sitechecker.pro\/\" target=\"_blank\" rel=\"noopener noreferrer\">plateforme SEO<\/a> compl\u00e8te offre plus qu&#8217;une analyse des liens internes, y compris un audit SEO complet (sur la page et hors page), un suivi du classement, une surveillance du site, et plus encore.<\/li>\n<\/ul>\n<h2 id=\"par2\">Importance de l&#8217;analyse des r\u00e9f\u00e9rences internes<\/h2>\n<p>Notre analyseur permet de redistribuer le poids SEO de votre site sur les pages importantes, permettant \u00e0 Google d&#8217;indexer les pages plus rapidement. Am\u00e9liorez les taux de conversion de votre site Web, augmentez l&#8217;engagement des utilisateurs et am\u00e9liorez la navigation sur le site. Consultez la page wiki des liens internes pour une compr\u00e9hension plus approfondie, ainsi que les erreurs courantes et les meilleures pratiques.<\/p>\n<h2 id=\"par3\">Comment utiliser l&#8217;analyseur de liens internes de site Web\u00a0?<\/h2>\n<p>Le v\u00e9rificateur de r\u00e9f\u00e9rences internes est l&#8217;un des outils que tout le monde peut utiliser. Il n&#8217;est pas n\u00e9cessaire d&#8217;installer un logiciel suppl\u00e9mentaire pour un audit de liens : vous pouvez tout faire avec l&#8217;outil Sitechecker. Voici deux \u00e9tapes de base \u00e0 suivre pour obtenir les r\u00e9sultats. Saisissez l&#8217;adresse URL dans le champ de saisie, puis utilisez le s\u00e9lecteur pour v\u00e9rifier l&#8217;int\u00e9gralit\u00e9 du site ou une page sp\u00e9cifique.<br \/>\n<div class=\"content__img-wrap\"><img src=\"https:\/\/sitechecker.pro\/wp-content\/uploads\/2024\/08\/Selector-1-min.png\" alt=\"D\u00e9marrer le v\u00e9rificateur de liens internes\" class=\"description-img description-img-zoom\" loading=\"lazy\" ><\/div><\/p>\n<h2>V\u00e9rification du domaine<\/h2>\n<h3>\u00c9tape 1\u00a0:\u00a0Ins\u00e9rez l&#8217;URL de votre domaine et cliquez sur le bouton \u00ab\u00a0D\u00e9marrer l&#8217;audit\u00a0\u00bb<\/h3>\n<div class=\"content__img-wrap\"><img src=\"https:\/\/sitechecker.pro\/wp-content\/uploads\/2024\/08\/2-site-check-min.png\" alt=\"V\u00e9rification des liens internes du domaine\" class=\"description-img description-img-zoom\" loading=\"lazy\" ><\/div>\n<div class=\"important-block\">Remarque : pour recevoir les r\u00e9sultats et acc\u00e9der aux fonctionnalit\u00e9s de Sitechecker pendant 14 jours, d\u00e9marrez votre essai GRATUIT. L'inscription est facile avec votre e-mail, votre compte Google ou Facebook. AUCUNE carte de cr\u00e9dit n'est n\u00e9cessaire.<\/div>\n<h3>\u00c9tape 2\u00a0:\u00a0Obtenez les r\u00e9sultats<\/h3>\n<p>Vous recevrez une liste compl\u00e8te des liens internes pour l&#8217;URL que vous avez analys\u00e9e. Cette liste comprendra l&#8217;URL de r\u00e9f\u00e9rence, le code d&#8217;\u00e9tat, les informations sur le lien dofollow et le texte d&#8217;ancrage.<\/p>\n<div class=\"content__img-wrap\"><img src=\"https:\/\/sitechecker.pro\/wp-content\/uploads\/2023\/05\/internal-links-info.png\" alt=\"Informations sur les liens internes\" class=\"description-img description-img-zoom\" loading=\"lazy\" ><\/div>\n<p>De plus, vous pouvez filtrer les donn\u00e9es en fonction des param\u00e8tres disponibles ou rechercher une URL sp\u00e9cifique si vous \u00eates int\u00e9ress\u00e9 par une URL en particulier. Par exemple, vous pouvez choisir d&#8217;afficher <a href=\"https:\/\/sitechecker.pro\/website-link-counter\/\"> tous les liens<\/a> qui sont rompus et qui pr\u00e9sentent des erreurs de serveur 404 (elles peuvent nuire \u00e0 votre lien) ou de rechercher des r\u00e9f\u00e9rences avec une redirection 301 et de les modifier pour l&#8217;URL finale vers laquelle elles redirigent.<\/p>\n<div class=\"content__img-wrap\"><img src=\"https:\/\/sitechecker.pro\/wp-content\/uploads\/2023\/05\/internal-links-filter.png\" alt=\"Filtre de liens internes\" class=\"description-img description-img-zoom\" loading=\"lazy\" ><\/div>\n<h2 id=\"par4\">Fonctionnalit\u00e9s suppl\u00e9mentaires du v\u00e9rificateur de r\u00e9f\u00e9rences internes<\/h2>\n<h3>Donn\u00e9es sur les backlinks internes<\/h3>\n<p>L&#8217;acc\u00e8s aux donn\u00e9es d&#8217;audit des liens internes offre une excellente occasion d&#8217;analyser et d&#8217;affiner votre strat\u00e9gie de liens internes. Pensez \u00e0 explorer les sections Backlinks internes et Ancres de backlinks internes pour plus de clart\u00e9 et d&#8217;informations suppl\u00e9mentaires.<\/p>\n<p>Ces deux cat\u00e9gories suppl\u00e9mentaires au sein de l&#8217;audit sur page vous permettent de d\u00e9couvrir les r\u00e9f\u00e9rences d&#8217;une URL sp\u00e9cifique et les backlinks internes vers cette URL \u00e0 partir d&#8217;autres pages internes. De plus, vous pouvez consulter la r\u00e9partition en pourcentage de chaque texte d&#8217;ancrage utilis\u00e9 dans les backlinks internes. Si vous effectuez un audit complet des liens, vous pouvez \u00e9galement utiliser le <a href=\"https:\/\/sitechecker.pro\/external-links\/\" target=\"_blank\" rel=\"noopener noreferrer\">v\u00e9rificateur de liens externes sortants<\/a>.<\/p>\n<div class=\"content__img-wrap\"><img src=\"https:\/\/sitechecker.pro\/wp-content\/uploads\/2023\/05\/internal-backlinks.png\" alt=\"Backlinks internes\" class=\"description-img description-img-zoom\" loading=\"lazy\" ><\/div>\n<div class=\"content__img-wrap\"><img src=\"https:\/\/sitechecker.pro\/wp-content\/uploads\/2023\/05\/internal-backlinks-anchors.png\" alt=\"Ancres de backlinks internes\" class=\"description-img description-img-zoom\" loading=\"lazy\" ><\/div>\n<h3>Trouver des probl\u00e8mes de liens internes pour le site Web du hall<\/h3>\n<p>Lors de l&#8217;examen d&#8217;une URL sp\u00e9cifique, notre <a href=\"https:\/\/sitechecker.pro\/on-page-seo-checker\/\" target=\"_blank\" rel=\"noopener noreferrer\">v\u00e9rificateur SEO<\/a> effectue un audit complet de l&#8217;ensemble de votre site Web. Pour acc\u00e9der \u00e0 la liste compl\u00e8te des probl\u00e8mes qui sont apparus, il vous suffit de visiter la page d&#8217;audit du site dans l&#8217;application. Par exemple, dans la cat\u00e9gorie \u00ab Liens \u00bb, vous pouvez identifier les probl\u00e8mes de r\u00e9f\u00e9rence interne de votre site Web et d\u00e9couvrir les URL concern\u00e9es. Tous les probl\u00e8mes sont class\u00e9s par ordre de priorit\u00e9 pour vous aider \u00e0 comprendre lesquels r\u00e9soudre en premier. De plus, nous fournissons des instructions d\u00e9taill\u00e9es pour les r\u00e9soudre.<\/p>\n<div class=\"content__img-wrap\"><img src=\"https:\/\/sitechecker.pro\/wp-content\/uploads\/2023\/05\/internal-links-issues.png\" alt=\"Probl\u00e8mes de liens internes\" class=\"description-img description-img-zoom\" loading=\"lazy\" ><\/div>\n<div class=\"content__img-wrap\"><img src=\"https:\/\/sitechecker.pro\/wp-content\/uploads\/2023\/05\/internal-links-3xx-pages.png\" alt=\"Liens internes vers 3xx pages\" class=\"description-img description-img-zoom\" loading=\"lazy\" ><\/div>\n<p>\u00cates-vous propri\u00e9taire d&#8217;un site Web et avez-vous besoin d&#8217;envoyer des donn\u00e9es sur les probl\u00e8mes \u00e0 votre sp\u00e9cialiste SEO ? Ou peut-\u00eatre un professionnel du r\u00e9f\u00e9rencement qui cherche \u00e0 partager des probl\u00e8mes avec des coll\u00e8gues, \u00e0 envoyer un rapport \u00e0 un client ou \u00e0 cr\u00e9er une t\u00e2che technique pour une \u00e9quipe de d\u00e9veloppement ? Alors, notre \u00e9quipe est l\u00e0 pour vous. Nous proposons un syst\u00e8me de reporting et de partage tr\u00e8s flexible et adapt\u00e9 \u00e0 vos besoins. Cette plateforme vous permet de g\u00e9n\u00e9rer et de t\u00e9l\u00e9charger des rapports, des listes de probl\u00e8mes ou des listes de r\u00e9f\u00e9rence sp\u00e9cifiques \u00e0 partir d&#8217;URL, entre autres options. Vous pouvez m\u00eame <a href=\"https:\/\/sitechecker.pro\/dofollow-link-checker\/\"> tester les liens dofollow<\/a> directement via notre syst\u00e8me pour vous assurer qu&#8217;ils fonctionnent correctement et transmettent une valeur SEO, ce qui rend le processus de reporting plus efficace et exploitable.<\/p>\n<div class=\"content__img-wrap\"><img src=\"https:\/\/sitechecker.pro\/wp-content\/uploads\/2023\/05\/data-export.png\" alt=\"Data Export\" class=\"description-img description-img-zoom\" loading=\"lazy\" ><\/div>\n<h2 id=\"par5\">\n<h2>V\u00e9rifier la page<\/h2>\n<h3>\u00c9tape 1\u00a0:\u00a0Ins\u00e9rez votre URL<\/h3>\n<p>En un seul clic, vous pouvez effectuer une v\u00e9rification des liens internes de la page de l&#8217;adresse Web que vous souhaitez analyser.<br \/>\n<div class=\"content__img-wrap\"><img src=\"https:\/\/sitechecker.pro\/wp-content\/uploads\/2024\/08\/Page-check-min.png\" alt=\"Liens internes de la page\" class=\"description-img description-img-zoom\" loading=\"lazy\" ><\/div><\/p>\n<h3>\u00c9tape 2\u00a0:\u00a0Obtenez des r\u00e9sultats<\/h3>\n<p>Le v\u00e9rificateur de liens internes est une fonctionnalit\u00e9 cl\u00e9 d&#8217;un outil d&#8217;analyse SEO qui vous aide \u00e0 garantir l&#8217;int\u00e9grit\u00e9 et l&#8217;efficacit\u00e9 de la structure de liens internes de votre site Web. Le module affiche une liste compl\u00e8te des liens internes d\u00e9tect\u00e9s sur un site Web, en les organisant soigneusement par leurs URL et le <a href=\"https:\/\/sitechecker.pro\/anchor-text-checker\/\"> texte d&#8217;ancrage<\/a> correspondant.<\/p>\n<p>Chaque lien est accompagn\u00e9 d&#8217;un code d&#8217;\u00e9tat\u00a0; dans ce cas, tous les liens affichent un \u00e9tat \u00ab\u00a0200 OK\u00a0\u00bb, ce qui signifie leur bon fonctionnement et leur accessibilit\u00e9.<br \/>\n<div class=\"content__img-wrap\"><img src=\"https:\/\/sitechecker.pro\/wp-content\/uploads\/2024\/08\/image11-min.png\" alt=\"Exportation de donn\u00e9es sur les liens internes de la page\" class=\"description-img description-img-zoom\" loading=\"lazy\" ><\/div><\/p>\n<p>Pour une compr\u00e9hension compl\u00e8te des capacit\u00e9s de l&#8217;outil au-del\u00e0 de l&#8217;\u00e9valuation des liens internes sur une seule page, reportez-vous aux \u00e9crans de confirmation de domaine situ\u00e9s dans le segment initial du guide, qui apparaissent apr\u00e8s avoir effectu\u00e9 une analyse de domaine.<\/p>\n<p>Vous pouvez \u00e9galement s\u00e9lectionner \u00ab Audit de site \u00bb pour d\u00e9couvrir toute la gamme de fonctionnalit\u00e9s offertes par l&#8217;outil. Cela vous permettra de d\u00e9couvrir son potentiel et comment il peut \u00eatre adapt\u00e9 aux besoins de votre site Web.<br \/>\n<div class=\"content__img-wrap\"><img src=\"https:\/\/sitechecker.pro\/wp-content\/uploads\/2024\/08\/image8-min.png\" alt=\"Fonctionnalit\u00e9s suppl\u00e9mentaires des liens internes de page\" class=\"description-img description-img-zoom\" loading=\"lazy\" ><\/div><\/p>\n<h2 id=\"par6\">\n<h2>Fonctionnalit\u00e9s suppl\u00e9mentaires du v\u00e9rificateur de page<\/h2>\n<p>Le panneau de navigation de l&#8217;outil Internal Link Checker pr\u00e9sente une suite de fonctionnalit\u00e9s d\u00e9di\u00e9es \u00e0 l&#8217;am\u00e9lioration des performances des moteurs de recherche d&#8217;un site Web. Il comprend une section \u00ab Liens \u00bb qui examine le r\u00e9seau de liens internes et externes sur l&#8217;ensemble du site. La section \u00ab Pr\u00e9sentation des probl\u00e8mes \u00bb regroupe et cat\u00e9gorise divers probl\u00e8mes qui pourraient entraver l&#8217;optimisation du site.<\/p>\n<p>Dans la zone \u00ab Optimisation du contenu \u00bb, les utilisateurs sont guid\u00e9s sur la mani\u00e8re d&#8217;affiner leur contenu pour augmenter sa pertinence et l&#8217;engagement des utilisateurs.<\/p>\n<p>Les \u00ab Donn\u00e9es structur\u00e9es \u00bb permettent de g\u00e9rer les informations de mani\u00e8re \u00e0 ce qu&#8217;il soit plus facile pour les moteurs de recherche d&#8217;interpr\u00e9ter et de pr\u00e9senter efficacement le contenu. La section \u00ab Images \u00bb vise probablement \u00e0 garantir que le contenu visuel est convivial pour les moteurs de recherche. La cat\u00e9gorie \u00ab\u00a0Optimisation de la recherche\u00a0\u00bb couvre un large \u00e9ventail de strat\u00e9gies de r\u00e9f\u00e9rencement.<\/p>\n<p>\u00ab\u00a0PageSpeed \u200b\u200bInsights\u00a0\u00bb est particuli\u00e8rement crucial car il \u00e9value les indicateurs de performance du site, qui sont essentiels \u00e0 la fois pour l&#8217;exp\u00e9rience utilisateur et le classement des moteurs de recherche. Ce panneau est r\u00e9v\u00e9lateur d&#8217;une suite compl\u00e8te d&#8217;outils con\u00e7us pour fournir un audit SEO approfondi avec des informations exploitables.<br \/>\n<div class=\"content__img-wrap\"><img src=\"https:\/\/sitechecker.pro\/wp-content\/uploads\/2024\/08\/image10-min.png\" alt=\"Fonctionnalit\u00e9s suppl\u00e9mentaires des liens internes de la page\" class=\"description-img description-img-zoom\" loading=\"lazy\" ><\/div><\/p>\n<p>De plus, l&#8217;int\u00e9gration de <a href=\"https:\/\/sitechecker.pro\/404-errors-monitoring\/\">404 Errors Monitoring<\/a> permet d&#8217;identifier et de r\u00e9soudre les liens rompus en temps r\u00e9el, garantissant ainsi que les visiteurs et les moteurs de recherche peuvent acc\u00e9der de mani\u00e8re transparente \u00e0 vos pages sans rencontrer d&#8217;erreurs. Cette combinaison d&#8217;outils fournit un audit SEO complet avec des informations exploitables.<\/p>\n<h2 id=\"par7\">Remarques finales<\/h2>\n<p>Le v\u00e9rificateur de liens internes offre une analyse compl\u00e8te des structures de liens internes, identifie les probl\u00e8mes et fournit des informations exploitables pour vous aider \u00e0 affiner votre strat\u00e9gie. Avec des fonctionnalit\u00e9s telles que le suivi et la surveillance continus, une plate-forme SEO \u00e9tendue et des options de reporting flexibles, cet outil est inestimable pour les propri\u00e9taires de sites Web, les professionnels du r\u00e9f\u00e9rencement et les \u00e9quipes de d\u00e9veloppement. En utilisant l&#8217;<a href=\"https:\/\/sitechecker.pro\/link-extractor\/\">analyseur de liens internes<\/a>, vous pouvez am\u00e9liorer la navigation sur le site, augmenter les taux de conversion et augmenter l&#8217;engagement des utilisateurs. En fin de compte, vous obtenez une meilleure indexation et un meilleur classement des moteurs de recherche pour votre site Web.<\/p>\n<div id=\"par6\"><\/div>\n<p><div class=\"front__faq-block\"><div class=\"faq__block-title\">FAQ<\/div><div class=\"panel-group\" id=\"faq-accordion\" itemscope itemtype=\"https:\/\/schema.org\/FAQPage\" role=\"tablist\" aria-multiselectable=\"true\"><div class=\"panel\" itemscope itemtype=\"https:\/\/schema.org\/Question\" itemprop=\"mainEntity\">\n                            <div class=\"panel-heading\" id=\"headingFaq-1\">\n                                <div class=\"panel-title\" data-toggle=\"collapse\" aria-expanded=\"false\" href=\"#collapseFaq-1\">\n                                    <h3 itemprop=\"name\">Comment trouver des liens internes vers une page ?<\/h3>\n                                <\/div>\n                            <\/div>\n                            <div id=\"collapseFaq-1\" class=\"panel-collapse collapse\" itemprop=\"acceptedAnswer\" itemscope itemtype=\"http:\/\/schema.org\/Answer\">\n                                <div class=\"panel-body\" itemprop=\"text\">Le moyen le plus efficace de trouver toutes les r\u00e9f\u00e9rences internes sur une page Web est d'utiliser un outil. Apr\u00e8s avoir soigneusement examin\u00e9 la page, vous obtiendrez une liste des liens, du code d'\u00e9tat, du statut dofolow et des ancres actuellement utilis\u00e9s sur la page. Vous pouvez utiliser cet outil pour tous les types de sites, y compris les pages de destination et les sites Web de commerce \u00e9lectronique.<\/div>\n                            <\/div>\n                        <\/div><div class=\"panel\" itemscope itemtype=\"https:\/\/schema.org\/Question\" itemprop=\"mainEntity\">\n                            <div class=\"panel-heading\" id=\"headingFaq-2\">\n                                <div class=\"panel-title\" data-toggle=\"collapse\" aria-expanded=\"false\" href=\"#collapseFaq-2\">\n                                    <h3 itemprop=\"name\">Comment trouver des liens internes sur le site Web ?<\/h3>\n                                <\/div>\n                            <\/div>\n                            <div id=\"collapseFaq-2\" class=\"panel-collapse collapse\" itemprop=\"acceptedAnswer\" itemscope itemtype=\"http:\/\/schema.org\/Answer\">\n                                <div class=\"panel-body\" itemprop=\"text\">L'outil Sitechecker vous permet d'examiner les liens internes d'une page sp\u00e9cifique et de toutes les pages du site Web. En tant que fonctionnalit\u00e9 suppl\u00e9mentaire, il fournit une liste des probl\u00e8mes du site Web et une compilation des URL affect\u00e9es pour chaque probl\u00e8me.<\/div>\n                            <\/div>\n                        <\/div><div class=\"panel\" itemscope itemtype=\"https:\/\/schema.org\/Question\" itemprop=\"mainEntity\">\n                            <div class=\"panel-heading\" id=\"headingFaq-3\">\n                                <div class=\"panel-title\" data-toggle=\"collapse\" aria-expanded=\"false\" href=\"#collapseFaq-3\">\n                                    <h3 itemprop=\"name\">Cet outil peut-il analyser les liens internes pointant vers des sites Web sur n'importe quel CMS ?<\/h3>\n                                <\/div>\n                            <\/div>\n                            <div id=\"collapseFaq-3\" class=\"panel-collapse collapse\" itemprop=\"acceptedAnswer\" itemscope itemtype=\"http:\/\/schema.org\/Answer\">\n                                <div class=\"panel-body\" itemprop=\"text\">Notre outil analyse la structure des r\u00e9f\u00e9rences internes de n'importe quel site Web, qu'il soit sur WordPress, Shopify, Wix ou un autre CMS.<\/div>\n                            <\/div>\n                        <\/div><\/div><\/div><\/p>","protected":false},"excerpt":{"rendered":"Qu&#8217;est-ce que le v\u00e9rificateur de liens internes\u00a0? Cet outil indispensable permet d&#8217;optimiser la distribution du jus de lien, de cr\u00e9er des structures de liens internes et d&#8217;identifier et de r\u00e9soudre les probl\u00e8mes de r\u00e9f\u00e9rences. Il simplifie l&#8217;obtention de donn\u00e9es pour une URL sp\u00e9cifique ou un site Web entier tout en effectuant automatiquement et syst\u00e9matiquement le&#8230;","protected":false},"author":10409641,"featured_media":3742,"parent":0,"menu_order":0,"comment_status":"closed","ping_status":"closed","template":"pages-templates\/pages-minitools-3.php","meta":[],"categories":[72],"tags":[],"_links":{"self":[{"href":"https:\/\/sitechecker.pro\/fr\/wp-json\/wp\/v2\/pages\/937"}],"collection":[{"href":"https:\/\/sitechecker.pro\/fr\/wp-json\/wp\/v2\/pages"}],"about":[{"href":"https:\/\/sitechecker.pro\/fr\/wp-json\/wp\/v2\/types\/page"}],"author":[{"embeddable":true,"href":"https:\/\/sitechecker.pro\/fr\/wp-json\/wp\/v2\/users\/10409641"}],"replies":[{"embeddable":true,"href":"https:\/\/sitechecker.pro\/fr\/wp-json\/wp\/v2\/comments?post=937"}],"version-history":[{"count":89,"href":"https:\/\/sitechecker.pro\/fr\/wp-json\/wp\/v2\/pages\/937\/revisions"}],"predecessor-version":[{"id":39263,"href":"https:\/\/sitechecker.pro\/fr\/wp-json\/wp\/v2\/pages\/937\/revisions\/39263"}],"wp:featuredmedia":[{"embeddable":true,"href":"https:\/\/sitechecker.pro\/fr\/wp-json\/wp\/v2\/media\/3742"}],"wp:attachment":[{"href":"https:\/\/sitechecker.pro\/fr\/wp-json\/wp\/v2\/media?parent=937"}],"wp:term":[{"taxonomy":"category","embeddable":true,"href":"https:\/\/sitechecker.pro\/fr\/wp-json\/wp\/v2\/categories?post=937"},{"taxonomy":"post_tag","embeddable":true,"href":"https:\/\/sitechecker.pro\/fr\/wp-json\/wp\/v2\/tags?post=937"}],"curies":[{"name":"wp","href":"https:\/\/api.w.org\/{rel}","templated":true}]}}