{"id":8472,"date":"2019-10-18T10:13:00","date_gmt":"2019-10-18T10:13:00","guid":{"rendered":"https:\/\/sitechecker.pro\/?page_id=8472"},"modified":"2025-11-27T13:37:26","modified_gmt":"2025-11-27T13:37:26","slug":"wordpress-theme-checker","status":"publish","type":"page","link":"https:\/\/sitechecker.pro\/fr\/wordpress-theme-checker\/","title":{"rendered":"WordPress Theme Detector | Trouver le th\u00e8me WP utilis\u00e9"},"content":{"rendered":"<p><\/p>\n<h2 id=\"par1\">Qu&#8217;est-ce que le d\u00e9tecteur de th\u00e8mes WordPress\u00a0?<\/h2>\n<p>Le v\u00e9rificateur de th\u00e8mes de site Web de <a href=\"https:\/\/sitechecker.pro\/\" target=\"_blank\" rel=\"noopener noreferrer\">Sitechecker<\/a> est un outil en ligne qui identifie les th\u00e8mes utilis\u00e9s sur un site Web WordPress, offrant des informations d\u00e9taill\u00e9es sur sa conception et ses fonctionnalit\u00e9s.<\/p>\n<h3>Comment l&#8217;outil peut vous aider<\/h3>\n<p><strong>Identification du th\u00e8me\u00a0:<\/strong>il d\u00e9tecte le mod\u00e8le WordPress exact utilis\u00e9 sur un site Web, y compris son nom, sa version et son fournisseur.<\/p>\n<p><strong>D\u00e9tection de plug-ins\u00a0:<\/strong><a href=\"https:\/\/sitechecker.pro\/wordpress-plugin-checker\/\" target=\"_blank\" rel=\"noopener noreferrer\">identifie les plug-ins<\/a> sur un site WordPress, offrant des informations sur les fonctionnalit\u00e9s et les performances du site.<\/p>\n<p><strong>D\u00e9tection de plug-ins\u00a0:<\/strong>fournit des informations suppl\u00e9mentaires, telles que les d\u00e9tails de conception du mod\u00e8le et les objectifs des plug-ins, aidant les utilisateurs \u00e0 comprendre la configuration de tout site.<\/p>\n<h3>Principales fonctionnalit\u00e9s de l&#8217;outil<\/h3>\n<p><strong>Tableau de bord unifi\u00e9\u00a0:<\/strong>fournit un hub centralis\u00e9 pour surveiller, analyser et g\u00e9rer tous vos efforts de r\u00e9f\u00e9rencement en un seul endroit.<\/p>\n<p><strong>Interface conviviale\u00a0:<\/strong>offre une conception intuitive et facile \u00e0 parcourir, la rendant accessible aux d\u00e9butants comme aux professionnels exp\u00e9riment\u00e9s du r\u00e9f\u00e9rencement.<\/p>\n<p><strong>Ensemble complet d&#8217;outils de r\u00e9f\u00e9rencement\u00a0:<\/strong>comprend des outils pour l&#8217;audit de site Web, le suivi du classement, l&#8217;optimisation sur page et la surveillance des performances en temps r\u00e9el.<\/p>\n<h2 id=\"par2\">Comment utiliser l&#8217;outil<\/h2>\n<p>Pour commencer \u00e0 utiliser le WordPress Theme Finder, saisissez simplement le nom de domaine du site Web que vous souhaitez analyser dans le champ de saisie et cliquez sur le bouton \u00ab\u00a0D\u00e9tecter le th\u00e8me\u00a0\u00bb. L&#8217;outil identifiera rapidement le mod\u00e8le WordPress et les plugins utilis\u00e9s sur le site, vous fournissant ainsi des informations d\u00e9taill\u00e9es.<\/p>\n<h3>\u00c9tape 1\u00a0:\u00a0Ins\u00e9rez l&#8217;adresse URL du domaine<\/h3>\n<div class=\"content__img-wrap\"><img src=\"https:\/\/sitechecker.pro\/wp-content\/uploads\/2025\/01\/wordpress-theme-detector.png\" alt=\"Wordpress Theme Detector\" class=\"description-img description-img-zoom\" loading=\"lazy\" ><\/div>\n<h3>\u00c9tape 2\u00a0:\u00a0Obtenez les r\u00e9sultats<\/h3>\n<p>L&#8217;outil fournit des informations d\u00e9taill\u00e9es sur le th\u00e8me WordPress et les plugins utilis\u00e9s sur un site Web, notamment le nom, la version et l&#8217;auteur du mod\u00e8le, ainsi que des liens vers les plugins identifi\u00e9s pour une exploration plus approfondie.<\/p>\n<div class=\"content__img-wrap\"><img src=\"https:\/\/sitechecker.pro\/wp-content\/uploads\/2025\/01\/wordpress-checker-results.png\" alt=\"R\u00e9sultats de WordPress Checker\" class=\"description-img description-img-zoom\" loading=\"lazy\" ><\/div>\n<h2 id=\"par3\">Fonctionnalit\u00e9s suppl\u00e9mentaires<\/h2>\n<p>Restez inform\u00e9 des mises \u00e0 jour de vos plugins WordPress en configurant un syst\u00e8me d&#8217;alerte qui envoie des notifications directement \u00e0 votre e-mail ou \u00e0 Slack.<\/p>\n<div class=\"content__img-wrap\"><img src=\"https:\/\/sitechecker.pro\/wp-content\/uploads\/2025\/01\/wordpress-checker-set-up-alerts.png\" alt=\"Wordpress Checker Configurer les alertes\" class=\"description-img description-img-zoom\" loading=\"lazy\" ><\/div>\n<p>En activant les notifications pour les changements critiques, tels que les <a href=\"https:\/\/sitechecker.pro\/wordpress-site-monitoring\/\" target=\"_blank\" rel=\"noopener noreferrer\">mises \u00e0 jour des th\u00e8mes, versions ou plugins WordPress<\/a>, vous \u00eates assur\u00e9 d&#8217;\u00eatre rapidement inform\u00e9 des impacts potentiels sur la conception, les performances et le r\u00e9f\u00e9rencement de votre site.<\/p>\n<div class=\"content__img-wrap\"><img src=\"https:\/\/sitechecker.pro\/wp-content\/uploads\/2025\/01\/send-alerts.png\" alt=\"Envoyer des alertes\" class=\"description-img description-img-zoom\" loading=\"lazy\" ><\/div>\n<p>Ce syst\u00e8me de notification est essentiel pour maintenir la stabilit\u00e9 du site Web et r\u00e9pondre rapidement aux changements qui pourraient affecter l&#8217;exp\u00e9rience utilisateur et le classement des moteurs de recherche.<\/p>\n<div class=\"content__img-wrap\"><img src=\"https:\/\/sitechecker.pro\/wp-content\/uploads\/2025\/01\/wordpress-theme-updated.png\" alt=\"Th\u00e8me WordPress mis \u00e0 jour\" class=\"description-img description-img-zoom\" loading=\"lazy\" ><\/div>\n<h2 id=\"par4\">Id\u00e9e finale<\/h2>\n<p>Le d\u00e9tecteur de th\u00e8mes de sites Web est un outil puissant pour identifier les th\u00e8mes et les plugins utilis\u00e9s sur n&#8217;importe quel site Web WordPress. Il fournit des informations d\u00e9taill\u00e9es sur la conception, les fonctionnalit\u00e9s et la configuration SEO d&#8217;un site. Avec une interface conviviale et des fonctionnalit\u00e9s compl\u00e8tes, l&#8217;outil est id\u00e9al pour analyser les mod\u00e8les, suivre les mises \u00e0 jour des plugins et maintenir les performances du site Web. Saisissez simplement un domaine pour recevoir des r\u00e9sultats instantan\u00e9s, y compris les d\u00e9tails du th\u00e8me et les informations sur les plugins. Des fonctionnalit\u00e9s suppl\u00e9mentaires telles que les alertes de notification vous permettent de rester inform\u00e9 des changements critiques, contribuant ainsi \u00e0 maintenir la stabilit\u00e9 du site Web et \u00e0 optimiser l&#8217;exp\u00e9rience utilisateur et les classements SEO.<\/p>\n<div id=\"par5\"><\/div>\n<p><div class=\"front__faq-block\"><div class=\"faq__block-title\">FAQ<\/div><div class=\"panel-group\" id=\"faq-accordion\" itemscope itemtype=\"https:\/\/schema.org\/FAQPage\" role=\"tablist\" aria-multiselectable=\"true\"><div class=\"panel\" itemscope itemtype=\"https:\/\/schema.org\/Question\" itemprop=\"mainEntity\">\n                            <div class=\"panel-heading\" id=\"headingFaq-1\">\n                                <div class=\"panel-title\" data-toggle=\"collapse\" aria-expanded=\"false\" href=\"#collapseFaq-1\">\n                                    <h3 itemprop=\"name\">Puis-je utiliser le d\u00e9tecteur de th\u00e8mes WordPress pour rechercher des concurrents ?<\/h3>\n                                <\/div>\n                            <\/div>\n                            <div id=\"collapseFaq-1\" class=\"panel-collapse collapse\" itemprop=\"acceptedAnswer\" itemscope itemtype=\"http:\/\/schema.org\/Answer\">\n                                <div class=\"panel-body\" itemprop=\"text\">Oui, l'outil est excellent pour analyser les sites Web des concurrents afin de comprendre leurs choix de conception et la configuration des fonctionnalit\u00e9s.<\/div>\n                            <\/div>\n                        <\/div><div class=\"panel\" itemscope itemtype=\"https:\/\/schema.org\/Question\" itemprop=\"mainEntity\">\n                            <div class=\"panel-heading\" id=\"headingFaq-2\">\n                                <div class=\"panel-title\" data-toggle=\"collapse\" aria-expanded=\"false\" href=\"#collapseFaq-2\">\n                                    <h3 itemprop=\"name\">Y a-t-il une limite au nombre de sites Web que je peux analyser avec l'outil ?<\/h3>\n                                <\/div>\n                            <\/div>\n                            <div id=\"collapseFaq-2\" class=\"panel-collapse collapse\" itemprop=\"acceptedAnswer\" itemscope itemtype=\"http:\/\/schema.org\/Answer\">\n                                <div class=\"panel-body\" itemprop=\"text\">L'outil permet d'analyser plusieurs sites Web, mais une utilisation fr\u00e9quente peut n\u00e9cessiter un compte Sitechecker pour des fonctionnalit\u00e9s \u00e9tendues.<\/div>\n                            <\/div>\n                        <\/div><div class=\"panel\" itemscope itemtype=\"https:\/\/schema.org\/Question\" itemprop=\"mainEntity\">\n                            <div class=\"panel-heading\" id=\"headingFaq-3\">\n                                <div class=\"panel-title\" data-toggle=\"collapse\" aria-expanded=\"false\" href=\"#collapseFaq-3\">\n                                    <h3 itemprop=\"name\">L'outil a-t-il un impact sur le site Web analys\u00e9 ?<\/h3>\n                                <\/div>\n                            <\/div>\n                            <div id=\"collapseFaq-3\" class=\"panel-collapse collapse\" itemprop=\"acceptedAnswer\" itemscope itemtype=\"http:\/\/schema.org\/Answer\">\n                                <div class=\"panel-body\" itemprop=\"text\">Non, il analyse uniquement les donn\u00e9es accessibles au public et n'interf\u00e8re pas avec les fonctionnalit\u00e9s ou les performances du site.<\/div>\n                            <\/div>\n                        <\/div><div class=\"panel\" itemscope itemtype=\"https:\/\/schema.org\/Question\" itemprop=\"mainEntity\">\n                            <div class=\"panel-heading\" id=\"headingFaq-4\">\n                                <div class=\"panel-title\" data-toggle=\"collapse\" aria-expanded=\"false\" href=\"#collapseFaq-4\">\n                                    <h3 itemprop=\"name\">L'outil peut-il identifier les th\u00e8mes WordPress d\u00e9velopp\u00e9s sur mesure ?<\/h3>\n                                <\/div>\n                            <\/div>\n                            <div id=\"collapseFaq-4\" class=\"panel-collapse collapse\" itemprop=\"acceptedAnswer\" itemscope itemtype=\"http:\/\/schema.org\/Answer\">\n                                <div class=\"panel-body\" itemprop=\"text\">Oui, mais il ne peut fournir que des d\u00e9tails limit\u00e9s pour les th\u00e8mes personnalis\u00e9s, car ils ne font pas partie de r\u00e9f\u00e9rentiels publics ou de march\u00e9s.<\/div>\n                            <\/div>\n                        <\/div><div class=\"panel\" itemscope itemtype=\"https:\/\/schema.org\/Question\" itemprop=\"mainEntity\">\n                            <div class=\"panel-heading\" id=\"headingFaq-5\">\n                                <div class=\"panel-title\" data-toggle=\"collapse\" aria-expanded=\"false\" href=\"#collapseFaq-5\">\n                                    <h3 itemprop=\"name\">La fonction de notification inclut-elle les mises \u00e0 jour pour les th\u00e8mes et les plugins ?<\/h3>\n                                <\/div>\n                            <\/div>\n                            <div id=\"collapseFaq-5\" class=\"panel-collapse collapse\" itemprop=\"acceptedAnswer\" itemscope itemtype=\"http:\/\/schema.org\/Answer\">\n                                <div class=\"panel-body\" itemprop=\"text\">Oui, le syst\u00e8me de notification informe les utilisateurs des mises \u00e0 jour et des modifications apport\u00e9es aux th\u00e8mes et plugins WordPress, garantissant ainsi la stabilit\u00e9 du site Web.<\/div>\n                            <\/div>\n                        <\/div><\/div><\/div><\/p>","protected":false},"excerpt":{"rendered":"Qu&#8217;est-ce que le d\u00e9tecteur de th\u00e8mes WordPress\u00a0? Le v\u00e9rificateur de th\u00e8mes de site Web de Sitechecker est un outil en ligne qui identifie les th\u00e8mes utilis\u00e9s sur un site Web WordPress, offrant des informations d\u00e9taill\u00e9es sur sa conception et ses fonctionnalit\u00e9s. Comment l&#8217;outil peut vous aider Identification du th\u00e8me\u00a0:il d\u00e9tecte le mod\u00e8le WordPress exact utilis\u00e9&#8230;","protected":false},"author":10409641,"featured_media":8511,"parent":0,"menu_order":0,"comment_status":"closed","ping_status":"closed","template":"pages-templates\/pages-minitools-3.php","meta":[],"categories":[73],"tags":[],"_links":{"self":[{"href":"https:\/\/sitechecker.pro\/fr\/wp-json\/wp\/v2\/pages\/8472"}],"collection":[{"href":"https:\/\/sitechecker.pro\/fr\/wp-json\/wp\/v2\/pages"}],"about":[{"href":"https:\/\/sitechecker.pro\/fr\/wp-json\/wp\/v2\/types\/page"}],"author":[{"embeddable":true,"href":"https:\/\/sitechecker.pro\/fr\/wp-json\/wp\/v2\/users\/10409641"}],"replies":[{"embeddable":true,"href":"https:\/\/sitechecker.pro\/fr\/wp-json\/wp\/v2\/comments?post=8472"}],"version-history":[{"count":4,"href":"https:\/\/sitechecker.pro\/fr\/wp-json\/wp\/v2\/pages\/8472\/revisions"}],"predecessor-version":[{"id":38953,"href":"https:\/\/sitechecker.pro\/fr\/wp-json\/wp\/v2\/pages\/8472\/revisions\/38953"}],"wp:featuredmedia":[{"embeddable":true,"href":"https:\/\/sitechecker.pro\/fr\/wp-json\/wp\/v2\/media\/8511"}],"wp:attachment":[{"href":"https:\/\/sitechecker.pro\/fr\/wp-json\/wp\/v2\/media?parent=8472"}],"wp:term":[{"taxonomy":"category","embeddable":true,"href":"https:\/\/sitechecker.pro\/fr\/wp-json\/wp\/v2\/categories?post=8472"},{"taxonomy":"post_tag","embeddable":true,"href":"https:\/\/sitechecker.pro\/fr\/wp-json\/wp\/v2\/tags?post=8472"}],"curies":[{"name":"wp","href":"https:\/\/api.w.org\/{rel}","templated":true}]}}