{"id":8470,"date":"2019-10-18T09:32:37","date_gmt":"2019-10-18T09:32:37","guid":{"rendered":"https:\/\/sitechecker.pro\/?page_id=8470"},"modified":"2025-02-19T08:45:35","modified_gmt":"2025-02-19T08:45:35","slug":"wordpress-plugin-checker","status":"publish","type":"page","link":"https:\/\/sitechecker.pro\/fr\/wordpress-plugin-checker\/","title":{"rendered":"WordPress Plugin Detector : V\u00e9rifier quels sont les plugins utilis\u00e9s par le site"},"content":{"rendered":"<p><\/p>\n<h2 id=\"par1\">Qu&#8217;est-ce que WordPress Plugin Checker\u00a0?<\/h2>\n<p>Le d\u00e9tecteur de plugins WP de <a href=\"https:\/\/sitechecker.pro\/\" target=\"_blank\" rel=\"noopener noreferrer\">Sitechecker<\/a> est un outil qui identifie les plugins WordPress utilis\u00e9s sur un site Web sp\u00e9cifique. L&#8217;analyse du site r\u00e9v\u00e8le les plugins qui contribuent \u00e0 sa fonctionnalit\u00e9, tels que les fonctionnalit\u00e9s de r\u00e9f\u00e9rencement, de conception ou de commerce \u00e9lectronique. Cet outil est pr\u00e9cieux pour les d\u00e9veloppeurs, les sp\u00e9cialistes du marketing et les propri\u00e9taires d&#8217;entreprise qui souhaitent d\u00e9couvrir les plugins utilis\u00e9s par les concurrents, d\u00e9couvrir de nouveaux outils ou am\u00e9liorer leurs sites Web.<\/p>\n<h3>Comment l&#8217;outil peut vous aider<\/h3>\n<p><strong>D\u00e9couvrir les plugins\u00a0: <\/strong>identifier les extensions utilis\u00e9es sur un site Web pour reproduire ou am\u00e9liorer ses fonctionnalit\u00e9s.<\/p>\n<p><strong>Analyse des concurrents\u00a0: <\/strong>analyser les sites Web des concurrents pour comprendre leurs strat\u00e9gies et adopter des instruments efficaces.<\/p>\n<p><strong>Optimisez votre site\u00a0: <\/strong>obtenez des informations sur les performances, le r\u00e9f\u00e9rencement et les modules compl\u00e9mentaires de conception pour am\u00e9liorer les fonctionnalit\u00e9s de votre site et l&#8217;exp\u00e9rience utilisateur.<\/p>\n<h3>Principales fonctionnalit\u00e9s de l&#8217;outil<\/h3>\n<p><strong>Tableau de bord unifi\u00e9\u00a0: <\/strong>acc\u00e9dez \u00e0 tous les outils et informations d&#8217;analyse de votre site Web dans un emplacement centralis\u00e9 pour une gestion simplifi\u00e9e.<\/p>\n<p><strong>Interface conviviale\u00a0: <\/strong>naviguez sans effort avec une conception intuitive, la rendant accessible \u00e0 tous les niveaux d&#8217;exp\u00e9rience.<\/p>\n<p><strong>Ensemble complet d&#8217;outils de r\u00e9f\u00e9rencement\u00a0: <\/strong>exploitez une gamme compl\u00e8te d&#8217;outils de r\u00e9f\u00e9rencement, notamment des audits de site, le suivi des classements, etc., pour optimiser les performances de votre site Web.<\/p>\n<h2 id=\"par2\">Comment utiliser l&#8217;outil<\/h2>\n<p>Pour utiliser le d\u00e9tecteur de plugins, saisissez simplement le nom de domaine du site Web que vous souhaitez analyser dans le champ pr\u00e9vu \u00e0 cet effet et cliquez sur le bouton \u00ab\u00a0D\u00e9tecter les plugins\u00a0\u00bb. L&#8217;outil analysera le site et affichera une liste des modules compl\u00e9mentaires WordPress d\u00e9tect\u00e9s. C&#8217;est rapide, facile et efficace pour d\u00e9couvrir les outils qui se cachent derri\u00e8re les fonctionnalit\u00e9s d&#8217;un site.<\/p>\n<h3>\u00c9tape 1\u00a0: ins\u00e9rer le nom de domaine<\/h3>\n<div class=\"content__img-wrap\"><img src=\"https:\/\/sitechecker.pro\/wp-content\/uploads\/2025\/01\/wordpress-plugin-detector.png\" alt=\"D\u00e9tecteur de plugins WordPress\" class=\"description-img description-img-zoom\" loading=\"lazy\" ><\/div>\n<h3>\u00c9tape 2\u00a0: obtenir les r\u00e9sultats<\/h3>\n<div class=\"content__img-wrap\"><img src=\"https:\/\/sitechecker.pro\/wp-content\/uploads\/2025\/01\/wordpress-checker-results.png\" alt=\"R\u00e9sultats de WordPress Checker\" class=\"description-img description-img-zoom\" loading=\"lazy\" ><\/div>\n<p>L&#8217;outil fournit des informations d\u00e9taill\u00e9es sur les extensions WordPress et les <a href=\"https:\/\/sitechecker.pro\/wordpress-theme-checker\/\" target=\"_blank\" rel=\"noopener noreferrer\">th\u00e8mes<\/a> utilis\u00e9s sur un site Web, y compris les liens d&#8217;extension et les d\u00e9tails du th\u00e8me, aidant les utilisateurs \u00e0 identifier les outils qui alimentent les fonctionnalit\u00e9s du site.<\/p>\n<h2 id=\"par3\">Fonctionnalit\u00e9s suppl\u00e9mentaires de l&#8217;outil<\/h2>\n<p>Pour suivre les mises \u00e0 jour de vos plugins, connectez un syst\u00e8me d&#8217;alerte qui vous permettra de recevoir des notifications par e-mail ou Slack.<\/p>\n<div class=\"content__img-wrap\"><img src=\"https:\/\/sitechecker.pro\/wp-content\/uploads\/2025\/01\/wordpress-checker-set-up-alerts.png\" alt=\"Configurer les alertes de WordPress Checker\" class=\"description-img description-img-zoom\" loading=\"lazy\" ><\/div>\n<div class=\"important-block\">Pour recevoir les r\u00e9sultats et acc\u00e9der aux fonctionnalit\u00e9s de Sitechecker pendant 14 jours, d\u00e9marrez votre essai GRATUIT. L'inscription est facile avec votre e-mail, votre compte Google ou Facebook. Aucune carte de cr\u00e9dit n'est n\u00e9cessaire.<\/div>\n<p>Pour suivre les mises \u00e0 jour de vos plugins WordPress, connectez un syst\u00e8me d&#8217;alerte qui envoie des notifications par e-mail ou Slack. Cela vous aidera \u00e0 r\u00e9agir rapidement aux \u00e9ventuelles pannes du CMS.<\/p>\n<div class=\"content__img-wrap\"><img src=\"https:\/\/sitechecker.pro\/wp-content\/uploads\/2025\/01\/send-alerts.png\" alt=\"Envoyer des alertes\" class=\"description-img description-img-zoom\" loading=\"lazy\" ><\/div>\n<p>Restez inform\u00e9 des modifications apport\u00e9es \u00e0 votre <a href=\"https:\/\/sitechecker.pro\/wordpress-site-monitoring\/\" target=\"_blank\" rel=\"noopener noreferrer\">site WordPress<\/a> gr\u00e2ce aux alertes. Ces notifications vous aident \u00e0 suivre l&#8217;ajout ou la suppression de plugins, garantissant ainsi que votre site Web reste optimis\u00e9, s\u00e9curis\u00e9 et align\u00e9 sur vos objectifs.<\/p>\n<div class=\"content__img-wrap\"><img src=\"https:\/\/sitechecker.pro\/wp-content\/uploads\/2025\/01\/wordpress-plugins-added-alert.png\" alt=\"Alerte d'ajout de plugins WordPress\" class=\"description-img description-img-zoom\" loading=\"lazy\" ><\/div>\n<p>Que les plugins am\u00e9liorent les fonctionnalit\u00e9s ou soient supprim\u00e9s pour optimiser les performances, ces mises \u00e0 jour fournissent des informations claires pour maintenir la sant\u00e9 de votre site Web.<\/p>\n<div class=\"content__img-wrap\"><img src=\"https:\/\/sitechecker.pro\/wp-content\/uploads\/2025\/01\/wordpress-plugins-deleted-alert.png\" alt=\"Alerte de suppression des plugins WordPress\" class=\"description-img description-img-zoom\" loading=\"lazy\" ><\/div>\n<h2 id=\"par4\">Id\u00e9e finale<\/h2>\n<p>Le d\u00e9tecteur de plugins WordPress est un outil puissant qui aide les utilisateurs \u00e0 d\u00e9couvrir les plugins et les th\u00e8mes qui alimentent un site. Il est id\u00e9al pour les d\u00e9veloppeurs, les sp\u00e9cialistes du marketing et les propri\u00e9taires d&#8217;entreprise qui cherchent \u00e0 d\u00e9couvrir de nouveaux outils, \u00e0 analyser les concurrents ou \u00e0 optimiser leurs sites Web. Avec une interface intuitive, un tableau de bord unifi\u00e9 et un ensemble complet d&#8217;outils de r\u00e9f\u00e9rencement, il fournit des informations d\u00e9taill\u00e9es sur les extensions et les th\u00e8mes. Les utilisateurs peuvent facilement analyser les sites Web en saisissant un domaine et en recevant des r\u00e9sultats instantan\u00e9s. Des fonctionnalit\u00e9s suppl\u00e9mentaires, comme les syst\u00e8mes d&#8217;alerte pour les mises \u00e0 jour, am\u00e9liorent la surveillance du site et la fiabilit\u00e9 du CMS.<\/p>\n<div id=\"par5\"><\/div>\n<p><div class=\"front__faq-block\"><div class=\"faq__block-title\">FAQ<\/div><div class=\"panel-group\" id=\"faq-accordion\" itemscope itemtype=\"https:\/\/schema.org\/FAQPage\" role=\"tablist\" aria-multiselectable=\"true\"><div class=\"panel\" itemscope itemtype=\"https:\/\/schema.org\/Question\" itemprop=\"mainEntity\">\n                            <div class=\"panel-heading\" id=\"headingFaq-1\">\n                                <div class=\"panel-title\" data-toggle=\"collapse\" aria-expanded=\"false\" href=\"#collapseFaq-1\">\n                                    <h3 itemprop=\"name\">L'outil fournit-il \u00e9galement des informations sur les th\u00e8mes WordPress ?<\/h3>\n                                <\/div>\n                            <\/div>\n                            <div id=\"collapseFaq-1\" class=\"panel-collapse collapse\" itemprop=\"acceptedAnswer\" itemscope itemtype=\"http:\/\/schema.org\/Answer\">\n                                <div class=\"panel-body\" itemprop=\"text\">Oui, en plus des extensions, l'outil peut identifier le th\u00e8me WordPress utilis\u00e9 sur un site Web, y compris son nom et sa version.<\/div>\n                            <\/div>\n                        <\/div><div class=\"panel\" itemscope itemtype=\"https:\/\/schema.org\/Question\" itemprop=\"mainEntity\">\n                            <div class=\"panel-heading\" id=\"headingFaq-2\">\n                                <div class=\"panel-title\" data-toggle=\"collapse\" aria-expanded=\"false\" href=\"#collapseFaq-2\">\n                                    <h3 itemprop=\"name\">L'outil affecte-t-il le site Web analys\u00e9 ?<\/h3>\n                                <\/div>\n                            <\/div>\n                            <div id=\"collapseFaq-2\" class=\"panel-collapse collapse\" itemprop=\"acceptedAnswer\" itemscope itemtype=\"http:\/\/schema.org\/Answer\">\n                                <div class=\"panel-body\" itemprop=\"text\">Non, l'outil analyse uniquement les informations accessibles au public et n'interf\u00e8re pas avec les fonctionnalit\u00e9s du site Web analys\u00e9 ni n'a d'impact sur celles-ci.<\/div>\n                            <\/div>\n                        <\/div><div class=\"panel\" itemscope itemtype=\"https:\/\/schema.org\/Question\" itemprop=\"mainEntity\">\n                            <div class=\"panel-heading\" id=\"headingFaq-3\">\n                                <div class=\"panel-title\" data-toggle=\"collapse\" aria-expanded=\"false\" href=\"#collapseFaq-3\">\n                                    <h3 itemprop=\"name\">Puis-je surveiller plusieurs sites Web avec le d\u00e9tecteur de plugins WordPress ?<\/h3>\n                                <\/div>\n                            <\/div>\n                            <div id=\"collapseFaq-3\" class=\"panel-collapse collapse\" itemprop=\"acceptedAnswer\" itemscope itemtype=\"http:\/\/schema.org\/Answer\">\n                                <div class=\"panel-body\" itemprop=\"text\">Oui, vous pouvez analyser plusieurs sites Web en saisissant leurs noms de domaine individuellement dans l'outil.<\/div>\n                            <\/div>\n                        <\/div><\/div><\/div><\/p>","protected":false},"excerpt":{"rendered":"Qu&#8217;est-ce que WordPress Plugin Checker\u00a0? Le d\u00e9tecteur de plugins WP de Sitechecker est un outil qui identifie les plugins WordPress utilis\u00e9s sur un site Web sp\u00e9cifique. L&#8217;analyse du site r\u00e9v\u00e8le les plugins qui contribuent \u00e0 sa fonctionnalit\u00e9, tels que les fonctionnalit\u00e9s de r\u00e9f\u00e9rencement, de conception ou de commerce \u00e9lectronique. Cet outil est pr\u00e9cieux pour les&#8230;","protected":false},"author":10409641,"featured_media":8500,"parent":0,"menu_order":0,"comment_status":"closed","ping_status":"closed","template":"pages-templates\/pages-minitools-3.php","meta":[],"categories":[73],"tags":[],"_links":{"self":[{"href":"https:\/\/sitechecker.pro\/fr\/wp-json\/wp\/v2\/pages\/8470"}],"collection":[{"href":"https:\/\/sitechecker.pro\/fr\/wp-json\/wp\/v2\/pages"}],"about":[{"href":"https:\/\/sitechecker.pro\/fr\/wp-json\/wp\/v2\/types\/page"}],"author":[{"embeddable":true,"href":"https:\/\/sitechecker.pro\/fr\/wp-json\/wp\/v2\/users\/10409641"}],"replies":[{"embeddable":true,"href":"https:\/\/sitechecker.pro\/fr\/wp-json\/wp\/v2\/comments?post=8470"}],"version-history":[{"count":27,"href":"https:\/\/sitechecker.pro\/fr\/wp-json\/wp\/v2\/pages\/8470\/revisions"}],"predecessor-version":[{"id":35603,"href":"https:\/\/sitechecker.pro\/fr\/wp-json\/wp\/v2\/pages\/8470\/revisions\/35603"}],"wp:featuredmedia":[{"embeddable":true,"href":"https:\/\/sitechecker.pro\/fr\/wp-json\/wp\/v2\/media\/8500"}],"wp:attachment":[{"href":"https:\/\/sitechecker.pro\/fr\/wp-json\/wp\/v2\/media?parent=8470"}],"wp:term":[{"taxonomy":"category","embeddable":true,"href":"https:\/\/sitechecker.pro\/fr\/wp-json\/wp\/v2\/categories?post=8470"},{"taxonomy":"post_tag","embeddable":true,"href":"https:\/\/sitechecker.pro\/fr\/wp-json\/wp\/v2\/tags?post=8470"}],"curies":[{"name":"wp","href":"https:\/\/api.w.org\/{rel}","templated":true}]}}