{"id":8272,"date":"2019-10-03T13:14:07","date_gmt":"2019-10-03T13:14:07","guid":{"rendered":"https:\/\/sitechecker.pro\/?page_id=8272"},"modified":"2026-02-26T15:33:02","modified_gmt":"2026-02-26T15:33:02","slug":"ga-checker","status":"publish","type":"page","link":"https:\/\/sitechecker.pro\/fr\/ga-checker\/","title":{"rendered":"Google Analytics Checker Gratuit | Tester si GA fonctionne \u1408"},"content":{"rendered":"<p><\/p>\n<h2 id=\"par1\">Qu&#8217;est-ce qu&#8217;un v\u00e9rificateur Google Analytics\u00a0?<\/h2>\n<p>Le v\u00e9rificateur Google Analytics de <a href=\"https:\/\/sitechecker.pro\/\" target=\"_blank\" rel=\"noopener noreferrer\">Sitechecker<\/a> est con\u00e7u pour v\u00e9rifier si un site Web dispose d&#8217;un code de suivi Google Analytics correctement install\u00e9 et fonctionnel. Il analyse une URL pour d\u00e9tecter les scripts GA4 ou Universal Analytics (UA) et assure un suivi actif. Cela aide les propri\u00e9taires de sites Web, les sp\u00e9cialistes du marketing et les sp\u00e9cialistes du r\u00e9f\u00e9rencement \u00e0 confirmer que leur configuration d&#8217;analyse est correctement impl\u00e9ment\u00e9e, \u00e9vitant ainsi la perte de donn\u00e9es ou les erreurs de suivi. L&#8217;outil est particuli\u00e8rement utile pour diagnostiquer les installations Google Analytics manquantes, dupliqu\u00e9es ou d\u00e9fectueuses qui pourraient affecter les informations sur les performances du site Web.<\/p>\n<h3>Comment l&#8217;outil peut vous aider<\/h3>\n<p><strong>D\u00e9tection du code de suivi GA\u00a0:<\/strong>v\u00e9rifie si un site Web dispose d&#8217;un code de suivi GA4 ou Universal Analytics (UA) correctement install\u00e9 et fonctionnel, garantissant une collecte de donn\u00e9es pr\u00e9cise.<\/p>\n<p><strong>Tableau de bord GA complet\u00a0:<\/strong>fournit les principales tendances du trafic, les indicateurs SEO, les mesures de classement et les informations sur l&#8217;engagement pour surveiller et optimiser les performances du site Web.<\/p>\n<p><strong>Identification des probl\u00e8mes\u00a0:<\/strong>d\u00e9tecte les codes de suivi manquants, dupliqu\u00e9s ou cass\u00e9s, met en \u00e9vidence les probl\u00e8mes de trafic de recherche et propose des recommandations SEO exploitables pour une meilleure visibilit\u00e9.<\/p>\n<h3>Principales fonctionnalit\u00e9s du d\u00e9tecteur Google Analytics<\/h3>\n<p><strong>Tableau de bord unifi\u00e9\u00a0:<\/strong>fournit une vue centralis\u00e9e de toutes les mesures de performance du site Web, y compris les informations SEO, les donn\u00e9es de trafic et l&#8217;int\u00e9gration de Google Analytics, permettant aux utilisateurs de surveiller et d&#8217;optimiser efficacement leur site.<\/p>\n<p><strong>Interface conviviale\u00a0:<\/strong>con\u00e7ue pour les d\u00e9butants et les utilisateurs exp\u00e9riment\u00e9s, Sitechecker offre une plate-forme intuitive et facile \u00e0 naviguer qui simplifie les audits de sites Web, l&#8217;analyse SEO et le suivi des performances.<\/p>\n<p><strong>Ensemble complet d&#8217;outils SEO\u00a0:<\/strong>comprend une suite compl\u00e8te d&#8217;outils SEO tels que des audits de site, un suivi de classement et des fonctionnalit\u00e9s d&#8217;optimisation sur page pour aider \u00e0 am\u00e9liorer la visibilit\u00e9 du site Web et le classement des moteurs de recherche.<\/p>\n<h2 id=\"par2\">Comment utiliser l&#8217;outil<\/h2>\n<p>Pour utiliser GA4 Checker, choisissez une option d&#8217;audit. S\u00e9lectionnez \u00ab\u00a0Tester GA pour votre site\u00a0\u00bb pour une analyse compl\u00e8te, y compris les donn\u00e9es de trafic. Choisissez \u00ab\u00a0Tester GA pour un autre site\u00a0\u00bb pour v\u00e9rifier rapidement le code de suivi GA. Cliquez sur \u00ab\u00a0D\u00e9marrer l&#8217;audit\u00a0\u00bb pour commencer.<\/p>\n<h2 id=\"par3\">Testez GA pour votre site<\/h2>\n<h3>\u00c9tape 1\u00a0: Choisissez le test GA pour votre site Web<\/h3>\n<div class=\"content__img-wrap\"><img src=\"https:\/\/sitechecker.pro\/wp-content\/uploads\/2025\/02\/test-ga-your-site.png\" alt=\"Testez GA pour votre site\" class=\"description-img description-img-zoom\" loading=\"lazy\" ><\/div>\n<div class=\"important-block\">Pour recevoir les r\u00e9sultats et acc\u00e9der aux fonctionnalit\u00e9s de Sitechecker pendant 14 jours, d\u00e9marrez votre essai GRATUIT. L'inscription est facile avec votre e-mail, votre compte Google ou Facebook. Aucune carte de cr\u00e9dit n'est n\u00e9cessaire.<\/div>\n<h3>\u00c9tape 2\u00a0: Connectez Google Analytics<\/h3>\n<p>Associez votre compte Google Analytics \u00e0 Sitechecker pour obtenir des informations et des rapports. Cliquez sur \u00ab\u00a0Connecter un compte Google\u00a0\u00bb pour continuer.<\/p>\n<div class=\"content__img-wrap\"><img src=\"https:\/\/sitechecker.pro\/wp-content\/uploads\/2025\/02\/connect-google-account.png\" alt=\"Connecter un compte Google\" class=\"description-img description-img-zoom\" loading=\"lazy\" ><\/div>\n<h3>\u00c9tape 3\u00a0:\u00a0Obtenez les r\u00e9sultats<\/h3>\n<p>Suivez le trafic, la visibilit\u00e9 et les performances de recherche de votre site Web gr\u00e2ce aux indicateurs cl\u00e9s de Google Analytics. Obtenez des informations sur le trafic organique, les clics, les impressions, les pages index\u00e9es, le CTR et le classement des mots cl\u00e9s pour optimiser votre strat\u00e9gie de r\u00e9f\u00e9rencement.<\/p>\n<div class=\"content__img-wrap\"><img src=\"https:\/\/sitechecker.pro\/wp-content\/uploads\/2025\/02\/sitechecker-dashboard.png\" alt=\"Tableau de bord Sitechecker\" class=\"description-img description-img-zoom\" loading=\"lazy\" ><\/div>\n<h3>Le tableau de bord GA regroupe les KPI essentiels pour la surveillance du site Web<\/h3>\n<p><strong>Aper\u00e7u du trafic\u00a0:<\/strong> compare le trafic total et organique, en mettant en \u00e9vidence les tendances de croissance.<\/p>\n<p><strong>Mesures d&#8217;engagement\u00a0: <\/strong>Suivez les impressions et les clics pour \u00e9valuer l&#8217;interaction des utilisateurs.<\/p>\n<p><strong>Indicateurs SEO\u00a0: <\/strong>\u00c9valuez la visibilit\u00e9 et l&#8217;indexation dans les r\u00e9sultats de recherche pour les rapports SEO.<\/p>\n<p><strong>Mesures de classement\u00a0: <\/strong>Affiche la position moyenne et le CTR pour l&#8217;\u00e9valuation SEO.<\/p>\n<p><strong>Score de sant\u00e9\u00a0: <\/strong>\u00c9value la sant\u00e9 globale du r\u00e9f\u00e9rencement et l&#8217;\u00e9tat du classement des mots cl\u00e9s.<\/p>\n<p><strong>Analyse des tendances\u00a0: <\/strong>Graphique des tendances du trafic pour rep\u00e9rer les tendances et les valeurs aberrantes.<\/p>\n<p>Des fonctionnalit\u00e9s telles que la prise de notes, la gestion des widgets, l&#8217;exportation de donn\u00e9es et les filtres temporels r\u00e9glables am\u00e9liorent la flexibilit\u00e9 analytique du tableau de bord.<\/p>\n<div class=\"content__img-wrap\"><img src=\"https:\/\/sitechecker.pro\/wp-content\/uploads\/2025\/02\/google-search-console-metrics.png\" alt=\"Mesures de la Search Console Google\" class=\"description-img description-img-zoom\" loading=\"lazy\" ><\/div>\n<p>Cette interface dynamique permet aux webmasters et aux professionnels du r\u00e9f\u00e9rencement d&#8217;exploiter des donn\u00e9es pr\u00e9cieuses, des grandes tendances aux mesures d\u00e9taill\u00e9es. Ainsi, ils affinent leurs strat\u00e9gies de recherche et obtiennent les instructions pour am\u00e9liorer la pr\u00e9sence de leur site Web dans les moteurs de recherche.<\/p>\n<h3>Insights GA rapides avec l\u2019extension Chrome Sitechecker<\/h3>\n<p>Apr\u00e8s avoir v\u00e9rifi\u00e9 que Google Analytics est correctement install\u00e9, l\u2019extension Chrome Sitechecker vous aide \u00e0 comprendre rapidement comment une page performe en pratique. En naviguant sur \u043b\u044e\u0431\u0443\u044e URL, vous pouvez voir instantan\u00e9ment des indicateurs de performance au niveau de la page (potentiel de trafic, visibilit\u00e9 et contexte d\u2019engagement) sans ouvrir Google Analytics.<\/p>\n<div class=\"content__img-wrap\"><img src=\"https:\/\/sitechecker.pro\/wp-content\/uploads\/2026\/02\/ga-insights-extension.png\" alt=\"GA insights extension\" class=\"description-img description-img-zoom\" loading=\"lazy\" ><\/div>\n<p>Cela facilite la validation du suivi, l\u2019identification des pages avec peu ou pas de donn\u00e9es et la v\u00e9rification des r\u00e9sultats apr\u00e8s des mises \u00e0 jour de contenu ou des migrations \u2014 directement dans le navigateur.<\/p>\n<h2 id=\"par4\">Fonctionnalit\u00e9s suppl\u00e9mentaires du v\u00e9rificateur de code Google Analytics<\/h2>\n<p>Le v\u00e9rificateur de code GA fournit des codes de suivi d&#8217;analyse des performances d\u00e9taill\u00e9s pour les sites Web et certaines pages en exploitant les donn\u00e9es de GA et de la Search Console. Cet outil d&#8217;audit SEO met en \u00e9vidence les probl\u00e8mes qui ont un impact sur le trafic de recherche (par exemple, les pages sans impressions ni clics) et propose une analyse d\u00e9taill\u00e9e des am\u00e9liorations cibl\u00e9es.<\/p>\n<ul>\n<li><strong>Identification des probl\u00e8mes\u00a0: <\/strong>Identifie les probl\u00e8mes sp\u00e9cifiques de trafic de recherche pour un examen approfondi et des conseils sur la fa\u00e7on de les r\u00e9soudre.<\/li>\n<li><strong>Cat\u00e9gorisation\u00a0: <\/strong>Trie les probl\u00e8mes par gravit\u00e9 pour les hi\u00e9rarchiser.<\/li>\n<li><strong>Cat\u00e9gorie des pages\u00a0: <\/strong>Visualise les pages affect\u00e9es par des facteurs SEO tels que les liens et la vitesse de la page.<\/li>\n<li><strong>Recommandations exploitables\u00a0: <\/strong>Sugg\u00e8re des mots cl\u00e9s pour le suivi et int\u00e8gre les donn\u00e9es pour une planification SEO plus r\u00e9fl\u00e9chie.<\/li>\n<\/ul>\n<p>Google Analytics Tester est un outil essentiel pour les webmasters et les professionnels du r\u00e9f\u00e9rencement. Il am\u00e9liore le trafic de recherche et optimise efficacement les strat\u00e9gies de r\u00e9f\u00e9rencement.<\/p>\n<div class=\"content__img-wrap\"><img src=\"https:\/\/sitechecker.pro\/wp-content\/uploads\/2025\/02\/search-traffic-issues.png\" alt=\"Probl\u00e8mes de trafic de recherche\" class=\"description-img description-img-zoom\" loading=\"lazy\" ><\/div>\n<p>Pour une analyse d\u00e9taill\u00e9e d&#8217;une seule page, cliquez sur le bouton \u00ab\u00a0Toutes les pages HTML\u00a0\u00bb et s\u00e9lectionnez une page sp\u00e9cifique pour approfondir vos recherches.<\/p>\n<p>\u00c9value le potentiel de trafic des requ\u00eates de recherche pour une optimisation cibl\u00e9e des mots cl\u00e9s.<\/p>\n<h3>L&#8217;audit de page est une approche compl\u00e8te de l&#8217;analyse SEO<\/h3>\n<p>Par exemple, vous pouvez v\u00e9rifier une URL sp\u00e9cifique\u00a0:<\/p>\n<ul>\n<li><strong>Mesures de recherche\u00a0: <\/strong>Fournit des donn\u00e9es sur les performances de recherche, notamment les impressions et le CTR, par appareil et par pays.<\/li>\n<li><strong>Mesures de performance\u00a0: <\/strong>Affiche les impressions et le CTR sp\u00e9cifiques \u00e0 l&#8217;appareil, r\u00e9v\u00e9lant les points forts du site Web.<\/li>\n<li><strong>Analyse g\u00e9ographique\u00a0: <\/strong>Affiche les performances par pays pour soutenir les strat\u00e9gies mondiales.<\/li>\n<li><strong>Suivi des requ\u00eates de recherche\u00a0: <\/strong>Suivi des classements pour les requ\u00eates les plus fr\u00e9quentes, indiquant les progr\u00e8s du r\u00e9f\u00e9rencement et les opportunit\u00e9s d&#8217;optimisation.<\/li>\n<li><strong>Potentiel SEO\u00a0: <\/strong>\u00c9value le potentiel de trafic des requ\u00eates de recherche pour une optimisation cibl\u00e9e des mots cl\u00e9s.<\/li>\n<\/ul>\n<div class=\"content__img-wrap\"><img src=\"https:\/\/sitechecker.pro\/wp-content\/uploads\/2025\/02\/search-metrics.png\" alt=\"Metriques de recherche\" class=\"description-img description-img-zoom\" loading=\"lazy\" ><\/div>\n<p>En r\u00e9sum\u00e9, l&#8217;interface indique une plateforme qui suit et rend compte des performances SEO. Elle offre \u00e9galement des informations exploitables qui peuvent stimuler la strat\u00e9gie d&#8217;optimisation de recherche d&#8217;un site Web.<\/p>\n<h2 id=\"par5\">Tester le code de suivi GA d&#8217;un autre site<\/h2>\n<h3>\u00c9tape 1\u00a0: Choisissez l&#8217;option permettant de v\u00e9rifier un site autre que le v\u00f4tre<\/h3>\n<div class=\"content__img-wrap\"><img src=\"https:\/\/sitechecker.pro\/wp-content\/uploads\/2025\/02\/test-ga-another-site.png\" alt=\"Tester GA un autre site\" class=\"description-img description-img-zoom\" loading=\"lazy\" ><\/div>\n<h3>\u00c9tape 2\u00a0: Obtenez les r\u00e9sultats<\/h3>\n<p>V\u00e9rifiez si le suivi Google Analytics est activ\u00e9 sur un site Web et assurez-vous que le code de suivi fonctionne correctement.<\/p>\n<div class=\"content__img-wrap\"><img src=\"https:\/\/sitechecker.pro\/wp-content\/uploads\/2025\/02\/google-analytics-checker-results.png\" alt=\"R\u00e9sultats de Google Analytics Checker\" class=\"description-img description-img-zoom\" loading=\"lazy\" ><\/div>\n<h2 id=\"par6\">Id\u00e9e finale<\/h2>\n<p>Google Analytics Tag Checker v\u00e9rifie si un site Web dispose d&#8217;un code de suivi GA correctement install\u00e9. Il d\u00e9tecte les scripts GA4 et Universal Analytics (UA), garantissant un suivi actif pour \u00e9viter la perte de donn\u00e9es. Les utilisateurs peuvent tester GA pour leur propre site (informations d\u00e9taill\u00e9es sur le trafic) ou un autre site (v\u00e9rification rapide du suivi). L&#8217;outil fournit un tableau de bord unifi\u00e9 avec les tendances du trafic, les indicateurs SEO, les mesures de classement et les donn\u00e9es d&#8217;engagement. Les fonctionnalit\u00e9s suppl\u00e9mentaires incluent l&#8217;identification des probl\u00e8mes, le suivi des mots cl\u00e9s et des recommandations SEO exploitables. Cet outil aide les webmasters et les professionnels du r\u00e9f\u00e9rencement \u00e0 surveiller les analyses, \u00e0 optimiser la visibilit\u00e9 de la recherche et \u00e0 am\u00e9liorer efficacement les performances du site Web.<\/p>\n<div id=\"par7\"><\/div>\n<p><div class=\"front__faq-block\"><div class=\"faq__block-title\">FAQ<\/div><div class=\"panel-group\" id=\"faq-accordion\" itemscope itemtype=\"https:\/\/schema.org\/FAQPage\" role=\"tablist\" aria-multiselectable=\"true\"><div class=\"panel\" itemscope itemtype=\"https:\/\/schema.org\/Question\" itemprop=\"mainEntity\">\n                            <div class=\"panel-heading\" id=\"headingFaq-1\">\n                                <div class=\"panel-title\" data-toggle=\"collapse\" aria-expanded=\"false\" href=\"#collapseFaq-1\">\n                                    <h3 itemprop=\"name\">Puis-je v\u00e9rifier si le suivi Google Analytics est activ\u00e9 sur plusieurs sites Web ?<\/h3>\n                                <\/div>\n                            <\/div>\n                            <div id=\"collapseFaq-1\" class=\"panel-collapse collapse\" itemprop=\"acceptedAnswer\" itemscope itemtype=\"http:\/\/schema.org\/Answer\">\n                                <div class=\"panel-body\" itemprop=\"text\">Oui, vous pouvez tester plusieurs sites Web en saisissant diff\u00e9rentes URL individuellement pour v\u00e9rifier si le suivi GA est install\u00e9.<\/div>\n                            <\/div>\n                        <\/div><div class=\"panel\" itemscope itemtype=\"https:\/\/schema.org\/Question\" itemprop=\"mainEntity\">\n                            <div class=\"panel-heading\" id=\"headingFaq-2\">\n                                <div class=\"panel-title\" data-toggle=\"collapse\" aria-expanded=\"false\" href=\"#collapseFaq-2\">\n                                    <h3 itemprop=\"name\">L'outil v\u00e9rifie-t-il \u00e0 la fois GA4 et Universal Analytics (UA) ?<\/h3>\n                                <\/div>\n                            <\/div>\n                            <div id=\"collapseFaq-2\" class=\"panel-collapse collapse\" itemprop=\"acceptedAnswer\" itemscope itemtype=\"http:\/\/schema.org\/Answer\">\n                                <div class=\"panel-body\" itemprop=\"text\">Oui, il d\u00e9tecte et v\u00e9rifie les codes de suivi GA4 et UA pour garantir une mise en \u0153uvre correcte.<\/div>\n                            <\/div>\n                        <\/div><div class=\"panel\" itemscope itemtype=\"https:\/\/schema.org\/Question\" itemprop=\"mainEntity\">\n                            <div class=\"panel-heading\" id=\"headingFaq-3\">\n                                <div class=\"panel-title\" data-toggle=\"collapse\" aria-expanded=\"false\" href=\"#collapseFaq-3\">\n                                    <h3 itemprop=\"name\">Dois-je m'inscrire pour v\u00e9rifier le suivi GA pour un autre site ?<\/h3>\n                                <\/div>\n                            <\/div>\n                            <div id=\"collapseFaq-3\" class=\"panel-collapse collapse\" itemprop=\"acceptedAnswer\" itemscope itemtype=\"http:\/\/schema.org\/Answer\">\n                                <div class=\"panel-body\" itemprop=\"text\">Non, tester GA pour un autre site fournit un rapport instantan\u00e9 sans n\u00e9cessiter de compte.<\/div>\n                            <\/div>\n                        <\/div><div class=\"panel\" itemscope itemtype=\"https:\/\/schema.org\/Question\" itemprop=\"mainEntity\">\n                            <div class=\"panel-heading\" id=\"headingFaq-4\">\n                                <div class=\"panel-title\" data-toggle=\"collapse\" aria-expanded=\"false\" href=\"#collapseFaq-4\">\n                                    <h3 itemprop=\"name\">L'outil peut-il identifier si le code de suivi GA est cass\u00e9 ou manquant ?<\/h3>\n                                <\/div>\n                            <\/div>\n                            <div id=\"collapseFaq-4\" class=\"panel-collapse collapse\" itemprop=\"acceptedAnswer\" itemscope itemtype=\"http:\/\/schema.org\/Answer\">\n                                <div class=\"panel-body\" itemprop=\"text\">Oui, il d\u00e9tecte les codes de suivi manquants, dupliqu\u00e9s ou non fonctionnels qui peuvent entra\u00eener une perte de donn\u00e9es.<\/div>\n                            <\/div>\n                        <\/div><div class=\"panel\" itemscope itemtype=\"https:\/\/schema.org\/Question\" itemprop=\"mainEntity\">\n                            <div class=\"panel-heading\" id=\"headingFaq-5\">\n                                <div class=\"panel-title\" data-toggle=\"collapse\" aria-expanded=\"false\" href=\"#collapseFaq-5\">\n                                    <h3 itemprop=\"name\">L'outil fournit-il des informations au-del\u00e0 de la v\u00e9rification du suivi ?<\/h3>\n                                <\/div>\n                            <\/div>\n                            <div id=\"collapseFaq-5\" class=\"panel-collapse collapse\" itemprop=\"acceptedAnswer\" itemscope itemtype=\"http:\/\/schema.org\/Answer\">\n                                <div class=\"panel-body\" itemprop=\"text\">Oui, lorsque vous testez votre propre site, il propose des donn\u00e9es de trafic, des mesures de performances SEO et des informations sur le classement.<\/div>\n                            <\/div>\n                        <\/div><div class=\"panel\" itemscope itemtype=\"https:\/\/schema.org\/Question\" itemprop=\"mainEntity\">\n                            <div class=\"panel-heading\" id=\"headingFaq-6\">\n                                <div class=\"panel-title\" data-toggle=\"collapse\" aria-expanded=\"false\" href=\"#collapseFaq-6\">\n                                    <h3 itemprop=\"name\">\u00c0 quelle fr\u00e9quence dois-je v\u00e9rifier mon site Web pour d\u00e9tecter les probl\u00e8mes de suivi GA ?<\/h3>\n                                <\/div>\n                            <\/div>\n                            <div id=\"collapseFaq-6\" class=\"panel-collapse collapse\" itemprop=\"acceptedAnswer\" itemscope itemtype=\"http:\/\/schema.org\/Answer\">\n                                <div class=\"panel-body\" itemprop=\"text\">Il est recommand\u00e9 de v\u00e9rifier apr\u00e8s les mises \u00e0 jour majeures du site Web, les migrations ou les modifications de votre configuration d'analyse.<\/div>\n                            <\/div>\n                        <\/div><div class=\"panel\" itemscope itemtype=\"https:\/\/schema.org\/Question\" itemprop=\"mainEntity\">\n                            <div class=\"panel-heading\" id=\"headingFaq-7\">\n                                <div class=\"panel-title\" data-toggle=\"collapse\" aria-expanded=\"false\" href=\"#collapseFaq-7\">\n                                    <h3 itemprop=\"name\">Puis-je exporter les r\u00e9sultats du test GA ?<\/h3>\n                                <\/div>\n                            <\/div>\n                            <div id=\"collapseFaq-7\" class=\"panel-collapse collapse\" itemprop=\"acceptedAnswer\" itemscope itemtype=\"http:\/\/schema.org\/Answer\">\n                                <div class=\"panel-body\" itemprop=\"text\">Oui, Sitechecker permet d'exporter des rapports pour une analyse et une documentation plus approfondies.<\/div>\n                            <\/div>\n                        <\/div><\/div><\/div><\/p>","protected":false},"excerpt":{"rendered":"Qu&#8217;est-ce qu&#8217;un v\u00e9rificateur Google Analytics\u00a0? Le v\u00e9rificateur Google Analytics de Sitechecker est con\u00e7u pour v\u00e9rifier si un site Web dispose d&#8217;un code de suivi Google Analytics correctement install\u00e9 et fonctionnel. Il analyse une URL pour d\u00e9tecter les scripts GA4 ou Universal Analytics (UA) et assure un suivi actif. Cela aide les propri\u00e9taires de sites Web,&#8230;","protected":false},"author":10409641,"featured_media":8276,"parent":0,"menu_order":0,"comment_status":"closed","ping_status":"closed","template":"pages-templates\/pages-minitools-3.php","meta":[],"categories":[73],"tags":[],"_links":{"self":[{"href":"https:\/\/sitechecker.pro\/fr\/wp-json\/wp\/v2\/pages\/8272"}],"collection":[{"href":"https:\/\/sitechecker.pro\/fr\/wp-json\/wp\/v2\/pages"}],"about":[{"href":"https:\/\/sitechecker.pro\/fr\/wp-json\/wp\/v2\/types\/page"}],"author":[{"embeddable":true,"href":"https:\/\/sitechecker.pro\/fr\/wp-json\/wp\/v2\/users\/10409641"}],"replies":[{"embeddable":true,"href":"https:\/\/sitechecker.pro\/fr\/wp-json\/wp\/v2\/comments?post=8272"}],"version-history":[{"count":51,"href":"https:\/\/sitechecker.pro\/fr\/wp-json\/wp\/v2\/pages\/8272\/revisions"}],"predecessor-version":[{"id":39524,"href":"https:\/\/sitechecker.pro\/fr\/wp-json\/wp\/v2\/pages\/8272\/revisions\/39524"}],"wp:featuredmedia":[{"embeddable":true,"href":"https:\/\/sitechecker.pro\/fr\/wp-json\/wp\/v2\/media\/8276"}],"wp:attachment":[{"href":"https:\/\/sitechecker.pro\/fr\/wp-json\/wp\/v2\/media?parent=8272"}],"wp:term":[{"taxonomy":"category","embeddable":true,"href":"https:\/\/sitechecker.pro\/fr\/wp-json\/wp\/v2\/categories?post=8272"},{"taxonomy":"post_tag","embeddable":true,"href":"https:\/\/sitechecker.pro\/fr\/wp-json\/wp\/v2\/tags?post=8272"}],"curies":[{"name":"wp","href":"https:\/\/api.w.org\/{rel}","templated":true}]}}