{"id":8059,"date":"2019-09-19T10:48:46","date_gmt":"2019-09-19T10:48:46","guid":{"rendered":"https:\/\/sitechecker.pro\/?page_id=8059"},"modified":"2025-02-28T10:04:36","modified_gmt":"2025-02-28T10:04:36","slug":"blacklist-checker","status":"publish","type":"page","link":"https:\/\/sitechecker.pro\/fr\/blacklist-checker\/","title":{"rendered":"Domain Blacklist Checker : Si un domaine ou une adresse IP est sur liste noire ?"},"content":{"rendered":"<p><\/p>\n<h2 id=\"par1\">Qu&#8217;est-ce que Domain Blacklist Checker\u00a0?<\/h2>\n<p>Le Domain Blacklist Checker de <a href=\"https:\/\/sitechecker.pro\/\" target=\"_blank\" rel=\"noopener noreferrer\">Sitechecker<\/a> est un outil en ligne qui permet aux utilisateurs de v\u00e9rifier si un domaine ou une adresse IP est r\u00e9pertori\u00e9 sur des listes noires susceptibles d&#8217;affecter leur classement SEO et la d\u00e9livrabilit\u00e9 des e-mails. Il est con\u00e7u pour aider les propri\u00e9taires de sites Web \u00e0 s&#8217;assurer que leur domaine n&#8217;a pas \u00e9t\u00e9 signal\u00e9 pour spam ou activit\u00e9 malveillante, ce qui peut aider \u00e0 maintenir la r\u00e9putation et la visibilit\u00e9 de leur site Web en ligne.<\/p>\n<h3>Comment l&#8217;outil peut vous aider en<\/h3>\n<p><strong>V\u00e9rification de l&#8217;\u00e9tat de la liste noire\u00a0:<\/strong>v\u00e9rifie directement si un domaine ou une adresse IP est r\u00e9pertori\u00e9 dans les bases de donn\u00e9es DNSBL pour une \u00e9ventuelle mise sur liste noire.<\/p>\n<p><strong>G\u00e9n\u00e9ration de rapports d\u00e9taill\u00e9s\u00a0:<\/strong>fournit des rapports sur l&#8217;\u00e9tat de la liste noire, offrant un aper\u00e7u des probl\u00e8mes d\u00e9tect\u00e9s.<\/p>\n<p><strong>V\u00e9rification de la s\u00e9curit\u00e9 du site Web\u00a0: <\/strong>offre une analyse compl\u00e8te des vuln\u00e9rabilit\u00e9s du site Web et fournit des conseils pratiques pour y rem\u00e9dier.<\/p>\n<h3>Principales fonctionnalit\u00e9s de l&#8217;outil<\/h3>\n<p><strong>Tableau de bord unifi\u00e9\u00a0: <\/strong>offre une vue unique et int\u00e9gr\u00e9e pour surveiller les analyses et les indicateurs de performance du site Web, simplifiant ainsi l&#8217;analyse des donn\u00e9es.<\/p>\n<p><strong>Interface conviviale\u00a0: <\/strong>con\u00e7ue pour l&#8217;accessibilit\u00e9, elle garantit que les professionnels et les d\u00e9butants peuvent naviguer et utiliser l&#8217;outil efficacement.<\/p>\n<p><strong>Ensemble complet d&#8217;outils SEO\u00a0: <\/strong>fournit une vaste collection d&#8217;outils SEO, couvrant tous les aspects n\u00e9cessaires aux efforts complets d&#8217;optimisation des moteurs de recherche.<\/p>\n<h2 id=\"par2\">Comment utiliser l&#8217;outil<\/h2>\n<h3>\u00c9tape 1\u00a0: saisissez le domaine que vous souhaitez v\u00e9rifier, puis cliquez sur le bouton \u00ab\u00a0V\u00e9rifier les listes noires\u00a0\u00bb<\/h3>\n<div class=\"content__img-wrap\"><img src=\"https:\/\/sitechecker.pro\/wp-content\/uploads\/2024\/03\/domain-blacklist-checker.png\" alt=\"V\u00e9rificateur de liste noire de domaines\" class=\"description-img description-img-zoom\" loading=\"lazy\" ><\/div>\n<h3>\u00c9tape 2\u00a0: recevez le r\u00e9sultat<\/h3>\n<p>En quelques secondes, vous obtenez toutes les informations concernant votre site Web rassembl\u00e9es dans un rapport complet.<\/p>\n<div class=\"content__img-wrap\"><img src=\"https:\/\/sitechecker.pro\/wp-content\/uploads\/2024\/03\/spam-blacklist-checker.png\" alt=\"V\u00e9rificateur de liste noire de spam\" class=\"description-img description-img-zoom\" loading=\"lazy\" ><\/div>\n<p>De plus, si n\u00e9cessaire, vous pouvez effectuer un nouveau test en utilisant l&#8217;adresse IP au lieu du nom de domaine.<\/p>\n<div class=\"content__img-wrap\"><img src=\"https:\/\/sitechecker.pro\/wp-content\/uploads\/2024\/03\/check-your-domain-or-ip.png\" alt=\"V\u00e9rifiez votre domaine ou votre IP\" class=\"description-img description-img-zoom\" loading=\"lazy\" ><\/div>\n<p>Pour lancer une analyse SEO compl\u00e8te, cliquez simplement sur le bouton &#8220;D\u00e9marrer le suivi&#8221;.<\/p>\n<h2 id=\"par3\">Fonctionnalit\u00e9s suppl\u00e9mentaires de Domain Spam Checker<\/h2>\n<p>Lorsque nous analysons votre domaine pour la liste noire, nous explorons votre site en arri\u00e8re-plan. Ainsi, en cliquant sur le bouton &#8220;V\u00e9rifier le rapport&#8221; sur la banni\u00e8re, vous obtenez un rapport d&#8217;audit complet du site Web. Il vous aide \u00e0 identifier et \u00e0 r\u00e9soudre les probl\u00e8mes sur votre site.<\/p>\n<div class=\"content__img-wrap\"><img src=\"https:\/\/sitechecker.pro\/wp-content\/uploads\/2024\/03\/site-audit.png\" alt=\"Audit du site\" class=\"description-img description-img-zoom\" loading=\"lazy\" ><\/div>\n<p>De plus, nous facilitons les v\u00e9rifications par IP, m\u00eame si vous ne connaissez pas l&#8217;IP de votre site Web. Vous pouvez l&#8217;obtenir facilement en cliquant sur les informations du domaine sur la page d&#8217;audit du site &#8211; il suffit de le copier \u00e0 partir de l\u00e0. Avec cela, vous \u00eates pr\u00eat pour une v\u00e9rification de la liste de blocage IP.<\/p>\n<div class=\"content__img-wrap\"><img src=\"https:\/\/sitechecker.pro\/wp-content\/uploads\/2024\/03\/blacklist-checker-tool.png\" alt=\"Outil de v\u00e9rification de la liste noire\" class=\"description-img description-img-zoom\" loading=\"lazy\" ><\/div>\n<h2 id=\"par4\">Remarques finales<\/h2>\n<p>En conclusion, nous pouvons dire qu&#8217;une recherche de liste noire est un logiciel essentiel pour prot\u00e9ger votre site Web ou votre adresse IP. Il vous permet de d\u00e9terminer si vous avez \u00e9t\u00e9 banni, ce qui pourrait avoir un impact significatif sur votre trafic. Le v\u00e9rificateur analyse la base de donn\u00e9es DNSBL et fournit une \u00e9valuation SEO et une surveillance du site approfondies. Il est simple et rapide, fournissant un rapport complet en quelques secondes. De plus, il offre une fonction de v\u00e9rification de la liste noire IP pour une commodit\u00e9 totale. L&#8217;importance de cet outil pour maintenir une pr\u00e9sence num\u00e9rique s\u00e9curis\u00e9e et efficace ne peut \u00eatre surestim\u00e9e.<\/p>\n<div id=\"par5\"><\/div>\n<p><div class=\"front__faq-block\"><div class=\"faq__block-title\">FAQ<\/div><div class=\"panel-group\" id=\"faq-accordion\" itemscope itemtype=\"https:\/\/schema.org\/FAQPage\" role=\"tablist\" aria-multiselectable=\"true\"><div class=\"panel\" itemscope itemtype=\"https:\/\/schema.org\/Question\" itemprop=\"mainEntity\">\n                            <div class=\"panel-heading\" id=\"headingFaq-1\">\n                                <div class=\"panel-title\" data-toggle=\"collapse\" aria-expanded=\"false\" href=\"#collapseFaq-1\">\n                                    <h3 itemprop=\"name\">Comment v\u00e9rifier si mon domaine est sur liste noire ?<\/h3>\n                                <\/div>\n                            <\/div>\n                            <div id=\"collapseFaq-1\" class=\"panel-collapse collapse\" itemprop=\"acceptedAnswer\" itemscope itemtype=\"http:\/\/schema.org\/Answer\">\n                                <div class=\"panel-body\" itemprop=\"text\">Vous pouvez utiliser notre v\u00e9rificateur de liste noire de sites Web : ins\u00e9rez le domaine, soumettez la demande et consultez les r\u00e9sultats. Cela peut \u00eatre fait par le nom de domaine ou l&apos;IP du site Web.<\/div>\n                            <\/div>\n                        <\/div><div class=\"panel\" itemscope itemtype=\"https:\/\/schema.org\/Question\" itemprop=\"mainEntity\">\n                            <div class=\"panel-heading\" id=\"headingFaq-2\">\n                                <div class=\"panel-title\" data-toggle=\"collapse\" aria-expanded=\"false\" href=\"#collapseFaq-2\">\n                                    <h3 itemprop=\"name\">Comment v\u00e9rifier si Google vous a mis sur liste noire ?<\/h3>\n                                <\/div>\n                            <\/div>\n                            <div id=\"collapseFaq-2\" class=\"panel-collapse collapse\" itemprop=\"acceptedAnswer\" itemscope itemtype=\"http:\/\/schema.org\/Answer\">\n                                <div class=\"panel-body\" itemprop=\"text\">Utilisez notre v\u00e9rificateur de liste noire ou consultez le rapport de transparence de Google (transparencyreport.google.com) en saisissant l&apos;URL de votre site et en soumettant la demande.<\/div>\n                            <\/div>\n                        <\/div><div class=\"panel\" itemscope itemtype=\"https:\/\/schema.org\/Question\" itemprop=\"mainEntity\">\n                            <div class=\"panel-heading\" id=\"headingFaq-3\">\n                                <div class=\"panel-title\" data-toggle=\"collapse\" aria-expanded=\"false\" href=\"#collapseFaq-3\">\n                                    <h3 itemprop=\"name\">Comment puis-je me retirer si mon site Web est sur liste noire ?<\/h3>\n                                <\/div>\n                            <\/div>\n                            <div id=\"collapseFaq-3\" class=\"panel-collapse collapse\" itemprop=\"acceptedAnswer\" itemscope itemtype=\"http:\/\/schema.org\/Answer\">\n                                <div class=\"panel-body\" itemprop=\"text\">Si vous d\u00e9couvrez que votre IP ou votre domaine a \u00e9t\u00e9 mis sur liste noire, il est conseill\u00e9 de contacter chaque service DNSBL et de soumettre une demande de suppression de votre inscription. Notre outil g\u00e9n\u00e9rera facilement une liste de ces services pour vous. Alors que certains services peuvent supprimer automatiquement votre adresse IP ou votre domaine apr\u00e8s une certaine p\u00e9riode de gr\u00e2ce, d&apos;autres ne le peuvent pas.<\/div>\n                            <\/div>\n                        <\/div><\/div><\/div><\/p>","protected":false},"excerpt":{"rendered":"Qu&#8217;est-ce que Domain Blacklist Checker\u00a0? Le Domain Blacklist Checker de Sitechecker est un outil en ligne qui permet aux utilisateurs de v\u00e9rifier si un domaine ou une adresse IP est r\u00e9pertori\u00e9 sur des listes noires susceptibles d&#8217;affecter leur classement SEO et la d\u00e9livrabilit\u00e9 des e-mails. Il est con\u00e7u pour aider les propri\u00e9taires de sites Web&#8230;","protected":false},"author":10409641,"featured_media":8275,"parent":0,"menu_order":0,"comment_status":"closed","ping_status":"closed","template":"pages-templates\/pages-minitools-3.php","meta":[],"categories":[73],"tags":[],"_links":{"self":[{"href":"https:\/\/sitechecker.pro\/fr\/wp-json\/wp\/v2\/pages\/8059"}],"collection":[{"href":"https:\/\/sitechecker.pro\/fr\/wp-json\/wp\/v2\/pages"}],"about":[{"href":"https:\/\/sitechecker.pro\/fr\/wp-json\/wp\/v2\/types\/page"}],"author":[{"embeddable":true,"href":"https:\/\/sitechecker.pro\/fr\/wp-json\/wp\/v2\/users\/10409641"}],"replies":[{"embeddable":true,"href":"https:\/\/sitechecker.pro\/fr\/wp-json\/wp\/v2\/comments?post=8059"}],"version-history":[{"count":54,"href":"https:\/\/sitechecker.pro\/fr\/wp-json\/wp\/v2\/pages\/8059\/revisions"}],"predecessor-version":[{"id":35779,"href":"https:\/\/sitechecker.pro\/fr\/wp-json\/wp\/v2\/pages\/8059\/revisions\/35779"}],"wp:featuredmedia":[{"embeddable":true,"href":"https:\/\/sitechecker.pro\/fr\/wp-json\/wp\/v2\/media\/8275"}],"wp:attachment":[{"href":"https:\/\/sitechecker.pro\/fr\/wp-json\/wp\/v2\/media?parent=8059"}],"wp:term":[{"taxonomy":"category","embeddable":true,"href":"https:\/\/sitechecker.pro\/fr\/wp-json\/wp\/v2\/categories?post=8059"},{"taxonomy":"post_tag","embeddable":true,"href":"https:\/\/sitechecker.pro\/fr\/wp-json\/wp\/v2\/tags?post=8059"}],"curies":[{"name":"wp","href":"https:\/\/api.w.org\/{rel}","templated":true}]}}