{"id":8021,"date":"2019-09-16T11:44:19","date_gmt":"2019-09-16T11:44:19","guid":{"rendered":"https:\/\/sitechecker.pro\/?page_id=8021"},"modified":"2024-07-15T15:14:32","modified_gmt":"2024-07-15T15:14:32","slug":"interview-jeremie-politi","status":"publish","type":"page","link":"https:\/\/sitechecker.pro\/fr\/interview-jeremie-politi\/","title":{"rendered":"Interview de J\u00e9r\u00e9mie Politi: conseils marketing d&#8217;un expert fran\u00e7ais en r\u00e9f\u00e9rencement"},"content":{"rendered":"<p><span style=\"font-weight: 400;\">Nous accueillons aujourd\u2019hui J\u00e9r\u00e9mie Politi, consultant SEO et g\u00e9rant de l\u2019entreprise \u00ab\u00a0SmartWeb Group\u00a0\u00bb, une agence de r\u00e9f\u00e9rencement tr\u00e8s florissante. Nous allons ainsi parler webmarketing, en abordant notamment diff\u00e9rents sujets en lien avec le r\u00e9f\u00e9rencement naturel ou SEO. C\u2019est un sujet tr\u00e8s int\u00e9ressant, qui a une importance capitale depuis plusieurs ann\u00e9es, nous allons profiter de l\u2019occasion pour lui poser des questions sur sa vision du r\u00e9f\u00e9rencement naturel.<\/span><\/p>\n<p><b>1.Combien d\u2019ann\u00e9es d\u2019exp\u00e9rience en marketing num\u00e9rique avez-vous\u00a0?<\/b><\/p>\n<p><span style=\"font-weight: 400;\">Jusqu\u2019\u00e0 pr\u00e9sent, j\u2019ai plus d\u2019une dizaine d\u2019ann\u00e9es d\u2019exp\u00e9rience dans le SEO. J\u2019ai commenc\u00e9 \u00e0 pratiquer le <\/span><a href=\"https:\/\/www.smartweb-group.com\/referencement-seo\"><span style=\"font-weight: 400;\">r\u00e9f\u00e9rencement SEO<\/span><\/a><span style=\"font-weight: 400;\"> et la cr\u00e9ation de site web en tant qu\u2019\u00e9tudiant afin de financer mes \u00e9tudes. Je g\u00e8re aujourd\u2019hui ma propre agence web sp\u00e9cialis\u00e9e dans le r\u00e9f\u00e9rencement naturel, j\u2019ai pu ainsi suivre toutes les \u00e9volutions de l\u2019algorithme de Google (Panda, Penguin etc).<\/span><\/p>\n<p><b>2. Dans quelle branche du marketing digital ou SEO avez-vous les comp\u00e9tences les plus fortes\u00a0?\u00a0<\/b><\/p>\n<p><span style=\"font-weight: 400;\">Je poss\u00e8de les comp\u00e9tences les plus fortes en mati\u00e8re de netlinking, une branche du r\u00e9f\u00e9rencement naturel dans laquelle je suis sp\u00e9cialis\u00e9.\u00a0Je propose en effet du linkbuilding th\u00e9matique pour le compte de mes clients.<\/span><\/p>\n<div class=\"article__testimonial\">\n<p><em><span style=\"font-weight: 400;\">Je poss\u00e8de les comp\u00e9tences les plus fortes en mati\u00e8re de netlinking, une branche du r\u00e9f\u00e9rencement naturel dans laquelle je suis sp\u00e9cialis\u00e9. Je propose en effet du linkbuilding th\u00e9matique pour le compte de mes clients.<\/span><\/em><\/p>\n<p><em><strong>J\u00e9r\u00e9mie Politi, consultant en r\u00e9f\u00e9rencement fran\u00e7ais<\/strong><\/em><\/p>\n<\/div>\n<p><b>3. De quels projets \u00eates-vous fiers\u00a0?<\/b><\/p>\n<p><span style=\"font-weight: 400;\">Je suis tr\u00e8s fier de tout ce que j\u2019ai pu entreprendre jusque-l\u00e0, d\u2019autant plus que chaque projet client constitue une aventure unique que je vis avec le plus grand enthousiasme. Chaque projet r\u00e9ussi me rend toujours plus fier de moi et de mon \u00e9quipe\u00a0!<\/span><\/p>\n<p><b>4. Que faites-vous pour approfondir vos propres connaissances et comp\u00e9tences SEO\u00a0?<\/b><\/p>\n<p><span style=\"font-weight: 400;\">Et bien, je travaille sans rel\u00e2che\u00a0! En fait, dans le webmarketing plus que dans d\u2019autres domaines, les comp\u00e9tences s\u2019am\u00e9liorent en travaillant et en explorant de nouveaux horizons. Pour ma part, le fait de m\u2019occuper de projets diff\u00e9rents les uns des autres, m\u2019aide \u00e0 approfondir mes connaissances afin d\u2019affiner mon expertise. Je travaille aussi dans la cr\u00e9ation de sites web qui vont me servir de laboratoire de recherche. Je fais r\u00e9guli\u00e8rement des tests pour comprendre comment r\u00e9agit Google. Si mes essais r\u00e9ussissent, je peux les appliquer pour le compte de mes clients, l\u2019id\u00e9e est de toujours avoir une longueur d\u2019avance sur Google.<\/span><\/p>\n<p><b>5. Y-a-t-il un blog de marketing ou de r\u00e9f\u00e9rencement que vous aimez le plus et pourquoi\u00a0?<\/b><\/p>\n<p><span style=\"font-weight: 400;\">Je lis r\u00e9guli\u00e8rement plusieurs blogs de marketing et de r\u00e9f\u00e9rencement. Il y en a tellement\u2026 Presse Citron se trouve par exemple parmi mes blogs pr\u00e9f\u00e9r\u00e9s, il traite de th\u00e9matiques int\u00e9ressantes avec un langage qui me parle.<\/span><\/p>\n<p><b>6. Qui sont, selon vous, les meilleurs experts en r\u00e9f\u00e9rencement et en marketing num\u00e9rique\u00a0?<\/b><\/p>\n<p><span style=\"font-weight: 400;\">A mon avis, les meilleurs experts en r\u00e9f\u00e9rencement ne se contentent pas de travailler uniquement le r\u00e9f\u00e9rencement naturel du site web de leurs clients. En effet, un bon consultant SEO accompagne ses clients de mani\u00e8re plus globale, notamment dans la d\u00e9finition du positionnement marketing et la mise en place de la strat\u00e9gie marketing. En qu\u00eate de perfection, les meilleurs consultants SEO adaptent leurs actions en fonction de l\u2019\u00e9volution du march\u00e9 et de l\u2019algorithme de Google.<\/span><\/p>\n<p><b>7. Quelles sont les erreurs du TOP 3 que vous avez commises au d\u00e9but de votre carri\u00e8re en marketing\u00a0?<\/b><\/p>\n<ul>\n<li style=\"font-weight: 400;\"><span style=\"font-weight: 400;\">En top 1, je dirai le fait d\u2019avoir voulu jongler entre trop de clients \u00e0 la fois.<\/span><\/li>\n<li style=\"font-weight: 400;\"><span style=\"font-weight: 400;\">En top 2, le fait d\u2019avoir travaill\u00e9 sur des CMS difficilement r\u00e9f\u00e9ren\u00e7ables.<\/span><\/li>\n<li style=\"font-weight: 400;\"><span style=\"font-weight: 400;\">Et enfin, le fait d\u2019avoir sous-estimer la concurrence.\u00a0<\/span><\/li>\n<\/ul>\n<div class=\"article__testimonial\">\n<p><em><span style=\"font-weight: 400;\">Chaque consultant SEO poss\u00e8de sa propre m\u00e9thodologie. En ce qui nous concerne, toutes les strat\u00e9gies SEO sont explor\u00e9es et c\u2019est d\u2019ailleurs le but de la personnalisation de nos interventions. De mani\u00e8re g\u00e9n\u00e9rale, je dirais que produire un contenu optimis\u00e9 pour Google (structure Hn, s\u00e9mantique, m\u00e9ta balises\u2026) est essentiel, c\u2019est la base de l\u2019algorithme de Google.<\/span><\/em><\/p>\n<p><em><strong>J\u00e9r\u00e9mie Politi, consultant en r\u00e9f\u00e9rencement fran\u00e7ais<\/strong><\/em><\/p>\n<\/div>\n<p><b>8. Quels types d\u2019opportunit\u00e9s locales de r\u00e9f\u00e9rencement ou de marketing utilisez-vous pour la promotion r\u00e9gionale\u00a0?\u00a0\u00a0\u00a0\u00a0\u00a0\u00a0\u00a0\u00a0\u00a0\u00a0\u00a0\u00a0\u00a0\u00a0\u00a0\u00a0\u00a0\u00a0\u00a0\u00a0\u00a0\u00a0\u00a0\u00a0\u00a0\u00a0\u00a0\u00a0\u00a0\u00a0\u00a0\u00a0\u00a0\u00a0\u00a0\u00a0\u00a0\u00a0\u00a0\u00a0\u00a0\u00a0\u00a0\u00a0\u00a0\u00a0\u00a0\u00a0\u00a0\u00a0\u00a0\u00a0\u00a0\u00a0\u00a0\u00a0\u00a0\u00a0\u00a0\u00a0\u00a0\u00a0\u00a0\u00a0\u00a0\u00a0\u00a0\u00a0\u00a0\u00a0\u00a0\u00a0\u00a0\u00a0\u00a0\u00a0\u00a0\u00a0\u00a0\u00a0\u00a0\u00a0\u00a0\u00a0\u00a0\u00a0\u00a0\u00a0\u00a0\u00a0\u00a0\u00a0\u00a0\u00a0\u00a0\u00a0\u00a0\u00a0\u00a0\u00a0\u00a0\u00a0\u00a0\u00a0\u00a0\u00a0\u00a0\u00a0\u00a0\u00a0\u00a0\u00a0\u00a0\u00a0\u00a0\u00a0\u00a0\u00a0\u00a0\u00a0\u00a0\u00a0\u00a0\u00a0\u00a0\u00a0\u00a0\u00a0\u00a0\u00a0\u00a0\u00a0\u00a0\u00a0\u00a0\u00a0\u00a0\u00a0\u00a0\u00a0\u00a0\u00a0\u00a0\u00a0\u00a0\u00a0\u00a0\u00a0\u00a0\u00a0\u00a0\u00a0\u00a0\u00a0\u00a0\u00a0\u00a0\u00a0\u00a0\u00a0\u00a0\u00a0\u00a0\u00a0<\/b><\/p>\n<p><span style=\"font-weight: 400;\">Avec le d\u00e9veloppement de la recherche vocale, la g\u00e9olocalisation est v\u00e9ritablement la cl\u00e9 de la r\u00e9ussite du r\u00e9f\u00e9rencement des sites web des PME. Je mise sur diff\u00e9rents leviers, pour ne citer que l\u2019utilisation des liens externes locaux, la cr\u00e9ation et l\u2019optimisation d\u2019une page Google My Business ou encore l\u2019optimisation des contenus en y pr\u00e9cisant l\u2019adresse, le num\u00e9ro de t\u00e9l\u00e9phone\u2026<\/span><\/p>\n<p><b>9. Quelles strat\u00e9gies de r\u00e9f\u00e9rencement sont, selon vous, sous-estim\u00e9es\u00a0?<\/b><\/p>\n<p><span style=\"font-weight: 400;\">Chaque consultant SEO poss\u00e8de sa propre m\u00e9thodologie. En ce qui nous concerne, toutes les strat\u00e9gies SEO sont explor\u00e9es et c\u2019est d\u2019ailleurs le but de la personnalisation de nos interventions. De mani\u00e8re g\u00e9n\u00e9rale, je dirais que produire un contenu optimis\u00e9 pour Google (structure Hn, s\u00e9mantique, m\u00e9ta balises\u2026) est essentiel, c\u2019est la base de l\u2019algorithme de Google.<\/span><\/p>\n<p><b>10. Croyez-vous que les backlinks sont le pass\u00e9 de Google\u00a0? Est-ce que le link building est important pour augmenter la position du site de nos jours\u00a0?<\/b><\/p>\n<p><span style=\"font-weight: 400;\">Les backlinks tels que nous les avons connus ont subi une r\u00e9volution. Et m\u00eame si nous ne pouvons pas dire qu\u2019ils ont disparu, ils ont d\u00e9sormais un autre aspect, diff\u00e9rent de celui que nous avons connu dans le pass\u00e9. Mais malgr\u00e9 ce changement, le link building est plus important que jamais, seulement il faut respecter les nouvelles exigences impos\u00e9es par Google qui est devenu plus strict. C\u2019est toujours l\u2019un des \u00e9l\u00e9ments cl\u00e9s qui permettent d\u2019augmenter la position d\u2019un site internet et le d\u00e9fi est plus que jamais difficile \u00e0 r\u00e9aliser.\u00a0<\/span><\/p>\n<p><b>11. Selon vous, la sant\u00e9 technique du site affecte-t-elle le positionnement dans les moteurs de recherche\u00a0?<\/b><\/p>\n<p><span style=\"font-weight: 400;\">Bien s\u00fbr que oui\u00a0! L\u2019exp\u00e9rience utilisateur est un point important du r\u00e9f\u00e9rencement naturel. Pour am\u00e9liorer le positionnement dans les moteurs de recherche, il faut imp\u00e9rativement soigner la sant\u00e9 technique de son site\u00a0: une meilleure exp\u00e9rience utilisateur est un crit\u00e8re aussi important que le contenu ou la popularit\u00e9 d\u2019un site web. Vous serez d\u2019accord avec moi pour dire que personne ne veut perdre de temps sur un site web qui pr\u00e9sente des dysfonctionnements, et \u00e7a, Google le sait aussi\u00a0!<\/span><\/p>\n<p><b>12. Nous sommes tous au courant de la mise \u00e0 jour de juillet de Google. Certains sites web ont augment\u00e9, d\u2019autres sont tomb\u00e9s. Que pensez-vous du nouvel algorithme\u00a0? Quels sont les principaux facteurs de nouveaux classements auxquels les sp\u00e9cialistes du r\u00e9f\u00e9rencement et du marketing devraient pr\u00eater attention\u00a0?<\/b><\/p>\n<p><span style=\"font-weight: 400;\">Les mises \u00e0 jour de Google sont plus strictes en termes de qualit\u00e9. Il faut surtout privil\u00e9gier la qualit\u00e9 du contenu et pas miser forc\u00e9ment sur la quantit\u00e9. Aussi, il faut am\u00e9liorer au mieux la qualit\u00e9 du contenu car c&#8217;est v\u00e9ritablement la base des nouveaux crit\u00e8res de classement Google. Le netlinking est souvent indispensable pour un positionnent premi\u00e8re page Google dans un march\u00e9 concurrentiel.<\/span><\/p>\n<p><b>13. Comment voyez-vous l\u2019avenir du r\u00e9f\u00e9rencement (dans 5 ans)\u00a0?<\/b><\/p>\n<p><span style=\"font-weight: 400;\">Le r\u00e9f\u00e9rencement naturel est un domaine tr\u00e8s \u00e9volutif (il \u00e9volue chaque minute qui passe\u00a0!), imaginer l\u2019avenir du r\u00e9f\u00e9rencement est une chose assez difficile. Ce qui est s\u00fbr, c\u2019est que des changements vont op\u00e9rer et pas des moindres\u00a0! Mais pour faire court, je dirai que le r\u00e9f\u00e9rencement sera aussi indispensable que jamais dans 5 ans. Il aura peut-\u00eatre une toute autre allure (r\u00e9f\u00e9rencement vocal\u2026), mais il sera toujours indispensable dans toute strat\u00e9gie marketing\u00a0!<\/span><\/p>\n<p><b>14. Pouvez-vous dire que vous aimez utiliser les outils SEO dans votre travail. Si oui,\u00a0 quels sont ceux que vous recommandez comme un must pour chaque sp\u00e9cialiste SEO\u00a0?<\/b><\/p>\n<p><span style=\"font-weight: 400;\">La r\u00e9ponse est d\u00e9finitivement oui, j\u2019utilise tous les jours les outils SEO, d\u2019autant plus que c\u2019est incontournable pour analyser un site web. Les outils SEO offrent des fonctionnalit\u00e9s qui permettent de gagner du temps et d\u2019avoir acc\u00e8s \u00e0 des informations qui sont difficiles accessibles par une vision humaine. SEMRush est jusque-l\u00e0 l&#8217;un des mes outils pr\u00e9f\u00e9r\u00e9s qui permet de voir l\u2019\u00e9volution de son trafic organique, analyser ses backlinks etc.<\/span><\/p>","protected":false},"excerpt":{"rendered":"Nous accueillons aujourd\u2019hui J\u00e9r\u00e9mie Politi, consultant SEO et g\u00e9rant de l\u2019entreprise \u00ab\u00a0SmartWeb Group\u00a0\u00bb, une agence de r\u00e9f\u00e9rencement tr\u00e8s florissante. Nous allons ainsi parler webmarketing, en abordant notamment diff\u00e9rents sujets en lien avec le r\u00e9f\u00e9rencement naturel ou SEO. C\u2019est un sujet tr\u00e8s int\u00e9ressant, qui a une importance capitale depuis plusieurs ann\u00e9es, nous allons profiter de l\u2019occasion&#8230;","protected":false},"author":10409641,"featured_media":32731,"parent":0,"menu_order":0,"comment_status":"closed","ping_status":"closed","template":"pages-templates\/pages-v2.php","meta":[],"categories":[37],"tags":[],"_links":{"self":[{"href":"https:\/\/sitechecker.pro\/fr\/wp-json\/wp\/v2\/pages\/8021"}],"collection":[{"href":"https:\/\/sitechecker.pro\/fr\/wp-json\/wp\/v2\/pages"}],"about":[{"href":"https:\/\/sitechecker.pro\/fr\/wp-json\/wp\/v2\/types\/page"}],"author":[{"embeddable":true,"href":"https:\/\/sitechecker.pro\/fr\/wp-json\/wp\/v2\/users\/10409641"}],"replies":[{"embeddable":true,"href":"https:\/\/sitechecker.pro\/fr\/wp-json\/wp\/v2\/comments?post=8021"}],"version-history":[{"count":1,"href":"https:\/\/sitechecker.pro\/fr\/wp-json\/wp\/v2\/pages\/8021\/revisions"}],"predecessor-version":[{"id":8334,"href":"https:\/\/sitechecker.pro\/fr\/wp-json\/wp\/v2\/pages\/8021\/revisions\/8334"}],"wp:featuredmedia":[{"embeddable":true,"href":"https:\/\/sitechecker.pro\/fr\/wp-json\/wp\/v2\/media\/32731"}],"wp:attachment":[{"href":"https:\/\/sitechecker.pro\/fr\/wp-json\/wp\/v2\/media?parent=8021"}],"wp:term":[{"taxonomy":"category","embeddable":true,"href":"https:\/\/sitechecker.pro\/fr\/wp-json\/wp\/v2\/categories?post=8021"},{"taxonomy":"post_tag","embeddable":true,"href":"https:\/\/sitechecker.pro\/fr\/wp-json\/wp\/v2\/tags?post=8021"}],"curies":[{"name":"wp","href":"https:\/\/api.w.org\/{rel}","templated":true}]}}