{"id":795,"date":"2023-12-07T12:41:26","date_gmt":"2023-12-07T12:41:26","guid":{"rendered":"https:\/\/sitechecker.pro\/?page_id=795"},"modified":"2024-10-10T09:50:17","modified_gmt":"2024-10-10T09:50:17","slug":"google-bot","status":"publish","type":"page","link":"https:\/\/sitechecker.pro\/fr\/google-bot\/","title":{"rendered":"Optimisation de Googlebot: Apprenez 6 strat\u00e9gies pour optimiser votre site"},"content":{"rendered":"<p>Il est tout \u00e0 fait possible que vous \u00eates au courant ce que c\u2019est SEO et quels sont les principes de son fonctionnement: la valeur de la structure du site, les r\u00e8gles de marquage, la farce de mots cl\u00e9s, la valeur de l&#8217;optimisation du contenu unique et d&#8217;autres. Alors vous connaissez les robots de Google. Mais qu\u2019est-ce que c\u2019est? Ce ph\u00e9nom\u00e8ne diff\u00e8re de l\u2019optimisation SEO bien connue, car elle est r\u00e9alis\u00e9e au niveau plus profond. Si l&#8217;optimisation SEO s\u2019occupe de l&#8217;optimisation d&#8217;un texte pour les requ\u00eates SE, alors Google Bot est un processus d&#8217;optimisation de site Web pour Google spiders. Bien s\u00fbr, ces processus sont pareils. Mais il est important d\u2019apprendre la diff\u00e9rence entre les deux, car cela peut influencer profond\u00e9ment votre site. Je parlerai ici d&#8217;un ph\u00e9nom\u00e8ne tel que la crawbility du site, parce que c&#8217;est le probl\u00e8me principal auquel tout le monde devrait pr\u00eater attention si l&#8217;on parle de recherche sur le site Web.<\/p>\n<h2>Qu&#8217;est-ce que Googlebot?<\/h2>\n<p>&nbsp;<\/p>\n<p>Les robots de t\u00e9l\u00e9chargement ou Google bots sont des robots qui examinent une page Web et cr\u00e9ent un index. Si une page permet \u00e0 un bot d&#8217;y acc\u00e9der, alors celui-ci ajoute cette page \u00e0 un index, et seulement apr\u00e8s cela la page devient accessible aux usagers. Si vous souhaitez apprendre comment ce processus est effectu\u00e9, v\u00e9rifiez ici. Pour comprendre le processus d&#8217;optimisation de Googlebot, vous devez comprendre comment un robot d\u2019indexation de Google analyse le site. Ce processus comprend quatre \u00e9tapes.<\/p>\n<p>Si la page a le niveau de classement \u00e9lev\u00e9, le robot d\u2019indexation de Google passera plus de temps sur son crawling.<br \/>\nIci, nous pouvons parler de &#8220;budget de crawl&#8221;. C\u2019est une quantit\u00e9 exacte de temps pass\u00e9 par les robots Web sur le scannage d&#8217;un certain site. Le budget s\u2019augmente avec l\u2019autorit\u00e9 de la page v\u00e9rifi\u00e9e par <a href=\"https:\/\/sitechecker.pro\/fr\/website-crawler\/\">website crawler<\/a>.<\/p>\n<p>&nbsp;<\/p>\n<h3>Les robots Google explorent un site Web en permanence<\/h3>\n<p>Voici ce que Google dit \u00e0 ce sujet: &#8220;Le robot de Google n&#8217;a pas acc\u00e8s \u00e0 un site Web plus d&#8217;une fois par seconde.&#8221; Alors votre site est sous le contr\u00f4le constant des moteurs d\u2019exploration si ils ont acc\u00e8s \u00e0 celui-ci. Aujourd&#8217;hui, de nombreux gestionnaires de SEO se disputent sur ce que l&#8217;on appelle le \u00abtaux d&#8217;exploration\u00bb et essaient de trouver un moyen optimal d&#8217;exploration de site Web pour obtenir un niveau \u00e9lev\u00e9. Pourtant c\u2019est une interpr\u00e9tation icorrecte. Le &#8220;taux d&#8217;exploration&#8221; n&#8217;est rien de plus qu&#8217;une vitesse des demandes de robot de Google. Vous pouvez m\u00eame modifier vous-m\u00eame ce taux. Pour cela utilisez les Outils pour les webmasters. Le grand nombre de backlinks, l&#8217;unicit\u00e9 et les mentions sociales influencent votre position dans les <a href=\"https:\/\/sitechecker.pro\/fr\/serp\/\">r\u00e9sultats de recherche<\/a>. Je devrais \u00e9galement noter que les moteurs d\u2019exploration de Web ne scannent pas chaque page constamment. C\u2019est pourquoi il faut bien \u00e9laborer des strat\u00e9gies de contenu. Le contenu unique et utile attire l&#8217;attention du bot.<\/p>\n<p>&nbsp;<\/p>\n<h3>Le fichier Robots.txt est la premi\u00e8re chose que les robots Google analysent afin d&#8217;obtenir une feuille de route pour l&#8217;exploration du site.<\/h3>\n<p>Et quand une page est marqu\u00e9e comme non autoris\u00e9e dans ce fichier, les robots ne pourront pas la scanner et l&#8217;indexer.<\/p>\n<p>&nbsp;<\/p>\n<h3>XML sitemap est un guide pour les robots de Google<\/h3>\n<p>Le <a href=\"https:\/\/sitechecker.pro\/fr\/xml-sitemap\/\">sitemap XML<\/a> aide les bots \u00e0 d\u00e9couvrir quels sites web doivent \u00eatre explor\u00e9s et index\u00e9s, car il peut y avoir des diff\u00e9rences dans la structure et dans l&#8217;organisation du site. Ce processus peut ne pas \u00eatre automatique. Un bon plan Sitemap peut aider les pages avec un faible niveau de classement, avec peu de backlinks et le contenu inutile. Il aide aissi Google \u00e0 g\u00e9rer les images, les nouvelles, les vid\u00e9os, etc.<\/p>\n<p>&nbsp;<\/p>\n<h2 id=\"6strategies\">6 strat\u00e9gies pour optimiser votre site pour l&#8217;exploration de Googlebot<\/h2>\n<p>&nbsp;<\/p>\n<p>Vous avez d\u00e9j\u00e0 compris que l&#8217;optimisation de Google doit se faire avant l&#8217;optimisation SE. C\u2019est pourquoi nous allons apprendre ce que vous devriez faire pour faciliter le processus d&#8217;indexation pour les robots Google.<\/p>\n<p>&nbsp;<\/p>\n<h3 id=\"notoverdo\">Il ne faut pas faire trop<\/h3>\n<p>Savez-vous que Googlebots ne peuvent pas scanner diff\u00e9rents cadres, Flash, JavaScript, DHTML et le HTML. De plus, Google n&#8217;a pas encore pr\u00e9cis\u00e9 si Googlebot est capable d&#8217;explorer Ajax et JavaScript. C\u2019est pourquoi il est pr\u00e9f\u00e9rable de ne pas les utiliser lors de la cr\u00e9ation de votre site web. Matt Cutts d\u00e9clare que JavaScript peut \u00eatre ouvert pour les moteurs d\u2019exploration, mais Google Webmaster Guidelines r\u00e9fute ceci: &#8220;Si des cookies, des cadres diff\u00e9rents, Flash ou JavaScript ne peuvent pas \u00eatre vus dans un navigateur texte, alors les moteurs d\u2019eploration web pourraient ne seront pas capable d&#8217;explorer ce site. &#8220;\u00c0 mon avis JavaScript ne doit pas \u00eatre surutilis\u00e9.<\/p>\n<p>&nbsp;<\/p>\n<h3 id=\"robotsunderestimating\">Il ne faut pas sous-estimer le fichier robots.txt<\/h3>\n<p>Avez-vous d\u00e9j\u00e0 pens\u00e9 quel est l&#8217;objectif du fichier <a href=\"https:\/\/sitechecker.pro\/fr\/robots-tester\/\">robots.txt<\/a>? C&#8217;est le fichier commun utilis\u00e9 dans de nombreuses strat\u00e9gies de SEO. Mais est-il utile? Tout d&#8217;abord, ce fichier est une directive pour toutes les moteurs d\u2019explration. Et le robot de Google d\u00e9pensera &#8220;le budget de crawl&#8221; sur n&#8217;importe quelle page Web de votre site. Deuxi\u00e8mement, vous devez d\u00e9cider vous-m\u00eame quel fichier les robots doivent analyser. S&#8217;il y a un fichier qui n&#8217;est pas autoris\u00e9 \u00e0 explorer, vous pouvez l&#8217;indiquer dans votre fichier robots.txt. Pourquoi faire ceci? Si certaines pages ne doivent pas \u00eatre explor\u00e9es, Google Bot les verra imm\u00e9diatement et analysera la partie de votre site qui est plus importante. Cependant, ma suggestion est de ne pas bloquer ce qui ne devrait pas \u00eatre bloqu\u00e9. Si vous n&#8217;indiquez pas que quelque chose est interdite \u00e0 explorer, le robot va le crawler et l&#8217;indexer. La fonction principale du fichier robots.txt est indiquer au robot o\u00f9 il ne doit pas aller.<\/p>\n<p>&nbsp;<\/p>\n<h3 id=\"uniquecontent\">Le contenu utile et unique est important<\/h3>\n<p>D\u2019apr\u00e8s la r\u00e8gle le contenu qui est crawl\u00e9 plus fr\u00e9quemment a le trafic plus \u00e9lev\u00e9. Malgr\u00e9 le fait que PageRank d\u00e9termine la fr\u00e9quence de crawling, il peut s&#8217;\u00e9carter si l\u2019on parle de l&#8217;utilit\u00e9 et de la fra\u00eecheur des pages qui ont un PageRank similaire. C\u2019est pourquoi votre objectif principal est de faire scanner r\u00e9guli\u00e8rement vos pages les moins bien class\u00e9es. AJ Kohn a dit un jour: &#8220;Vous \u00eates un gagnant si vous avez fait de vos pages les moins bien class\u00e9es celles qui sont scann\u00e9es plus fr\u00e9quemment que les pages de vos concurrents.&#8221;<\/p>\n<p>&nbsp;<\/p>\n<h3 id=\"scroll\">Les pages de d\u00e9filement magiques<\/h3>\n<p>Si votre site contient beaucoup de pages de d\u00e9filement, cela ne signifie pas que vous n&#8217;avez aucune chance pour l\u2019optimisation de Googlebot. Vous devez vous assurer tout simplement que ces pages sont conformes aux directives de Google.<\/p>\n<p>&nbsp;<\/p>\n<h3 id=\"internallinks\">Vous devez commencer \u00e0 utiliser des liens internes<\/h3>\n<p>Cette strat\u00e9gie est tr\u00e8s importante quand vous souhaitez rendre le scannage beaucoup plus facile pour Googlebot. Si vos liens sont soud\u00e9s et consolid\u00e9s, ce processus sera tr\u00e8s rapide. Pour obtenir une analyse de vos <a href=\"https:\/\/sitechecker.pro\/fr\/internal-links\/\">hyperliens internes<\/a>, vous choisissez les outils Google pour les webmasters, puis Search Traffic et la section Liens internes. Si les pages sont en haut de la liste, elles ont le contenu utile.<\/p>\n<p>&nbsp;<\/p>\n<div class=\"content__img-wrap\"><img src=\"https:\/\/sitechecker.pro\/wp-content\/uploads\/2017\/12\/internal-link-in-google-search-console.jpg\" alt=\"Google bots for internal linking\" class=\"description-img description-img-zoom\" loading=\"lazy\" ><\/div>\n<p>&nbsp;<\/p>\n<h3 id=\"sitemapvital\">L\u2019importance de Sitemap.xml<\/h3>\n<p>Le sitemap indique \u00e0 Googlebot comment acc\u00e9der \u00e0 un site Web: c\u2019est une carte \u00e0 suivre. Alors, pourquoi est-il utilis\u00e9? Le fait est qu\u2019aujourd\u2019hui beaucoup de sites ne sont pas faciles \u00e0 scanner, et ces difficult\u00e9s peuvent rendre le processus de crawling tr\u00e8s compliqu\u00e9. C\u2019est pourquoi les sections de votre site qui peuvent confondre les moteurs d\u2019exploration sont indiqu\u00e9es dans le sitemap. Cela peut garantir que toutes les zones du site seront crawl\u00e9es.<\/p>\n<h2 id=\"analyzebot\">Comment analyser l&#8217;activit\u00e9 de Googlebot?<\/h2>\n<p>&nbsp;<\/p>\n<p>Pour analyser l&#8217;activit\u00e9 de Googlebot sur votre site, vous pouvez utiliser Google Webmaster Tools. Je vous conseille aussi de v\u00e9rifier r\u00e9guli\u00e8rement les donn\u00e9es fournies par ce service. Cela vous indiquera si des probl\u00e8mes surviennent lors du crawling. Pour cela v\u00e9rifiez simplement la section &#8220;Crawl&#8221; dans vos Outils pour les webmasters.<\/p>\n<p>&nbsp;<\/p>\n<h3 id=\"crawlingerrors\">Les erreurs de crawling courantes<\/h3>\n<p>Vous pouvez v\u00e9rifier si votre site confronte des probl\u00e8mes avec le scannage. C\u2019est la premi\u00e8re chose que vous devriez faire pour l&#8217;optimisation de Googlebot. Certains sites Web peuvent avoir de petites erreurs avec le scannage, mais cela ne signifie pas qu&#8217;elles influenceront le trafic ou le classement. N\u00e9anmoins, avec le temps, ces probl\u00e8mes peuvent entra\u00eener une baisse du trafic. Ici vous pouvez trouver un exemple d&#8217;un tel site:<\/p>\n<p>&nbsp;<\/p>\n<div class=\"content__img-wrap\"><img src=\"https:\/\/sitechecker.pro\/wp-content\/uploads\/2017\/12\/crawl-errors-in-google-webmasters.png\" alt=\"Common crawl errors\" class=\"description-img description-img-zoom\" loading=\"lazy\" ><\/div>\n<p>&nbsp;<\/p>\n<h3 id=\"sitemaps\">Sitemaps<\/h3>\n<p>Vous pouvez utiliser cette fonction si vous souhaitez travailler avec votre sitemape. Vous pouvez examiner, ajouter ou trouver le contenu index\u00e9.<\/p>\n<p>&nbsp;<\/p>\n<div class=\"content__img-wrap\"><img src=\"https:\/\/sitechecker.pro\/wp-content\/uploads\/2017\/12\/sitemap-screen.png\" alt=\"What is Google bot and how does it work with sitemap\" class=\"description-img description-img-zoom\" loading=\"lazy\" ><\/div>\n<p>&nbsp;<\/p>\n<h3 id=\"fetching\">Fetching<\/h3>\n<p>La section &#8220;Fetching as Google&#8221; vous aide \u00e0 voir votre site \/ page de la fa\u00e7on dont Google le voit.<\/p>\n<p>&nbsp;<\/p>\n<div class=\"content__img-wrap\"><img src=\"https:\/\/sitechecker.pro\/wp-content\/uploads\/2017\/12\/fetch-as-google.png\" alt=\"Fetch as Google function\" class=\"description-img description-img-zoom\" loading=\"lazy\" ><\/div>\n<p>&nbsp;<\/p>\n<h3 id=\"crawlstats\">Les statistiques de crawling<\/h3>\n<p>Google peut \u00e9galement vous informer combien de donn\u00e9es un moteur d\u2019exploration traite pendant une journ\u00e9e. C\u2019est pourquoi en publiant le contenu frais r\u00e9guli\u00e8rement, vous obtiendrez un r\u00e9sultat positif dans les statistiques.<\/p>\n<p>&nbsp;<\/p>\n<div class=\"content__img-wrap\"><img src=\"https:\/\/sitechecker.pro\/wp-content\/uploads\/2017\/12\/crawl-stats-from-site-crawlers.png\" alt=\"Google Search Console screen with crawl stats\" class=\"description-img description-img-zoom\" loading=\"lazy\" ><\/div>\n<p>&nbsp;<\/p>\n<h3 id=\"urlparameters\">Les param\u00e8tres de l&#8217;URL<\/h3>\n<p>Cette section peut vous aider \u00e0 d\u00e9couvrir comment Google explore et indexe votre site Web \u00e0 l&#8217;aide de <a href=\"https:\/\/sitechecker.pro\/fr\/what-is-url\/\">param\u00e8tres d&#8217;URL<\/a>. Cependant, en mode par d\u00e9faut, toutes les pages sont explor\u00e9es d\u2019apr\u00e8s les d\u00e9cisions des moteurs d\u2019exploration:<\/p>\n<p>&nbsp;<\/p>\n<div class=\"content__img-wrap\"><img src=\"https:\/\/sitechecker.pro\/wp-content\/uploads\/2017\/12\/url-parameters.png\" alt=\"Url parameters in GWT\" class=\"description-img description-img-zoom\" loading=\"lazy\" ><\/div>\n<p id=\"check\">\n<p><\/p>","protected":false},"excerpt":{"rendered":"Il est tout \u00e0 fait possible que vous \u00eates au courant ce que c\u2019est SEO et quels sont les principes de son fonctionnement: la valeur de la structure du site, les r\u00e8gles de marquage, la farce de mots cl\u00e9s, la valeur de l&#8217;optimisation du contenu unique et d&#8217;autres. Alors vous connaissez les robots de Google&#8230;.","protected":false},"author":11474150,"featured_media":3425,"parent":0,"menu_order":0,"comment_status":"closed","ping_status":"closed","template":"pages-templates\/pages-v2.php","meta":[],"categories":[31],"tags":[],"_links":{"self":[{"href":"https:\/\/sitechecker.pro\/fr\/wp-json\/wp\/v2\/pages\/795"}],"collection":[{"href":"https:\/\/sitechecker.pro\/fr\/wp-json\/wp\/v2\/pages"}],"about":[{"href":"https:\/\/sitechecker.pro\/fr\/wp-json\/wp\/v2\/types\/page"}],"author":[{"embeddable":true,"href":"https:\/\/sitechecker.pro\/fr\/wp-json\/wp\/v2\/users\/11474150"}],"replies":[{"embeddable":true,"href":"https:\/\/sitechecker.pro\/fr\/wp-json\/wp\/v2\/comments?post=795"}],"version-history":[{"count":66,"href":"https:\/\/sitechecker.pro\/fr\/wp-json\/wp\/v2\/pages\/795\/revisions"}],"predecessor-version":[{"id":33853,"href":"https:\/\/sitechecker.pro\/fr\/wp-json\/wp\/v2\/pages\/795\/revisions\/33853"}],"wp:featuredmedia":[{"embeddable":true,"href":"https:\/\/sitechecker.pro\/fr\/wp-json\/wp\/v2\/media\/3425"}],"wp:attachment":[{"href":"https:\/\/sitechecker.pro\/fr\/wp-json\/wp\/v2\/media?parent=795"}],"wp:term":[{"taxonomy":"category","embeddable":true,"href":"https:\/\/sitechecker.pro\/fr\/wp-json\/wp\/v2\/categories?post=795"},{"taxonomy":"post_tag","embeddable":true,"href":"https:\/\/sitechecker.pro\/fr\/wp-json\/wp\/v2\/tags?post=795"}],"curies":[{"name":"wp","href":"https:\/\/api.w.org\/{rel}","templated":true}]}}