{"id":7887,"date":"2019-09-05T13:55:01","date_gmt":"2019-09-05T13:55:01","guid":{"rendered":"https:\/\/sitechecker.pro\/?page_id=7887"},"modified":"2026-02-13T16:48:55","modified_gmt":"2026-02-13T16:48:55","slug":"link-extractor","status":"publish","type":"page","link":"https:\/\/sitechecker.pro\/fr\/link-extractor\/","title":{"rendered":"Trouver les liens vers mon site pour Link Extractor \u2611"},"content":{"rendered":"<p><\/p>\n<h2 id=\"par1\">Qu&#8217;est-ce qu&#8217;un extracteur de liens\u00a0?<\/h2>\n<p>L&#8217;outil d&#8217;extraction de liens permet de r\u00e9cup\u00e9rer tous les liens d&#8217;un site Web ou d&#8217;extraire les liens d&#8217;une page Web sp\u00e9cifique, y compris les <a href=\"https:\/\/sitechecker.pro\/internal-links\/\" target=\"_blank\" rel=\"noopener noreferrer\">liens internes<\/a> et les backlinks internes, les ancres de backlinks internes et les <a href=\"https:\/\/sitechecker.pro\/external-links\/\" target=\"_blank\" rel=\"noopener noreferrer\">liens sortants<\/a> externes pour chaque URL du site.<\/p>\n<h3>En quoi cet outil peut-il vous aider\u00a0?<\/h3>\n<p><strong>Extraction de tous les liens\u00a0:<\/strong>Il peut r\u00e9cup\u00e9rer tous les liens d&#8217;un site Web ou d&#8217;une page Web sp\u00e9cifique. Cela inclut \u00e0 la fois les liens internes et les liens sortants externes.<\/p>\n<p><strong>Identifie toutes les ancres reliant la page de destination. <\/strong>D\u00e9couvrez chaque lien d&#8217;ancrage qui dirige vers votre page de destination.<\/p>\n<p><strong>Analyse d\u00e9taill\u00e9e des liens internes\u00a0: <\/strong>L&#8217;outil fournit des donn\u00e9es compl\u00e8tes sur les adresses d&#8217;hyperliens internes, y compris les backlinks internes.<\/p>\n<p><strong>Identification des probl\u00e8mes li\u00e9s aux liens\u00a0: <\/strong>Il permet de d\u00e9tecter les probl\u00e8mes sur votre site Web, en fournissant une liste exhaustive des URL probl\u00e9matiques.<\/p>\n<p><strong>Suivi et surveillance continus\u00a0: <\/strong>Offre des capacit\u00e9s de suivi et de surveillance continus des adresses d&#8217;hyperliens, en conservant un journal des modifications et des erreurs.<\/p>\n<h3>Fonctionnalit\u00e9s g\u00e9n\u00e9rales de Website Links Extractor<\/h3>\n<p><strong>Tableau de bord unifi\u00e9\u00a0: <\/strong>Fournit une plate-forme centralis\u00e9e o\u00f9 vous pouvez acc\u00e9der et g\u00e9rer tous les outils et donn\u00e9es de r\u00e9f\u00e9rencement. Ce tableau de bord pr\u00e9sente une vue compl\u00e8te des performances SEO de votre site Web, facilitant ainsi la surveillance et l&#8217;analyse des indicateurs cl\u00e9s.<\/p>\n<p><strong>Interface conviviale\u00a0: <\/strong>L&#8217;interface est con\u00e7ue pour \u00eatre intuitive et facile \u00e0 parcourir, m\u00eame pour ceux qui ne sont pas experts en r\u00e9f\u00e9rencement. Cette convivialit\u00e9 garantit que les utilisateurs peuvent utiliser efficacement toutes les fonctionnalit\u00e9s sans avoir \u00e0 s&#8217;habituer \u00e0 une courbe d&#8217;apprentissage abrupte.<\/p>\n<p><strong>Ensemble complet d&#8217;outils SEO\u00a0: <\/strong><a href=\"https:\/\/sitechecker.pro\/\" target=\"_blank\" rel=\"noopener noreferrer\">Sitechecker<\/a> propose une gamme compl\u00e8te d&#8217;outils SEO, couvrant divers aspects tels que l&#8217;audit de site, le suivi des classements, la v\u00e9rification des backlinks, etc. Cet ensemble complet d&#8217;outils permet une approche approfondie et int\u00e9gr\u00e9e de la gestion et de l&#8217;am\u00e9lioration du r\u00e9f\u00e9rencement de votre site Web.<\/p>\n<h2 id=\"par2\">Comment utiliser l&#8217;outil<\/h2>\n<p>Pour l&#8217;extraction de liens, choisissez la m\u00e9thode du domaine pour analyser <a href=\"https:\/\/sitechecker.pro\/website-link-counter\/\"> tous les liens d&#8217;un site Web<\/a> (n\u00e9cessite un compte et un essai gratuit), ou s\u00e9lectionnez la m\u00e9thode de page unique pour obtenir des informations d\u00e9taill\u00e9es sur une page sp\u00e9cifique (disponible en 1 clic, gratuitement). Saisissez votre domaine ou votre URL et cliquez sur \u00ab\u00a0Obtenir tous les liens\u00a0\u00bb pour commencer. Une fois pr\u00eat, l&#8217;outil commence \u00e0 <a href=\"https:\/\/sitechecker.pro\/what-is-web-scraping\/\" target=\"_blank\" rel=\"noopener noreferrer\">scraper<\/a> les donn\u00e9es du site.<\/p>\n<div class=\"content__img-wrap\"><img src=\"https:\/\/sitechecker.pro\/wp-content\/uploads\/2024\/08\/1-Link-extractor-min.png\" alt=\"Link Extractor\" class=\"description-img description-img-zoom\" loading=\"lazy\" ><\/div>\n<h2 id=\"par3\">V\u00e9rification de domaine<\/h2>\n<h3>\u00c9tape 1\u00a0: Choisissez l&#8217;option de domaine, saisissez le domaine que vous souhaitez analyser et cliquez sur le bouton \u00ab\u00a0Obtenir tous les liens\u00a0\u00bb<\/h3>\n<div class=\"content__img-wrap\"><img src=\"https:\/\/sitechecker.pro\/wp-content\/uploads\/2024\/08\/2-External-link-Check-Website-min.png\" alt=\"Extracteur de liens V\u00e9rification de domaine\" class=\"description-img description-img-zoom\" loading=\"lazy\" ><\/div>\n<div class=\"important-block\">Pour recevoir les r\u00e9sultats et acc\u00e9der aux fonctionnalit\u00e9s de Sitechecker pendant 14 jours, d\u00e9marrez votre essai GRATUIT. L'inscription est facile avec votre e-mail, votre compte Google ou Facebook. Aucune carte de cr\u00e9dit n'est n\u00e9cessaire.<\/div>\n<h3>\u00c9tape 2\u00a0: Interpr\u00e9tation des r\u00e9sultats de l&#8217;extracteur de liens de domaine via le domaine<\/h3>\n<p>L&#8217;analyse que vous effectuez g\u00e9n\u00e9rera un audit de site pour le domaine que vous saisissez, r\u00e9v\u00e9lant divers probl\u00e8mes avec les liens, tels que les backlinks, les URL internes et externes, leurs ancres, les codes d&#8217;\u00e9tat HTTP et les attributs rel. En cliquant sur un probl\u00e8me donn\u00e9, vous pouvez voir quelles pages sont affect\u00e9es et extraire une liste de r\u00e9f\u00e9rences pour ces pages. De cette fa\u00e7on, identifiez et r\u00e9solvez facilement tout probl\u00e8me \u00e9ventuel.<\/p>\n<div class=\"content__img-wrap\"><img src=\"https:\/\/sitechecker.pro\/wp-content\/uploads\/2024\/01\/site-audit-results.png\" alt=\"R\u00e9sultats de l'audit du site\" class=\"description-img description-img-zoom\" loading=\"lazy\" ><\/div>\n<p>Vous souhaitez extraire toutes les URL d&#8217;un site Web pour obtenir une liste compl\u00e8te pour la cr\u00e9ation d&#8217;un plan de site ? Nous l&#8217;avons d\u00e9j\u00e0 fait pour vous. Vous pouvez t\u00e9l\u00e9charger le plan de site g\u00e9n\u00e9r\u00e9 \u00e0 partir des URL que notre <a href=\"https:\/\/sitechecker.pro\/on-page-seo-checker\/\" target=\"_blank\" rel=\"noopener noreferrer\">v\u00e9rificateur SEO<\/a> a pr\u00e9c\u00e9demment explor\u00e9es.<\/p>\n<div class=\"content__img-wrap\"><img src=\"https:\/\/sitechecker.pro\/wp-content\/uploads\/2024\/01\/generate-sitemap.png\" alt=\"G\u00e9n\u00e9rer un plan de site\" class=\"description-img description-img-zoom\" loading=\"lazy\" ><\/div>\n<h3>Fonctionnalit\u00e9s suppl\u00e9mentaires de l&#8217;extracteur de liens de site Web<\/h3>\n<p>L&#8217;outil Extracteur de liens de site Web d\u00e9montre sa capacit\u00e9 \u00e0 analyser et \u00e0 signaler divers probl\u00e8mes de r\u00e9f\u00e9rencement. Dans son tableau de bord, vous trouverez une \u00ab\u00a0liste de probl\u00e8mes\u00a0\u00bb organis\u00e9e dans laquelle vous pouvez examiner et r\u00e9soudre des probl\u00e8mes sp\u00e9cifiques tels que des liens internes excessifs, du texte alternatif manquant dans les images et un texte d&#8217;ancrage incoh\u00e9rent.<\/p>\n<p>La barre lat\u00e9rale fournit une r\u00e9partition statistique des pages affect\u00e9es, permettant une priorisation et une correction efficaces. Cet outil vous permet de prendre des mesures concr\u00e8tes pour optimiser la structure de l&#8217;URL de votre site Web et la sant\u00e9 globale du r\u00e9f\u00e9rencement.<\/p>\n<div class=\"content__img-wrap\"><img src=\"https:\/\/sitechecker.pro\/wp-content\/uploads\/2024\/01\/issues-list-1.png\" alt=\"Liste des probl\u00e8mes\" class=\"description-img description-img-zoom\" loading=\"lazy\" ><\/div>\n<p>L&#8217;extracteur de liens de site Web fournit une solution simplifi\u00e9e aux professionnels du r\u00e9f\u00e9rencement pour surveiller et exporter des donn\u00e9es sur les URL sortantes avec des attributs href mal form\u00e9s. Il garantit que les probl\u00e8mes peuvent \u00eatre r\u00e9solus directement dans l&#8217;outil, avec des fonctionnalit\u00e9s permettant d&#8217;afficher l&#8217;extrait de code sp\u00e9cifique du probl\u00e8me. De plus, l&#8217;outil offre des options d&#8217;exportation robustes, notamment CSV, Google Sheets et une fonction pratique de copie d&#8217;URL, optimisant le flux de travail pour les audits et la maintenance du site. Sa capacit\u00e9 int\u00e9gr\u00e9e de g\u00e9n\u00e9ration de plan de site contribue \u00e9galement \u00e0 une gestion efficace du site.<\/p>\n<p>Vous pouvez \u00e9galement consulter notre tutoriel ci-dessous\u00a0:<\/p>\n<p><iframe title=\"Lecteur vid\u00e9o YouTube\" src=\"https:\/\/www.youtube.com\/embed\/-cexaqBe4KQ?si=vHbnAbP6SvpSyYjg\" width=\"700\" height=\"350\" frameborder=\"0\" allowfullscreen=\"allowfullscreen\"><\/iframe><\/p>\n<h2 id=\"par4\">V\u00e9rification de page<\/h2>\n<div class=\"content__img-wrap\"><img src=\"https:\/\/sitechecker.pro\/wp-content\/uploads\/2024\/08\/3-External-Links-Page-Check-min.png\" alt=\"Link Extractor Page Check\" class=\"description-img description-img-zoom\" loading=\"lazy\" ><\/div>\n<p>L&#8217;outil en ligne r\u00e9pertorie les URL externes trouv\u00e9es sur la page, avec les textes d&#8217;ancrage et les codes d&#8217;\u00e9tat HTTP, pour un examen d\u00e9taill\u00e9.<\/p>\n<h3>\u00c9tape 2\u00a0: Interpr\u00e9tation des r\u00e9sultats via la v\u00e9rification de page<\/h3>\n<p>Il r\u00e9pertorie les liens externes, les liens internes et les liens de sous-domaine avec les ancres et les codes d&#8217;\u00e9tat correspondants, facilitant ainsi un examen facile des \u00e9l\u00e9ments de r\u00e9f\u00e9rencement sortants.<\/p>\n<p>L&#8217;outil affiche la sant\u00e9 d&#8217;une page Web avec un score SEO et offre un acc\u00e8s rapide \u00e0 des informations d\u00e9taill\u00e9es telles que le code d&#8217;\u00e9tat, l&#8217;indexation et la taille de la page.<\/p>\n<div class=\"content__img-wrap\"><img src=\"https:\/\/sitechecker.pro\/wp-content\/uploads\/2024\/01\/on-page-seo-checker-results.png\" alt=\"R\u00e9sultats du v\u00e9rificateur de r\u00e9f\u00e9rencement sur la page\" class=\"description-img description-img-zoom\" loading=\"lazy\" ><\/div>\n<p>L&#8217;outil fournit une analyse des liens internes et des sous-domaines sur un site Web. Il r\u00e9pertorie les liens internes, affichant le texte d&#8217;ancrage utilis\u00e9 pour chaque lien et le code d&#8217;\u00e9tat HTTP, indiquant une navigation r\u00e9ussie au sein du site. Il identifie \u00e9galement les liens vers les sous-domaines, qui sont trait\u00e9s s\u00e9par\u00e9ment, en affichant leurs ancres et leurs codes d&#8217;\u00e9tat pour garantir qu&#8217;ils sont correctement configur\u00e9s pour une structure de site Web et des performances SEO optimales.<\/p>\n<div class=\"content__img-wrap\"><img src=\"https:\/\/sitechecker.pro\/wp-content\/uploads\/2024\/01\/internal-subdomain-links-2.png\" alt=\"Liens de sous-domaines internes\" class=\"description-img description-img-zoom\" loading=\"lazy\" ><\/div>\n<p>L&#8217;outil aide \u00e9galement \u00e0 r\u00e9soudre les aspects cl\u00e9s de l&#8217;optimisation du site Web. Il identifie les probl\u00e8mes critiques de r\u00e9f\u00e9rencement \u00e0 r\u00e9soudre, am\u00e9liore le contenu en examinant les titres et les m\u00e9tadonn\u00e9es, garantit que les donn\u00e9es structur\u00e9es sont en place et v\u00e9rifie les param\u00e8tres d&#8217;index de recherche appropri\u00e9s. De plus, il \u00e9value la vitesse du site mobile pour am\u00e9liorer l&#8217;exp\u00e9rience utilisateur.<\/p>\n<div class=\"content__img-wrap\"><img src=\"https:\/\/sitechecker.pro\/wp-content\/uploads\/2024\/01\/issues-overview-3.png\" alt=\"Pr\u00e9sentation des probl\u00e8mes\" class=\"description-img description-img-zoom\" loading=\"lazy\" ><\/div>\n<h3>Fonctionnalit\u00e9s suppl\u00e9mentaires de la v\u00e9rification des pages<\/h3>\n<p>Pour un audit SEO complet de votre site Web, cr\u00e9ez un compte gratuit pour effectuer une analyse approfondie sur un maximum de 1\u00a0000 pages. Avec l&#8217;acc\u00e8s \u00e0 votre compte, vous pouvez consulter toutes les pages internes et externes de votre site, identifier les erreurs, examiner les codes de r\u00e9ponse, analyser l&#8217;ensemble de la strat\u00e9gie d&#8217;ancrage de votre site, etc.<\/p>\n<div class=\"content__img-wrap\"><img src=\"https:\/\/sitechecker.pro\/wp-content\/uploads\/2024\/01\/full-website-audit.png\" alt=\"Audit complet du site Web\" class=\"description-img description-img-zoom\" loading=\"lazy\" ><\/div>\n<p>Pour obtenir un aper\u00e7u plus complet des fonctionnalit\u00e9s de l&#8217;outil apr\u00e8s avoir analys\u00e9 votre domaine, consultez les \u00e9crans de v\u00e9rification de domaine dans la premi\u00e8re section de ce manuel. Alternativement, le projet de d\u00e9monstration interactif fournit un exemple pratique de la fa\u00e7on dont l&#8217;outil peut vous \u00eatre utile.<\/p>\n<p>De plus, l&#8217;utilisation du <a href=\"https:\/\/sitechecker.pro\/crawlability-checker\/\">Subdomain Finder<\/a> vous aidera \u00e0 localiser et \u00e0 analyser tous les sous-domaines associ\u00e9s \u00e0 votre domaine, en vous assurant qu&#8217;ils sont optimis\u00e9s et exempts d&#8217;erreurs. Ceci est particuli\u00e8rement utile pour les grands sites Web avec plusieurs sous-domaines qui peuvent n\u00e9cessiter une attention individuelle pour les am\u00e9liorations SEO.<\/p>\n<h2 id=\"par5\">Remarques finales<\/h2>\n<p>Pour conclure, le moteur de recherche de liens de site Web extrait, analyse et surveille tous les liens d&#8217;un site Web, fournissant des informations compl\u00e8tes pour chaque URL. Il d\u00e9tecte et aide \u00e0 corriger les probl\u00e8mes li\u00e9s aux liens tout en offrant des capacit\u00e9s de r\u00e9f\u00e9rencement holistiques, notamment des audits sur page et hors page, le suivi du classement et la surveillance du site. Les utilisateurs peuvent utiliser cet outil \u00e0 diverses fins, telles que la v\u00e9rification de l&#8217;\u00e9tat des liens, la g\u00e9n\u00e9ration de plans de site ou le test de nouvelles pages de destination. Gr\u00e2ce \u00e0 des fonctionnalit\u00e9s faciles \u00e0 utiliser, les utilisateurs peuvent analyser un domaine entier ou une page sp\u00e9cifique. De plus, l&#8217;outil offre un syst\u00e8me de reporting personnalisable, ce qui le rend id\u00e9al pour les consultants SEO, les professionnels des agences et les propri\u00e9taires de sites Web.<\/p>\n<div id=\"par6\"><\/div>\n<p><div class=\"front__faq-block\"><div class=\"faq__block-title\">FAQ<\/div><div class=\"panel-group\" id=\"faq-accordion\" itemscope itemtype=\"https:\/\/schema.org\/FAQPage\" role=\"tablist\" aria-multiselectable=\"true\"><div class=\"panel\" itemscope itemtype=\"https:\/\/schema.org\/Question\" itemprop=\"mainEntity\">\n                            <div class=\"panel-heading\" id=\"headingFaq-1\">\n                                <div class=\"panel-title\" data-toggle=\"collapse\" aria-expanded=\"false\" href=\"#collapseFaq-1\">\n                                    <h3 itemprop=\"name\">Comment obtenir tous les liens d'un site Web ?<\/h3>\n                                <\/div>\n                            <\/div>\n                            <div id=\"collapseFaq-1\" class=\"panel-collapse collapse\" itemprop=\"acceptedAnswer\" itemscope itemtype=\"http:\/\/schema.org\/Answer\">\n                                <div class=\"panel-body\" itemprop=\"text\">L'extracteur d'URL vous permettra d'exporter toutes les URL du site Web ou d'extraire des liens d'une page, y compris les backlinks internes, les ancres de backlinks internes et les liens sortants externes pour chaque URL du site.<\/div>\n                            <\/div>\n                        <\/div><div class=\"panel\" itemscope itemtype=\"https:\/\/schema.org\/Question\" itemprop=\"mainEntity\">\n                            <div class=\"panel-heading\" id=\"headingFaq-2\">\n                                <div class=\"panel-title\" data-toggle=\"collapse\" aria-expanded=\"false\" href=\"#collapseFaq-2\">\n                                    <h3 itemprop=\"name\">Comment extraire un lien d'une image (photo) ?<\/h3>\n                                <\/div>\n                            <\/div>\n                            <div id=\"collapseFaq-2\" class=\"panel-collapse collapse\" itemprop=\"acceptedAnswer\" itemscope itemtype=\"http:\/\/schema.org\/Answer\">\n                                <div class=\"panel-body\" itemprop=\"text\">Notre outil analyse toutes les r\u00e9f\u00e9rences sur chaque page de votre site Web. Par cons\u00e9quent, si vous avez besoin de l'URL d'une image, il est facile de l'obtenir avec notre outil. Ouvrez la section 'Images' dans l'audit sur la page et vous obtiendrez une liste d'URL d'images. De plus, vous aurez acc\u00e8s \u00e0 des donn\u00e9es telles que la taille de l'image, l'attribut alt, l'attribut title, le code d'\u00e9tat et la marge robot.txt.<\/div>\n                            <\/div>\n                        <\/div><div class=\"panel\" itemscope itemtype=\"https:\/\/schema.org\/Question\" itemprop=\"mainEntity\">\n                            <div class=\"panel-heading\" id=\"headingFaq-3\">\n                                <div class=\"panel-title\" data-toggle=\"collapse\" aria-expanded=\"false\" href=\"#collapseFaq-3\">\n                                    <h3 itemprop=\"name\">Qu'est-ce que l'extension Chrome d'extraction de liens ?<\/h3>\n                                <\/div>\n                            <\/div>\n                            <div id=\"collapseFaq-3\" class=\"panel-collapse collapse\" itemprop=\"acceptedAnswer\" itemscope itemtype=\"http:\/\/schema.org\/Answer\">\n                                <div class=\"panel-body\" itemprop=\"text\">Nous avons d\u00e9j\u00e0 d\u00e9velopp\u00e9 une extension Google Chrome pour Sitechecker. Notre extension effectue un audit complet sur la page, ce qui vous permet d'analyser toutes les URL. D\u00e9marrez l'essai gratuit et t\u00e9l\u00e9chargez l'application Sitechecker sur votre navigateur Google Chrome. Apr\u00e8s cela, ouvrez-la sur la page que vous souhaitez examiner et recevez les r\u00e9sultats.<\/div>\n                            <\/div>\n                        <\/div><\/div><\/div><\/p>","protected":false},"excerpt":{"rendered":"Qu&#8217;est-ce qu&#8217;un extracteur de liens\u00a0? L&#8217;outil d&#8217;extraction de liens permet de r\u00e9cup\u00e9rer tous les liens d&#8217;un site Web ou d&#8217;extraire les liens d&#8217;une page Web sp\u00e9cifique, y compris les liens internes et les backlinks internes, les ancres de backlinks internes et les liens sortants externes pour chaque URL du site. En quoi cet outil peut-il&#8230;","protected":false},"author":10504980,"featured_media":7940,"parent":0,"menu_order":0,"comment_status":"closed","ping_status":"closed","template":"pages-templates\/pages-minitools-3.php","meta":[],"categories":[72],"tags":[],"_links":{"self":[{"href":"https:\/\/sitechecker.pro\/fr\/wp-json\/wp\/v2\/pages\/7887"}],"collection":[{"href":"https:\/\/sitechecker.pro\/fr\/wp-json\/wp\/v2\/pages"}],"about":[{"href":"https:\/\/sitechecker.pro\/fr\/wp-json\/wp\/v2\/types\/page"}],"author":[{"embeddable":true,"href":"https:\/\/sitechecker.pro\/fr\/wp-json\/wp\/v2\/users\/10504980"}],"replies":[{"embeddable":true,"href":"https:\/\/sitechecker.pro\/fr\/wp-json\/wp\/v2\/comments?post=7887"}],"version-history":[{"count":54,"href":"https:\/\/sitechecker.pro\/fr\/wp-json\/wp\/v2\/pages\/7887\/revisions"}],"predecessor-version":[{"id":39264,"href":"https:\/\/sitechecker.pro\/fr\/wp-json\/wp\/v2\/pages\/7887\/revisions\/39264"}],"wp:featuredmedia":[{"embeddable":true,"href":"https:\/\/sitechecker.pro\/fr\/wp-json\/wp\/v2\/media\/7940"}],"wp:attachment":[{"href":"https:\/\/sitechecker.pro\/fr\/wp-json\/wp\/v2\/media?parent=7887"}],"wp:term":[{"taxonomy":"category","embeddable":true,"href":"https:\/\/sitechecker.pro\/fr\/wp-json\/wp\/v2\/categories?post=7887"},{"taxonomy":"post_tag","embeddable":true,"href":"https:\/\/sitechecker.pro\/fr\/wp-json\/wp\/v2\/tags?post=7887"}],"curies":[{"name":"wp","href":"https:\/\/api.w.org\/{rel}","templated":true}]}}