{"id":7885,"date":"2019-09-05T13:51:52","date_gmt":"2019-09-05T13:51:52","guid":{"rendered":"https:\/\/sitechecker.pro\/?page_id=7885"},"modified":"2025-02-06T11:00:13","modified_gmt":"2025-02-06T11:00:13","slug":"page-counter","status":"publish","type":"page","link":"https:\/\/sitechecker.pro\/fr\/page-counter\/","title":{"rendered":"Compteur de pages de site Web &#8211; V\u00e9rifiez le nombre de pages d&#8217;un site Web \u1408"},"content":{"rendered":"<p><\/p>\n<h2 id=\"par1\">Qu&#8217;est-ce qu&#8217;un v\u00e9rificateur de num\u00e9ro de page d&#8217;un site web ? <\/h2>\n<p>Le compteur de pages est un outil qui vous aide \u00e0 compter le nombre d&#8217;URL sur votre site. Il peut \u00eatre utile pour suivre l&#8217;\u00e9tat de votre indexation et identifier les probl\u00e8mes techniques. L&#8217;outil Sitechecker de comptage d&#8217;URL de site web est facile \u00e0 utiliser et offre de nombreuses fonctionnalit\u00e9s.<\/p>\n<h3>Le Sitechecker Website Pages Count Checker peut vous aider dans les domaines suivants<\/h3>\n<ul>\n<li>D\u00e9terminer le nombre total de tous les URL sur votre site.<\/li>\n<li>Identifier les URL du plan du site XML qui sont index\u00e9s par les moteurs de recherche de Google.<\/li>\n<li>D\u00e9tecter les erreurs dans les URL de votre propre site web.<\/li>\n<li>Comprendre comment distribuer efficacement les liens sur l&#8217;ensemble de votre site.<\/li>\n<\/ul>\n<h3>Caract\u00e9ristiques principales d&#8217;un compteur de pages de site Web<\/h3>\n<p><strong>Tableau de bord unifi\u00e9 : <\/strong>Un tableau de bord unifi\u00e9 fournit un endroit unique pour visualiser les donn\u00e9es de sant\u00e9 technique de votre site web. Vous pouvez consulter ces donn\u00e9es pour des p\u00e9riodes sp\u00e9cifiques, telles qu&#8217;aujourd&#8217;hui, hier, la semaine derni\u00e8re, le mois dernier et depuis le d\u00e9but de l&#8217;ann\u00e9e.<\/p>\n<p><strong>Interface conviviale : <\/strong>Une interface conviviale facilite l&#8217;utilisation et l&#8217;analyse de vos donn\u00e9es de trafic. Le tableau de bord est bien organis\u00e9 et il est facile d&#8217;y naviguer.<\/p>\n<p><strong>Outil de r\u00e9f\u00e9rencement complet : <\/strong>Un ensemble complet d&#8217;outils SEO comprend une vari\u00e9t\u00e9 d&#8217;instruments pour vous aider \u00e0 am\u00e9liorer le classement de votre site web dans les r\u00e9sultats des moteurs de recherche (SERP). Il peut s&#8217;agir d&#8217;outils de recherche de mots cl\u00e9s, de cr\u00e9ation de liens et de r\u00e9f\u00e9rencement technique.<\/p>\n<h2 id=\"par2\">Comment utiliser le compteur de pages d&#8217;un site Web ? <\/h2>\n<p>Vous vous demandez comment trouver facilement le nombre de pages HTML d&#8217;un site web ? Notre outil vous donne la r\u00e9ponse.<\/p>\n<h3>Etape 1 : Ins\u00e9rez votre domaine <\/h3>\n<p>Il vous suffit d&#8217;introduire le nom de domaine pour afficher toutes les URL d&#8217;un site.<\/p>\n<div class=\"content__img-wrap\"><img src=\"https:\/\/sitechecker.pro\/wp-content\/uploads\/2023\/11\/website-page-counter.png\" alt=\"Website Page Counter\" class=\"description-img description-img-zoom\" loading=\"lazy\" ><\/div>\n<div class=\"important-block\">Pour recevoir les r\u00e9sultats et acc\u00e9der aux fonctionnalit\u00e9s de Sitechecker&apos;pendant 14 jours, commencez votre essai GRATUIT. L'inscription est facile avec votre email, votre compte Google ou Facebook. Aucune carte de cr\u00e9dit n'est n\u00e9cessaire.<\/div>\n<h3>Etape 2 : Obtenir le r\u00e9sultat<\/h3>\n<p>Apr\u00e8s l&#8217;exploration, vous pouvez voir &#8220;combien d&#8217;URL il y a&#8221;. Ce chiffre indique le nombre d&#8217;URL que contient l&#8217;index <a href=\"https:\/\/sitechecker.pro\/what-is-google-index\/\" target=\"_blank\" rel=\"noopener noreferrer\">Google<\/a> :<\/p>\n<div class=\"content__img-wrap\"><img src=\"https:\/\/sitechecker.pro\/wp-content\/uploads\/2023\/11\/website-page-counter-results.png\" alt=\"Website Page Counter Results\" class=\"description-img description-img-zoom\" loading=\"lazy\" ><\/div>\n<p>Vous trouverez ci-dessous une liste des probl\u00e8mes rencontr\u00e9s sur les URL explor\u00e9es. Pour v\u00e9rifier si toutes les URL de votre site pr\u00e9sentent des erreurs, envisagez d&#8217;augmenter votre plan tarifaire.<\/p>\n<div class=\"content__img-wrap\"><img src=\"https:\/\/sitechecker.pro\/wp-content\/uploads\/2023\/11\/page-counter-issues-list.png\" alt=\"Page Counter Issues List\" class=\"description-img description-img-zoom\" loading=\"lazy\" ><\/div>\n<p>Pour chaque erreur identifi\u00e9e, la liste comprend des suggestions de d\u00e9pannage et pr\u00e9cise les URL o\u00f9 elle s&#8217;est produite.<\/p>\n<div class=\"content__img-wrap\"><img src=\"https:\/\/sitechecker.pro\/wp-content\/uploads\/2023\/11\/view-issue-option.png\" alt=\"View Issue Option\" class=\"description-img description-img-zoom\" loading=\"lazy\" ><\/div>\n<h2 id=\"par3\">Fonctionnalit\u00e9s suppl\u00e9mentaires de l&#8217;outil Web Page Counter<\/h2>\n<p>En outre, en cliquant sur &#8220;Crawled pages&#8221; ou &#8220;View all pages&#8221;, vous pouvez ouvrir la liste des URL avec des informations sur les probl\u00e8mes, le statut et d&#8217;autres types d&#8217;informations URL <a href=\"https:\/\/sitechecker.pro\/\" target=\"_blank\" rel=\"noopener noreferrer\">Audit de r\u00e9f\u00e9rencement<\/a>.<\/p>\n<div class=\"content__img-wrap\"><img src=\"https:\/\/sitechecker.pro\/wp-content\/uploads\/2023\/11\/page-counter-view-all-pages.png\" alt=\"Page Counter View All Pages\" class=\"description-img description-img-zoom\" loading=\"lazy\" ><\/div>\n<div class=\"content__img-wrap\"><img src=\"https:\/\/sitechecker.pro\/wp-content\/uploads\/2023\/11\/page-counter-additional-features.png\" alt=\"Page Counter Additional Features\" class=\"description-img description-img-zoom\" loading=\"lazy\" ><\/div>\n<p>Cette section affiche une liste cat\u00e9goris\u00e9e des erreurs, vous permettant de les trier par priorit\u00e9 ou par cat\u00e9gorie. Si le site contient des URL cass\u00e9es ou des redirections, vous pouvez les filtrer dans le tableau. L&#8217;indicateur de poids de la page donne un aper\u00e7u de l&#8217;efficacit\u00e9 de votre structure de liens internes.<\/p>\n<p>Gr\u00e2ce \u00e0 ces informations, vous pouvez rapidement r\u00e9soudre les probl\u00e8mes critiques de votre site web et recevoir des conseils pour l&#8217;optimiser.<\/p>\n<p>Consultez \u00e9galement notre guide vid\u00e9o sur l&#8217;utilisation de Page Counter sur la plateforme SiteChecker :<\/p>\n<p><iframe width=\"700\" height=\"350\" src=\"https:\/\/www.youtube.com\/embed\/-cexaqBe4KQ?si=4doM2SLEO-4z_i69&amp;start=213\" title=\"YouTube video player\" frameborder=\"0\" allow=\"accelerometer ; autoplay ; clipboard-write ; encrypted-media ; gyroscope ; picture-in-picture ; web-share\" allowfullscreen><\/iframe>.<\/p>\n<h2 id=\"par4\">Id\u00e9e finale<\/h2>\n<p>Le Website Post Counter est un outil gratuit efficace propos\u00e9 par Sitechecker qui compte les pages de votre site, ce qui permet de suivre l&#8217;indexation et d&#8217;identifier les probl\u00e8mes techniques. Il offre des fonctionnalit\u00e9s faciles \u00e0 utiliser, telles que le filtrage par type et la profondeur d&#8217;exploration. Parmi les principaux avantages, citons la possibilit\u00e9 de d\u00e9terminer le nombre total d&#8217;URL de votre site, d&#8217;identifier les pages index\u00e9es, de v\u00e9rifier les doublons, de d\u00e9tecter les erreurs et d&#8217;\u00e9laborer une strat\u00e9gie de distribution des liens. Son tableau de bord centralise les donn\u00e9es techniques, pr\u00e9sente une interface conviviale pour l&#8217;analyse du trafic et un ensemble complet d&#8217;outils SEO pour am\u00e9liorer le classement dans les SERP.<\/p>\n<div id=\"par5\"><\/div>\n<p><div class=\"front__faq-block\"><div class=\"faq__block-title\">FAQ<\/div><div class=\"panel-group\" id=\"faq-accordion\" itemscope itemtype=\"https:\/\/schema.org\/FAQPage\" role=\"tablist\" aria-multiselectable=\"true\"><div class=\"panel\" itemscope itemtype=\"https:\/\/schema.org\/Question\" itemprop=\"mainEntity\">\n                            <div class=\"panel-heading\" id=\"headingFaq-1\">\n                                <div class=\"panel-title\" data-toggle=\"collapse\" aria-expanded=\"false\" href=\"#collapseFaq-1\">\n                                    <h3 itemprop=\"name\">Quel est l'objectif principal de l'outil Page Counter ?<\/h3>\n                                <\/div>\n                            <\/div>\n                            <div id=\"collapseFaq-1\" class=\"panel-collapse collapse\" itemprop=\"acceptedAnswer\" itemscope itemtype=\"http:\/\/schema.org\/Answer\">\n                                <div class=\"panel-body\" itemprop=\"text\">L'objectif principal de l'outil en ligne Page Counter est de fournir un d\u00e9compte du nombre total d'URL sur votre site, d'aider \u00e0 suivre quelles URL sont index\u00e9es par les moteurs de recherche, d'identifier le contenu dupliqu\u00e9, de d\u00e9tecter les erreurs, et d'offrir des conseils pour optimiser la distribution des liens.<\/div>\n                            <\/div>\n                        <\/div><div class=\"panel\" itemscope itemtype=\"https:\/\/schema.org\/Question\" itemprop=\"mainEntity\">\n                            <div class=\"panel-heading\" id=\"headingFaq-2\">\n                                <div class=\"panel-title\" data-toggle=\"collapse\" aria-expanded=\"false\" href=\"#collapseFaq-2\">\n                                    <h3 itemprop=\"name\">Comment v\u00e9rifier le nombre de pages d'un site Web ?<\/h3>\n                                <\/div>\n                            <\/div>\n                            <div id=\"collapseFaq-2\" class=\"panel-collapse collapse\" itemprop=\"acceptedAnswer\" itemscope itemtype=\"http:\/\/schema.org\/Answer\">\n                                <div class=\"panel-body\" itemprop=\"text\">Utilisez un outil de comptage d'articles de site Web tel que Sitechecker en entrant le domaine du site Web pour obtenir un d\u00e9compte complet de toutes ses URL.<\/div>\n                            <\/div>\n                        <\/div><div class=\"panel\" itemscope itemtype=\"https:\/\/schema.org\/Question\" itemprop=\"mainEntity\">\n                            <div class=\"panel-heading\" id=\"headingFaq-3\">\n                                <div class=\"panel-title\" data-toggle=\"collapse\" aria-expanded=\"false\" href=\"#collapseFaq-3\">\n                                    <h3 itemprop=\"name\">Comment compter les URL sur un site Web ?<\/h3>\n                                <\/div>\n                            <\/div>\n                            <div id=\"collapseFaq-3\" class=\"panel-collapse collapse\" itemprop=\"acceptedAnswer\" itemscope itemtype=\"http:\/\/schema.org\/Answer\">\n                                <div class=\"panel-body\" itemprop=\"text\">Utilisez un v\u00e9rificateur de pages de comptage de site en entrant votre nom de domaine pour compter automatiquement les URL.<\/div>\n                            <\/div>\n                        <\/div><div class=\"panel\" itemscope itemtype=\"https:\/\/schema.org\/Question\" itemprop=\"mainEntity\">\n                            <div class=\"panel-heading\" id=\"headingFaq-4\">\n                                <div class=\"panel-title\" data-toggle=\"collapse\" aria-expanded=\"false\" href=\"#collapseFaq-4\">\n                                    <h3 itemprop=\"name\">Combien d'URL a un site typique ?<\/h3>\n                                <\/div>\n                            <\/div>\n                            <div id=\"collapseFaq-4\" class=\"panel-collapse collapse\" itemprop=\"acceptedAnswer\" itemscope itemtype=\"http:\/\/schema.org\/Answer\">\n                                <div class=\"panel-body\" itemprop=\"text\">Un site web typique peut avoir de quelques URL \u00e0 des centaines, en fonction de son objectif et de sa taille. Les petites entreprises ont souvent moins de 20 URL, par exemple, tandis que les sites plus importants et les sites de commerce \u00e9lectronique peuvent avoir des centaines, voire des milliers de pages web.<\/div>\n                            <\/div>\n                        <\/div><\/div><\/div><\/p>","protected":false},"excerpt":{"rendered":"Qu&#8217;est-ce qu&#8217;un v\u00e9rificateur de num\u00e9ro de page d&#8217;un site web ? Le compteur de pages est un outil qui vous aide \u00e0 compter le nombre d&#8217;URL sur votre site. Il peut \u00eatre utile pour suivre l&#8217;\u00e9tat de votre indexation et identifier les probl\u00e8mes techniques. L&#8217;outil Sitechecker de comptage d&#8217;URL de site web est facile \u00e0&#8230;","protected":false},"author":10504980,"featured_media":7945,"parent":0,"menu_order":0,"comment_status":"closed","ping_status":"closed","template":"pages-templates\/pages-minitools.php","meta":[],"categories":[73],"tags":[],"_links":{"self":[{"href":"https:\/\/sitechecker.pro\/fr\/wp-json\/wp\/v2\/pages\/7885"}],"collection":[{"href":"https:\/\/sitechecker.pro\/fr\/wp-json\/wp\/v2\/pages"}],"about":[{"href":"https:\/\/sitechecker.pro\/fr\/wp-json\/wp\/v2\/types\/page"}],"author":[{"embeddable":true,"href":"https:\/\/sitechecker.pro\/fr\/wp-json\/wp\/v2\/users\/10504980"}],"replies":[{"embeddable":true,"href":"https:\/\/sitechecker.pro\/fr\/wp-json\/wp\/v2\/comments?post=7885"}],"version-history":[{"count":94,"href":"https:\/\/sitechecker.pro\/fr\/wp-json\/wp\/v2\/pages\/7885\/revisions"}],"predecessor-version":[{"id":35343,"href":"https:\/\/sitechecker.pro\/fr\/wp-json\/wp\/v2\/pages\/7885\/revisions\/35343"}],"wp:featuredmedia":[{"embeddable":true,"href":"https:\/\/sitechecker.pro\/fr\/wp-json\/wp\/v2\/media\/7945"}],"wp:attachment":[{"href":"https:\/\/sitechecker.pro\/fr\/wp-json\/wp\/v2\/media?parent=7885"}],"wp:term":[{"taxonomy":"category","embeddable":true,"href":"https:\/\/sitechecker.pro\/fr\/wp-json\/wp\/v2\/categories?post=7885"},{"taxonomy":"post_tag","embeddable":true,"href":"https:\/\/sitechecker.pro\/fr\/wp-json\/wp\/v2\/tags?post=7885"}],"curies":[{"name":"wp","href":"https:\/\/api.w.org\/{rel}","templated":true}]}}