{"id":7877,"date":"2019-09-05T13:03:16","date_gmt":"2019-09-05T13:03:16","guid":{"rendered":"https:\/\/sitechecker.pro\/?page_id=7877"},"modified":"2025-02-05T15:28:27","modified_gmt":"2025-02-05T15:28:27","slug":"text-to-code-ratio","status":"publish","type":"page","link":"https:\/\/sitechecker.pro\/fr\/text-to-code-ratio\/","title":{"rendered":"V\u00e9rificateur de rapport texte\/code HTML | Tester n&#8217;importe quelle URL sur un site web \u2611"},"content":{"rendered":"<p><\/p>\n<h2 id=\"par1\">Qu&#8217;est-ce que le v\u00e9rificateur de ratio texte\/code\u00a0?<\/h2>\n<p>Le v\u00e9rificateur de ratio texte\/code de <a href=\"https:\/\/sitechecker.pro\/\" target=\"_blank\" rel=\"noopener noreferrer\">Sitechecker<\/a> analyse la proportion de contenu textuel par rapport au <a href=\"https:\/\/sitechecker.pro\/html-source-code-viewer\/\" target=\"_blank\" rel=\"noopener noreferrer\">code HTML<\/a> sur une page Web. Il fournit un rapport instantan\u00e9 pour une seule page ou un audit complet pour toutes les pages. L&#8217;outil permet d&#8217;identifier les faibles ratios texte\/code, les probl\u00e8mes potentiels de pertinence du texte et la surveillance continue pour l&#8217;optimisation du r\u00e9f\u00e9rencement.<\/p>\n<h3>Comment l&#8217;outil peut vous aider<\/h3>\n<p><strong>Calcul du ratio texte\/code\u00a0: <\/strong>mesure la proportion de texte visible par rapport au code HTML pour \u00e9valuer l&#8217;efficacit\u00e9 du contenu pour le r\u00e9f\u00e9rencement.<\/p>\n<p><strong>D\u00e9tecter les pages \u00e0 faible ratio texte\/code\u00a0: <\/strong>fournit des rapports pour identifier les probl\u00e8mes de contenu potentiels.<\/p>\n<p><strong>Surveillance de la pertinence du texte<\/strong>\u00a0: d\u00e9tecte et suit les probl\u00e8mes de pertinence du texte pour garantir la qualit\u00e9 du contenu et am\u00e9liorer le classement des moteurs de recherche.<\/p>\n<h3>Principales fonctionnalit\u00e9s de l&#8217;outil<\/h3>\n<p><strong>Tableau de bord unifi\u00e9\u00a0: <\/strong>fournit un hub centralis\u00e9 pour suivre la sant\u00e9 du site Web, les performances SEO et les r\u00e9sultats d&#8217;audit en un seul endroit.<\/p>\n<p><strong>Interface conviviale\u00a0: <\/strong>con\u00e7ue pour une navigation facile, rendant l&#8217;analyse SEO accessible aux d\u00e9butants comme aux professionnels.<\/p>\n<p><strong>Ensemble complet d&#8217;outils SEO\u00a0: <\/strong>comprend des audits de sites Web, le suivi des classements, des contr\u00f4les SEO sur page et une surveillance en temps r\u00e9el pour une optimisation compl\u00e8te.<\/p>\n<h2 id=\"par2\">Comment utiliser l&#8217;outil<\/h2>\n<p>Pour utiliser le v\u00e9rificateur de ratio texte\/code, commencez par s\u00e9lectionner une option d&#8217;audit, soit un rapport instantan\u00e9 pour une seule page, soit une analyse compl\u00e8te du site Web. Saisissez l&#8217;URL de la page Web ou du site que vous souhaitez analyser et cliquez sur le bouton \u00ab\u00a0D\u00e9marrer l&#8217;audit\u00a0\u00bb. L&#8217;outil \u00e9valuera ensuite le rapport texte\/code et fournira un rapport d\u00e9taill\u00e9 mettant en \u00e9vidence la pertinence du texte, l&#8217;efficacit\u00e9 HTML et les am\u00e9liorations potentielles du r\u00e9f\u00e9rencement.<\/p>\n<h2 id=\"par3\">Testez le rapport texte\/code pour toutes les pages<\/h2>\n<h3>\u00c9tape 1\u00a0: Choisissez l&#8217;option d&#8217;audit \u00ab\u00a0Toutes les pages\u00a0\u00bb<\/h3>\n<div class=\"content__img-wrap\"><img src=\"https:\/\/sitechecker.pro\/wp-content\/uploads\/2025\/02\/text-to-code-ratio-all-pages.png\" alt=\"Ratio texte\/code toutes les pages\" class=\"description-img description-img-zoom\" loading=\"lazy\" ><\/div>\n<div class=\"important-block\">Pour recevoir les r\u00e9sultats et acc\u00e9der aux fonctionnalit\u00e9s de Sitechecker pendant 14 jours, d\u00e9marrez votre essai GRATUIT. L'inscription est facile avec votre e-mail, votre compte Google ou Facebook. Aucune carte de cr\u00e9dit n'est n\u00e9cessaire.<\/div>\n<h3>\u00c9tape 2\u00a0:\u00a0Obtenez les r\u00e9sultats<\/h3>\n<p>Identifiez les pages avec un faible ratio texte\/code (&lt;10\u00a0%) qui peuvent avoir un impact sur les performances SEO. Obtenez une analyse d\u00e9taill\u00e9e des pages concern\u00e9es, recevez des recommandations d&#8217;optimisation et acc\u00e9dez \u00e0 des suggestions d&#8217;am\u00e9lioration dans le code pour am\u00e9liorer la pertinence du contenu et la visibilit\u00e9 de la recherche.<\/p>\n<div class=\"content__img-wrap\"><img src=\"https:\/\/sitechecker.pro\/wp-content\/uploads\/2025\/02\/text-to-code-ratio-issue.png\" alt=\"Probl\u00e8me de ratio texte\/code\" class=\"description-img description-img-zoom\" loading=\"lazy\" ><\/div>\n<h3>Fonctionnalit\u00e9s suppl\u00e9mentaires de l&#8217;outil<\/h3>\n<p>Obtenez un aper\u00e7u d\u00e9taill\u00e9 de la sant\u00e9 du site Web, y compris les erreurs critiques, les avertissements et les opportunit\u00e9s d&#8217;optimisation. Identifiez les pages concern\u00e9es par cat\u00e9gorie, analysez la pertinence du contenu, les liens internes et externes, l&#8217;indexabilit\u00e9 et les probl\u00e8mes de validation du code. Priorisez les correctifs gr\u00e2ce au suivi des probl\u00e8mes cat\u00e9goris\u00e9s et am\u00e9liorez les performances SEO globales.<\/p>\n<div class=\"content__img-wrap\"><img src=\"https:\/\/sitechecker.pro\/wp-content\/uploads\/2025\/02\/site-audit-issues-4.png\" alt=\"Probl\u00e8mes d'audit de site\" class=\"description-img description-img-zoom\" loading=\"lazy\" ><\/div>\n<h2 id=\"par4\">Testez le rapport texte\/code de la page<\/h2>\n<h3>\u00c9tape 1\u00a0: choisissez l&#8217;option de test de page<\/h3>\n<div class=\"content__img-wrap\"><img src=\"https:\/\/sitechecker.pro\/wp-content\/uploads\/2025\/02\/text-to-code-ratio-page.png\" alt=\"Ratio texte\/code de la page\" class=\"description-img description-img-zoom\" loading=\"lazy\" ><\/div>\n<h3>\u00c9tape 2\u00a0: obtenez les r\u00e9sultats<\/h3>\n<p>\u00c9valuez le rapport texte\/code d&#8217;une page sp\u00e9cifique, en garantissant un \u00e9quilibre optimal du contenu pour le r\u00e9f\u00e9rencement. Obtenez des informations sur la longueur du texte, le pourcentage du rapport et des recommandations pour am\u00e9liorer la pertinence du contenu et les performances des moteurs de recherche.<\/p>\n<div class=\"content__img-wrap\"><img src=\"https:\/\/sitechecker.pro\/wp-content\/uploads\/2025\/02\/text-length-text-to-code-ratio.png\" alt=\"R\u00e9sultats de la longueur du texte, du ratio texte\/code\" class=\"description-img description-img-zoom\" loading=\"lazy\" ><\/div>\n<p>Pour d\u00e9couvrir toutes les fonctionnalit\u00e9s de l&#8217;outil, visitez la section Audit de site. Explorez la version de d\u00e9monstration pour voir comment Sitechecker identifie et r\u00e9sout les principaux probl\u00e8mes techniques de r\u00e9f\u00e9rencement.<\/p>\n<div class=\"content__img-wrap\"><img src=\"https:\/\/sitechecker.pro\/wp-content\/uploads\/2025\/02\/site-audit-4.png\" alt=\"Audit de site\" class=\"description-img description-img-zoom\" loading=\"lazy\" ><\/div>\n<h3>Fonctionnalit\u00e9s suppl\u00e9mentaires de la v\u00e9rification de page<\/h3>\n<p>Obtenez une analyse compl\u00e8te de l&#8217;\u00e9tat de sant\u00e9 de la page, y compris les probl\u00e8mes critiques et d&#8217;avertissement. Identifiez les probl\u00e8mes de performances, l&#8217;\u00e9tat des donn\u00e9es structur\u00e9es, les optimisations d&#8217;image et les facteurs techniques de r\u00e9f\u00e9rencement pour am\u00e9liorer la visibilit\u00e9 de la recherche et l&#8217;efficacit\u00e9 du contenu.<\/p>\n<div class=\"content__img-wrap\"><img src=\"https:\/\/sitechecker.pro\/wp-content\/uploads\/2025\/02\/site-audit-4.png\" alt=\"Audit du site\" class=\"description-img description-img-zoom\" loading=\"lazy\" ><\/div>\n<h2 id=\"par5\">Id\u00e9e finale<\/h2>\n<p>L&#8217;outil de ratio texte\/code HTML analyse la proportion de texte visible par rapport au code HTML, contribuant ainsi \u00e0 optimiser les performances SEO. Il fournit des rapports instantan\u00e9s pour des pages individuelles et des audits complets pour des sites Web entiers. L&#8217;outil d\u00e9tecte les faibles ratios texte\/code, identifie les probl\u00e8mes de pertinence du contenu et offre des informations d&#8217;optimisation. Avec une interface conviviale, un tableau de bord unifi\u00e9 et un ensemble complet d&#8217;outils SEO, il permet une analyse efficace du site Web. Les utilisateurs peuvent acc\u00e9der \u00e0 des rapports d\u00e9taill\u00e9s, suivre l&#8217;\u00e9tat du site Web et hi\u00e9rarchiser les correctifs.<\/p>\n<div id=\"par6\"><\/div>\n<p><div class=\"front__faq-block\"><div class=\"faq__block-title\">FAQ<\/div><div class=\"panel-group\" id=\"faq-accordion\" itemscope itemtype=\"https:\/\/schema.org\/FAQPage\" role=\"tablist\" aria-multiselectable=\"true\"><div class=\"panel\" itemscope itemtype=\"https:\/\/schema.org\/Question\" itemprop=\"mainEntity\">\n                            <div class=\"panel-heading\" id=\"headingFaq-1\">\n                                <div class=\"panel-title\" data-toggle=\"collapse\" aria-expanded=\"false\" href=\"#collapseFaq-1\">\n                                    <h3 itemprop=\"name\">Quel est le ratio texte\/code id\u00e9al pour le r\u00e9f\u00e9rencement ?<\/h3>\n                                <\/div>\n                            <\/div>\n                            <div id=\"collapseFaq-1\" class=\"panel-collapse collapse\" itemprop=\"acceptedAnswer\" itemscope itemtype=\"http:\/\/schema.org\/Answer\">\n                                <div class=\"panel-body\" itemprop=\"text\">Un ratio texte\/code sup\u00e9rieur \u00e0 10 % est g\u00e9n\u00e9ralement recommand\u00e9 pour de meilleures performances SEO, garantissant que les moteurs de recherche peuvent interpr\u00e9ter efficacement le contenu.<\/div>\n                            <\/div>\n                        <\/div><div class=\"panel\" itemscope itemtype=\"https:\/\/schema.org\/Question\" itemprop=\"mainEntity\">\n                            <div class=\"panel-heading\" id=\"headingFaq-2\">\n                                <div class=\"panel-title\" data-toggle=\"collapse\" aria-expanded=\"false\" href=\"#collapseFaq-2\">\n                                    <h3 itemprop=\"name\">Comment un faible ratio texte\/code affecte-t-il mon site Web ?<\/h3>\n                                <\/div>\n                            <\/div>\n                            <div id=\"collapseFaq-2\" class=\"panel-collapse collapse\" itemprop=\"acceptedAnswer\" itemscope itemtype=\"http:\/\/schema.org\/Answer\">\n                                <div class=\"panel-body\" itemprop=\"text\">Un faible ratio peut indiquer un HTML excessif ou un contenu insuffisant, ce qui peut entra\u00eener un mauvais classement des moteurs de recherche et une r\u00e9duction de l'engagement des utilisateurs.<\/div>\n                            <\/div>\n                        <\/div><div class=\"panel\" itemscope itemtype=\"https:\/\/schema.org\/Question\" itemprop=\"mainEntity\">\n                            <div class=\"panel-heading\" id=\"headingFaq-3\">\n                                <div class=\"panel-title\" data-toggle=\"collapse\" aria-expanded=\"false\" href=\"#collapseFaq-3\">\n                                    <h3 itemprop=\"name\">Puis-je v\u00e9rifier le ratio texte\/code de plusieurs pages \u00e0 la fois ?<\/h3>\n                                <\/div>\n                            <\/div>\n                            <div id=\"collapseFaq-3\" class=\"panel-collapse collapse\" itemprop=\"acceptedAnswer\" itemscope itemtype=\"http:\/\/schema.org\/Answer\">\n                                <div class=\"panel-body\" itemprop=\"text\">Oui, avec l'option d'audit \u00ab Toutes les pages \u00bb, vous pouvez analyser le ratio de l'ensemble de votre site Web et recevoir des rapports d\u00e9taill\u00e9s sur les pages concern\u00e9es.<\/div>\n                            <\/div>\n                        <\/div><div class=\"panel\" itemscope itemtype=\"https:\/\/schema.org\/Question\" itemprop=\"mainEntity\">\n                            <div class=\"panel-heading\" id=\"headingFaq-4\">\n                                <div class=\"panel-title\" data-toggle=\"collapse\" aria-expanded=\"false\" href=\"#collapseFaq-4\">\n                                    <h3 itemprop=\"name\">Le ratio texte\/code est-il le seul facteur affectant les classements SEO ?<\/h3>\n                                <\/div>\n                            <\/div>\n                            <div id=\"collapseFaq-4\" class=\"panel-collapse collapse\" itemprop=\"acceptedAnswer\" itemscope itemtype=\"http:\/\/schema.org\/Answer\">\n                                <div class=\"panel-body\" itemprop=\"text\">Non, bien qu'il soit important, les classements SEO sont influenc\u00e9s par de nombreux facteurs, notamment les backlinks, la vitesse de la page, la convivialit\u00e9 mobile, les donn\u00e9es structur\u00e9es et la qualit\u00e9 du contenu.<\/div>\n                            <\/div>\n                        <\/div><div class=\"panel\" itemscope itemtype=\"https:\/\/schema.org\/Question\" itemprop=\"mainEntity\">\n                            <div class=\"panel-heading\" id=\"headingFaq-5\">\n                                <div class=\"panel-title\" data-toggle=\"collapse\" aria-expanded=\"false\" href=\"#collapseFaq-5\">\n                                    <h3 itemprop=\"name\">L'outil peut-il sugg\u00e9rer des am\u00e9liorations pour corriger un faible ratio texte\/code ?<\/h3>\n                                <\/div>\n                            <\/div>\n                            <div id=\"collapseFaq-5\" class=\"panel-collapse collapse\" itemprop=\"acceptedAnswer\" itemscope itemtype=\"http:\/\/schema.org\/Answer\">\n                                <div class=\"panel-body\" itemprop=\"text\">Oui, Sitechecker fournit des recommandations d'optimisation, notamment la r\u00e9duction du code inutile, l'am\u00e9lioration de la qualit\u00e9 du contenu et l'\u00e9quilibrage de la structure HTML.<\/div>\n                            <\/div>\n                        <\/div><\/div><\/div><\/p>","protected":false},"excerpt":{"rendered":"Qu&#8217;est-ce que le v\u00e9rificateur de ratio texte\/code\u00a0? Le v\u00e9rificateur de ratio texte\/code de Sitechecker analyse la proportion de contenu textuel par rapport au code HTML sur une page Web. Il fournit un rapport instantan\u00e9 pour une seule page ou un audit complet pour toutes les pages. L&#8217;outil permet d&#8217;identifier les faibles ratios texte\/code, les probl\u00e8mes&#8230;","protected":false},"author":10409641,"featured_media":7943,"parent":0,"menu_order":0,"comment_status":"closed","ping_status":"closed","template":"pages-templates\/pages-minitools-3.php","meta":[],"categories":[70],"tags":[],"_links":{"self":[{"href":"https:\/\/sitechecker.pro\/fr\/wp-json\/wp\/v2\/pages\/7877"}],"collection":[{"href":"https:\/\/sitechecker.pro\/fr\/wp-json\/wp\/v2\/pages"}],"about":[{"href":"https:\/\/sitechecker.pro\/fr\/wp-json\/wp\/v2\/types\/page"}],"author":[{"embeddable":true,"href":"https:\/\/sitechecker.pro\/fr\/wp-json\/wp\/v2\/users\/10409641"}],"replies":[{"embeddable":true,"href":"https:\/\/sitechecker.pro\/fr\/wp-json\/wp\/v2\/comments?post=7877"}],"version-history":[{"count":24,"href":"https:\/\/sitechecker.pro\/fr\/wp-json\/wp\/v2\/pages\/7877\/revisions"}],"predecessor-version":[{"id":38135,"href":"https:\/\/sitechecker.pro\/fr\/wp-json\/wp\/v2\/pages\/7877\/revisions\/38135"}],"wp:featuredmedia":[{"embeddable":true,"href":"https:\/\/sitechecker.pro\/fr\/wp-json\/wp\/v2\/media\/7943"}],"wp:attachment":[{"href":"https:\/\/sitechecker.pro\/fr\/wp-json\/wp\/v2\/media?parent=7877"}],"wp:term":[{"taxonomy":"category","embeddable":true,"href":"https:\/\/sitechecker.pro\/fr\/wp-json\/wp\/v2\/categories?post=7877"},{"taxonomy":"post_tag","embeddable":true,"href":"https:\/\/sitechecker.pro\/fr\/wp-json\/wp\/v2\/tags?post=7877"}],"curies":[{"name":"wp","href":"https:\/\/api.w.org\/{rel}","templated":true}]}}