{"id":7873,"date":"2019-09-05T12:25:47","date_gmt":"2019-09-05T12:25:47","guid":{"rendered":"https:\/\/sitechecker.pro\/?page_id=7873"},"modified":"2026-02-20T12:10:45","modified_gmt":"2026-02-20T12:10:45","slug":"similar-websites","status":"publish","type":"page","link":"https:\/\/sitechecker.pro\/fr\/similar-websites\/","title":{"rendered":"Recherche de sites Web similaires | Un must pour les \u00e9tudes de march\u00e9 \u1408"},"content":{"rendered":"<p>Vous souhaitez d\u00e9marrer un site, et dans le cadre de l&#8217;\u00e9tude de march\u00e9, vous devez savoir qui sont vos concurrents. Si cette situation est similaire \u00e0 la v\u00f4tre et que vous ne savez pas comment vous y prendre, alors vous \u00eates au bon endroit. Vous pouvez le faire assez facilement avec un outil de recherche de site Web similaire. dans cet article, nous vous dirons tout ce que vous devez savoir pour en utiliser un efficacement.<\/p>\n<h2>Qu&#8217;est-ce qu&#8217;un outil de recherche de sites Web similaires\u00a0?<\/h2>\n<p>Un <b>site Web similaire <\/b><b>finder <\/b> est un outil que vous pouvez utiliser pour trouver d&#8217;autres sites Web qui produisent un contenu similaire au v\u00f4tre. Ces outils sont disponibles aupr\u00e8s de nombreux fournisseurs, dont beaucoup sont gratuits. En utilisant ces outils, vous pouvez sonder vos concurrents et en savoir plus sur leur fonctionnement, ce qu&#8217;ils font bien et ce que les utilisateurs en retirent. En absorbant toutes ces informations et en planifiant en cons\u00e9quence, vous pourrez tirer le meilleur parti de tous vos concurrents et \u00e9liminer tout ce qui ne fonctionne pas.<\/p>\n<p>En plus de vous aider \u00e0 trouver des sites Web similaires, <a href=\"https:\/\/sitechecker.pro\/\">Sitechecker<\/a> a bien plus \u00e0 offrir. Regardez cette vid\u00e9o pour en savoir plus sur nos services :<\/p>\n<p><iframe title=\"Lecteur vid\u00e9o YouTube\" src=\"https:\/\/www.youtube.com\/embed\/iQWrmE-J-yU\" width=\"770\" height=\"350\" frameborder=\"0\" allowfullscreen=\"allowfullscreen\"><\/iframe><\/p>\n<h2>Utilisation d&#8217;un outil de recherche de sites Web similaires<\/h2>\n<p>D\u00e9couvrez comment utiliser notre outil de recherche de sites Web similaires.<\/p>\n<h3>\u00c9tape\u00a01\u00a0: Ins\u00e9rez votre domaine<\/h3>\n<p>Prenez simplement l&#8217;URL de votre site Web, collez-la dans la barre de recherche et cliquez sur la fl\u00e8che vers la droite.<br \/>\n<div class=\"content__img-wrap\"><img src=\"https:\/\/sitechecker.pro\/wp-content\/uploads\/2022\/02\/Sitecheckers-similar-website-finder.jpg\" alt=\"outil de recherche de sites Web similaires de Sitechecker\" class=\"description-img description-img-zoom\" loading=\"lazy\" ><\/div><\/p>\n<h3>\u00c9tape\u00a02\u00a0: Analyse des r\u00e9sultats<\/h3>\n<p>Le site prendra quelques secondes pour trouver tous les sites similaires au v\u00f4tre et les afficher sous forme de liste.<br \/>\n<div class=\"content__img-wrap\"><img src=\"https:\/\/sitechecker.pro\/wp-content\/uploads\/2022\/02\/Sitecheckers-similar-website-finder-Results.jpg\" alt=\"outil de recherche de sites Web similaires de Sitechecker : r\u00e9sultats\" class=\"description-img description-img-zoom\" loading=\"lazy\" ><\/div><\/p>\n<h2>Cas o\u00f9 un outil de recherche de sites Web similaires est n\u00e9cessaire<\/h2>\n<p>Avant de cr\u00e9er un site et de commencer \u00e0 publier du contenu, vous devez savoir si votre entreprise est rentable. Par exemple, pensez-vous que quelqu&#8217;un utiliserait une plateforme de partage de vid\u00e9os avec des fonctionnalit\u00e9s similaires \u00e0 YouTube si YouTube existait d\u00e9j\u00e0\u00a0? Non. Des choses comme TikTok et Vimeo ne fonctionnent que parce qu&#8217;elles offrent des approches diff\u00e9rentes et des fonctionnalit\u00e9s uniques \u00e0 leurs utilisateurs.<\/p>\n<p>De m\u00eame, si vous d\u00e9marrez un blog, vous devez savoir qui produit d\u00e9j\u00e0 un contenu similaire au v\u00f4tre. Quel type de contenu produisent-ils\u00a0? Quelle est leur base d&#8217;audience\u00a0? Des informations comme celle-ci sont n\u00e9cessaires pour vous indiquer les chances de succ\u00e8s. Si ces concurrents ont un monopole sur le march\u00e9, il n&#8217;y a aucun profit \u00e0 aller de l&#8217;avant.<\/p>\n<p>En revanche, si vous \u00eates implant\u00e9 dans votre <a href=\"https:\/\/sitechecker.pro\/dental-seo-marketing-tool\/\" target=\"_blank\" rel=\"noopener noreferrer\">niche<\/a> l&#8217;industrie, vous devez toujours \u00eatre \u00e0 la recherche de nouveaux venus et de nouvelles entreprises. Gardez un \u0153il sur s&#8217;ils prennent de la vapeur et vous rattrapent. En tout \u00e9tat de cause, c&#8217;est le signe d&#8217;un cr\u00e9ateur de contenu mature pour garder le doigt sur le pouls du march\u00e9 et comprendre o\u00f9 soufflent les vents.<\/p>\n<p>En \u00e9tudiant les alternatives, vous apprenez ce qui fonctionne \/ ne fonctionne pas et trouvez des moyens de vous am\u00e9liorer. C&#8217;est ainsi que vous vous am\u00e9liorez et atteignez le niveau suivant.<br \/>\n    <div class=\"blog__conversion blog__conversion-app element__logged_out\">\n        <div class=\"blog__conversion-inner\">\n            <p class=\"title\">D\u00e9couvrez non seulement les informations sur les sites Web similaires, mais \u00e9galement la pr\u00e9sence d'erreurs techniques !<\/p>\n            <p class=\"description\">Effectuez un audit complet pour d\u00e9couvrir et r\u00e9soudre tous les probl\u00e8mes au niveau du site et au niveau des pages sur votre site Web.<\/p>\n            <form id=\"audit__form\"\n                  class=\"article__seo-search audit__form Effectuez un audit complet pour d\u00e9couvrir et r\u00e9soudre tous les probl\u00e8mes au niveau du site et au niveau des pages sur votre site Web.\"\n                  action=\"\"\n                  method=\"POST\"\n                  autocomplete=\"off\">\n                <span class=\"error\"><\/span>\n                <div class=\"error__limits\">Something went wrong. Please, try again later.<\/div>\n                <input name=\"url\"\n                       type=\"text\"\n                       placeholder=\"Entrez votre domaine ici\">\n                                <button type=\"submit\"\n                        class=\"sitechecker__text\">\n                    <span>Lancer l'audit<\/span>\n                    <img src=\"\/wp-content\/themes\/sitechecker\/out\/img_design\/loading.svg\"\n                         width=\"31\"\n                         height=\"30\"\n                         class=\"loading\">\n                <\/button>\n            <\/form>\n        <\/div>\n    <\/div>\n    <\/p>\n<h2>Comment analyser des sites similaires<\/h2>\n<p>Vous savez maintenant comment trouver un tas de sites similaires, mais que faites-vous apr\u00e8s les avoir trouv\u00e9s\u00a0? Pourquoi, vous les \u00e9tudiez, bien s\u00fbr! C&#8217;est la chose intelligente \u00e0 faire, et vous devriez v\u00e9rifier les entreprises qui vous font concurrence. Vous pouvez parier qu&#8217;ils feront la m\u00eame chose pour vous.<\/p>\n<p>Mais que cherches-tu ?<\/p>\n<ul>\n<li>Quelle est la structure du site des alternatives disponibles\u00a0? Est-ce similaire au v\u00f4tre ? Mieux? Quels \u00e9l\u00e9ments de page utilisent-ils que vous n&#8217;utilisez pas, et vice versa\u00a0? Que pouvez-vous am\u00e9liorer\u00a0?<\/li>\n<li>Combien de visites re\u00e7oivent-ils quotidiennement\u00a0? Lequel d&#8217;entre eux est le plus performant\u00a0? Quelle est leur performance par rapport \u00e0 vous\u00a0? Que font-ils diff\u00e9remment\u00a0?<\/li>\n<li>Quel type de backlinks utilisent-ils\u00a0? Quels types de services apparaissent le plus\u00a0? Sont-ils li\u00e9s \u00e0 quelque chose que vous n&#8217;\u00eates pas? Sont-ils li\u00e9s \u00e0 des choses que vous faites d\u00e9j\u00e0\u00a0?<\/li>\n<li>Quels sont leurs mots cl\u00e9s\u00a0? Quelle est leur lisibilit\u00e9 ? Ex\u00e9cutez leurs sites via un v\u00e9rificateur de r\u00e9f\u00e9rencement et tirez-en le meilleur parti possible.<\/li>\n<\/ul>\n<h3>Utilisation du v\u00e9rificateur de trafic de site Web pour une meilleure analyse<\/h3>\n<p>Pour l&#8217;analyse, vous pouvez \u00e9galement utiliser notre outil qui v\u00e9rifie le trafic du site. Un <a href=\"https:\/\/sitechecker.pro\/traffic-checker\/\">v\u00e9rificateur de trafic de site Web <\/a> fait exactement ce qu&#8217;il dit : il calcule beaucoup de donn\u00e9es li\u00e9es au trafic. Par exemple, si vous ex\u00e9cutez l&#8217;URL via un v\u00e9rificateur de trafic de site Web, vous v\u00e9rifierez\u00a0:<\/p>\n<ol>\n<li>Combien de trafic cette page a-t-elle re\u00e7u sur au moins quelques mois\u00a0?<\/li>\n<li>Combien de trafic est g\u00e9n\u00e9r\u00e9 depuis diff\u00e9rents pays<\/li>\n<li>Quel volume de trafic est g\u00e9n\u00e9r\u00e9 par les diff\u00e9rents canaux\u00a0: recherche naturelle, parrainage, recherche directe, etc.<\/li>\n<li>Les principaux mots cl\u00e9s utilis\u00e9s par le site, soit de mani\u00e8re organique, soit par des moyens payants<\/li>\n<\/ol>\n<p><div class=\"content__img-wrap\"><img src=\"https:\/\/sitechecker.pro\/wp-content\/uploads\/2022\/02\/Sitecheckers-traffic-checker.jpg\" alt=\"V\u00e9rifiez le trafic avec notre outil\" class=\"description-img description-img-zoom\" loading=\"lazy\" ><\/div><br \/>\n<div class=\"content__img-wrap\"><img src=\"https:\/\/sitechecker.pro\/wp-content\/uploads\/2022\/02\/Sitecheckers-traffic-checker-Result-1.jpg\" alt=\"V\u00e9rificateur de trafic : r\u00e9sultats\" class=\"description-img description-img-zoom\" loading=\"lazy\" ><\/div><br \/>\n<div class=\"content__img-wrap\"><img src=\"https:\/\/sitechecker.pro\/wp-content\/uploads\/2022\/02\/Sitecheckers-traffic-checker-Result-2.jpg\" alt=\"R\u00e9sultats de l'outil (suite)\" class=\"description-img description-img-zoom\" loading=\"lazy\" ><\/div><\/p>\n<p>En quelques instants, vous aurez toutes ces donn\u00e9es \u00e0 port\u00e9e de main. Si vous ex\u00e9cutez tous les sites similaires que vous avez trouv\u00e9s gr\u00e2ce \u00e0 ce v\u00e9rificateur de trafic, vous aurez des donn\u00e9es similaires sur tous vos concurrents. Vous saurez dans quelles niches ils travaillent, d&#8217;o\u00f9 vient leur trafic et comment le trafic de leur site se compare au v\u00f4tre. C&#8217;est un excellent outil pour analyser le march\u00e9 Internet et adapter les strat\u00e9gies pour relever ces d\u00e9fis.<\/p>\n<h3>Audit du v\u00e9rificateur de site et amp\u00a0; Analyse des concurrents sur la page<\/h3>\n<p>Un audit SEO est un outil qui vous montre \u00e0 quel point vous vous d\u00e9brouillez en mati\u00e8re de r\u00e9f\u00e9rencement et o\u00f9 vous pouvez vous am\u00e9liorer. L&#8217;objectif est de propulser votre site en t\u00eate des r\u00e9sultats de recherche Google. Cet outil vous aidera \u00e0 g\u00e9rer cela en v\u00e9rifiant l&#8217;ensemble de votre site et de vos pages &#8211; et ceux de vos concurrents si vous le souhaitez &#8211; et en vous fournissant un rapport d\u00e9taill\u00e9 sur tout ce qu&#8217;ils ont \u00e0 offrir. Vous pouvez ex\u00e9cuter notre <a href=\"https:\/\/sitechecker.pro\/on-page-seo-checker\/\">v\u00e9rificateur SEO sur page<\/a> ou <a href=\"https:\/\/chrome.google .com\/webstore\/detail\/website-seo-checker-free\/nljcdkjpjnhlilgepggmmagnmebhadnk\">V\u00e9rificateur de r\u00e9f\u00e9rencement de site Web de Google<\/a>.<\/p>\n<h3>Sitechecker Backlink Checker pour l&#8217;analyse des concurrents<\/h3>\n<p>Vous voulez un <a href=\"https:\/\/sitechecker.pro\/backlinks-checker\/\">v\u00e9rificateur de backlinks<\/a> pour vous assurer que vos backlinks sont utilis\u00e9s par des sites qui re\u00e7oivent une bonne quantit\u00e9 de trafic et les supprimer \u00e0 partir de sites qui ne sont plus pertinents. En analysant vos concurrents de cette mani\u00e8re, vous obtenez un aper\u00e7u de leurs performances et savez quoi faire, quoi \u00e9viter et quels mots-cl\u00e9s, ancres et balises vous devriez tirer parti.<br \/>\n<div class=\"content__img-wrap\"><img src=\"https:\/\/sitechecker.pro\/wp-content\/uploads\/2022\/02\/Sitecheckers-backlink-checker.jpg\" alt=\"V\u00e9rifiez les backlinks avec notre outil\" class=\"description-img description-img-zoom\" loading=\"lazy\" ><\/div><\/p>\n<div class=\"content__img-wrap\"><img src=\"https:\/\/sitechecker.pro\/wp-content\/uploads\/2022\/02\/Sitecheckers-backlink-checker-Results-2.jpg\" alt=\"V\u00e9rifier les backlinks avec notre outil - R\u00e9sultats\" class=\"description-img description-img-zoom\" loading=\"lazy\" ><\/div>\n<p><div class=\"front__faq-block\"><div class=\"faq__block-title\">FAQ<\/div><div class=\"panel-group\" id=\"faq-accordion\" itemscope itemtype=\"https:\/\/schema.org\/FAQPage\" role=\"tablist\" aria-multiselectable=\"true\"><div class=\"panel\" itemscope itemtype=\"https:\/\/schema.org\/Question\" itemprop=\"mainEntity\">\n                            <div class=\"panel-heading\" id=\"headingFaq-1\">\n                                <div class=\"panel-title\" data-toggle=\"collapse\" aria-expanded=\"false\" href=\"#collapseFaq-1\">\n                                    <h3 itemprop=\"name\">Comment trouver des sites Web similaires sur Google ?<\/h3>\n                                <\/div>\n                            <\/div>\n                            <div id=\"collapseFaq-1\" class=\"panel-collapse collapse\" itemprop=\"acceptedAnswer\" itemscope itemtype=\"http:\/\/schema.org\/Answer\">\n                                <div class=\"panel-body\" itemprop=\"text\">Vous pouvez utiliser l'op\u00e9rateur li\u00e9 pour trouver des sites Web similaires sur Google. Pour ce faire, tapez related: sitename.com dans la barre d'adresse et appuyez sur Entr\u00e9e.<\/div>\n                            <\/div>\n                        <\/div><div class=\"panel\" itemscope itemtype=\"https:\/\/schema.org\/Question\" itemprop=\"mainEntity\">\n                            <div class=\"panel-heading\" id=\"headingFaq-2\">\n                                <div class=\"panel-title\" data-toggle=\"collapse\" aria-expanded=\"false\" href=\"#collapseFaq-2\">\n                                    <h3 itemprop=\"name\">Comment les sites similaires utilisent-ils les extensions ?<\/h3>\n                                <\/div>\n                            <\/div>\n                            <div id=\"collapseFaq-2\" class=\"panel-collapse collapse\" itemprop=\"acceptedAnswer\" itemscope itemtype=\"http:\/\/schema.org\/Answer\">\n                                <div class=\"panel-body\" itemprop=\"text\">Chaque fois que vous visitez un site, vous pouvez cliquer sur l'onglet d'extension de Chrome pour trouver d'autres sites li\u00e9s \u00e0 la recherche que vous venez de visiter.<\/div>\n                            <\/div>\n                        <\/div><div class=\"panel\" itemscope itemtype=\"https:\/\/schema.org\/Question\" itemprop=\"mainEntity\">\n                            <div class=\"panel-heading\" id=\"headingFaq-3\">\n                                <div class=\"panel-title\" data-toggle=\"collapse\" aria-expanded=\"false\" href=\"#collapseFaq-3\">\n                                    <h3 itemprop=\"name\">Qu'est-ce qu'une recherche associ\u00e9e ?<\/h3>\n                                <\/div>\n                            <\/div>\n                            <div id=\"collapseFaq-3\" class=\"panel-collapse collapse\" itemprop=\"acceptedAnswer\" itemscope itemtype=\"http:\/\/schema.org\/Answer\">\n                                <div class=\"panel-body\" itemprop=\"text\">Vous connaissez ces huit r\u00e9sultats de recherche qui se trouvent tout en bas d'une page de r\u00e9sultats de recherche Google ? Ce sont des recherches associ\u00e9es, et elles sont g\u00e9n\u00e9r\u00e9es par Google en fonction de l'algorithme du moteur de recherche dans le but de vous aider \u00e0 trouver plus de choses li\u00e9es \u00e0 votre recherche.<\/div>\n                            <\/div>\n                        <\/div><\/div><\/div><\/p>","protected":false},"excerpt":{"rendered":"Vous souhaitez d\u00e9marrer un site, et dans le cadre de l&#8217;\u00e9tude de march\u00e9, vous devez savoir qui sont vos concurrents. Si cette situation est similaire \u00e0 la v\u00f4tre et que vous ne savez pas comment vous y prendre, alors vous \u00eates au bon endroit. Vous pouvez le faire assez facilement avec un outil de recherche&#8230;","protected":false},"author":10504980,"featured_media":7956,"parent":0,"menu_order":0,"comment_status":"closed","ping_status":"closed","template":"pages-templates\/pages-minitools-2.php","meta":[],"categories":[75],"tags":[],"_links":{"self":[{"href":"https:\/\/sitechecker.pro\/fr\/wp-json\/wp\/v2\/pages\/7873"}],"collection":[{"href":"https:\/\/sitechecker.pro\/fr\/wp-json\/wp\/v2\/pages"}],"about":[{"href":"https:\/\/sitechecker.pro\/fr\/wp-json\/wp\/v2\/types\/page"}],"author":[{"embeddable":true,"href":"https:\/\/sitechecker.pro\/fr\/wp-json\/wp\/v2\/users\/10504980"}],"replies":[{"embeddable":true,"href":"https:\/\/sitechecker.pro\/fr\/wp-json\/wp\/v2\/comments?post=7873"}],"version-history":[{"count":18,"href":"https:\/\/sitechecker.pro\/fr\/wp-json\/wp\/v2\/pages\/7873\/revisions"}],"predecessor-version":[{"id":39391,"href":"https:\/\/sitechecker.pro\/fr\/wp-json\/wp\/v2\/pages\/7873\/revisions\/39391"}],"wp:featuredmedia":[{"embeddable":true,"href":"https:\/\/sitechecker.pro\/fr\/wp-json\/wp\/v2\/media\/7956"}],"wp:attachment":[{"href":"https:\/\/sitechecker.pro\/fr\/wp-json\/wp\/v2\/media?parent=7873"}],"wp:term":[{"taxonomy":"category","embeddable":true,"href":"https:\/\/sitechecker.pro\/fr\/wp-json\/wp\/v2\/categories?post=7873"},{"taxonomy":"post_tag","embeddable":true,"href":"https:\/\/sitechecker.pro\/fr\/wp-json\/wp\/v2\/tags?post=7873"}],"curies":[{"name":"wp","href":"https:\/\/api.w.org\/{rel}","templated":true}]}}