{"id":7871,"date":"2019-09-05T12:15:59","date_gmt":"2019-09-05T12:15:59","guid":{"rendered":"https:\/\/sitechecker.pro\/?page_id=7871"},"modified":"2024-10-28T16:12:31","modified_gmt":"2024-10-28T16:12:31","slug":"directory-scanner","status":"publish","type":"page","link":"https:\/\/sitechecker.pro\/fr\/directory-scanner\/","title":{"rendered":"Scanner de R\u00e9pertoire de Sites Web: Afficher Fichiers Cach\u00e9s \u1408"},"content":{"rendered":"<p><\/p>\n<h2 id=\"par1\">Qu&#8217;est-ce qu&#8217;un scanner d&#8217;annuaire de sites Web\u00a0?<\/h2>\n<p>Le scanner gratuit d&#8217;annuaire de sites Web fourni par Sitechecker est un outil con\u00e7u pour analyser les <a href=\"https:\/\/sitechecker.pro\/what-is-directory-website\/\" target=\"_blank\" rel=\"noopener noreferrer\">annuaires de sites. <\/a> et les fichiers sensibles. Ce processus est crucial pour d\u00e9tecter les r\u00e9pertoires confidentiels ou cach\u00e9s sur un site Web. Il peut analyser les listes d&#8217;annuaires en ligne et trouver des fichiers tels que PHP, Robots.txt et d&#8217;autres informations sensibles.<\/p>\n<h3>Avantages que vous obtenez en utilisant le scanner d&#8217;annuaire de sites Web en ligne<\/h3>\n<p><strong>D\u00e9tection pr\u00e9cise de la hi\u00e9rarchie d&#8217;un site Web\u00a0: <\/strong>L&#8217;analyseur explore le serveur Web et offre une vue compartiment\u00e9e de la hi\u00e9rarchie d&#8217;un site, segmentant le site en sections g\u00e9rables pour am\u00e9liorer la surveillance des r\u00e9pertoires.<\/p>\n<p><strong>D\u00e9tection des lacunes dans les annuaires\u00a0: <\/strong>L&#8217;outil de recherche de sous-r\u00e9pertoires permet aux utilisateurs de d\u00e9couvrir un r\u00e9pertoire sp\u00e9cifi\u00e9 sur le site et d&#8217;identifier et de rem\u00e9dier aux lacunes sp\u00e9cifiques dans diff\u00e9rents annuaires.<\/p>\n<p><strong>Inspection sur mesure<\/strong>\u00a0: les utilisateurs peuvent personnaliser leur analyse avec une gamme compl\u00e8te de filtres et de param\u00e8tres, fournissant un examen d\u00e9taill\u00e9 des \u00e9l\u00e9ments structurels du site qui correspondent \u00e0 leurs objectifs de r\u00e9f\u00e9rencement.<\/p>\n<h3>Principales fonctionnalit\u00e9s de l&#8217;outil de recherche d&#8217;annuaire de sites Web<\/h3>\n<ul>\n<li><strong>Tableau de bord unifi\u00e9\u00a0: <\/strong>offre une vue compl\u00e8te des m\u00e9triques SEO telles que le trafic, les mots cl\u00e9s et les backlinks, en utilisant les donn\u00e9es de Google Search Console et de Google Analytics pour des informations d\u00e9taill\u00e9es.<\/li>\n<li><strong>Interface conviviale\u00a0: <\/strong>Con\u00e7u pour une utilisation facile, permettant une navigation et une interpr\u00e9tation fluides des m\u00e9triques du site Web, il convient aux utilisateurs de tous niveaux techniques.<\/li>\n<li><strong>Ensemble complet d&#8217;outils de r\u00e9f\u00e9rencement\u00a0: <\/strong>comprend une vari\u00e9t\u00e9 d&#8217;outils, tels que l&#8217;exploration de sites Web, la surveillance de sites, le suivi de classement, etc., pour une analyse et une optimisation d\u00e9taill\u00e9es du r\u00e9f\u00e9rencement, en int\u00e9grant des donn\u00e9es provenant de diverses sources pour une vue globale. des performances SEO.<\/li>\n<\/ul>\n<h2 id=\"par2\">Comment utiliser efficacement l&#8217;analyseur d&#8217;annuaire en ligne\u00a0?<\/h2>\n<div class=\"content__img-wrap\"><img src=\"https:\/\/sitechecker.pro\/wp-content\/uploads\/2023\/11\/website-directory-scanner_655e1a56a5d9b.png\" alt=\"Scanner d'annuaire de sites Web\" class=\"description-img description-img-zoom\" loading=\"lazy\" ><\/div>\n<div class=\"important-block\">Pour recevoir les r\u00e9sultats et acc\u00e9der aux fonctionnalit\u00e9s de Sitechecker pendant 14 jours, d\u00e9marrez votre essai GRATUIT. L'inscription est facile avec votre e-mail, votre compte Google ou Facebook. Aucune carte de cr\u00e9dit n'est n\u00e9cessaire.<\/div>\n<p>L&#8217;audit de site fournit une interface compl\u00e8te pour \u00e9valuer le r\u00e9f\u00e9rencement du site, avec des informations de domaine \u00e0 acc\u00e8s rapide, un tableau de bord pour les m\u00e9triques de r\u00e9f\u00e9rencement, un outil de suivi des probl\u00e8mes de r\u00e9f\u00e9rencement, des menus de probl\u00e8mes cat\u00e9goris\u00e9s pour la priorisation et des \u00e9l\u00e9ments interactifs pour une analyse et un reporting approfondis. Cliquez sur le bouton \u00ab\u00a0Afficher toutes les pages\u00a0\u00bb pour afficher un \u00e9cran r\u00e9pertoriant tous les dossiers et sous-dossiers de votre site.<\/p>\n<div class=\"content__img-wrap\"><img src=\"https:\/\/sitechecker.pro\/wp-content\/uploads\/2023\/11\/directory-scanner-view-all-pages.png\" alt=\"Analyseur d'annuaire Afficher toutes les pages\" class=\"description-img description-img-zoom\" loading=\"lazy\" ><\/div>\n<p>Website Hidden Page Finder est con\u00e7u pour \u00eatre facile \u00e0 utiliser, permettant aux experts en r\u00e9f\u00e9rencement et aux d\u00e9butants d&#8217;\u00e9valuer et d&#8217;am\u00e9liorer efficacement le potentiel de classement de leur site Web dans les moteurs de recherche.<\/p>\n<p>L&#8217;URL Directory Scanner pr\u00e9sente une interface simplifi\u00e9e pour analyser la structure des dossiers d&#8217;un site\u00a0:<\/p>\n<ul>\n<li>Il pr\u00e9sente une analyse ax\u00e9e sur les dossiers, en mettant l&#8217;accent sur l&#8217;onglet &#8220;Pages par dossiers&#8221; qui classe les pages Web en fonction de leurs chemins de sous-dossiers, ce qui permet d&#8217;organiser les fichiers volumineux et de prioriser les efforts de r\u00e9f\u00e9rencement.<\/li>\n<li>Cet onglet offre une vue d&#8217;ensemble de l&#8217;architecture du site, triant les pages dans des dossiers tels que &#8220;\/shop\/&#8221; ou &#8220;\/cart\/&#8221;, et permettant aux utilisateurs d&#8217;identifier et de trier les probl\u00e8mes selon leur gravit\u00e9 ou leur type. soulignant ainsi la capacit\u00e9 de l&#8217;outil \u00e0 analyser et afficher la structure du site \u00e0 des fins d&#8217;optimisation.<\/li>\n<\/ul>\n<div class=\"content__img-wrap\"><img src=\"https:\/\/sitechecker.pro\/wp-content\/uploads\/2023\/11\/pages-by-folder.png\" alt=\"Pages de l'analyseur d'annuaire par dossier\" class=\"description-img description-img-zoom\" loading=\"lazy\" ><\/div>\n<p>Le Website Subfolder Finder am\u00e9liore la gestion du r\u00e9f\u00e9rencement en analysant la structure des dossiers du site Web, en triant les listes de dossiers dans des r\u00e9pertoires distincts et en facilitant \u00e9ventuellement l&#8217;analyse cibl\u00e9e des sections du site Web.<\/p>\n<div class=\"content__img-wrap\"><img src=\"https:\/\/sitechecker.pro\/wp-content\/uploads\/2023\/11\/data-display-options.png\" alt=\"Options d'affichage des donn\u00e9es du scanner d'annuaire\" class=\"description-img description-img-zoom\" loading=\"lazy\" ><\/div>\n<p>De plus, le Website Folder Scanner d\u00e9taille les m\u00e9triques et les probl\u00e8mes de la page tout en offrant des options de personnalisation pour l&#8217;affichage des donn\u00e9es. Cette fonctionnalit\u00e9 est cruciale pour une structure efficace des fichiers du site Web, l\u2019organisation du projet et l\u2019optimisation du r\u00e9f\u00e9rencement.<\/p>\n<h2 id=\"par3\">Id\u00e9e finale<\/h2>\n<p>L&#8217;outil Directory Finder Online de Sitechecker est essentiel pour une analyse approfondie de la structure du site et l&#8217;optimisation du r\u00e9f\u00e9rencement. Il excelle dans la r\u00e9v\u00e9lation des r\u00e9pertoires de sites visibles et cach\u00e9s, permettant une vue granulaire de l&#8217;architecture d&#8217;un site. Avec des fonctionnalit\u00e9s telles qu&#8217;une d\u00e9tection pr\u00e9cise de la hi\u00e9rarchie, des am\u00e9liorations du r\u00e9f\u00e9rencement sp\u00e9cifiques aux dossiers et des inspections personnalisables, il s&#8217;adresse \u00e0 la fois aux experts et aux novices en mati\u00e8re d&#8217;am\u00e9lioration du r\u00e9f\u00e9rencement de sites. L&#8217;interface conviviale du Website Directory Viewer, combin\u00e9e \u00e0 un ensemble complet d&#8217;outils de r\u00e9f\u00e9rencement, en fait un atout pr\u00e9cieux pour une gestion et une optimisation efficaces du site.<\/p>\n<div id=\"par4\"><\/div>\n<p><div class=\"front__faq-block\"><div class=\"faq__block-title\">FAQ<\/div><div class=\"panel-group\" id=\"faq-accordion\" itemscope itemtype=\"https:\/\/schema.org\/FAQPage\" role=\"tablist\" aria-multiselectable=\"true\"><div class=\"panel\" itemscope itemtype=\"https:\/\/schema.org\/Question\" itemprop=\"mainEntity\">\n                            <div class=\"panel-heading\" id=\"headingFaq-1\">\n                                <div class=\"panel-title\" data-toggle=\"collapse\" aria-expanded=\"false\" href=\"#collapseFaq-1\">\n                                    <h3 itemprop=\"name\">L&apos;outil Website Tree Scanner peut-il identifier tous les types de fichiers cach\u00e9s sur un site Web ?<\/h3>\n                                <\/div>\n                            <\/div>\n                            <div id=\"collapseFaq-1\" class=\"panel-collapse collapse\" itemprop=\"acceptedAnswer\" itemscope itemtype=\"http:\/\/schema.org\/Answer\">\n                                <div class=\"panel-body\" itemprop=\"text\">L&apos;outil de recherche de r\u00e9pertoire est con\u00e7u pour trouver une vari\u00e9t\u00e9 de fichiers cach\u00e9s, notamment PHP et Robots.txt. Cependant, il peut ne pas d\u00e9tecter tous les types de fichiers cach\u00e9s, en fonction de la configuration du site et des mesures de s\u00e9curit\u00e9.<\/div>\n                            <\/div>\n                        <\/div><div class=\"panel\" itemscope itemtype=\"https:\/\/schema.org\/Question\" itemprop=\"mainEntity\">\n                            <div class=\"panel-heading\" id=\"headingFaq-2\">\n                                <div class=\"panel-title\" data-toggle=\"collapse\" aria-expanded=\"false\" href=\"#collapseFaq-2\">\n                                    <h3 itemprop=\"name\">Qu&apos;est-ce qu&apos;un URL Fuzzer ?<\/h3>\n                                <\/div>\n                            <\/div>\n                            <div id=\"collapseFaq-2\" class=\"panel-collapse collapse\" itemprop=\"acceptedAnswer\" itemscope itemtype=\"http:\/\/schema.org\/Answer\">\n                                <div class=\"panel-body\" itemprop=\"text\">Il s&apos;agit d&apos;une action de d\u00e9couverte qui vous permet de d\u00e9couvrir des ressources qui ne devraient pas \u00eatre publiques (par exemple, \/backups, \/index.php.old, \/archive.tgz, \/source_code.zip, etc.).<\/div>\n                            <\/div>\n                        <\/div><div class=\"panel\" itemscope itemtype=\"https:\/\/schema.org\/Question\" itemprop=\"mainEntity\">\n                            <div class=\"panel-heading\" id=\"headingFaq-3\">\n                                <div class=\"panel-title\" data-toggle=\"collapse\" aria-expanded=\"false\" href=\"#collapseFaq-3\">\n                                    <h3 itemprop=\"name\">Le fuzzing d&apos;URL est-il ill\u00e9gal ?<\/h3>\n                                <\/div>\n                            <\/div>\n                            <div id=\"collapseFaq-3\" class=\"panel-collapse collapse\" itemprop=\"acceptedAnswer\" itemscope itemtype=\"http:\/\/schema.org\/Answer\">\n                                <div class=\"panel-body\" itemprop=\"text\">Nous vous recommandons fortement de ne pas ex\u00e9cuter de programmes de tests d&apos;intrusion sur le site de quelqu&apos;un d&apos;autre sans l&apos;autorisation \u00e9crite du webmaster. Cela pourrait avoir des cons\u00e9quences ind\u00e9sirables pour vous, en fonction des lois sur la cybers\u00e9curit\u00e9 de votre pays.<\/div>\n                            <\/div>\n                        <\/div><\/div><\/div><\/p>","protected":false},"excerpt":{"rendered":"Qu&#8217;est-ce qu&#8217;un scanner d&#8217;annuaire de sites Web\u00a0? Le scanner gratuit d&#8217;annuaire de sites Web fourni par Sitechecker est un outil con\u00e7u pour analyser les annuaires de sites. et les fichiers sensibles. Ce processus est crucial pour d\u00e9tecter les r\u00e9pertoires confidentiels ou cach\u00e9s sur un site Web. Il peut analyser les listes d&#8217;annuaires en ligne et&#8230;","protected":false},"author":10504980,"featured_media":8390,"parent":0,"menu_order":0,"comment_status":"closed","ping_status":"closed","template":"pages-templates\/pages-minitools.php","meta":[],"categories":[73],"tags":[],"_links":{"self":[{"href":"https:\/\/sitechecker.pro\/fr\/wp-json\/wp\/v2\/pages\/7871"}],"collection":[{"href":"https:\/\/sitechecker.pro\/fr\/wp-json\/wp\/v2\/pages"}],"about":[{"href":"https:\/\/sitechecker.pro\/fr\/wp-json\/wp\/v2\/types\/page"}],"author":[{"embeddable":true,"href":"https:\/\/sitechecker.pro\/fr\/wp-json\/wp\/v2\/users\/10504980"}],"replies":[{"embeddable":true,"href":"https:\/\/sitechecker.pro\/fr\/wp-json\/wp\/v2\/comments?post=7871"}],"version-history":[{"count":94,"href":"https:\/\/sitechecker.pro\/fr\/wp-json\/wp\/v2\/pages\/7871\/revisions"}],"predecessor-version":[{"id":33994,"href":"https:\/\/sitechecker.pro\/fr\/wp-json\/wp\/v2\/pages\/7871\/revisions\/33994"}],"wp:featuredmedia":[{"embeddable":true,"href":"https:\/\/sitechecker.pro\/fr\/wp-json\/wp\/v2\/media\/8390"}],"wp:attachment":[{"href":"https:\/\/sitechecker.pro\/fr\/wp-json\/wp\/v2\/media?parent=7871"}],"wp:term":[{"taxonomy":"category","embeddable":true,"href":"https:\/\/sitechecker.pro\/fr\/wp-json\/wp\/v2\/categories?post=7871"},{"taxonomy":"post_tag","embeddable":true,"href":"https:\/\/sitechecker.pro\/fr\/wp-json\/wp\/v2\/tags?post=7871"}],"curies":[{"name":"wp","href":"https:\/\/api.w.org\/{rel}","templated":true}]}}