{"id":7847,"date":"2020-07-17T11:26:36","date_gmt":"2020-07-17T09:26:36","guid":{"rendered":"https:\/\/sitechecker.pro\/?page_id=7847"},"modified":"2025-02-13T12:28:20","modified_gmt":"2025-02-13T12:28:20","slug":"hosting-checker","status":"publish","type":"page","link":"https:\/\/sitechecker.pro\/fr\/hosting-checker\/","title":{"rendered":"V\u00e9rificateur d&#8217;h\u00e9bergement : qui h\u00e9berge un site Web et o\u00f9 est-il h\u00e9berg\u00e9 \u1408"},"content":{"rendered":"<p><\/p>\n<h2 id=\"par1\">Qu&#8217;est-ce qu&#8217;un outil de v\u00e9rification de l&#8217;h\u00e9bergement de sites Web ? <\/h2>\n<p>Un outil de v\u00e9rification de l&#8217;h\u00e9bergement de sites web est un service en ligne qui vous permet de savoir quelle soci\u00e9t\u00e9 d&#8217;h\u00e9bergement web<\/a> est un h\u00e9bergeur d&#8217;un site web particulier. Pourquoi avez-vous besoin de ces informations ?<\/p>\n<ul>\n<li>pour savoir quel h\u00e9bergeur vos concurrents utilisent,<\/li>\n<li>V\u00e9rifier les informations de contact technique pour les \u00e9valuations de s\u00e9curit\u00e9,<\/li>\n<li>ou tout simplement pour satisfaire votre curiosit\u00e9 concernant l&#8217;infrastructure du site web.<\/li>\n<\/ul>\n<h3>Voici comment un v\u00e9rificateur d&#8217;h\u00e9bergement peut vous aider :<\/h3>\n<ul>\n<li><strong>V\u00e9rifiez le fournisseur d&#8217;h\u00e9bergement web. <\/strong>Cela peut \u00eatre utile si vous voulez acheter un site web ou essayer de retrouver le propri\u00e9taire du site.<\/li>\n<li><strong>V\u00e9rifiez les serveurs de noms : <\/strong>Les serveurs de noms traduisent le nom de domaine d&#8217;un site web en son adresse IP. En v\u00e9rifiant les serveurs de noms, vous pouvez voir o\u00f9 le site web est h\u00e9berg\u00e9 et qui en est responsable.<\/li>\n<li><strong>V\u00e9rifiez le serveur web : <\/strong>Le serveur web stocke et transmet les fichiers d&#8217;un site web aux visiteurs. En le v\u00e9rifiant, vous pouvez voir quel type de serveur web est utilis\u00e9 et sa version.<\/li>\n<li><strong>V\u00e9rifiez le fournisseur DNS : <\/strong>Le fournisseur DNS transforme le nom de domaine d&#8217;un site web en adresse IP compr\u00e9hensible par les machines. En v\u00e9rifiant le fournisseur DNS, vous pouvez voir o\u00f9 le site web est h\u00e9berg\u00e9 et qui en est responsable.<\/li>\n<li><strong>V\u00e9rifiez l&#8217;adresse IP : <\/strong>L&#8217;adresse IP est un identifiant unique pour un ordinateur sur le World Wide Web. En v\u00e9rifiant l&#8217;adresse IP, vous pouvez voir o\u00f9 le site web est h\u00e9berg\u00e9 et qui en est responsable.<\/li>\n<li><strong>V\u00e9rifiez le pays, la r\u00e9gion et la ville o\u00f9 le site web est h\u00e9berg\u00e9. <\/strong>Cela peut \u00eatre utile si vous voulez savoir o\u00f9 se trouve l&#8217;enregistrement du domaine.<\/li>\n<li><strong>V\u00e9rifiez l&#8217;\u00e2ge du domaine. <\/strong>Cela peut \u00eatre utile si vous essayez de savoir depuis combien de temps le site web est en ligne.<\/li>\n<\/ul>\n<h3>Caract\u00e9ristiques principales de l&#8217;outil de v\u00e9rification de l&#8217;h\u00e9bergement de sites Web<\/h3>\n<p><strong>Un tableau de bord unifi\u00e9 : <\/strong>Le tableau de bord unifi\u00e9 permet de consulter toutes les informations relatives \u00e0 votre site web en un seul endroit.<\/p>\n<p><strong>Une interface conviviale : <\/strong>L&#8217;interface conviviale facilite l&#8217;utilisation de l&#8217;outil, m\u00eame si vous n&#8217;\u00eates pas un expert technique.<\/p>\n<p><strong>Une panoplie compl\u00e8te d&#8217;outils de r\u00e9f\u00e9rencement : <\/strong>Le v\u00e9rificateur comprend un ensemble complet d&#8217;outils de r\u00e9f\u00e9rencement. Il vous aide \u00e0 am\u00e9liorer le classement de votre site web dans les pages de r\u00e9sultats des moteurs de recherche (SERP).<\/p>\n<h2 id=\"par2\">Utilisation de l&#8217;outil de v\u00e9rification de l&#8217;h\u00e9bergement Web gratuit<\/h2>\n<p>Notre outil en ligne gratuit permet de v\u00e9rifier l&#8217;h\u00e9bergeur de vos concurrents et d&#8217;obtenir des informations compl\u00e8tes sur votre site web.<\/p>\n<p>Il vous suffit de choisir l&#8217;option dont vous avez besoin, &#8220;V\u00e9rifier votre concurrent&#8221; ou &#8220;V\u00e9rifier votre domaine&#8221;, et de v\u00e9rifier le fournisseur d&#8217;h\u00e9bergement.<\/p>\n<div class=\"content__img-wrap\"><img src=\"https:\/\/sitechecker.pro\/wp-content\/uploads\/2023\/11\/website-hosting-checker.png\" alt=\"Website Hosting Checker\" class=\"description-img description-img-zoom\" loading=\"lazy\" ><\/div>\n<h2 id=\"par3\">V\u00e9rification du site Web d&#8217;un concurrent<\/h2>\n<h3>Etape 1 : Ins\u00e9rez votre domaine<\/h3>\n<p>Pour commencer, cliquez sur le bouton &#8220;Check your competitor&#8221; et collez le domaine du site web que vous souhaitez analyser pour obtenir les donn\u00e9es de son h\u00e9bergeur. Une fois cela fait, appuyez sur le bouton avec la fl\u00e8che pour lancer l&#8217;analyse. Par exemple, dans l&#8217;exemple ci-dessous, nous allons analyser <a href=\"https:\/\/sitechecker.pro\/\" rel=\"noopener noreferrer\" target=\"_blank\">SiteChecker<\/a>.<\/p>\n<div class=\"content__img-wrap\"><img src=\"https:\/\/sitechecker.pro\/wp-content\/uploads\/2023\/11\/hosting-checker-competitor-check.png\" alt=\"Hosting Checker Competitor Check\" class=\"description-img description-img-zoom\" loading=\"lazy\" ><\/div>\n<h3>Etape 2 : Interpr\u00e9tation des r\u00e9sultats<\/h3>\n<p>Dans quelques instants, vous obtiendrez le rapport contenant les informations suivantes.<\/p>\n<div class=\"content__img-wrap\"><img src=\"https:\/\/sitechecker.pro\/wp-content\/uploads\/2023\/11\/hosting-checker-results.png\" alt=\"Hosting Checker Results\" class=\"description-img description-img-zoom\" loading=\"lazy\" ><\/div>\n<h3>Qui h\u00e9berge le site ? <\/h3>\n<p>Le premier onglet de notre outil de recherche d&#8217;h\u00e9bergeur vous permet de savoir qui h\u00e9berge un site web. Le nom de l&#8217;h\u00e9bergeur est indiqu\u00e9 dans la premi\u00e8re ligne.<\/p>\n<p>Le nom du <strong>fournisseur DNS<\/strong> se trouve \u00e0 la fin. L&#8217;onglet comprend \u00e9galement des informations sur un serveur de noms et un serveur web. Voyons pourquoi ces deux \u00e9l\u00e9ments sont importants.<\/p>\n<p>Les <strong>serveurs de noms<\/strong> sont un \u00e9l\u00e9ment fondamental du DNS (syst\u00e8me de noms de domaine). Ils traitent les requ\u00eates concernant l&#8217;emplacement des services d&#8217;un nom de domaine. Les serveurs de noms nous permettent de saisir des domaines au lieu d&#8217;adresses IP.<\/p>\n<p>Un <strong>serveur web<\/strong> est un logiciel serveur qui r\u00e9pond aux demandes des utilisateurs sur Internet. Il traite ces demandes par le biais du protocole HTTP et d&#8217;autres protocoles. Sa fonction principale est de stocker, de traiter et de fournir des pages web \u00e0 un client.<\/p>\n<h3>O\u00f9 est h\u00e9berg\u00e9 ce site ? <\/h3>\n<p>Dans cette section, vous d\u00e9couvrirez le serveur sur lequel tourne un site web, son adresse IP, l&#8217;emplacement du serveur web du site (pays, ville et r\u00e9gion) et le nom de l&#8217;organisation qui le g\u00e8re.<\/p>\n<p>Vous vous demandez peut-\u00eatre pourquoi l&#8217;emplacement du serveur figure dans le rapport de l&#8217;outil de recherche d&#8217;h\u00f4te. La proximit\u00e9 du serveur web influe sur la vitesse de chargement. Plus le serveur web est proche du public cible, plus les donn\u00e9es seront transf\u00e9r\u00e9es rapidement. Certains h\u00e9bergeurs facturent m\u00eame un suppl\u00e9ment pour le choix d&#8217;un emplacement sp\u00e9cifique du serveur web. Pour v\u00e9rifier o\u00f9 se trouve une adresse IP sp\u00e9cifique, essayez notre <a href=\"https:\/\/sitechecker.pro\/domain-to-ip\/\" target=\"_blank\" rel=\"noopener noreferrer\">IP Checker<\/a>.<\/p>\n<div class=\"content__img-wrap\"><img src=\"https:\/\/sitechecker.pro\/wp-content\/uploads\/2023\/11\/where-is-site-hosted.png\" alt=\"Where is Site Hosted\" class=\"description-img description-img-zoom\" loading=\"lazy\" ><\/div>\n<h3>Autres h\u00e9bergeurs<\/h3>\n<p>Sur le c\u00f4t\u00e9 droit de la page de r\u00e9sultats, vous trouverez une liste compl\u00e8te de fournisseurs. Elle comprend cinq alternatives soigneusement s\u00e9lectionn\u00e9es avec des informations pertinentes concernant le prix et les garanties de remboursement. Chaque entr\u00e9e comporte des liens vers l&#8217;\u00e9valuation et vers la page du fournisseur \u00e9valu\u00e9, afin que vous puissiez obtenir plus de d\u00e9tails avant de prendre une d\u00e9cision.<\/p>\n<div class=\"content__img-wrap\"><img src=\"https:\/\/sitechecker.pro\/wp-content\/uploads\/2023\/11\/hosting-provider-alternatives.png\" alt=\"Hosting Provider Alternatives\" class=\"description-img description-img-zoom\" loading=\"lazy\" ><\/div>\n<p>Si vous souhaitez sauvegarder le contenu d&#8217;un onglet de notre outil de v\u00e9rification des h\u00e9bergeurs, vous pouvez le faire en un seul clic. Copiez-le dans le presse-papiers pour le coller ailleurs, t\u00e9l\u00e9chargez-le au format PDF ou partagez-le sur les r\u00e9seaux sociaux.<\/p>\n<div class=\"content__img-wrap\"><img src=\"https:\/\/sitechecker.pro\/wp-content\/uploads\/2023\/11\/hosting-check-download-results.png\" alt=\"Hosting Check Download Results\" class=\"description-img description-img-zoom\" loading=\"lazy\" ><\/div>\n<h2 id=\"par4\">V\u00e9rifiez l&#8217;h\u00e9bergement comme un propri\u00e9taire de site web<\/h2>\n<h3>Etape 1 : Ins\u00e9rez votre domaine<\/h3>\n<div class=\"content__img-wrap\"><img src=\"https:\/\/sitechecker.pro\/wp-content\/uploads\/2023\/11\/hosting-checker-domain-check.png\" alt=\"Hosting Checker Domain Check\" class=\"description-img description-img-zoom\" loading=\"lazy\" ><\/div>\n<div class=\"important-block\">Pour recevoir les r\u00e9sultats et acc\u00e9der aux fonctionnalit\u00e9s de Sitechecker&apos;pendant 14 jours, commencez votre essai GRATUIT. L'inscription est facile avec votre email, votre compte Google ou Facebook. Aucune carte de cr\u00e9dit n'est n\u00e9cessaire.<\/div>\n<p>Pour commencer, cliquez sur le bouton &#8220;V\u00e9rifier votre domaine&#8221; et entrez le nom de domaine du site Web que vous souhaitez analyser dans le champ pr\u00e9vu \u00e0 cet effet. Une fois cette \u00e9tape termin\u00e9e, vous pouvez vous connecter \u00e0 l&#8217;aide de votre compte Meta ou Google pour plus de commodit\u00e9.<\/p>\n<h3>Etape 2 : Comprendre les r\u00e9sultats de l&#8217;outil de recherche d&#8217;h\u00e9bergement<\/h3>\n<p>Vous obtiendrez des donn\u00e9es sur l&#8217;\u00e2ge du domaine, y compris la date de cr\u00e9ation. Il vous fournit \u00e9galement des informations sur le site web, telles que le propri\u00e9taire du domaine et l&#8217;organisation de l&#8217;administrateur.<\/p>\n<div class=\"content__img-wrap\"><img src=\"https:\/\/sitechecker.pro\/wp-content\/uploads\/2023\/11\/domain-info.png\" alt=\"Domain Info\" class=\"description-img description-img-zoom\" loading=\"lazy\" ><\/div>\n<p>Voici une vid\u00e9o contenant des instructions d\u00e9taill\u00e9es sur l&#8217;utilisation de l&#8217;outil de recherche d&#8217;h\u00e9bergeur de site web :<\/p>\n<p><iframe width=\"700\" height=\"350\" src=\"https:\/\/www.youtube.com\/embed\/YMDmq4XAl4M?si=V0fpmJaIvX-5sGAH&amp;start=79\" title=\"YouTube video player\" frameborder=\"0\" allow=\"accelerometer ; autoplay ; clipboard-write ; encrypted-media ; gyroscope ; picture-in-picture ; web-share\" allowfullscreen><\/iframe>.<\/p>\n<h2 id=\"par5\">Fonctionnalit\u00e9s suppl\u00e9mentaires<\/h2>\n<p>Vous pouvez v\u00e9rifier ces informations \u00e0 tout moment sur la page d&#8217;audit du site. De plus, comme nous avons parcouru votre site web pour obtenir les donn\u00e9es, nous vous proposons de consulter l&#8217;audit SEO complet pr\u00e9par\u00e9 pour votre site web.<\/p>\n<p>Apr\u00e8s avoir choisi un h\u00e9bergeur, il est important d&#8217;\u00e9valuer la qualit\u00e9 des performances du site. En outre, vous pouvez surveiller l&#8217;\u00e9tat de votre site web en \u00e9tant averti d\u00e8s qu&#8217;il devient indisponible. Pour ce faire, utilisez des outils de v\u00e9rification tels que <a href=\"https:\/\/sitechecker.pro\/speed-test\/\" target=\"_blank\" rel=\"noopener noreferrer\">Website Speed Test<\/a> et <a href=\"https:\/\/sitechecker.pro\/website-down\/\" target=\"_blank\" rel=\"noopener noreferrer\">Website Down tool<\/a>. En l&#8217;utilisant conjointement avec notre v\u00e9rificateur d&#8217;h\u00e9bergeur, vous pouvez vous faire une id\u00e9e des vitesses de chargement moyennes de certains fournisseurs. En outre, vous pouvez surveiller l&#8217;\u00e9tat de votre site web et recevoir des notifications d\u00e8s qu&#8217;il devient inaccessible.<\/p>\n<div class=\"content__img-wrap\"><img src=\"https:\/\/sitechecker.pro\/wp-content\/uploads\/2023\/11\/additional-features.png\" alt=\"Additional Features\" class=\"description-img description-img-zoom\" loading=\"lazy\" ><\/div>\n<p>Si vous recherchez des noms de domaine pour votre activit\u00e9 en ligne, utilisez notre <a href=\"https:\/\/sitechecker.pro\/domain-availability\/\" target=\"_blank\" rel=\"noopener noreferrer\">V\u00e9rificateur de disponibilit\u00e9 de domaine<\/a>.<\/p>\n<h3>Comment choisir le meilleur h\u00e9bergeur pour votre site web<\/h3>\n<p>Notre v\u00e9rificateur de fournisseurs d&#8217;h\u00e9bergement peut vous aider \u00e0 trouver quelques options pour votre site web. Les offres comprennent de nombreux services web. Les <a href=\"https:\/\/sitechecker.pro\/web-hosting\/\" target=\"_blank\" rel=\"noopener noreferrer\">meilleurs h\u00e9bergeurs de sites web<\/a> ont peu de probl\u00e8mes avec le temps de disponibilit\u00e9 et assurent un chargement rapide des pages. En outre, ils offrent un service d&#8217;assistance \u00e0 la client\u00e8le 24 heures sur 24 et 7 jours sur 7, ce qui permet de r\u00e9soudre efficacement tous les probl\u00e8mes. Et tout cela \u00e0 un prix relativement raisonnable.<\/p>\n<h2 id=\"par6\">Id\u00e9e finale<\/h2>\n<p>Un outil de v\u00e9rification de l&#8217;h\u00e9bergement de sites Web est un outil en ligne qui aide \u00e0 identifier le fournisseur, les serveurs de noms, le serveur Web, le fournisseur DNS et l&#8217;adresse IP d&#8217;un site Web. Il est utile pour l&#8217;analyse de la concurrence, les \u00e9valuations de s\u00e9curit\u00e9 ou la curiosit\u00e9 g\u00e9n\u00e9rale. Ses principales caract\u00e9ristiques sont un tableau de bord unifi\u00e9, une interface conviviale et un ensemble complet d&#8217;outils de r\u00e9f\u00e9rencement. L&#8217;utilisation est simple : saisissez un domaine pour v\u00e9rifier l&#8217;h\u00e9bergement des concurrents ou le v\u00f4tre, les r\u00e9sultats d\u00e9taillant les donn\u00e9es et les alternatives. Parmi les autres fonctionnalit\u00e9s, citons les audits de r\u00e9f\u00e9rencement, les tests de vitesse et la surveillance de l&#8217;\u00e9tat. Pour trouver un h\u00e9bergeur, vous pouvez \u00e9galement consulter les relev\u00e9s de facturation. En outre, le d\u00e9tecteur d&#8217;h\u00e9bergement aide \u00e0 choisir les meilleures soci\u00e9t\u00e9s d&#8217;h\u00e9bergement web en proposant des articles de recherche sur divers services.<\/p>\n<div id=\"par7\"><\/div>\n<p><div class=\"front__faq-block\"><div class=\"faq__block-title\">FAQ<\/div><div class=\"panel-group\" id=\"faq-accordion\" itemscope itemtype=\"https:\/\/schema.org\/FAQPage\" role=\"tablist\" aria-multiselectable=\"true\"><div class=\"panel\" itemscope itemtype=\"https:\/\/schema.org\/Question\" itemprop=\"mainEntity\">\n                            <div class=\"panel-heading\" id=\"headingFaq-1\">\n                                <div class=\"panel-title\" data-toggle=\"collapse\" aria-expanded=\"false\" href=\"#collapseFaq-1\">\n                                    <h3 itemprop=\"name\">Comment puis-je savoir qui h\u00e9berge un site Web ?<\/h3>\n                                <\/div>\n                            <\/div>\n                            <div id=\"collapseFaq-1\" class=\"panel-collapse collapse\" itemprop=\"acceptedAnswer\" itemscope itemtype=\"http:\/\/schema.org\/Answer\">\n                                <div class=\"panel-body\" itemprop=\"text\">Pour savoir qui h\u00e9berge un site Web, vous devez d'abord identifier le propri\u00e9taire du domaine. Vous pouvez utiliser notre outil pour v\u00e9rifier qui est propri\u00e9taire d'un domaine sp\u00e9cifique.<\/div>\n                            <\/div>\n                        <\/div><div class=\"panel\" itemscope itemtype=\"https:\/\/schema.org\/Question\" itemprop=\"mainEntity\">\n                            <div class=\"panel-heading\" id=\"headingFaq-2\">\n                                <div class=\"panel-title\" data-toggle=\"collapse\" aria-expanded=\"false\" href=\"#collapseFaq-2\">\n                                    <h3 itemprop=\"name\">Comment trouver les d\u00e9tails d'un site Web ?<\/h3>\n                                <\/div>\n                            <\/div>\n                            <div id=\"collapseFaq-2\" class=\"panel-collapse collapse\" itemprop=\"acceptedAnswer\" itemscope itemtype=\"http:\/\/schema.org\/Answer\">\n                                <div class=\"panel-body\" itemprop=\"text\">L'outil de v\u00e9rification du fournisseur d'h\u00e9bergement vous permet de v\u00e9rifier les donn\u00e9es du site Web : l'ID du domaine enregistr\u00e9, la date de cr\u00e9ation, l'organisation de l'administrateur, et d'autres.<\/div>\n                            <\/div>\n                        <\/div><div class=\"panel\" itemscope itemtype=\"https:\/\/schema.org\/Question\" itemprop=\"mainEntity\">\n                            <div class=\"panel-heading\" id=\"headingFaq-3\">\n                                <div class=\"panel-title\" data-toggle=\"collapse\" aria-expanded=\"false\" href=\"#collapseFaq-3\">\n                                    <h3 itemprop=\"name\">Comment savoir qui h\u00e9berge un site WordPress ?<\/h3>\n                                <\/div>\n                            <\/div>\n                            <div id=\"collapseFaq-3\" class=\"panel-collapse collapse\" itemprop=\"acceptedAnswer\" itemscope itemtype=\"http:\/\/schema.org\/Answer\">\n                                <div class=\"panel-body\" itemprop=\"text\">Puisque WordPress est une autre option pour cr\u00e9er des sites, notre outil de recherche d'h\u00e9bergeur vous permet \u00e9galement de v\u00e9rifier l'h\u00e9bergeur du site Web.<\/div>\n                            <\/div>\n                        <\/div><div class=\"panel\" itemscope itemtype=\"https:\/\/schema.org\/Question\" itemprop=\"mainEntity\">\n                            <div class=\"panel-heading\" id=\"headingFaq-4\">\n                                <div class=\"panel-title\" data-toggle=\"collapse\" aria-expanded=\"false\" href=\"#collapseFaq-4\">\n                                    <h3 itemprop=\"name\">Pouvez-vous retrouver le propri\u00e9taire du site Web ?<\/h3>\n                                <\/div>\n                            <\/div>\n                            <div id=\"collapseFaq-4\" class=\"panel-collapse collapse\" itemprop=\"acceptedAnswer\" itemscope itemtype=\"http:\/\/schema.org\/Answer\">\n                                <div class=\"panel-body\" itemprop=\"text\">Bien s\u00fbr ! La v\u00e9rification du site web via Hosting Checker vous permet de trouver les fournisseurs d'h\u00e9bergement web et le propri\u00e9taire du site web.<\/div>\n                            <\/div>\n                        <\/div><\/div><\/div><\/p>","protected":false},"excerpt":{"rendered":"Qu&#8217;est-ce qu&#8217;un outil de v\u00e9rification de l&#8217;h\u00e9bergement de sites Web ? Un outil de v\u00e9rification de l&#8217;h\u00e9bergement de sites web est un service en ligne qui vous permet de savoir quelle soci\u00e9t\u00e9 d&#8217;h\u00e9bergement web est un h\u00e9bergeur d&#8217;un site web particulier. Pourquoi avez-vous besoin de ces informations ? pour savoir quel h\u00e9bergeur vos concurrents utilisent,&#8230;","protected":false},"author":10409641,"featured_media":7901,"parent":0,"menu_order":0,"comment_status":"closed","ping_status":"closed","template":"pages-templates\/pages-minitools-3.php","meta":[],"categories":[73],"tags":[],"_links":{"self":[{"href":"https:\/\/sitechecker.pro\/fr\/wp-json\/wp\/v2\/pages\/7847"}],"collection":[{"href":"https:\/\/sitechecker.pro\/fr\/wp-json\/wp\/v2\/pages"}],"about":[{"href":"https:\/\/sitechecker.pro\/fr\/wp-json\/wp\/v2\/types\/page"}],"author":[{"embeddable":true,"href":"https:\/\/sitechecker.pro\/fr\/wp-json\/wp\/v2\/users\/10409641"}],"replies":[{"embeddable":true,"href":"https:\/\/sitechecker.pro\/fr\/wp-json\/wp\/v2\/comments?post=7847"}],"version-history":[{"count":98,"href":"https:\/\/sitechecker.pro\/fr\/wp-json\/wp\/v2\/pages\/7847\/revisions"}],"predecessor-version":[{"id":35469,"href":"https:\/\/sitechecker.pro\/fr\/wp-json\/wp\/v2\/pages\/7847\/revisions\/35469"}],"wp:featuredmedia":[{"embeddable":true,"href":"https:\/\/sitechecker.pro\/fr\/wp-json\/wp\/v2\/media\/7901"}],"wp:attachment":[{"href":"https:\/\/sitechecker.pro\/fr\/wp-json\/wp\/v2\/media?parent=7847"}],"wp:term":[{"taxonomy":"category","embeddable":true,"href":"https:\/\/sitechecker.pro\/fr\/wp-json\/wp\/v2\/categories?post=7847"},{"taxonomy":"post_tag","embeddable":true,"href":"https:\/\/sitechecker.pro\/fr\/wp-json\/wp\/v2\/tags?post=7847"}],"curies":[{"name":"wp","href":"https:\/\/api.w.org\/{rel}","templated":true}]}}