{"id":7844,"date":"2024-02-16T11:17:04","date_gmt":"2024-02-16T11:17:04","guid":{"rendered":"https:\/\/sitechecker.pro\/?page_id=7844"},"modified":"2026-01-16T18:54:47","modified_gmt":"2026-01-16T18:54:47","slug":"domain-to-ip","status":"publish","type":"page","link":"https:\/\/sitechecker.pro\/fr\/domain-to-ip\/","title":{"rendered":"Convertisseur de domaine en IP | Convertir un nom de domaine en IP \u2611"},"content":{"rendered":"<p><\/p>\n<h2 id=\"par1\">Qu\u2019est-ce que le convertisseur de nom de domaine en adresse IP ?<\/h2>\n<p>Le convertisseur d\u2019URL en adresse IP de <a href=\"https:\/\/sitechecker.pro\/\" target=\"_blank\" rel=\"noopener noreferrer\">Sitechecker<\/a> est un outil qui identifie l\u2019adresse IP de n\u2019importe quel nom de domaine. En saisissant une URL de domaine, l\u2019outil r\u00e9sout son IP d\u2019h\u00e9bergement, ce qui vous aide \u00e0 comprendre o\u00f9 le site est h\u00e9berg\u00e9, comment il est configur\u00e9 et permet d\u2019effectuer des v\u00e9rifications de s\u00e9curit\u00e9 et techniques plus approfondies.<\/p>\n<h3>Comment l\u2019outil peut vous aider<\/h3>\n<p><strong>Conversion de domaine en IP : <\/strong>r\u00e9sout instantan\u00e9ment l\u2019adresse IP associ\u00e9e \u00e0 un domaine afin d\u2019indiquer o\u00f9 le site est h\u00e9berg\u00e9.<\/p>\n<p><strong>Confirmation de la propri\u00e9t\u00e9 du site : <\/strong>aide \u00e0 v\u00e9rifier si le site vous appartient et vous guide vers le bon flux \u2013 donn\u00e9es d\u00e9taill\u00e9es du domaine pour votre propre site ou rapport de s\u00e9curit\u00e9 pour les sites externes.<\/p>\n<p><strong>V\u00e9rification de la s\u00e9curit\u00e9 de base et de la configuration du serveur : <\/strong>identifie les probl\u00e8mes de configuration du serveur, les vuln\u00e9rabilit\u00e9s potentielles et donne acc\u00e8s \u00e0 une <a href=\"https:\/\/sitechecker.pro\/website-safety\/\" target=\"_blank\" rel=\"noopener noreferrer\">analyse de s\u00e9curit\u00e9<\/a> plus approfondie.<\/p>\n<h3>Fonctionnalit\u00e9s cl\u00e9s de l\u2019outil<\/h3>\n<p><strong>Tableau de bord unifi\u00e9 : <\/strong>propose un tableau de bord centralis\u00e9 offrant une vue d\u2019ensemble compl\u00e8te des performances SEO de votre site. Il regroupe les donn\u00e9es issues de diff\u00e9rentes analyses et du <a href=\"https:\/\/sitechecker.pro\/website-monitoring\/\" target=\"_blank\" rel=\"noopener noreferrer\">suivi SEO<\/a> et les pr\u00e9sente de mani\u00e8re claire et facile \u00e0 comprendre.<\/p>\n<p><strong>Interface conviviale : <\/strong>con\u00e7ue pour une exp\u00e9rience utilisateur optimale, avec une interface intuitive qui rend la navigation et l\u2019utilisation simples et fluides.<\/p>\n<p><strong>Suite compl\u00e8te d\u2019outils SEO : <\/strong>fournit un ensemble complet d\u2019outils SEO couvrant tous les aspects de l\u2019optimisation d\u2019un site web.<\/p>\n<h2 id=\"par2\">Comment utiliser l\u2019outil<\/h2>\n<p>Une fois sur la page du Website IP Checker, vous verrez un champ dans lequel vous pouvez saisir le nom de domaine que vous souhaitez convertir. Tapez le nom de domaine dans ce champ.<\/p>\n<p>Apr\u00e8s avoir saisi le nom de domaine, cliquez sur \u00ab Find IP \u00bb.<\/p>\n<div class=\"content__img-wrap\"><img src=\"https:\/\/sitechecker.pro\/wp-content\/uploads\/2025\/12\/domain-to-ip-converter.png\" alt=\"Domain Name to IP Address converter\" class=\"description-img description-img-zoom\" loading=\"lazy\" ><\/div>\n<p>Vous devrez ensuite indiquer si le site vous appartient ou non. Choisissez \u00ab Yes, it\u2019s mine \u00bb si vous souhaitez une analyse de s\u00e9curit\u00e9 compl\u00e8te et un audit du site, ou s\u00e9lectionnez \u00ab No, it\u2019s not \u00bb pour consulter le rapport d\u2019un site externe.<\/p>\n<div class=\"content__img-wrap\"><img src=\"https:\/\/sitechecker.pro\/wp-content\/uploads\/2025\/12\/is-it-your-own-site.png\" alt=\"Is it your own website?\" class=\"description-img description-img-zoom\" loading=\"lazy\" ><\/div>\n<h2 id=\"par3\">Convertisseur domaine vers IP pour votre site<\/h2>\n<h3>\u00c9tape 1 : Choisissez l\u2019inspection de votre propre site<\/h3>\n<div class=\"content__img-wrap\"><img src=\"https:\/\/sitechecker.pro\/wp-content\/uploads\/2025\/12\/my-site.png\" alt=\"It is my own website\" class=\"description-img description-img-zoom\" loading=\"lazy\" ><\/div>\n<h3>\u00c9tape 2 : Obtenir les r\u00e9sultats<\/h3>\n<p>Apr\u00e8s avoir s\u00e9lectionn\u00e9 que le site vous appartient, vous serez redirig\u00e9 vers la vue \u00ab Domain Info \u00bb dans votre premier projet. Vous y verrez des donn\u00e9es d\u2019h\u00e9bergement d\u00e9taill\u00e9es, notamment l\u2019adresse IP du site, l\u2019emplacement du serveur, le pays, l\u2019organisation et d\u2019autres param\u00e8tres techniques au niveau du domaine.<\/p>\n<p>Ces informations vous aident \u00e0 comprendre o\u00f9 votre site est h\u00e9berg\u00e9 et comment son infrastructure est configur\u00e9e.<\/p>\n<div class=\"content__img-wrap\"><img src=\"https:\/\/sitechecker.pro\/wp-content\/uploads\/2025\/12\/where-is-site-hosted-ip-adress.png\" alt=\"Where is site hosted, IP adress\" class=\"description-img description-img-zoom\" loading=\"lazy\" ><\/div>\n<div class=\"important-block\">Pour recevoir les r\u00e9sultats et acc\u00e9der aux fonctionnalit\u00e9s de Sitechecker pendant 14 jours, d\u00e9marrez votre essai GRATUIT. L\u2019inscription est simple via votre e-mail, Google ou Facebook. Aucune carte bancaire n\u2019est requise.<\/div>\n<h3>Fonctionnalit\u00e9s suppl\u00e9mentaires de la v\u00e9rification domaine-IP<\/h3>\n<p>Au-del\u00e0 de l\u2019identification de l\u2019adresse IP et de l\u2019emplacement d\u2019h\u00e9bergement du site, l\u2019outil donne acc\u00e8s \u00e0 une vue d\u2019ensemble compl\u00e8te des probl\u00e8mes de s\u00e9curit\u00e9 dans le module Site Audit. Cette section met en \u00e9vidence les vuln\u00e9rabilit\u00e9s li\u00e9es au HTTPS, \u00e0 la configuration du serveur, au contenu mixte, aux protections contre le XSS et le clickjacking, \u00e0 la validit\u00e9 du SSL et \u00e0 d\u2019autres facteurs pouvant exposer votre site \u00e0 des risques.<\/p>\n<div class=\"content__img-wrap\"><img src=\"https:\/\/sitechecker.pro\/wp-content\/uploads\/2025\/12\/site-audit-security-issues.png\" alt=\"Site audit security issues\" class=\"description-img description-img-zoom\" loading=\"lazy\" ><\/div>\n<p>Vous pouvez examiner chaque probl\u00e8me en d\u00e9tail, comprendre son impact et obtenir des recommandations pour le corriger afin de maintenir votre site s\u00e9curis\u00e9 et conforme.<\/p>\n<h2 id=\"par4\">Convertisseur domaine vers IP pour un autre site<\/h2>\n<h3>\u00c9tape 1 : S\u00e9lectionnez que vous v\u00e9rifiez le site de quelqu\u2019un d\u2019autre<\/h3>\n<div class=\"content__img-wrap\"><img src=\"https:\/\/sitechecker.pro\/wp-content\/uploads\/2025\/12\/not-my-site.png\" alt=\"It is not my own website?\" class=\"description-img description-img-zoom\" loading=\"lazy\" ><\/div>\n<h3>\u00c9tape 2 : Obtenir les r\u00e9sultats<\/h3>\n<p>Vous serez redirig\u00e9 vers le rapport de s\u00e9curit\u00e9 du site web pour le domaine que vous v\u00e9rifiez. Le rapport affiche l\u2019adresse IP du site, l\u2019emplacement du serveur (y compris le pays, la r\u00e9gion et la ville) ainsi que l\u2019<a href=\"https:\/\/sitechecker.pro\/hosting-checker\/\" target=\"_blank\" rel=\"noopener noreferrer\">organisation d\u2019h\u00e9bergement<\/a>.<\/p>\n<div class=\"content__img-wrap\"><img src=\"https:\/\/sitechecker.pro\/wp-content\/uploads\/2025\/12\/website-safety-report-ip-adress.png\" alt=\"Website safety report, IP adress\" class=\"description-img description-img-zoom\" loading=\"lazy\" ><\/div>\n<p>Inscrivez-vous pour recevoir les r\u00e9sultats de s\u00e9curit\u00e9, notamment le <a href=\"https:\/\/sitechecker.pro\/site-audit-issues\/https-http-mixed-content\/\" target=\"_blank\" rel=\"noopener noreferrer\">contenu mixte<\/a>, les liens HTTP ou l\u2019absence d\u2019<a href=\"https:\/\/sitechecker.pro\/http-header-checker\/\" target=\"_blank\" rel=\"noopener noreferrer\">en-t\u00eates de protection<\/a>.<\/p>\n<h2 id=\"par5\">Id\u00e9e finale<\/h2>\n<p>Le convertisseur de domaine en IP est un outil simple mais puissant pour d\u00e9couvrir o\u00f9 un site est h\u00e9berg\u00e9 et comment son infrastructure est configur\u00e9e. Que vous v\u00e9rifiiez votre propre site ou que vous analysiez un domaine externe, l\u2019outil fournit des donn\u00e9es d\u2019h\u00e9bergement pr\u00e9cises, des informations IP et des indications essentielles en mati\u00e8re de s\u00e9curit\u00e9. Pour les propri\u00e9taires de sites, il ouvre l\u2019acc\u00e8s \u00e0 un audit technique et SEO plus approfondi qui aide \u00e0 am\u00e9liorer les performances, la s\u00e9curit\u00e9 et la fiabilit\u00e9.<\/p>\n<p>Pour les sites externes, il offre un aper\u00e7u rapide de la s\u00e9curit\u00e9 avec la possibilit\u00e9 d\u2019explorer les probl\u00e8mes plus en d\u00e9tail.<\/p>\n<div id=\"par6\"><\/div>\n<p><div class=\"front__faq-block\"><div class=\"faq__block-title\">FAQ<\/div><div class=\"panel-group\" id=\"faq-accordion\" itemscope itemtype=\"https:\/\/schema.org\/FAQPage\" role=\"tablist\" aria-multiselectable=\"true\"><div class=\"panel\" itemscope itemtype=\"https:\/\/schema.org\/Question\" itemprop=\"mainEntity\">\n                            <div class=\"panel-heading\" id=\"headingFaq-1\">\n                                <div class=\"panel-title\" data-toggle=\"collapse\" aria-expanded=\"false\" href=\"#collapseFaq-1\">\n                                    <h3 itemprop=\"name\">L\u2019outil de conversion site web vers IP peut-il identifier tous les types d\u2019adresses de protocole Internet ?<\/h3>\n                                <\/div>\n                            <\/div>\n                            <div id=\"collapseFaq-1\" class=\"panel-collapse collapse\" itemprop=\"acceptedAnswer\" itemscope itemtype=\"http:\/\/schema.org\/Answer\">\n                                <div class=\"panel-body\" itemprop=\"text\">L\u2019outil est con\u00e7u pour identifier les adresses IPv4 et IPv6 associ\u00e9es \u00e0 un site web, couvrant ainsi un large \u00e9ventail de types d\u2019adresses IP.<\/div>\n                            <\/div>\n                        <\/div><div class=\"panel\" itemscope itemtype=\"https:\/\/schema.org\/Question\" itemprop=\"mainEntity\">\n                            <div class=\"panel-heading\" id=\"headingFaq-2\">\n                                <div class=\"panel-title\" data-toggle=\"collapse\" aria-expanded=\"false\" href=\"#collapseFaq-2\">\n                                    <h3 itemprop=\"name\">Quelle est la pr\u00e9cision des informations de g\u00e9olocalisation fournies par le convertisseur domaine vers IP ?<\/h3>\n                                <\/div>\n                            <\/div>\n                            <div id=\"collapseFaq-2\" class=\"panel-collapse collapse\" itemprop=\"acceptedAnswer\" itemscope itemtype=\"http:\/\/schema.org\/Answer\">\n                                <div class=\"panel-body\" itemprop=\"text\">Les informations de g\u00e9olocalisation sont g\u00e9n\u00e9ralement pr\u00e9cises, mais peuvent varier selon l\u2019exactitude de la base de donn\u00e9es IP utilis\u00e9e par l\u2019outil. Elles offrent une bonne approximation de l\u2019emplacement physique du serveur.<\/div>\n                            <\/div>\n                        <\/div><div class=\"panel\" itemscope itemtype=\"https:\/\/schema.org\/Question\" itemprop=\"mainEntity\">\n                            <div class=\"panel-heading\" id=\"headingFaq-3\">\n                                <div class=\"panel-title\" data-toggle=\"collapse\" aria-expanded=\"false\" href=\"#collapseFaq-3\">\n                                    <h3 itemprop=\"name\">\u00c0 quel point les donn\u00e9es fournies par le convertisseur site web vers IP sont-elles \u00e0 jour ?<\/h3>\n                                <\/div>\n                            <\/div>\n                            <div id=\"collapseFaq-3\" class=\"panel-collapse collapse\" itemprop=\"acceptedAnswer\" itemscope itemtype=\"http:\/\/schema.org\/Answer\">\n                                <div class=\"panel-body\" itemprop=\"text\">L\u2019outil fournit des informations \u00e0 jour bas\u00e9es sur les donn\u00e9es les plus r\u00e9centes disponibles. Toutefois, la fra\u00eecheur des donn\u00e9es d\u00e9pend de la fr\u00e9quence de mise \u00e0 jour des bases de donn\u00e9es d\u2019adresses IP et de g\u00e9olocalisation utilis\u00e9es.<\/div>\n                            <\/div>\n                        <\/div><div class=\"panel\" itemscope itemtype=\"https:\/\/schema.org\/Question\" itemprop=\"mainEntity\">\n                            <div class=\"panel-heading\" id=\"headingFaq-4\">\n                                <div class=\"panel-title\" data-toggle=\"collapse\" aria-expanded=\"false\" href=\"#collapseFaq-4\">\n                                    <h3 itemprop=\"name\">Puis-je utiliser le convertisseur domaine vers IP \u00e0 des fins d\u2019analyse de s\u00e9curit\u00e9 ?<\/h3>\n                                <\/div>\n                            <\/div>\n                            <div id=\"collapseFaq-4\" class=\"panel-collapse collapse\" itemprop=\"acceptedAnswer\" itemscope itemtype=\"http:\/\/schema.org\/Answer\">\n                                <div class=\"panel-body\" itemprop=\"text\">Oui, l\u2019outil peut \u00eatre utilis\u00e9 pour une analyse de s\u00e9curit\u00e9 pr\u00e9liminaire, par exemple pour identifier l\u2019emplacement g\u00e9ographique d\u2019un serveur, ce qui peut aider \u00e0 \u00e9valuer les risques potentiels ou \u00e0 enqu\u00eater sur des sites suspects.<\/div>\n                            <\/div>\n                        <\/div><\/div><\/div><\/p>","protected":false},"excerpt":{"rendered":"Qu\u2019est-ce que le convertisseur de nom de domaine en adresse IP ? Le convertisseur d\u2019URL en adresse IP de Sitechecker est un outil qui identifie l\u2019adresse IP de n\u2019importe quel nom de domaine. En saisissant une URL de domaine, l\u2019outil r\u00e9sout son IP d\u2019h\u00e9bergement, ce qui vous aide \u00e0 comprendre o\u00f9 le site est h\u00e9berg\u00e9,&#8230;","protected":false},"author":10409641,"featured_media":7907,"parent":0,"menu_order":0,"comment_status":"closed","ping_status":"closed","template":"pages-templates\/pages-minitools-3.php","meta":[],"categories":[73],"tags":[],"_links":{"self":[{"href":"https:\/\/sitechecker.pro\/fr\/wp-json\/wp\/v2\/pages\/7844"}],"collection":[{"href":"https:\/\/sitechecker.pro\/fr\/wp-json\/wp\/v2\/pages"}],"about":[{"href":"https:\/\/sitechecker.pro\/fr\/wp-json\/wp\/v2\/types\/page"}],"author":[{"embeddable":true,"href":"https:\/\/sitechecker.pro\/fr\/wp-json\/wp\/v2\/users\/10409641"}],"replies":[{"embeddable":true,"href":"https:\/\/sitechecker.pro\/fr\/wp-json\/wp\/v2\/comments?post=7844"}],"version-history":[{"count":57,"href":"https:\/\/sitechecker.pro\/fr\/wp-json\/wp\/v2\/pages\/7844\/revisions"}],"predecessor-version":[{"id":39196,"href":"https:\/\/sitechecker.pro\/fr\/wp-json\/wp\/v2\/pages\/7844\/revisions\/39196"}],"wp:featuredmedia":[{"embeddable":true,"href":"https:\/\/sitechecker.pro\/fr\/wp-json\/wp\/v2\/media\/7907"}],"wp:attachment":[{"href":"https:\/\/sitechecker.pro\/fr\/wp-json\/wp\/v2\/media?parent=7844"}],"wp:term":[{"taxonomy":"category","embeddable":true,"href":"https:\/\/sitechecker.pro\/fr\/wp-json\/wp\/v2\/categories?post=7844"},{"taxonomy":"post_tag","embeddable":true,"href":"https:\/\/sitechecker.pro\/fr\/wp-json\/wp\/v2\/tags?post=7844"}],"curies":[{"name":"wp","href":"https:\/\/api.w.org\/{rel}","templated":true}]}}