{"id":763,"date":"2017-12-14T16:06:09","date_gmt":"2017-12-14T16:06:09","guid":{"rendered":"https:\/\/sitechecker.pro\/?page_id=763"},"modified":"2026-02-18T15:56:52","modified_gmt":"2026-02-18T15:56:52","slug":"robots-txt-tester-use-online-free-tool-for-seo-sitechecker","status":"publish","type":"page","link":"https:\/\/sitechecker.pro\/fr\/robots-tester\/","title":{"rendered":"Robots.txt Checker | Validate Robots for Issues &#038; Fix Them \u2611 (Testeur de robots.txt)"},"content":{"rendered":"<p><\/p>\n<h2 id=\"par1\">Qu&#8217;est-ce que Robots.txt Tester\u00a0?<\/h2>\n<p>L&#8217;outil Robots.txt Tester de <a href=\"https:\/\/sitechecker.pro\/\" rel=\"noopener noreferrer\" target=\"_blank\">Sitechecker<\/a> est con\u00e7u pour valider le fichier <a href=\"https:\/\/sitechecker.pro\/meta-robots-tag\/\" rel=\"noopener noreferrer\" target=\"_blank\">robots.txt<\/a> d&#8217;un site Web, garantissant que les <a href=\"https:\/\/sitechecker.pro\/google-bot\/\" rel=\"noopener noreferrer\" target=\"_blank\">robots des moteurs de recherche<\/a> comprennent quelles pages doivent \u00eatre index\u00e9es ou ignor\u00e9es. Cela facilite la gestion efficace de la <a href=\"https:\/\/sitechecker.pro\/what-is-website-visibility\/\" rel=\"noopener noreferrer\" target=\"_blank\">visibilit\u00e9<\/a> d&#8217;un site dans les r\u00e9sultats de recherche. L&#8217;outil propose des v\u00e9rifications compl\u00e8tes du site pour identifier les probl\u00e8mes d&#8217;indexation et fournit \u00e9galement des analyses sp\u00e9cifiques \u00e0 la page pour d\u00e9terminer si une page est <a href=\"https:\/\/sitechecker.pro\/what-is-google-index\/\" rel=\"noopener noreferrer\" target=\"_blank\">index\u00e9e<\/a>. Cela am\u00e9liore la pr\u00e9cision de l&#8217;indexation des moteurs de recherche en identifiant et en corrigeant rapidement les erreurs dans les param\u00e8tres du fichier robots.txt.<\/p>\n<h3>Comment l&#8217;outil peut-il vous aider\u00a0?<\/h3>\n<p><strong>Validation du fichier robots.txt\u00a0: <\/strong>v\u00e9rifie l&#8217;exactitude du fichier robots.txt d&#8217;un site Web, garantissant qu&#8217;il dirige avec pr\u00e9cision les robots des moteurs de recherche.<\/p>\n<p><strong>Analyses sp\u00e9cifiques \u00e0 la page\u00a0: <\/strong>offrent la possibilit\u00e9 de v\u00e9rifier si les pages individuelles sont correctement index\u00e9es ou non, permettant un d\u00e9pannage cibl\u00e9.<\/p>\n<p><strong>Identification des probl\u00e8mes d&#8217;indexation\u00a0: <\/strong>fournit des v\u00e9rifications compl\u00e8tes pour rep\u00e9rer tout probl\u00e8me d&#8217;indexation sur l&#8217;ensemble du site.<\/p>\n<h3>Principales fonctionnalit\u00e9s de l&#8217;outil<\/h3>\n<p><strong>Tableau de bord unifi\u00e9\u00a0:<\/strong>offre un aper\u00e7u complet des indicateurs SEO pour un suivi facile.<\/p>\n<p><strong>Interface conviviale\u00a0:<\/strong>con\u00e7ue pour une navigation intuitive et une utilisation facile.<\/p>\n<p><strong>Ensemble complet d&#8217;outils SEO\u00a0:<\/strong>fournit une large gamme d&#8217;outils pour optimiser les performances du site Web dans les moteurs de recherche.<\/p>\n<h2 id=\"par2\">Comment utiliser l&#8217;outil<\/h2>\n<p>L&#8217;outil propose deux types d&#8217;analyse en ligne\u00a0: site entier et page individuelle. S\u00e9lectionnez simplement l&#8217;option qui vous int\u00e9resse et lancez l&#8217;analyse.<\/p>\n<div class=\"content__img-wrap\"><img src=\"https:\/\/sitechecker.pro\/wp-content\/uploads\/2024\/08\/choose-audit-option.png\" alt=\"Choose Audit Option\" class=\"description-img description-img-zoom\" loading=\"lazy\" ><\/div>\n<h2 id=\"par3\">Test du fichier Robots.txt du site<\/h2>\n<p>Pour v\u00e9rifier les param\u00e8tres robots de votre site et d\u00e9couvrir d&#8217;\u00e9ventuels probl\u00e8mes d&#8217;indexation, s\u00e9lectionnez simplement l&#8217;option d&#8217;inspection du site. En quelques minutes, vous recevrez un rapport complet.<\/p>\n<h3>\u00c9tape 1\u00a0: Choisissez la v\u00e9rification du site<\/h3>\n<div class=\"content__img-wrap\"><img src=\"https:\/\/sitechecker.pro\/wp-content\/uploads\/2025\/02\/check-robots-site.png\" alt=\"V\u00e9rifiez le fichier robots.txt pour le site\" class=\"description-img description-img-zoom\" loading=\"lazy\" ><\/div>\n<div class=\"important-block\">Pour recevoir les r\u00e9sultats et acc\u00e9der aux fonctionnalit\u00e9s de Sitechecker pendant 14 jours, d\u00e9marrez votre essai GRATUIT. L'inscription est facile avec votre e-mail, votre compte Google ou Facebook. Aucune carte de cr\u00e9dit n'est n\u00e9cessaire.<\/div>\n<h3>\u00c9tape 2\u00a0:\u00a0Obtenez les r\u00e9sultats<\/h3>\n<p>L&#8217;analyseur Robots.txt pour \u00e9valuer la configuration du fichier de directives du serveur vous fournit des donn\u00e9es pr\u00e9cieuses sur la mani\u00e8re dont les directives de votre site Web influencent l&#8217;indexation des moteurs de recherche. Le rapport comprend l&#8217;identification des pages bloqu\u00e9es \u00e0 l&#8217;exploration, des directives sp\u00e9cifiques telles que \u00ab\u00a0noindex\u00a0\u00bb et \u00ab\u00a0nofollow\u00a0\u00bb, ainsi que tous les d\u00e9lais d&#8217;exploration d\u00e9finis pour les robots des moteurs de recherche. Cela permet de garantir que le fichier de politique d&#8217;exploration du site Web facilite une visibilit\u00e9 optimale du site Web et l&#8217;accessibilit\u00e9 des moteurs de recherche.<\/p>\n<div class=\"content__img-wrap\"><img src=\"https:\/\/sitechecker.pro\/wp-content\/uploads\/2024\/08\/indexability-issues.png\" alt=\"Probl\u00e8mes d'indexabilit\u00e9\" class=\"description-img description-img-zoom\" loading=\"lazy\" ><\/div>\n<h3>Feauters suppl\u00e9mentaires<\/h3>\n<p>Le v\u00e9rificateur Robots.txt offre une analyse compl\u00e8te de la sant\u00e9 SEO d&#8217;un site Web. Il identifie les probl\u00e8mes critiques, les avertissements, les opportunit\u00e9s d&#8217;am\u00e9lioration et les avis g\u00e9n\u00e9raux. Des informations d\u00e9taill\u00e9es sont fournies sur la pertinence du contenu, l&#8217;int\u00e9grit\u00e9 des liens, la vitesse des pages et l&#8217;indexabilit\u00e9. L&#8217;audit cat\u00e9gorise les pages concern\u00e9es, permettant aux utilisateurs de hi\u00e9rarchiser les optimisations pour une meilleure visibilit\u00e9 sur les moteurs de recherche. Cette fonctionnalit\u00e9 compl\u00e8te le v\u00e9rificateur Robots.txt en garantissant que des \u00e9l\u00e9ments SEO plus larges sont \u00e9galement trait\u00e9s.<\/p>\n<div class=\"content__img-wrap\"><img src=\"https:\/\/sitechecker.pro\/wp-content\/uploads\/2024\/08\/site-audit-issues-list.png\" alt=\"Liste des probl\u00e8mes d'audit de site\" class=\"description-img description-img-zoom\" loading=\"lazy\" ><\/div>\n<h2 id=\"par4\">Tester Robots.txt pour une page sp\u00e9cifique<\/h2>\n<h3>\u00c9tape 1\u00a0: lancer une v\u00e9rification pour une page sp\u00e9cifique<\/h3>\n<div class=\"content__img-wrap\"><img src=\"https:\/\/sitechecker.pro\/wp-content\/uploads\/2025\/02\/check-robots-page.png\" alt=\"V\u00e9rifiez le fichier robots.txt pour la page\" class=\"description-img description-img-zoom\" loading=\"lazy\" ><\/div>\n<h3>\u00c9tape 2\u00a0: obtenir les r\u00e9sultats<\/h3>\n<p>Le testeur Robots.txt pour une page sp\u00e9cifique fournit des informations essentielles sur la mani\u00e8re dont les moteurs de recherche interpr\u00e8tent les directives robots.txt pour cette page. Il analyse la balise m\u00e9ta robots et la balise X-Robots pour confirmer si la page est ouverte \u00e0 l&#8217;indexation. De plus, il v\u00e9rifie si l&#8217;exploration est autoris\u00e9e par le fichier de politique d&#8217;exploration du site Web et v\u00e9rifie la pr\u00e9sence de balises \u00ab noindex \u00bb qui pourraient emp\u00eacher l&#8217;indexation. Cette \u00e9valuation cibl\u00e9e garantit que chaque page est correctement configur\u00e9e pour \u00eatre accessible aux robots des moteurs de recherche.<\/p>\n<div class=\"content__img-wrap\"><img src=\"https:\/\/sitechecker.pro\/wp-content\/uploads\/2024\/08\/on-page-seo-checker-indexation.png\" alt=\"On Page SEO Checker Indexation\" class=\"description-img description-img-zoom\" loading=\"lazy\" ><\/div>\n<p>Pour avoir une compr\u00e9hension compl\u00e8te des directives robots.txt de votre site, il est pr\u00e9f\u00e9rable d&#8217;effectuer un audit complet du site Web. Cela permettra de d\u00e9couvrir tous les probl\u00e8mes d&#8217;indexation sur l&#8217;ensemble de votre site. Pour commencer l&#8217;audit, cliquez simplement sur la banni\u00e8re \u00ab\u00a0D\u00e9marrer l&#8217;audit complet du site Web\u00a0\u00bb. Une version de d\u00e9monstration de l&#8217;outil est accessible via la section Audit du site, vous permettant d&#8217;\u00e9chantillonner ses capacit\u00e9s.<\/p>\n<div class=\"content__img-wrap\"><img src=\"https:\/\/sitechecker.pro\/wp-content\/uploads\/2024\/08\/run-full-website-audit.png\" alt=\"Ex\u00e9cuter l'audit complet du site Web\" class=\"description-img description-img-zoom\" loading=\"lazy\" ><\/div>\n<h3>Fonctionnalit\u00e9s suppl\u00e9mentaires<\/h3>\n<p>En plus de tester le fichier de directives du serveur pour une page sp\u00e9cifique, l&#8217;audit technique fournit des informations sur l&#8217;\u00e9tat de la page, telles que le score PageSpeed \u200b\u200bmobile, le code d&#8217;\u00e9tat et la taille HTML. Il v\u00e9rifie si les longueurs du titre et de la description r\u00e9pondent aux normes recommand\u00e9es et offre un aper\u00e7u Google pour garantir que la page est optimis\u00e9e pour les moteurs de recherche. Cette analyse contribue \u00e0 am\u00e9liorer le r\u00e9f\u00e9rencement technique de la page.<\/p>\n<div class=\"content__img-wrap\"><img src=\"https:\/\/sitechecker.pro\/wp-content\/uploads\/2024\/08\/issues-overview.png\" alt=\"Aper\u00e7u des probl\u00e8mes\" class=\"description-img description-img-zoom\" loading=\"lazy\" ><\/div>\n<h2 id=\"par5\">Id\u00e9e finale<\/h2>\n<p>Le testeur Robots.txt est un outil de diagnostic SEO robuste qui garantit que le fichier de directives du serveur d&#8217;un site Web dirige correctement les robots des moteurs de recherche. Il propose des analyses compl\u00e8tes du site et des pages sp\u00e9cifiques, r\u00e9v\u00e9lant les obstacles \u00e0 l&#8217;indexation. Les utilisateurs b\u00e9n\u00e9ficient d&#8217;une interface conviviale, d&#8217;une suite compl\u00e8te d&#8217;outils SEO et d&#8217;un tableau de bord unifi\u00e9 pour la surveillance. Les capacit\u00e9s d&#8217;audit compl\u00e8tes de l&#8217;outil permettent d&#8217;identifier un large \u00e9ventail de probl\u00e8mes techniques de r\u00e9f\u00e9rencement, notamment l&#8217;optimisation du contenu et les mesures de sant\u00e9 des pages, garantissant que chaque page est pr\u00e9par\u00e9e pour la d\u00e9couverte et le classement des moteurs de recherche.<\/p>\n<div id=\"par6\"><\/div>\n<p><div class=\"front__faq-block\"><div class=\"faq__block-title\">FAQ<\/div><div class=\"panel-group\" id=\"faq-accordion\" itemscope itemtype=\"https:\/\/schema.org\/FAQPage\" role=\"tablist\" aria-multiselectable=\"true\"><div class=\"panel\" itemscope itemtype=\"https:\/\/schema.org\/Question\" itemprop=\"mainEntity\">\n                            <div class=\"panel-heading\" id=\"headingFaq-1\">\n                                <div class=\"panel-title\" data-toggle=\"collapse\" aria-expanded=\"false\" href=\"#collapseFaq-1\">\n                                    <h3 itemprop=\"name\">Pourquoi dois-je v\u00e9rifier mon fichier Robots.txt ?<\/h3>\n                                <\/div>\n                            <\/div>\n                            <div id=\"collapseFaq-1\" class=\"panel-collapse collapse\" itemprop=\"acceptedAnswer\" itemscope itemtype=\"http:\/\/schema.org\/Answer\">\n                                <div class=\"panel-body\" itemprop=\"text\">Robots.txt montre aux moteurs de recherche quelles URL de votre site ils peuvent explorer et indexer, principalement pour \u00e9viter de surcharger votre site avec des requ\u00eates. Il est recommand\u00e9 de v\u00e9rifier la validit\u00e9 de ce fichier pour s'assurer qu'il fonctionne correctement.<\/div>\n                            <\/div>\n                        <\/div><div class=\"panel\" itemscope itemtype=\"https:\/\/schema.org\/Question\" itemprop=\"mainEntity\">\n                            <div class=\"panel-heading\" id=\"headingFaq-2\">\n                                <div class=\"panel-title\" data-toggle=\"collapse\" aria-expanded=\"false\" href=\"#collapseFaq-2\">\n                                    <h3 itemprop=\"name\">La violation d'un fichier Robot's.txt est-elle ill\u00e9gale ?<\/h3>\n                                <\/div>\n                            <\/div>\n                            <div id=\"collapseFaq-2\" class=\"panel-collapse collapse\" itemprop=\"acceptedAnswer\" itemscope itemtype=\"http:\/\/schema.org\/Answer\">\n                                <div class=\"panel-body\" itemprop=\"text\">Aujourd'hui, aucune loi n'exige que l'on suive strictement les instructions du fichier. Il ne s'agit pas d'un contrat contraignant entre les moteurs de recherche et les sites Web.<\/div>\n                            <\/div>\n                        <\/div><div class=\"panel\" itemscope itemtype=\"https:\/\/schema.org\/Question\" itemprop=\"mainEntity\">\n                            <div class=\"panel-heading\" id=\"headingFaq-3\">\n                                <div class=\"panel-title\" data-toggle=\"collapse\" aria-expanded=\"false\" href=\"#collapseFaq-3\">\n                                    <h3 itemprop=\"name\">Que fait Robots.txt ?<\/h3>\n                                <\/div>\n                            <\/div>\n                            <div id=\"collapseFaq-3\" class=\"panel-collapse collapse\" itemprop=\"acceptedAnswer\" itemscope itemtype=\"http:\/\/schema.org\/Answer\">\n                                <div class=\"panel-body\" itemprop=\"text\">Robots.txt montre aux agents des moteurs de recherche quelles pages de votre site peuvent \u00eatre explor\u00e9es et index\u00e9es et quelles pages ont \u00e9t\u00e9 exclues de la navigation. Autoriser les moteurs de recherche \u00e0 explorer et indexer certaines pages de votre site est une opportunit\u00e9 de contr\u00f4ler la confidentialit\u00e9 de certaines pages. Cela est n\u00e9cessaire pour l'optimisation des moteurs de recherche de votre site.<\/div>\n                            <\/div>\n                        <\/div><div class=\"panel\" itemscope itemtype=\"https:\/\/schema.org\/Question\" itemprop=\"mainEntity\">\n                            <div class=\"panel-heading\" id=\"headingFaq-4\">\n                                <div class=\"panel-title\" data-toggle=\"collapse\" aria-expanded=\"false\" href=\"#collapseFaq-4\">\n                                    <h3 itemprop=\"name\">Robot.txt est-il s\u00fbr ?<\/h3>\n                                <\/div>\n                            <\/div>\n                            <div id=\"collapseFaq-4\" class=\"panel-collapse collapse\" itemprop=\"acceptedAnswer\" itemscope itemtype=\"http:\/\/schema.org\/Answer\">\n                                <div class=\"panel-body\" itemprop=\"text\">Un fichier robots.txt ne compromettra pas la s\u00e9curit\u00e9 de votre site, donc l'utiliser correctement peut \u00eatre un excellent moyen de s\u00e9curiser les pages sensibles de votre site. N\u00e9anmoins, ne vous attendez pas \u00e0 ce que tous les robots des moteurs de recherche suivent les instructions de ce fichier. Les utilisateurs attaquants pourront d\u00e9sactiver les instructions et analyser les pages interdites.<\/div>\n                            <\/div>\n                        <\/div><\/div><\/div><\/p>","protected":false},"excerpt":{"rendered":"Qu&#8217;est-ce que Robots.txt Tester\u00a0? L&#8217;outil Robots.txt Tester de Sitechecker est con\u00e7u pour valider le fichier robots.txt d&#8217;un site Web, garantissant que les robots des moteurs de recherche comprennent quelles pages doivent \u00eatre index\u00e9es ou ignor\u00e9es. Cela facilite la gestion efficace de la visibilit\u00e9 d&#8217;un site dans les r\u00e9sultats de recherche. L&#8217;outil propose des v\u00e9rifications compl\u00e8tes&#8230;","protected":false},"author":10409641,"featured_media":3355,"parent":0,"menu_order":0,"comment_status":"closed","ping_status":"closed","template":"pages-templates\/pages-minitools-3.php","meta":[],"categories":[73],"tags":[],"_links":{"self":[{"href":"https:\/\/sitechecker.pro\/fr\/wp-json\/wp\/v2\/pages\/763"}],"collection":[{"href":"https:\/\/sitechecker.pro\/fr\/wp-json\/wp\/v2\/pages"}],"about":[{"href":"https:\/\/sitechecker.pro\/fr\/wp-json\/wp\/v2\/types\/page"}],"author":[{"embeddable":true,"href":"https:\/\/sitechecker.pro\/fr\/wp-json\/wp\/v2\/users\/10409641"}],"replies":[{"embeddable":true,"href":"https:\/\/sitechecker.pro\/fr\/wp-json\/wp\/v2\/comments?post=763"}],"version-history":[{"count":135,"href":"https:\/\/sitechecker.pro\/fr\/wp-json\/wp\/v2\/pages\/763\/revisions"}],"predecessor-version":[{"id":39345,"href":"https:\/\/sitechecker.pro\/fr\/wp-json\/wp\/v2\/pages\/763\/revisions\/39345"}],"wp:featuredmedia":[{"embeddable":true,"href":"https:\/\/sitechecker.pro\/fr\/wp-json\/wp\/v2\/media\/3355"}],"wp:attachment":[{"href":"https:\/\/sitechecker.pro\/fr\/wp-json\/wp\/v2\/media?parent=763"}],"wp:term":[{"taxonomy":"category","embeddable":true,"href":"https:\/\/sitechecker.pro\/fr\/wp-json\/wp\/v2\/categories?post=763"},{"taxonomy":"post_tag","embeddable":true,"href":"https:\/\/sitechecker.pro\/fr\/wp-json\/wp\/v2\/tags?post=763"}],"curies":[{"name":"wp","href":"https:\/\/api.w.org\/{rel}","templated":true}]}}