{"id":7349,"date":"2019-06-11T12:48:26","date_gmt":"2019-06-11T12:48:26","guid":{"rendered":"https:\/\/sitechecker.pro\/?page_id=7349"},"modified":"2025-02-03T14:14:51","modified_gmt":"2025-02-03T14:14:51","slug":"website-down","status":"publish","type":"page","link":"https:\/\/sitechecker.pro\/fr\/website-down\/","title":{"rendered":"V\u00e9rificateur de Panne de Site Web | Le site est-il en panne \u1408"},"content":{"rendered":"<p>Vous essayez d&#8217;acc\u00e9der \u00e0 votre site Web et recevez le message indiquant qu&#8217;il n&#8217;est pas disponible. Vous voudrez peut-\u00eatre contacter imm\u00e9diatement votre fournisseur d&#8217;h\u00e9bergement Web. Mais alors les doutes commencent \u00e0 s&#8217;insinuer. Ce site est-il en panne ? Ou s&#8217;agit-il simplement de probl\u00e8mes avec votre fournisseur d&#8217;acc\u00e8s Internet? Ou, peut-\u00eatre, quelque chose ne va pas avec votre ordinateur\/smartphone ? Il existe diff\u00e9rentes raisons pour lesquelles il peut devenir inaccessible pour vous.<\/p>\n<p>Alors, le site Web est-il vraiment hors service? Une fa\u00e7on de le savoir est d&#8217;\u00e9liminer toutes les autres possibilit\u00e9s, mais cela peut prendre un certain temps. Une autre fa\u00e7on consiste \u00e0 utiliser un outil sp\u00e9cial, qui vous dit exactement ce que vous voulez savoir. Et nous l&#8217;avons con\u00e7u pour vous.<\/p>\n<h2 id=\"ik_Check\">Comment v\u00e9rifier si un site Web est en panne?<\/h2>\n<p>&#8216;Est-ce que c&#8217;est pour tout le monde?&#8217; \u2014 c&#8217;est la question que tu te poses. Avec l&#8217;aide de notre v\u00e9rificateur de statut de site Web, vous pouvez tester sa disponibilit\u00e9 gratuitement. C&#8217;est tr\u00e8s facile ! Entrez l&#8217;URL ou le domaine qui vous int\u00e9resse.<\/p>\n<div class=\"content__img-wrap\"><img src=\"https:\/\/sitechecker.pro\/wp-content\/uploads\/2022\/01\/webside_down_1.png\" alt=\"outil de v\u00e9rification de site Web en ligne pour savoir si le site est en panne\" class=\"description-img description-img-zoom\" loading=\"lazy\" ><\/div>\n<p>Vous \u00eates maintenant pr\u00eat \u00e0 appuyer sur &#8220;D\u00e9marrer le test&#8221;. En quelques secondes, vous obtiendrez un rapport contenant des informations d\u00e9taill\u00e9es sur l&#8217;\u00e9tat du site Web.<\/p>\n<h2 id=\"ik_Results\">Les r\u00e9sultats que vous obtiendrez avec notre v\u00e9rificateur de statut de site Web<\/h2>\n<p>Notre serveur dans la zone s\u00e9lectionn\u00e9e v\u00e9rifiera si le site Web est en panne, en essayant d&#8217;y acc\u00e9der. La premi\u00e8re ligne du rapport indique si cette tentative a r\u00e9ussi ou non.<\/p>\n<p>Apr\u00e8s avoir essay\u00e9 de v\u00e9rifier la disponibilit\u00e9 du site Web, nous approfondissons les d\u00e9tails techniques. Vous obtenez la capture d&#8217;\u00e9cran d&#8217;une page cible avec une adresse IP. De plus, vous d\u00e9couvrez son temps de r\u00e9ponse. Si votre site est op\u00e9rationnel mais met du temps \u00e0 se charger, il peut \u00eatre aussi bon qu&#8217;indisponible pour de nombreux utilisateurs. Pr\u00e8s de la moiti\u00e9 d&#8217;entre eux s&#8217;attendent \u00e0 ce que votre site Web se charge en 2 secondes maximum. Si le temps de chargement est de 3 secondes &#8211; 40% des utilisateurs partiront.<\/p>\n<p>Le rapport contient \u00e9galement le code de r\u00e9ponse. Les codes d&#8217;\u00e9tat HTTP, renvoy\u00e9s par les serveurs, indiquent l&#8217;\u00e9tat du site Web. Ils ont trois chiffres et commencent g\u00e9n\u00e9ralement par l&#8217;un des cinq chiffres, 1 \u00e0 5. Vous connaissez peut-\u00eatre l&#8217;erreur 404 (&#8216;<a href=\"https:\/\/sitechecker.pro\/404-error\/\" rel=\"noopener noreferrer\" target=\"_blank\">Page introuvable<\/a>&#8216;) ou 200 (&#8216;OK&#8217;). Mais il existe de nombreux autres codes de statut qui peuvent vous \u00eatre inconnus. Consultez notre <a href=\"https:\/\/sitechecker.pro\/http-status-codes\/\">v\u00e9rificateur d&#8217;\u00e9tat du serveur<\/a> pour en savoir plus \u00e0 leur sujet.<\/p>\n<p>Et la derni\u00e8re information, mais non la moindre, est la date d&#8217;indisponibilit\u00e9 la plus r\u00e9cente. &#8216;Est-ce que mon site Web est actif ou inactif en ce moment?&#8217; est une question importante, mais vous voudrez peut-\u00eatre savoir quand le dernier probl\u00e8me grave s&#8217;est produit. Cela peut vous donner une id\u00e9e de la fiabilit\u00e9 de votre fournisseur.<\/p>\n<div class=\"content__img-wrap\"><img src=\"https:\/\/sitechecker.pro\/wp-content\/uploads\/2022\/01\/webside_down_2.png\" alt=\"nouveau test d'\u00e9tat du site pour v\u00e9rifier l'exactitude du travail du site\" class=\"description-img description-img-zoom\" loading=\"lazy\" ><\/div>\n<p>Vous souhaitez enregistrer le rapport de v\u00e9rification du site Web ou l&#8217;envoyer \u00e0 quelqu&#8217;un d&#8217;autre? Pas besoin de faire une capture d&#8217;\u00e9cran! Vous pouvez copier le rapport dans un presse-papiers en un clic pour le coller ailleurs dans ce format:<\/p>\n<div class=\"article__quote\">\n                    <div class=\"quote-text\">URL du site Web: https:\/\/copywritely.com<br \/>\n\u2022 \u00c9tat du service: Activ\u00e9<br \/>\n\u2022 Adresse IP: 148.251.238.57<br \/>\n\u2022 Temps de r\u00e9ponse: 3,251 s<br \/>\n\u2022 Code de r\u00e9ponse: 200 OK<\/div><\/div>\n<p>Testez le v\u00e9rificateur de sites Web et \u00e9tudiez les r\u00e9sultats vous-m\u00eame!<\/p>\n<h2 id=\"ik_Uptime\">Pourquoi la disponibilit\u00e9 est-elle importante?<\/h2>\n<p>La disponibilit\u00e9 du site Web est essentielle. Chaque minute d&#8217;indisponibilit\u00e9 vous co\u00fbte de l&#8217;argent, sans parler de la r\u00e9putation. Et plus l&#8217;entreprise est grande, plus vous perdez. Par exemple, une minute d&#8217;indisponibilit\u00e9 co\u00fbterait environ 220 000 $ \u00e0 Amazon.<\/p>\n<p>En outre, cela peut \u00eatre la raison de la perte de positions si votre site est rest\u00e9 indisponible pendant une longue p\u00e9riode. D\u00e9couvrez ce que Google dit \u00e0 ce sujet.<\/p>\n<p><iframe width=\"770\" height=\"350\" src=\"https:\/\/www.youtube.com\/embed\/4eYJuT0yGrI\" title=\"Lecteur vid\u00e9o YouTube\" frameborder=\"0\" allow=\"acc\u00e9l\u00e9rom\u00e8tre; lecture automatique; presse-papiers- \u00e9criture; m\u00e9dia crypt\u00e9; gyroscope; image dans l'image\" allowfullscreen><\/iframe><\/p>\n<p>Voici les principales raisons de tester si un site Web est r\u00e9guli\u00e8rement en panne:<\/p>\n<table class=\"table-classic table-td-3\">\n<t\u00eate><\/p>\n<tr>\n<th>Raison<\/th>\n<th>Explication<\/th>\n<\/tr>\n<\/thead>\n<tbody>\n<tr>\n<td><strong>Fournir une meilleure exp\u00e9rience utilisateur<\/strong><\/td>\n<td>Les utilisateurs d\u00e9testent un site Web indisponible. Les nouveaux visiteurs peuvent ne plus jamais revenir tandis que les clients existants sont frustr\u00e9s. Vos concurrents se feront un plaisir de leur pr\u00eater main forte.<\/td>\n<\/tr>\n<tr>\n<td><strong>Maintenir un classement \u00e9lev\u00e9 dans les moteurs de recherche<\/strong><\/td>\n<td>Google classera les sites Web lents ou inaccessibles plus bas. Si votre site Web tombe assez souvent en panne, pr\u00e9parez-vous \u00e0 \u00eatre &#8220;puni&#8221;. Le classement peut prendre beaucoup de temps \u00e0 se remettre d&#8217;un tel coup.<\/td>\n<\/tr>\n<tr>\n<td><strong>Prot\u00e9ger les revenus publicitaires<\/strong><\/td>\n<td>\u00c9videmment, les annonces ne sont pas diffus\u00e9es lorsque votre site est en panne. Les services publicitaires surveillent \u00e9galement les temps d&#8217;arr\u00eat et n&#8217;aiment pas que votre site soit indisponible. Beaucoup d&#8217;entre eux suspendront une campagne si le site est en panne, surtout pendant un certain temps.<\/td>\n<\/tr>\n<tr>\n<td><strong>D\u00e9tecter les pirates<\/strong><\/td>\n<td>L&#8217;intervention de pirates peut entra\u00eener des temps d&#8217;arr\u00eat. Un code malveillant peut endommager votre site Web et potentiellement infiltrer les appareils des visiteurs. \u00c0 l&#8217;aide d&#8217;un v\u00e9rificateur de disponibilit\u00e9 du site Web, vous d\u00e9couvrirez que le site n&#8217;est pas disponible et pourrez agir \u00e0 temps pour pr\u00e9venir les dommages.<\/td>\n<\/tr>\n<\/tbody>\n<\/table>\n<h2 id=\"ik_Availability\"> Comment surveiller la disponibilit\u00e9 du site?<\/h2>\n<p>Vous avez appris \u00e0 v\u00e9rifier si un site Web est en panne. Mais pour les raisons mentionn\u00e9es ci-dessus, nous pouvons vouloir le faire constamment. Voici quelques fa\u00e7ons d&#8217;\u00e9tablir une surveillance:<\/p>\n<ul>\n<li><strong>Utilisez des alertes personnalis\u00e9es dans Google Analytics.<\/strong> Elles sont d\u00e9clench\u00e9es lorsque Google d\u00e9tecte que le trafic chute en dessous d&#8217;une certaine valeur d\u00e9finie. La notification sera envoy\u00e9e \u00e0 votre adresse e-mail;<\/li>\n<li><strong>D\u00e9veloppez une communaut\u00e9 fid\u00e8le sur les r\u00e9seaux sociaux.<\/strong> Les utilisateurs r\u00e9guliers de votre ressource Web vous avertiront via Facebook ou Twitter si le site est en panne;<\/li>\n<li><strong>Configurez la surveillance de Sitecheckerbot.<\/strong> Le bot v\u00e9rifiera votre site Web pour les changements critiques et vous signalera s&#8217;il y en a;<\/li>\n<li><strong>Utilisez notre v\u00e9rificateur de disponibilit\u00e9 de site Web gratuit.<\/strong> D\u00e8s que votre site Web est en panne, vous recevez une notification.<\/li>\n<\/ul>\n<h2 id=\"ik_Downtime\"> Qu&#8217;est-ce qui cause l&#8217;indisponibilit\u00e9 du site?<\/h2>\n<p>Vous avez utilis\u00e9 le v\u00e9rificateur de panne de notre site Web et vous \u00eates s\u00fbr que le site Web est en panne pour tout le monde. Quel est le probl\u00e8me? Examinons les sc\u00e9narios les plus probables:<\/p>\n<table class=\"table-classic table-td-3\">\n<t\u00eate><\/p>\n<tr>\n<th>Raison<\/th>\n<th>Explication<\/th>\n<\/tr>\n<\/thead>\n<tbody>\n<tr>\n<td><strong>Probl\u00e8mes avec le fournisseur d&#8217;h\u00e9bergement Web<\/strong><\/td>\n<td>Un h\u00e9bergement m\u00e9diocre est l&#8217;un des principaux contributeurs \u00e0 l&#8217;indisponibilit\u00e9 du site Web. Il y a des temps d&#8217;arr\u00eat planifi\u00e9s en raison de la maintenance, mais des temps d&#8217;arr\u00eat impr\u00e9vus peuvent \u00e9galement se produire. Quelle indemnisation allez-vous obtenir dans ce cas ? Choisissez des h\u00e9bergeurs Web avec les meilleures garanties de disponibilit\u00e9 pour obtenir la meilleure assurance contre de tels accidents;<\/td>\n<\/tr>\n<\/tr>\n<\/tbody>\n<\/table>\n<p>Dans ce cas, vous pouvez essayer l&#8217;un des 5 h\u00e9bergements alternatifs les mieux not\u00e9s que nous choisissons pour vous d\u00e8s maintenant dans l&#8217;outil. Pour les obtenir, il suffit d&#8217;ex\u00e9cuter l&#8217;outil d&#8217;arr\u00eat du site Web. En outre, vous pouvez <a href=\"https:\/\/sitechecker.pro\/web-hosting\/#web-hostings-table\" rel=\"noopener noreferrer\" target=\"_blank\">consulter<\/a> d&#8217;autres alternatives.<\/p>\n<div class=\"content__img-wrap\"><img src=\"https:\/\/sitechecker.pro\/wp-content\/uploads\/2022\/01\/webside_down_3.png\" alt=\"consultez le fournisseur d'h\u00e9bergement fiable\" class=\"description-img description-img-zoom\" loading=\"lazy\" ><\/div>\n<table class=\"table-classic table-td-3\">\n<t\u00eate><\/p>\n<tr>\n<th>Raison<\/th>\n<th>Explication<\/th>\n<\/tr>\n<\/thead>\n<tbody>\n<tr>\n<td><strong>DDoS et attaques de pirates<\/strong><\/td>\n<td>Votre site Web ne doit pas n\u00e9cessairement \u00eatre directement touch\u00e9 par une attaque DDoS pour en souffrir. Si vous utilisez un h\u00e9bergement mutualis\u00e9, votre site se trouve sur le m\u00eame serveur que de nombreux autres sites, qui peuvent \u00eatre la proie d&#8217;attaquants. Heureusement, la plupart des h\u00e9bergeurs disposent de services anti-DDoS avanc\u00e9s. Vous pouvez \u00e9galement envisager d&#8217;utiliser des serveurs d\u00e9di\u00e9s pour une protection suppl\u00e9mentaire;<\/td>\n<\/tr>\n<tr>\n<td><strong>Probl\u00e8mes avec les bases de donn\u00e9es ou les logiciels<\/strong><\/td>\n<td>Par exemple, l&#8217;installation d&#8217;un plug-in incompatible peut entra\u00eener l&#8217;arr\u00eat de tout le site WordPress. La suppression accidentelle de certains fichiers ou des erreurs de codage (fautes de frappe, syntaxe incorrecte, boucles infinies) peuvent entra\u00eener des erreurs de serveur. Les conflits internes, les erreurs de base de donn\u00e9es peuvent \u00e9galement conduire \u00e0 ce que votre site affiche des pages partiellement charg\u00e9es, des pages vierges ou ne se charge pas du tout;<\/td>\n<\/tr>\n<tr>\n<td><strong>D\u00e9faillances mat\u00e9rielles<\/strong><\/td>\n<td>Aucun nombre de niveaux de redondance, d&#8217;alimentations ou de contr\u00f4leurs r\u00e9seau ne peut garantir une disponibilit\u00e9 \u00e0 100%. Vous ne pouvez pas pr\u00e9voir une panne de courant g\u00e9n\u00e9ralis\u00e9e ou des dommages accidentels au cordon;<\/td>\n<\/tr>\n<tr>\n<td><strong>Probl\u00e8mes de serveur de noms de domaine (DNS)<\/strong><\/td>\n<td>Parfois, c&#8217;est juste une propagation DNS. Une modification d&#8217;un enregistrement DNS prend g\u00e9n\u00e9ralement quelques heures, mais peut prendre jusqu&#8217;\u00e0 72 heures pour se propager \u00e0 l&#8217;\u00e9chelle mondiale. Une configuration incorrecte peut \u00e9galement en \u00eatre la cause. Une simple faute d&#8217;orthographe d&#8217;un serveur de noms peut fermer votre site Web;<\/td>\n<\/tr>\n<tr>\n<td><strong>Le nom de domaine n&#8217;a pas \u00e9t\u00e9 renouvel\u00e9<\/strong><\/td>\n<td>M\u00eame si vous avez achet\u00e9 un nom de domaine, vous n&#8217;\u00eates pas autoris\u00e9 \u00e0 l&#8217;utiliser ind\u00e9finiment. Comme pour un appartement ou un bail de voiture, l&#8217;enregistrement d&#8217;un nom de domaine doit \u00eatre renouvel\u00e9. Sinon, il deviendra disponible pour un autre utilisateur. Recherchez les noms de domaine que vous pouvez acheter avec notre <a href=\"https:\/\/sitechecker.pro\/domain-availability\/\">v\u00e9rificateur de disponibilit\u00e9 de domaine<\/a><\/td>\n<\/tr>\n<\/tbody>\n<\/table>\n<h2 id=\"ik_Tips\">Conseils de d\u00e9pannage<\/h2>\n<p>Vous avez essay\u00e9 d&#8217;acc\u00e9der \u00e0 un site, mais vous n&#8217;\u00eates nulle part. Que devrais tu faire? Voici quelques recommandations pour les d\u00e9butants :<\/p>\n<ul>\n<li><strong>V\u00e9rifiez l&#8217;URL.<\/strong> Aussi \u00e9vidente que cela puisse para\u00eetre, vous pouvez simplement la mal orthographier sans vous en apercevoir;<\/li>\n<li><strong>Votre URL commence-t-elle par &#8220;http&#8221; ou &#8220;https&#8221;?<\/strong> Ce n&#8217;est pas la m\u00eame chose et certains sites Web ne peuvent pas fonctionner avec les deux;<\/li>\n<li><strong>Votre connexion Internet est-elle correcte?<\/strong> Essayez de visiter des sites populaires tels que Google.com ou Facebook.com;<\/li>\n<li><strong>Utilisez-vous un proxy ou un VPN?<\/strong> D\u00e9sactivez-le et r\u00e9essayez;<\/li>\n<li><strong>S&#8217;agit-il de votre site Web?<\/strong> Si la r\u00e9ponse est &#8220;oui&#8221;, examinez les param\u00e8tres DNS et contactez votre fournisseur d&#8217;h\u00e9bergement pour v\u00e9rifier le serveur. Si le probl\u00e8me vient de l&#8217;h\u00e9bergement et est r\u00e9current, vous pouvez envisager de changer d&#8217;h\u00e9bergeur. Trouvez-vous une entreprise fiable dans la liste des <a href=\"https:\/\/sitechecker.pro\/web-hosting\/\">Meilleurs fournisseurs d&#8217;h\u00e9bergement Web<\/a>!<\/li>\n<\/ul>\n<p>    <div class=\"blog__conversion blog__conversion-app element__logged_out\">\n        <div class=\"blog__conversion-inner\">\n            <p class=\"title\">Quand un site Web est en panne, c'est mauvais, mais il y a beaucoup d'autres probl\u00e8mes qui peuvent nuire \u00e0 votre r\u00e9f\u00e9rencement !<\/p>\n            <p class=\"description\">Pour d\u00e9tecter non seulement les plantages du site Web, mais \u00e9galement d'autres types de probl\u00e8mes techniques, effectuez simplement l'audit complet du site.<\/p>\n            <form id=\"audit__form\"\n                  class=\"article__seo-search audit__form Pour d\u00e9tecter non seulement les plantages du site Web, mais \u00e9galement d'autres types de probl\u00e8mes techniques, effectuez simplement l'audit complet du site.\"\n                  action=\"\"\n                  method=\"POST\"\n                  autocomplete=\"off\">\n                <span class=\"error\"><\/span>\n                <div class=\"error__limits\">Something went wrong. Please, try again later.<\/div>\n                <input name=\"url\"\n                       type=\"text\"\n                       placeholder=\"Entrez votre domaine ici\">\n                                <button type=\"submit\"\n                        class=\"sitechecker__text\">\n                    <span>Lancer l'audit<\/span>\n                    <img src=\"\/wp-content\/themes\/sitechecker\/out\/img_design\/loading.svg\"\n                         width=\"31\"\n                         height=\"30\"\n                         class=\"loading\">\n                <\/button>\n            <\/form>\n        <\/div>\n    <\/div>\n    <\/p>","protected":false},"excerpt":{"rendered":"Vous essayez d&#8217;acc\u00e9der \u00e0 votre site Web et recevez le message indiquant qu&#8217;il n&#8217;est pas disponible. Vous voudrez peut-\u00eatre contacter imm\u00e9diatement votre fournisseur d&#8217;h\u00e9bergement Web. Mais alors les doutes commencent \u00e0 s&#8217;insinuer. Ce site est-il en panne ? Ou s&#8217;agit-il simplement de probl\u00e8mes avec votre fournisseur d&#8217;acc\u00e8s Internet? Ou, peut-\u00eatre, quelque chose ne va pas&#8230;","protected":false},"author":10409641,"featured_media":7891,"parent":0,"menu_order":0,"comment_status":"closed","ping_status":"closed","template":"pages-templates\/pages-minitools.php","meta":[],"categories":[73],"tags":[],"_links":{"self":[{"href":"https:\/\/sitechecker.pro\/fr\/wp-json\/wp\/v2\/pages\/7349"}],"collection":[{"href":"https:\/\/sitechecker.pro\/fr\/wp-json\/wp\/v2\/pages"}],"about":[{"href":"https:\/\/sitechecker.pro\/fr\/wp-json\/wp\/v2\/types\/page"}],"author":[{"embeddable":true,"href":"https:\/\/sitechecker.pro\/fr\/wp-json\/wp\/v2\/users\/10409641"}],"replies":[{"embeddable":true,"href":"https:\/\/sitechecker.pro\/fr\/wp-json\/wp\/v2\/comments?post=7349"}],"version-history":[{"count":64,"href":"https:\/\/sitechecker.pro\/fr\/wp-json\/wp\/v2\/pages\/7349\/revisions"}],"predecessor-version":[{"id":35279,"href":"https:\/\/sitechecker.pro\/fr\/wp-json\/wp\/v2\/pages\/7349\/revisions\/35279"}],"wp:featuredmedia":[{"embeddable":true,"href":"https:\/\/sitechecker.pro\/fr\/wp-json\/wp\/v2\/media\/7891"}],"wp:attachment":[{"href":"https:\/\/sitechecker.pro\/fr\/wp-json\/wp\/v2\/media?parent=7349"}],"wp:term":[{"taxonomy":"category","embeddable":true,"href":"https:\/\/sitechecker.pro\/fr\/wp-json\/wp\/v2\/categories?post=7349"},{"taxonomy":"post_tag","embeddable":true,"href":"https:\/\/sitechecker.pro\/fr\/wp-json\/wp\/v2\/tags?post=7349"}],"curies":[{"name":"wp","href":"https:\/\/api.w.org\/{rel}","templated":true}]}}