{"id":723,"date":"2020-07-07T10:58:15","date_gmt":"2020-07-07T08:58:15","guid":{"rendered":"https:\/\/sitechecker.pro\/?page_id=723"},"modified":"2026-02-20T14:21:36","modified_gmt":"2026-02-20T14:21:36","slug":"serp","status":"publish","type":"page","link":"https:\/\/sitechecker.pro\/fr\/serp\/","title":{"rendered":"V\u00e9rificateur SERP gratuit | Trouver la position du site et les concurrents \u2611"},"content":{"rendered":"<p><\/p>\n<h2 id=\"par1\">Qu&#8217;est-ce que l&#8217;outil Google SERP Checker ?<\/h2>\n<p>Google SERP Checker est un outil qui vous aide \u00e0 examiner le <a href=\"https:\/\/sitechecker.pro\/google-serp-meaning-features-examples\/\" target=\"_blank\" rel=\"noopener noreferrer\">SERP<\/a> pour n&#8217;importe quel mot-cl\u00e9 sur diff\u00e9rents appareils, r\u00e9gions et langues afin de voir vos concurrents et votre place dans le SERP. L&#8217;outil vous permet \u00e9galement de suivre la dynamique de la distribution des classements &#8211; comment votre position et celle de vos concurrents \u00e9voluent sur une p\u00e9riode d\u00e9finie.<\/p>\n<h3>SERP Checker gratuit offre plusieurs avantages<\/h3>\n<ul>\n<li><strong>R\u00e9sultats de recherche sur ordinateur et sur mobile : <\/strong>Cela vous permet de voir o\u00f9 la page des r\u00e9sultats de recherche place le chercheur g\u00e9ographiquement. Il s&#8217;adresse aux utilisateurs qui souhaitent voir les r\u00e9sultats actualis\u00e9s de diff\u00e9rentes r\u00e9gions, notamment les \u00c9tats-Unis, l&#8217;Europe et l&#8217;Asie.<\/li>\n<li><strong>Emplacements &#8211; pays et villes : <\/strong>Cette fonction am\u00e9liore la promotion de votre site dans les r\u00e9sultats de recherche locaux en sp\u00e9cifiant le pays et la ville pour lesquels vous souhaitez suivre les r\u00e9sultats de recherche organiques. Cette fonction est particuli\u00e8rement utile pour les entreprises qui se concentrent sur des territoires sp\u00e9cifiques.<\/li>\n<li><strong>Multi-Languages: <\/strong>L&#8217;outil fournit des r\u00e9sultats plus pr\u00e9cis dans diff\u00e9rentes langues, ce qui est utile pour effectuer des recherches dans des langues autres que l&#8217;anglais.<\/li>\n<li><strong>Aper\u00e7u du Top 100 : <\/strong>Offre une repr\u00e9sentation visuelle des r\u00e9sultats de recherche pour un mot cl\u00e9.<\/li>\n<li><strong>Graphique du Top 100 : <\/strong>Un graphique qui illustre l&#8217;\u00e9volution de la concurrence, vous permettant de s\u00e9lectionner des r\u00e9sultats et de suivre les tendances au fil du temps.<\/li>\n<li><strong>SERP features: <\/strong>Ils identifient les \u00e9l\u00e9ments sp\u00e9ciaux de la page de r\u00e9sultats des moteurs de recherche, tels que les Featured Snippets et les Rich Snippets, et indiquent si votre mot-cl\u00e9 b\u00e9n\u00e9ficie d&#8217;une telle visibilit\u00e9.<\/li>\n<\/ul>\n<h3>Les principales caract\u00e9ristiques de l&#8217;outil de suivi des SERP<\/h3>\n<ol>\n<li><strong>Tableau de bord unifi\u00e9: <\/strong>Obtenez une vue centralis\u00e9e des diff\u00e9rents param\u00e8tres et points de donn\u00e9es SEO.<\/li>\n<li><strong>Interface conviviale: <\/strong>Profitez de la facilit\u00e9 d&#8217;utilisation qui vous permet de naviguer et d&#8217;utiliser ses fonctionnalit\u00e9s sans le moindre probl\u00e8me.<\/li>\n<li><strong>Jeu d&#8217;outils SEO complet : <\/strong>Utilisez une suite d&#8217;outils pour couvrir les diff\u00e9rents aspects du r\u00e9f\u00e9rencement, du <a href=\"https:\/\/sitechecker.pro\/rank-tracker\/\" rel=\"noopener noreferrer\" target=\"_blank\">suivi des classements<\/a> \u00e0 la performance des backlinks et aux alertes sur les probl\u00e8mes critiques.<\/li>\n<\/ol>\n<h2 id=\"par2\">Comment utiliser Google SERP Checker &amp; Tracker<\/h2>\n<p>Lorsqu&#8217;un utilisateur saisit un mot cl\u00e9, l&#8217;outil SERP Check Online Tool vous fournira des donn\u00e9es sur la page de r\u00e9sultats. Ces informations vous aident \u00e0 concevoir votre promotion plus efficacement, car vous savez d\u00e9j\u00e0 ce qu&#8217;il faut faire pour am\u00e9liorer la position de votre site Web.<\/p>\n<h3>\u00c9tape 1 : Cr\u00e9er un projet<\/h3>\n<p>Saisissez l&#8217;URL de votre domaine dans le champ de recherche de la page SERP Checker Online et cliquez sur &#8220;Check SERP&#8221;. Ci-dessous, nous vous montrons des images des \u00e9tapes.<\/p>\n<div class=\"content__img-wrap\"><img src=\"https:\/\/sitechecker.pro\/wp-content\/uploads\/2023\/11\/google-serp-checker.png\" alt=\"Google SERP Checker\" class=\"description-img description-img-zoom\" loading=\"lazy\" ><\/div>\n<div class=\"important-block\">Pour recevoir les r\u00e9sultats et acc\u00e9der aux fonctionnalit\u00e9s de Sitechecker pendant 14 jours, d\u00e9marrez votre essai GRATUIT. L'inscription est facile avec votre e-mail, votre compte Google ou Facebook. Aucune carte de cr\u00e9dit n'est n\u00e9cessaire.<\/div>\n<h3>\u00c9tape 2 : Configuration des mots-cl\u00e9s<\/h3>\n<p>Choisissez et examinez sans effort le positionnement des requ\u00eates de recherche gr\u00e2ce \u00e0 l&#8217;une des trois strat\u00e9gies suivantes : acquisition de recommandations, exploitation des donn\u00e9es de la Google Search Console (GSC) ou importation \u00e0 partir d&#8217;une feuille de calcul Excel.<\/p>\n<div class=\"content__img-wrap\"><img src=\"https:\/\/sitechecker.pro\/wp-content\/uploads\/2024\/02\/1-Keywords-Setup-.png\" alt=\"Keywords Setup\" class=\"description-img description-img-zoom\" loading=\"lazy\" ><\/div>\n<p>L&#8217;outil permet d&#8217;identifier toutes les expressions cl\u00e9s connues pour \u00eatre associ\u00e9es aux classements existants de votre site. Choisissez celles qui correspondent \u00e0 vos objectifs de marketing et surveillez r\u00e9guli\u00e8rement leurs performances.<\/p>\n<div class=\"content__img-wrap\"><img src=\"https:\/\/sitechecker.pro\/wp-content\/uploads\/2024\/02\/2-keyword-suggestion.png\" alt=\"keyword-suggestion\" class=\"description-img description-img-zoom\" loading=\"lazy\" ><\/div>\n<p>Choisissez l&#8217;option &#8220;Google Search Console&#8221; pour importer des expressions cl\u00e9s et \u00e9valuer votre classement pour ces termes. Une bo\u00eete de dialogue vous invite ensuite \u00e0 cr\u00e9er une connexion avec Google Search Console et Analytics.<\/p>\n<div class=\"content__img-wrap\"><img src=\"https:\/\/sitechecker.pro\/wp-content\/uploads\/2024\/02\/3-connection-with-Google-Search-Console-and-Analytics..png\" alt=\"connection with Google Search Console and Analytics\" class=\"description-img description-img-zoom\" loading=\"lazy\" ><\/div>\n<p>Cette fonctionnalit\u00e9 permet \u00e0 notre outil de r\u00e9cup\u00e9rer des phrases cl\u00e9s de Google Search Console, y compris vos donn\u00e9es de classement actuelles, et de les ajouter de mani\u00e8re transparente \u00e0 votre liste de suivi.<\/p>\n<div class=\"content__img-wrap\"><img src=\"https:\/\/sitechecker.pro\/wp-content\/uploads\/2024\/02\/4-key-phrases-from-Google-Search-Console.png\" alt=\"key phrases from Google Search Console\" class=\"description-img description-img-zoom\" loading=\"lazy\" ><\/div>\n<p>Cliquez sur le bouton &#8220;Fichier Excel&#8221; pour importer votre collection personnalis\u00e9e de requ\u00eates de recherche \u00e0 partir d&#8217;une feuille de calcul Excel. L&#8217;outil offre un format convivial qui simplifie le processus d&#8217;ajout de nombreuses requ\u00eates sp\u00e9cifiques pour un suivi et une analyse personnalis\u00e9s.<\/p>\n<div class=\"content__img-wrap\"><img src=\"https:\/\/sitechecker.pro\/wp-content\/uploads\/2024\/02\/5-Import-keywords.png\" alt=\"Import keywords\" class=\"description-img description-img-zoom\" loading=\"lazy\" ><\/div>\n<p>De m\u00eame, vous avez la possibilit\u00e9 de modifier la configuration des moteurs de recherche. Cette fonction vous permet de sp\u00e9cifier votre public cible et d&#8217;affiner vos pr\u00e9f\u00e9rences en mati\u00e8re de moteurs de recherche, en tenant compte d&#8217;aspects tels que les emplacements g\u00e9ographiques, les langues et les types d&#8217;appareils, y compris les ordinateurs de bureau et les t\u00e9l\u00e9phones portables.<\/p>\n<div class=\"content__img-wrap\"><img src=\"https:\/\/sitechecker.pro\/wp-content\/uploads\/2024\/02\/6-Select-search-engine-.png\" alt=\"Select search engine\" class=\"description-img description-img-zoom\" loading=\"lazy\" ><\/div>\n<p>Apr\u00e8s avoir d\u00e9fini vos pr\u00e9f\u00e9rences, cliquez sur &#8220;Ajouter&#8221;.<\/p>\n<p>Ensuite, la fonction &#8220;G\u00e9rer les mots-cl\u00e9s&#8221; vous permet d&#8217;organiser vos expressions cl\u00e9s en cat\u00e9gories et de les classer par pages en fonction de votre approche marketing.<\/p>\n<div class=\"content__img-wrap\"><img src=\"https:\/\/sitechecker.pro\/wp-content\/uploads\/2024\/02\/manage-keywords.png\" alt=\"Manage Keywords\" class=\"description-img description-img-zoom\" loading=\"lazy\" ><\/div>\n<h3>\u00c9tape 3 : Rassembler les donn\u00e9es SERP pour les mots cl\u00e9s et les URL cibl\u00e9s<\/h3>\n<p>Une fois les mots-cl\u00e9s ajout\u00e9s, l&#8217;outil rassemble les donn\u00e9es des r\u00e9sultats de recherche pour ces termes et g\u00e9n\u00e8re une liste de requ\u00eates tra\u00e7ables. \u00c0 ce stade, vous pouvez regrouper les mots-cl\u00e9s pertinents pour le suivi, les URL, y compris le volume de recherche et la pr\u00e9sence de featured snippets, entre autres mesures.<\/p>\n<div class=\"content__img-wrap\"><img src=\"https:\/\/sitechecker.pro\/wp-content\/uploads\/2024\/02\/8-Check-Serp.png\" alt=\"Check Serp\" class=\"description-img description-img-zoom\" loading=\"lazy\" ><\/div>\n<p>En cliquant sur le bouton SERP, vous acc\u00e9dez \u00e0 un \u00e9cran affichant les r\u00e9sultats de recherche pour un mot-cl\u00e9 sp\u00e9cifique, votre classement et des options permettant de comparer vos performances \u00e0 celles de vos concurrents :<\/p>\n<div class=\"content__img-wrap\"><img src=\"https:\/\/sitechecker.pro\/wp-content\/uploads\/2024\/02\/9-Keyword-SERP-statistics.png\" alt=\"Keyword SERP statistics\" class=\"description-img description-img-zoom\" loading=\"lazy\" ><\/div>\n<h2 id=\"par3\">Fonctionnalit\u00e9s suppl\u00e9mentaires de SERP Position Checker<\/h2>\n<p>Notre <a href=\"https:\/\/sitechecker.pro\/rank-tracker\/\" target=\"_blank\" rel=\"noopener noreferrer\">Google SERP tracker<\/a> montre les tendances de classement des mots-cl\u00e9s dans le TOP-100 de Google. Filtrez par position, volume ou groupes personnalis\u00e9s pour obtenir des informations sur les performances.<\/p>\n<div class=\"content__img-wrap\"><img src=\"https:\/\/sitechecker.pro\/wp-content\/uploads\/2023\/11\/google-serp-additional-features.png\" alt=\"Google SERP Additional Features\" class=\"description-img description-img-zoom\" loading=\"lazy\" ><\/div>\n<p>Le graphique suit le classement quotidien, hebdomadaire ou mensuel de votre site et signale les ajouts de mots-cl\u00e9s. Vous pouvez \u00e9galement consulter le classement g\u00e9n\u00e9ral de votre site, sa visibilit\u00e9 et ses pages dans l&#8217;index Google, ainsi que des notes sur les mises \u00e0 jour de Google.<\/p>\n<p>Vous pouvez suivre les changements par mots-cl\u00e9s, positions et pages.<\/p>\n<div class=\"content__img-wrap\"><img src=\"https:\/\/sitechecker.pro\/wp-content\/uploads\/2023\/11\/google-serp-track-changes.png\" alt=\"Google SERP Track Changes\" class=\"description-img description-img-zoom\" loading=\"lazy\" ><\/div>\n<p>En outre, vous pouvez analyser les donn\u00e9es de chaque mot-cl\u00e9 pour observer les fluctuations des r\u00e9sultats de recherche, le comportement des concurrents et l&#8217;\u00e9volution de votre classement au cours de la p\u00e9riode choisie.<\/p>\n<h2 id=\"par4\">Id\u00e9e finale<\/h2>\n<p>L&#8217;outil d&#8217;analyse SERP de <a href=\"http:\/\/sitechecker.pro\" target=\"_blank\" rel=\"noopener noreferrer\">Sitechecker<\/a> est con\u00e7u pour aider \u00e0 suivre le classement d&#8217;un site web dans les pages de r\u00e9sultats des moteurs de recherche. Il propose un tableau de bord unifi\u00e9 avec une interface conviviale et un ensemble complet d&#8217;outils de r\u00e9f\u00e9rencement. Ses fonctionnalit\u00e9s comprennent le suivi des classements sur ordinateur de bureau et mobile, dans diff\u00e9rents lieux et langues, et la fourniture de donn\u00e9es visuelles par le biais d&#8217;instantan\u00e9s et de graphiques des 100 premiers r\u00e9sultats. Il rationalise le processus de suivi des positions des mots-cl\u00e9s, d&#8217;analyse des changements dans les r\u00e9sultats de recherche et de comparaison avec les concurrents, avec des filtres suppl\u00e9mentaires pour des informations d\u00e9taill\u00e9es et la possibilit\u00e9 de suivre la visibilit\u00e9 du site et les tendances de classement au fil du temps.<\/p>\n<div id=\"par5\"><\/div>\n<p><div class=\"front__faq-block\"><div class=\"faq__block-title\">FAQ<\/div><div class=\"panel-group\" id=\"faq-accordion\" itemscope itemtype=\"https:\/\/schema.org\/FAQPage\" role=\"tablist\" aria-multiselectable=\"true\"><div class=\"panel\" itemscope itemtype=\"https:\/\/schema.org\/Question\" itemprop=\"mainEntity\">\n                            <div class=\"panel-heading\" id=\"headingFaq-1\">\n                                <div class=\"panel-title\" data-toggle=\"collapse\" aria-expanded=\"false\" href=\"#collapseFaq-1\">\n                                    <h3 itemprop=\"name\">Comment puis-je v\u00e9rifier mon classement SERP ?<\/h3>\n                                <\/div>\n                            <\/div>\n                            <div id=\"collapseFaq-1\" class=\"panel-collapse collapse\" itemprop=\"acceptedAnswer\" itemscope itemtype=\"http:\/\/schema.org\/Answer\">\n                                <div class=\"panel-body\" itemprop=\"text\">Pour v\u00e9rifier votre classement SERP sur <a href=\"http:\/\/sitechecker.pro\" target=\"_blank\" rel=\"noopener noreferrer\">Sitechecker.pro<\/a>, cr\u00e9ez un projet, int\u00e9grez votre compte Google , ajoutez vos mots-cl\u00e9s et utilisez l&apos;analyseur SERP pour afficher vos positions.<\/div>\n                            <\/div>\n                        <\/div><div class=\"panel\" itemscope itemtype=\"https:\/\/schema.org\/Question\" itemprop=\"mainEntity\">\n                            <div class=\"panel-heading\" id=\"headingFaq-2\">\n                                <div class=\"panel-title\" data-toggle=\"collapse\" aria-expanded=\"false\" href=\"#collapseFaq-2\">\n                                    <h3 itemprop=\"name\">L&apos;outil de v\u00e9rification SERP est-il gratuit ?<\/h3>\n                                <\/div>\n                            <\/div>\n                            <div id=\"collapseFaq-2\" class=\"panel-collapse collapse\" itemprop=\"acceptedAnswer\" itemscope itemtype=\"http:\/\/schema.org\/Answer\">\n                                <div class=\"panel-body\" itemprop=\"text\"><a href=\"http:\/\/sitechecker.pro\" target=\"_blank\" rel=\"noopener noreferrer\">Sitechecker.pro<\/a> propose un essai gratuit pour son outil SERP Checker, avec un acc\u00e8s suppl\u00e9mentaire pouvant n\u00e9cessiter un abonnement apr\u00e8s la p\u00e9riode d&apos;essai.<\/div>\n                            <\/div>\n                        <\/div><div class=\"panel\" itemscope itemtype=\"https:\/\/schema.org\/Question\" itemprop=\"mainEntity\">\n                            <div class=\"panel-heading\" id=\"headingFaq-3\">\n                                <div class=\"panel-title\" data-toggle=\"collapse\" aria-expanded=\"false\" href=\"#collapseFaq-3\">\n                                    <h3 itemprop=\"name\">Comment puis-je surveiller les SERP ?<\/h3>\n                                <\/div>\n                            <\/div>\n                            <div id=\"collapseFaq-3\" class=\"panel-collapse collapse\" itemprop=\"acceptedAnswer\" itemscope itemtype=\"http:\/\/schema.org\/Answer\">\n                                <div class=\"panel-body\" itemprop=\"text\">Surveillez les r\u00e9sultats de recherche en utilisant r\u00e9guli\u00e8rement l&apos;outil d&apos;analyse SERP pour suivre vos mots-cl\u00e9s positions, comparer avec les concurrents et analyser les tendances de classement au fil du temps.<\/div>\n                            <\/div>\n                        <\/div><\/div><\/div><\/p>","protected":false},"excerpt":{"rendered":"Qu&#8217;est-ce que l&#8217;outil Google SERP Checker ? Google SERP Checker est un outil qui vous aide \u00e0 examiner le SERP pour n&#8217;importe quel mot-cl\u00e9 sur diff\u00e9rents appareils, r\u00e9gions et langues afin de voir vos concurrents et votre place dans le SERP. L&#8217;outil vous permet \u00e9galement de suivre la dynamique de la distribution des classements &#8211;&#8230;","protected":false},"author":10409641,"featured_media":3416,"parent":0,"menu_order":0,"comment_status":"closed","ping_status":"closed","template":"pages-templates\/pages-minitools.php","meta":[],"categories":[75],"tags":[],"_links":{"self":[{"href":"https:\/\/sitechecker.pro\/fr\/wp-json\/wp\/v2\/pages\/723"}],"collection":[{"href":"https:\/\/sitechecker.pro\/fr\/wp-json\/wp\/v2\/pages"}],"about":[{"href":"https:\/\/sitechecker.pro\/fr\/wp-json\/wp\/v2\/types\/page"}],"author":[{"embeddable":true,"href":"https:\/\/sitechecker.pro\/fr\/wp-json\/wp\/v2\/users\/10409641"}],"replies":[{"embeddable":true,"href":"https:\/\/sitechecker.pro\/fr\/wp-json\/wp\/v2\/comments?post=723"}],"version-history":[{"count":129,"href":"https:\/\/sitechecker.pro\/fr\/wp-json\/wp\/v2\/pages\/723\/revisions"}],"predecessor-version":[{"id":39440,"href":"https:\/\/sitechecker.pro\/fr\/wp-json\/wp\/v2\/pages\/723\/revisions\/39440"}],"wp:featuredmedia":[{"embeddable":true,"href":"https:\/\/sitechecker.pro\/fr\/wp-json\/wp\/v2\/media\/3416"}],"wp:attachment":[{"href":"https:\/\/sitechecker.pro\/fr\/wp-json\/wp\/v2\/media?parent=723"}],"wp:term":[{"taxonomy":"category","embeddable":true,"href":"https:\/\/sitechecker.pro\/fr\/wp-json\/wp\/v2\/categories?post=723"},{"taxonomy":"post_tag","embeddable":true,"href":"https:\/\/sitechecker.pro\/fr\/wp-json\/wp\/v2\/tags?post=723"}],"curies":[{"name":"wp","href":"https:\/\/api.w.org\/{rel}","templated":true}]}}