{"id":7001,"date":"2019-05-28T07:48:33","date_gmt":"2019-05-28T07:48:33","guid":{"rendered":"https:\/\/sitechecker.pro\/?page_id=7001"},"modified":"2025-01-13T21:39:38","modified_gmt":"2025-01-13T21:39:38","slug":"domain-availability","status":"publish","type":"page","link":"https:\/\/sitechecker.pro\/fr\/domain-availability\/","title":{"rendered":"V\u00e9rificateur de disponibilit\u00e9 de nom de domaine: v\u00e9rifier si l&#8217;adresse du site Web est disponible"},"content":{"rendered":"<p><\/p>\n<h2><strong>Pourquoi avez-vous besoin de v\u00e9rifier la disponibilit\u00e9 nom de domaine?<\/strong><\/h2>\n<p>Lorsque vous lancez une startup, vous pensez rarement \u00e0 enregistrer votre propre marque. Et quand le succ\u00e8s vient, il apporte de nouveaux probl\u00e8mes. Les gens peuvent d&#8217;abord enregistrer votre marque ou acheter des noms de domaine qui incluent votre marque. Pour \u00e9viter cela, enregistrez diverses extensions de votre domaine afin de prot\u00e9ger la marque des cybersquatteurs. Si vous avez besoin de trouver le meilleur nom de domaine pour votre marque, utilisez le g\u00e9n\u00e9rateur de nom de site Web \u00e0 cette fin.<\/p>\n<h2><strong>Comment fonctionne le v\u00e9rificateur nom de domaine disponible?<\/strong><\/h2>\n<p>Entrez le nom de domaine que vous souhaitez enregistrer. L&#8217;outil cherchera des noms de domaine similaires substituant votre marque \u00e0 d&#8217;autres domaines de premier niveau.<\/p>","protected":false},"excerpt":{"rendered":"Pourquoi avez-vous besoin de v\u00e9rifier la disponibilit\u00e9 nom de domaine? Lorsque vous lancez une startup, vous pensez rarement \u00e0 enregistrer votre propre marque. Et quand le succ\u00e8s vient, il apporte de nouveaux probl\u00e8mes. Les gens peuvent d&#8217;abord enregistrer votre marque ou acheter des noms de domaine qui incluent votre marque. Pour \u00e9viter cela, enregistrez diverses&#8230;","protected":false},"author":10409641,"featured_media":6982,"parent":0,"menu_order":0,"comment_status":"closed","ping_status":"closed","template":"pages.php","meta":[],"categories":[73],"tags":[],"_links":{"self":[{"href":"https:\/\/sitechecker.pro\/fr\/wp-json\/wp\/v2\/pages\/7001"}],"collection":[{"href":"https:\/\/sitechecker.pro\/fr\/wp-json\/wp\/v2\/pages"}],"about":[{"href":"https:\/\/sitechecker.pro\/fr\/wp-json\/wp\/v2\/types\/page"}],"author":[{"embeddable":true,"href":"https:\/\/sitechecker.pro\/fr\/wp-json\/wp\/v2\/users\/10409641"}],"replies":[{"embeddable":true,"href":"https:\/\/sitechecker.pro\/fr\/wp-json\/wp\/v2\/comments?post=7001"}],"version-history":[{"count":38,"href":"https:\/\/sitechecker.pro\/fr\/wp-json\/wp\/v2\/pages\/7001\/revisions"}],"predecessor-version":[{"id":34888,"href":"https:\/\/sitechecker.pro\/fr\/wp-json\/wp\/v2\/pages\/7001\/revisions\/34888"}],"wp:featuredmedia":[{"embeddable":true,"href":"https:\/\/sitechecker.pro\/fr\/wp-json\/wp\/v2\/media\/6982"}],"wp:attachment":[{"href":"https:\/\/sitechecker.pro\/fr\/wp-json\/wp\/v2\/media?parent=7001"}],"wp:term":[{"taxonomy":"category","embeddable":true,"href":"https:\/\/sitechecker.pro\/fr\/wp-json\/wp\/v2\/categories?post=7001"},{"taxonomy":"post_tag","embeddable":true,"href":"https:\/\/sitechecker.pro\/fr\/wp-json\/wp\/v2\/tags?post=7001"}],"curies":[{"name":"wp","href":"https:\/\/api.w.org\/{rel}","templated":true}]}}