{"id":6997,"date":"2019-05-27T15:25:15","date_gmt":"2019-05-27T15:25:15","guid":{"rendered":"https:\/\/sitechecker.pro\/?page_id=6997"},"modified":"2025-02-06T09:20:26","modified_gmt":"2025-02-06T09:20:26","slug":"gzip-test","status":"publish","type":"page","link":"https:\/\/sitechecker.pro\/fr\/gzip-test\/","title":{"rendered":"Test GZIP \u1408 V\u00e9rifiez la compression de votre site"},"content":{"rendered":"<p><\/p>\n<h2 id=\"par1\">Qu&#8217;est-ce qu&#8217;un v\u00e9rificateur GZIP ? <\/h2>\n<p>Le testeur de compression GZIP est un outil en ligne con\u00e7u pour am\u00e9liorer les performances des sites web en v\u00e9rifiant le compactage des donn\u00e9es. Gr\u00e2ce \u00e0 lui, les propri\u00e9taires et les d\u00e9veloppeurs de sites web peuvent d\u00e9terminer si leurs pages web sont compress\u00e9es de mani\u00e8re efficace. Ils peuvent r\u00e9soudre les probl\u00e8mes li\u00e9s aux temps de chargement lents et aux grandes tailles de transfert de donn\u00e9es, am\u00e9liorant ainsi l&#8217;exp\u00e9rience de l&#8217;utilisateur gr\u00e2ce \u00e0 un acc\u00e8s plus rapide au site web.<\/p>\n<h3>Comment l&#8217;outil de compression GZIP peut vous \u00eatre utile<\/h3>\n<p><strong>V\u00e9rification du compactage des donn\u00e9es : <\/strong>V\u00e9rification de la compression des donn\u00e9es : <\/strong>V\u00e9rifie que la fonctionnalit\u00e9 de compression des donn\u00e9es est active et disponible sur votre site web.<\/p>\n<p><strong>Surveillance du site web : <\/strong>Permet d&#8217;identifier les erreurs de vitesse du site en temps r\u00e9el, d&#8217;en comprendre les causes et d&#8217;en suivre la dynamique.<\/p>\n<p><strong>Alertes personnalis\u00e9es : <\/strong>D\u00e9livre des notifications sur les erreurs li\u00e9es aux probl\u00e8mes de vitesse de t\u00e9l\u00e9chargement pour vous tenir inform\u00e9 et proactif.<\/p>\n<p><strong>Audit de site : <\/strong>Identifie rapidement les probl\u00e8mes de vitesse de chargement des pages web et les performances globales du site.<\/p>\n<p><strong>Recommandations de r\u00e9solution d&#8217;erreurs : <\/strong>Fournit des conseils pratiques pour rem\u00e9dier \u00e0 ces probl\u00e8mes.<\/p>\n<h3>Caract\u00e9ristiques principales du testeur de compression GZIP<\/h3>\n<p><strong>Tableau de bord unifi\u00e9 : <\/strong>Une plateforme centralis\u00e9e pour une gestion et une surveillance transparentes des mesures de performance de votre site Web.<\/p>\n<p><strong>Interface conviviale : <\/strong>Assure une exp\u00e9rience fluide et une facilit\u00e9 d&#8217;utilisation, m\u00eame pour les personnes ayant une expertise technique minimale.<\/p>\n<p><strong>Outil de r\u00e9f\u00e9rencement complet : <\/strong>Une suite compl\u00e8te d&#8217;outils de r\u00e9f\u00e9rencement qui fournit tout ce dont vous avez besoin pour optimiser le classement de votre site Web dans les moteurs de recherche.<\/p>\n<h2 id=\"par2\">Comment utiliser le v\u00e9rificateur de compression GZIP<\/h2>\n<h3>\u00c9tape 1 : Ins\u00e9rez votre domaine<\/h3>\n<p>Notre testeur GZIP v\u00e9rifie si la compression des donn\u00e9es est activ\u00e9e sur le serveur web qui h\u00e9berge votre site. L&#8217;outil se connectera \u00e0 votre serveur et affichera si le compactage des donn\u00e9es est op\u00e9rationnel.<\/p>\n<div class=\"content__img-wrap\"><img src=\"https:\/\/sitechecker.pro\/wp-content\/uploads\/2023\/11\/check-gzip-compression.png\" alt=\"Check GZIP Compression\" class=\"description-img description-img-zoom\" loading=\"lazy\" ><\/div>\n<h3>Etape 2 : Interpr\u00e9tation des r\u00e9sultats du v\u00e9rificateur de compression GZIP<\/h3>\n<p>Sous la zone de saisie, une bo\u00eete de r\u00e9sultats confirme l&#8217;activation r\u00e9ussie de l&#8217;algorithme de compression. Elle montre une diminution notable de la taille de la page, ce qui souligne l&#8217;efficacit\u00e9 d&#8217;optimization dans l&#8217;am\u00e9lioration des performances du site web en minimisant le transfert de donn\u00e9es.<\/p>\n<div class=\"content__img-wrap\"><img src=\"https:\/\/sitechecker.pro\/wp-content\/uploads\/2023\/11\/gzip-compression-results.png\" alt=\"GZIP Compression Results\" class=\"description-img description-img-zoom\" loading=\"lazy\" ><\/div>\n<p>Pour une gestion durable de l&#8217;\u00e9tat de compactage des donn\u00e9es de votre site Web, envisagez un service de surveillance qui offre des capacit\u00e9s de contr\u00f4le continu, 24 heures sur 24 et 7 jours sur 7. Commencez votre essai gratuit pour acc\u00e9der \u00e0 plus de donn\u00e9es et maximiser l&#8217;efficacit\u00e9 de SiteChecker. L&#8217;outil rassemblera les donn\u00e9es essentielles pour surveiller les principaux indicateurs de sant\u00e9 de votre site Web.<\/p>\n<p><strong>V\u00e9rifier la compression du site web et la surveillance int\u00e9gr\u00e9e<\/strong><\/p>\n<p>Am\u00e9liorez les performances de votre site en utilisant GZIP Test Online, soutenu par un tableau de bord de surveillance intuitif :<\/p>\n<ul>\n<li><strong>Alertes instantan\u00e9es : <\/strong>Servez-vous des mises \u00e0 jour cruciales, comme les optimisations visant \u00e0 r\u00e9duire la largeur du DOM, qui affectent directement les vitesses de chargement.<\/li>\n<li><strong>Audit Insights : <\/strong>Acc\u00e9dez \u00e0 des graphiques visuels affichant la piste d&#8217;audit de votre site, de la d\u00e9tection \u00e0 la r\u00e9solution des probl\u00e8mes, refl\u00e9t\u00e9s dans un score de site Web complet.<\/li>\n<li><strong>Concentration cibl\u00e9e : <\/strong>Utilisez des filtres pour cibler les am\u00e9liorations de la vitesse des pages.<\/li>\n<\/ul>\n<p>Tirez parti de notre outil pour une pr\u00e9sence en ligne transparente, rapide et plus facilement consultable.<\/p>\n<div class=\"content__img-wrap\"><img src=\"https:\/\/sitechecker.pro\/wp-content\/uploads\/2023\/11\/site-monitoring.png\" alt=\"Site Monitoring\" class=\"description-img description-img-zoom\" loading=\"lazy\" ><\/div>\n<h2 id=\"par3\">Fonctionnalit\u00e9s suppl\u00e9mentaires du test GZIP<\/h2>\n<p>La section &#8220;Audit du site&#8221; d&#8217;une plateforme d&#8217;optimisation web met en \u00e9vidence les probl\u00e8mes de vitesse de page qui affectent les performances du site et les taux de conversion. Elle d\u00e9tecte les probl\u00e8mes d&#8217;optimisation des images, d&#8217;efficacit\u00e9 du code et de taille des fichiers qui requi\u00e8rent votre attention. Les scores de vitesse de la page d&#8217;accueil de Mobile et Desktop PageSpeed Insights servent de r\u00e9f\u00e9rence.<\/p>\n<p>L&#8217;audit confirme \u00e9galement les zones sans probl\u00e8me et affiche un graphique \u00e0 barres des pourcentages de pages affect\u00e9es. Il offre une vue compl\u00e8te des performances web afin de rationaliser le chargement et la dur\u00e9e des pages gr\u00e2ce \u00e0 l&#8217;int\u00e9gration de la compression des donn\u00e9es GZIP.<\/p>\n<div class=\"content__img-wrap\"><img src=\"https:\/\/sitechecker.pro\/wp-content\/uploads\/2023\/11\/additional-features-gzip-test.png\" alt=\"Fonctionnalit\u00e9s suppl\u00e9mentaires Test GZIP\" class=\"description-img description-img-zoom\" loading=\"lazy\" ><\/div>\n<p>Par exemple, en s\u00e9lectionnant &#8220;Voir&#8221; pour le probl\u00e8me de report des images hors \u00e9cran, vous acc\u00e9derez \u00e0 une liste de toutes les pages du site qui rencontrent ce probl\u00e8me. Cette fonctionnalit\u00e9 examine l&#8217;erreur sp\u00e9cifique dans le code de la page et fournit des recommandations pour r\u00e9soudre le probl\u00e8me.<\/p>\n<div class=\"content__img-wrap\"><img src=\"https:\/\/sitechecker.pro\/wp-content\/uploads\/2023\/11\/defer-offscreen-images.png\" alt=\"Defer Offscreen Images\" class=\"description-img description-img-zoom\" loading=\"lazy\" ><\/div>\n<h2 id=\"par4\">Id\u00e9e finale<\/h2>\n<p>Le test GZIP est essentiel pour am\u00e9liorer les temps de chargement des sites web en compressant les fichiers web, ce qui permet un acc\u00e8s plus rapide aux utilisateurs. Il v\u00e9rifie le compactage des donn\u00e9es utilis\u00e9 sur des pages sp\u00e9cifiques, identifie rapidement les probl\u00e8mes de performance et propose des solutions. Le tableau de bord unifi\u00e9, l&#8217;interface conviviale et les outils SEO de l&#8217;outil, ainsi que les alertes instantan\u00e9es et les aper\u00e7us d&#8217;audit, favorisent l&#8217;optimisation proactive du site. Son syst\u00e8me de surveillance assure un contr\u00f4le continu. Le test GZIP est une solution compl\u00e8te pour maintenir une pr\u00e9sence en ligne efficace et optimis\u00e9e pour le r\u00e9f\u00e9rencement.<\/p>\n<div id=\"par5\"><\/div>\n<p><div class=\"front__faq-block\"><div class=\"faq__block-title\">FAQ<\/div><div class=\"panel-group\" id=\"faq-accordion\" itemscope itemtype=\"https:\/\/schema.org\/FAQPage\" role=\"tablist\" aria-multiselectable=\"true\"><div class=\"panel\" itemscope itemtype=\"https:\/\/schema.org\/Question\" itemprop=\"mainEntity\">\n                            <div class=\"panel-heading\" id=\"headingFaq-1\">\n                                <div class=\"panel-title\" data-toggle=\"collapse\" aria-expanded=\"false\" href=\"#collapseFaq-1\">\n                                    <h3 itemprop=\"name\">L&apos;outil de compression GZIP peut-il aider \u00e0 r\u00e9duire le temps de r\u00e9ponse du serveur ?<\/h3>\n                                <\/div>\n                            <\/div>\n                            <div id=\"collapseFaq-1\" class=\"panel-collapse collapse\" itemprop=\"acceptedAnswer\" itemscope itemtype=\"http:\/\/schema.org\/Answer\">\n                                <div class=\"panel-body\" itemprop=\"text\">Oui, en compressant les fichiers Web, le site Web de v\u00e9rification GZIP r\u00e9duit la quantit\u00e9 de donn\u00e9es transf\u00e9r\u00e9es entre le serveur et le client. Cela r\u00e9duit \u00e9galement la consommation de bande passante, ce qui affecte le temps de r\u00e9ponse du serveur.<\/div>\n                            <\/div>\n                        <\/div><div class=\"panel\" itemscope itemtype=\"https:\/\/schema.org\/Question\" itemprop=\"mainEntity\">\n                            <div class=\"panel-heading\" id=\"headingFaq-2\">\n                                <div class=\"panel-title\" data-toggle=\"collapse\" aria-expanded=\"false\" href=\"#collapseFaq-2\">\n                                    <h3 itemprop=\"name\">L&apos;outil de compression GZIP prend-il en charge tous les types de formats de fichiers et de fichiers Web ?<\/h3>\n                                <\/div>\n                            <\/div>\n                            <div id=\"collapseFaq-2\" class=\"panel-collapse collapse\" itemprop=\"acceptedAnswer\" itemscope itemtype=\"http:\/\/schema.org\/Answer\">\n                                <div class=\"panel-body\" itemprop=\"text\">L&apos;outil de compactage des donn\u00e9es prend principalement en charge le compactage des donn\u00e9es aux formats HTML, CSS et JavaScript. Ces fichiers connaissent g\u00e9n\u00e9ralement la r\u00e9duction de taille et l&apos;am\u00e9lioration des performances les plus significatives.<\/div>\n                            <\/div>\n                        <\/div><div class=\"panel\" itemscope itemtype=\"https:\/\/schema.org\/Question\" itemprop=\"mainEntity\">\n                            <div class=\"panel-heading\" id=\"headingFaq-3\">\n                                <div class=\"panel-title\" data-toggle=\"collapse\" aria-expanded=\"false\" href=\"#collapseFaq-3\">\n                                    <h3 itemprop=\"name\">L&apos;activation du compactage des donn\u00e9es GZIP affectera-t-elle la qualit\u00e9 du contenu de mon site Web ?<\/h3>\n                                <\/div>\n                            <\/div>\n                            <div id=\"collapseFaq-3\" class=\"panel-collapse collapse\" itemprop=\"acceptedAnswer\" itemscope itemtype=\"http:\/\/schema.org\/Answer\">\n                                <div class=\"panel-body\" itemprop=\"text\">Non, le compactage des donn\u00e9es est une op\u00e9ration sans perte. L&apos;outil r\u00e9duit la taille du fichier compress\u00e9 sans affecter la qualit\u00e9 du contenu.<\/div>\n                            <\/div>\n                        <\/div><div class=\"panel\" itemscope itemtype=\"https:\/\/schema.org\/Question\" itemprop=\"mainEntity\">\n                            <div class=\"panel-heading\" id=\"headingFaq-4\">\n                                <div class=\"panel-title\" data-toggle=\"collapse\" aria-expanded=\"false\" href=\"#collapseFaq-4\">\n                                    <h3 itemprop=\"name\">Comment activer la compression GZIP ?<\/h3>\n                                <\/div>\n                            <\/div>\n                            <div id=\"collapseFaq-4\" class=\"panel-collapse collapse\" itemprop=\"acceptedAnswer\" itemscope itemtype=\"http:\/\/schema.org\/Answer\">\n                                <div class=\"panel-body\" itemprop=\"text\">Pour activer le compactage des donn\u00e9es, configurez les param\u00e8tres de votre serveur Web. De cette fa\u00e7on, vous compressez les fichiers du site Web avant de les envoyer au navigateur. Cela implique g\u00e9n\u00e9ralement de modifier votre fichier .htaccess (pour les serveurs Apache) ou le fichier de configuration appropri\u00e9 pour d&apos;autres serveurs Web comme Nginx ou IIS. Pour certains syst\u00e8mes de gestion de contenu, vous pouvez utiliser des plugins ou des param\u00e8tres par d\u00e9faut int\u00e9gr\u00e9s pour activer le compactage des donn\u00e9es GZIP.<\/div>\n                            <\/div>\n                        <\/div><div class=\"panel\" itemscope itemtype=\"https:\/\/schema.org\/Question\" itemprop=\"mainEntity\">\n                            <div class=\"panel-heading\" id=\"headingFaq-5\">\n                                <div class=\"panel-title\" data-toggle=\"collapse\" aria-expanded=\"false\" href=\"#collapseFaq-5\">\n                                    <h3 itemprop=\"name\">Comment le v\u00e9rificateur de compression GZIP interagit-il avec la mise en cache du navigateur ?<\/h3>\n                                <\/div>\n                            <\/div>\n                            <div id=\"collapseFaq-5\" class=\"panel-collapse collapse\" itemprop=\"acceptedAnswer\" itemscope itemtype=\"http:\/\/schema.org\/Answer\">\n                                <div class=\"panel-body\" itemprop=\"text\">Le v\u00e9rificateur de compression GZIP fonctionne parall\u00e8lement \u00e0 la mise en cache du navigateur en r\u00e9duisant la taille des fichiers avant que les versions enti\u00e8rement compress\u00e9es des fichiers ne soient stock\u00e9es dans le cache. Il am\u00e9liore les vitesses de r\u00e9cup\u00e9ration pour les visites r\u00e9p\u00e9t\u00e9es.<\/div>\n                            <\/div>\n                        <\/div><\/div><\/div><\/p>","protected":false},"excerpt":{"rendered":"Qu&#8217;est-ce qu&#8217;un v\u00e9rificateur GZIP ? Le testeur de compression GZIP est un outil en ligne con\u00e7u pour am\u00e9liorer les performances des sites web en v\u00e9rifiant le compactage des donn\u00e9es. Gr\u00e2ce \u00e0 lui, les propri\u00e9taires et les d\u00e9veloppeurs de sites web peuvent d\u00e9terminer si leurs pages web sont compress\u00e9es de mani\u00e8re efficace. Ils peuvent r\u00e9soudre les&#8230;","protected":false},"author":10409641,"featured_media":6977,"parent":0,"menu_order":0,"comment_status":"closed","ping_status":"closed","template":"pages-templates\/pages-minitools.php","meta":[],"categories":[74],"tags":[],"_links":{"self":[{"href":"https:\/\/sitechecker.pro\/fr\/wp-json\/wp\/v2\/pages\/6997"}],"collection":[{"href":"https:\/\/sitechecker.pro\/fr\/wp-json\/wp\/v2\/pages"}],"about":[{"href":"https:\/\/sitechecker.pro\/fr\/wp-json\/wp\/v2\/types\/page"}],"author":[{"embeddable":true,"href":"https:\/\/sitechecker.pro\/fr\/wp-json\/wp\/v2\/users\/10409641"}],"replies":[{"embeddable":true,"href":"https:\/\/sitechecker.pro\/fr\/wp-json\/wp\/v2\/comments?post=6997"}],"version-history":[{"count":54,"href":"https:\/\/sitechecker.pro\/fr\/wp-json\/wp\/v2\/pages\/6997\/revisions"}],"predecessor-version":[{"id":35340,"href":"https:\/\/sitechecker.pro\/fr\/wp-json\/wp\/v2\/pages\/6997\/revisions\/35340"}],"wp:featuredmedia":[{"embeddable":true,"href":"https:\/\/sitechecker.pro\/fr\/wp-json\/wp\/v2\/media\/6977"}],"wp:attachment":[{"href":"https:\/\/sitechecker.pro\/fr\/wp-json\/wp\/v2\/media?parent=6997"}],"wp:term":[{"taxonomy":"category","embeddable":true,"href":"https:\/\/sitechecker.pro\/fr\/wp-json\/wp\/v2\/categories?post=6997"},{"taxonomy":"post_tag","embeddable":true,"href":"https:\/\/sitechecker.pro\/fr\/wp-json\/wp\/v2\/tags?post=6997"}],"curies":[{"name":"wp","href":"https:\/\/api.w.org\/{rel}","templated":true}]}}