{"id":6992,"date":"2019-05-27T14:19:09","date_gmt":"2019-05-27T14:19:09","guid":{"rendered":"https:\/\/sitechecker.pro\/?page_id=6992"},"modified":"2025-03-18T08:21:22","modified_gmt":"2025-03-18T08:21:22","slug":"website-safety","status":"publish","type":"page","link":"https:\/\/sitechecker.pro\/fr\/website-safety\/","title":{"rendered":"Website Safety Checker | Test de s\u00e9curit\u00e9 GRATUIT \u2611"},"content":{"rendered":"<p><\/p>\n<h2 id=\"par1\">Qu&#8217;est-ce qu&#8217;un v\u00e9rificateur de s\u00e9curit\u00e9 de site Web\u00a0?<\/h2>\n<p>Le v\u00e9rificateur de s\u00e9curit\u00e9 de site Web de <a href=\"https:\/\/sitechecker.pro\/\" target=\"_blank\" rel=\"noopener noreferrer\">Sitechecker<\/a> est con\u00e7u pour \u00e9valuer la s\u00e9curit\u00e9 de votre site. Il utilise Google Safe Browsing Checker pour fournir des d\u00e9tails complets sur le domaine, \u00e9value si le site appara\u00eet sur une <a href=\"https:\/\/sitechecker.pro\/what-is-url-blacklist\/\" target=\"_blank\" rel=\"noopener noreferrer\">liste noire<\/a> et offre une option pour t\u00e9l\u00e9charger les r\u00e9sultats au format PDF. De plus, l&#8217;outil peut effectuer un audit pour identifier et corriger les erreurs techniques qui peuvent nuire \u00e0 votre site, garantissant une analyse approfondie pour maintenir sa s\u00e9curit\u00e9 et son int\u00e9grit\u00e9.<\/p>\n<h3>L&#8217;outil peut vous aider en<\/h3>\n<ul>\n<li><strong>Int\u00e9gration avec Google Safe Browsing Checker<\/strong> &#8211; Pour d\u00e9tecter les menaces potentielles.<\/li>\n<li><strong>V\u00e9rification de la liste noire<\/strong> &#8211; V\u00e9rifie si la ressource Web est r\u00e9pertori\u00e9e sur une liste noire.<\/li>\n<li><strong>Test technique de s\u00e9curit\u00e9<\/strong> &#8211; Identifie et corrige les erreurs techniques qui ont un impact sur la s\u00e9curit\u00e9 du site.<\/li>\n<\/ul>\n<h3>Principales fonctionnalit\u00e9s de l&#8217;outil<\/h3>\n<p><strong>Tableau de bord unifi\u00e9<\/strong> &#8211; Fournit un aper\u00e7u complet des m\u00e9triques du site.<br \/>\n<strong>Interface conviviale<\/strong> &#8211; Garantit une navigation et une facilit\u00e9 d&#8217;utilisation faciles pour les utilisateurs de tous niveaux d&#8217;expertise.<br \/>\n<strong>Ensemble complet d&#8217;outils SEO<\/strong> &#8211; Offre une vaste gamme d&#8217;outils SEO pour la recherche de mots cl\u00e9s, les <a href=\"https:\/\/sitechecker.pro\/on-page-seo-checker\/\" target=\"_blank\" rel=\"noopener noreferrer\">audits de site<\/a>, et plus encore, visant \u00e0 am\u00e9liorer les performances du site Web et la visibilit\u00e9 des moteurs de recherche.<\/p>\n<h2 id=\"par2\">Comment utiliser l&#8217;outil<\/h2>\n<h3>\u00c9tape 1\u00a0: pour lancer la v\u00e9rification de la s\u00e9curit\u00e9 du site Web, saisissez simplement l&#8217;URL de votre domaine et cliquez sur le bouton \u00ab\u00a0V\u00e9rifier la s\u00e9curit\u00e9\u00a0\u00bb<\/h3>\n<div class=\"content__img-wrap\"><img src=\"https:\/\/sitechecker.pro\/wp-content\/uploads\/2024\/02\/website-safety-checker.png\" alt=\"V\u00e9rificateur de s\u00e9curit\u00e9 du site Web\" class=\"description-img description-img-zoom\" loading=\"lazy\" ><\/div>\n<h3>\u00c9tape 2\u00a0: obtenez le r\u00e9sultat<\/h3>\n<p>Le v\u00e9rificateur de s\u00e9curit\u00e9 du site Web est un outil robuste con\u00e7u pour \u00e9valuer la s\u00e9curit\u00e9 des sites. Les utilisateurs peuvent saisir l&#8217;URL d&#8217;un site dans l&#8217;interface pour effectuer un contr\u00f4le de s\u00e9curit\u00e9, qui r\u00e9v\u00e9lera si le site est sur liste noire ou s&#8217;il est s\u00fbr \u00e0 utiliser, en fonction des donn\u00e9es de navigation s\u00e9curis\u00e9e de Google. L&#8217;outil fournit \u00e9galement des d\u00e9tails cl\u00e9s tels que le statut d&#8217;enregistrement du domaine, l&#8217;adresse IP et l&#8217;emplacement g\u00e9ographique, avec des options pour t\u00e9l\u00e9charger le rapport ou copier ses d\u00e9tails.<\/p>\n<div class=\"content__img-wrap\"><img src=\"https:\/\/sitechecker.pro\/wp-content\/uploads\/2024\/02\/safety-checker-results.png\" alt=\"R\u00e9sultats du v\u00e9rificateur de s\u00e9curit\u00e9\" class=\"description-img description-img-zoom\" loading=\"lazy\" ><\/div>\n<h2 id=\"par3\">Fonctionnalit\u00e9s suppl\u00e9mentaires<\/h2>\n<p>L&#8217;outil fournit une \u00e9valuation d\u00e9taill\u00e9e des fonctionnalit\u00e9s de s\u00e9curit\u00e9 de votre site. Pour une exp\u00e9rience pratique, vous pouvez lancer un essai gratuit en s\u00e9lectionnant le bouton appropri\u00e9 situ\u00e9 en bas \u00e0 gauche de l&#8217;interface des r\u00e9sultats.<\/p>\n<p>Le v\u00e9rificateur de s\u00e9curit\u00e9 des sites Web de Google pr\u00e9sente un tableau de bord organis\u00e9 avec diff\u00e9rentes sections, telles que \u00ab Liste des probl\u00e8mes \u00bb et \u00ab Pages affect\u00e9es par cat\u00e9gorie \u00bb, fournissant une analyse d\u00e9taill\u00e9e des performances et de la s\u00e9curit\u00e9 du site. Cela inclut le nombre de probl\u00e8mes critiques, d&#8217;avertissements et d&#8217;opportunit\u00e9s d&#8217;am\u00e9lioration.<\/p>\n<p>La section \u00ab S\u00e9curit\u00e9 \u00bb met en \u00e9vidence des vuln\u00e9rabilit\u00e9s sp\u00e9cifiques, comme les pages avec des liens internes vers HTTP ou des d\u00e9fenses manquantes contre les attaques Web courantes. Pour une analyse plus approfondie de la structure des r\u00e9pertoires de votre site, la fonction <a href=\"https:\/\/sitechecker.pro\/directory-scanner\/\"> Directory Scanner<\/a> peut \u00eatre utilis\u00e9e pour examiner tous les r\u00e9pertoires et fichiers \u00e0 la recherche de risques de s\u00e9curit\u00e9 potentiels ou de protocoles obsol\u00e8tes.<\/p>\n<p>L&#8217;int\u00e9gration de <a href=\"https:\/\/sitechecker.pro\/website-defacement-monitoring\/\">Defacement Monitoring<\/a> d\u00e9tecte rapidement les modifications non autoris\u00e9es apport\u00e9es \u00e0 votre site Web, vous aidant ainsi \u00e0 faire face aux menaces de s\u00e9curit\u00e9 et \u00e0 maintenir l&#8217;int\u00e9grit\u00e9 du site, les performances et la confiance des utilisateurs.<\/p>\n<div class=\"content__img-wrap\"><img src=\"https:\/\/sitechecker.pro\/wp-content\/uploads\/2024\/02\/site-audit-dashboard.png\" alt=\"Tableau de bord d'audit du site\" class=\"description-img description-img-zoom\" loading=\"lazy\" ><\/div>\n<p>De plus, pour vous assurer que votre site fonctionne efficacement, l&#8217;utilisation d&#8217;un <a href=\"https:\/\/sitechecker.pro\/speed-test\/\">test de vitesse du site Web<\/a> vous aidera \u00e0 \u00e9valuer les temps de chargement et \u00e0 identifier les domaines \u00e0 am\u00e9liorer. Il existe \u00e9galement une repr\u00e9sentation visuelle du score du site Web et une cat\u00e9gorisation des probl\u00e8mes qui affectent diff\u00e9rents aspects de la sant\u00e9 du site Web, tels que la pertinence du contenu, la vitesse de la page et la s\u00e9curit\u00e9.<\/p>\n<h2 id=\"par4\">Id\u00e9e finale<\/h2>\n<p>Le v\u00e9rificateur de s\u00e9curit\u00e9 du site Web de Sitechecker est un outil \u00e0 multiples facettes qui garantit la s\u00e9curit\u00e9 du site gr\u00e2ce aux contr\u00f4les de navigation s\u00e9curis\u00e9e de Google, \u00e0 la v\u00e9rification de la liste noire et \u00e0 un audit d\u00e9taill\u00e9 des vuln\u00e9rabilit\u00e9s techniques. Il dispose d&#8217;une interface conviviale avec un tableau de bord unifi\u00e9 et d&#8217;une bo\u00eete \u00e0 outils SEO compl\u00e8te pour am\u00e9liorer les performances du site Web. Pour compl\u00e9ter cela, l&#8217;utilisation d&#8217;un <a href=\"https:\/\/sitechecker.pro\/googlebot-simulator\/\">Googlebot Simulator<\/a> peut fournir des informations sur la fa\u00e7on dont le robot d&#8217;exploration de Google navigue sur votre site, garantissant ainsi qu&#8217;il n&#8217;y a aucun probl\u00e8me cach\u00e9 qui pourrait avoir un impact sur l&#8217;exploration ou l&#8217;indexation. Ensemble, ces outils offrent une solution compl\u00e8te pour optimiser et s\u00e9curiser les performances de votre site Web.<\/p>\n<div id=\"par5\"><\/div>\n<p><div class=\"front__faq-block\"><div class=\"faq__block-title\">FAQ<\/div><div class=\"panel-group\" id=\"faq-accordion\" itemscope itemtype=\"https:\/\/schema.org\/FAQPage\" role=\"tablist\" aria-multiselectable=\"true\"><div class=\"panel\" itemscope itemtype=\"https:\/\/schema.org\/Question\" itemprop=\"mainEntity\">\n                            <div class=\"panel-heading\" id=\"headingFaq-1\">\n                                <div class=\"panel-title\" data-toggle=\"collapse\" aria-expanded=\"false\" href=\"#collapseFaq-1\">\n                                    <h3 itemprop=\"name\">Le v\u00e9rificateur de s\u00e9curit\u00e9 de site Web en ligne peut-il analyser plusieurs sites \u00e0 la fois ?<\/h3>\n                                <\/div>\n                            <\/div>\n                            <div id=\"collapseFaq-1\" class=\"panel-collapse collapse\" itemprop=\"acceptedAnswer\" itemscope itemtype=\"http:\/\/schema.org\/Answer\">\n                                <div class=\"panel-body\" itemprop=\"text\">L'outil se concentre principalement sur les entr\u00e9es d'URL individuelles pour les contr\u00f4les de s\u00e9curit\u00e9, mais pour les mesures et les performances SEO, il peut surveiller plusieurs sites Web via sa fonction de tableau de bord SEO.<\/div>\n                            <\/div>\n                        <\/div><div class=\"panel\" itemscope itemtype=\"https:\/\/schema.org\/Question\" itemprop=\"mainEntity\">\n                            <div class=\"panel-heading\" id=\"headingFaq-2\">\n                                <div class=\"panel-title\" data-toggle=\"collapse\" aria-expanded=\"false\" href=\"#collapseFaq-2\">\n                                    <h3 itemprop=\"name\">L'outil gratuit de v\u00e9rification de la s\u00e9curit\u00e9 des sites Web \u00e9value-t-il \u00e9galement la sant\u00e9 du r\u00e9f\u00e9rencement du site ?<\/h3>\n                                <\/div>\n                            <\/div>\n                            <div id=\"collapseFaq-2\" class=\"panel-collapse collapse\" itemprop=\"acceptedAnswer\" itemscope itemtype=\"http:\/\/schema.org\/Answer\">\n                                <div class=\"panel-body\" itemprop=\"text\">Oui, il offre un ensemble complet d'outils SEO qui \u00e9valuent divers aspects tels que la recherche de mots cl\u00e9s et les audits de site pour am\u00e9liorer les performances du site et le classement des moteurs de recherche.<\/div>\n                            <\/div>\n                        <\/div><div class=\"panel\" itemscope itemtype=\"https:\/\/schema.org\/Question\" itemprop=\"mainEntity\">\n                            <div class=\"panel-heading\" id=\"headingFaq-3\">\n                                <div class=\"panel-title\" data-toggle=\"collapse\" aria-expanded=\"false\" href=\"#collapseFaq-3\">\n                                    <h3 itemprop=\"name\">Existe-t-il une fonctionnalit\u00e9 permettant de suivre la progression d'un site Web v\u00e9rifi\u00e9, s\u00fbr ou non au fil du temps ?<\/h3>\n                                <\/div>\n                            <\/div>\n                            <div id=\"collapseFaq-3\" class=\"panel-collapse collapse\" itemprop=\"acceptedAnswer\" itemscope itemtype=\"http:\/\/schema.org\/Answer\">\n                                <div class=\"panel-body\" itemprop=\"text\">L'outil fournit un score de site Web et un suivi des probl\u00e8mes, qui peuvent \u00eatre utilis\u00e9s pour surveiller les changements et les am\u00e9liorations de l'\u00e9tat de s\u00e9curit\u00e9 d'un site au fil du temps.<\/div>\n                            <\/div>\n                        <\/div><\/div><\/div><\/p>","protected":false},"excerpt":{"rendered":"Qu&#8217;est-ce qu&#8217;un v\u00e9rificateur de s\u00e9curit\u00e9 de site Web\u00a0? Le v\u00e9rificateur de s\u00e9curit\u00e9 de site Web de Sitechecker est con\u00e7u pour \u00e9valuer la s\u00e9curit\u00e9 de votre site. Il utilise Google Safe Browsing Checker pour fournir des d\u00e9tails complets sur le domaine, \u00e9value si le site appara\u00eet sur une liste noire et offre une option pour t\u00e9l\u00e9charger&#8230;","protected":false},"author":10409641,"featured_media":6976,"parent":0,"menu_order":0,"comment_status":"closed","ping_status":"closed","template":"pages-templates\/pages-minitools.php","meta":[],"categories":[73],"tags":[],"_links":{"self":[{"href":"https:\/\/sitechecker.pro\/fr\/wp-json\/wp\/v2\/pages\/6992"}],"collection":[{"href":"https:\/\/sitechecker.pro\/fr\/wp-json\/wp\/v2\/pages"}],"about":[{"href":"https:\/\/sitechecker.pro\/fr\/wp-json\/wp\/v2\/types\/page"}],"author":[{"embeddable":true,"href":"https:\/\/sitechecker.pro\/fr\/wp-json\/wp\/v2\/users\/10409641"}],"replies":[{"embeddable":true,"href":"https:\/\/sitechecker.pro\/fr\/wp-json\/wp\/v2\/comments?post=6992"}],"version-history":[{"count":69,"href":"https:\/\/sitechecker.pro\/fr\/wp-json\/wp\/v2\/pages\/6992\/revisions"}],"predecessor-version":[{"id":36024,"href":"https:\/\/sitechecker.pro\/fr\/wp-json\/wp\/v2\/pages\/6992\/revisions\/36024"}],"wp:featuredmedia":[{"embeddable":true,"href":"https:\/\/sitechecker.pro\/fr\/wp-json\/wp\/v2\/media\/6976"}],"wp:attachment":[{"href":"https:\/\/sitechecker.pro\/fr\/wp-json\/wp\/v2\/media?parent=6992"}],"wp:term":[{"taxonomy":"category","embeddable":true,"href":"https:\/\/sitechecker.pro\/fr\/wp-json\/wp\/v2\/categories?post=6992"},{"taxonomy":"post_tag","embeddable":true,"href":"https:\/\/sitechecker.pro\/fr\/wp-json\/wp\/v2\/tags?post=6992"}],"curies":[{"name":"wp","href":"https:\/\/api.w.org\/{rel}","templated":true}]}}