{"id":6990,"date":"2019-05-27T14:14:52","date_gmt":"2019-05-27T14:14:52","guid":{"rendered":"https:\/\/sitechecker.pro\/?page_id=6990"},"modified":"2024-10-03T14:47:40","modified_gmt":"2024-10-03T14:47:40","slug":"alexa-rank","status":"publish","type":"page","link":"https:\/\/sitechecker.pro\/fr\/alexa-rank\/","title":{"rendered":"Alexa Rank Checker: Consultez le site Web du classement Alexa"},"content":{"rendered":"<p><\/p>\n<h2><strong>Qu&#8217;est-ce que\u00a0Alexa Traffic Rank?<\/strong><\/h2>\n<p>&nbsp;<\/p>\n<p>Alexa Rank est un service d&#8217;\u00e9valuation des sites Web bas\u00e9 sur la fr\u00e9quence et le nombre de visites. Les statistiques sont obtenues des utilisateurs qui ont install\u00e9 Alexa Toolbar dans leur navigateur. L\u2019\u00e9valuation actuelle d\u2019une ressource Web donn\u00e9e est d\u00e9termin\u00e9e par le taux de fr\u00e9quentation de ce site par rapport aux autres. Plus l&#8217;indicateur est bas, plus la popularit\u00e9 du site est \u00e9lev\u00e9e.<\/p>\n<p>&nbsp;<\/p>\n<h2><strong>Comment fonctionne Alexa Rank?<\/strong><br \/>\n<strong>\u00a0<\/strong><\/h2>\n<p>Pour classement alexa, une collecte de donn\u00e9es continue est effectu\u00e9e, ce qui contribue \u00e0 la mise \u00e0 jour syst\u00e9matique des informations et au d\u00e9placement des sites Web dans le classement. Pour obtenir facilement des informations sur les sites, vous pouvez t\u00e9l\u00e9charger une barre d\u2019outils sp\u00e9ciale.<\/p>\n<p>Toutes les informations sont compil\u00e9es \u00e0 partir de telles donn\u00e9es:<\/p>\n<ul>\n<li>trafic provenant de la recherche;<\/li>\n<li>le nombre de visites sur les pages de ressources;<\/li>\n<li>temps pass\u00e9;<\/li>\n<li>nombre total de pages vues;<\/li>\n<li>taux de rebond.<\/li>\n<\/ul>\n<p>&nbsp;<\/p>\n<h2><strong>Fonctions de l&#8217;outil Alexa Rank Checker:<\/strong><\/h2>\n<p>&nbsp;<\/p>\n<p>Maintenant, vous comprendrez parfaitement pourquoi vous avez besoin du v\u00e9rificateur de alexa classement. Tout d&#8217;abord, c&#8217;est un excellent outil qui vous fournit des donn\u00e9es que vous pouvez utiliser pour l&#8217;analyse de la concurrence. Il est facile de savoir combien d&#8217;utilisateurs visitent le site Web chaque mois, gratuitement. Un clic et vous aurez toutes les informations n\u00e9cessaires sur votre site web. Mais quoi de plus?<\/p>\n<ul>\n<li><strong>Votre analyse de site Web.<\/strong> Il n\u2019ya rien de plus important pour le propri\u00e9taire du site Web que de savoir combien d\u2019internautes visitent son site quotidiennement. Pour ne pas perdre en popularit\u00e9, vous pouvez surveiller le classement site Alexa des progr\u00e8s de vos sites Web.<\/li>\n<li><strong>Analyse des concurrents.<\/strong> C&#8217;est une excellente occasion de comparer votre site Web et le classement Alexa de vos concurrents. Vous pouvez classer les sites Web selon les param\u00e8tres \u00abGlobal\u00bb, \u00abPays\u00bb et \u00abCat\u00e9gorie\u00bb.<\/li>\n<li><strong>Analyse du trafic.<\/strong> Vous saurez facilement dans quels pays votre site Web re\u00e7oit le plus grand pourcentage d&#8217;utilisateurs. C&#8217;est \u00e9galement une occasion suppl\u00e9mentaire de v\u00e9rifier vos concurrents et d&#8217;admettre de nouvelles sources de trafic pour votre site Web.<\/li>\n<\/ul>\n<p><\/p>","protected":false},"excerpt":{"rendered":"Qu&#8217;est-ce que\u00a0Alexa Traffic Rank? &nbsp; Alexa Rank est un service d&#8217;\u00e9valuation des sites Web bas\u00e9 sur la fr\u00e9quence et le nombre de visites. Les statistiques sont obtenues des utilisateurs qui ont install\u00e9 Alexa Toolbar dans leur navigateur. L\u2019\u00e9valuation actuelle d\u2019une ressource Web donn\u00e9e est d\u00e9termin\u00e9e par le taux de fr\u00e9quentation de ce site par rapport&#8230;","protected":false},"author":10409641,"featured_media":6970,"parent":0,"menu_order":0,"comment_status":"closed","ping_status":"closed","template":"pages-templates\/pages-minitools.php","meta":[],"categories":[30],"tags":[],"_links":{"self":[{"href":"https:\/\/sitechecker.pro\/fr\/wp-json\/wp\/v2\/pages\/6990"}],"collection":[{"href":"https:\/\/sitechecker.pro\/fr\/wp-json\/wp\/v2\/pages"}],"about":[{"href":"https:\/\/sitechecker.pro\/fr\/wp-json\/wp\/v2\/types\/page"}],"author":[{"embeddable":true,"href":"https:\/\/sitechecker.pro\/fr\/wp-json\/wp\/v2\/users\/10409641"}],"replies":[{"embeddable":true,"href":"https:\/\/sitechecker.pro\/fr\/wp-json\/wp\/v2\/comments?post=6990"}],"version-history":[{"count":26,"href":"https:\/\/sitechecker.pro\/fr\/wp-json\/wp\/v2\/pages\/6990\/revisions"}],"predecessor-version":[{"id":33656,"href":"https:\/\/sitechecker.pro\/fr\/wp-json\/wp\/v2\/pages\/6990\/revisions\/33656"}],"wp:featuredmedia":[{"embeddable":true,"href":"https:\/\/sitechecker.pro\/fr\/wp-json\/wp\/v2\/media\/6970"}],"wp:attachment":[{"href":"https:\/\/sitechecker.pro\/fr\/wp-json\/wp\/v2\/media?parent=6990"}],"wp:term":[{"taxonomy":"category","embeddable":true,"href":"https:\/\/sitechecker.pro\/fr\/wp-json\/wp\/v2\/categories?post=6990"},{"taxonomy":"post_tag","embeddable":true,"href":"https:\/\/sitechecker.pro\/fr\/wp-json\/wp\/v2\/tags?post=6990"}],"curies":[{"name":"wp","href":"https:\/\/api.w.org\/{rel}","templated":true}]}}