{"id":6802,"date":"2019-05-16T09:03:06","date_gmt":"2019-05-16T09:03:06","guid":{"rendered":"https:\/\/sitechecker.pro\/?page_id=6802"},"modified":"2025-02-10T15:22:21","modified_gmt":"2025-02-10T15:22:21","slug":"cookie-checker","status":"publish","type":"page","link":"https:\/\/sitechecker.pro\/fr\/cookie-checker\/","title":{"rendered":"Cookie Checker | V\u00e9rifier quels cookies un site web utilise \u2611"},"content":{"rendered":"<p><\/p>\n<h2 id=\"par1\">Qu&#8217;est-ce que Website Cookie Checker\u00a0?<\/h2>\n<p>Le Website Cookie Tester de <a href=\"https:\/\/sitechecker.pro\/\" target=\"_blank\" rel=\"noopener noreferrer\">Sitechecker<\/a> analyse les cookies des sites Web, en mettant en \u00e9vidence leur s\u00e9curit\u00e9 (HttpOnly, Secure), leur type (session ou persistant), leur port\u00e9e (domaine\/chemin), leur expiration et leurs paires nom-valeur. Il permet de d\u00e9tecter et de traiter les cookies non s\u00e9curis\u00e9s ou mal configur\u00e9s pour am\u00e9liorer la s\u00e9curit\u00e9 et la conformit\u00e9.<\/p>\n<h3>Comment l&#8217;outil peut vous aider<\/h3>\n<p><strong>Informations d\u00e9taill\u00e9es sur les cookies\u00a0:<\/strong>fournit des donn\u00e9es sur le type de cookie (session ou persistant), la port\u00e9e du domaine\/chemin, les dates d&#8217;expiration et les paires nom-valeur.<\/p>\n<p><strong>Analyse de la s\u00e9curit\u00e9 des cookies\u00a0:<\/strong>identifie si les jetons de donn\u00e9es HTTP sont HttpOnly, s\u00e9curis\u00e9s et configur\u00e9s correctement pour \u00e9viter les vuln\u00e9rabilit\u00e9s telles que les attaques XSS.<\/p>\n<p><strong>Conformit\u00e9 et optimisation\u00a0: <\/strong>contribue \u00e0 garantir que les cookies respectent les normes et r\u00e9glementations de s\u00e9curit\u00e9, am\u00e9liorant ainsi la <a href=\"https:\/\/sitechecker.pro\/website-safety\/\" target=\"_blank\" rel=\"noopener noreferrer\">s\u00e9curit\u00e9 du site Web<\/a> et la protection des donn\u00e9es des utilisateurs.<\/p>\n<h3>Principales fonctionnalit\u00e9s de l&#8217;outil<\/h3>\n<p><strong>Tableau de bord unifi\u00e9\u00a0: <\/strong>fournit une plate-forme centralis\u00e9e pour surveiller et g\u00e9rer toutes les activit\u00e9s de r\u00e9f\u00e9rencement, facilitant ainsi le suivi des performances du site Web et l&#8217;identification des probl\u00e8mes.<\/p>\n<p><strong>Interface conviviale\u00a0: <\/strong>con\u00e7ue pour une utilisation facile, permettant aux utilisateurs de tous niveaux de comp\u00e9tences de naviguer dans les outils et d&#8217;acc\u00e9der aux informations sans effort.<\/p>\n<p><strong>Ensemble complet d&#8217;outils SEO\u00a0:<\/strong>offre une suite compl\u00e8te d&#8217;outils, notamment des audits de site, un <a href=\"https:\/\/sitechecker.pro\/rank-tracker\/\" target=\"_blank\" rel=\"noopener noreferrer\">suivi du classement<\/a>, une recherche de mots cl\u00e9s et une surveillance des performances, pour optimiser la visibilit\u00e9 et le trafic du site Web.<\/p>\n<h2 id=\"par2\">Comment utiliser l&#8217;outil<\/h2>\n<h3>\u00c9tape 1\u00a0:\u00a0Ins\u00e9rez l&#8217;URL du nom de domaine et cliquez sur le bouton \u00ab\u00a0V\u00e9rifier les cookies\u00a0\u00bb<\/h3>\n<div class=\"content__img-wrap\"><img src=\"https:\/\/sitechecker.pro\/wp-content\/uploads\/2025\/01\/website-cookie-checker.png\" alt=\"V\u00e9rificateur de cookies de site Web\" class=\"description-img description-img-zoom\" loading=\"lazy\" ><\/div>\n<h3>\u00c9tape 2\u00a0:\u00a0Obtenir les r\u00e9sultats<\/h3>\n<p>Le v\u00e9rificateur de cookies fournit des informations d\u00e9taill\u00e9es sur les jetons de donn\u00e9es HTTP d&#8217;un site Web, notamment leurs attributs de s\u00e9curit\u00e9 (HttpOnly, Secure), leur type (session ou persistant), leurs dates d&#8217;expiration, leurs domaines\/chemins et les paires nom-valeur associ\u00e9es.<\/p>\n<div class=\"content__img-wrap\"><img src=\"https:\/\/sitechecker.pro\/wp-content\/uploads\/2025\/01\/cookie-checker-report.png\" alt=\"Rapport de v\u00e9rification des cookies\" class=\"description-img description-img-zoom\" loading=\"lazy\" ><\/div>\n<p>En cliquant sur le bouton \u00ab Test de s\u00e9curit\u00e9 des cookies \u00bb, vous recevrez des informations d\u00e9taill\u00e9es sur les vuln\u00e9rabilit\u00e9s de votre site.<\/p>\n<div class=\"content__img-wrap\"><img src=\"https:\/\/sitechecker.pro\/wp-content\/uploads\/2025\/01\/test-cookies-security.png\" alt=\"Tester la s\u00e9curit\u00e9 des cookies\" class=\"description-img description-img-zoom\" loading=\"lazy\" ><\/div>\n<div class=\"important-block\">Pour recevoir les r\u00e9sultats et acc\u00e9der aux fonctionnalit\u00e9s de Sitechecker pendant 14 jours, d\u00e9marrez votre essai GRATUIT. L'inscription est facile avec votre e-mail, votre compte Google ou Facebook. Aucune carte de cr\u00e9dit n'est n\u00e9cessaire.<\/div>\n<p>Vous pouvez d\u00e9couvrir toutes les erreurs associ\u00e9es \u00e0 la s\u00e9curit\u00e9 de votre site Web, ainsi que la mise en \u0153uvre des d\u00e9fenses contre l&#8217;acc\u00e8s non autoris\u00e9 aux cookies via JavaScript. Cliquez sur n&#8217;importe quel probl\u00e8me pour voir les pages concern\u00e9es, les guides de r\u00e9solution et les invites dans le code.<\/p>\n<div class=\"content__img-wrap\"><img src=\"https:\/\/sitechecker.pro\/wp-content\/uploads\/2025\/01\/inspect-site-security.png\" alt=\"Inspect Site Security\" class=\"description-img description-img-zoom\" loading=\"lazy\" ><\/div>\n<h2 id=\"par3\">Fonctionnalit\u00e9s suppl\u00e9mentaires<\/h2>\n<p>L&#8217;outil cat\u00e9gorise \u00e9galement les pages concern\u00e9es en fonction de probl\u00e8mes sp\u00e9cifiques, fournissant une r\u00e9partition claire des vuln\u00e9rabilit\u00e9s par cat\u00e9gorie, telles que la s\u00e9curit\u00e9, les liens, l&#8217;indexabilit\u00e9, la pertinence du contenu, la vitesse de la page, etc. Chaque cat\u00e9gorie met en \u00e9vidence le pourcentage de pages concern\u00e9es, ce qui permet aux utilisateurs de hi\u00e9rarchiser les correctifs. L&#8217;outil offre des informations exploitables, notamment des descriptions d\u00e9taill\u00e9es des probl\u00e8mes et des conseils \u00e9tape par \u00e9tape, pour r\u00e9soudre des probl\u00e8mes tels que les cookies non s\u00e9curis\u00e9s, les redirections manquantes et les m\u00e9canismes de d\u00e9fense inad\u00e9quats. Cette cat\u00e9gorisation permet de rationaliser l&#8217;optimisation du site Web et d&#8217;am\u00e9liorer les performances et la conformit\u00e9 globales du site.<\/p>\n<div class=\"content__img-wrap\"><img src=\"https:\/\/sitechecker.pro\/wp-content\/uploads\/2025\/01\/inspect-site-security.png\" alt=\"Inspecter la s\u00e9curit\u00e9 du site\" class=\"description-img description-img-zoom\" loading=\"lazy\" ><\/div>\n<h2 id=\"par4\">Id\u00e9e finale<\/h2>\n<p>Le v\u00e9rificateur de cookies du site Web analyse l&#8217;\u00e9l\u00e9ment de stockage du navigateur du site Web, offrant des informations sur la s\u00e9curit\u00e9 (HttpOnly, Secure), le type (session ou persistant), l&#8217;expiration, les domaines\/chemins et la conformit\u00e9. Il identifie les vuln\u00e9rabilit\u00e9s telles que les risques XSS et les configurations non s\u00e9curis\u00e9es, contribuant ainsi \u00e0 am\u00e9liorer la s\u00e9curit\u00e9 et l&#8217;optimisation. L&#8217;outil fournit une interface conviviale, un tableau de bord centralis\u00e9 et un ensemble complet d&#8217;outils SEO, cat\u00e9gorisant les probl\u00e8mes tels que la s\u00e9curit\u00e9, les liens et la vitesse de la page pour des correctifs prioritaires. Gr\u00e2ce \u00e0 des conseils pratiques et \u00e0 des r\u00e9sultats d\u00e9taill\u00e9s, les utilisateurs peuvent facilement am\u00e9liorer les performances, la s\u00e9curit\u00e9 et la conformit\u00e9 de leur site Web.<\/p>\n<div id=\"par5\"><\/div>\n<p><div class=\"front__faq-block\"><div class=\"faq__block-title\">FAQ<\/div><div class=\"panel-group\" id=\"faq-accordion\" itemscope itemtype=\"https:\/\/schema.org\/FAQPage\" role=\"tablist\" aria-multiselectable=\"true\"><div class=\"panel\" itemscope itemtype=\"https:\/\/schema.org\/Question\" itemprop=\"mainEntity\">\n                            <div class=\"panel-heading\" id=\"headingFaq-1\">\n                                <div class=\"panel-title\" data-toggle=\"collapse\" aria-expanded=\"false\" href=\"#collapseFaq-1\">\n                                    <h3 itemprop=\"name\">Le v\u00e9rificateur de cookies de site Web peut-il identifier les cookies tiers ?<\/h3>\n                                <\/div>\n                            <\/div>\n                            <div id=\"collapseFaq-1\" class=\"panel-collapse collapse\" itemprop=\"acceptedAnswer\" itemscope itemtype=\"http:\/\/schema.org\/Answer\">\n                                <div class=\"panel-body\" itemprop=\"text\">Oui, l'outil fournit des informations sur tous les jetons de donn\u00e9es HTTP, y compris ceux des domaines tiers, ainsi que leurs attributs et configurations de s\u00e9curit\u00e9.<\/div>\n                            <\/div>\n                        <\/div><div class=\"panel\" itemscope itemtype=\"https:\/\/schema.org\/Question\" itemprop=\"mainEntity\">\n                            <div class=\"panel-heading\" id=\"headingFaq-2\">\n                                <div class=\"panel-title\" data-toggle=\"collapse\" aria-expanded=\"false\" href=\"#collapseFaq-2\">\n                                    <h3 itemprop=\"name\">Le testeur de cookies fournit-il des conseils sur la r\u00e9solution des probl\u00e8mes ?<\/h3>\n                                <\/div>\n                            <\/div>\n                            <div id=\"collapseFaq-2\" class=\"panel-collapse collapse\" itemprop=\"acceptedAnswer\" itemscope itemtype=\"http:\/\/schema.org\/Answer\">\n                                <div class=\"panel-body\" itemprop=\"text\">Oui, il propose des conseils \u00e9tape par \u00e9tape et des invites dans le code pour aider \u00e0 r\u00e9soudre les vuln\u00e9rabilit\u00e9s et les erreurs de configuration li\u00e9es aux cookies.<\/div>\n                            <\/div>\n                        <\/div><div class=\"panel\" itemscope itemtype=\"https:\/\/schema.org\/Question\" itemprop=\"mainEntity\">\n                            <div class=\"panel-heading\" id=\"headingFaq-3\">\n                                <div class=\"panel-title\" data-toggle=\"collapse\" aria-expanded=\"false\" href=\"#collapseFaq-3\">\n                                    <h3 itemprop=\"name\">Qu'est-ce qui rend le v\u00e9rificateur de cookies adapt\u00e9 \u00e0 des fins de conformit\u00e9 ?<\/h3>\n                                <\/div>\n                            <\/div>\n                            <div id=\"collapseFaq-3\" class=\"panel-collapse collapse\" itemprop=\"acceptedAnswer\" itemscope itemtype=\"http:\/\/schema.org\/Answer\">\n                                <div class=\"panel-body\" itemprop=\"text\">L'outil garantit que les jetons de donn\u00e9es HTTP r\u00e9pondent aux normes de s\u00e9curit\u00e9 et aux exigences r\u00e9glementaires en mettant en \u00e9vidence les configurations non s\u00e9curis\u00e9es et en fournissant des recommandations exploitables.<\/div>\n                            <\/div>\n                        <\/div><div class=\"panel\" itemscope itemtype=\"https:\/\/schema.org\/Question\" itemprop=\"mainEntity\">\n                            <div class=\"panel-heading\" id=\"headingFaq-4\">\n                                <div class=\"panel-title\" data-toggle=\"collapse\" aria-expanded=\"false\" href=\"#collapseFaq-4\">\n                                    <h3 itemprop=\"name\">Puis-je suivre la progression apr\u00e8s avoir r\u00e9solu les probl\u00e8mes identifi\u00e9s par l'outil ?<\/h3>\n                                <\/div>\n                            <\/div>\n                            <div id=\"collapseFaq-4\" class=\"panel-collapse collapse\" itemprop=\"acceptedAnswer\" itemscope itemtype=\"http:\/\/schema.org\/Answer\">\n                                <div class=\"panel-body\" itemprop=\"text\">Oui, l'outil vous permet de r\u00e9explorer votre site pour v\u00e9rifier que les correctifs ont \u00e9t\u00e9 mis en \u0153uvre avec succ\u00e8s.<\/div>\n                            <\/div>\n                        <\/div><\/div><\/div><\/p>","protected":false},"excerpt":{"rendered":"Qu&#8217;est-ce que Website Cookie Checker\u00a0? Le Website Cookie Tester de Sitechecker analyse les cookies des sites Web, en mettant en \u00e9vidence leur s\u00e9curit\u00e9 (HttpOnly, Secure), leur type (session ou persistant), leur port\u00e9e (domaine\/chemin), leur expiration et leurs paires nom-valeur. Il permet de d\u00e9tecter et de traiter les cookies non s\u00e9curis\u00e9s ou mal configur\u00e9s pour am\u00e9liorer&#8230;","protected":false},"author":10409641,"featured_media":6979,"parent":0,"menu_order":0,"comment_status":"closed","ping_status":"closed","template":"pages-templates\/pages-minitools-3.php","meta":[],"categories":[73],"tags":[],"_links":{"self":[{"href":"https:\/\/sitechecker.pro\/fr\/wp-json\/wp\/v2\/pages\/6802"}],"collection":[{"href":"https:\/\/sitechecker.pro\/fr\/wp-json\/wp\/v2\/pages"}],"about":[{"href":"https:\/\/sitechecker.pro\/fr\/wp-json\/wp\/v2\/types\/page"}],"author":[{"embeddable":true,"href":"https:\/\/sitechecker.pro\/fr\/wp-json\/wp\/v2\/users\/10409641"}],"replies":[{"embeddable":true,"href":"https:\/\/sitechecker.pro\/fr\/wp-json\/wp\/v2\/comments?post=6802"}],"version-history":[{"count":34,"href":"https:\/\/sitechecker.pro\/fr\/wp-json\/wp\/v2\/pages\/6802\/revisions"}],"predecessor-version":[{"id":35365,"href":"https:\/\/sitechecker.pro\/fr\/wp-json\/wp\/v2\/pages\/6802\/revisions\/35365"}],"wp:featuredmedia":[{"embeddable":true,"href":"https:\/\/sitechecker.pro\/fr\/wp-json\/wp\/v2\/media\/6979"}],"wp:attachment":[{"href":"https:\/\/sitechecker.pro\/fr\/wp-json\/wp\/v2\/media?parent=6802"}],"wp:term":[{"taxonomy":"category","embeddable":true,"href":"https:\/\/sitechecker.pro\/fr\/wp-json\/wp\/v2\/categories?post=6802"},{"taxonomy":"post_tag","embeddable":true,"href":"https:\/\/sitechecker.pro\/fr\/wp-json\/wp\/v2\/tags?post=6802"}],"curies":[{"name":"wp","href":"https:\/\/api.w.org\/{rel}","templated":true}]}}