{"id":654,"date":"2017-12-12T09:36:45","date_gmt":"2017-12-12T09:36:45","guid":{"rendered":"https:\/\/sitechecker.pro\/?page_id=654"},"modified":"2026-02-16T16:59:38","modified_gmt":"2026-02-16T16:59:38","slug":"canonical-url","status":"publish","type":"page","link":"https:\/\/sitechecker.pro\/fr\/canonical-url\/","title":{"rendered":"Canonical Tag Checker | Tester si une URL est canonique et la corriger \u2611"},"content":{"rendered":"<p><\/p>\n<h2 id=\"par1\">Qu&#8217;est-ce que Canonical Tester\u00a0?<\/h2>\n<p>Le v\u00e9rificateur d&#8217;URL canoniques de <a href=\"https:\/\/sitechecker.pro\/\" target=\"_blank\" rel=\"noopener noreferrer\">Sitechecker<\/a> v\u00e9rifie et analyse les <a href=\"https:\/\/sitechecker.pro\/what-is-canonical-url\/\" target=\"_blank\" rel=\"noopener noreferrer\">versions pr\u00e9f\u00e9r\u00e9es<\/a> des pages Web pour \u00e9viter les probl\u00e8mes de <a href=\"https:\/\/sitechecker.pro\/duplicate-content\/\" target=\"_blank\" rel=\"noopener noreferrer\">contenu dupliqu\u00e9<\/a> et garantir une indexation correcte par les moteurs de recherche. Il propose un audit \u00e0 l&#8217;\u00e9chelle du site pour d\u00e9tecter les balises canoniques manquantes ou incorrectes et une v\u00e9rification rapide d&#8217;une seule page pour une validation instantan\u00e9e des balises.<\/p>\n<h3>Comment l&#8217;outil peut vous aider<\/h3>\n<p><strong>V\u00e9rification de l&#8217;URL pr\u00e9f\u00e9r\u00e9e\u00a0:<\/strong>v\u00e9rifie si une page poss\u00e8de une version pr\u00e9f\u00e9r\u00e9e correctement impl\u00e9ment\u00e9e d&#8217;une page Web pour \u00e9viter les probl\u00e8mes de contenu en double.<\/p>\n<p><strong>D\u00e9tection des probl\u00e8mes\u00a0:<\/strong>analyse toutes les pages pour identifier les balises manquantes, incorrectes ou conflictuelles pour une <a href=\"https:\/\/sitechecker.pro\/google-index\/\" target=\"_blank\" rel=\"noopener noreferrer\">indexation<\/a> appropri\u00e9e.<\/p>\n<p><strong>Surveillance des balises canoniques\u00a0:<\/strong>suit les balises d&#8217;URL pr\u00e9f\u00e9r\u00e9es sur l&#8217;ensemble du site pour d\u00e9tecter les modifications, les erreurs ou les incoh\u00e9rences qui pourraient affecter le r\u00e9f\u00e9rencement.<\/p>\n<h3>Principales fonctionnalit\u00e9s de l&#8217;outil<\/h3>\n<p><strong>Tableau de bord unifi\u00e9\u00a0:<\/strong>fournit une vue centralis\u00e9e de toutes les informations sur le r\u00e9f\u00e9rencement, de la sant\u00e9 du site Web et des recommandations d&#8217;optimisation.<\/p>\n<p><strong>Interface conviviale\u00a0:<\/strong>simplifie l&#8217;analyse SEO gr\u00e2ce \u00e0 une conception intuitive, facilitant la surveillance et la r\u00e9solution des probl\u00e8mes sans expertise technique.<\/p>\n<p><strong>Ensemble complet d&#8217;outils SEO\u00a0:<\/strong>offre une suite compl\u00e8te d&#8217;outils, d&#8217;audits de site et de suivi des mots cl\u00e9s pour une optimisation compl\u00e8te du site Web.<\/p>\n<h2 id=\"par2\">Comment utiliser l&#8217;outil<\/h2>\n<p>Pour utiliser le testeur d&#8217;URL canoniques, s\u00e9lectionnez une option d&#8217;audit en fonction de vos besoins. Choisissez \u00ab\u00a0V\u00e9rifier les canoniques sur toutes les pages\u00a0\u00bb pour un audit complet du site Web ou \u00ab\u00a0V\u00e9rifier les canoniques sur la page\u00a0\u00bb pour une v\u00e9rification instantan\u00e9e d&#8217;une seule page. Une fois s\u00e9lectionn\u00e9, cliquez sur \u00ab\u00a0D\u00e9marrer l&#8217;audit\u00a0\u00bb pour analyser les balises canoniques et garantir une indexation appropri\u00e9e.<\/p>\n<h2 id=\"par3\">Tester les canoniques pour toutes les pages<\/h2>\n<h3>\u00c9tape 1\u00a0: Choisissez les premi\u00e8res options de s\u00e9lection<\/h3>\n<div class=\"content__img-wrap\"><img src=\"https:\/\/sitechecker.pro\/wp-content\/uploads\/2025\/02\/check-canonicals-all-pages.png\" alt=\"V\u00e9rifier les canoniques de toutes les pages\" class=\"description-img description-img-zoom\" loading=\"lazy\" ><\/div>\n<div class=\"important-block\">Pour recevoir les r\u00e9sultats et acc\u00e9der aux fonctionnalit\u00e9s de Sitechecker pendant 14 jours, d\u00e9marrez votre essai GRATUIT. L'inscription est facile avec votre e-mail, votre compte Google ou Facebook. Aucune carte de cr\u00e9dit n'est n\u00e9cessaire.<\/div>\n<h3>\u00c9tape 2\u00a0: Obtenez des r\u00e9sultats<\/h3>\n<p>Identifiez les balises URL pr\u00e9f\u00e9r\u00e9es manquantes, incorrectes ou conflictuelles qui affectent l&#8217;indexation. Obtenez des rapports de probl\u00e8mes d\u00e9taill\u00e9s, les pages affect\u00e9es et des recommandations exploitables pour garantir une reconnaissance appropri\u00e9e des moteurs de recherche et \u00e9viter les probl\u00e8mes de contenu en double.<\/p>\n<div class=\"content__img-wrap\"><img src=\"https:\/\/sitechecker.pro\/wp-content\/uploads\/2025\/02\/canonical-issues.png\" alt=\"Probl\u00e8mes canoniques\" class=\"description-img description-img-zoom\" loading=\"lazy\" ><\/div>\n<h3>Fonctionnalit\u00e9s suppl\u00e9mentaires de l&#8217;outil<\/h3>\n<p>Obtenez un audit complet du site avec des rapports d\u00e9taill\u00e9s sur les probl\u00e8mes de balises URL pr\u00e9f\u00e9r\u00e9es, l&#8217;indexabilit\u00e9, le contenu dupliqu\u00e9 et les facteurs techniques de r\u00e9f\u00e9rencement. Identifiez les erreurs critiques, les avertissements et les opportunit\u00e9s d&#8217;optimisation pour am\u00e9liorer la visibilit\u00e9 des moteurs de recherche et les performances du site Web.<\/p>\n<div class=\"content__img-wrap\"><img src=\"https:\/\/sitechecker.pro\/wp-content\/uploads\/2025\/02\/site-audit-issues-3.png\" alt=\"Probl\u00e8mes d'audit de site\" class=\"description-img description-img-zoom\" loading=\"lazy\" ><\/div>\n<h2 id=\"par4\">Testez la balise canonique sur la page<\/h2>\n<h3>\u00c9tape 1\u00a0: Choisissez une option d&#8217;audit de page et d\u00e9marrez la v\u00e9rification<\/h3>\n<div class=\"content__img-wrap\"><img src=\"https:\/\/sitechecker.pro\/wp-content\/uploads\/2025\/02\/check-canonical-page.png\" alt=\"V\u00e9rifier la page canonique\" class=\"description-img description-img-zoom\" loading=\"lazy\" ><\/div>\n<h3>\u00c9tape 2\u00a0: Obtenez les r\u00e9sultats<\/h3>\n<p>V\u00e9rifiez instantan\u00e9ment si une page Web dispose d&#8217;une version pr\u00e9f\u00e9r\u00e9e correctement impl\u00e9ment\u00e9e d&#8217;une page Web, v\u00e9rifiez son code d&#8217;\u00e9tat et assurez-vous d&#8217;une indexation correcte pour \u00e9viter les probl\u00e8mes de contenu en double.<\/p>\n<div class=\"content__img-wrap\"><img src=\"https:\/\/sitechecker.pro\/wp-content\/uploads\/2025\/02\/canonical-link-check.png\" alt=\"Canonical Link Check\" class=\"description-img description-img-zoom\" loading=\"lazy\" ><\/div>\n<p>Optimisez les capacit\u00e9s de l&#8217;outil dans la section Audit de site. Explorez la d\u00e9mo pour d\u00e9couvrir les probl\u00e8mes critiques de r\u00e9f\u00e9rencement, am\u00e9liorer les performances du site Web et simplifier l&#8217;optimisation technique de votre site Web.<\/p>\n<div class=\"content__img-wrap\"><img src=\"https:\/\/sitechecker.pro\/wp-content\/uploads\/2025\/02\/site-audit-3.png\" alt=\"Audit de site\" class=\"description-img description-img-zoom\" loading=\"lazy\" ><\/div>\n<h3>Fonctionnalit\u00e9s suppl\u00e9mentaires du test de balise canonique<\/h3>\n<p>Au-del\u00e0 de la version pr\u00e9f\u00e9r\u00e9e d&#8217;une validation de page Web, obtenez un aper\u00e7u d\u00e9taill\u00e9 des probl\u00e8mes critiques et d&#8217;avertissement, des performances de PageSpeed, de l&#8217;indexabilit\u00e9 et de l&#8217;optimisation du contenu. Identifiez les probl\u00e8mes techniques de r\u00e9f\u00e9rencement et recevez des recommandations exploitables pour am\u00e9liorer la visibilit\u00e9 de recherche de votre page Web.<\/p>\n<div class=\"content__img-wrap\"><img src=\"https:\/\/sitechecker.pro\/wp-content\/uploads\/2025\/02\/issues-overview-3.png\" alt=\"Pr\u00e9sentation des probl\u00e8mes\" class=\"description-img description-img-zoom\" loading=\"lazy\" ><\/div>\n<p>Si une <a href=\"https:\/\/sitechecker.pro\/site-audit-issues\/canonical-is-missing\/\" target=\"_blank\" rel=\"noopener noreferrer\">URL canonique manquante<\/a> est d\u00e9tect\u00e9e, nous fournissons un guide d\u00e9taill\u00e9 et complet pour r\u00e9soudre le probl\u00e8me. Vous pouvez \u00e9galement regarder la version vid\u00e9o du guide ici.<\/p>\n<p><iframe width=\"700\" height=\"350\" src=\"https:\/\/www.youtube.com\/embed\/o_uOGuM3pjs?si=Xybk6A8ngsKd9j9B\" title=\"Lecteur vid\u00e9o YouTube\" frameborder=\"0\" allow=\"accelerometer; autoplay; clipboard-write; encrypted-media; gyroscope; picture-in-picture; web-share\" referrerpolicy=\"strict-origin-when-cross-origin\" allowfullscreen><\/iframe><\/p>\n<h2 id=\"par5\">Id\u00e9e finale<\/h2>\n<p>Le v\u00e9rificateur de balises canoniques permet de garantir une indexation correcte en v\u00e9rifiant, d\u00e9tectant et surveillant les balises canoniques sur l&#8217;ensemble de votre site Web. Il propose des audits \u00e0 l&#8217;\u00e9chelle du site pour identifier les balises manquantes ou incorrectes et des v\u00e9rifications instantan\u00e9es sur une seule page pour une validation rapide. Avec une interface conviviale, un tableau de bord unifi\u00e9 et un ensemble complet d&#8217;outils SEO, il simplifie l&#8217;analyse et l&#8217;optimisation du r\u00e9f\u00e9rencement. Les utilisateurs peuvent d\u00e9couvrir des probl\u00e8mes critiques de r\u00e9f\u00e9rencement, am\u00e9liorer les performances du site Web et \u00e9viter les probl\u00e8mes de contenu en double.<\/p>\n<div id=\"par6\"><\/div>\n<p><div class=\"front__faq-block\"><div class=\"faq__block-title\">FAQ<\/div><div class=\"panel-group\" id=\"faq-accordion\" itemscope itemtype=\"https:\/\/schema.org\/FAQPage\" role=\"tablist\" aria-multiselectable=\"true\"><div class=\"panel\" itemscope itemtype=\"https:\/\/schema.org\/Question\" itemprop=\"mainEntity\">\n                            <div class=\"panel-heading\" id=\"headingFaq-1\">\n                                <div class=\"panel-title\" data-toggle=\"collapse\" aria-expanded=\"false\" href=\"#collapseFaq-1\">\n                                    <h3 itemprop=\"name\">Comment l'outil de v\u00e9rification de la canonisation aide-t-il \u00e0 pr\u00e9venir les probl\u00e8mes de contenu en double ?<\/h3>\n                                <\/div>\n                            <\/div>\n                            <div id=\"collapseFaq-1\" class=\"panel-collapse collapse\" itemprop=\"acceptedAnswer\" itemscope itemtype=\"http:\/\/schema.org\/Answer\">\n                                <div class=\"panel-body\" itemprop=\"text\">Il d\u00e9tecte les balises canoniques incorrectes ou manquantes, garantissant que les moteurs de recherche reconnaissent la version d'URL correcte et \u00e9vitant les p\u00e9nalit\u00e9s de contenu en double.<\/div>\n                            <\/div>\n                        <\/div><div class=\"panel\" itemscope itemtype=\"https:\/\/schema.org\/Question\" itemprop=\"mainEntity\">\n                            <div class=\"panel-heading\" id=\"headingFaq-2\">\n                                <div class=\"panel-title\" data-toggle=\"collapse\" aria-expanded=\"false\" href=\"#collapseFaq-2\">\n                                    <h3 itemprop=\"name\">L'outil peut-il suivre les modifications de la version pr\u00e9f\u00e9r\u00e9e d'une page Web au fil du temps ?<\/h3>\n                                <\/div>\n                            <\/div>\n                            <div id=\"collapseFaq-2\" class=\"panel-collapse collapse\" itemprop=\"acceptedAnswer\" itemscope itemtype=\"http:\/\/schema.org\/Answer\">\n                                <div class=\"panel-body\" itemprop=\"text\">Oui, il offre une surveillance des balises canoniques, un suivi continu des modifications, des erreurs et des incoh\u00e9rences sur un site Web.<\/div>\n                            <\/div>\n                        <\/div><div class=\"panel\" itemscope itemtype=\"https:\/\/schema.org\/Question\" itemprop=\"mainEntity\">\n                            <div class=\"panel-heading\" id=\"headingFaq-3\">\n                                <div class=\"panel-title\" data-toggle=\"collapse\" aria-expanded=\"false\" href=\"#collapseFaq-3\">\n                                    <h3 itemprop=\"name\">Le testeur de balises canoniques fournit-il des recommandations pour r\u00e9soudre les probl\u00e8mes ?<\/h3>\n                                <\/div>\n                            <\/div>\n                            <div id=\"collapseFaq-3\" class=\"panel-collapse collapse\" itemprop=\"acceptedAnswer\" itemscope itemtype=\"http:\/\/schema.org\/Answer\">\n                                <div class=\"panel-body\" itemprop=\"text\">Oui, il g\u00e9n\u00e8re des rapports de probl\u00e8mes d\u00e9taill\u00e9s avec des explications et des recommandations exploitables pour r\u00e9soudre les probl\u00e8mes de balises canoniques.<\/div>\n                            <\/div>\n                        <\/div><\/div><\/div><\/p>","protected":false},"excerpt":{"rendered":"Qu&#8217;est-ce que Canonical Tester\u00a0? Le v\u00e9rificateur d&#8217;URL canoniques de Sitechecker v\u00e9rifie et analyse les versions pr\u00e9f\u00e9r\u00e9es des pages Web pour \u00e9viter les probl\u00e8mes de contenu dupliqu\u00e9 et garantir une indexation correcte par les moteurs de recherche. Il propose un audit \u00e0 l&#8217;\u00e9chelle du site pour d\u00e9tecter les balises canoniques manquantes ou incorrectes et une v\u00e9rification&#8230;","protected":false},"author":10409641,"featured_media":3352,"parent":0,"menu_order":0,"comment_status":"closed","ping_status":"closed","template":"pages-templates\/pages-minitools-3.php","meta":[],"categories":[74],"tags":[],"_links":{"self":[{"href":"https:\/\/sitechecker.pro\/fr\/wp-json\/wp\/v2\/pages\/654"}],"collection":[{"href":"https:\/\/sitechecker.pro\/fr\/wp-json\/wp\/v2\/pages"}],"about":[{"href":"https:\/\/sitechecker.pro\/fr\/wp-json\/wp\/v2\/types\/page"}],"author":[{"embeddable":true,"href":"https:\/\/sitechecker.pro\/fr\/wp-json\/wp\/v2\/users\/10409641"}],"replies":[{"embeddable":true,"href":"https:\/\/sitechecker.pro\/fr\/wp-json\/wp\/v2\/comments?post=654"}],"version-history":[{"count":165,"href":"https:\/\/sitechecker.pro\/fr\/wp-json\/wp\/v2\/pages\/654\/revisions"}],"predecessor-version":[{"id":39294,"href":"https:\/\/sitechecker.pro\/fr\/wp-json\/wp\/v2\/pages\/654\/revisions\/39294"}],"wp:featuredmedia":[{"embeddable":true,"href":"https:\/\/sitechecker.pro\/fr\/wp-json\/wp\/v2\/media\/3352"}],"wp:attachment":[{"href":"https:\/\/sitechecker.pro\/fr\/wp-json\/wp\/v2\/media?parent=654"}],"wp:term":[{"taxonomy":"category","embeddable":true,"href":"https:\/\/sitechecker.pro\/fr\/wp-json\/wp\/v2\/categories?post=654"},{"taxonomy":"post_tag","embeddable":true,"href":"https:\/\/sitechecker.pro\/fr\/wp-json\/wp\/v2\/tags?post=654"}],"curies":[{"name":"wp","href":"https:\/\/api.w.org\/{rel}","templated":true}]}}