{"id":645,"date":"2017-12-11T09:48:13","date_gmt":"2017-12-11T09:48:13","guid":{"rendered":"https:\/\/sitechecker.pro\/?page_id=645"},"modified":"2026-02-13T17:39:36","modified_gmt":"2026-02-13T17:39:36","slug":"alt-tags","status":"publish","type":"page","link":"https:\/\/sitechecker.pro\/fr\/alt-tags\/","title":{"rendered":"Image Alt Tag Checker : Testez si les alt tags existent et si les textes sont corrects."},"content":{"rendered":"<p><\/p>\n<h2 id=\"par1\">Qu&#8217;est-ce que le v\u00e9rificateur de balises Alt d&#8217;image\u00a0?<\/h2>\n<p>Le v\u00e9rificateur de balises Alt d&#8217;image de <a href=\"https:\/\/sitechecker.pro\/\" target=\"_blank\" rel=\"noopener noreferrer\">Sitechecker<\/a> est un outil permettant de trouver toutes les balises Alt et de d\u00e9tecter celles qui manquent sur le site Web. L&#8217;outil v\u00e9rifie toutes les images d&#8217;un domaine ou d&#8217;une page sp\u00e9cifique, identifie les probl\u00e8mes li\u00e9s aux attributs alternatifs tels que l&#8217;absence ou l&#8217;utilisation incorrecte et fournit des solutions pour chaque probl\u00e8me identifi\u00e9.<\/p>\n<h3>Comment l&#8217;outil peut-il vous aider\u00a0?<\/h3>\n<p><strong>Audit des balises Alt\u00a0:<\/strong>L&#8217;outil v\u00e9rifie les descriptions d&#8217;image pour d\u00e9tecter des probl\u00e8mes tels que des balises manquantes, une utilisation incorrecte ou des descriptions insuffisantes.<\/p>\n<p><strong>Rapports d\u00e9taill\u00e9s\u00a0:<\/strong>Il fournit des rapports d\u00e9taill\u00e9s sur les balises Alt de chaque image et les probl\u00e8mes.<\/p>\n<p><strong>Am\u00e9lioration de l&#8217;accessibilit\u00e9\u00a0:<\/strong>L&#8217;identification des am\u00e9liorations pour les descriptions d&#8217;images permet de rendre les sites Web plus accessibles aux utilisateurs malvoyants.<\/p>\n<h3>Les principales fonctionnalit\u00e9s de l&#8217;outil<\/h3>\n<p><strong>Tableau de bord unifi\u00e9\u00a0:<\/strong>Il fournit un tableau de bord central qui int\u00e8gre divers outils et analyses de r\u00e9f\u00e9rencement, offrant un aper\u00e7u complet des performances de r\u00e9f\u00e9rencement de votre site Web.<\/p>\n<p><strong>Interface conviviale\u00a0:<\/strong>L&#8217;outil est con\u00e7u avec une interface conviviale, ce qui le rend accessible et facile \u00e0 parcourir pour les utilisateurs de tous niveaux de comp\u00e9tence.<\/p>\n<p><strong>Ensemble complet d&#8217;outils de r\u00e9f\u00e9rencement\u00a0:<\/strong>Sitechecker propose un ensemble complet d&#8217;outils de r\u00e9f\u00e9rencement, couvrant des aspects tels que l&#8217;audit de site, le suivi des classements, la v\u00e9rification des backlinks, etc., pour vous aider \u00e0 optimiser efficacement vos sites Web pour les moteurs de recherche.<\/p>\n<h3>Comment utiliser l&#8217;outil<\/h3>\n<p>Il existe deux fa\u00e7ons d&#8217;utiliser Image Alt Checker\u00a0: soit en v\u00e9rifiant un domaine ou une page sp\u00e9cifique. Choisissez simplement la variante dont vous avez besoin, collez une URL et appuyez sur \u00ab\u00a0V\u00e9rifier les balises alt\u00a0\u00bb. Apr\u00e8s quelques instants, l&#8217;analyse commencera et vous pourrez voir les r\u00e9sultats. Ci-dessous, vous pouvez voir comment d\u00e9marrer le processus d&#8217;analyse.<\/p>\n<div class=\"content__img-wrap\"><img src=\"https:\/\/sitechecker.pro\/wp-content\/uploads\/2024\/08\/1-Alt-Text-Selector-min.png\" alt=\"Image Alt Tag Checker\" class=\"description-img description-img-zoom\" loading=\"lazy\" ><\/div>\n<h2 id=\"par2\">Comment v\u00e9rifier les balises Alt sur un site Web<\/h2>\n<h3>\u00c9tape 1\u00a0:\u00a0Ins\u00e9rez votre domaine<\/h3>\n<div class=\"content__img-wrap\"><img src=\"https:\/\/sitechecker.pro\/wp-content\/uploads\/2024\/08\/2-Alt-Text-Website-Check-min.png\" alt=\"V\u00e9rification des balises Alt du domaine\" class=\"description-img description-img-zoom\" loading=\"lazy\" ><\/div>\n<div class=\"important-block\">Pour recevoir les r\u00e9sultats et acc\u00e9der aux fonctionnalit\u00e9s de Sitechecker pendant 14 jours, d\u00e9marrez votre essai GRATUIT. L'inscription est facile avec votre e-mail, votre compte Google ou Facebook. Aucune carte de cr\u00e9dit n'est n\u00e9cessaire.<\/div>\n<h3>\u00c9tape 2\u00a0: Interpr\u00e9ter les r\u00e9sultats du v\u00e9rificateur de balises Alt via la v\u00e9rification du domaine<\/h3>\n<p>L&#8217;analyse que vous effectuez g\u00e9n\u00e9rera un audit du contenu de votre site pour le domaine saisi. Dans \u00ab\u00a0Pertinence du contenu\u00a0\u00bb, des probl\u00e8mes peuvent \u00eatre d\u00e9tect\u00e9s avec des attributs alternatifs\u00a0: utilisation manquante ou incorrecte et\/ou descriptions d&#8217;un seul mot, ce qui peut amener les visiteurs \u00e0 s&#8217;attendre \u00e0 plus d&#8217;informations sur ces pages lorsqu&#8217;ils cliquent dessus. En cliquant sur une zone probl\u00e9matique, les pages concern\u00e9es et les instructions de correction si n\u00e9cessaire s&#8217;affichent, ce qui facilite la r\u00e9solution de tous les probl\u00e8mes\u00a0!<\/p>\n<div class=\"content__img-wrap\"><img src=\"https:\/\/sitechecker.pro\/wp-content\/uploads\/2024\/01\/missing-alt-text-issue.png\" alt=\"Probl\u00e8me de texte alternatif manquant\" class=\"description-img description-img-zoom\" loading=\"lazy\" ><\/div>\n<div class=\"content__img-wrap\"><img src=\"https:\/\/sitechecker.pro\/wp-content\/uploads\/2024\/01\/missing-alt-text-list.png\" alt=\"Liste de textes alternatifs manquants\" class=\"description-img description-img-zoom\" loading=\"lazy\" ><\/div>\n<h3>Fonctionnalit\u00e9s suppl\u00e9mentaires de Image Alt SEO Checker<\/h3>\n<p>Vous pouvez recevoir un rapport d&#8217;audit complet du site apr\u00e8s avoir s\u00e9lectionn\u00e9 l&#8217;option V\u00e9rifier le domaine. Les informations contenues dans ce document vous aideront \u00e0 identifier diff\u00e9rents types de probl\u00e8mes sur votre site Web et \u00e0 les r\u00e9soudre\u00a0!<\/p>\n<div class=\"content__img-wrap\"><img src=\"https:\/\/sitechecker.pro\/wp-content\/uploads\/2024\/01\/issues-list.png\" alt=\"Liste des probl\u00e8mes\" class=\"description-img description-img-zoom\" loading=\"lazy\" ><\/div>\n<h2 id=\"par3\">V\u00e9rification de la page<\/h2>\n<h3>\u00c9tape 1\u00a0:\u00a0Ins\u00e9rez votre URL et appuyez sur \u00ab\u00a0V\u00e9rifier les balises alt\u00a0\u00bb<\/h3>\n<div class=\"content__img-wrap\"><img src=\"https:\/\/sitechecker.pro\/wp-content\/uploads\/2024\/08\/3-Page-Alt-Texts-Check-min.png\" alt=\"Page de v\u00e9rification des balises Alt\" class=\"description-img description-img-zoom\" loading=\"lazy\" ><\/div>\n<h3>\u00c9tape 2\u00a0:\u00a0Interpr\u00e9tation des r\u00e9sultats du testeur de balises Alt via la v\u00e9rification de la page<\/h3>\n<p><strong>Alt Text Checker<\/strong> montre une analyse r\u00e9ussie d&#8217;une page Web. La partie sup\u00e9rieure de l&#8217;\u00e9cran r\u00e9v\u00e8le un score de page avec quelques avertissements mineurs \u00e0 traiter.<\/p>\n<p>L&#8217;outil identifie un ensemble d&#8217;<a href=\"https:\/\/sitechecker.pro\/broken-image-checker\/\" data-wpil-monitor-id=\"230\">images<\/a>, mettant en \u00e9vidence les descriptions d&#8217;images manquantes. Vous verrez les r\u00e9sultats visuels, o\u00f9 des informations exploitables telles que les attributs de titre manquants et les tailles d&#8217;image sont pr\u00e9sent\u00e9es, vous permettant de prendre des d\u00e9cisions \u00e9clair\u00e9es pour optimiser efficacement votre page Web.<\/p>\n<div class=\"content__img-wrap\"><img src=\"https:\/\/sitechecker.pro\/wp-content\/uploads\/2024\/01\/alt-text-checker-results.png\" alt=\"Alt Text Checker Results\" class=\"description-img description-img-zoom\" loading=\"lazy\" ><\/div>\n<p>Pour effectuer un audit de l&#8217;ensemble de votre site au lieu d&#8217;une seule page, s\u00e9lectionnez \u00ab\u00a0Ex\u00e9cuter un audit complet du site Web\u00a0\u00bb ou reportez-vous \u00e0 la premi\u00e8re section de ce manuel pour la v\u00e9rification du domaine.<\/p>\n<p>L&#8217;outil propose un projet de d\u00e9monstration qui pr\u00e9sente ses capacit\u00e9s. En choisissant \u00ab\u00a0Audit du site\u00a0\u00bb, vous pouvez explorer les fonctionnalit\u00e9s et comprendre comment l&#8217;outil peut am\u00e9liorer le r\u00e9f\u00e9rencement de votre site Web.<\/p>\n<div class=\"content__img-wrap\"><img src=\"https:\/\/sitechecker.pro\/wp-content\/uploads\/2024\/01\/run-full-site-audit.png\" alt=\"Ex\u00e9cuter l'audit complet du site\" class=\"description-img description-img-zoom\" loading=\"lazy\" ><\/div>\n<h3>Fonctionnalit\u00e9s suppl\u00e9mentaires du v\u00e9rificateur de balises alt de page<\/h3>\n<p>Le v\u00e9rificateur de balises Alt d&#8217;image pr\u00e9sente une interface \u00e9tendue qui am\u00e9liore l&#8217;analyse SEO de votre site Web. Dans la section \u00ab\u00a0Pr\u00e9sentation des probl\u00e8mes\u00a0\u00bb, il d\u00e9compose les probl\u00e8mes critiques et les avertissements.<\/p>\n<p>La section \u00ab\u00a0Optimisation du contenu\u00a0\u00bb am\u00e9liore encore l&#8217;utilit\u00e9 de l&#8217;outil en \u00e9valuant les indicateurs g\u00e9n\u00e9raux de sant\u00e9 des pages tels que le code d&#8217;\u00e9tat et la taille HTML. Il \u00e9value \u00e9galement les longueurs de titre et de description pour des performances SEO optimales. Il pr\u00e9sente \u00e9galement des donn\u00e9es sur le contenu structur\u00e9 et le r\u00e9f\u00e9rencement, ainsi qu&#8217;une liste compl\u00e8te de liens de page. Cette int\u00e9gration de fonctionnalit\u00e9s suppl\u00e9mentaires dans le v\u00e9rificateur de balises Alt facilite une <a href=\"https:\/\/sitechecker.pro\/on-page-seo-checker\/\" target=\"_blank\" rel=\"noopener noreferrer\">\u00e9valuation SEO sur page<\/a> compl\u00e8te, transcendant les balises d&#8217;image pour fournir une \u00e9valuation compl\u00e8te de la page Web.<\/p>\n<div class=\"content__img-wrap\"><img src=\"https:\/\/sitechecker.pro\/wp-content\/uploads\/2024\/01\/issues-overview.png\" alt=\"Aper\u00e7u des probl\u00e8mes\" class=\"description-img description-img-zoom\" loading=\"lazy\" ><\/div>\n<p>Pour compl\u00e9ter cette fonctionnalit\u00e9, le <a href=\"https:\/\/sitechecker.pro\/website-image-crawler\/\">Website Image Crawler<\/a> peut analyser r\u00e9guli\u00e8rement votre site \u00e0 la recherche d&#8217;images non optimis\u00e9es et de balises alt manquantes, garantissant ainsi que tout le contenu visuel est correctement optimis\u00e9 pour le r\u00e9f\u00e9rencement.<\/p>\n<h2 id=\"par4\">Remarques conclusives<\/h2>\n<p>Le <strong>v\u00e9rificateur de texte alternatif d&#8217;image<\/strong> est un outil essentiel pour am\u00e9liorer le r\u00e9f\u00e9rencement et l&#8217;accessibilit\u00e9 des sites Web gr\u00e2ce \u00e0 des audits complets des balises alt. Il offre une interface conviviale avec un tableau de bord unifi\u00e9, simplifiant le processus d&#8217;identification et de r\u00e9solution des probl\u00e8mes de balises alt sur l&#8217;ensemble d&#8217;un site Web ou sur des pages sp\u00e9cifiques. Ses rapports d\u00e9taill\u00e9s sur les balises alt, y compris les probl\u00e8mes et les recommandations, contribuent \u00e0 rendre le contenu Web accessible \u00e0 tous les utilisateurs, y compris ceux souffrant de d\u00e9ficiences visuelles. Avec des fonctionnalit\u00e9s suppl\u00e9mentaires pour l&#8217;optimisation du r\u00e9f\u00e9rencement sur l&#8217;ensemble du site, l&#8217;outil est un atout pr\u00e9cieux pour quiconque cherche \u00e0 am\u00e9liorer la pr\u00e9sence en ligne et l&#8217;exp\u00e9rience utilisateur de son site Web.<\/p>\n<div id=\"par5\"><\/div>\n<p><div class=\"front__faq-block\"><div class=\"faq__block-title\">FAQ<\/div><div class=\"panel-group\" id=\"faq-accordion\" itemscope itemtype=\"https:\/\/schema.org\/FAQPage\" role=\"tablist\" aria-multiselectable=\"true\"><div class=\"panel\" itemscope itemtype=\"https:\/\/schema.org\/Question\" itemprop=\"mainEntity\">\n                            <div class=\"panel-heading\" id=\"headingFaq-1\">\n                                <div class=\"panel-title\" data-toggle=\"collapse\" aria-expanded=\"false\" href=\"#collapseFaq-1\">\n                                    <h3 itemprop=\"name\">Puis-je utiliser Alt Text Tester sans connaissances techniques en r\u00e9f\u00e9rencement ?<\/h3>\n                                <\/div>\n                            <\/div>\n                            <div id=\"collapseFaq-1\" class=\"panel-collapse collapse\" itemprop=\"acceptedAnswer\" itemscope itemtype=\"http:\/\/schema.org\/Answer\">\n                                <div class=\"panel-body\" itemprop=\"text\">Oui, l&apos;outil est con\u00e7u avec une interface conviviale qui permet aux personnes de tous niveaux de naviguer et d&apos;utiliser facilement ses fonctionnalit\u00e9s pour l&apos;optimisation du r\u00e9f\u00e9rencement.<\/div>\n                            <\/div>\n                        <\/div><div class=\"panel\" itemscope itemtype=\"https:\/\/schema.org\/Question\" itemprop=\"mainEntity\">\n                            <div class=\"panel-heading\" id=\"headingFaq-2\">\n                                <div class=\"panel-title\" data-toggle=\"collapse\" aria-expanded=\"false\" href=\"#collapseFaq-2\">\n                                    <h3 itemprop=\"name\">Le v\u00e9rificateur de balises Alt d&apos;image prend-il en charge le traitement par lots pour plusieurs pages ?<\/h3>\n                                <\/div>\n                            <\/div>\n                            <div id=\"collapseFaq-2\" class=\"panel-collapse collapse\" itemprop=\"acceptedAnswer\" itemscope itemtype=\"http:\/\/schema.org\/Answer\">\n                                <div class=\"panel-body\" itemprop=\"text\">L&apos;outil vous permet de v\u00e9rifier les descriptions d&apos;images sur l&apos;ensemble d&apos;un domaine, en traitant efficacement plusieurs pages de mani\u00e8re par lots.<\/div>\n                            <\/div>\n                        <\/div><div class=\"panel\" itemscope itemtype=\"https:\/\/schema.org\/Question\" itemprop=\"mainEntity\">\n                            <div class=\"panel-heading\" id=\"headingFaq-3\">\n                                <div class=\"panel-title\" data-toggle=\"collapse\" aria-expanded=\"false\" href=\"#collapseFaq-3\">\n                                    <h3 itemprop=\"name\">Y a-t-il une limite au nombre d&apos;images que l&apos;outil peut v\u00e9rifier sur un site Web ?<\/h3>\n                                <\/div>\n                            <\/div>\n                            <div id=\"collapseFaq-3\" class=\"panel-collapse collapse\" itemprop=\"acceptedAnswer\" itemscope itemtype=\"http:\/\/schema.org\/Answer\">\n                                <div class=\"panel-body\" itemprop=\"text\">L&apos;outil n&apos;indique pas explicitement de limite ; il peut auditer toutes les images trouv\u00e9es sur le domaine ou la page sp\u00e9cifi\u00e9.<\/div>\n                            <\/div>\n                        <\/div><div class=\"panel\" itemscope itemtype=\"https:\/\/schema.org\/Question\" itemprop=\"mainEntity\">\n                            <div class=\"panel-heading\" id=\"headingFaq-4\">\n                                <div class=\"panel-title\" data-toggle=\"collapse\" aria-expanded=\"false\" href=\"#collapseFaq-4\">\n                                    <h3 itemprop=\"name\">Combien de temps faut-il pour effectuer une v\u00e9rification des balises alt sur une page ?<\/h3>\n                                <\/div>\n                            <\/div>\n                            <div id=\"collapseFaq-4\" class=\"panel-collapse collapse\" itemprop=\"acceptedAnswer\" itemscope itemtype=\"http:\/\/schema.org\/Answer\">\n                                <div class=\"panel-body\" itemprop=\"text\">Le processus de num\u00e9risation commence peu de temps apr\u00e8s l&apos;insertion d&apos;une URL et le lancement d&apos;une v\u00e9rification. La dur\u00e9e peut varier en fonction du nombre d&apos;images et de la taille de la page.<\/div>\n                            <\/div>\n                        <\/div><div class=\"panel\" itemscope itemtype=\"https:\/\/schema.org\/Question\" itemprop=\"mainEntity\">\n                            <div class=\"panel-heading\" id=\"headingFaq-5\">\n                                <div class=\"panel-title\" data-toggle=\"collapse\" aria-expanded=\"false\" href=\"#collapseFaq-5\">\n                                    <h3 itemprop=\"name\">Le v\u00e9rificateur de balises alt d&apos;image fournit-il des explications pour ses avertissements SEO ?<\/h3>\n                                <\/div>\n                            <\/div>\n                            <div id=\"collapseFaq-5\" class=\"panel-collapse collapse\" itemprop=\"acceptedAnswer\" itemscope itemtype=\"http:\/\/schema.org\/Answer\">\n                                <div class=\"panel-body\" itemprop=\"text\">Oui, l&apos;outil propose des rapports d\u00e9taill\u00e9s avec des explications pour tous les probl\u00e8mes d\u00e9tect\u00e9s, y compris des suggestions de correctifs pour optimiser les descriptions d&apos;images.<\/div>\n                            <\/div>\n                        <\/div><\/div><\/div><\/p>","protected":false},"excerpt":{"rendered":"Qu&#8217;est-ce que le v\u00e9rificateur de balises Alt d&#8217;image\u00a0? Le v\u00e9rificateur de balises Alt d&#8217;image de Sitechecker est un outil permettant de trouver toutes les balises Alt et de d\u00e9tecter celles qui manquent sur le site Web. L&#8217;outil v\u00e9rifie toutes les images d&#8217;un domaine ou d&#8217;une page sp\u00e9cifique, identifie les probl\u00e8mes li\u00e9s aux attributs alternatifs tels&#8230;","protected":false},"author":10504980,"featured_media":3419,"parent":0,"menu_order":0,"comment_status":"closed","ping_status":"closed","template":"pages-templates\/pages-minitools-3.php","meta":[],"categories":[74],"tags":[],"_links":{"self":[{"href":"https:\/\/sitechecker.pro\/fr\/wp-json\/wp\/v2\/pages\/645"}],"collection":[{"href":"https:\/\/sitechecker.pro\/fr\/wp-json\/wp\/v2\/pages"}],"about":[{"href":"https:\/\/sitechecker.pro\/fr\/wp-json\/wp\/v2\/types\/page"}],"author":[{"embeddable":true,"href":"https:\/\/sitechecker.pro\/fr\/wp-json\/wp\/v2\/users\/10504980"}],"replies":[{"embeddable":true,"href":"https:\/\/sitechecker.pro\/fr\/wp-json\/wp\/v2\/comments?post=645"}],"version-history":[{"count":80,"href":"https:\/\/sitechecker.pro\/fr\/wp-json\/wp\/v2\/pages\/645\/revisions"}],"predecessor-version":[{"id":39277,"href":"https:\/\/sitechecker.pro\/fr\/wp-json\/wp\/v2\/pages\/645\/revisions\/39277"}],"wp:featuredmedia":[{"embeddable":true,"href":"https:\/\/sitechecker.pro\/fr\/wp-json\/wp\/v2\/media\/3419"}],"wp:attachment":[{"href":"https:\/\/sitechecker.pro\/fr\/wp-json\/wp\/v2\/media?parent=645"}],"wp:term":[{"taxonomy":"category","embeddable":true,"href":"https:\/\/sitechecker.pro\/fr\/wp-json\/wp\/v2\/categories?post=645"},{"taxonomy":"post_tag","embeddable":true,"href":"https:\/\/sitechecker.pro\/fr\/wp-json\/wp\/v2\/tags?post=645"}],"curies":[{"name":"wp","href":"https:\/\/api.w.org\/{rel}","templated":true}]}}