{"id":6406,"date":"2019-04-18T11:20:27","date_gmt":"2019-04-18T11:20:27","guid":{"rendered":"https:\/\/sitechecker.pro\/?page_id=6406"},"modified":"2026-02-20T14:20:11","modified_gmt":"2026-02-20T14:20:11","slug":"rank-checker","status":"publish","type":"page","link":"https:\/\/sitechecker.pro\/fr\/rank-checker\/","title":{"rendered":"Trouvez votre position et classement sur Google"},"content":{"rendered":"<p><\/p>\n<h2 id=\"par1\">Qu&#8217;est-ce qu&#8217;un v\u00e9rificateur de classement de site Web\u00a0?<\/h2>\n<p>L&#8217;outil Google Rank Checker vous permet d&#8217;\u00e9valuer les positions des mots cl\u00e9s de votre site Web sur Google, en offrant des donn\u00e9es de classement actuelles et historiques pour les recherches sur ordinateur et mobile dans les 100 premiers r\u00e9sultats Google dans 155 pays. Cet outil pr\u00e9sente la visibilit\u00e9 globale de votre site Web et des URL sp\u00e9cifiques, le volume de recherche pour les mots cl\u00e9s class\u00e9s, des informations sur les extraits en vedette et la concurrence SERP.<\/p>\n<h3>Keyword Rank Checker peut vous aider de plusieurs mani\u00e8res<\/h3>\n<ul>\n<li><strong>V\u00e9rification de la position actuelle\u00a0: <\/strong>Trouvez le classement des requ\u00eates de recherche o\u00f9 vous vous trouvez actuellement et o\u00f9 se trouvent vos concurrents. Il vous permettra de d\u00e9velopper une strat\u00e9gie de r\u00e9f\u00e9rencement efficace pour atteindre vos objectifs de promotion.\n<\/li>\n<li><strong>T\u00e9l\u00e9chargement d&#8217;une liste de mots cl\u00e9s cibles\u00a0: <\/strong>Utilisez Rank Analyzer pour les requ\u00eates que vous pr\u00e9voyez de classer. Tracker vous montrera des statistiques sur les mots cl\u00e9s, m\u00eame si vous ne les avez pas dans votre Search Console.<\/li>\n<li><strong>Suggestions de mots cl\u00e9s\u00a0: <\/strong>Google Ranker v\u00e9rifie non seulement les notes des phrases cl\u00e9s, mais sugg\u00e8re \u00e9galement des mots cl\u00e9s associ\u00e9s et leur volume de recherche qui pourraient \u00eatre utiles pour votre site Web.<\/li>\n<li><strong>R\u00e9f\u00e9rencement local\u00a0: <\/strong>Pour les entreprises qui d\u00e9pendent de clients locaux, l&#8217;outil offre des fonctionnalit\u00e9s de g\u00e9olocalisation. Cela signifie que vous pouvez v\u00e9rifier le classement du site Web et la qualit\u00e9 de votre classement pour les mots cibles dans des villes ou des r\u00e9gions sp\u00e9cifiques.<\/li>\n<li><strong>Mobile vs. Desktop\u00a0: <\/strong>La recherche mobile devenant de plus en plus r\u00e9pandue, l&#8217;outil fournit des donn\u00e9es distinctes pour les recherches mobiles et de bureau.<\/li>\n<li><strong>Fr\u00e9quence\u00a0: <\/strong>L&#8217;outil de classement SEO du site Web permet des v\u00e9rifications p\u00e9riodiques (1 jour, 7 jours, 30 jours, 90 jours et \u00e0 tout moment). Cela permet de garder un \u0153il sur les performances et de comprendre la volatilit\u00e9 des notes.<\/li>\n<li><strong>Visibilit\u00e9 du site Web et visibilit\u00e9 de la page\u00a0: <\/strong>Fournit un score global des performances d&#8217;un site sur les moteurs de recherche en fonction des classements collectifs des mots cl\u00e9s. Affiche la contribution de chaque page \u00e0 la visibilit\u00e9 globale du site Web, ce qui permet d&#8217;identifier les pages les plus performantes ou les moins performantes.<\/li>\n<li><strong>V\u00e9rification des mots cl\u00e9s des concurrents\u00a0: <\/strong>V\u00e9rifiez d&#8217;autres sites, comme un concurrent, et d\u00e9couvrez comment leur position dans les r\u00e9sultats de recherche \u00e9volue.<\/li>\n<li><strong>V\u00e9rifiez les statistiques SEPR d\u00e9taill\u00e9es\u00a0: <\/strong>En plus de voir les donn\u00e9es sur les positions de n&#8217;importe quel mot cl\u00e9, vous pouvez l&#8217;examiner de mani\u00e8re plus approfondie. Si vous cliquez sur le graphique pr\u00e8s des phrases cl\u00e9s, vous verrez un graphique plus d\u00e9taill\u00e9 des changements de position.<\/li>\n<\/ul>\n<h3>Principales fonctionnalit\u00e9s du moteur de recherche de positions de classement des mots cl\u00e9s<\/h3>\n<ul>\n<li><strong>Tableau de bord unifi\u00e9. <\/strong>Cet \u00e9l\u00e9ment offre un hub unique o\u00f9 vous pouvez superviser toutes les donn\u00e9es et commentaires cruciaux concernant les positions de votre site Web. Il peut pr\u00e9senter des d\u00e9tails approfondis sur vos mots cibles, des r\u00e9sum\u00e9s d&#8217;erreurs, des repr\u00e9sentations graphiques, etc. Un panneau de contr\u00f4le consolid\u00e9 rationalise et simplifie la gestion.<\/li>\n<li><strong>Interface conviviale. <\/strong>Cela garantit que l&#8217;outil reste simple \u00e0 utiliser, m\u00eame pour les personnes manquant de connaissances techniques. Une telle conception comprend une navigation simple, des \u00e9tiquettes sans ambigu\u00eft\u00e9, des conseils contextuels informatifs, entre autres fonctionnalit\u00e9s. Une conception intuitive acc\u00e9l\u00e8re le processus de d\u00e9couverte et d&#8217;utilisation des fonctionnalit\u00e9s que vous recherchez.<\/li>\n<li><strong>Suite SEO tout compris. <\/strong>Au-del\u00e0 de la v\u00e9rification des classements des requ\u00eates, cette suite SEO compl\u00e8te pourrait int\u00e9grer des utilitaires pour les \u00e9valuations SEO sur site, la surveillance, l&#8217;examen des liens, les v\u00e9rifications de sites Web, etc. Ces fonctions visent \u00e0 am\u00e9liorer la notori\u00e9t\u00e9 de votre site Web dans les listes des moteurs de recherche, attirant ainsi des visiteurs organiques sur votre plateforme.<\/li>\n<li><strong>Exportez les donn\u00e9es dans des rapports. <\/strong>Possibilit\u00e9 de t\u00e9l\u00e9charger des rapports .csv et .pdf \u00e0 partager avec les membres de votre \u00e9quipe ou votre client.<\/li>\n<\/ul>\n<h2 id=\"par2\">Comment utiliser Google Website Rank Checker<\/h2>\n<h3>\u00c9tape 1\u00a0: saisissez votre domaine, votre r\u00e9gion cible et votre langue, puis cliquez sur le bouton \u00ab\u00a0V\u00e9rifier le classement\u00a0\u00bb.<\/h3>\n<div class=\"content__img-wrap\"><img src=\"https:\/\/sitechecker.pro\/wp-content\/uploads\/2024\/06\/website-ranking-checker.png\" alt=\"Keyword Rank Checker\" class=\"description-img description-img-zoom\" loading=\"lazy\" ><\/div>\n<h3>\u00c9tape 2\u00a0: obtenez le r\u00e9sultat<\/h3>\n<p>Apr\u00e8s avoir termin\u00e9 la v\u00e9rification du classement du site Web, vous d\u00e9couvrirez les principales requ\u00eates pour lesquelles votre site est class\u00e9. L&#8217;outil fournit un aper\u00e7u complet du trafic, montrant le trafic estim\u00e9 et la r\u00e9partition des mots-cl\u00e9s dans les 10, 11 \u00e0 20 et 21 \u00e0 100 premi\u00e8res positions dans la SERP. Il r\u00e9pertorie les principaux mots-cl\u00e9s ainsi que leurs URL, leurs positions de recherche, leur volume et leurs donn\u00e9es de trafic.<\/p>\n<div class=\"content__img-wrap\"><img src=\"https:\/\/sitechecker.pro\/wp-content\/uploads\/2024\/11\/TOP-50-in-SERP-image-min.png\" alt=\"R\u00e9sultats du v\u00e9rificateur de classement des mots-cl\u00e9s\" class=\"description-img description-img-zoom\" loading=\"lazy\" ><\/div>\n<p>Les informations concurrentielles incluent la concurrence des mots-cl\u00e9s, le co\u00fbt par clic (CPC) et le co\u00fbt du trafic, vous permettant d&#8217;\u00e9valuer la comp\u00e9titivit\u00e9 du march\u00e9 et les d\u00e9penses publicitaires. Des mesures d\u00e9taill\u00e9es pour chaque mot-cl\u00e9, y compris les positions de classement exactes et le volume de recherche, aident \u00e0 identifier efficacement les mots-cl\u00e9s les plus performants et les moins performants.<\/p>\n<p>Commencez un essai gratuit pour acc\u00e9der \u00e0 vos classements de mots cl\u00e9s complets et aux donn\u00e9es SERP de vos concurrents.<\/p>\n<div class=\"content__img-wrap\"><img src=\"https:\/\/sitechecker.pro\/wp-content\/uploads\/2024\/11\/Outrack-your-competitors-min.png\" alt=\"Start free trial popup\" class=\"description-img description-img-zoom\" loading=\"lazy\" ><\/div>\n<div class=\"important-block\">Pour recevoir les r\u00e9sultats et acc\u00e9der aux fonctionnalit\u00e9s de Sitechecker pendant 14 jours, d\u00e9marrez votre essai GRATUIT. L'inscription est facile avec votre compte e-mail, Google ou Facebook. Aucune carte de cr\u00e9dit n'est n\u00e9cessaire.<\/div>\n<h2 id=\"par3\">Fonctionnalit\u00e9s suppl\u00e9mentaires du v\u00e9rificateur de classement des mots cl\u00e9s<\/h2>\n<p>Vous pouvez \u00e9galement utiliser non seulement la v\u00e9rification des positions des mots cl\u00e9s, mais \u00e9galement notre logiciel de v\u00e9rification du classement. Il vous aide \u00e0 suivre r\u00e9guli\u00e8rement les notes SEO de votre site Web et \u00e0 d\u00e9couvrir quelles actions ont conduit \u00e0 la croissance, et \u00e0 \u00eatre le premier \u00e0 savoir quand plusieurs \u00e9v\u00e9nements critiques se produisent. Vous pouvez facilement suivre comment la r\u00e9solution des <a href=\"https:\/\/sitechecker.pro\/website-defacement-monitoring\/\" data-wpil-monitor-id=\"98\">probl\u00e8mes sur votre site Web<\/a> am\u00e9liore votre positionnement sur le Web et tester de nouvelles strat\u00e9gies.<\/p>\n<p>Pour ce faire, cliquez simplement sur \u00ab\u00a0D\u00e9marrer le suivi\u00a0\u00bb sur la page de r\u00e9sultats de l&#8217;analyseur de positionnement.<\/p>\n<div class=\"content__img-wrap\"><img src=\"https:\/\/sitechecker.pro\/wp-content\/uploads\/2024\/11\/Start-tracking-min.png\" alt=\"Start tracking\" class=\"description-img description-img-zoom\" loading=\"lazy\" ><\/div>\n<p>Apr\u00e8s avoir cliqu\u00e9 sur le bouton \u00ab\u00a0Start tracking\u00a0\u00bb, les requ\u00eates trouv\u00e9es seront ajout\u00e9es \u00e0 la page de configuration du tracker\u00a0:<\/p>\n<div class=\"content__img-wrap\"><img src=\"https:\/\/sitechecker.pro\/wp-content\/uploads\/2024\/06\/image6-min.png\" alt=\"rank tracker setup\" class=\"description-img description-img-zoom\" loading=\"lazy\" ><\/div>\n<p>Choisissez les requ\u00eates cl\u00e9s que vous souhaitez suivre, ajustez les param\u00e8tres de recherche pour elles (appareils, pays, r\u00e9f\u00e9rencement local) et, si n\u00e9cessaire, regroupez les requ\u00eates cl\u00e9s d&#8217;un cluster (sujet) en diff\u00e9rents groupes.<\/p>\n<p>Regroupez les mots-cl\u00e9s par cat\u00e9gories et pages pour suivre facilement la progression de chaque cluster de mots-cl\u00e9s. Cliquez sur \u00ab\u00a0Enregistrer\u00a0\u00bb.<\/p>\n<div class=\"content__img-wrap\"><img src=\"https:\/\/sitechecker.pro\/wp-content\/uploads\/2024\/06\/image1-min.png\" alt=\"Groupes de mots cl\u00e9s\" class=\"description-img description-img-zoom\" loading=\"lazy\" ><\/div>\n<p>Une fois que vous avez configur\u00e9 vos phrases cl\u00e9s de suivi, vous aurez acc\u00e8s \u00e0 un large \u00e9ventail de fonctionnalit\u00e9s qui fournissent des informations et des analyses approfondies. Laissez \u00e0 l&#8217;outil le temps de collecter davantage de donn\u00e9es pour des r\u00e9sultats optimaux. Gr\u00e2ce \u00e0 ces informations, les tendances de vos classements peuvent \u00eatre identifi\u00e9es et surveill\u00e9es en direct.<\/p>\n<h3>Analysez le classement et la visibilit\u00e9 de votre site Web dans la recherche Google<\/h3>\n<p>Pour afficher les classements des requ\u00eates de recherche de votre site Web, cliquez sur l&#8217;onglet \u00ab\u00a0Mots cl\u00e9s\u00a0\u00bb. Cela affichera tous les termes pour lesquels votre site est class\u00e9 dans les r\u00e9sultats de recherche\u00a0:<\/p>\n<div class=\"content__img-wrap\"><img src=\"https:\/\/sitechecker.pro\/wp-content\/uploads\/2024\/06\/image9-min.png\" alt=\"Classement des mots cl\u00e9s\" class=\"description-img description-img-zoom\" loading=\"lazy\" ><\/div>\n<p>Dans cette section, vous pouvez afficher les tendances de classement des mots cl\u00e9s dans la recherche Google TOP-100. Filtrez facilement les phrases cl\u00e9s par position, volume de recherche ou groupes, par exemple en les cat\u00e9gorisant en fonction de vos offres de produits ou de services pour surveiller la dynamique des performances.<\/p>\n<p>\u00c0 l&#8217;aide du graphique, vous pouvez \u00e9valuer visuellement la position de votre site sur des p\u00e9riodes quotidiennes, hebdomadaires ou mensuelles. Vous pouvez \u00e9galement identifier le moment o\u00f9 des mots cl\u00e9s ont \u00e9t\u00e9 ajout\u00e9s pour la surveillance, faire des annotations et m\u00eame suivre les mises \u00e0 jour de Google.<\/p>\n<p>Le taux de visibilit\u00e9 mesure le potentiel de gain de trafic suppl\u00e9mentaire \u00e0 partir de mots cl\u00e9s class\u00e9s. La visibilit\u00e9 est calcul\u00e9e \u00e0 l&#8217;aide d&#8217;un indice bas\u00e9 sur les positions des phrases cl\u00e9s.<\/p>\n<div class=\"content__img-wrap\"><img src=\"https:\/\/sitechecker.pro\/wp-content\/uploads\/2024\/06\/image5-min.png\" alt=\"Visibilit\u00e9 des mots cl\u00e9s\" class=\"description-img description-img-zoom\" loading=\"lazy\" ><\/div>\n<p>Le graphique vous permet de surveiller l&#8217;impact des mises \u00e0 jour de Google sur la visibilit\u00e9 de votre site dans les r\u00e9sultats de recherche.<\/p>\n<p>La fonction d&#8217;analyse des concurrents du v\u00e9rificateur de classement des sites Web vous permet de suivre et de comparer les performances SERP entre les domaines concurrents.<\/p>\n<div class=\"content__img-wrap\"><img src=\"https:\/\/sitechecker.pro\/wp-content\/uploads\/2024\/11\/Competitor-Analysis.png\" alt=\"Analyse des concurrents\" class=\"description-img description-img-zoom\" loading=\"lazy\" ><\/div>\n<p>Vous pouvez suivre les changements pour chaque concurrent et les comparer directement aux performances de votre site.<\/p>\n<p>Le Rank Tracker fournit des informations compl\u00e8tes sur les performances de votre site Web en affichant les classements des mots cl\u00e9s, la visibilit\u00e9 et l&#8217;analyse des concurrents. Il cat\u00e9gorise les positions des mots cl\u00e9s du top 1 au top 100 et suit le pourcentage de visibilit\u00e9 globale. L&#8217;outil compare \u00e9galement les performances de votre site \u00e0 celles de vos concurrents et vous permet d&#8217;ajuster les param\u00e8tres de recherche tels que les appareils, les pays et le r\u00e9f\u00e9rencement local pour un suivi personnalis\u00e9.<\/p>\n<div class=\"content__img-wrap\"><img src=\"https:\/\/sitechecker.pro\/wp-content\/uploads\/2024\/06\/image4-min.png\" alt=\"Classement des mots cl\u00e9s des concurrents\" class=\"description-img description-img-zoom\" loading=\"lazy\" ><\/div>\n<p>Le tableau ci-dessous affiche les mots cl\u00e9s ainsi que leurs positions et les pages correspondantes.<\/p>\n<div class=\"content__img-wrap\"><img src=\"https:\/\/sitechecker.pro\/wp-content\/uploads\/2024\/06\/image11-min.png\" alt=\"Mots cl\u00e9s avec leurs classements\" class=\"description-img description-img-zoom\" loading=\"lazy\" ><\/div>\n<p>Vous pouvez filtrer les changements de classement par jour, regrouper les positions par TOP et choisir des groupes de mots cl\u00e9s sp\u00e9cifiques. D\u00e9couvrez les fonctionnalit\u00e9s SERP pour chaque mot cl\u00e9, l&#8217;URL class\u00e9e et les tendances de positionnement des phrases cl\u00e9s. La fonction d&#8217;exportation est essentielle pour une analyse approfondie des donn\u00e9es et pour le partage avec des clients ou des coll\u00e8gues.<\/p>\n<p>De plus, en s\u00e9lectionnant \u00ab Analyse SERP par mot-cl\u00e9 \u00bb, vous pouvez visualiser vos concurrents pour un mot-cl\u00e9 sp\u00e9cifique et comparer votre position dans la recherche avec la leur.<\/p>\n<div class=\"content__img-wrap\"><img src=\"https:\/\/sitechecker.pro\/wp-content\/uploads\/2024\/06\/image10-min.png\" alt=\"SERP\" class=\"description-img description-img-zoom\" loading=\"lazy\" ><\/div>\n<p>Avec <a href=\"https:\/\/sitechecker.pro\/serp-alerts\/\">SERP Alerts<\/a>, vous recevrez des notifications sur tout changement de classement significatif, vous assurant ainsi de garder une longueur d&#8217;avance sur vos concurrents et de pouvoir ajuster votre strat\u00e9gie de r\u00e9f\u00e9rencement.<\/p>\n<h2 id=\"par4\">R\u00e9sum\u00e9<\/h2>\n<p>Le v\u00e9rificateur de classement SEO est un outil de r\u00e9f\u00e9rencement robuste qui \u00e9value les classements des mots cl\u00e9s et des URL sur la recherche Google dans 155 pays, essentiels pour les ordinateurs de bureau et les appareils mobiles. Il pr\u00e9sente la visibilit\u00e9 globale du site Web, la position de la page dans les r\u00e9sultats de recherche, le volume de recherche par mot cl\u00e9, les d\u00e9tails des extraits et la concurrence SERP. Avec un tableau de bord centr\u00e9 sur l&#8217;utilisateur, des fonctionnalit\u00e9s de g\u00e9olocalisation et une surveillance r\u00e9guli\u00e8re, il simplifie la cr\u00e9ation de strat\u00e9gies. Le v\u00e9rificateur de classement des mots cl\u00e9s prend en charge l&#8217;exportation de donn\u00e9es, fournit des informations sur le potentiel de trafic gr\u00e2ce au taux de visibilit\u00e9 et met en \u00e9vidence le contenu g\u00e9n\u00e9rateur d&#8217;extraits. Il offre \u00e9galement des informations sur la dynamique du classement des URL et les impacts des mises \u00e0 jour de Google, ce qui en fait un outil essentiel du r\u00e9f\u00e9rencement.<\/p>\n<div id=\"par5\"><\/div>\n<p><div class=\"front__faq-block\"><div class=\"faq__block-title\">FAQ<\/div><div class=\"panel-group\" id=\"faq-accordion\" itemscope itemtype=\"https:\/\/schema.org\/FAQPage\" role=\"tablist\" aria-multiselectable=\"true\"><div class=\"panel\" itemscope itemtype=\"https:\/\/schema.org\/Question\" itemprop=\"mainEntity\">\n                            <div class=\"panel-heading\" id=\"headingFaq-1\">\n                                <div class=\"panel-title\" data-toggle=\"collapse\" aria-expanded=\"false\" href=\"#collapseFaq-1\">\n                                    <h3 itemprop=\"name\">Comment puis-je v\u00e9rifier gratuitement la position de ma requ\u00eate de recherche ?<\/h3>\n                                <\/div>\n                            <\/div>\n                            <div id=\"collapseFaq-1\" class=\"panel-collapse collapse\" itemprop=\"acceptedAnswer\" itemscope itemtype=\"http:\/\/schema.org\/Answer\">\n                                <div class=\"panel-body\" itemprop=\"text\">Utilisez le v\u00e9rificateur de classement des mots cl\u00e9s SEO. Ins\u00e9rez simplement votre domaine pour afficher le classement de votre requ\u00eate.<\/div>\n                            <\/div>\n                        <\/div><div class=\"panel\" itemscope itemtype=\"https:\/\/schema.org\/Question\" itemprop=\"mainEntity\">\n                            <div class=\"panel-heading\" id=\"headingFaq-2\">\n                                <div class=\"panel-title\" data-toggle=\"collapse\" aria-expanded=\"false\" href=\"#collapseFaq-2\">\n                                    <h3 itemprop=\"name\">Combien de mots cl\u00e9s dois-je utiliser pour le r\u00e9f\u00e9rencement ?<\/h3>\n                                <\/div>\n                            <\/div>\n                            <div id=\"collapseFaq-2\" class=\"panel-collapse collapse\" itemprop=\"acceptedAnswer\" itemscope itemtype=\"http:\/\/schema.org\/Answer\">\n                                <div class=\"panel-body\" itemprop=\"text\">Il n&apos;y a pas de nombre fixe. Concentrez-vous principalement sur la qualit\u00e9 et la pertinence. Assurez-vous d&apos;un m\u00e9lange de phrases cl\u00e9s primaires et de longue tra\u00eene en fonction de votre contenu.<\/div>\n                            <\/div>\n                        <\/div><div class=\"panel\" itemscope itemtype=\"https:\/\/schema.org\/Question\" itemprop=\"mainEntity\">\n                            <div class=\"panel-heading\" id=\"headingFaq-3\">\n                                <div class=\"panel-title\" data-toggle=\"collapse\" aria-expanded=\"false\" href=\"#collapseFaq-3\">\n                                    <h3 itemprop=\"name\">Puis-je suivre les classements locaux dans un outil de suivi des classements ?<\/h3>\n                                <\/div>\n                            <\/div>\n                            <div id=\"collapseFaq-3\" class=\"panel-collapse collapse\" itemprop=\"acceptedAnswer\" itemscope itemtype=\"http:\/\/schema.org\/Answer\">\n                                <div class=\"panel-body\" itemprop=\"text\">Oui, le v\u00e9rificateur de positionnement des mots cl\u00e9s en ligne offre des fonctionnalit\u00e9s de g\u00e9olocalisation, vous permettant de suivre non seulement les positions mondiales, mais \u00e9galement des villes ou des r\u00e9gions sp\u00e9cifiques.<\/div>\n                            <\/div>\n                        <\/div><\/div><\/div><\/p>","protected":false},"excerpt":{"rendered":"Qu&#8217;est-ce qu&#8217;un v\u00e9rificateur de classement de site Web\u00a0? L&#8217;outil Google Rank Checker vous permet d&#8217;\u00e9valuer les positions des mots cl\u00e9s de votre site Web sur Google, en offrant des donn\u00e9es de classement actuelles et historiques pour les recherches sur ordinateur et mobile dans les 100 premiers r\u00e9sultats Google dans 155 pays. Cet outil pr\u00e9sente la&#8230;","protected":false},"author":10409641,"featured_media":6422,"parent":0,"menu_order":0,"comment_status":"closed","ping_status":"closed","template":"pages-templates\/pages-minitools-3.php","meta":[],"categories":[75],"tags":[],"_links":{"self":[{"href":"https:\/\/sitechecker.pro\/fr\/wp-json\/wp\/v2\/pages\/6406"}],"collection":[{"href":"https:\/\/sitechecker.pro\/fr\/wp-json\/wp\/v2\/pages"}],"about":[{"href":"https:\/\/sitechecker.pro\/fr\/wp-json\/wp\/v2\/types\/page"}],"author":[{"embeddable":true,"href":"https:\/\/sitechecker.pro\/fr\/wp-json\/wp\/v2\/users\/10409641"}],"replies":[{"embeddable":true,"href":"https:\/\/sitechecker.pro\/fr\/wp-json\/wp\/v2\/comments?post=6406"}],"version-history":[{"count":141,"href":"https:\/\/sitechecker.pro\/fr\/wp-json\/wp\/v2\/pages\/6406\/revisions"}],"predecessor-version":[{"id":39439,"href":"https:\/\/sitechecker.pro\/fr\/wp-json\/wp\/v2\/pages\/6406\/revisions\/39439"}],"wp:featuredmedia":[{"embeddable":true,"href":"https:\/\/sitechecker.pro\/fr\/wp-json\/wp\/v2\/media\/6422"}],"wp:attachment":[{"href":"https:\/\/sitechecker.pro\/fr\/wp-json\/wp\/v2\/media?parent=6406"}],"wp:term":[{"taxonomy":"category","embeddable":true,"href":"https:\/\/sitechecker.pro\/fr\/wp-json\/wp\/v2\/categories?post=6406"},{"taxonomy":"post_tag","embeddable":true,"href":"https:\/\/sitechecker.pro\/fr\/wp-json\/wp\/v2\/tags?post=6406"}],"curies":[{"name":"wp","href":"https:\/\/api.w.org\/{rel}","templated":true}]}}