{"id":6404,"date":"2020-07-18T11:19:35","date_gmt":"2020-07-18T09:19:35","guid":{"rendered":"https:\/\/sitechecker.pro\/?page_id=6404"},"modified":"2026-02-19T14:46:56","modified_gmt":"2026-02-19T14:46:56","slug":"traffic-checker","status":"publish","type":"page","link":"https:\/\/sitechecker.pro\/fr\/traffic-checker\/","title":{"rendered":"Website Traffic Checker : Analyse Trafic Site Web en un Clic \u1408"},"content":{"rendered":"<p><\/p>\n<h2 id=\"ik_traff_esimator\">Qu&#8217;est-ce qu&#8217;un Estimateur de Trafic de Site Web\u00a0?<\/h2>\n<p>C&#8217;est un outil essentiel pour tout propri\u00e9taire de site ou commer\u00e7ant cherchant \u00e0 optimiser sa pr\u00e9sence en ligne. Notre v\u00e9rificateur de <a href=\"https:\/\/sitechecker.pro\/what-is-website-traffic\/\" rel=\"noopener noreferrer\" target=\"_blank\">trafic de site Web<\/a> est un outil d&#8217;analyse de donn\u00e9es polyvalent et puissant con\u00e7u pour vous aider \u00e0 suivre, analyser et optimiser les performances de votre site Web.<\/p>\n<h3>Fonctionnalit\u00e9s cl\u00e9s du v\u00e9rificateur de trafic de domaine\u00a0:<\/h3>\n<ul>\n<li><strong>Tableau de bord tout-en-un\u00a0: <\/strong> acc\u00e9dez \u00e0 des donn\u00e9es compl\u00e8tes de Google Analytics, Google Search Console et SERP en un seul endroit pratique, ce qui vous permet d&#8217;\u00e9conomiser du temps et des efforts.<\/li>\n<li><strong>Interface facile \u00e0 utiliser\u00a0: <\/strong>Avec des tableaux de bord conviviaux, notre recherche de trafic Web facilite plus que jamais la navigation entre les statistiques de votre site Web et la d\u00e9couverte d&#8217;opportunit\u00e9s de croissance.<\/li>\n<li><strong>Analyse des concurrents\u00a0: <\/strong> Gardez une longueur d&#8217;avance sur la concurrence en analysant <a href=\"https:\/\/sitechecker.pro\/what-is-organic-traffic\/\" rel=\"noopener noreferrer\" target=\"_blank\">donn\u00e9es de trafic organique<\/a>, visibilit\u00e9 SERP et principaux mots cl\u00e9s g\u00e9n\u00e9rant du trafic de vos concurrents. Tirez parti de ces informations pour optimiser votre site et surclasser vos concurrents.<\/li>\n<li><strong>Fonctionnalit\u00e9s de la plate-forme de r\u00e9f\u00e9rencement mondial\u00a0: <\/strong>notre plate-forme de r\u00e9f\u00e9rencement mondial offre bien plus qu&#8217;une simple analyse des donn\u00e9es de trafic. <a href=\"https:\/\/sitechecker.pro\/fr\/\" rel=\"noopener noreferrer\" target=\"_blank\">Sitechecker<\/a> inclut une vari\u00e9t\u00e9 de fonctionnalit\u00e9s telles que les audits SEO (on-page &#038; off-page), <a href=\"https:\/\/sitechecker.pro\/rank-tracker\/\" rel=\"noopener noreferrer\" target=\"_blank\">suivi du classement<\/a>, surveillance du site, et plus encore. Avec une telle analyse de donn\u00e9es utile, vous pouvez facilement \u00e9liminer les menaces et pr\u00e9voir les opportunit\u00e9s.<\/li>\n<\/ul>\n<h2 id=\"ik_Importance\">Importance de l&#8217;analyse et de la Surveillance du Trafic Web<\/h2>\n<p>L&#8217;analyse des donn\u00e9es de trafic de votre site Web est essentielle pour promouvoir la pr\u00e9sence en ligne et augmenter les visiteurs et les ventes de recherche organique. Ind\u00e9pendamment de la taille de votre site ou du nombre d&#8217;utilisateurs, l&#8217;utilisateur r\u00e9gulier <a href=\"https:\/\/sitechecker.pro\/pages-per-session-metric\/\" rel=\"noopener noreferrer\" target=\"_blank\">session <\/a> les audits sont essentiels.<\/p>\n<p>Notre outil fournit des informations pr\u00e9cieuses sur les visiteurs de votre site Web, y compris leurs sources (naturelles, <a href=\"https:\/\/sitechecker.pro\/what-is-direct-traffic\/\" rel=\"noopener noreferrer\" target=\"_blank\"> direct<\/a>, <a href=\"https:\/\/sitechecker.pro\/what-is-paid-traffic\/\" rel=\"noopener noreferrer\" target=\"_blank\">payant<\/a>, <a href=\"https:\/\/sitechecker.pro\/what-is-social-traffic\/\" rel=\"noopener noreferrer\" target=\"_blank\">social<\/a>, <a href=\"https:\/\/sitechecker.pro\/what -is-referral-traffic\/\" rel=\"noopener noreferrer\" target=\"_blank\">r\u00e9f\u00e9rence<\/a>, e-mail, etc.) et comportement, et offre \u00e9galement des informations pour optimiser votre site en identifiant les domaines qui doivent \u00eatre am\u00e9lior\u00e9s. Plus vous traitez de donn\u00e9es d\u00e9taill\u00e9es, meilleurs et plus pr\u00e9cis vous obtiendrez des r\u00e9sultats.<\/p>\n<p>Si vous ne surveillez pas les performances et le classement de votre site, vous passez constamment \u00e0 c\u00f4t\u00e9 de visiteurs potentiels et de nouveaux utilisateurs. Chaque jour, il existe de nouvelles mesures d&#8217;engagement pour mesurer le succ\u00e8s d&#8217;un site, mais les bases des v\u00e9rifications du trafic sur le site Web restent vitales.<\/p>\n<p>Nous avons cr\u00e9\u00e9 un guide vid\u00e9o pour vous aider \u00e0 approfondir l&#8217;estimation du trafic et \u00e0 utiliser pleinement toutes les fonctionnalit\u00e9s fournies par notre outil de recherche de trafic.<\/p>\n<p><iframe title=\"YouTube video player\" src=\"https:\/\/www.youtube-nocookie.com\/embed\/AWQ_s7QLjsE\" width=\"700\" height=\"350\" frameborder=\"0\" allowfullscreen=\"allowfullscreen\"><span data-mce-type=\"bookmark\" style=\"display: inline-block; width: 0px; overflow: hidden; line-height: 0;\" class=\"mce_SELRES_start\">\ufeff<\/span><\/iframe><\/p>\n<h2 id=\"ik_how_to\">Comment Utiliser l&#8217;outil\u00a0?<\/h2>\n<h3>\u00c9tape\u00a01\u00a0: Saisissez le domaine pour lequel vous souhaitez v\u00e9rifier le trafic, puis cliquez sur le bouton &#8220;V\u00e9rifier le trafic&#8221;<\/h3>\n<div class=\"content__img-wrap\"><img src=\"https:\/\/sitechecker.pro\/wp-content\/uploads\/2023\/06\/traffic_checker_start.png\" alt=\"Comment utiliser le v\u00e9rificateur de trafic Web \u00e9tape 1\" class=\"description-img description-img-zoom\" loading=\"lazy\" ><\/div>\n<div class=\"important-block\">Remarque : pour recevoir les r\u00e9sultats et acc\u00e9der aux fonctionnalit\u00e9s de Sitechecker pendant 14 jours, d\u00e9marrez votre essai GRATUIT. L'inscription est facile avec votre compte e-mail, Google ou Facebook. AUCUNE carte de cr\u00e9dit n'est n\u00e9cessaire.<\/div>\n<h3>\u00c9tape\u00a02\u00a0: Sp\u00e9cifiez le site pour lequel vous souhaitez acc\u00e9der aux donn\u00e9es de trafic<\/h3>\n<p>Notre puissant outil vous permet d&#8217;acc\u00e9der facilement aux donn\u00e9es de trafic de votre propre site Web et de vos concurrents. Nous avons \u00e9galement inclus une gamme de fonctionnalit\u00e9s utiles pour vous aider \u00e0 mieux comprendre les deux sc\u00e9narios. L&#8217;utilisation de ces fonctionnalit\u00e9s vous offre une meilleure compr\u00e9hension de vos performances en ligne et un avantage concurrentiel dans votre secteur. En r\u00e9pondant s&#8217;il s&#8217;agit de votre site Web ou non, vous nous aidez \u00e0 pr\u00e9parer le tableau de bord adapt\u00e9 \u00e0 vos besoins.<\/p>\n<div class=\"content__img-wrap\"><img src=\"https:\/\/sitechecker.pro\/wp-content\/uploads\/2023\/03\/traffic_checker_site_choose.png\" alt=\"Comment utiliser le v\u00e9rificateur de trafic Web \u00e9tape 2 - sp\u00e9cifiez le site Web\" class=\"description-img description-img-zoom\" loading=\"lazy\" ><\/div>\n<h3>\u00c9tape\u00a03\u00a0: Acc\u00e9dez \u00e0 vos r\u00e9sultats et profitez de nos puissantes fonctionnalit\u00e9s<\/h3>\n<h3 id=\"ik_own_website\">Pour Votre Propre Site<\/h3>\n<p>Pour acc\u00e9der aux donn\u00e9es de votre propre site, s\u00e9lectionnez simplement <strong>&#8216;Oui, c&#8217;est le mien&#8217;<\/strong> et connectez vos comptes GA et GSC. Cette fonctionnalit\u00e9 fantastique peut vraiment \u00eatre utile pour les administrateurs de site, les r\u00e9f\u00e9renceurs et les sp\u00e9cialistes du marketing. Il vous permet de surveiller le trafic du site Web \u00e0 partir des deux meilleures plates-formes d&#8217;analyse, le tout en un seul endroit. Nous avons \u00e9galement cr\u00e9\u00e9 des tableaux de bord personnalis\u00e9s avec des informations pr\u00e9cieuses.<\/p>\n<div class=\"content__img-wrap\"><img src=\"https:\/\/sitechecker.pro\/wp-content\/uploads\/2023\/03\/traffic_checker_own_site.png\" alt=\"V\u00e9rificateur de trafic - conect GA et GSC\" class=\"description-img description-img-zoom\" loading=\"lazy\" ><\/div>\n<p>Jetez un \u0153il \u00e0 nos tableaux de bord de trafic g\u00e9n\u00e9ral qui fournissent des informations sur tous les visiteurs et le trafic organique de Google Analytics. Les donn\u00e9es repr\u00e9sent\u00e9es dans la visibilit\u00e9 sont bas\u00e9es sur vos mots-cl\u00e9s les mieux class\u00e9s, tandis que d&#8217;autres, comme les impressions, les clics, les taux de clics (CTR), les positions et les mots-cl\u00e9s de classement sont bas\u00e9s sur les principales mesures de Google Search Console.<\/p>\n<div class=\"content__img-wrap\"><img src=\"https:\/\/sitechecker.pro\/wp-content\/uploads\/2023\/05\/traffic_step_3-1.png\" alt=\"V\u00e9rificateur de trafic - utiliser les tableaux de bord du trafic\" class=\"description-img description-img-zoom\" loading=\"lazy\" ><\/div>\n<p>Pour suivre en douceur la dynamique de votre site Web, nos tableaux de bord disposent \u00e9galement de nombreuses autres informations d\u00e9taill\u00e9es avec une interface conviviale. Par exemple, si vous disposez de donn\u00e9es de commerce \u00e9lectronique dans Google Analytics, vous pouvez acc\u00e9der aux donn\u00e9es de vente et aux corr\u00e9lations avec le trafic. Cela vous donne une image compl\u00e8te de la performance des revenus de votre site Web. De plus, il est facile de v\u00e9rifier les donn\u00e9es pour une plage de temps sp\u00e9cifique, qu&#8217;elle soit quotidienne, hebdomadaire ou mensuelle.<\/p>\n<div class=\"content__img-wrap\"><img src=\"https:\/\/sitechecker.pro\/wp-content\/uploads\/2023\/05\/traffic_step_3-2.png\" alt=\"V\u00e9rificateur de trafic - donn\u00e9es GA\" class=\"description-img description-img-zoom\" loading=\"lazy\" ><\/div>\n<p>Si vous \u00eates int\u00e9ress\u00e9 par les informations GSC, consultez le tableau qui comprend les performances, les positions, la visibilit\u00e9, les 100 meilleurs mots cl\u00e9s et les 100 meilleures pages de destination.<\/p>\n<div class=\"content__img-wrap\"><img src=\"https:\/\/sitechecker.pro\/wp-content\/uploads\/2023\/05\/traffic_step_3-3.png\" alt=\"V\u00e9rificateur de trafic - Donn\u00e9es GSC\" class=\"description-img description-img-zoom\" loading=\"lazy\" ><\/div>\n<p>Un tableau similaire est pour les mots-cl\u00e9s du tracker de classement.<\/p>\n<div class=\"content__img-wrap\"><img src=\"https:\/\/sitechecker.pro\/wp-content\/uploads\/2023\/05\/traffic_step_3-4.png\" alt=\"V\u00e9rificateur de trafic - Donn\u00e9es Rank Tracker\" class=\"description-img description-img-zoom\" loading=\"lazy\" ><\/div>\n<p>Si vous poss\u00e9dez plusieurs sites Web, travaillez pour une agence de r\u00e9f\u00e9rencement ou g\u00e9rez un grand site Web d&#8217;entreprise, notre outil a une fonctionnalit\u00e9 sp\u00e9cifique que vous appr\u00e9cierez. Le tableau de bord du projet vous permet de suivre le trafic et d&#8217;autres mesures de performance pour un grand nombre de sites que vous ou vos clients poss\u00e9dez. Vous pouvez \u00e9galement s\u00e9parer un grand projet en parties ou langues sp\u00e9cifiques, par exemple, et les suivre individuellement.<\/p>\n<div class=\"content__img-wrap\"><img src=\"https:\/\/sitechecker.pro\/wp-content\/uploads\/2023\/05\/traffic_step_3-5.png\" alt=\"V\u00e9rificateur de trafic - diff\u00e9rents projets\" class=\"description-img description-img-zoom\" loading=\"lazy\" ><\/div>\n<p>Si vous avez besoin de faire des rapports pour vos clients, nous avons ce qu&#8217;il vous faut. Nous les avons d\u00e9j\u00e0 cr\u00e9\u00e9s pour vous, il vous suffit donc de les t\u00e9l\u00e9charger ou de les partager.<\/p>\n<div class=\"content__img-wrap\"><img src=\"https:\/\/sitechecker.pro\/wp-content\/uploads\/2023\/05\/traffic_step_3-6.png\" alt=\"V\u00e9rificateur de trafic - rapports\" class=\"description-img description-img-zoom\" loading=\"lazy\" ><\/div>\n<h3 id=\"ik_competitors_website\">Pour l&#8217;analyse des Sites Concurrents<\/h3>\n<p>Tout d&#8217;abord, nous vous recommandons de s\u00e9lectionner une r\u00e9gion sp\u00e9cifique pour vous assurer que les donn\u00e9es sont claires, \u00e0 jour et donnent un aper\u00e7u de la situation du march\u00e9 local pour l&#8217;analyse.<\/p>\n<div class=\"content__img-wrap\"><img src=\"https:\/\/sitechecker.pro\/wp-content\/uploads\/2023\/05\/traffic_checker_competitor.png\" alt=\"Test concurrent du v\u00e9rificateur de trafic\" class=\"description-img description-img-zoom\" loading=\"lazy\" ><\/div>\n<p>Examinons de plus pr\u00e8s les principaux \u00e9l\u00e9ments d&#8217;un estimateur de trafic de site Web et examinons comment ils vous aident \u00e0 \u00e9valuer vos concurrents.<\/p>\n<div class=\"content__img-wrap\"><img src=\"https:\/\/sitechecker.pro\/wp-content\/uploads\/2023\/05\/traffic_checker_competitor_results.png\" alt=\"R\u00e9sultats des concurrents du v\u00e9rificateur de trafic\" class=\"description-img description-img-zoom\" loading=\"lazy\" ><\/div>\n<p><strong>Trafic organique\u00a0:<\/strong> il est g\u00e9n\u00e9r\u00e9 \u00e0 partir du taux de clics (CTR) et du volume de recherche associ\u00e9 \u00e0 chaque mot cl\u00e9 pour lequel le domaine se classe.<\/p>\n<p><strong>Valeur du trafic\u00a0:<\/strong> repr\u00e9sente les d\u00e9penses associ\u00e9es \u00e0 la g\u00e9n\u00e9ration du volume de trafic organique mensuel estim\u00e9 gr\u00e2ce \u00e0 la publicit\u00e9 au paiement par clic (PPC) sur la recherche Google. Cela permet de comprendre la valeur financi\u00e8re potentielle du trafic.<\/p>\n<p><strong>Positions de la page de r\u00e9sultats de moteur de recherche organique (SERP)\u00a0:<\/strong> cette m\u00e9trique affiche le nombre de mots-cl\u00e9s pour lesquels un concurrent se classe dans diff\u00e9rentes positions SERP\u00a0: top 1, 2-3, 4-10, 11-20, 21 -30, 31-50, 51-70 et 71-100. Il offre un aper\u00e7u de la visibilit\u00e9 globale du concurrent dans les r\u00e9sultats de recherche.<\/p>\n<p>De plus, l&#8217;estimation du trafic de notre concurrent inclut une fonctionnalit\u00e9 suppl\u00e9mentaire, Top Keywords. Cette fonctionnalit\u00e9 vous permet d&#8217;examiner les 30 meilleurs mots cl\u00e9s pour lesquels le site se classe. Chaque mot cl\u00e9 est accompagn\u00e9 de son URL pertinente dans le SERP, de sa position dans les r\u00e9sultats de recherche, du volume de recherche mensuel moyen, du co\u00fbt par clic (CPC) de Google Ads et des principaux emplacements g\u00e9ographiques o\u00f9 le site Web se classe pour le mot cl\u00e9.<\/p>\n<div class=\"content__img-wrap\"><img src=\"https:\/\/sitechecker.pro\/wp-content\/uploads\/2023\/05\/traffic_checker_competitor_keywords.png\" alt=\"Traffic checker mots-cl\u00e9s concurrents\" class=\"description-img description-img-zoom\" loading=\"lazy\" ><\/div>\n<p>Si vous souhaitez non seulement calculer les visiteurs des sites concurrents, mais \u00e9galement \u00e9valuer leurs performances SEO techniques, vous pouvez profiter de notre fonction d&#8217;audit SEO.<\/p>\n<div class=\"content__img-wrap\"><img src=\"https:\/\/sitechecker.pro\/wp-content\/uploads\/2023\/05\/traffic_checker_competitor_audit.png\" alt=\"Fonctionnalit\u00e9 d'audit des concurrents du v\u00e9rificateur de trafic\" class=\"description-img description-img-zoom\" loading=\"lazy\" ><\/div>\n    <div class=\"blog__conversion blog__conversion-app element__logged_out\">\n        <div class=\"blog__conversion-inner\">\n            <p class=\"title\">Lib\u00e9rez la puissance des performances de votre site Web avec notre outil de v\u00e9rification du trafic!<\/p>\n            <p class=\"description\">Plongez au c\u0153ur des performances de votre site Web et gardez une longueur d'avance sur vos concurrents gr\u00e2ce \u00e0 notre outil avanc\u00e9 de v\u00e9rification du trafic.<\/p>\n            <form id=\"audit__form\"\n                  class=\"article__seo-search audit__form Plongez au c\u0153ur des performances de votre site Web et gardez une longueur d'avance sur vos concurrents gr\u00e2ce \u00e0 notre outil avanc\u00e9 de v\u00e9rification du trafic.\"\n                  action=\"\"\n                  method=\"POST\"\n                  autocomplete=\"off\">\n                <span class=\"error\"><\/span>\n                <div class=\"error__limits\">Something went wrong. Please, try again later.<\/div>\n                <input name=\"url\"\n                       type=\"text\"\n                       placeholder=\"\">\n                <input name=\"register_url\" type=\"hidden\" value=\"traffic-checker\">                <button type=\"submit\"\n                        class=\"sitechecker__text\">\n                    <span>V\u00e9rifier le trafic<\/span>\n                    <img src=\"\/wp-content\/themes\/sitechecker\/out\/img_design\/loading.svg\"\n                         width=\"31\"\n                         height=\"30\"\n                         class=\"loading\">\n                <\/button>\n            <\/form>\n        <\/div>\n    <\/div>\n    \n<h2 id=\"ik_Final\">R\u00e9flexions Finales sur le V\u00e9rificateur de Visiteurs du Site Web<\/h2>\n<p>Notre outil est une solution universelle pour divers besoins d&#8217;analyse des visiteurs. Vous pouvez l&#8217;utiliser pour agr\u00e9ger les donn\u00e9es de GA, GSC et SERP en un seul endroit. Avec des tableaux de bord de configuration enti\u00e8rement automatiques, vous pouvez obtenir des informations utiles et vous concentrer sur les donn\u00e9es qui vous donneront les meilleurs r\u00e9sultats. De plus, vous pouvez l&#8217;utiliser pour l&#8217;analyse du march\u00e9 et la v\u00e9rification des concurrents, y compris l&#8217;estimation du trafic organique et l&#8217;\u00e9valuation des prix. D\u00e9couvrez quels mots-cl\u00e9s donnent \u00e0 vos rivaux les meilleurs r\u00e9sultats de visibilit\u00e9 et de trafic pour am\u00e9liorer vos propres performances. Cela peut \u00eatre une excellente solution pour contr\u00f4ler et analyser le trafic en un seul endroit.<\/p>\n<div id=\"FAQ\"><\/div>\n<p><div class=\"front__faq-block\"><div class=\"faq__block-title\">FAQ<\/div><div class=\"panel-group\" id=\"faq-accordion\" itemscope itemtype=\"https:\/\/schema.org\/FAQPage\" role=\"tablist\" aria-multiselectable=\"true\"><div class=\"panel\" itemscope itemtype=\"https:\/\/schema.org\/Question\" itemprop=\"mainEntity\">\n                            <div class=\"panel-heading\" id=\"headingFaq-1\">\n                                <div class=\"panel-title\" data-toggle=\"collapse\" aria-expanded=\"false\" href=\"#collapseFaq-1\">\n                                    <h3 itemprop=\"name\">Puis-je v\u00e9rifier le trafic du site Web gratuitement ?<\/h3>\n                                <\/div>\n                            <\/div>\n                            <div id=\"collapseFaq-1\" class=\"panel-collapse collapse\" itemprop=\"acceptedAnswer\" itemscope itemtype=\"http:\/\/schema.org\/Answer\">\n                                <div class=\"panel-body\" itemprop=\"text\">Oui ! Avec notre analyseur de trafic de site Web, vous pouvez commencer un essai gratuit de 14 jours et obtenir un acc\u00e8s complet aux fonctionnalit\u00e9s de notre outil. Toutefois, une fois la p\u00e9riode d'essai termin\u00e9e, si vous souhaitez continuer \u00e0 surveiller vos donn\u00e9es et acc\u00e9der \u00e0 des fonctionnalit\u00e9s suppl\u00e9mentaires telles que audit et surveillance du site, etc. Vous devrez passer \u00e0 un plan payant.<\/div>\n                            <\/div>\n                        <\/div><div class=\"panel\" itemscope itemtype=\"https:\/\/schema.org\/Question\" itemprop=\"mainEntity\">\n                            <div class=\"panel-heading\" id=\"headingFaq-2\">\n                                <div class=\"panel-title\" data-toggle=\"collapse\" aria-expanded=\"false\" href=\"#collapseFaq-2\">\n                                    <h3 itemprop=\"name\">Comment v\u00e9rifier le trafic du site Web pour mon site ?<\/h3>\n                                <\/div>\n                            <\/div>\n                            <div id=\"collapseFaq-2\" class=\"panel-collapse collapse\" itemprop=\"acceptedAnswer\" itemscope itemtype=\"http:\/\/schema.org\/Answer\">\n                                <div class=\"panel-body\" itemprop=\"text\">Entrez simplement le nom de domaine de votre site et d\u00e9marrez l'essai gratuit. Ensuite, choisissez l'option de v\u00e9rifier votre propre site. Vous recevrez le pack complet de donn\u00e9es de GSC, GA et SERP.<\/div>\n                            <\/div>\n                        <\/div><div class=\"panel\" itemscope itemtype=\"https:\/\/schema.org\/Question\" itemprop=\"mainEntity\">\n                            <div class=\"panel-heading\" id=\"headingFaq-3\">\n                                <div class=\"panel-title\" data-toggle=\"collapse\" aria-expanded=\"false\" href=\"#collapseFaq-3\">\n                                    <h3 itemprop=\"name\">Comment trouver du trafic pour le site Web d'un concurrent ?<\/h3>\n                                <\/div>\n                            <\/div>\n                            <div id=\"collapseFaq-3\" class=\"panel-collapse collapse\" itemprop=\"acceptedAnswer\" itemscope itemtype=\"http:\/\/schema.org\/Answer\">\n                                <div class=\"panel-body\" itemprop=\"text\">Entrez simplement le nom de domaine de votre concurrent et d\u00e9marrez l'essai gratuit. Ensuite, s\u00e9lectionnez l'option pour v\u00e9rifier les sites concurrents. En quelques secondes, vous recevrez les donn\u00e9es de trafic organique du concurrent, la valeur du trafic, les positions SERP organiques et les meilleurs mots-cl\u00e9s g\u00e9n\u00e9rant des visiteurs.<\/div>\n                            <\/div>\n                        <\/div><div class=\"panel\" itemscope itemtype=\"https:\/\/schema.org\/Question\" itemprop=\"mainEntity\">\n                            <div class=\"panel-heading\" id=\"headingFaq-4\">\n                                <div class=\"panel-title\" data-toggle=\"collapse\" aria-expanded=\"false\" href=\"#collapseFaq-4\">\n                                    <h3 itemprop=\"name\">Puis-je voir l'historique du trafic du site Web \u00e0 l'aide de l'outil ?<\/h3>\n                                <\/div>\n                            <\/div>\n                            <div id=\"collapseFaq-4\" class=\"panel-collapse collapse\" itemprop=\"acceptedAnswer\" itemscope itemtype=\"http:\/\/schema.org\/Answer\">\n                                <div class=\"panel-body\" itemprop=\"text\">En connectant vos comptes Google Analytics et Google Search Console avec Sitechecker, vous pourrez acc\u00e9der aux donn\u00e9es historiques de votre site.<\/div>\n                            <\/div>\n                        <\/div><div class=\"panel\" itemscope itemtype=\"https:\/\/schema.org\/Question\" itemprop=\"mainEntity\">\n                            <div class=\"panel-heading\" id=\"headingFaq-5\">\n                                <div class=\"panel-title\" data-toggle=\"collapse\" aria-expanded=\"false\" href=\"#collapseFaq-5\">\n                                    <h3 itemprop=\"name\">Qu'est-ce que l'analyse du trafic du site ?<\/h3>\n                                <\/div>\n                            <\/div>\n                            <div id=\"collapseFaq-5\" class=\"panel-collapse collapse\" itemprop=\"acceptedAnswer\" itemscope itemtype=\"http:\/\/schema.org\/Answer\">\n                                <div class=\"panel-body\" itemprop=\"text\">L'analyse du trafic du site Web implique la collecte et l'interpr\u00e9tation (analyse) des donn\u00e9es sur les visiteurs de votre site Web afin de comprendre leur comportement.<\/div>\n                            <\/div>\n                        <\/div><div class=\"panel\" itemscope itemtype=\"https:\/\/schema.org\/Question\" itemprop=\"mainEntity\">\n                            <div class=\"panel-heading\" id=\"headingFaq-6\">\n                                <div class=\"panel-title\" data-toggle=\"collapse\" aria-expanded=\"false\" href=\"#collapseFaq-6\">\n                                    <h3 itemprop=\"name\">Puis-je suivre le trafic du site ?<\/h3>\n                                <\/div>\n                            <\/div>\n                            <div id=\"collapseFaq-6\" class=\"panel-collapse collapse\" itemprop=\"acceptedAnswer\" itemscope itemtype=\"http:\/\/schema.org\/Answer\">\n                                <div class=\"panel-body\" itemprop=\"text\">Gr\u00e2ce \u00e0 notre outil, vous pouvez facilement et r\u00e9guli\u00e8rement collecter et suivre les statistiques de trafic du site Web \u00e0 partir de Google Search Console, Google Analytics et des pages de r\u00e9sultats des moteurs de recherche (SERP).<\/div>\n                            <\/div>\n                        <\/div><\/div><\/div><\/p>","protected":false},"excerpt":{"rendered":"Qu&#8217;est-ce qu&#8217;un Estimateur de Trafic de Site Web\u00a0? C&#8217;est un outil essentiel pour tout propri\u00e9taire de site ou commer\u00e7ant cherchant \u00e0 optimiser sa pr\u00e9sence en ligne. Notre v\u00e9rificateur de trafic de site Web est un outil d&#8217;analyse de donn\u00e9es polyvalent et puissant con\u00e7u pour vous aider \u00e0 suivre, analyser et optimiser les performances de votre&#8230;","protected":false},"author":10504980,"featured_media":6981,"parent":0,"menu_order":0,"comment_status":"closed","ping_status":"closed","template":"pages-templates\/pages-minitools-3.php","meta":[],"categories":[75],"tags":[],"_links":{"self":[{"href":"https:\/\/sitechecker.pro\/fr\/wp-json\/wp\/v2\/pages\/6404"}],"collection":[{"href":"https:\/\/sitechecker.pro\/fr\/wp-json\/wp\/v2\/pages"}],"about":[{"href":"https:\/\/sitechecker.pro\/fr\/wp-json\/wp\/v2\/types\/page"}],"author":[{"embeddable":true,"href":"https:\/\/sitechecker.pro\/fr\/wp-json\/wp\/v2\/users\/10504980"}],"replies":[{"embeddable":true,"href":"https:\/\/sitechecker.pro\/fr\/wp-json\/wp\/v2\/comments?post=6404"}],"version-history":[{"count":233,"href":"https:\/\/sitechecker.pro\/fr\/wp-json\/wp\/v2\/pages\/6404\/revisions"}],"predecessor-version":[{"id":39361,"href":"https:\/\/sitechecker.pro\/fr\/wp-json\/wp\/v2\/pages\/6404\/revisions\/39361"}],"wp:featuredmedia":[{"embeddable":true,"href":"https:\/\/sitechecker.pro\/fr\/wp-json\/wp\/v2\/media\/6981"}],"wp:attachment":[{"href":"https:\/\/sitechecker.pro\/fr\/wp-json\/wp\/v2\/media?parent=6404"}],"wp:term":[{"taxonomy":"category","embeddable":true,"href":"https:\/\/sitechecker.pro\/fr\/wp-json\/wp\/v2\/categories?post=6404"},{"taxonomy":"post_tag","embeddable":true,"href":"https:\/\/sitechecker.pro\/fr\/wp-json\/wp\/v2\/tags?post=6404"}],"curies":[{"name":"wp","href":"https:\/\/api.w.org\/{rel}","templated":true}]}}