{"id":622,"date":"2020-06-25T08:38:54","date_gmt":"2020-06-25T06:38:54","guid":{"rendered":"https:\/\/sitechecker.pro\/?page_id=622"},"modified":"2024-09-25T10:51:37","modified_gmt":"2024-09-25T10:51:37","slug":"what-is-url","status":"publish","type":"page","link":"https:\/\/sitechecker.pro\/fr\/what-is-url\/","title":{"rendered":"V\u00e9rificateur de longueur d&#8217;URL: limite de longueur maximale de l&#8217;URL"},"content":{"rendered":"<p>L&#8217;une des meilleures pratiques en mati\u00e8re de d\u00e9veloppement Web consiste \u00e0 garder vos URL courtes et concises. Cela facilite la m\u00e9morisation de l&#8217;emplacement de certains contenus sur votre site et acc\u00e9l\u00e8re le chargement de vos pages, car vous envoyez moins de donn\u00e9es sur Internet. Un <strong>outil de v\u00e9rification de la longueur d&#8217;URL<\/strong> mesurera la longueur d&#8217;une URL donn\u00e9e et d\u00e9terminera si elle r\u00e9pond aux exigences de Google, Yahoo, Bing et d&#8217;autres moteurs de recherche, ainsi qu&#8217;\u00e0 celles des sites de m\u00e9dias sociaux tels que Facebook et Twitter.<\/p>\n<h2 id=\"what_is\">Qu&#8217;est-ce qu&#8217;un v\u00e9rificateur de longueur d&#8217;URL?<\/h2>\n<p>Un v\u00e9rificateur de longueur d&#8217;URL est un outil qui vous permet d&#8217;afficher le nombre de caract\u00e8res dans une URL. En faisant cela, vous pouvez voir s&#8217;il respecte la limite de longueur d&#8217;URL des moteurs de recherche et apporter les modifications n\u00e9cessaires pour une meilleure optimisation du site Web. La plupart des moteurs de recherche autorisent une longueur de texte d&#8217;URL maximale de 2 000 \u00e0 2 500 caract\u00e8res. Cependant, les URL longues ont \u00e9galement tendance \u00e0 \u00eatre encombr\u00e9es de traits d&#8217;union et de traits de soulignement, ce qui peut les rendre difficiles \u00e0 lire et moins susceptibles de s&#8217;afficher sur une page de r\u00e9sultats de recherche que des alternatives plus courtes.<\/p>\n<p>Vous devrez peut-\u00eatre diviser les URL longues en plusieurs parties (par exemple, transformer \/about-us\/ en \/about\/, \/history\/ et \/requests\/), ou vous constaterez peut-\u00eatre que l&#8217;utilisation d&#8217;une ancre au lieu d&#8217;un chemin (par exemple, #top) fonctionne mieux pour afficher de longues informations sur une seule page Web. La structure de l&#8217;URL est donc importante.<\/p>\n<p>Assurez-vous de tester l&#8217;apparence de votre URL dans diff\u00e9rents navigateurs sur diff\u00e9rents syst\u00e8mes d&#8217;exploitation et son apparence pour les utilisateurs mobiles. Par exemple, Mozilla Firefox a une limite de caract\u00e8res d&#8217;URL de 65 583, bien plus que n&#8217;importe quel moteur de recherche, ce qui signifie que votre URL peut se classer diff\u00e9remment.<\/p>\n<h2 id=\"how_to\">Comment utiliser le v\u00e9rificateur de longueur d&#8217;URL?<\/h2>\n<p>Sitechecker vous permet de suivre la dur\u00e9e de vos URL afin que vous soyez en r\u00e8gle avec Google. Bien qu&#8217;il n&#8217;y ait pas de nombre sp\u00e9cifique apr\u00e8s lequel vous pourriez encourir une p\u00e9nalit\u00e9 de Google, il est pr\u00e9f\u00e9rable de p\u00e9cher par exc\u00e8s de prudence. Voici comment v\u00e9rifier la longueur de l&#8217;URL via Sitechecker:<\/p>\n<h3>\u00c9tape 1: Ins\u00e9rez votre URL<\/h3>\n<div class=\"content__img-wrap\"><img src=\"https:\/\/sitechecker.pro\/wp-content\/uploads\/2022\/02\/url_lenght_checker_1.png\" alt=\"V\u00e9rificateur de longueur d'URL http ou https\" class=\"description-img description-img-zoom\" loading=\"lazy\" ><\/div>\n<p>Vous pouvez saisir n&#8217;importe quelle URL dans cette barre de localisation d&#8217;URL et cliquer sur la fl\u00e8che pour g\u00e9n\u00e9rer des r\u00e9sultats.<\/p>\n<h3>\u00c9tape 2: Obtenez le r\u00e9sultat<\/h3>\n<div class=\"content__img-wrap\"><img src=\"https:\/\/sitechecker.pro\/wp-content\/uploads\/2022\/02\/url_lenght_checker_2.png\" alt=\"R\u00e9sultats du v\u00e9rificateur d'URL - cr\u00e9ez des URL conviviales pour le r\u00e9f\u00e9rencement pour les robots des moteurs de recherche\" class=\"description-img description-img-zoom\" loading=\"lazy\" ><\/div>\n<h2 id=\"URL_max\">Limites de longueur maximale d&#8217;URL<\/h2>\n<p>La plupart des moteurs de recherche ont une <strong>limite de caract\u00e8res d&#8217;URL<\/strong> de 2000 \u00e0 2500 caract\u00e8res. Les limites d&#8217;URL longues sont assez courantes pour de nombreux services Web (en particulier les sites de m\u00e9dias sociaux), mais elles restent p\u00e9nibles. La limite peut \u00eatre particuli\u00e8rement mauvaise si vous \u00eates photographe ou si vous souhaitez partager des liens sur des sites comme Reddit et Imgur, o\u00f9 les URL longues ne fonctionnent tout simplement pas bien.<\/p>\n<h2 id=\"seo_friendly\">La longueur de l&#8217;URL la rend-elle optimis\u00e9e pour le r\u00e9f\u00e9rencement?<\/h2>\n<h3>Que dit Google?<\/h3>\n<div class=\"article__testimonial\">\n<p><em>La r\u00e9ponse directe est non. La longueur de l&#8217;URL n&#8217;a pas d&#8217;importance. Nous utilisons les URL comme identifiants, peu importe leur longueur. Personnellement, j&#8217;essaie de les garder plus courts que 1 000 caract\u00e8res, mais c&#8217;est juste pour faciliter la surveillance. Le nombre de barres obliques n&#8217;a pas non plus d&#8217;importance.<\/em><\/p>\n<p><em><strong>John Mueller, d\u00e9fenseur de la recherche Google<\/strong><\/em><\/p>\n<\/div>\n<p>Nous avons \u00e9galement un guide d\u00e9taill\u00e9: &#8220;<a href=\"https:\/\/sitechecker.pro\/fr\/what-is-seo-friendly-url\/\" target=\"_blank\" rel=\"noopener noreferrer\">Qu&#8217;est-ce qu&#8217;une URL: d\u00e9finition, structure et exemples et comment le rendre optimis\u00e9 pour le r\u00e9f\u00e9rencement?<\/a>&#8221; il suffit de le v\u00e9rifier.<\/p>\n<h3>Qu&#8217;est-ce qui est vraiment important dans une URL pour Google?<\/h3>\n<p>Google Chrome conseille que tous les sites Web utilisent https:\/\/. Le nom d&#8217;h\u00f4te est l&#8217;adresse de votre site Web, qui est g\u00e9n\u00e9ralement la m\u00eame que votre adresse e-mail. Google fait la distinction entre les versions www et non-www d&#8217;un site Web (par exemple, www.example.com ou simplement example.com). Les experts recommandent d&#8217;ajouter les versions http:\/\/ et https:\/\/ de votre site Web \u00e0 la Search Console, ainsi que les variantes www et non www.<\/p>\n<p>Le chemin, le nom de fichier et la cha\u00eene de requ\u00eate d\u00e9terminent le mat\u00e9riel accessible \u00e0 partir de votre serveur Web. \u00c9tant donn\u00e9 que ces trois \u00e9l\u00e9ments sont sensibles \u00e0 la casse, l&#8217;URL de TITLE sera diff\u00e9rente de l&#8217;URL du titre. Le nom d&#8217;h\u00f4te et le protocole ne sont pas sensibles \u00e0 la casse\u00a0; par cons\u00e9quent, la capitalisation n&#8217;a pas d&#8217;importance.<\/p>\n<p>Un fragment, par exemple, #info, indique o\u00f9 le navigateur d\u00e9filera sur la page. Parce que le mat\u00e9riel est g\u00e9n\u00e9ralement le m\u00eame quel que soit le fragment utilis\u00e9, les moteurs de recherche l&#8217;ignorent normalement. Une barre oblique \u00e0 la fin du nom d&#8217;h\u00f4te est facultative lors de la cr\u00e9ation d&#8217;un lien vers la page d&#8217;accueil, car elle m\u00e8ne au m\u00eame contenu (https:\/\/example.com\/ est identique \u00e0 https:\/\/example.com). Une barre oblique finale dans le chemin et le nom du fichier est interpr\u00e9t\u00e9e comme une URL distincte (indiquant soit un fichier, soit un r\u00e9pertoire)\u00a0; par cons\u00e9quent, https:\/\/example.com\/fish n&#8217;est pas identique \u00e0 https:\/\/example.com\/fish\/.<\/p>\n    <div class=\"blog__conversion blog__conversion-app element__logged_out\">\n        <div class=\"blog__conversion-inner\">\n            <p class=\"title\">D\u00e9tectez non seulement les probl\u00e8mes de limite de longueur d'URL, mais tous les types de probl\u00e8mes d'URL!<\/p>\n            <p class=\"description\">Crawlez votre site et d\u00e9couvrez toutes les URL pr\u00e9sentant des probl\u00e8mes pouvant nuire \u00e0 vos utilisateurs ou au r\u00e9f\u00e9rencement de votre site Web.<\/p>\n            <form id=\"audit__form\"\n                  class=\"article__seo-search audit__form Crawlez votre site et d\u00e9couvrez toutes les URL pr\u00e9sentant des probl\u00e8mes pouvant nuire \u00e0 vos utilisateurs ou au r\u00e9f\u00e9rencement de votre site Web.\"\n                  action=\"\"\n                  method=\"POST\"\n                  autocomplete=\"off\">\n                <span class=\"error\"><\/span>\n                <div class=\"error__limits\">Something went wrong. Please, try again later.<\/div>\n                <input name=\"url\"\n                       type=\"text\"\n                       placeholder=\"Collez votre nom de domaine ici\">\n                                <button type=\"submit\"\n                        class=\"sitechecker__text\">\n                    <span>D\u00e9marrer l'audit<\/span>\n                    <img src=\"\/wp-content\/themes\/sitechecker\/out\/img_design\/loading.svg\"\n                         width=\"31\"\n                         height=\"30\"\n                         class=\"loading\">\n                <\/button>\n            <\/form>\n        <\/div>\n    <\/div>\n    \n<h3 id=\"experts\">Que disent les experts SEO?<\/h3>\n<p>La longueur d&#8217;une URL est un facteur important pour d\u00e9terminer sa convivialit\u00e9 et sa lisibilit\u00e9, en particulier dans les m\u00e9dias sociaux. Dans le cas de l&#8217;optimisation des moteurs de recherche, une longue URL peut pr\u00e9senter certains avantages en mati\u00e8re de r\u00e9f\u00e9rencement, tels que le remplissage de l&#8217;URL par des mots cl\u00e9s, ils seront mis en \u00e9vidence et peuvent fournir une pertinence suppl\u00e9mentaire. En outre, cela peut avoir un impact sur le taux de clics. Mais dans l&#8217;ensemble, ce n&#8217;est pas le facteur principal et peut nuire \u00e0 la convivialit\u00e9 de votre site Web, vous devez donc garder l&#8217;\u00e9quilibre. Dans cette vid\u00e9o, vous obtiendrez une explication compl\u00e8te des meilleures pratiques de r\u00e9f\u00e9rencement concernant la longueur des URL\u00a0:<\/p>\n<p><iframe width=\"770\" height=\"350\" src=\"https:\/\/www.youtube.com\/embed\/7wB_7O1049c\" title=\"YouTube video player\" frameborder=\"0\" allow=\"accelerometer; autoplay; clipboard-write; encrypted-media; gyroscope; picture-in-picture\" allowfullscreen><\/iframe><\/p>\n<p>La plupart des experts s&#8217;accordent \u00e0 dire que dans le contexte de la longueur de l&#8217;URL, vous devez <strong>garder l&#8217;accent sur:<\/strong><\/p>\n<h4>Taux de clics<\/h4>\n<p>Le taux de clics, ou CTR, est extr\u00eamement important dans le r\u00e9f\u00e9rencement. Le CTR fait r\u00e9f\u00e9rence au pourcentage de personnes qui ont cliqu\u00e9 sur votre extrait dans SERP. Un CTR faible peut indiquer la mauvaise pertinence de votre extrait par rapport aux mots-cl\u00e9s et \u00eatre la raison du d\u00e9classement de la position.<\/p>\n<p>L&#8217;am\u00e9lioration du CTR est l&#8217;une des techniques infaillibles pour am\u00e9liorer votre classement SEO. Investir dans celui-ci peut entra\u00eener un large \u00e9ventail d&#8217;avantages, notamment des classements SERP plus \u00e9lev\u00e9s, plus de trafic et plus de conversions. Des URL plus courtes peuvent entra\u00eener des taux de clics \u00e9lev\u00e9s.<\/p>\n<h4>Affichage sur les r\u00e9seaux sociaux<\/h4>\n<p>Conna\u00eetre le nombre de personnages des m\u00e9dias sociaux aide \u00e0 gagner plus de port\u00e9e et \u00e0 engager les visiteurs dans les publications. Cependant, chaque plateforme de m\u00e9dias sociaux a ses propres exigences. Par exemple, Facebook autorise une limite de caract\u00e8res de 63 206 dans les publications r\u00e9guli\u00e8res, alors qu&#8217;Instagram n&#8217;autorise que 2 200 caract\u00e8res. M\u00eame dans ce cas, les publications plus courtes sont toujours plus attrayantes et de nombreux experts s&#8217;accordent \u00e0 dire que les publications sur Facebook doivent comporter moins de 50 caract\u00e8res.<\/p>\n<p>Mais faire des exp\u00e9riences est le seul moyen correct de valider les informations et d&#8217;obtenir vos propres r\u00e9sultats.<\/p>","protected":false},"excerpt":{"rendered":"L&#8217;une des meilleures pratiques en mati\u00e8re de d\u00e9veloppement Web consiste \u00e0 garder vos URL courtes et concises. Cela facilite la m\u00e9morisation de l&#8217;emplacement de certains contenus sur votre site et acc\u00e9l\u00e8re le chargement de vos pages, car vous envoyez moins de donn\u00e9es sur Internet. Un outil de v\u00e9rification de la longueur d&#8217;URL mesurera la longueur&#8230;","protected":false},"author":10409641,"featured_media":3347,"parent":0,"menu_order":0,"comment_status":"closed","ping_status":"closed","template":"pages.php","meta":[],"categories":[74],"tags":[],"_links":{"self":[{"href":"https:\/\/sitechecker.pro\/fr\/wp-json\/wp\/v2\/pages\/622"}],"collection":[{"href":"https:\/\/sitechecker.pro\/fr\/wp-json\/wp\/v2\/pages"}],"about":[{"href":"https:\/\/sitechecker.pro\/fr\/wp-json\/wp\/v2\/types\/page"}],"author":[{"embeddable":true,"href":"https:\/\/sitechecker.pro\/fr\/wp-json\/wp\/v2\/users\/10409641"}],"replies":[{"embeddable":true,"href":"https:\/\/sitechecker.pro\/fr\/wp-json\/wp\/v2\/comments?post=622"}],"version-history":[{"count":141,"href":"https:\/\/sitechecker.pro\/fr\/wp-json\/wp\/v2\/pages\/622\/revisions"}],"predecessor-version":[{"id":33591,"href":"https:\/\/sitechecker.pro\/fr\/wp-json\/wp\/v2\/pages\/622\/revisions\/33591"}],"wp:featuredmedia":[{"embeddable":true,"href":"https:\/\/sitechecker.pro\/fr\/wp-json\/wp\/v2\/media\/3347"}],"wp:attachment":[{"href":"https:\/\/sitechecker.pro\/fr\/wp-json\/wp\/v2\/media?parent=622"}],"wp:term":[{"taxonomy":"category","embeddable":true,"href":"https:\/\/sitechecker.pro\/fr\/wp-json\/wp\/v2\/categories?post=622"},{"taxonomy":"post_tag","embeddable":true,"href":"https:\/\/sitechecker.pro\/fr\/wp-json\/wp\/v2\/tags?post=622"}],"curies":[{"name":"wp","href":"https:\/\/api.w.org\/{rel}","templated":true}]}}