{"id":6066,"date":"2019-03-26T09:30:04","date_gmt":"2019-03-26T09:30:04","guid":{"rendered":"https:\/\/sitechecker.pro\/?page_id=6066"},"modified":"2025-03-18T08:17:15","modified_gmt":"2025-03-18T08:17:15","slug":"backlinks-generator","status":"publish","type":"page","link":"https:\/\/sitechecker.pro\/fr\/backlinks-generator\/","title":{"rendered":"G\u00e9n\u00e9rateur de backlinks gratuit : cr\u00e9ez des liens facilement | V\u00e9rificateur de site \u1408"},"content":{"rendered":"<p><\/p>\n<h2 id=\"par1\">Qu&#8217;est-ce qu&#8217;un g\u00e9n\u00e9rateur de backlink gratuit ? <\/h2>\n<p>Un g\u00e9n\u00e9rateur de liens retour est un outil en ligne qui permet d&#8217;ajouter des liens uniques et favorables au r\u00e9f\u00e9rencement \u00e0 votre contenu en s&#8217;approvisionnant automatiquement aupr\u00e8s d&#8217;autres sites web. La m\u00e9canique de ce processus est assez simple.<\/p>\n<p>Internet regorge de logiciels qui \u00e9valuent les sites web sur la base de divers crit\u00e8res, notamment la quantit\u00e9 de trafic, l&#8217;h\u00e9bergeur, l&#8217;adresse IP, l&#8217;\u00e2ge du domaine, etc. De plus, certaines de ces technologies archivent et indexent tous les rapports g\u00e9n\u00e9r\u00e9s par leur utilisation. L&#8217;outil de cr\u00e9ation de backlinks Sitechecker tire parti de cette caract\u00e9ristique. Il g\u00e9n\u00e8re automatiquement ces rapports sur de tels sites web et facilite le r\u00e9f\u00e9rencement gratuit de votre site web.<\/p>\n<h3>Caract\u00e9ristiques principales du cr\u00e9ateur de backlinks<\/h3>\n<p>Voici les caract\u00e9ristiques les plus importantes d&#8217;un cr\u00e9ateur de backlinks gratuit.<\/p>\n<ul>\n<li><strong>Acc\u00e8s gratuit. <\/strong>Nous ne facturons pas aux utilisateurs la g\u00e9n\u00e9ration de liens. Bien que les liens fournis soient plut\u00f4t basiques, ils peuvent constituer un excellent point de d\u00e9part pour une mise en \u0153uvre efficace d&#8217;une strat\u00e9gie de r\u00e9f\u00e9rencement.<\/li>\n<li><strong>Domaine disponible. <\/strong>Vous recevrez des liens entrants de 17 domaines de confiance diff\u00e9rents.<\/li>\n<li><strong>Suiveur de liens. <\/strong>Notre plateforme int\u00e8gre un puissant outil de suivi des liens entrants<\/a>. Il surveille les liens entrants g\u00e9n\u00e9r\u00e9s et ajoute les nouveaux liens que vous cr\u00e9ez pour votre site web. Cette fonction vous alerte \u00e9galement lorsque vous perdez des liens.<\/li>\n<li><strong>Audit. <\/strong>Notre <a href=\"https:\/\/sitechecker.pro\/\" target=\"_blank\" rel=\"noopener noreferrer\">V\u00e9rificateur SEO<\/a> est plus qu&#8217;un simple g\u00e9n\u00e9rateur de backlink. Nous vous donnons les moyens d&#8217;utiliser une fonction compl\u00e8te d&#8217;audit SEO, de suivi du classement, de surveillance du site Web, et bien plus encore.\n<\/ul>\n<h2 id=\"par2\">Pourquoi devrais-je utiliser l&#8217;outil?<\/h2>\n<p>Notre outil offre une approche gratuite et simple qui stimule votre r\u00e9f\u00e9rencement et aide votre nouveau site web \u00e0 s&#8217;indexer plus rapidement. Cela est possible gr\u00e2ce \u00e0 des liens provenant de pages index\u00e9es sur des sites web de confiance. De plus, avec le g\u00e9n\u00e9rateur, vous obtenez une visibilit\u00e9 dans les pages de r\u00e9sultats des moteurs de recherche (SERP) en apparaissant sur 17 domaines r\u00e9put\u00e9s.<\/p>\n<h2 id=\"par3\">Comment utiliser le g\u00e9n\u00e9rateur de backlinks gratuit ? <\/h2>\n<h3>Etape 1 : Saisissez le domaine pour lequel vous souhaitez g\u00e9n\u00e9rer des backlinks, puis cliquez sur le bouton &#8220;Commencer la g\u00e9n\u00e9ration&#8221;<\/h3>\n<p>.<\/p>\n<div class=\"content__img-wrap\"><img src=\"https:\/\/sitechecker.pro\/wp-content\/uploads\/2023\/06\/backlinks_generator_start.png\" alt=\"Backlink Generator Start\" class=\"description-img description-img-zoom\" loading=\"lazy\" ><\/div>\n<div class=\"important-block\">Note: Pour recevoir les r\u00e9sultats et acc\u00e9der aux fonctionnalit\u00e9s de Sitechecker pendant 14 jours, commencez votre essai GRATUIT. L&apos;inscription est facile avec votre email, votre compte Google ou Facebook. Aucune carte de cr\u00e9dit n&apos;est n\u00e9cessaire.<\/div>\n<h3>Etape 2 : Interpr\u00e9ter les r\u00e9sultats du g\u00e9n\u00e9rateur de backlinks<\/h3>\n<p>L&#8217;outil g\u00e9n\u00e8re des liens entrants pour vous. Il fournit \u00e9galement une liste de ces liens avec leur code d&#8217;\u00e9tat.<\/p>\n<div class=\"content__img-wrap\"><img src=\"https:\/\/sitechecker.pro\/wp-content\/uploads\/2023\/05\/backlink-generator-results.png\" alt=\"Backlink Generator Results\" class=\"description-img description-img-zoom\" loading=\"lazy\" ><\/div>\n<p>Cliquez sur l&#8217;un de ces liens pour voir o\u00f9 ils m\u00e8nent et obtenir plus d&#8217;informations sur leurs performances.<\/p>\n<p>En outre, vous pouvez utiliser l&#8217;option &#8220;D\u00e9marrer le suivi&#8221; pour surveiller et analyser tous les backlinks que vous avez d\u00e9couverts ou cr\u00e9\u00e9s pour votre site Web.<\/p>\n<div class=\"content__img-wrap\"><img src=\"https:\/\/sitechecker.pro\/wp-content\/uploads\/2023\/05\/backlink-generator-start-tracking.png\" alt=\"Backlink Generator Start Tracking\" class=\"description-img description-img-zoom\" loading=\"lazy\" ><\/div>\n<p>Une fois que vous aurez cliqu\u00e9 sur le bouton, l&#8217;outil ajoutera automatiquement vos liens entrants nouvellement g\u00e9n\u00e9r\u00e9s au backlink tracker. L&#8217;outil affichera des informations d\u00e9taill\u00e9es sur les liens. Il s&#8217;agit du donneur, de l&#8217;URL d&#8217;acceptation, de l&#8217;ancre, de l&#8217;\u00e9tat de la page, de l&#8217;\u00e9tat de l&#8217;index, de l&#8217;\u00e9tat du cache, etc.<\/p>\n<div class=\"content__img-wrap\"><img src=\"https:\/\/sitechecker.pro\/wp-content\/uploads\/2023\/05\/backlink-tracker-1.png\" alt=\"Backlink Tracker\" class=\"description-img description-img-zoom\" loading=\"lazy\" ><\/div>\n<p>En outre, il s&#8217;agit d&#8217;une fonction de gestion de backlink flexible. Vous pouvez ajouter manuellement d&#8217;autres liens, les importer \u00e0 partir d&#8217;un fichier ou explorer notre fonction de v\u00e9rification des liens entrants.<\/p>\n<div class=\"content__img-wrap\"><img src=\"https:\/\/sitechecker.pro\/wp-content\/uploads\/2023\/05\/add-import-backlinks.png\" alt=\"Add Import Backlinks\" class=\"description-img description-img-zoom\" loading=\"lazy\" ><\/div>\n<p>Pour plus de d\u00e9tails, consultez notre guide vid\u00e9o YouTube sur l&#8217;utilisation correcte de l&#8217;outil :<\/p>\n<p><iframe width=\"700\" height=\"350\" src=\"https:\/\/www.youtube.com\/embed\/tOu8FmRXcRI?start=30\" title=\"YouTube video player\" frameborder=\"0\" allow=\"accelerometer ; autoplay ; clipboard-write ; encrypted-media ; gyroscope ; picture-in-picture ; web-share\" allowfullscreen><\/iframe>.<\/p>\n<h3>Etape 3. Utiliser les fonctions suppl\u00e9mentaires du g\u00e9n\u00e9rateur de liens retour<\/h3>\n<p>En plus de g\u00e9n\u00e9rer des backlinks, l&#8217;outil fournit un rapport d&#8217;audit complet du site Web afin d&#8217;identifier les probl\u00e8mes potentiels. Ce rapport mettra en \u00e9vidence ces probl\u00e8mes et proposera des suggestions pour les r\u00e9soudre. En outre, vous pouvez d\u00e9composer l&#8217;audit par type ou cat\u00e9gorie de probl\u00e8me pour cibler et r\u00e9soudre efficacement les d\u00e9fis cruciaux qui affectent le succ\u00e8s de votre site Web.<\/p>\n<div class=\"content__img-wrap\"><img src=\"https:\/\/sitechecker.pro\/wp-content\/uploads\/2023\/05\/backlink-generator-additional-features.png\" alt=\"Backlink Generator Additional Features\" class=\"description-img description-img-zoom\" loading=\"lazy\" ><\/div>\n<h2 id=\"par4\">Remarques de conclusion<\/h2>\n<p>Le g\u00e9n\u00e9rateur de backlinks Sitechecker est un outil puissant qui offre des backlinks gratuits \u00e0 partir de domaines de confiance et d&#8217;un grand nombre de ressources SEO. Son interface conviviale et ses fonctionnalit\u00e9s vous permettent de g\u00e9n\u00e9rer et de g\u00e9rer des liens entrants de mani\u00e8re fluide et efficace. L&#8217;outil fournit \u00e9galement un rapport d&#8217;audit d\u00e9taill\u00e9 du site web afin d&#8217;identifier et de r\u00e9soudre les probl\u00e8mes potentiels. Il permet ainsi d&#8217;am\u00e9liorer la strat\u00e9gie de r\u00e9f\u00e9rencement et de stimuler les performances de votre site web.<\/p>\n<div id=\"par5\"><\/div>\n<p><div class=\"front__faq-block\"><div class=\"faq__block-title\">FAQ<\/div><div class=\"panel-group\" id=\"faq-accordion\" itemscope itemtype=\"https:\/\/schema.org\/FAQPage\" role=\"tablist\" aria-multiselectable=\"true\"><div class=\"panel\" itemscope itemtype=\"https:\/\/schema.org\/Question\" itemprop=\"mainEntity\">\n                            <div class=\"panel-heading\" id=\"headingFaq-1\">\n                                <div class=\"panel-title\" data-toggle=\"collapse\" aria-expanded=\"false\" href=\"#collapseFaq-1\">\n                                    <h3 itemprop=\"name\">O\u00f9 puis-je cr\u00e9er des backlinks gratuits ?<\/h3>\n                                <\/div>\n                            <\/div>\n                            <div id=\"collapseFaq-1\" class=\"panel-collapse collapse\" itemprop=\"acceptedAnswer\" itemscope itemtype=\"http:\/\/schema.org\/Answer\">\n                                <div class=\"panel-body\" itemprop=\"text\">Pour g\u00e9n\u00e9rer des liens entrants gratuits, entrez l'URL de votre site Web dans l'outil de g\u00e9n\u00e9ration de backlinks Sitechecker et commencez votre essai gratuit. L'outil g\u00e9n\u00e8re automatiquement des liens retour \u00e0 partir de 17 domaines de confiance.<\/div>\n                            <\/div>\n                        <\/div><div class=\"panel\" itemscope itemtype=\"https:\/\/schema.org\/Question\" itemprop=\"mainEntity\">\n                            <div class=\"panel-heading\" id=\"headingFaq-2\">\n                                <div class=\"panel-title\" data-toggle=\"collapse\" aria-expanded=\"false\" href=\"#collapseFaq-2\">\n                                    <h3 itemprop=\"name\">Que fait un g\u00e9n\u00e9rateur de liens retour ?<\/h3>\n                                <\/div>\n                            <\/div>\n                            <div id=\"collapseFaq-2\" class=\"panel-collapse collapse\" itemprop=\"acceptedAnswer\" itemscope itemtype=\"http:\/\/schema.org\/Answer\">\n                                <div class=\"panel-body\" itemprop=\"text\">Un g\u00e9n\u00e9rateur de liens retour utilise diff\u00e9rents logiciels pour cr\u00e9er des liens et \u00e9valuer les sites web sur la base de plusieurs crit\u00e8res. Il prend notamment en compte la quantit\u00e9 de trafic, l'h\u00e9bergeur, l'adresse IP et l'\u00e2ge du domaine.<\/div>\n                            <\/div>\n                        <\/div><div class=\"panel\" itemscope itemtype=\"https:\/\/schema.org\/Question\" itemprop=\"mainEntity\">\n                            <div class=\"panel-heading\" id=\"headingFaq-3\">\n                                <div class=\"panel-title\" data-toggle=\"collapse\" aria-expanded=\"false\" href=\"#collapseFaq-3\">\n                                    <h3 itemprop=\"name\">Quel est un bon exemple de backlinks ?<\/h3>\n                                <\/div>\n                            <\/div>\n                            <div id=\"collapseFaq-3\" class=\"panel-collapse collapse\" itemprop=\"acceptedAnswer\" itemscope itemtype=\"http:\/\/schema.org\/Answer\">\n                                <div class=\"panel-body\" itemprop=\"text\">Un backlink se produit lorsqu'un site web fait r\u00e9f\u00e9rence \u00e0 d'autres pages web en utilisant un texte d'ancrage pour cr\u00e9er un lien. Vous pouvez trouver un exemple de lien entrant dans n'importe quel article ou billet de blog qui fournit un lien hypertexte vers une autre source ou un autre site web.<\/div>\n                            <\/div>\n                        <\/div><\/div><\/div><\/p>","protected":false},"excerpt":{"rendered":"Qu&#8217;est-ce qu&#8217;un g\u00e9n\u00e9rateur de backlink gratuit ? Un g\u00e9n\u00e9rateur de liens retour est un outil en ligne qui permet d&#8217;ajouter des liens uniques et favorables au r\u00e9f\u00e9rencement \u00e0 votre contenu en s&#8217;approvisionnant automatiquement aupr\u00e8s d&#8217;autres sites web. La m\u00e9canique de ce processus est assez simple. Internet regorge de logiciels qui \u00e9valuent les sites web sur&#8230;","protected":false},"author":10409641,"featured_media":6123,"parent":0,"menu_order":0,"comment_status":"closed","ping_status":"closed","template":"pages-templates\/pages-minitools.php","meta":[],"categories":[72],"tags":[],"_links":{"self":[{"href":"https:\/\/sitechecker.pro\/fr\/wp-json\/wp\/v2\/pages\/6066"}],"collection":[{"href":"https:\/\/sitechecker.pro\/fr\/wp-json\/wp\/v2\/pages"}],"about":[{"href":"https:\/\/sitechecker.pro\/fr\/wp-json\/wp\/v2\/types\/page"}],"author":[{"embeddable":true,"href":"https:\/\/sitechecker.pro\/fr\/wp-json\/wp\/v2\/users\/10409641"}],"replies":[{"embeddable":true,"href":"https:\/\/sitechecker.pro\/fr\/wp-json\/wp\/v2\/comments?post=6066"}],"version-history":[{"count":68,"href":"https:\/\/sitechecker.pro\/fr\/wp-json\/wp\/v2\/pages\/6066\/revisions"}],"predecessor-version":[{"id":36021,"href":"https:\/\/sitechecker.pro\/fr\/wp-json\/wp\/v2\/pages\/6066\/revisions\/36021"}],"wp:featuredmedia":[{"embeddable":true,"href":"https:\/\/sitechecker.pro\/fr\/wp-json\/wp\/v2\/media\/6123"}],"wp:attachment":[{"href":"https:\/\/sitechecker.pro\/fr\/wp-json\/wp\/v2\/media?parent=6066"}],"wp:term":[{"taxonomy":"category","embeddable":true,"href":"https:\/\/sitechecker.pro\/fr\/wp-json\/wp\/v2\/categories?post=6066"},{"taxonomy":"post_tag","embeddable":true,"href":"https:\/\/sitechecker.pro\/fr\/wp-json\/wp\/v2\/tags?post=6066"}],"curies":[{"name":"wp","href":"https:\/\/api.w.org\/{rel}","templated":true}]}}