{"id":573,"date":"2017-12-07T16:00:45","date_gmt":"2017-12-07T16:00:45","guid":{"rendered":"https:\/\/sitechecker.pro\/?page_id=573"},"modified":"2025-01-27T16:23:26","modified_gmt":"2025-01-27T16:23:26","slug":"http-vs-https","status":"publish","type":"page","link":"https:\/\/sitechecker.pro\/fr\/http-vs-https\/","title":{"rendered":"HTTP to HTTPS Redirect Checker | Test if Redirects Works \u2611 (en anglais)"},"content":{"rendered":"<p><\/p>\n<h2 id=\"par1\">Qu&#8217;est-ce que le v\u00e9rificateur de redirection HTTP vers HTTPS\u00a0?<\/h2>\n<p>Le v\u00e9rificateur HTTP vers HTTPS de <a href=\"https:\/\/sitechecker.pro\/\" target=\"_blank\" rel=\"noopener noreferrer\">Sitechecker<\/a> v\u00e9rifie si un site Web ou des pages sp\u00e9cifiques redirigent correctement de HTTP vers HTTPS, <a href=\"https:\/\/sitechecker.pro\/ssl-checker\/\" target=\"_blank\" rel=\"noopener noreferrer\">valide les certificats SSL<\/a>, identifie les probl\u00e8mes de s\u00e9curit\u00e9 et garantit la conformit\u00e9 aux normes de s\u00e9curit\u00e9, contribuant ainsi \u00e0 am\u00e9liorer la s\u00e9curit\u00e9 du site Web et la confiance des utilisateurs.<\/p>\n<h3>Comment l&#8217;outil peut vous aider<\/h3>\n<p><strong>Test de redirection\u00a0:<\/strong>v\u00e9rifie si le trafic HTTP est correctement redirig\u00e9 vers HTTPS pour les sites Web ou les pages individuelles.<\/p>\n<p><strong>Validation du certificat SSL\u00a0:<\/strong>v\u00e9rifie la validit\u00e9 et la bonne mise en \u0153uvre des certificats SSL.<\/p>\n<p><strong>Surveillance de la s\u00e9curit\u00e9\u00a0: <\/strong>identifie et suit les probl\u00e8mes de s\u00e9curit\u00e9 potentiels pour garantir une conformit\u00e9 continue.<\/p>\n<h3>Principales fonctionnalit\u00e9s de l&#8217;outil<\/h3>\n<p><strong>Tableau de bord unifi\u00e9\u00a0: <\/strong>Plateforme centralis\u00e9e pour g\u00e9rer et surveiller toutes les mesures de performance du site Web.<\/p>\n<p><strong>Interface conviviale\u00a0: <\/strong>Conception intuitive adapt\u00e9e aux utilisateurs de tous niveaux de comp\u00e9tence.<\/p>\n<p><strong>Ensemble complet d&#8217;outils SEO\u00a0: <\/strong>Outils complets pour les audits SEO, le suivi des classements, l&#8217;analyse des backlinks et l&#8217;optimisation.<\/p>\n<h2 id=\"par2\">Comment utiliser l&#8217;outil<\/h2>\n<p>Pour commencer \u00e0 utiliser cet outil, choisissez simplement l&#8217;une des options d&#8217;audit ci-dessous en fonction de vos besoins.<\/p>\n<div class=\"content__img-wrap\"><img src=\"https:\/\/sitechecker.pro\/wp-content\/uploads\/2025\/01\/choose-audit-option-1.png\" alt=\"Choose Audit Option\" class=\"description-img description-img-zoom\" loading=\"lazy\" ><\/div>\n<h2 id=\"par3\">Test de site Web<\/h2>\n<p>Pour \u00e9valuer la s\u00e9curit\u00e9 et les performances de votre site Web, s\u00e9lectionnez l&#8217;option d&#8217;audit la plus appropri\u00e9e ci-dessous.<\/p>\n<h3>\u00c9tape 1\u00a0: Choisissez votre propre test de site<\/h3>\n<div class=\"content__img-wrap\"><img src=\"https:\/\/sitechecker.pro\/wp-content\/uploads\/2025\/01\/own-site-test.png\" alt=\"Test de votre propre site\" class=\"description-img description-img-zoom\" loading=\"lazy\" ><\/div>\n<div class=\"important-block\">Pour recevoir les r\u00e9sultats et acc\u00e9der aux fonctionnalit\u00e9s de Sitechecker pendant 14 jours, d\u00e9marrez votre essai GRATUIT. L'inscription est facile avec votre e-mail, votre compte Google ou Facebook. Aucune carte de cr\u00e9dit n'est n\u00e9cessaire.<\/div>\n<h3>\u00c9tape 2\u00a0:\u00a0Obtenez les r\u00e9sultats<\/h3>\n<p>La v\u00e9rification de la redirection HTTP vers HTTPS fournit des informations d\u00e9taill\u00e9es sur la s\u00e9curit\u00e9 de votre site Web et la configuration de la redirection, en identifiant les vuln\u00e9rabilit\u00e9s telles que le contenu mixte, les en-t\u00eates manquants ou une impl\u00e9mentation HTTPS incorrecte.<\/p>\n<div class=\"content__img-wrap\"><img src=\"https:\/\/sitechecker.pro\/wp-content\/uploads\/2025\/01\/http-https-redirection.png\" alt=\"Redirection HTTP vers HTTPS\" class=\"description-img description-img-zoom\" loading=\"lazy\" ><\/div>\n<p>Identifiez et corrigez les vuln\u00e9rabilit\u00e9s de s\u00e9curit\u00e9 et obtenez des suggestions de code d&#8217;un simple clic.<\/p>\n<h3>Fonctionnalit\u00e9s suppl\u00e9mentaires du test de domaine<\/h3>\n<p>L&#8217;outil fournit un aper\u00e7u complet des probl\u00e8mes critiques, d&#8217;avertissement et d&#8217;information li\u00e9s \u00e0 la redirection HTTPS de votre site Web, y compris une r\u00e9partition d\u00e9taill\u00e9e des pages affect\u00e9es par cat\u00e9gorie (par exemple, s\u00e9curit\u00e9, liens, indexabilit\u00e9). Il met en \u00e9vidence les probl\u00e8mes sp\u00e9cifiques, leur gravit\u00e9 et des informations exploitables pour l&#8217;optimisation.<\/p>\n<div class=\"content__img-wrap\"><img src=\"https:\/\/sitechecker.pro\/wp-content\/uploads\/2025\/01\/site-audit-issues-list.png\" alt=\"Liste des probl\u00e8mes d'audit de site\" class=\"description-img description-img-zoom\" loading=\"lazy\" ><\/div>\n<h2 id=\"par5\">Test de page<\/h2>\n<h3>\u00c9tape 1\u00a0: Choisissez l&#8217;option permettant de tester une page<\/h3>\n<div class=\"content__img-wrap\"><img src=\"https:\/\/sitechecker.pro\/wp-content\/uploads\/2025\/01\/test-page.png\" alt=\"Page de test\" class=\"description-img description-img-zoom\" loading=\"lazy\" ><\/div>\n<h3>\u00c9tape 2\u00a0: Obtenez les r\u00e9sultats<\/h3>\n<p>Le contr\u00f4le de redirection HTTP vers HTTPS \u00e9value si le protocole HTTP est correctement redirig\u00e9 vers HTTPS, garantissant ainsi une transmission s\u00e9curis\u00e9e des donn\u00e9es. Il fournit des informations sur les fonctionnalit\u00e9s du protocole, les vuln\u00e9rabilit\u00e9s de la structure des URL et des recommandations pour la conformit\u00e9 aux normes de s\u00e9curit\u00e9.<\/p>\n<div class=\"content__img-wrap\"><img src=\"https:\/\/sitechecker.pro\/wp-content\/uploads\/2025\/01\/http-protocol-doesnt-work.png\" alt=\"Le protocole HTTP ne fonctionne pas\" class=\"description-img description-img-zoom\" loading=\"lazy\" ><\/div>\n<p>Acc\u00e9dez \u00e0 la section d&#8217;audit du site Web pour d\u00e9couvrir une d\u00e9monstration pr\u00e9sentant toutes les fonctionnalit\u00e9s de l&#8217;outil. Cela fournit des conseils clairs sur l&#8217;am\u00e9lioration de la sant\u00e9 technique de votre site et la gestion efficace des probl\u00e8mes potentiels.<\/p>\n<div class=\"content__img-wrap\"><img src=\"https:\/\/sitechecker.pro\/wp-content\/uploads\/2025\/01\/site-audit-1.png\" alt=\"Audit du site\" class=\"description-img description-img-zoom\" loading=\"lazy\" ><\/div>\n<h3>Fonctionnalit\u00e9s suppl\u00e9mentaires pour tester un domaine qui n&#8217;est pas le v\u00f4tre<\/h3>\n<p>La v\u00e9rification de la redirection HTTP vers HTTPS v\u00e9rifie non seulement la fonctionnalit\u00e9 de redirection, mais fournit \u00e9galement des informations suppl\u00e9mentaires, notamment le score de la page, les probl\u00e8mes critiques et d&#8217;avertissement, le code d&#8217;\u00e9tat, l&#8217;indexabilit\u00e9 et la taille de la page. Il offre des options de navigation d\u00e9taill\u00e9es pour l&#8217;optimisation, telles que des donn\u00e9es structur\u00e9es, du contenu, des images et des informations sur PageSpeed, garantissant une \u00e9valuation compl\u00e8te des performances et de la s\u00e9curit\u00e9 de votre site Web.<\/p>\n<div class=\"content__img-wrap\"><img src=\"https:\/\/sitechecker.pro\/wp-content\/uploads\/2025\/01\/on-page-seo-checker.png\" alt=\"On Page SEO Checker\" class=\"description-img description-img-zoom\" loading=\"lazy\" ><\/div>\n<h2 id=\"par7\">Id\u00e9e finale<\/h2>\n<p>Le v\u00e9rificateur de redirection HTTP vers HTTPS garantit une redirection appropri\u00e9e, valide les certificats SSL et identifie les probl\u00e8mes de s\u00e9curit\u00e9 pour am\u00e9liorer la s\u00e9curit\u00e9 du site Web. Il fournit des informations exploitables, des scores de page et des mesures d&#8217;optimisation via un tableau de bord convivial.<\/p>\n<div id=\"par8\"><\/div>\n<p><div class=\"front__faq-block\"><div class=\"faq__block-title\">FAQ<\/div><div class=\"panel-group\" id=\"faq-accordion\" itemscope itemtype=\"https:\/\/schema.org\/FAQPage\" role=\"tablist\" aria-multiselectable=\"true\"><div class=\"panel\" itemscope itemtype=\"https:\/\/schema.org\/Question\" itemprop=\"mainEntity\">\n                            <div class=\"panel-heading\" id=\"headingFaq-1\">\n                                <div class=\"panel-title\" data-toggle=\"collapse\" aria-expanded=\"false\" href=\"#collapseFaq-1\">\n                                    <h3 itemprop=\"name\">A quoi sert le v\u00e9rificateur de redirection HTTP vers HTTPS ?<\/h3>\n                                <\/div>\n                            <\/div>\n                            <div id=\"collapseFaq-1\" class=\"panel-collapse collapse\" itemprop=\"acceptedAnswer\" itemscope itemtype=\"http:\/\/schema.org\/Answer\">\n                                <div class=\"panel-body\" itemprop=\"text\">L'outil v\u00e9rifie si les sites Web ou les pages redirigent correctement de HTTP vers HTTPS, garantissant une transmission s\u00e9curis\u00e9e des donn\u00e9es et am\u00e9liorant la confiance des utilisateurs.<\/div>\n                            <\/div>\n                        <\/div><div class=\"panel\" itemscope itemtype=\"https:\/\/schema.org\/Question\" itemprop=\"mainEntity\">\n                            <div class=\"panel-heading\" id=\"headingFaq-2\">\n                                <div class=\"panel-title\" data-toggle=\"collapse\" aria-expanded=\"false\" href=\"#collapseFaq-2\">\n                                    <h3 itemprop=\"name\">L'outil offre-t-il des informations suppl\u00e9mentaires au-del\u00e0 de la v\u00e9rification de la redirection ?<\/h3>\n                                <\/div>\n                            <\/div>\n                            <div id=\"collapseFaq-2\" class=\"panel-collapse collapse\" itemprop=\"acceptedAnswer\" itemscope itemtype=\"http:\/\/schema.org\/Answer\">\n                                <div class=\"panel-body\" itemprop=\"text\">Oui, il fournit des informations telles que les scores des pages, les probl\u00e8mes critiques et d'avertissement, l'indexabilit\u00e9, la taille des pages et les recommandations de conformit\u00e9 en mati\u00e8re de s\u00e9curit\u00e9.<\/div>\n                            <\/div>\n                        <\/div><div class=\"panel\" itemscope itemtype=\"https:\/\/schema.org\/Question\" itemprop=\"mainEntity\">\n                            <div class=\"panel-heading\" id=\"headingFaq-3\">\n                                <div class=\"panel-title\" data-toggle=\"collapse\" aria-expanded=\"false\" href=\"#collapseFaq-3\">\n                                    <h3 itemprop=\"name\">Puis-je utiliser l'outil pour tester des domaines que je ne poss\u00e8de pas ?<\/h3>\n                                <\/div>\n                            <\/div>\n                            <div id=\"collapseFaq-3\" class=\"panel-collapse collapse\" itemprop=\"acceptedAnswer\" itemscope itemtype=\"http:\/\/schema.org\/Answer\">\n                                <div class=\"panel-body\" itemprop=\"text\">Oui, vous pouvez tester d'autres domaines pour v\u00e9rifier leur configuration de redirection et leur conformit\u00e9 en mati\u00e8re de s\u00e9curit\u00e9 sans exiger la propri\u00e9t\u00e9.<\/div>\n                            <\/div>\n                        <\/div><\/div><\/div><\/p>","protected":false},"excerpt":{"rendered":"Qu&#8217;est-ce que le v\u00e9rificateur de redirection HTTP vers HTTPS\u00a0? Le v\u00e9rificateur HTTP vers HTTPS de Sitechecker v\u00e9rifie si un site Web ou des pages sp\u00e9cifiques redirigent correctement de HTTP vers HTTPS, valide les certificats SSL, identifie les probl\u00e8mes de s\u00e9curit\u00e9 et garantit la conformit\u00e9 aux normes de s\u00e9curit\u00e9, contribuant ainsi \u00e0 am\u00e9liorer la s\u00e9curit\u00e9 du&#8230;","protected":false},"author":10409641,"featured_media":3356,"parent":0,"menu_order":0,"comment_status":"closed","ping_status":"closed","template":"pages-templates\/pages-minitools-3.php","meta":[],"categories":[73],"tags":[],"_links":{"self":[{"href":"https:\/\/sitechecker.pro\/fr\/wp-json\/wp\/v2\/pages\/573"}],"collection":[{"href":"https:\/\/sitechecker.pro\/fr\/wp-json\/wp\/v2\/pages"}],"about":[{"href":"https:\/\/sitechecker.pro\/fr\/wp-json\/wp\/v2\/types\/page"}],"author":[{"embeddable":true,"href":"https:\/\/sitechecker.pro\/fr\/wp-json\/wp\/v2\/users\/10409641"}],"replies":[{"embeddable":true,"href":"https:\/\/sitechecker.pro\/fr\/wp-json\/wp\/v2\/comments?post=573"}],"version-history":[{"count":8,"href":"https:\/\/sitechecker.pro\/fr\/wp-json\/wp\/v2\/pages\/573\/revisions"}],"predecessor-version":[{"id":35166,"href":"https:\/\/sitechecker.pro\/fr\/wp-json\/wp\/v2\/pages\/573\/revisions\/35166"}],"wp:featuredmedia":[{"embeddable":true,"href":"https:\/\/sitechecker.pro\/fr\/wp-json\/wp\/v2\/media\/3356"}],"wp:attachment":[{"href":"https:\/\/sitechecker.pro\/fr\/wp-json\/wp\/v2\/media?parent=573"}],"wp:term":[{"taxonomy":"category","embeddable":true,"href":"https:\/\/sitechecker.pro\/fr\/wp-json\/wp\/v2\/categories?post=573"},{"taxonomy":"post_tag","embeddable":true,"href":"https:\/\/sitechecker.pro\/fr\/wp-json\/wp\/v2\/tags?post=573"}],"curies":[{"name":"wp","href":"https:\/\/api.w.org\/{rel}","templated":true}]}}