{"id":554,"date":"2023-12-07T12:15:10","date_gmt":"2023-12-07T12:15:10","guid":{"rendered":"https:\/\/sitechecker.pro\/?page_id=554"},"modified":"2025-05-21T13:13:20","modified_gmt":"2025-05-21T13:13:20","slug":"meta-tags","status":"publish","type":"page","link":"https:\/\/sitechecker.pro\/fr\/meta-tags\/","title":{"rendered":"Balises Meta et attributs accept\u00e9s par SEO"},"content":{"rendered":"<p><\/p>\n<h2>Qu\u2019est ce que les balises Meta?<\/h2>\n<p>&nbsp;<\/p>\n<p>\u00cates-vous familier avec les autres balises meta SEO, \u00e0 part la description et des mots-cl\u00e9s? Vous trouverez ici une liste d\u2019exemples, divis\u00e9e en trois cat\u00e9gories : bonnes, mauvaises et neutres (\u00e0 vous de les utiliser ou non). De plus apr\u00e8s avoir lu cet article jusqu&#8217;\u00e0 la fin, vous d\u00e9couvrirez qu\u2019il y a beaucoup plus de mauvaises que le reste. Bien s\u00fbr, il est impossible de faire une liste compl\u00e8te de meta tags HTML. C\u2019est pourquoi si vous avez besoin de plus, vous pouvez toujours trouver des balises suppl\u00e9mentaires en utilisant cette <a href=\"https:\/\/www.metatags.org\/all_metatags\">source de meta tags<\/a>.<\/p>\n<div class=\"box\">\n<p>Le conseil le plus utile que je puisse vous donner est de ne pas ajouter des \u00e9l\u00e9ments Meta suppl\u00e9mentaires, juste pour remplir l&#8217;espace si cela ne s&#8217;av\u00e8re pas n\u00e9cessaire. Mais savez que la quantit\u00e9 ne fait pas la qualit\u00e9. Vous devriez toujours traiter le processus de codage en ayant en vu la mani\u00e8re dont il sera refl\u00e9t\u00e9 dans votre navigateur, et l\u2019objectif qu\u2019il vous permettra d\u2019atteindre.<\/p>\n<\/div>\n<p>&nbsp;<\/p>\n<h2>Les Mauvaises<\/h2>\n<p>&nbsp;<\/p>\n<p>Nous ne pouvons pas dire que ces balises peuvent influencer votre site de mani\u00e8re n\u00e9gative, mais elles ne sont qu&#8217;un gaspillage d&#8217;espace dans votre codage.<\/p>\n<ul>\n<li><strong>Auteur dela balise<\/strong>&#8211; sp\u00e9cifie qui est un auteur de la page. As-tu besoin de le mentionner ?<\/li>\n<li><strong>G\u00e9n\u00e9rateur de la balise<\/strong> &#8211; est utilis\u00e9 afin de clarifier quel programme a g\u00e9n\u00e9r\u00e9 votre page. Cependant, \u00e0 mon avis, cela ne vaut pas la peine de l\u2019utiliser.<\/li>\n<li><strong>Balise de type Ressource<\/strong> &#8211; sp\u00e9cifie le type de source de votre page. Mais pour gagner en temps, vous pouvez utiliser la DTD \u00e0 sa place.<\/li>\n<li><strong>Balise Revisiter de nouveau<\/strong> &#8211; donne aux robots une direction pour retourner \u00e0 la page une fois de plus avec un passage du temps, mais la majorit\u00e9 de principaux moteurs de recherche ne le supportent pas.<\/li>\n<li><strong>Balise de classement<\/strong> &#8211; aide \u00e0 ajouter une restriction d&#8217;\u00e2ge \u00e0 votre contenu, mais nous pensons toujours que la meilleure fa\u00e7on de traiter les images pour adultes est de les placer dans un r\u00e9pertoire isol\u00e9 qui est situ\u00e9 \u00e0 l&#8217;\u00e9cart des images ordinaires utilis\u00e9es sur un site et d&#8217;en informer Google.<\/li>\n<li><strong>Balise de distribution<\/strong> &#8211; est utilis\u00e9e lorsque vous avez besoin de changer l&#8217;accessibilit\u00e9 du document ; dans la plupart des cas, il a un mode &#8220;global&#8221; par d\u00e9faut. Si votre page est ouverte, cela signifie qu&#8217;elle est ouverte pour tout le monde.<\/li>\n<li><strong>Balise abstraite<\/strong> &#8211; est utilis\u00e9 lorsque vous avez besoin d&#8217;ajouter seulement un r\u00e9sum\u00e9 d&#8217;un texte.<\/li>\n<li><strong>Balises de date\/expiration<\/strong> \u2013 la balise de date est utilis\u00e9e pour sp\u00e9cifier une date exacte \u00e0 laquelle la page a \u00e9t\u00e9 cr\u00e9\u00e9e, et l\u2019expiration &#8211; quand elle expire. Cependant, il est beaucoup plus utile de supprimer soi-m\u00eame des pages lorsqu&#8217;elles expirent et de placer constamment \u00e0 jour votre <a href=\"https:\/\/sitechecker.pro\/fr\/xml-sitemap\/\">sitemap XML<\/a>.<\/li>\n<li><strong>Balise des droits d&#8217;auteur<\/strong> &#8211; si vous l&#8217;avez d\u00e9j\u00e0 dans la section pied de page, pourquoi l&#8217;utiliser une fois de plus ?<\/li>\n<li><strong>Balise de contr\u00f4le du cache<\/strong> &#8211; vous aide \u00e0 contr\u00f4ler la p\u00e9riode pendant laquelle une page est mise en cache dans un navigateur (<a href=\"https:\/\/sitechecker.pro\/fr\/google-cache\/\">google cache<\/a> par exemple), mais il est pr\u00e9f\u00e9rable de le faire dans un en-t\u00eate HTTP.<\/li>\n<\/ul>\n<p>&nbsp;<\/p>\n<p>&nbsp;<\/p>\n<h2>Les Bonnes<\/h2>\n<p>Les &#8220;bonnes&#8221; balises meta doivent \u00eatre utilis\u00e9es sur chaque page. Bien s\u00fbr, il ne s&#8217;agit pas d&#8217;une liste compl\u00e8te, mais vous devriez utiliser au moins celles-ci:<\/p>\n<ul>\n<li><a href=\"https:\/\/sitechecker.pro\/fr\/meta-title\/\"><strong>La balise Titre<\/strong><\/a> &#8211; c&#8217;est un \u00e9l\u00e9ment tr\u00e8s important de toute optimisation SEO qui est plac\u00e9 dans la section en-t\u00eate. Et il contient les donn\u00e9es les plus importantes. La seule r\u00e8gle que vous devez suivre ici est de cr\u00e9er un titre exclusif pour chaque page.<\/li>\n<li><strong><a href=\"https:\/\/sitechecker.pro\/fr\/meta-tag-description\/\">La Description Meta<\/a><\/strong> &#8211; cet \u00e9l\u00e9ment meta sert de description de la page pour les diff\u00e9rents SERP. Bien qu&#8217;il n&#8217;influence pas directement le classement d&#8217;un site, il est tout de m\u00eame tr\u00e8s important. Il vise \u00e0 forcer un utilisateur \u00e0 visiter votre site. Pour \u00e9crire une description id\u00e9ale, il faut suivre plusieurs r\u00e8gles : il faut la faire d&#8217;environ 160 caract\u00e8res et tr\u00e8s accrocheuse.<\/li>\n<li><strong>Meta tag de type contenu<\/strong> \u2013 il faut l\u2019utiliser sur chaque page car elle montre le jeu de caract\u00e8res de la page et son omission peut influencer le rendu de la page du navigateur. Voici plusieurs variantes, mais un concepteur web exp\u00e9riment\u00e9 peut choisir la meilleure option pour un site<\/li>\n<\/ul>\n<div class=\"code\"><code>&lt;meta http-equiv=\"Content-Type\" content=\"text\/html; charset=utf-8\" \/&gt;<br \/>\n&lt;meta http-equiv=\"Content-Type\" content=\"text\/html; charset=ISO-8859-1\"&gt;<\/code><\/div>\n<ul>\n<li><strong>Viewport<\/strong> &#8211; dans notre \u00e8re technique, c&#8217;est un \u00e9l\u00e9ment tr\u00e8s important si vous souhaitez que votre site ait un bon UX mobile. Vous pouvez utiliser un programme de type &#8220;Google PageSpeed Insights Tool&#8221; afin d&#8217;obtenir des informations plus d\u00e9taill\u00e9es. Sinon, le tag standard est ici :<\/li>\n<\/ul>\n<div class=\"code\"><code>&lt;meta name=viewport content=\"width=device-width, initial-scale=1\"&gt;<\/code><\/div>\n<p>&nbsp;<\/p>\n<h2>Les Neutres<\/h2>\n<p>&nbsp;<\/p>\n<p>Ces balises ne sont pas indispensables, et franchement, il est conseill\u00e9 de les \u00e9viter s&#8217;il n&#8217;y a pas de raisons particuli\u00e8res de les utiliser.<\/p>\n<ul>\n<li><strong>Les balises meta sociales<\/strong> &#8211; l&#8217;information provenant de Twitter et <a href=\"https:\/\/sitechecker.pro\/fr\/open-graph\/\">OpenGraph<\/a> dans la plupart des cas est importante, mais pas obligatoire.<\/li>\n<li><strong>La balise de langue<\/strong> &#8211; vous pouvez l&#8217;utiliser si vous avez besoin d&#8217;indiquer une langue d\u00e9finie utilis\u00e9e sur la page. Par exemple, si vous d\u00e9m\u00e9nagez dans un autre pays.<\/li>\n<li><strong>Balise sp\u00e9cifique aux bots<\/strong> &#8211; sert \u00e0 donner aux bots des instructions de type \u00ab noodp \u00bb (leur dire que les donn\u00e9es de listing DMOZ sont interdites \u00e0 utiliser) et \u00ab noydir \u00bb (assez similaire, mais ici les informations de listing de Yahoo Directory). Franchement, les <a href=\"https:\/\/sitechecker.pro\/fr\/search-engines\/\">moteurs de recherche<\/a> peuvent le faire par eux-m\u00eames, mais si vous pensez que c&#8217;est ce dont vous avez besoin, faites-le.<\/li>\n<li><strong>Robots<\/strong> &#8211; certains sp\u00e9cialistes pensent que c\u2019est une balise meta obligatoire. \u00c9tudions cette question. Pendant l&#8217;indexation, si vous n&#8217;ajoutez pas ce tag, les robots le liront de mani\u00e8re &#8220;index follow&#8221;. Si vous avez besoin de changer cette commande, alors vous pouvez utiliser des balises robots. Dans le cas o\u00f9 vous souhaitez indiquer au robot qu\u2019il ne faut pas indexer la page sans tenir compte des liens sur la page, alors vous devez utiliser ce tag avec noindex.<\/li>\n<\/ul>\n<div class=\"code\"><code>&lt;meta name=\"robots\" content=\"noindex\" \/&gt;<\/code><\/div>\n<ul>\n<li><strong>Balise de rafra\u00eechissement<\/strong> \u2013 c\u2019est une variation de redirection que vous devriez \u00e9viter dans tous les cas. La meilleure variante est la <a href=\"https:\/\/sitechecker.pro\/fr\/301-redirect\/\">redirection 301<\/a>, m\u00eame si vous avez besoin que les mesures soient prises d\u00e8s que possible.<\/li>\n<li><strong>Balises alt<\/strong> &#8211; <a href=\"https:\/\/sitechecker.pro\/fr\/alt-tags\/\">img alt<\/a> est facilement index\u00e9 par les robots des moteurs de recherche et utilis\u00e9 par ceux-ci pour d\u00e9terminer le contenu des images d\u00e9tect\u00e9es. Et cela est important \u00e0 la fois pour am\u00e9liorer la pertinence des pages du site et pour attirer du trafic suppl\u00e9mentaire \u00e0 partir de \u00abRecherche par images\u00bb.<\/li>\n<li><a href=\"https:\/\/sitechecker.pro\/fr\/meta-keywords\/\"><strong>Balise mots-cl\u00e9s<\/strong><\/a> &#8211; en raison de nombreuses strat\u00e9gies SEO, il n&#8217;est pas recommand\u00e9 de l&#8217;utiliser parce qu&#8217;il y a de tr\u00e8s faible possibilit\u00e9 qu&#8217;il vous aidera d&#8217;une mani\u00e8re ou d&#8217;une autre. Si elle a \u00e9t\u00e9 utilis\u00e9e automatiquement lors de la cr\u00e9ation d&#8217;un site, alors laissez-la. Mais si elle n\u2019a pas \u00e9t\u00e9 l\u00e0, alors ne l&#8217;ajoutez pas du tout.<\/li>\n<li><strong>Balise GEO<\/strong> &#8211; est trait\u00e9 pour \u00eatre support\u00e9 uniquement par le moteur de recherche Bing. De plus, il est divis\u00e9 en trois types : r\u00e9gion, poste et toponyme.<\/li>\n<\/ul>\n<div class=\"code\"><code>&lt;META NAME=\"geo.position\" CONTENT=\"latitude; longitude\"&gt;<br \/>\n&lt;META NAME=\"geo.region\" CONTENT=\"Country Subdivision Code\"&gt;<br \/>\n&lt;META NAME=\"geo.placename\" CONTENT=\"Place Name\"&gt;<\/code><\/div>\n<ul>\n<li><strong>Tag de v\u00e9rification du site<\/strong> &#8211; il est parfois obligatoire de l&#8217;utiliser pour autoriser un site avec Google. Vous pouvez \u00e9galement utiliser un fichier externe, un DNS ou simplement un lien vers votre profil Google Analytics. Pour Bing, les meta tags et la v\u00e9rification des fichiers XML est possible, mais XML est toujours pr\u00e9f\u00e9rable.<\/li>\n<\/ul>\n<p><\/p>","protected":false},"excerpt":{"rendered":"Qu\u2019est ce que les balises Meta? &nbsp; \u00cates-vous familier avec les autres balises meta SEO, \u00e0 part la description et des mots-cl\u00e9s? Vous trouverez ici une liste d\u2019exemples, divis\u00e9e en trois cat\u00e9gories : bonnes, mauvaises et neutres (\u00e0 vous de les utiliser ou non). De plus apr\u00e8s avoir lu cet article jusqu&#8217;\u00e0 la fin, vous&#8230;","protected":false},"author":11474150,"featured_media":3431,"parent":0,"menu_order":0,"comment_status":"closed","ping_status":"closed","template":"pages-templates\/pages-v2.php","meta":[],"categories":[27],"tags":[],"_links":{"self":[{"href":"https:\/\/sitechecker.pro\/fr\/wp-json\/wp\/v2\/pages\/554"}],"collection":[{"href":"https:\/\/sitechecker.pro\/fr\/wp-json\/wp\/v2\/pages"}],"about":[{"href":"https:\/\/sitechecker.pro\/fr\/wp-json\/wp\/v2\/types\/page"}],"author":[{"embeddable":true,"href":"https:\/\/sitechecker.pro\/fr\/wp-json\/wp\/v2\/users\/11474150"}],"replies":[{"embeddable":true,"href":"https:\/\/sitechecker.pro\/fr\/wp-json\/wp\/v2\/comments?post=554"}],"version-history":[{"count":39,"href":"https:\/\/sitechecker.pro\/fr\/wp-json\/wp\/v2\/pages\/554\/revisions"}],"predecessor-version":[{"id":37110,"href":"https:\/\/sitechecker.pro\/fr\/wp-json\/wp\/v2\/pages\/554\/revisions\/37110"}],"wp:featuredmedia":[{"embeddable":true,"href":"https:\/\/sitechecker.pro\/fr\/wp-json\/wp\/v2\/media\/3431"}],"wp:attachment":[{"href":"https:\/\/sitechecker.pro\/fr\/wp-json\/wp\/v2\/media?parent=554"}],"wp:term":[{"taxonomy":"category","embeddable":true,"href":"https:\/\/sitechecker.pro\/fr\/wp-json\/wp\/v2\/categories?post=554"},{"taxonomy":"post_tag","embeddable":true,"href":"https:\/\/sitechecker.pro\/fr\/wp-json\/wp\/v2\/tags?post=554"}],"curies":[{"name":"wp","href":"https:\/\/api.w.org\/{rel}","templated":true}]}}