{"id":543,"date":"2020-07-20T12:39:04","date_gmt":"2020-07-20T10:39:04","guid":{"rendered":"https:\/\/sitechecker.pro\/?page_id=543"},"modified":"2026-02-13T17:47:15","modified_gmt":"2026-02-13T17:47:15","slug":"meta-title","status":"publish","type":"page","link":"https:\/\/sitechecker.pro\/fr\/meta-title\/","title":{"rendered":"Meta Title Checker | V\u00e9rifier le contenu, la longueur et le texte de la balise Meta Title"},"content":{"rendered":"<p><\/p>\n<h2 id=\"par1\">Qu&#8217;est-ce que Meta Title Tag Checker\u00a0?<\/h2>\n<p>Le v\u00e9rificateur de titres de sites Web de <a href=\"https:\/\/sitechecker.pro\/\" rel=\"noopener noreferrer\" target=\"_blank\">Sitechecker<\/a> est un outil con\u00e7u pour \u00e9valuer l&#8217;efficacit\u00e9 SEO des <a href=\"https:\/\/sitechecker.pro\/what-is-website-title-tag\/\" rel=\"noopener noreferrer\" target=\"_blank\">balises m\u00e9ta-titres<\/a> sur les pages Web. Il analyse les titres en termes de longueur, de pertinence et d&#8217;<a href=\"https:\/\/sitechecker.pro\/keyword-research\/\" rel=\"noopener noreferrer\" target=\"_blank\">optimisation des mots cl\u00e9s<\/a>, identifie les probl\u00e8mes et sugg\u00e8re des am\u00e9liorations pour am\u00e9liorer la visibilit\u00e9 des moteurs de recherche. L&#8217;outil surveille \u00e9galement les modifications apport\u00e9es aux m\u00e9ta-titres au fil du temps, aidant les utilisateurs \u00e0 maintenir \u00e0 jour la strat\u00e9gie SEO de leur site Web.<\/p>\n<h3>Principales fonctionnalit\u00e9s de l&#8217;outil<\/h3>\n<p><strong>Analyse des balises de titre m\u00e9ta\u00a0: <\/strong>examine chaque page de votre site Web, v\u00e9rifie le nombre, le contenu et la longueur des balises de titre, s&#8217;assure qu&#8217;elles sont optimis\u00e9es avec des mots cl\u00e9s pertinents et dans la limite de caract\u00e8res recommand\u00e9e.<\/p>\n<p><strong>Identification des probl\u00e8mes et conseils\u00a0: <\/strong>au-del\u00e0 de l&#8217;identification des probl\u00e8mes li\u00e9s aux balises de titre, il fournit des solutions, r\u00e9pertorie les URL probl\u00e9matiques et propose des conseils sur les correctifs, servant de feuille de route pour am\u00e9liorer le r\u00e9f\u00e9rencement de votre site Web.<\/p>\n<p><strong>Suivi des modifications\u00a0: <\/strong>surveille toutes les modifications apport\u00e9es aux balises m\u00e9ta de votre site Web, vous avertissant des changements importants et des ajustements mineurs, contribuant ainsi \u00e0 maintenir la sant\u00e9 du r\u00e9f\u00e9rencement de votre site.<\/p>\n<h3>Principales fonctionnalit\u00e9s de l&#8217;outil<\/h3>\n<p><strong>Tableau de bord unifi\u00e9\u00a0: <\/strong>offre une vue consolid\u00e9e de toutes les mesures et informations SEO.<\/p>\n<p><strong>Interface conviviale\u00a0: <\/strong>con\u00e7ue pour une navigation intuitive et une utilisation facile.<\/p>\n<p><strong>Ensemble complet d&#8217;outils SEO\u00a0:<\/strong>fournit une suite compl\u00e8te d&#8217;outils pour une analyse et une optimisation SEO approfondies.<\/p>\n<h2 id=\"par2\">Comment v\u00e9rifier la balise meta title d&#8217;un site Web avec notre outil de test\u00a0?<\/h2>\n<p>Choisissez le domaine ou la page \u00e0 v\u00e9rifier, ajoutez l&#8217;URL \u00e0 l&#8217;espace pr\u00e9vu et appuyez sur le bouton pour d\u00e9marrer.<\/p>\n<div class=\"content__img-wrap\"><img src=\"https:\/\/sitechecker.pro\/wp-content\/uploads\/2024\/08\/choose-audit-option-1.png\" alt=\"Choose Audit Option\" class=\"description-img description-img-zoom\" loading=\"lazy\" ><\/div>\n<h2 id=\"par3\">V\u00e9rification du domaine<\/h2>\n<h3>\u00c9tape 1\u00a0: saisissez le nom de domaine et choisissez l&#8217;inspection du site Web<\/h3>\n<div class=\"content__img-wrap\"><img src=\"https:\/\/sitechecker.pro\/wp-content\/uploads\/2024\/08\/check-titles-for-site.png\" alt=\"V\u00e9rifier les titres du site\" class=\"description-img description-img-zoom\" loading=\"lazy\" ><\/div>\n<div class=\"important-block\">Pour recevoir les r\u00e9sultats et acc\u00e9der aux fonctionnalit\u00e9s de Sitechecker pendant 14 jours, d\u00e9marrez votre essai GRATUIT. L'inscription est facile avec votre e-mail, votre compte Google ou Facebook. Aucune carte de cr\u00e9dit n'est n\u00e9cessaire.<\/div>\n<h3>\u00c9tape 2\u00a0:\u00a0Obtenez le r\u00e9sultat du moteur de recherche de titre de site Web<\/h3>\n<p>Une analyse de domaine avec Sitechecker est accompagn\u00e9e d&#8217;un audit gratuit de l&#8217;ensemble du site qui r\u00e9pertorie toutes les URL pr\u00e9sentant des probl\u00e8mes de balise de titre. Cela vous aide \u00e0 r\u00e9soudre le probl\u00e8me pour l&#8217;ensemble de votre site Web et \u00e0 \u00e9viter de nouveaux probl\u00e8mes. Cliquez sur un probl\u00e8me et obtenez une liste des pages endommag\u00e9es ainsi que des instructions sur la fa\u00e7on de les r\u00e9soudre. Cela fait de Sitechecker un outil efficace pour la v\u00e9rification en masse des balises de titre.<\/p>\n<div class=\"content__img-wrap\"><img src=\"https:\/\/sitechecker.pro\/wp-content\/uploads\/2024\/08\/content-relevance-issues.png\" alt=\"Probl\u00e8mes de pertinence du contenu\" class=\"description-img description-img-zoom\" loading=\"lazy\" ><\/div>\n<div class=\"content__img-wrap\"><img src=\"https:\/\/sitechecker.pro\/wp-content\/uploads\/2024\/08\/title-too-long-issue.png\" alt=\"Probl\u00e8me de titre trop long\" class=\"description-img description-img-zoom\" loading=\"lazy\" ><\/div>\n<p>Pour examiner le titre d&#8217;une page, cliquez sur \u00ab\u00a0Afficher toutes les pages\u00a0\u00bb.<\/p>\n<p>Sitechecker n&#8217;examine pas seulement une seule page Web ; il examine l&#8217;ensemble de votre site Web, en collectant des donn\u00e9es pour n&#8217;importe quelle URL. Pour collecter les d\u00e9tails des balises de m\u00e9ta-titres SEO pour plusieurs pages de votre site Web, utilisez simplement le filtre Toutes les pages HTML pour identifier l&#8217;URL qui suscite votre int\u00e9r\u00eat.<\/p>\n<div class=\"content__img-wrap\"><img src=\"https:\/\/sitechecker.pro\/wp-content\/uploads\/2024\/08\/all-html-pages-filter.png\" alt=\"Filtre Toutes les pages HTML\" class=\"description-img description-img-zoom\" loading=\"lazy\" ><\/div>\n<p>De plus, vous pouvez utiliser la fonction Recherche par cat\u00e9gorie pour identifier les probl\u00e8mes li\u00e9s au titre affectant plusieurs pages de votre site Web. Choisissez l&#8217;onglet Cat\u00e9gorie et indiquez le probl\u00e8me sp\u00e9cifique que vous cherchez \u00e0 r\u00e9soudre, par exemple, \u00ab titre \u00bb. La recherche identifiera ensuite les probl\u00e8mes pertinents sur votre site Web.<\/p>\n<div class=\"content__img-wrap\"><img src=\"https:\/\/sitechecker.pro\/wp-content\/uploads\/2024\/08\/filter-by-category.png\" alt=\"Filtrer par cat\u00e9gorie\" class=\"description-img description-img-zoom\" loading=\"lazy\" ><\/div>\n<p>La s\u00e9lection d&#8217;un probl\u00e8me particulier vous dirige vers une page d\u00e9di\u00e9e. Elle comporte un statut indiqu\u00e9 par couleur\u00a0: le rouge repr\u00e9sente un probl\u00e8me critique, l&#8217;orange repr\u00e9sente un avertissement et le bleu, un avis. Cette page affiche des instructions sur la fa\u00e7on de rem\u00e9dier au probl\u00e8me, une liste compl\u00e8te des URL concern\u00e9es et le bouton permettant d&#8217;inspecter le code de la page ou de r\u00e9aliser un audit complet sur la page. Vous pouvez utiliser des outils tels que le <a href=\"https:\/\/sitechecker.pro\/duplicate-content\/\" data-wpil-monitor-id=\"31\">v\u00e9rificateur de titres en double<\/a> pour identifier tout probl\u00e8me li\u00e9 aux balises de titre.<\/p>\n<div class=\"content__img-wrap\"><img src=\"https:\/\/sitechecker.pro\/wp-content\/uploads\/2024\/08\/title-duplicates-issue.png\" alt=\"Title Duplicates Issue\" class=\"description-img description-img-zoom\" loading=\"lazy\" ><\/div>\n<p>En conclusion, vous pouvez t\u00e9l\u00e9charger un rapport complet avec la description des probl\u00e8mes et des URL concern\u00e9es. Cette fonctionnalit\u00e9 sera utile aux freelances SEO (professionnels d&#8217;agence) qui ont besoin de montrer des donn\u00e9es \u00e0 leurs clients, ou aux experts internes souhaitant distribuer des donn\u00e9es aux membres de l&#8217;\u00e9quipe.Vous pouvez \u00e9galement exporter des donn\u00e9es pour les d\u00e9veloppeurs. Il suffit de placer les donn\u00e9es export\u00e9es dans la t\u00e2che technique (TT), ce qui leur permet de s&#8217;attaquer aux probl\u00e8mes.<\/p>\n<div class=\"content__img-wrap\"><img src=\"https:\/\/sitechecker.pro\/wp-content\/uploads\/2024\/08\/export-data.png\" alt=\"Exporter les donn\u00e9es\" class=\"description-img description-img-zoom\" loading=\"lazy\" ><\/div>\n<p>Certaines des autres fonctionnalit\u00e9s fournies avec le scanner de balises de titre de domaine\/site Web<\/p>\n<p>Sur la page de r\u00e9sum\u00e9 de l&#8217;audit du site, vous trouverez \u00e9galement une liste compl\u00e8te des probl\u00e8mes internes de votre site Web.<\/p>\n<p>Vous pouvez filtrer les probl\u00e8mes par type, tels que les probl\u00e8mes critiques, les avertissements, les opportunit\u00e9s et les avis. Vous pouvez \u00e9galement les trier par cat\u00e9gories, par exemple, les liens, l&#8217;indexabilit\u00e9 ou la pertinence du contenu. Cela permet de se concentrer beaucoup plus facilement sur la r\u00e9paration des probl\u00e8mes qui auront le plus d&#8217;impact sur le succ\u00e8s de votre site Web.<\/p>\n<div class=\"content__img-wrap\"><img src=\"https:\/\/sitechecker.pro\/wp-content\/uploads\/2024\/08\/issues-list_66c774ec55522.png\" alt=\"Liste des probl\u00e8mes\" class=\"description-img description-img-zoom\" loading=\"lazy\" ><\/div>\n<h2 id=\"par4\">V\u00e9rificateur de titre de page<\/h2>\n<h3>\u00c9tape 1\u00a0: cliquez sur V\u00e9rifier la v\u00e9rification de la page pour lancer l&#8217;analyse<\/h3>\n<div class=\"content__img-wrap\"><img src=\"https:\/\/sitechecker.pro\/wp-content\/uploads\/2024\/08\/check-title-for-page.png\" alt=\"V\u00e9rifier le titre de la page\" class=\"description-img description-img-zoom\" loading=\"lazy\" ><\/div>\n<h3>\u00c9tape 2\u00a0: Analyse des r\u00e9sultats<\/h3>\n<p>L&#8217;URL que vous avez saisie dans notre outil sera explor\u00e9e afin d&#8217;obtenir des donn\u00e9es. Le processus prend quelques instants. Apr\u00e8s cela, vous d\u00e9couvrirez la balise de titre, le nombre de balises de titre pr\u00e9sentes sur la page, la longueur de l&#8217;en-t\u00eate et si le titre est \u00e9gal \u00e0 H1.<\/p>\n<div class=\"content__img-wrap\"><img src=\"https:\/\/sitechecker.pro\/wp-content\/uploads\/2024\/08\/review-results.png\" alt=\"R\u00e9sultats de l'examen\" class=\"description-img description-img-zoom\" loading=\"lazy\" ><\/div>\n<p>Pour examiner tous les m\u00e9ta-titres de votre site, utilisez le bouton \u00ab\u00a0Ex\u00e9cuter un audit complet du site Web\u00a0\u00bb figurant sur la banni\u00e8re pour une analyse compl\u00e8te.<\/p>\n<p>Explorez les fonctionnalit\u00e9s de l&#8217;outil via un projet de d\u00e9monstration en cliquant sur \u00ab\u00a0Audit du site\u00a0\u00bb et en s\u00e9lectionnant l&#8217;option de d\u00e9monstration.<\/p>\n<div class=\"content__img-wrap\"><img src=\"https:\/\/sitechecker.pro\/wp-content\/uploads\/2024\/08\/run-full-audit.png\" alt=\"Ex\u00e9cuter un audit complet du site Web\" class=\"description-img description-img-zoom\" loading=\"lazy\" ><\/div>\n<h2 id=\"par5\">Fonctionnalit\u00e9s suppl\u00e9mentaires<\/h2>\n<p>Le v\u00e9rificateur de titres optimis\u00e9 pour le r\u00e9f\u00e9rencement offre une analyse compl\u00e8te qui confirme le statut HTTP r\u00e9ussi et mesure la taille du contenu HTML. Il garantit que les m\u00e9ta-titres et les <a href=\"https:\/\/sitechecker.pro\/meta-tag-description\/\" target=\"_blank\" rel=\"noopener noreferrer\">descriptions<\/a> sont d&#8217;une longueur optimale selon les normes des moteurs de recherche et \u00e9value les temps de chargement des pages pour une exp\u00e9rience utilisateur am\u00e9lior\u00e9e sur mobile et sur ordinateur via PageSpeed \u200b\u200bInsights. Cet outil est essentiel pour optimiser le r\u00e9f\u00e9rencement en examinant les \u00e9l\u00e9ments cruciaux des pages Web afin de renforcer les performances et la visibilit\u00e9.<\/p>\n<div class=\"content__img-wrap\"><img src=\"https:\/\/sitechecker.pro\/wp-content\/uploads\/2024\/08\/issues-overview-1.png\" alt=\"Issues Overview\" class=\"description-img description-img-zoom\" loading=\"lazy\" ><\/div>\n<h2 id=\"par6\">Remarques finales<\/h2>\n<p>Pour r\u00e9sumer, Website Meta Title Checker est crucial dans le paysage num\u00e9rique concurrentiel moderne. Ses fonctions vont au-del\u00e0 de la simple v\u00e9rification de la pr\u00e9sence et de la qualit\u00e9 des balises m\u00e9ta-titres. En tant qu&#8217;outil essentiel pour la sant\u00e9 SEO de votre site Web, il d\u00e9tecte les probl\u00e8mes potentiels et fournit des informations exploitables pour am\u00e9liorer le classement de votre site Web dans les moteurs de recherche, le taux de clics et l&#8217;exp\u00e9rience utilisateur.<\/p>\n<div id=\"par7\"><\/div>\n<p><div class=\"front__faq-block\"><div class=\"faq__block-title\">FAQ<\/div><div class=\"panel-group\" id=\"faq-accordion\" itemscope itemtype=\"https:\/\/schema.org\/FAQPage\" role=\"tablist\" aria-multiselectable=\"true\"><div class=\"panel\" itemscope itemtype=\"https:\/\/schema.org\/Question\" itemprop=\"mainEntity\">\n                            <div class=\"panel-heading\" id=\"headingFaq-1\">\n                                <div class=\"panel-title\" data-toggle=\"collapse\" aria-expanded=\"false\" href=\"#collapseFaq-1\">\n                                    <h3 itemprop=\"name\">Comment trouver une balise de titre ?<\/h3>\n                                <\/div>\n                            <\/div>\n                            <div id=\"collapseFaq-1\" class=\"panel-collapse collapse\" itemprop=\"acceptedAnswer\" itemscope itemtype=\"http:\/\/schema.org\/Answer\">\n                                <div class=\"panel-body\" itemprop=\"text\">Pour utiliser l'outil de v\u00e9rification de titre SEO, choisissez simplement d'analyser une page sp\u00e9cifique ou un domaine entier ; ins\u00e9rez leur URL dans le champ pr\u00e9vu \u00e0 cet effet. L'outil analysera en profondeur la balise de m\u00e9ta-titre de l'URL s\u00e9lectionn\u00e9e, vous fournissant un rapport d\u00e9taill\u00e9 qui comprend tous les probl\u00e8mes identifi\u00e9s et des informations pertinentes.<\/div>\n                            <\/div>\n                        <\/div><div class=\"panel\" itemscope itemtype=\"https:\/\/schema.org\/Question\" itemprop=\"mainEntity\">\n                            <div class=\"panel-heading\" id=\"headingFaq-2\">\n                                <div class=\"panel-title\" data-toggle=\"collapse\" aria-expanded=\"false\" href=\"#collapseFaq-2\">\n                                    <h3 itemprop=\"name\">Combien de caract\u00e8res (pixels) comporte une balise de titre ?<\/h3>\n                                <\/div>\n                            <\/div>\n                            <div id=\"collapseFaq-2\" class=\"panel-collapse collapse\" itemprop=\"acceptedAnswer\" itemscope itemtype=\"http:\/\/schema.org\/Answer\">\n                                <div class=\"panel-body\" itemprop=\"text\">Conform\u00e9ment aux pratiques SEO standard, il est g\u00e9n\u00e9ralement conseill\u00e9 qu'une balise de titre comporte entre 50 et 60 caract\u00e8res ou environ 600 pixels de longueur. Cela peut \u00eatre facilement v\u00e9rifi\u00e9 \u00e0 l'aide de notre v\u00e9rificateur de longueur de titre SEO.<\/div>\n                            <\/div>\n                        <\/div><div class=\"panel\" itemscope itemtype=\"https:\/\/schema.org\/Question\" itemprop=\"mainEntity\">\n                            <div class=\"panel-heading\" id=\"headingFaq-3\">\n                                <div class=\"panel-title\" data-toggle=\"collapse\" aria-expanded=\"false\" href=\"#collapseFaq-3\">\n                                    <h3 itemprop=\"name\">A quoi sert un test de m\u00e9ta-titre ?<\/h3>\n                                <\/div>\n                            <\/div>\n                            <div id=\"collapseFaq-3\" class=\"panel-collapse collapse\" itemprop=\"acceptedAnswer\" itemscope itemtype=\"http:\/\/schema.org\/Answer\">\n                                <div class=\"panel-body\" itemprop=\"text\">Le Sitechecker analyse la pr\u00e9sence de balises m\u00e9ta, leur nombre, leur contenu et leur longueur sur votre site Web. Il joue un r\u00f4le crucial dans l'am\u00e9lioration de la sant\u00e9 SEO de votre site Web en v\u00e9rifiant les mots cl\u00e9s pertinents, en confirmant la conformit\u00e9 du titre avec la longueur de caract\u00e8res recommand\u00e9e et en identifiant tout probl\u00e8me li\u00e9 aux balises de titre. L'objectif final est d'am\u00e9liorer le classement de votre site Web dans les moteurs de recherche, d'augmenter le taux de clics et d'am\u00e9liorer l'exp\u00e9rience utilisateur globale.<\/div>\n                            <\/div>\n                        <\/div><div class=\"panel\" itemscope itemtype=\"https:\/\/schema.org\/Question\" itemprop=\"mainEntity\">\n                            <div class=\"panel-heading\" id=\"headingFaq-4\">\n                                <div class=\"panel-title\" data-toggle=\"collapse\" aria-expanded=\"false\" href=\"#collapseFaq-4\">\n                                    <h3 itemprop=\"name\">L'outil suit-il les modifications apport\u00e9es \u00e0 mes balises m\u00e9ta ?<\/h3>\n                                <\/div>\n                            <\/div>\n                            <div id=\"collapseFaq-4\" class=\"panel-collapse collapse\" itemprop=\"acceptedAnswer\" itemscope itemtype=\"http:\/\/schema.org\/Answer\">\n                                <div class=\"panel-body\" itemprop=\"text\">Absolument, le v\u00e9rificateur de balises de titre est con\u00e7u pour surveiller toutes les modifications apport\u00e9es aux balises m\u00e9ta sur vos pages Web. Cette fonction de suivi des modifications vous permet de rester \u00e0 jour avec la nature dynamique du contenu de votre site Web et son impact sur vos performances SEO.<\/div>\n                            <\/div>\n                        <\/div><div class=\"panel\" itemscope itemtype=\"https:\/\/schema.org\/Question\" itemprop=\"mainEntity\">\n                            <div class=\"panel-heading\" id=\"headingFaq-5\">\n                                <div class=\"panel-title\" data-toggle=\"collapse\" aria-expanded=\"false\" href=\"#collapseFaq-5\">\n                                    <h3 itemprop=\"name\">Avec quels autres outils de r\u00e9f\u00e9rencement le v\u00e9rificateur de titre s'int\u00e8gre-t-il ?<\/h3>\n                                <\/div>\n                            <\/div>\n                            <div id=\"collapseFaq-5\" class=\"panel-collapse collapse\" itemprop=\"acceptedAnswer\" itemscope itemtype=\"http:\/\/schema.org\/Answer\">\n                                <div class=\"panel-body\" itemprop=\"text\">Notre outil fait partie d'une suite plus large d'outils SEO Sitechecker. Ces outils offrent un large \u00e9ventail de fonctionnalit\u00e9s, notamment un audit d\u00e9taill\u00e9 du site Web, le suivi du classement, la surveillance des backlinks, etc. Cet ensemble complet de fonctionnalit\u00e9s offre une solution compl\u00e8te pour vos besoins SEO.<\/div>\n                            <\/div>\n                        <\/div><\/div><\/div><\/p>","protected":false},"excerpt":{"rendered":"Qu&#8217;est-ce que Meta Title Tag Checker\u00a0? Le v\u00e9rificateur de titres de sites Web de Sitechecker est un outil con\u00e7u pour \u00e9valuer l&#8217;efficacit\u00e9 SEO des balises m\u00e9ta-titres sur les pages Web. Il analyse les titres en termes de longueur, de pertinence et d&#8217;optimisation des mots cl\u00e9s, identifie les probl\u00e8mes et sugg\u00e8re des am\u00e9liorations pour am\u00e9liorer la&#8230;","protected":false},"author":10409641,"featured_media":3432,"parent":0,"menu_order":0,"comment_status":"closed","ping_status":"closed","template":"pages-templates\/pages-minitools-3.php","meta":[],"categories":[70],"tags":[],"_links":{"self":[{"href":"https:\/\/sitechecker.pro\/fr\/wp-json\/wp\/v2\/pages\/543"}],"collection":[{"href":"https:\/\/sitechecker.pro\/fr\/wp-json\/wp\/v2\/pages"}],"about":[{"href":"https:\/\/sitechecker.pro\/fr\/wp-json\/wp\/v2\/types\/page"}],"author":[{"embeddable":true,"href":"https:\/\/sitechecker.pro\/fr\/wp-json\/wp\/v2\/users\/10409641"}],"replies":[{"embeddable":true,"href":"https:\/\/sitechecker.pro\/fr\/wp-json\/wp\/v2\/comments?post=543"}],"version-history":[{"count":126,"href":"https:\/\/sitechecker.pro\/fr\/wp-json\/wp\/v2\/pages\/543\/revisions"}],"predecessor-version":[{"id":39279,"href":"https:\/\/sitechecker.pro\/fr\/wp-json\/wp\/v2\/pages\/543\/revisions\/39279"}],"wp:featuredmedia":[{"embeddable":true,"href":"https:\/\/sitechecker.pro\/fr\/wp-json\/wp\/v2\/media\/3432"}],"wp:attachment":[{"href":"https:\/\/sitechecker.pro\/fr\/wp-json\/wp\/v2\/media?parent=543"}],"wp:term":[{"taxonomy":"category","embeddable":true,"href":"https:\/\/sitechecker.pro\/fr\/wp-json\/wp\/v2\/categories?post=543"},{"taxonomy":"post_tag","embeddable":true,"href":"https:\/\/sitechecker.pro\/fr\/wp-json\/wp\/v2\/tags?post=543"}],"curies":[{"name":"wp","href":"https:\/\/api.w.org\/{rel}","templated":true}]}}