{"id":5313,"date":"2019-02-08T12:18:57","date_gmt":"2019-02-08T12:18:57","guid":{"rendered":"https:\/\/sitechecker.pro\/?page_id=5313"},"modified":"2025-02-27T15:18:49","modified_gmt":"2025-02-27T15:18:49","slug":"redirect-checker","status":"publish","type":"page","link":"https:\/\/sitechecker.pro\/fr\/redirect-checker\/","title":{"rendered":"Redirect Checker | Test de redirection pour une URL ou un site web \u2611"},"content":{"rendered":"<p><\/p>\n<h2 id=\"par1\">Qu&#8217;est-ce que le v\u00e9rificateur de redirection\u00a0?<\/h2>\n<p>Un v\u00e9rificateur de redirection d&#8217;URL est un outil utilis\u00e9 pour identifier et analyser le chemin complet vers lequel m\u00e8ne une URL redirig\u00e9e. Il examine les codes d&#8217;\u00e9tat HTTP, tels que 301 ou 302, pour d\u00e9terminer le type de redirection (permanente ou temporaire) et aide \u00e0 identifier les <a href=\"https:\/\/sitechecker.pro\/what-are-3xx-status-codes\/\" target=\"_blank\" rel=\"noopener noreferrer\">cha\u00eenes 3xx<\/a> de redirection.<\/p>\n<p>L&#8217;outil permet d&#8217;analyser toutes les URL de sites Web ou des URL distinctes.<\/p>\n<h3>Un v\u00e9rificateur de cha\u00eene de redirection peut vous aider de plusieurs mani\u00e8res\u00a0:<\/h3>\n<ul>\n<li><strong>Assurer une redirection appropri\u00e9e. <\/strong>Certains, comme 301 ou 302, indiquent le changement d&#8217;URL d&#8217;une page Web. Cet outil v\u00e9rifie les codes d&#8217;\u00e9tat et identifie le type de redirection exact, garantissant que les anciennes URL m\u00e8nent correctement aux nouvelles pour conserver le trafic.<\/li>\n<li><strong>D\u00e9tecter et r\u00e9soudre les probl\u00e8mes de redirection. <\/strong>Vous pouvez utiliser cet outil pour diagnostiquer et r\u00e9soudre des probl\u00e8mes tels que des boucles de changement de chemin ou des cha\u00eenes trop longues, qui peuvent avoir un impact n\u00e9gatif sur l&#8217;exp\u00e9rience utilisateur et le r\u00e9f\u00e9rencement.<\/li>\n<li><strong>Analyser les liens tiers. <\/strong>Si vous cr\u00e9ez un lien vers un site externe, vous pouvez utiliser cet outil pour voir o\u00f9 m\u00e8ne r\u00e9ellement cette URL. Parfois, une URL peut passer par plusieurs adresses de r\u00e9adressage avant d&#8217;atteindre la page finale, et cette page peut \u00eatre diff\u00e9rente de ce que vous attendiez.<\/li>\n<li><strong>Pr\u00e9venir les risques de s\u00e9curit\u00e9. <\/strong>Vous pouvez utiliser cet outil pour vous assurer que votre site Web ne change pas de chemin vers des sites malveillants, ce qui peut se produire si votre site est pirat\u00e9.<\/li>\n<li><strong>Redirection HTTP vers HTTPS. <\/strong>Il peut confirmer que tout le trafic HTTP est correctement redirig\u00e9 vers HTTPS. Ceci est essentiel pour s\u00e9curiser les donn\u00e9es utilisateur et renforcer la confiance des utilisateurs.<\/li>\n<li><strong>Analyse compl\u00e8te des redirections.<\/strong>Cet outil peut auditer enti\u00e8rement tous les liens internes et externes de votre site Web. En analysant chaque lien, il garantit que toutes les redirections fonctionnent correctement et efficacement, contribuant ainsi \u00e0 optimiser les performances globales du site.<\/li>\n<\/ul>\n<h3>Principales fonctionnalit\u00e9s du v\u00e9rificateur de redirection d&#8217;URL\u00a0:<\/h3>\n<ol>\n<li><strong>Tableau de bord unifi\u00e9.<\/strong>Cette fonctionnalit\u00e9 fournit un emplacement central o\u00f9 vous pouvez surveiller toutes les donn\u00e9es et informations importantes sur les redirections de votre site Web. Il peut inclure des informations d\u00e9taill\u00e9es sur vos adresses de r\u00e9adressage, des rapports d&#8217;erreur, des visualisations de donn\u00e9es, etc. Un tableau de bord unifi\u00e9 est essentiel pour une gestion efficace et facile.<\/li>\n<li><strong>Interface conviviale.<\/strong>Cela garantit que l&#8217;outil est facile \u00e0 utiliser, m\u00eame pour les personnes sans expertise technique. Cela peut impliquer une navigation intuitive, un \u00e9tiquetage clair, des infobulles utiles, etc. Une interface conviviale vous permet de trouver et d&#8217;utiliser plus facilement les fonctionnalit\u00e9s dont vous avez besoin.<\/li>\n<li><strong>Pr\u00e9sente le chemin de redirection complet, <\/strong>illustrant le parcours complet d&#8217;un utilisateur ou d&#8217;un robot de moteur de recherche. De plus, l&#8217;identification du type de relocalisation, qu&#8217;il s&#8217;agisse de HTTP, JavaScript ou Meta Refresh, est \u00e9galement essentielle en raison de leurs impacts diff\u00e9rents. De plus, l&#8217;inclusion des informations IP du serveur peut aider \u00e0 identifier et \u00e0 r\u00e9soudre les probl\u00e8mes au niveau du serveur.<\/li>\n<li><strong>Ensemble complet d&#8217;outils de r\u00e9f\u00e9rencement. <\/strong>En plus de v\u00e9rifier les redirections, un ensemble complet d&#8217;outils de r\u00e9f\u00e9rencement peut inclure des fonctionnalit\u00e9s pour la recherche de mots cl\u00e9s, l&#8217;analyse des backlinks, l&#8217;<a href=\"https:\/\/sitechecker.pro\/on-page-seo-checker\/\" target=\"_blank\" rel=\"noopener noreferrer\">analyse SEO sur la page<\/a>, le <a href=\"https:\/\/sitechecker.pro\/rank-tracker\/\" target=\"_blank\" rel=\"noopener noreferrer\">suivi des classements<\/a>, les <a href=\"https:\/\/sitechecker.pro\/\" target=\"_blank\" rel=\"noopener noreferrer\">audits de sites<\/a>, et bien plus encore. Ces fonctionnalit\u00e9s peuvent vous aider \u00e0 am\u00e9liorer la visibilit\u00e9 de votre site dans les r\u00e9sultats des moteurs de recherche, en g\u00e9n\u00e9rant plus de <a href=\"https:\/\/sitechecker.pro\/what-is-organic-traffic\/\" target=\"_blank\" rel=\"noopener noreferrer\">trafic organique<\/a> vers votre site.<\/li>\n<\/ol>\n<h2 id=\"par2\">Comment utiliser le v\u00e9rificateur de redirection<\/h2>\n<p>Le v\u00e9rificateur de redirection 301 permet d&#8217;examiner \u00e0 la fois des URL sp\u00e9cifiques et l&#8217;ensemble du site Web pour d\u00e9tecter les changements de chemin et les redirections. L&#8217;analyse ne prendra que quelques secondes. Une fois l&#8217;analyse termin\u00e9e, vous aurez la possibilit\u00e9 de voir et de suivre tous les probl\u00e8mes d\u00e9tect\u00e9s, offrant une vue compl\u00e8te des URL individuelles et du site dans son ensemble.<\/p>\n<div class=\"content__img-wrap\"><img src=\"https:\/\/sitechecker.pro\/wp-content\/uploads\/2024\/08\/Selector-General-min.png\" alt=\"V\u00e9rificateur de redirection d'URL de domaine\" class=\"description-img description-img-zoom\" loading=\"lazy\" ><\/div>\n<h2 id=\"par3\">V\u00e9rification de domaine<\/h2>\n<h3>\u00c9tape 1\u00a0:\u00a0Ins\u00e9rez votre domaine dans la barre de recherche<\/h3>\n<p>Pour v\u00e9rifier un domaine, appuyez sur le bouton \u00ab\u00a0V\u00e9rifier le domaine\u00a0\u00bb, saisissez le nom de domaine et appuyez sur le bouton \u00ab\u00a0V\u00e9rifier la redirection\u00a0\u00bb\u00a0:<\/p>\n<div class=\"content__img-wrap\"><img src=\"https:\/\/sitechecker.pro\/wp-content\/uploads\/2024\/08\/2-Websire-redirect-Check-min.png\" alt=\"V\u00e9rificateur de redirection d'URL\" class=\"description-img description-img-zoom\" loading=\"lazy\" ><\/div>\n<div class=\"important-block\">Commencez votre essai GRATUIT pour obtenir des r\u00e9sultats et acc\u00e9der aux fonctionnalit\u00e9s de Sitechecker pendant 14 jours. Inscrivez-vous facilement en utilisant votre e-mail, votre compte Google ou Facebook. Aucune carte de cr\u00e9dit requise.<\/div>\n<h3>\u00c9tape 2\u00a0: Interpr\u00e9ter les r\u00e9sultats du v\u00e9rificateur de redirection de domaine<\/h3>\n<p>L&#8217;analyse que vous effectuez g\u00e9n\u00e8re un audit de site pour le domaine que vous saisissez, r\u00e9v\u00e9lant divers probl\u00e8mes, tels que 301, HTTPS vers HTTP, changements de chemin 302, etc.<\/p>\n<div class=\"content__img-wrap\"><img src=\"https:\/\/sitechecker.pro\/wp-content\/uploads\/2023\/08\/site-audit-redirects.png\" alt=\"Redirections d'audit de site\" class=\"description-img description-img-zoom\" loading=\"lazy\" ><\/div>\n<p>Cliquez simplement sur \u00ab\u00a0La page contient des liens internes vers des pages 3xx\u00a0\u00bb, et vous aurez la possibilit\u00e9 d&#8217;afficher la liste\u00a0:<\/p>\n<div class=\"content__img-wrap\"><img src=\"https:\/\/sitechecker.pro\/wp-content\/uploads\/2023\/08\/internal-3xx-links.png\" alt=\"Liens internes 3xx\" class=\"description-img description-img-zoom\" loading=\"lazy\" ><\/div>\n<p>Apr\u00e8s cela, cliquez sur le bouton \u00ab\u00a0Afficher les liens internes\u00a0\u00bb pour ouvrir une liste de pages de site avec des codes d&#8217;\u00e9tat\u00a0:<\/p>\n<div class=\"content__img-wrap\"><img src=\"https:\/\/sitechecker.pro\/wp-content\/uploads\/2023\/08\/internal-links-status-code.png\" alt=\"Code d'\u00e9tat des liens internes\" class=\"description-img description-img-zoom\" loading=\"lazy\" ><\/div>\n<h3>Fonctionnalit\u00e9s suppl\u00e9mentaires du v\u00e9rificateur de redirection de site Web<\/h3>\n<p>Apr\u00e8s avoir v\u00e9rifi\u00e9 le domaine, vous recevrez un rapport d&#8217;audit complet du site Web qui vous aidera \u00e0 identifier diff\u00e9rents types de probl\u00e8mes. Le rapport fournira \u00e9galement des instructions sur la fa\u00e7on de r\u00e9soudre les probl\u00e8mes identifi\u00e9s. De plus, vous pouvez observer les probl\u00e8mes par type ou cat\u00e9gorie de probl\u00e8me, ce qui vous permet de cibler et de r\u00e9soudre rapidement les probl\u00e8mes les plus importants pour le succ\u00e8s de votre site Web.<\/p>\n<div class=\"content__img-wrap\"><img src=\"https:\/\/sitechecker.pro\/wp-content\/uploads\/2023\/08\/issues-list.png\" alt=\"Liste des probl\u00e8mes\" class=\"description-img description-img-zoom\" loading=\"lazy\" ><\/div>\n<p>Un v\u00e9rificateur de boucle de redirection avanc\u00e9 est livr\u00e9 avec un ensemble de fonctionnalit\u00e9s suppl\u00e9mentaires qui facilitent un audit complet des adresses de r\u00e9adressage de votre site Web.<\/p>\n<p>Lorsque vous s\u00e9lectionnez l&#8217;option \u00ab\u00a0Afficher toutes les pages concern\u00e9es\u00a0\u00bb\u00a0:<\/p>\n<div class=\"content__img-wrap\"><img src=\"https:\/\/sitechecker.pro\/wp-content\/uploads\/2023\/08\/all-affected-pages.png\" alt=\"Toutes les pages affect\u00e9es\" class=\"description-img description-img-zoom\" loading=\"lazy\" ><\/div>\n<p>L&#8217;outil pr\u00e9sente une liste d\u00e9taill\u00e9e de toutes les URL du site Web ainsi que de tous les probl\u00e8mes associ\u00e9s.<\/p>\n<div class=\"content__img-wrap\"><img src=\"https:\/\/sitechecker.pro\/wp-content\/uploads\/2023\/08\/all-html-pages_64d265269e204.png\" alt=\"Toutes les pages HTML\" class=\"description-img description-img-zoom\" loading=\"lazy\" ><\/div>\n<p>Vous pouvez d\u00e9tecter toutes les informations sur les liens (internes et externes), la pertinence du contenu, la vitesse de la page, l&#8217;indexabilit\u00e9, les redirections, le trafic de recherche, etc.<\/p>\n<p>Les probl\u00e8mes sont \u00e9galement class\u00e9s en types tels que les probl\u00e8mes critiques, les avertissements, les opportunit\u00e9s et les avis. Cette classification vous aide \u00e0 identifier rapidement la gravit\u00e9 de chaque probl\u00e8me et \u00e0 allouer efficacement vos ressources. Les critiques peuvent \u00eatre des probl\u00e8mes de redirection urgents qui n\u00e9cessitent une r\u00e9solution imm\u00e9diate, tandis que les opportunit\u00e9s peuvent \u00eatre des domaines dans lesquels votre strat\u00e9gie de redirection pourrait \u00eatre am\u00e9lior\u00e9e.<\/p>\n<div class=\"content__img-wrap\"><img src=\"https:\/\/sitechecker.pro\/wp-content\/uploads\/2023\/08\/all-html-pages-issue-type.png\" alt=\"Type de probl\u00e8me de toutes les pages HTML\" class=\"description-img description-img-zoom\" loading=\"lazy\" ><\/div>\n<p>Cette vue d&#8217;ensemble structur\u00e9e et cette classification des probl\u00e8mes vous permettent de vous concentrer plus facilement sur la r\u00e9solution des probl\u00e8mes ayant le plus grand impact sur les performances de votre site Web.<\/p>\n<p>Vous avez la possibilit\u00e9 d&#8217;affiner votre interaction avec les URL en appliquant des filtres ou en int\u00e9grant des donn\u00e9es suppl\u00e9mentaires pour des pages individuelles afin de faciliter votre processus de travail.<\/p>\n<div class=\"content__img-wrap\"><img src=\"https:\/\/sitechecker.pro\/wp-content\/uploads\/2023\/08\/all-html-pages-manage-columns.png\" alt=\"All HTML Pages Manage Coplumns\" class=\"description-img description-img-zoom\" loading=\"lazy\" ><\/div>\n<p>De plus, l&#8217;outil vous offre la flexibilit\u00e9 de capturer et de transf\u00e9rer les r\u00e9sultats du crawler en les t\u00e9l\u00e9chargeant au format PDF ou CSV, en les transf\u00e9rant vers Google Sheets ou en les copiant sans effort selon vos besoins.<\/p>\n<div class=\"content__img-wrap\"><img src=\"https:\/\/sitechecker.pro\/wp-content\/uploads\/2023\/08\/export-data.png\" alt=\"Exporter des donn\u00e9es\" class=\"description-img description-img-zoom\" loading=\"lazy\" ><\/div>\n<p>La capacit\u00e9 de t\u00e9l\u00e9charger et d&#8217;exporter les r\u00e9sultats du crawler dans divers formats s&#8217;av\u00e8re avantageuse pour les freelances et les responsables SEO, en fournissant des donn\u00e9es adaptables pour r\u00e9vision et ajustement.<\/p>\n<p>Cette caract\u00e9ristique facilite la cr\u00e9ation de rapports d\u00e9taill\u00e9s pour les clients ou les acteurs cl\u00e9s, am\u00e9liorant la transparence des d\u00e9couvertes et des plans \u00e0 venir.<\/p>\n<h2 id=\"par4\">V\u00e9rification de page<\/h2>\n<h3>\u00c9tape 1\u00a0:\u00a0Ins\u00e9rez votre URL et d\u00e9marrez \u00ab\u00a0V\u00e9rifier la redirection\u00a0\u00bb<\/h3>\n<p>Pour s\u00e9lectionner une page \u00e0 inspecter, cliquez sur le bouton correspondant sur le s\u00e9lecteur et d\u00e9marrez l&#8217;audit.<\/p>\n<div class=\"content__img-wrap\"><img src=\"https:\/\/sitechecker.pro\/wp-content\/uploads\/2024\/08\/2-Check-Page-Redirect-min.png\" alt=\"Page de v\u00e9rification de redirection URL\" class=\"description-img description-img-zoom\" loading=\"lazy\" ><\/div>\n<h3>\u00c9tape 2\u00a0:\u00a0Interpr\u00e9tation des r\u00e9sultats du v\u00e9rificateur de page<\/h3>\n<p>L&#8217;outil fournit un retour imm\u00e9diat sur le code d&#8217;\u00e9tat HTTP d&#8217;une page sp\u00e9cifi\u00e9e, confirmant sa r\u00e9cup\u00e9ration r\u00e9ussie avec un \u00e9tat de redirection ou un message \u00ab\u00a0200 OK\u00a0\u00bb.<\/p>\n<div class=\"content__img-wrap\"><img src=\"https:\/\/sitechecker.pro\/wp-content\/uploads\/2024\/08\/Redirect-Page-Result.png\" alt=\"Page Details Overview\" class=\"description-img description-img-zoom\" loading=\"lazy\" ><\/div>\n<p>Si le statut renvoie <a href=\"https:\/\/sitechecker.pro\/what-are-2xx-status-codes\/\" target=\"_blank\" rel=\"noopener noreferrer\">200<\/a> au lieu d&#8217;un code 3xx, l&#8217;inspection des liens internes et externes reste essentielle. Cela garantit qu&#8217;il n&#8217;y a pas de connexions involontaires vers des redirections sur d&#8217;autres sites Web ou dans la structure interne de votre propre site.<\/p>\n<h3>Fonctionnalit\u00e9s suppl\u00e9mentaires de Redirect Checker en ligne<\/h3>\n<p>Le v\u00e9rificateur de redirection fournit un panneau de contr\u00f4le SEO pour l&#8217;analyse et l&#8217;optimisation des liens. Il \u00e9value les liens internes et externes, identifie les probl\u00e8mes de r\u00e9f\u00e9rencement et sugg\u00e8re des am\u00e9liorations de contenu pour un meilleur engagement des utilisateurs et une meilleure pertinence de la recherche. L&#8217;outil optimise \u00e9galement le contenu visuel et structure les donn\u00e9es pour une meilleure interpr\u00e9tation des moteurs de recherche.<\/p>\n<p>Avec PageSpeed \u200b\u200bInsights, il \u00e9value les performances du site Web, cruciales pour l&#8217;exp\u00e9rience utilisateur et le classement.<\/p>\n<div class=\"content__img-wrap\"><img src=\"https:\/\/sitechecker.pro\/wp-content\/uploads\/2024\/08\/Issue-overview-min.png\" alt=\"D\u00e9tails de la page\" class=\"description-img description-img-zoom\" loading=\"lazy\" ><\/div>\n<p>Cette suite offre collectivement un audit SEO approfondi avec des informations exploitables pour renforcer la pr\u00e9sence dans les recherches.<\/p>\n<h2 id=\"par5\">Extension Chrome Sitechecker pour d\u00e9tecter les redirections<\/h2>\n<p>L&#8217;extension Chrome Sitechecker offre une fonctionnalit\u00e9 sp\u00e9cialement con\u00e7ue pour d\u00e9tecter les liens de redirection directement dans votre navigateur. En activant cette fonctionnalit\u00e9, vous pouvez analyser rapidement n&#8217;importe quelle page Web, en vous concentrant sur l&#8217;\u00e9tat des liens et en identifiant en particulier les liens avec les codes d&#8217;\u00e9tat <a href=\"https:\/\/sitechecker.pro\/301-redirect\/\" target=\"_blank\" rel=\"noopener noreferrer\">301 (d\u00e9plac\u00e9 de mani\u00e8re permanente)<\/a> et 302 (trouv\u00e9).<\/p>\n<p>Cette fonctionnalit\u00e9 excelle dans la d\u00e9tection et la correction des redirections <a href=\"https:\/\/sitechecker.pro\/broken-links\/\" target=\"_blank\" rel=\"noopener noreferrer\">rompues<\/a> ou invalides sur votre site Web. Une fois activ\u00e9e dans votre navigateur Chrome, vous pouvez facilement analyser n&#8217;importe quelle page Web, en \u00e9valuant tous les liens pour leur statut et leur validit\u00e9.<\/p>\n<div class=\"content__img-wrap\"><img src=\"https:\/\/sitechecker.pro\/wp-content\/uploads\/2023\/08\/sitechecker-extension.png\" alt=\"Extension Sitechecker\" class=\"description-img description-img-zoom\" loading=\"lazy\" ><\/div>\n<p>Cela peut \u00eatre incroyablement b\u00e9n\u00e9fique pour maintenir une exp\u00e9rience utilisateur optimale et des pratiques SEO efficaces, car cela vous permet d&#8217;identifier et de r\u00e9soudre rapidement les probl\u00e8mes qui pourraient avoir un impact sur les performances ou le classement de votre site.<\/p>\n<h2 id=\"par6\">Id\u00e9e finale<\/h2>\n<p>Le v\u00e9rificateur de redirection de domaine est un outil essentiel pour les d\u00e9veloppeurs Web et les experts SEO, permettant l&#8217;examen de la r\u00e9adresse URL, y compris les codes d&#8217;\u00e9tat 301 et 302. Il permet de garantir un changement de chemin appropri\u00e9, de diagnostiquer les probl\u00e8mes, de v\u00e9rifier les liens tiers et de maintenir la s\u00e9curit\u00e9. Les principales fonctionnalit\u00e9s comprennent un tableau de bord unifi\u00e9, une interface conviviale, un ensemble complet d&#8217;outils de r\u00e9f\u00e9rencement et la possibilit\u00e9 d&#8217;effectuer des audits d\u00e9taill\u00e9s.<\/p>\n<p>Des fonctionnalit\u00e9s suppl\u00e9mentaires, telles que l&#8217;extension Chrome Sitechecker, offrent une d\u00e9tection et une rectification am\u00e9lior\u00e9es des liens de redirection.<\/p>\n<div id=\"par7\"><\/div>\n<p><div class=\"front__faq-block\"><div class=\"faq__block-title\">FAQ<\/div><div class=\"panel-group\" id=\"faq-accordion\" itemscope itemtype=\"https:\/\/schema.org\/FAQPage\" role=\"tablist\" aria-multiselectable=\"true\"><div class=\"panel\" itemscope itemtype=\"https:\/\/schema.org\/Question\" itemprop=\"mainEntity\">\n                            <div class=\"panel-heading\" id=\"headingFaq-1\">\n                                <div class=\"panel-title\" data-toggle=\"collapse\" aria-expanded=\"false\" href=\"#collapseFaq-1\">\n                                    <h3 itemprop=\"name\">Comment le v\u00e9rificateur de redirection HTTPS aide-t-il \u00e0 la redirection HTTPS ?<\/h3>\n                                <\/div>\n                            <\/div>\n                            <div id=\"collapseFaq-1\" class=\"panel-collapse collapse\" itemprop=\"acceptedAnswer\" itemscope itemtype=\"http:\/\/schema.org\/Answer\">\n                                <div class=\"panel-body\" itemprop=\"text\">L&apos;outil peut confirmer que tout le trafic HTTP est correctement redirig\u00e9 vers HTTPS, ce qui est essentiel pour s\u00e9curiser les donn\u00e9es des utilisateurs et instaurer la confiance.<\/div>\n                            <\/div>\n                        <\/div><div class=\"panel\" itemscope itemtype=\"https:\/\/schema.org\/Question\" itemprop=\"mainEntity\">\n                            <div class=\"panel-heading\" id=\"headingFaq-2\">\n                                <div class=\"panel-title\" data-toggle=\"collapse\" aria-expanded=\"false\" href=\"#collapseFaq-2\">\n                                    <h3 itemprop=\"name\">Quels types de redirections le v\u00e9rificateur de redirection d&apos;URL peut-il identifier ?<\/h3>\n                                <\/div>\n                            <\/div>\n                            <div id=\"collapseFaq-2\" class=\"panel-collapse collapse\" itemprop=\"acceptedAnswer\" itemscope itemtype=\"http:\/\/schema.org\/Answer\">\n                                <div class=\"panel-body\" itemprop=\"text\">L&apos;outil peut identifier diverses redirections, notamment HTTP, JavaScript, Meta Refresh et les codes d&apos;\u00e9tat tels que 301 (d\u00e9plac\u00e9 de mani\u00e8re permanente), 302 (trouv\u00e9), 307 (redirection temporaire), etc.<\/div>\n                            <\/div>\n                        <\/div><div class=\"panel\" itemscope itemtype=\"https:\/\/schema.org\/Question\" itemprop=\"mainEntity\">\n                            <div class=\"panel-heading\" id=\"headingFaq-3\">\n                                <div class=\"panel-title\" data-toggle=\"collapse\" aria-expanded=\"false\" href=\"#collapseFaq-3\">\n                                    <h3 itemprop=\"name\">Comment v\u00e9rifier la redirection d&apos;un site Web ?<\/h3>\n                                <\/div>\n                            <\/div>\n                            <div id=\"collapseFaq-3\" class=\"panel-collapse collapse\" itemprop=\"acceptedAnswer\" itemscope itemtype=\"http:\/\/schema.org\/Answer\">\n                                <div class=\"panel-body\" itemprop=\"text\">Pour v\u00e9rifier les redirections 301-302 sur un site Web, vous pouvez utiliser un v\u00e9rificateur de redirection de site Web. Entrez simplement l&apos;URL que vous souhaitez v\u00e9rifier dans l&apos;outil, et il suivra le chemin des redirections, affichant des informations telles que le type de codes d&apos;\u00e9tat de r\u00e9adressage et la destination finale de l&apos;URL. Certains outils proposent \u00e9galement des extensions de navigateur pour une analyse rapide directement depuis votre navigateur.<\/div>\n                            <\/div>\n                        <\/div><\/div><\/div><\/p>","protected":false},"excerpt":{"rendered":"Qu&#8217;est-ce que le v\u00e9rificateur de redirection\u00a0? Un v\u00e9rificateur de redirection d&#8217;URL est un outil utilis\u00e9 pour identifier et analyser le chemin complet vers lequel m\u00e8ne une URL redirig\u00e9e. Il examine les codes d&#8217;\u00e9tat HTTP, tels que 301 ou 302, pour d\u00e9terminer le type de redirection (permanente ou temporaire) et aide \u00e0 identifier les cha\u00eenes 3xx&#8230;","protected":false},"author":10504980,"featured_media":5325,"parent":0,"menu_order":0,"comment_status":"closed","ping_status":"closed","template":"pages-templates\/pages-minitools-3.php","meta":[],"categories":[72],"tags":[],"_links":{"self":[{"href":"https:\/\/sitechecker.pro\/fr\/wp-json\/wp\/v2\/pages\/5313"}],"collection":[{"href":"https:\/\/sitechecker.pro\/fr\/wp-json\/wp\/v2\/pages"}],"about":[{"href":"https:\/\/sitechecker.pro\/fr\/wp-json\/wp\/v2\/types\/page"}],"author":[{"embeddable":true,"href":"https:\/\/sitechecker.pro\/fr\/wp-json\/wp\/v2\/users\/10504980"}],"replies":[{"embeddable":true,"href":"https:\/\/sitechecker.pro\/fr\/wp-json\/wp\/v2\/comments?post=5313"}],"version-history":[{"count":67,"href":"https:\/\/sitechecker.pro\/fr\/wp-json\/wp\/v2\/pages\/5313\/revisions"}],"predecessor-version":[{"id":35765,"href":"https:\/\/sitechecker.pro\/fr\/wp-json\/wp\/v2\/pages\/5313\/revisions\/35765"}],"wp:featuredmedia":[{"embeddable":true,"href":"https:\/\/sitechecker.pro\/fr\/wp-json\/wp\/v2\/media\/5325"}],"wp:attachment":[{"href":"https:\/\/sitechecker.pro\/fr\/wp-json\/wp\/v2\/media?parent=5313"}],"wp:term":[{"taxonomy":"category","embeddable":true,"href":"https:\/\/sitechecker.pro\/fr\/wp-json\/wp\/v2\/categories?post=5313"},{"taxonomy":"post_tag","embeddable":true,"href":"https:\/\/sitechecker.pro\/fr\/wp-json\/wp\/v2\/tags?post=5313"}],"curies":[{"name":"wp","href":"https:\/\/api.w.org\/{rel}","templated":true}]}}