{"id":5229,"date":"2019-02-05T11:44:32","date_gmt":"2019-02-05T11:44:32","guid":{"rendered":"https:\/\/sitechecker.pro\/?page_id=5229"},"modified":"2025-03-18T08:22:43","modified_gmt":"2025-03-18T08:22:43","slug":"what-is-cms","status":"publish","type":"page","link":"https:\/\/sitechecker.pro\/fr\/what-is-cms\/","title":{"rendered":"D\u00e9tecteur de CMS \ud83d\ude80 Identifiez le CMS utilis\u00e9 sur un site Web \u1408"},"content":{"rendered":"<p><\/p>\n<h2 id=\"par1\">Qu&#8217;est-ce que l&#8217;outil de d\u00e9tection de CMS de site Web\u00a0?<\/h2>\n<p>Le d\u00e9tecteur CMS identifie les <a href=\"https:\/\/sitechecker.pro\/cms-functions-and-definition\/\" target=\"_blank\" rel=\"noopener noreferrer\">syst\u00e8mes de gestion de contenu<\/a> qu&#8217;un site Web utilise. Vous pouvez simplement saisir le domaine du site et l&#8217;outil d\u00e9tectera le CMS. Cela rationalise le processus, car vous n&#8217;avez pas besoin d&#8217;inscriptions ou de paiements complexes.<\/p>\n<h3>Comment l&#8217;outil peut-il aider votre site Web\u00a0?<\/h3>\n<ul>\n<li><strong>Identifier le CMS du site\u00a0: <\/strong>D\u00e9terminez le syst\u00e8me de gestion de contenu utilis\u00e9 par un site Web.<\/li>\n<li><strong>Analyse le site Web \u00e0 la recherche de probl\u00e8mes techniques courants <\/strong> tels que des liens rompus, des temps de chargement de page lents et du contenu en double, qui peuvent ensuite \u00eatre r\u00e9solus pour am\u00e9liorer les performances globales du site Web et l&#8217;exp\u00e9rience utilisateur.<\/li>\n<li><strong>Offrez des informations sur les aspects du r\u00e9f\u00e9rencement <\/strong> tels que les balises m\u00e9ta, la qualit\u00e9 du contenu, la compatibilit\u00e9 mobile et d&#8217;autres <a href=\"https:\/\/sitechecker.pro\/on-page-seo-checker\/\" rel=\"noopener noreferrer\" target=\"_blank\">\u00e9l\u00e9ments sur la page<\/a> qui affectent le classement dans les recherches, aidant ainsi \u00e0 prioriser les strat\u00e9gies de r\u00e9f\u00e9rencement.<\/li>\n<\/ul>\n<h3>Principales fonctionnalit\u00e9s du d\u00e9tecteur CMS<\/h3>\n<p><strong>Tableau de bord unifi\u00e9\u00a0: <\/strong>un tableau de bord centralis\u00e9 qui affiche toutes les informations d&#8217;audit technique. Ce tableau de bord simplifie la surveillance et l&#8217;analyse, en fournissant une vue compl\u00e8te en un seul endroit.<\/p>\n<p><strong>Interface conviviale\u00a0:<\/strong> con\u00e7ue pour \u00eatre intuitive et facile \u00e0 naviguer, elle rend l&#8217;outil accessible m\u00eame \u00e0 ceux qui n&#8217;ont pas de comp\u00e9tences techniques avanc\u00e9es. Cela garantit une exp\u00e9rience utilisateur fluide.<\/p>\n<p><strong>Ensemble complet d&#8217;outils de r\u00e9f\u00e9rencement<\/strong>\u00a0: <\/strong> l&#8217;outil comprend des fonctionnalit\u00e9s ou des int\u00e9grations avec les moteurs de recherche qui offrent des informations et des recommandations pour le r\u00e9f\u00e9rencement. Cela pourrait inclure un audit des probl\u00e8mes de r\u00e9f\u00e9rencement, des suggestions d&#8217;am\u00e9liorations et l&#8217;utilisation d&#8217;autres outils d&#8217;analyse pour fournir une vue globale de l&#8217;\u00e9tat d&#8217;optimisation du site Web pour les moteurs de recherche.<\/p>\n<h2 id=\"par2\">Comment utiliser un d\u00e9tecteur CMS de site Web\u00a0?<\/h2>\n<h3>\u00c9tape\u00a01\u00a0: Ins\u00e9rez votre domaine<\/h3>\n<p>Commencer \u00e0 d\u00e9tecter les CMS est simple et rapide ! Tout ce que vous avez \u00e0 faire est de saisir votre domaine ci-dessous, et d&#8217;un simple clic sur le bouton, vous d\u00e9finirez ce que repr\u00e9sente le CMS sur ce site\u00a0:<\/p>\n<div class=\"content__img-wrap\"><img src=\"https:\/\/sitechecker.pro\/wp-content\/uploads\/2023\/12\/cms-detector.png\" alt=\"D\u00e9tecteur CMS\" class=\"description-img description-img-zoom\" loading=\"lazy\" ><\/div>\n<h3>\u00c9tape\u00a02\u00a0: r\u00e9sultats de la d\u00e9tection CMS<\/h3>\n<p>Acc\u00e9dez aux informations concernant le CMS utilis\u00e9 sur la ressource Web.<\/p>\n<div class=\"content__img-wrap\"><img src=\"https:\/\/sitechecker.pro\/wp-content\/uploads\/2023\/12\/cms-checker-results.png\" alt=\"R\u00e9sultats du v\u00e9rificateur CMS\" class=\"description-img description-img-zoom\" loading=\"lazy\" ><\/div>\n<h2 id=\"par3\">Fonctionnalit\u00e9s suppl\u00e9mentaires de l&#8217;outil de recherche CMS<\/h2>\n<p>En s\u00e9lectionnant le bouton \u00ab\u00a0D\u00e9marrer la surveillance\u00a0\u00bb et en lan\u00e7ant votre essai gratuit, vous obtiendrez un acc\u00e8s complet \u00e0 la suite compl\u00e8te d&#8217;outils pour une inspection technique de votre site Web.<\/p>\n<p>L&#8217;audit de site fournit un aper\u00e7u de la sant\u00e9 du site avec des sections \u00ab Critiques \u00bb, \u00ab Avertissements \u00bb et \u00ab Opportunit\u00e9s \u00bb, ainsi qu&#8217;un \u00ab Score du site Web \u00bb. Une \u00ab liste de probl\u00e8mes \u00bb d\u00e9taill\u00e9e d\u00e9compose le contenu du site Web en zones sp\u00e9cifiques telles que \u00ab Liens \u00bb et \u00ab Pertinence du contenu \u00bb, indiquant la vitesse du site et le nombre de probl\u00e8mes identifi\u00e9s pour guider les efforts d&#8217;optimisation du site Web.<\/p>\n<div class=\"content__img-wrap\"><img src=\"https:\/\/sitechecker.pro\/wp-content\/uploads\/2023\/12\/cms-checker-additional-features.png\" alt=\"Fonctionnalit\u00e9s suppl\u00e9mentaires du v\u00e9rificateur CMS\" class=\"description-img description-img-zoom\" loading=\"lazy\" ><\/div>\n<h2 id=\"par4\">Conclusion<\/h2>\n<p>Le Free CMS Finder est un outil gratuit qui identifie quel syst\u00e8me de gestion de contenu se trouve sur un site Web, offrant une interface conviviale, un tableau de bord unifi\u00e9 pour l&#8217;audit, toutes les informations pertinentes et un ensemble complet d&#8217;outils de r\u00e9f\u00e9rencement. Il aide les propri\u00e9taires de sites et les responsables SEO \u00e0 d\u00e9tecter avec pr\u00e9cision le syst\u00e8me de gestion de contenu utilis\u00e9, \u00e0 identifier les probl\u00e8mes techniques et \u00e0 optimiser les strat\u00e9gies de r\u00e9f\u00e9rencement. L&#8217;utilisation est simple\u00a0: entrez un domaine pour commencer et acc\u00e9dez aux informations sur le syst\u00e8me CMS utilis\u00e9. La fonctionnalit\u00e9 Audit de site fournit des aper\u00e7us de l&#8217;\u00e9tat de sant\u00e9 et des informations d\u00e9taill\u00e9es avec une r\u00e9partition des probl\u00e8mes pour am\u00e9liorer les performances du site.<\/p>\n<div id=\"par5\"><\/div>\n<p><div class=\"front__faq-block\"><div class=\"faq__block-title\">FAQ<\/div><div class=\"panel-group\" id=\"faq-accordion\" itemscope itemtype=\"https:\/\/schema.org\/FAQPage\" role=\"tablist\" aria-multiselectable=\"true\"><div class=\"panel\" itemscope itemtype=\"https:\/\/schema.org\/Question\" itemprop=\"mainEntity\">\n                            <div class=\"panel-heading\" id=\"headingFaq-1\">\n                                <div class=\"panel-title\" data-toggle=\"collapse\" aria-expanded=\"false\" href=\"#collapseFaq-1\">\n                                    <h3 itemprop=\"name\">L&apos;analyseur CMS peut-il identifier tous les types de CMS populaires ?<\/h3>\n                                <\/div>\n                            <\/div>\n                            <div id=\"collapseFaq-1\" class=\"panel-collapse collapse\" itemprop=\"acceptedAnswer\" itemscope itemtype=\"http:\/\/schema.org\/Answer\">\n                                <div class=\"panel-body\" itemprop=\"text\">L&apos;outil est con\u00e7u pour la d\u00e9tection de CMS et fonctionne avec un large \u00e9ventail de syst\u00e8mes de gestion de contenu populaires. Il couvre les CMS les plus populaires (WordPress, Drupal, Jumla, Shopify, etc.). Pourtant, il peut y avoir des CMS moins connus ou personnalis\u00e9s qu&apos;un certain site Web utilise et qu&apos;il ne peut pas d\u00e9tecter.<\/div>\n                            <\/div>\n                        <\/div><div class=\"panel\" itemscope itemtype=\"https:\/\/schema.org\/Question\" itemprop=\"mainEntity\">\n                            <div class=\"panel-heading\" id=\"headingFaq-2\">\n                                <div class=\"panel-title\" data-toggle=\"collapse\" aria-expanded=\"false\" href=\"#collapseFaq-2\">\n                                    <h3 itemprop=\"name\">Y a-t-il une limite au nombre de pages Web de sites ou de sites Web que je peux v\u00e9rifier avec le CMS Detector ?<\/h3>\n                                <\/div>\n                            <\/div>\n                            <div id=\"collapseFaq-2\" class=\"panel-collapse collapse\" itemprop=\"acceptedAnswer\" itemscope itemtype=\"http:\/\/schema.org\/Answer\">\n                                <div class=\"panel-body\" itemprop=\"text\">L&apos;outil peut avoir des limites d&apos;utilisation, notamment pour les essais gratuits. Pour un acc\u00e8s illimit\u00e9, un abonnement peut \u00eatre n\u00e9cessaire.<\/div>\n                            <\/div>\n                        <\/div><div class=\"panel\" itemscope itemtype=\"https:\/\/schema.org\/Question\" itemprop=\"mainEntity\">\n                            <div class=\"panel-heading\" id=\"headingFaq-3\">\n                                <div class=\"panel-title\" data-toggle=\"collapse\" aria-expanded=\"false\" href=\"#collapseFaq-3\">\n                                    <h3 itemprop=\"name\">Les informations SEO fournies par l&apos;outil de d\u00e9tection CMS sont-elles exploitables ?<\/h3>\n                                <\/div>\n                            <\/div>\n                            <div id=\"collapseFaq-3\" class=\"panel-collapse collapse\" itemprop=\"acceptedAnswer\" itemscope itemtype=\"http:\/\/schema.org\/Answer\">\n                                <div class=\"panel-body\" itemprop=\"text\">Oui, les informations SEO sont destin\u00e9es \u00e0 \u00eatre exploitables, avec des recommandations claires pour am\u00e9liorer l&apos;optimisation des moteurs de recherche de votre site.<\/div>\n                            <\/div>\n                        <\/div><\/div><\/div><\/p>","protected":false},"excerpt":{"rendered":"Qu&#8217;est-ce que l&#8217;outil de d\u00e9tection de CMS de site Web\u00a0? Le d\u00e9tecteur CMS identifie les syst\u00e8mes de gestion de contenu qu&#8217;un site Web utilise. Vous pouvez simplement saisir le domaine du site et l&#8217;outil d\u00e9tectera le CMS. Cela rationalise le processus, car vous n&#8217;avez pas besoin d&#8217;inscriptions ou de paiements complexes. Comment l&#8217;outil peut-il aider&#8230;","protected":false},"author":10409641,"featured_media":5438,"parent":0,"menu_order":0,"comment_status":"closed","ping_status":"closed","template":"pages-templates\/pages-minitools.php","meta":[],"categories":[73],"tags":[],"_links":{"self":[{"href":"https:\/\/sitechecker.pro\/fr\/wp-json\/wp\/v2\/pages\/5229"}],"collection":[{"href":"https:\/\/sitechecker.pro\/fr\/wp-json\/wp\/v2\/pages"}],"about":[{"href":"https:\/\/sitechecker.pro\/fr\/wp-json\/wp\/v2\/types\/page"}],"author":[{"embeddable":true,"href":"https:\/\/sitechecker.pro\/fr\/wp-json\/wp\/v2\/users\/10409641"}],"replies":[{"embeddable":true,"href":"https:\/\/sitechecker.pro\/fr\/wp-json\/wp\/v2\/comments?post=5229"}],"version-history":[{"count":31,"href":"https:\/\/sitechecker.pro\/fr\/wp-json\/wp\/v2\/pages\/5229\/revisions"}],"predecessor-version":[{"id":36025,"href":"https:\/\/sitechecker.pro\/fr\/wp-json\/wp\/v2\/pages\/5229\/revisions\/36025"}],"wp:featuredmedia":[{"embeddable":true,"href":"https:\/\/sitechecker.pro\/fr\/wp-json\/wp\/v2\/media\/5438"}],"wp:attachment":[{"href":"https:\/\/sitechecker.pro\/fr\/wp-json\/wp\/v2\/media?parent=5229"}],"wp:term":[{"taxonomy":"category","embeddable":true,"href":"https:\/\/sitechecker.pro\/fr\/wp-json\/wp\/v2\/categories?post=5229"},{"taxonomy":"post_tag","embeddable":true,"href":"https:\/\/sitechecker.pro\/fr\/wp-json\/wp\/v2\/tags?post=5229"}],"curies":[{"name":"wp","href":"https:\/\/api.w.org\/{rel}","templated":true}]}}