{"id":4179,"date":"2020-07-21T09:42:03","date_gmt":"2020-07-21T07:42:03","guid":{"rendered":"https:\/\/sitechecker.pro\/?page_id=4179"},"modified":"2025-03-20T09:17:08","modified_gmt":"2025-03-20T09:17:08","slug":"google-cache","status":"publish","type":"page","link":"https:\/\/sitechecker.pro\/fr\/google-cache\/","title":{"rendered":"Google Cache Checker : outil en ligne pour v\u00e9rifier les pages en cache du site Web \u1408"},"content":{"rendered":"<p>Lors de la refonte, de l&#8217;am\u00e9lioration ou de la cr\u00e9ation d&#8217;une strat\u00e9gie de r\u00e9f\u00e9rencement, il est crucial de prendre en compte le <b>cache Google<\/b>. Cependant, les raisons de cela peuvent ne pas \u00eatre tout \u00e0 fait claires. Comment exactement le cache de Google peut-il influencer le r\u00e9f\u00e9rencement du site\u00a0? Comment fonctionne la mise en cache pour le site Web\u00a0? Avons-nous besoin de v\u00e9rifier r\u00e9guli\u00e8rement le cache d&#8217;un site Web ou devons-nous nous fier uniquement aux algorithmes des moteurs de recherche\u00a0?<\/p>\n<p>Pour r\u00e9pondre \u00e0 toutes ces questions, clarifions d&#8217;abord la signification du cache Google.<\/p>\n<p>Le cache Google est un <b>instantan\u00e9 d&#8217;une page Web<\/b> qui est sauvegard\u00e9 sur les serveurs. Les informations sont enregistr\u00e9es lorsque les moteurs de recherche visitent un site pour l&#8217;indexation. Ces instantan\u00e9s agissent comme des sauvegardes qui sont utilis\u00e9es pour r\u00e9pondre aux requ\u00eates des internautes. Il est plus facile pour les moteurs de recherche d&#8217;acc\u00e9der aux copies en cache que les sites Web.<\/p>\n<p>Les <a href=\"https:\/\/sitechecker.pro\/website-crawler\/\">crawlers Web<\/a> sont utilis\u00e9s pour effectuer <b>l&#8217;archivage Web<\/b>. Lorsqu&#8217;un robot d&#8217;exploration visite votre site, il le trouve via des hyperliens. Ensuite, le robot copie le contenu. Lorsque vous recherchez un mot-cl\u00e9 sur Internet, vous obtenez des liens qui peuvent vous diriger vers la version originale du site Web.<br \/>\n<div class=\"content__img-wrap\"><img src=\"https:\/\/sitechecker.pro\/wp-content\/uploads\/2022\/01\/Google-Cache-Checker-1.jpg\" alt=\"R\u00e9sultat instantan\u00e9 des fichiers d'archives Web Google\" class=\"description-img description-img-zoom\" loading=\"lazy\" ><\/div><\/p>\n<p>Fondamentalement, tous les sites mis en cache sont<b> index\u00e9s et class\u00e9s dans des indexeurs<\/b>. Mais l&#8217;indexation ne se produit pas automatiquement lorsque la page Web ou le site Web est lanc\u00e9 ou devient disponible pour les utilisateurs. Le processus prend un certain temps. Un spectateur peut obtenir des informations plus anciennes. Ainsi, vous devez acc\u00e9l\u00e9rer l&#8217;indexation afin que le nouveau contenu soit facilement accessible sur Internet.<\/p>\n<p>M\u00eame si la page Web est en ligne depuis un certain temps et que vous venez de modifier certaines informations, elle doit encore \u00eatre r\u00e9index\u00e9e. Ainsi, une nouvelle copie est cr\u00e9\u00e9e. Les r\u00e9sultats de la recherche afficheront des informations \u00e0 jour. Si vous devez supprimer une URL du cache Web de Google, utilisez Google Search Console. En <a href=\"https:\/\/support.google.com\/webmasters\/answer\/9689846?hl=en\">suivant les instructions<\/a>, vous pouvez envoyer une demande.<\/p>\n<h2 id=\"ik_Guide\">Utilisation de Google Cache Checker\u00a0: un guide \u00e9tape par \u00e9tape<\/h2>\n<p><b>Google Cache Checker<\/b> est un outil efficace qui vous aide \u00e0 d\u00e9terminer l&#8217;heure et la date \u00e0 laquelle la page a \u00e9t\u00e9 modifi\u00e9e pour la derni\u00e8re fois et enregistr\u00e9e dans le cache. De tels outils de v\u00e9rification doivent \u00eatre faciles \u00e0 utiliser car ils peuvent \u00eatre utilis\u00e9s pour diff\u00e9rentes entreprises.<\/p>\n<h3>\u00c9tape\u00a01\u00a0: Ins\u00e9rez votre URL<\/h3>\n<p>Commencez par entrer l&#8217;URL de la page qui vous int\u00e9resse. Vous pouvez v\u00e9rifier une page par demande. Nous avons choisi le domaine <a href=\"https:\/\/sitechecker.pro\/\">https:\/\/sitechecker.pro\/<\/a> comme exemple, pour vous montrer comment cela fonctionne\u00a0:<\/p>\n<div class=\"content__img-wrap\"><img src=\"https:\/\/sitechecker.pro\/wp-content\/uploads\/2022\/01\/Google-Cache-Checker-2.jpg\" alt=\"Entrez l'URL du site pour v\u00e9rifier le cache des moteurs de votre site Web\" class=\"description-img description-img-zoom\" loading=\"lazy\" ><\/div>\n<h3>\u00c9tape\u00a02\u00a0: Interpr\u00e9ter les r\u00e9sultats de Google Cache Checker<\/h3>\n<p>Une fois l&#8217;analyse termin\u00e9e, vous obtenez toutes les informations de base sur la page Web conserv\u00e9es dans Google Cache. Ces informations incluent l&#8217;URL de la page mise en cache, son<b>\u00e9tat<\/b>, ainsi que<b>l&#8217;heure et la date de sa modification. <\/b><\/p>\n<div class=\"content__img-wrap\"><img src=\"https:\/\/sitechecker.pro\/wp-content\/uploads\/2022\/01\/Google-Cache-Checker-3.jpg\" alt=\"Vous obtiendrez le r\u00e9sultat avec le statut de l'URL du site, le l'heure, et la date des derni\u00e8res modifications index\u00e9es\" class=\"description-img description-img-zoom\" loading=\"lazy\" ><\/div>\n<h2 id=\"ik_Cases\">Cas o\u00f9 l&#8217;outil Google Cache Checker est n\u00e9cessaire<\/h2>\n<p>Le <b>cache de site Web<\/b> permet \u00e0 votre site Web de se charger plus rapidement. Les visiteurs verront toutes les informations d\u00e8s qu&#8217;ils cliqueront sur un lien.<br \/>\n<div class=\"content__img-wrap\"><img src=\"https:\/\/sitechecker.pro\/wp-content\/uploads\/2022\/01\/Google-Cache-Checker-4.jpg\" alt=\"Alternative pour v\u00e9rifier si le site est encaiss\u00e9\" class=\"description-img description-img-zoom\" loading=\"lazy\" ><\/div><\/p>\n<p>Que signifie mis en cache dans la recherche Google\u00a0? Cela signifie que le bot Google a explor\u00e9 votre page et d\u00e9tect\u00e9 toutes les informations n\u00e9cessaires qui pourraient avoir un impact sur le classement.<\/p>\n<p>Cependant, les versions actuelles des sites Web peuvent \u00eatre indisponibles pour de nombreuses raisons. Ainsi, la mise en cache des anciennes versions devient utile. Ainsi, la mise en cache des anciennes versions devient utile. Par example:<\/p>\n<ol>\n<li>Le propri\u00e9taire supprime un site Web. Imaginez que vous deviez v\u00e9rifier le contenu du site Web, mais qu&#8217;il ait \u00e9t\u00e9 supprim\u00e9 r\u00e9cemment. Sa copie enregistr\u00e9e est situ\u00e9e sur un serveur avec une URL HTTPS et peut vous \u00eatre fournie rapidement.<\/li>\n<li>Congestion du trafic Internet. Ainsi, la sauvegarde des paquets de donn\u00e9es est demand\u00e9e pour acc\u00e9l\u00e9rer les processus.<\/li>\n<li>Lorsque vous avez besoin de conna\u00eetre la derni\u00e8re fois qu&#8217;un outil de recherche de robots d&#8217;exploration a visit\u00e9 le site. Il est facile de voir quand les robots de Google ont explor\u00e9 votre site pour la derni\u00e8re fois. L&#8217;heure et la date exactes appara\u00eetront en haut de la page.<\/li>\n<li>Le chargement du site est lent. Si vous r\u00e9duisez le temps entre la demande de l&#8217;utilisateur et le serveur, vous r\u00e9duisez ainsi le temps de chargement de la page du site. La vitesse du site Web augmente donc. Pour le v\u00e9rifier, utilisez l&#8217;outil de <a href=\"https:\/\/sitechecker.pro\/speed-test\/\">test de vitesse du site Web<\/a>.<\/li>\n<li>Lorsque vous souhaitez acc\u00e9der \u00e0 du contenu g\u00e9o-bloqu\u00e9.<\/li>\n<\/ol>\n<p>L&#8217;outil <b>Google Cache Checker<\/b> permet d&#8217;\u00e9viter toutes les cons\u00e9quences n\u00e9gatives car vous saurez toujours si votre page Web est disponible en ligne.<br \/>\n    <div class=\"blog__conversion blog__conversion-app element__logged_out\">\n        <div class=\"blog__conversion-inner\">\n            <p class=\"title\">V\u00e9rifier Google Cache est important mais pas suffisant pour \u00eatre assez bien class\u00e9 !<\/p>\n            <p class=\"description\">Maintenant que vous connaissez l'adresse IP de votre domaine, explorez votre site et d\u00e9couvrez toutes sortes de probl\u00e8mes qui peuvent nuire \u00e0 vos utilisateurs ou au r\u00e9f\u00e9rencement de votre site Web.<\/p>\n            <form id=\"audit__form\"\n                  class=\"article__seo-search audit__form Maintenant que vous connaissez l'adresse IP de votre domaine, explorez votre site et d\u00e9couvrez toutes sortes de probl\u00e8mes qui peuvent nuire \u00e0 vos utilisateurs ou au r\u00e9f\u00e9rencement de votre site Web.\"\n                  action=\"\"\n                  method=\"POST\"\n                  autocomplete=\"off\">\n                <span class=\"error\"><\/span>\n                <div class=\"error__limits\">Something went wrong. Please, try again later.<\/div>\n                <input name=\"url\"\n                       type=\"text\"\n                       placeholder=\"Entrez votre domaine ici\">\n                                <button type=\"submit\"\n                        class=\"sitechecker__text\">\n                    <span>Lancer l'audit<\/span>\n                    <img src=\"\/wp-content\/themes\/sitechecker\/out\/img_design\/loading.svg\"\n                         width=\"31\"\n                         height=\"30\"\n                         class=\"loading\">\n                <\/button>\n            <\/form>\n        <\/div>\n    <\/div>\n    <\/p>\n<h2>Autres fa\u00e7ons d&#8217;afficher Google Cache<\/h2>\n<p>Il existe plusieurs autres fa\u00e7ons d&#8217;afficher les <b>pages Web mises en cache<\/b>. Ces moyens sont simples et faciles \u00e0 faire.<\/p>\n<h3>1. Barre d&#8217;adresse Chrome<\/h3>\n<p>C&#8217;est simplement ce que vous tapez dans une ligne de recherche. Lorsque vous utilisez la barre d&#8217;adresse Chrome, vous devez\u00a0:<\/p>\n<ol>\n<li>Ouvrez le navigateur Chrome.<\/li>\n<li>Saisissez &#8220;cache&#8221; dans la barre d&#8217;adresse, saisissez &#8220;cache&#8221; suivi de votre adresse Web cible.<\/li>\n<li>Les r\u00e9sultats seront similaires aux r\u00e9sultats de recherche Google.<\/li>\n<\/ol>\n<div class=\"content__img-wrap\"><img src=\"https:\/\/sitechecker.pro\/wp-content\/uploads\/2022\/01\/Google-Cache-Checker-5.jpg\" alt=\"Comment v\u00e9rifier l'archivage dans Google Chrome\" class=\"description-img description-img-zoom\" loading=\"lazy\" ><\/div>\n<h3>2. Archives Web<\/h3>\n<p>Il existe une autre fa\u00e7on de rechercher le cache pour Yandex, Bing ou le moteur de recherche <a href=\"https:\/\/sitechecker.pro\/search-engines\/\">google alternatif<\/a>. \u00c0 l&#8217;exception de l&#8217;aide de Google, vous pouvez \u00e9galement voir \u00e0 quoi ressemblaient les pages Web au cours d&#8217;une p\u00e9riode donn\u00e9e. Web Archive est une organisation \u00e0 but non lucratif qui collecte des copies sauvegard\u00e9es de sites Web, diff\u00e9rentes images, vid\u00e9os, etc. L&#8217;objectif principal est de <b>fournir un archivage \u00e0 long terme<\/b> collect\u00e9 en libre acc\u00e8s pour tous les internautes. Il enregistre toutes les anciennes copies des sites Web. M\u00eame si <a href=\"https:\/\/sitechecker.pro\/domain-age\/\">l&#8217;\u00e2ge du domaine<\/a> est sup\u00e9rieur \u00e0 20\u00a0ans. Pour l&#8217;utiliser, vous devez :<\/p>\n<ol>\n<li>Ouvrir <a href=\"https:\/\/archive.org\/\">archive Web<\/a> \u00e0 l&#8217;aide d&#8217;un navigateur.<\/li>\n<li>Saisissez l&#8217;adresse Web \u00e0 laquelle vous souhaitez acc\u00e9der et cliquez sur &#8220;Aller&#8221;.<\/li>\n<li>Dans un calendrier, vous verrez plusieurs versions enregistr\u00e9es de la page Web.<\/li>\n<li>Recherchez l&#8217;option la plus pertinente.<\/li>\n<li>Si la page n&#8217;a pas d&#8217;historique archiv\u00e9, la Wayback Machine vous dira qu&#8217;elle n&#8217;existe pas.<\/li>\n<\/ol>\n<h3>3. V\u00e9rificateur de cache Google<\/h3>\n<p>Le <b>v\u00e9rificateur de cache<\/b> est un outil sp\u00e9cialis\u00e9 utilis\u00e9 pour savoir si Google indexe votre site Web. Cela aide \u00e0 comprendre quand les robots de recherche ont visit\u00e9 votre site Web pour la derni\u00e8re fois. Gr\u00e2ce aux informations re\u00e7ues, les sp\u00e9cialistes du r\u00e9f\u00e9rencement et les ma\u00eetres de site Web peuvent conclure \u00e0 quelle vitesse les pages Web et mobiles sont index\u00e9es, si le site Web a besoin de plus de <a href=\"https:\/\/sitechecker.pro\/backlinks\/\">backlinks<\/a>, et que faire pour acc\u00e9l\u00e9rer le processus.<\/p>\n<p><div class=\"front__faq-block\"><div class=\"faq__block-title\">FAQ<\/div><div class=\"panel-group\" id=\"faq-accordion\" itemscope itemtype=\"https:\/\/schema.org\/FAQPage\" role=\"tablist\" aria-multiselectable=\"true\"><div class=\"panel\" itemscope itemtype=\"https:\/\/schema.org\/Question\" itemprop=\"mainEntity\">\n                            <div class=\"panel-heading\" id=\"headingFaq-1\">\n                                <div class=\"panel-title\" data-toggle=\"collapse\" aria-expanded=\"false\" href=\"#collapseFaq-1\">\n                                    <h3 itemprop=\"name\">Qu'est-ce que Google Cache ?<\/h3>\n                                <\/div>\n                            <\/div>\n                            <div id=\"collapseFaq-1\" class=\"panel-collapse collapse\" itemprop=\"acceptedAnswer\" itemscope itemtype=\"http:\/\/schema.org\/Answer\">\n                                <div class=\"panel-body\" itemprop=\"text\">Google Cache est un espace en ligne o\u00f9 toutes les informations sur votre site Web sont stock\u00e9es. Ces informations contiennent un instantan\u00e9 de code HTML brut que le navigateur affichera afin de montrer ces informations \u00e0 l'utilisateur.<\/div>\n                            <\/div>\n                        <\/div><div class=\"panel\" itemscope itemtype=\"https:\/\/schema.org\/Question\" itemprop=\"mainEntity\">\n                            <div class=\"panel-heading\" id=\"headingFaq-2\">\n                                <div class=\"panel-title\" data-toggle=\"collapse\" aria-expanded=\"false\" href=\"#collapseFaq-2\">\n                                    <h3 itemprop=\"name\">A quoi sert la mise en cache ?<\/h3>\n                                <\/div>\n                            <\/div>\n                            <div id=\"collapseFaq-2\" class=\"panel-collapse collapse\" itemprop=\"acceptedAnswer\" itemscope itemtype=\"http:\/\/schema.org\/Answer\">\n                                <div class=\"panel-body\" itemprop=\"text\">La mise en cache cr\u00e9e une copie de toutes les informations sur un site Web ou une page Web. Cela signifie que si le site Web ou la page est en panne ou manquant, l'utilisateur peut toujours acc\u00e9der \u00e0 une page d'archive.<\/div>\n                            <\/div>\n                        <\/div><div class=\"panel\" itemscope itemtype=\"https:\/\/schema.org\/Question\" itemprop=\"mainEntity\">\n                            <div class=\"panel-heading\" id=\"headingFaq-3\">\n                                <div class=\"panel-title\" data-toggle=\"collapse\" aria-expanded=\"false\" href=\"#collapseFaq-3\">\n                                    <h3 itemprop=\"name\">Pourquoi Google v\u00e9rifie-t-il certains sites plus fr\u00e9quemment ?<\/h3>\n                                <\/div>\n                            <\/div>\n                            <div id=\"collapseFaq-3\" class=\"panel-collapse collapse\" itemprop=\"acceptedAnswer\" itemscope itemtype=\"http:\/\/schema.org\/Answer\">\n                                <div class=\"panel-body\" itemprop=\"text\">Certains sites et pages sont v\u00e9rifi\u00e9s plus fr\u00e9quemment parce que les propri\u00e9taires de sites Web Google Cache : v\u00e9rifier les pages Web mises en cachedemandent \u00e0 recacher manuellement leurs URL \u00e0 Google.<\/div>\n                            <\/div>\n                        <\/div><div class=\"panel\" itemscope itemtype=\"https:\/\/schema.org\/Question\" itemprop=\"mainEntity\">\n                            <div class=\"panel-heading\" id=\"headingFaq-4\">\n                                <div class=\"panel-title\" data-toggle=\"collapse\" aria-expanded=\"false\" href=\"#collapseFaq-4\">\n                                    <h3 itemprop=\"name\">Comment augmenter la taille du cache dans le navigateur Google Chrome ?<\/h3>\n                                <\/div>\n                            <\/div>\n                            <div id=\"collapseFaq-4\" class=\"panel-collapse collapse\" itemprop=\"acceptedAnswer\" itemscope itemtype=\"http:\/\/schema.org\/Answer\">\n                                <div class=\"panel-body\" itemprop=\"text\">Le moyen le plus rapide d'augmenter la taille du cache est de <b>remplacer le processeur actuel<\/b> par un autre qui a une plus grande capacit\u00e9.<\/div>\n                            <\/div>\n                        <\/div><\/div><\/div><\/p>","protected":false},"excerpt":{"rendered":"Lors de la refonte, de l&#8217;am\u00e9lioration ou de la cr\u00e9ation d&#8217;une strat\u00e9gie de r\u00e9f\u00e9rencement, il est crucial de prendre en compte le cache Google. Cependant, les raisons de cela peuvent ne pas \u00eatre tout \u00e0 fait claires. Comment exactement le cache de Google peut-il influencer le r\u00e9f\u00e9rencement du site\u00a0? Comment fonctionne la mise en cache&#8230;","protected":false},"author":10409641,"featured_media":4227,"parent":0,"menu_order":0,"comment_status":"closed","ping_status":"closed","template":"pages-templates\/pages-minitools.php","meta":[],"categories":[73],"tags":[],"_links":{"self":[{"href":"https:\/\/sitechecker.pro\/fr\/wp-json\/wp\/v2\/pages\/4179"}],"collection":[{"href":"https:\/\/sitechecker.pro\/fr\/wp-json\/wp\/v2\/pages"}],"about":[{"href":"https:\/\/sitechecker.pro\/fr\/wp-json\/wp\/v2\/types\/page"}],"author":[{"embeddable":true,"href":"https:\/\/sitechecker.pro\/fr\/wp-json\/wp\/v2\/users\/10409641"}],"replies":[{"embeddable":true,"href":"https:\/\/sitechecker.pro\/fr\/wp-json\/wp\/v2\/comments?post=4179"}],"version-history":[{"count":61,"href":"https:\/\/sitechecker.pro\/fr\/wp-json\/wp\/v2\/pages\/4179\/revisions"}],"predecessor-version":[{"id":36074,"href":"https:\/\/sitechecker.pro\/fr\/wp-json\/wp\/v2\/pages\/4179\/revisions\/36074"}],"wp:featuredmedia":[{"embeddable":true,"href":"https:\/\/sitechecker.pro\/fr\/wp-json\/wp\/v2\/media\/4227"}],"wp:attachment":[{"href":"https:\/\/sitechecker.pro\/fr\/wp-json\/wp\/v2\/media?parent=4179"}],"wp:term":[{"taxonomy":"category","embeddable":true,"href":"https:\/\/sitechecker.pro\/fr\/wp-json\/wp\/v2\/categories?post=4179"},{"taxonomy":"post_tag","embeddable":true,"href":"https:\/\/sitechecker.pro\/fr\/wp-json\/wp\/v2\/tags?post=4179"}],"curies":[{"name":"wp","href":"https:\/\/api.w.org\/{rel}","templated":true}]}}