{"id":349,"date":"2017-11-20T12:28:18","date_gmt":"2017-11-20T12:28:18","guid":{"rendered":"https:\/\/sitechecker.pro\/?page_id=349"},"modified":"2026-02-18T14:52:40","modified_gmt":"2026-02-18T14:52:40","slug":"h1-tag","status":"publish","type":"page","link":"https:\/\/sitechecker.pro\/fr\/h1-tag\/","title":{"rendered":"H1 Tag Checker | Find H1 on Page or All Website \u2611 (V\u00e9rifier la balise H1 sur une page ou un site web)"},"content":{"rendered":"<p><\/p>\n<h2 id=\"par1\">Qu&#8217;est-ce que le v\u00e9rificateur de balises H1\u00a0?<\/h2>\n<p>Le v\u00e9rificateur de balises H1 de <a href=\"https:\/\/sitechecker.pro\/\" target=\"_blank\" rel=\"noopener noreferrer\">Sitechecker<\/a> est un outil en ligne con\u00e7u pour analyser des pages sp\u00e9cifiques et l&#8217;ensemble d&#8217;un site afin de d\u00e9tecter la pr\u00e9sence de l&#8217;attribut <a href=\"https:\/\/sitechecker.pro\/h1-tag-requirements-writing-properly\/\" target=\"_blank\" rel=\"noopener noreferrer\">en-t\u00eate de page<\/a>. Il permet de v\u00e9rifier si vos pages web poss\u00e8dent une balise H1 d\u00e9finie et d&#8217;identifier les probl\u00e8mes li\u00e9s \u00e0 la pertinence du contenu.<\/p>\n<h3>Comment cet outil peut-il vous aider\u00a0?<\/h3>\n<p><strong>V\u00e9rification de la balise H1 par page<\/strong>\u00a0: analyse chaque page web pour d\u00e9tecter la pr\u00e9sence et les attributs du titre principal, aidant ainsi les utilisateurs \u00e0 s&#8217;assurer que leurs titres principaux sont correctement d\u00e9finis pour l&#8217;optimisation SEO.<\/p>\n<p><strong>Informations sur les attributs des balises<\/strong>\u00a0: fournit des informations d\u00e9taill\u00e9es sur les principaux en-t\u00eates d\u00e9tect\u00e9s, notamment leur nombre et leur longueur, et met en \u00e9vidence les probl\u00e8mes potentiels susceptibles d&#8217;impacter les performances SEO.<\/p>\n<p><strong>Analyse de domaine complet<\/strong>\u00a0: analysez l&#8217;int\u00e9gralit\u00e9 d&#8217;un site web pour identifier l&#8217;utilisation de la balise H1 sur toutes les pages, facilitant ainsi un <a href=\"https:\/\/sitechecker.pro\/on-page-seo-checker\/\" target=\"_blank\" rel=\"noopener noreferrer\">audit SEO<\/a> complet.<\/p>\n<h3>Principales fonctionnalit\u00e9s de l&#8217;outil<\/h3>\n<p><strong>Tableau de bord unifi\u00e9<\/strong>\u00a0: offre un aper\u00e7u complet des performances SEO, incluant la sant\u00e9 du site, les statistiques de trafic et l&#8217;analyse des backlinks, facilitant ainsi le suivi et la prise de d\u00e9cision.<\/p>\n<p><strong>Interface conviviale<\/strong>\u00a0: con\u00e7ue pour une navigation intuitive, elle est accessible aux d\u00e9butants comme aux experts pour g\u00e9rer et mettre en \u0153uvre efficacement leurs strat\u00e9gies SEO.<\/p>\n<p><strong>Outils SEO complets<\/strong>\u00a0: offre une large gamme d&#8217;outils couvrant la recherche de mots cl\u00e9s, les audits de site, l&#8217;analyse des backlinks et le suivi des performances, pour une approche compl\u00e8te de l&#8217;optimisation SEO.<\/p>\n<h2 id=\"par2\">Comment utiliser H1 Finder<\/h2>\n<p>Cet outil propose deux types de v\u00e9rification\u00a0: une pour chaque page et une pour l&#8217;ensemble du domaine. Il fournit des informations sur la pr\u00e9sence, le nombre et la longueur des titres principaux, ainsi que sur d&#8217;autres aspects connexes. S\u00e9lectionnez l&#8217;option souhait\u00e9e pour commencer.<\/p>\n<div class=\"content__img-wrap\"><img src=\"https:\/\/sitechecker.pro\/wp-content\/uploads\/2024\/07\/check-h1-audit-option.png\" alt=\"V\u00e9rifier l'option d'audit H1\" class=\"description-img description-img-zoom\" loading=\"lazy\" ><\/div>\n<h3>V\u00e9rification du domaine<\/h3>\n<h4>\u00c9tape 1\u00a0: Ins\u00e9rer votre domaine<\/h4>\n<p>Pour v\u00e9rifier un domaine, cliquez simplement sur le bouton \u00ab\u00a0V\u00e9rifier le domaine\u00a0\u00bb et saisissez l&#8217;URL souhait\u00e9e.<\/p>\n<div class=\"content__img-wrap\"><img src=\"https:\/\/sitechecker.pro\/wp-content\/uploads\/2024\/07\/check-h1-all-pages.png\" alt=\"V\u00e9rifier le H1 de toutes les pages\" class=\"description-img description-img-zoom\" loading=\"lazy\" ><\/div>\n<div class=\"important-block\">Pour recevoir les r\u00e9sultats et acc\u00e9der aux fonctionnalit\u00e9s de Sitechecker pendant 14 jours, commencez votre essai GRATUIT. L'inscription est simple avec votre adresse e-mail, votre compte Google ou Facebook. Aucune carte bancaire n'est requise.<\/div>\n<h4>\u00c9tape 2\u00a0: Interpr\u00e9tation des r\u00e9sultats de la v\u00e9rification de la balise H1 via la v\u00e9rification du domaine<\/h4>\n<p>L&#8217;analyse que vous effectuez g\u00e9n\u00e8re un audit du domaine, r\u00e9v\u00e9lant divers probl\u00e8mes de contenu tels que le H1, le titre et la description. En cliquant sur un \u00e9l\u00e9ment probl\u00e9matique (par exemple, une balise Titre 1 mal format\u00e9e), vous pouvez voir les pages concern\u00e9es. Ainsi, nous facilitons l&#8217;identification des erreurs sans avoir \u00e0 parcourir des milliers de pages web\u00a0!<\/p>\n<div class=\"content__img-wrap\"><img src=\"https:\/\/sitechecker.pro\/wp-content\/uploads\/2024\/07\/h1-tag-issues.png\" alt=\"Probl\u00e8mes de balise H1\" class=\"description-img description-img-zoom\" loading=\"lazy\" ><\/div>\n<h4>Fonctionnalit\u00e9s suppl\u00e9mentaires du v\u00e9rificateur de balise H1 de domaine\/site web<\/h4>\n<p>Lorsque vous v\u00e9rifiez votre domaine, vous recevez un rapport d&#8217;audit complet. Ce rapport vous aide \u00e0 identifier les diff\u00e9rents types de probl\u00e8mes sur votre site web et vous fournit des instructions pour les r\u00e9soudre.<\/p>\n<p>Vous pouvez afficher les probl\u00e8mes par type (critiques, avertissements, opportunit\u00e9s ou avis). Vous pouvez \u00e9galement les afficher par cat\u00e9gorie (liens, indexabilit\u00e9, pertinence du contenu, etc.). Cela vous permet de <a href=\"https:\/\/sitechecker.pro\/website-defacement-monitoring\/\" data-wpil-monitor-id=\"99\">cibler et r\u00e9soudre rapidement les probl\u00e8mes les plus importants pour la r\u00e9ussite de votre site web<\/a>.<\/p>\n<div class=\"content__img-wrap\"><img src=\"https:\/\/sitechecker.pro\/wp-content\/uploads\/2024\/07\/issues-list.png\" alt=\"Liste des probl\u00e8mes\" class=\"description-img description-img-zoom\" loading=\"lazy\" ><\/div>\n<p>Ne manquez pas l&#8217;occasion de t\u00e9l\u00e9charger l&#8217;extension Chrome permettant de v\u00e9rifier les balises. Ajoutez-la \u00e0 votre panneau d&#8217;extensions pendant l&#8217;analyse de votre site.<\/p>\n<h3>V\u00e9rification de page<\/h3>\n<h4>\u00c9tape 1\u00a0: Ins\u00e9rer votre URL<\/h4>\n<p>Pour v\u00e9rifier une page sp\u00e9cifique, utilisez l&#8217;option \u00ab\u00a0V\u00e9rifier la page\u00a0\u00bb du s\u00e9lecteur. Saisissez l&#8217;URL de la page \u00e0 analyser et lancez l&#8217;analyse.<\/p>\n<div class=\"content__img-wrap\"><img src=\"https:\/\/sitechecker.pro\/wp-content\/uploads\/2024\/07\/check-h1-page.png\" alt=\"V\u00e9rifier la page H1\" class=\"description-img description-img-zoom\" loading=\"lazy\" ><\/div>\n<h4>\u00c9tape 2\u00a0: Interpr\u00e9ter les r\u00e9sultats du test de la balise H1 via la v\u00e9rification de la page<\/h4>\n<p>L&#8217;outil de v\u00e9rification H1 vous permet d&#8217;analyser l&#8217;URL saisie, avec un bloc d&#8217;informations sur le contenu. Vous pourrez ainsi d\u00e9terminer le H1, son nombre, sa longueur et si H1 correspond \u00e0 un titre.<\/p>\n<div class=\"content__img-wrap\"><img src=\"https:\/\/sitechecker.pro\/wp-content\/uploads\/2024\/07\/on-page-seo-checker-h1.png\" alt=\"V\u00e9rificateur SEO On Page H1\" class=\"description-img description-img-zoom\" loading=\"lazy\" ><\/div>\n<p>L&#8217;examen d&#8217;une seule page ne donne pas une vue d&#8217;ensemble compl\u00e8te de la configuration de l&#8217;en-t\u00eate principal de votre site web. Consultez la premi\u00e8re section de ce guide pour d\u00e9couvrir comment une v\u00e9rification de domaine peut vous aider \u00e0 identifier toutes les balises H1 de votre site et \u00e0 identifier les erreurs de pertinence du contenu.<\/p>\n<p>Nous vous invitons \u00e9galement \u00e0 explorer notre projet de d\u00e9monstration\u00a0; acc\u00e9dez simplement \u00e0 l&#8217;onglet Audit du site pour d\u00e9couvrir les fonctionnalit\u00e9s de l&#8217;outil. Commencez imm\u00e9diatement un audit complet de votre site en cliquant sur le bouton \u00ab\u00a0Audit complet du site\u00a0\u00bb dans la fen\u00eatre contextuelle.<\/p>\n<h4>Fonctionnalit\u00e9s suppl\u00e9mentaires<\/h4>\n<p>Le panneau de navigation d&#8217;un v\u00e9rificateur de balises H1 offre diverses fonctionnalit\u00e9s pour am\u00e9liorer les performances de recherche d&#8217;un site web. La fonction \u00ab\u00a0Liens\u00a0\u00bb examine la structure des liens internes et externes du site. La section \u00ab\u00a0Aper\u00e7u des probl\u00e8mes\u00a0\u00bb compile une liste cat\u00e9goris\u00e9e des probl\u00e8mes affectant l&#8217;optimisation du site. La section \u00ab\u00a0Optimisation du contenu\u00a0\u00bb propose des strat\u00e9gies pour affiner le contenu web afin d&#8217;am\u00e9liorer la pertinence et l&#8217;engagement.<\/p>\n<p>La section \u00ab\u00a0Donn\u00e9es structur\u00e9es\u00a0\u00bb g\u00e8re les donn\u00e9es qui aident les moteurs de recherche \u00e0 mieux comprendre et afficher le contenu. Les \u00ab\u00a0images\u00a0\u00bb peuvent analyser les \u00e9l\u00e9ments visuels afin de garantir leur optimisation pour les moteurs de recherche. L&#8217;\u00ab\u00a0optimisation du r\u00e9f\u00e9rencement\u00a0\u00bb englobe un \u00e9ventail plus large de tactiques SEO.<\/p>\n<p>Enfin, \u00ab\u00a0PageSpeed \u200b\u200bInsights\u00a0\u00bb mesure les indicateurs de performance du site, essentiels \u00e0 l&#8217;exp\u00e9rience utilisateur et au classement SEO. Ce panel propose un ensemble d&#8217;outils performants pour un audit SEO d\u00e9taill\u00e9 et exploitable.<\/p>\n<div class=\"content__img-wrap\"><img src=\"https:\/\/sitechecker.pro\/wp-content\/uploads\/2024\/07\/issues-overview.png\" alt=\"Aper\u00e7u des probl\u00e8mes\" class=\"description-img description-img-zoom\" loading=\"lazy\" ><\/div>\n<h2 id=\"par3\">Id\u00e9e finale<\/h2>\n<p>Le v\u00e9rificateur de balises H1 est un outil en ligne sp\u00e9cialis\u00e9 pour l&#8217;analyse des balises H1 sur les pages web et sur l&#8217;ensemble des sites web. Il offre un processus simple pour v\u00e9rifier si les pages web int\u00e8grent correctement les balises H1, essentielles \u00e0 l&#8217;optimisation SEO. L&#8217;outil fournit des informations sur la pr\u00e9sence des balises H1, leurs attributs et les probl\u00e8mes potentiels affectant le SEO. De plus, il dispose d&#8217;une interface conviviale et d&#8217;un tableau de bord unifi\u00e9 pour une gamme compl\u00e8te d&#8217;outils SEO. Les utilisateurs peuvent effectuer une v\u00e9rification de domaine pour un audit SEO complet ou une v\u00e9rification de page pour une analyse cibl\u00e9e, avec la possibilit\u00e9 d&#8217;explorer des fonctionnalit\u00e9s suppl\u00e9mentaires pour une am\u00e9lioration approfondie des performances de recherche.<\/p>\n<div id=\"par4\"><\/div>\n<p><div class=\"front__faq-block\"><div class=\"faq__block-title\">FAQ<\/div><div class=\"panel-group\" id=\"faq-accordion\" itemscope itemtype=\"https:\/\/schema.org\/FAQPage\" role=\"tablist\" aria-multiselectable=\"true\"><div class=\"panel\" itemscope itemtype=\"https:\/\/schema.org\/Question\" itemprop=\"mainEntity\">\n                            <div class=\"panel-heading\" id=\"headingFaq-1\">\n                                <div class=\"panel-title\" data-toggle=\"collapse\" aria-expanded=\"false\" href=\"#collapseFaq-1\">\n                                    <h3 itemprop=\"name\">Puis-je analyser l'en-t\u00eate principal d'une page web sp\u00e9cifique avec l'analyseur de balises H1 ?<\/h3>\n                                <\/div>\n                            <\/div>\n                            <div id=\"collapseFaq-1\" class=\"panel-collapse collapse\" itemprop=\"acceptedAnswer\" itemscope itemtype=\"http:\/\/schema.org\/Answer\">\n                                <div class=\"panel-body\" itemprop=\"text\">Oui, l'analyseur de balises H1 permet d'analyser des pages web sp\u00e9cifiques en saisissant l'URL et en recherchant l'en-t\u00eate principal.<\/div>\n                            <\/div>\n                        <\/div><div class=\"panel\" itemscope itemtype=\"https:\/\/schema.org\/Question\" itemprop=\"mainEntity\">\n                            <div class=\"panel-heading\" id=\"headingFaq-2\">\n                                <div class=\"panel-title\" data-toggle=\"collapse\" aria-expanded=\"false\" href=\"#collapseFaq-2\">\n                                    <h3 itemprop=\"name\">Un compte est-il n\u00e9cessaire pour utiliser l'analyseur de longueur H1 pour des pages individuelles ?<\/h3>\n                                <\/div>\n                            <\/div>\n                            <div id=\"collapseFaq-2\" class=\"panel-collapse collapse\" itemprop=\"acceptedAnswer\" itemscope itemtype=\"http:\/\/schema.org\/Answer\">\n                                <div class=\"panel-body\" itemprop=\"text\">Non, vous pouvez obtenir un rapport instantan\u00e9 pour une seule page web sans avoir besoin d'un compte.<\/div>\n                            <\/div>\n                        <\/div><div class=\"panel\" itemscope itemtype=\"https:\/\/schema.org\/Question\" itemprop=\"mainEntity\">\n                            <div class=\"panel-heading\" id=\"headingFaq-3\">\n                                <div class=\"panel-title\" data-toggle=\"collapse\" aria-expanded=\"false\" href=\"#collapseFaq-3\">\n                                    <h3 itemprop=\"name\">Comment l'analyseur de balises de titre am\u00e9liore-t-il le r\u00e9f\u00e9rencement ?<\/h3>\n                                <\/div>\n                            <\/div>\n                            <div id=\"collapseFaq-3\" class=\"panel-collapse collapse\" itemprop=\"acceptedAnswer\" itemscope itemtype=\"http:\/\/schema.org\/Answer\">\n                                <div class=\"panel-body\" itemprop=\"text\">L'outil v\u00e9rifie la bonne impl\u00e9mentation des balises H1, essentielles au r\u00e9f\u00e9rencement, en analysant leur pr\u00e9sence, leurs attributs et tout probl\u00e8me susceptible d'affecter le classement dans les moteurs de recherche.<\/div>\n                            <\/div>\n                        <\/div><div class=\"panel\" itemscope itemtype=\"https:\/\/schema.org\/Question\" itemprop=\"mainEntity\">\n                            <div class=\"panel-heading\" id=\"headingFaq-4\">\n                                <div class=\"panel-title\" data-toggle=\"collapse\" aria-expanded=\"false\" href=\"#collapseFaq-4\">\n                                    <h3 itemprop=\"name\">L'outil de recherche de balises offre-t-il un audit complet du site ?<\/h3>\n                                <\/div>\n                            <\/div>\n                            <div id=\"collapseFaq-4\" class=\"panel-collapse collapse\" itemprop=\"acceptedAnswer\" itemscope itemtype=\"http:\/\/schema.org\/Answer\">\n                                <div class=\"panel-body\" itemprop=\"text\">Oui, l'outil peut analyser un domaine entier pour fournir un audit complet du site, en identifiant l'utilisation de la balise H1 et d'autres probl\u00e8mes de contenu connexes sur toutes les pages.<\/div>\n                            <\/div>\n                        <\/div><div class=\"panel\" itemscope itemtype=\"https:\/\/schema.org\/Question\" itemprop=\"mainEntity\">\n                            <div class=\"panel-heading\" id=\"headingFaq-5\">\n                                <div class=\"panel-title\" data-toggle=\"collapse\" aria-expanded=\"false\" href=\"#collapseFaq-5\">\n                                    <h3 itemprop=\"name\">Le v\u00e9rificateur de titres SEO peut-il aider \u00e0 r\u00e9soudre les probl\u00e8mes de r\u00e9f\u00e9rencement d\u00e9tect\u00e9s ?<\/h3>\n                                <\/div>\n                            <\/div>\n                            <div id=\"collapseFaq-5\" class=\"panel-collapse collapse\" itemprop=\"acceptedAnswer\" itemscope itemtype=\"http:\/\/schema.org\/Answer\">\n                                <div class=\"panel-body\" itemprop=\"text\">L'outil identifie non seulement les probl\u00e8mes de r\u00e9f\u00e9rencement, mais fournit \u00e9galement des instructions et des strat\u00e9gies pour les r\u00e9soudre afin d'am\u00e9liorer les performances de votre site Web.<\/div>\n                            <\/div>\n                        <\/div><\/div><\/div><\/p>","protected":false},"excerpt":{"rendered":"Qu&#8217;est-ce que le v\u00e9rificateur de balises H1\u00a0? Le v\u00e9rificateur de balises H1 de Sitechecker est un outil en ligne con\u00e7u pour analyser des pages sp\u00e9cifiques et l&#8217;ensemble d&#8217;un site afin de d\u00e9tecter la pr\u00e9sence de l&#8217;attribut en-t\u00eate de page. Il permet de v\u00e9rifier si vos pages web poss\u00e8dent une balise H1 d\u00e9finie et d&#8217;identifier les&#8230;","protected":false},"author":11474150,"featured_media":3427,"parent":0,"menu_order":0,"comment_status":"closed","ping_status":"closed","template":"pages-templates\/pages-minitools-3.php","meta":[],"categories":[70],"tags":[],"_links":{"self":[{"href":"https:\/\/sitechecker.pro\/fr\/wp-json\/wp\/v2\/pages\/349"}],"collection":[{"href":"https:\/\/sitechecker.pro\/fr\/wp-json\/wp\/v2\/pages"}],"about":[{"href":"https:\/\/sitechecker.pro\/fr\/wp-json\/wp\/v2\/types\/page"}],"author":[{"embeddable":true,"href":"https:\/\/sitechecker.pro\/fr\/wp-json\/wp\/v2\/users\/11474150"}],"replies":[{"embeddable":true,"href":"https:\/\/sitechecker.pro\/fr\/wp-json\/wp\/v2\/comments?post=349"}],"version-history":[{"count":94,"href":"https:\/\/sitechecker.pro\/fr\/wp-json\/wp\/v2\/pages\/349\/revisions"}],"predecessor-version":[{"id":39341,"href":"https:\/\/sitechecker.pro\/fr\/wp-json\/wp\/v2\/pages\/349\/revisions\/39341"}],"wp:featuredmedia":[{"embeddable":true,"href":"https:\/\/sitechecker.pro\/fr\/wp-json\/wp\/v2\/media\/3427"}],"wp:attachment":[{"href":"https:\/\/sitechecker.pro\/fr\/wp-json\/wp\/v2\/media?parent=349"}],"wp:term":[{"taxonomy":"category","embeddable":true,"href":"https:\/\/sitechecker.pro\/fr\/wp-json\/wp\/v2\/categories?post=349"},{"taxonomy":"post_tag","embeddable":true,"href":"https:\/\/sitechecker.pro\/fr\/wp-json\/wp\/v2\/tags?post=349"}],"curies":[{"name":"wp","href":"https:\/\/api.w.org\/{rel}","templated":true}]}}