{"id":30612,"date":"2024-03-13T07:50:05","date_gmt":"2024-03-13T07:50:05","guid":{"rendered":"https:\/\/sitechecker.pro\/?page_id=30612"},"modified":"2025-05-02T13:11:36","modified_gmt":"2025-05-02T13:11:36","slug":"bulk-url-checker-examine-status-codes-headers-redirect-paths","status":"publish","type":"page","link":"https:\/\/sitechecker.pro\/fr\/bulk-url-checker\/","title":{"rendered":"V\u00e9rificateur de liens en vrac"},"content":{"rendered":"<p><\/p>\n<h2 id=\"par1\">Qu&#8217;est-ce que V\u00e9rificateur de liens en vrac?<\/h2>\n<p>Un Bulk URL Tester de <a href=\"https:\/\/sitechecker.pro\/\" target=\"_blank\" rel=\"noopener noreferrer\">Sitechecker<\/a> est un outil con\u00e7u pour analyser et v\u00e9rifier l&#8217;\u00e9tat de plusieurs URL \u00e0 la fois. Cet utilitaire est pr\u00e9cieux pour les webmasters, les professionnels du r\u00e9f\u00e9rencement et les sp\u00e9cialistes du marketing num\u00e9rique qui doivent s&#8217;assurer que les liens sur leurs sites Web fonctionnent correctement, surveiller l&#8217;\u00e9tat des URL \u00e0 des fins de r\u00e9f\u00e9rencement ou v\u00e9rifier l&#8217;accessibilit\u00e9 des pages Web en masse.<\/p>\n<p>En revanche, Bulk Page Checker peut v\u00e9rifier les pages concurrentes en masse, en obtenant des informations de redirection.<\/p>\n<h3>Comment l&#8217;outil peut-il vous aider\u00a0?<\/h3>\n<p><strong>V\u00e9rification du code d&#8217;\u00e9tat\u00a0:<\/strong>v\u00e9rifie les codes d&#8217;\u00e9tat HTTP de plusieurs URL pour identifier leur \u00e9tat (par exemple, <a href=\"https:\/\/sitechecker.pro\/what-is-200-status-code\/\" target=\"_blank\" rel=\"noopener noreferrer\">200 OK<\/a>, <a href=\"https:\/\/sitechecker.pro\/what-is-404-status-code\/\" target=\"_blank\" rel=\"noopener noreferrer\">404 Not Found<\/a>, <a href=\"https:\/\/sitechecker.pro\/301-redirect\/\" target=\"_blank\" rel=\"noopener noreferrer\">301 Moved Permanently<\/a>, etc.).<\/p>\n<p><strong>Suivi des redirections\u00a0:<\/strong>suivez l&#8217;endroit o\u00f9 une URL redirige, aidant ainsi les utilisateurs \u00e0 comprendre le chemin de redirection des URL qui ne m\u00e8nent pas directement au contenu attendu.<\/p>\n<p><strong>Validation des liens\u00a0:<\/strong>assurez-vous que tous les liens internes et externes sont valides et m\u00e8nent \u00e0 la bonne destination. Un v\u00e9rificateur de pages en masse peut automatiser ce processus, \u00e9conomisant ainsi du temps et des efforts.<\/p>\n<p><strong>Efficacit\u00e9\u00a0:<\/strong>la v\u00e9rification des URL en masse est bien plus efficace que la v\u00e9rification manuelle de chaque lien, en particulier pour les grands sites Web ou lors de l&#8217;audit des liens externes.<\/p>\n<p><strong>Rapports\u00a0:<\/strong>fournissent des rapports d\u00e9taill\u00e9s sur les URL v\u00e9rifi\u00e9es, y compris le code d&#8217;\u00e9tat et l&#8217;URL finale apr\u00e8s les redirections, qui peuvent \u00eatre utilis\u00e9s pour une analyse plus approfondie ou la tenue de registres.<\/p>\n<p><strong>Analyse SEO des concurrents\u00a0:<\/strong>aide \u00e0 maintenir les performances SEO des concurrents en identifiant les donn\u00e9es de lien.<\/p>\n<h3>Principales fonctionnalit\u00e9s de l&#8217;outil<\/h3>\n<p><strong>Tableau de bord unifi\u00e9\u00a0:<\/strong>offre une vue compl\u00e8te des performances SEO, notamment de la sant\u00e9 du site, du trafic, des classements et des backlinks, tous mis \u00e0 jour en temps r\u00e9el et personnalisables pour s&#8217;adapter aux pr\u00e9f\u00e9rences des utilisateurs.<\/p>\n<p><strong>Interface conviviale\u00a0:<\/strong>offre une navigation intuitive et une repr\u00e9sentation visuelle claire des donn\u00e9es, la rendant accessible aux utilisateurs de tous niveaux d&#8217;expertise. Elle comprend une assistance guid\u00e9e et des tutoriels pour aider les utilisateurs \u00e0 maximiser le potentiel de l&#8217;outil.<\/p>\n<p><strong>Ensemble complet d&#8217;outils SEO\u00a0:<\/strong>fournit une gamme compl\u00e8te d&#8217;outils SEO pour les audits de sites Web, le suivi du classement des mots cl\u00e9s, l&#8217;analyse des backlinks et l&#8217;optimisation sur page, offrant des informations exploitables pour am\u00e9liorer la visibilit\u00e9 et les performances du site Web.<\/p>\n<h2 id=\"par2\">Comment utiliser l&#8217;outil<\/h2>\n<p>L&#8217;outil offre la possibilit\u00e9 d&#8217;effectuer des v\u00e9rifications en masse sur les pages de votre domaine et sur des groupes de pages concurrentes ou toute autre page de domaine que vous devez analyser. Pour commencer \u00e0 v\u00e9rifier vos pages et celles d&#8217;autres domaines, vous devez d&#8217;abord cr\u00e9er un compte. Cette \u00e9tape nous permet de rassembler toutes les informations n\u00e9cessaires et de les pr\u00e9senter dans un format pratique.<\/p>\n<div class=\"content__img-wrap\"><img src=\"https:\/\/sitechecker.pro\/wp-content\/uploads\/2024\/02\/choose-audit-option.png\" alt=\"Choose Audit Option\" class=\"description-img description-img-zoom\" loading=\"lazy\" ><\/div>\n<div class=\"important-block\">Pour recevoir les r\u00e9sultats et acc\u00e9der aux fonctionnalit\u00e9s de Sitechecker pendant 14 jours, d\u00e9marrez votre essai GRATUIT. L'inscription est facile avec votre e-mail, votre compte Google ou Facebook. Aucune carte de cr\u00e9dit n'est n\u00e9cessaire.<\/div>\n<h2 id=\"par3\">V\u00e9rification group\u00e9e des URL de votre propre domaine<\/h2>\n<p>Le v\u00e9rificateur d&#8217;\u00e9tat des liens en masse peut g\u00e9rer l&#8217;analyse et la gestion compl\u00e8tes des pages de votre domaine. Choisissez l&#8217;option de v\u00e9rification de votre site et ex\u00e9cutez l&#8217;audit.<\/p>\n<div class=\"content__img-wrap\"><img src=\"https:\/\/sitechecker.pro\/wp-content\/uploads\/2024\/02\/bulk-check.png\" alt=\"Bulk Check\" class=\"description-img description-img-zoom\" loading=\"lazy\" ><\/div>\n<p>La barre de navigation sup\u00e9rieure permet de basculer facilement entre l&#8217;affichage de toutes les pages qui ont \u00e9t\u00e9 explor\u00e9es et celles identifi\u00e9es comme indexables.<\/p>\n<p>\u00c0 c\u00f4t\u00e9 de la barre de navigation, l&#8217;outil indique le moment de la derni\u00e8re exploration du site Web et planifie la suivante, garantissant que les donn\u00e9es restent \u00e0 jour et exploitables. En dessous, un outil de filtrage est pr\u00eat \u00e0 permettre aux utilisateurs de sp\u00e9cifier des conditions pour rationaliser la liste des pages qu&#8217;ils souhaitent analyser.<\/p>\n<p>Dans le cadre du panneau principal, il existe une liste de liens soigneusement organis\u00e9e. Cette section r\u00e9v\u00e8le des mesures importantes telles que le nombre de mots et l&#8217;indexabilit\u00e9, ainsi que le code d&#8217;\u00e9tat HTTP de chaque page, offrant un aper\u00e7u de la sant\u00e9 du site Web.<\/p>\n<p>Sur le c\u00f4t\u00e9, un volet r\u00e9capitulatif des probl\u00e8mes permet d&#8217;avoir une vue concentr\u00e9e des probl\u00e8mes de r\u00e9f\u00e9rencement, class\u00e9s par priorit\u00e9 ou par cat\u00e9gorie. Ce panneau agit comme un guide, dirigeant les utilisateurs vers les zones qui n\u00e9cessitent une attention particuli\u00e8re pour l&#8217;am\u00e9lioration du r\u00e9f\u00e9rencement, ce qui en fait un assistant efficace pour optimiser les performances des moteurs de recherche d&#8217;un site Web.<\/p>\n<div class=\"content__img-wrap\"><img src=\"https:\/\/sitechecker.pro\/wp-content\/uploads\/2024\/02\/all-html-pages-filter.png\" alt=\"Filtre de toutes les pages HTML\" class=\"description-img description-img-zoom\" loading=\"lazy\" ><\/div>\n<h3>Fonctionnalit\u00e9s suppl\u00e9mentaires<\/h3>\n<p>Les d\u00e9tails de la page sont un composant suppl\u00e9mentaire du v\u00e9rificateur d&#8217;URL en masse, ax\u00e9 sur l&#8217;analyse approfondie des URL de pages individuelles. Cette section d\u00e9compose les sp\u00e9cificit\u00e9s d&#8217;une page s\u00e9lectionn\u00e9e, fournissant des informations cat\u00e9goris\u00e9es sur divers probl\u00e8mes li\u00e9s au r\u00e9f\u00e9rencement. Elle vous permet d&#8217;approfondir les d\u00e9tails de la pertinence du contenu, de l&#8217;indexabilit\u00e9, de l&#8217;int\u00e9grit\u00e9 des liens, etc.<\/p>\n<p>Pour une page donn\u00e9e, elle r\u00e9pertorie les probl\u00e8mes sous des cat\u00e9gories telles que Liens, Indexabilit\u00e9, Pertinence du contenu, Contenu dupliqu\u00e9 et S\u00e9curit\u00e9, chacune avec des probl\u00e8mes individuels signal\u00e9s. Chaque probl\u00e8me peut \u00eatre d\u00e9velopp\u00e9 pour afficher plus de d\u00e9tails et offre un lien direct vers un guide \u00ab Comment r\u00e9soudre \u00bb, simplifiant ainsi le processus d&#8217;optimisation pour vous.<\/p>\n<div class=\"content__img-wrap\"><img src=\"https:\/\/sitechecker.pro\/wp-content\/uploads\/2024\/02\/page-details-issues.png\" alt=\"Probl\u00e8mes de d\u00e9tails de page\" class=\"description-img description-img-zoom\" loading=\"lazy\" ><\/div>\n<h2 id=\"par4\">V\u00e9rification d&#8217;URL en masse pour les pages concurrentes<\/h2>\n<p>Le v\u00e9rificateur de redirection d&#8217;URL en masse vous permet d&#8217;analyser votre site et, lors de la cr\u00e9ation d&#8217;un compte, vous acc\u00e9dez \u00e0 la fonctionnalit\u00e9 int\u00e9gr\u00e9e de v\u00e9rification d&#8217;URL en masse. Pour cela, choisissez l&#8217;option d&#8217;inspection en masse des concurrents et initialisez l&#8217;analyse.<\/p>\n<div class=\"content__img-wrap\"><img src=\"https:\/\/sitechecker.pro\/wp-content\/uploads\/2024\/02\/inspect-urls.png\" alt=\"Inspecter les URL\" class=\"description-img description-img-zoom\" loading=\"lazy\" ><\/div>\n<p>Le Bulk URL Submitter dans la section &#8220;Outils suppl\u00e9mentaires&#8221; permet une analyse approfondie des URL des concurrents. L&#8217;interface propose un syst\u00e8me de cr\u00e9dit simple au co\u00fbt par v\u00e9rification avec des options de rechargement faciles. Les capacit\u00e9s d&#8217;exportation de donn\u00e9es jusqu&#8217;\u00e0 10\u00a0000 URL pour Google Sheets ou CSV sont incluses, ce qui simplifie le flux de travail pour les t\u00e2ches de r\u00e9f\u00e9rencement \u00e0 grande \u00e9chelle.<\/p>\n<div class=\"content__img-wrap\"><img src=\"https:\/\/sitechecker.pro\/wp-content\/uploads\/2024\/02\/bulk-url-checker.png\" alt=\"Bulk URL Checker\" class=\"description-img description-img-zoom\" loading=\"lazy\" ><\/div>\n<p>Bulk URL Checker pour analyser les URL des concurrents affiche les indicateurs cl\u00e9s pour chaque URL, notamment le code d&#8217;\u00e9tat et le message HTTP, le type de contenu, le nombre de redirections, l&#8217;URL finale et le lien canonique. Cette configuration est con\u00e7ue pour surveiller l&#8217;\u00e9tat et l&#8217;optimisation de plusieurs liens \u00e0 la fois et rev\u00e9rifier les options d&#8217;URL.<\/p>\n<div class=\"content__img-wrap\"><img src=\"https:\/\/sitechecker.pro\/wp-content\/uploads\/2024\/02\/bulk-url-checker-results.png\" alt=\"Bulk URL Checker Results\" class=\"description-img description-img-zoom\" loading=\"lazy\" ><\/div>\n<h2 id=\"par5\">Derni\u00e8re id\u00e9e<\/h2>\n<p>Bulk URL Checker est con\u00e7u pour v\u00e9rifier efficacement l&#8217;\u00e9tat de plusieurs pages. Il permet aux utilisateurs de v\u00e9rifier rapidement les codes d&#8217;\u00e9tat, d&#8217;analyser les en-t\u00eates de r\u00e9ponse et de suivre les cha\u00eenes de redirection, fournissant ainsi des informations pr\u00e9cieuses sur la validit\u00e9 des liens et la sant\u00e9 du r\u00e9f\u00e9rencement. L&#8217;outil dispose d&#8217;une interface conviviale, compl\u00e9t\u00e9e par un tableau de bord unifi\u00e9 pour la surveillance du r\u00e9f\u00e9rencement en temps r\u00e9el et un ensemble robuste d&#8217;outils pour les audits de sites et l&#8217;analyse des concurrents. En facilitant les v\u00e9rifications en masse et en offrant des rapports d\u00e9taill\u00e9s, il am\u00e9liore consid\u00e9rablement l&#8217;efficacit\u00e9 de la gestion des performances SEO d&#8217;un site Web et de l&#8217;analyse comparative des concurrents.<\/p>\n<div id=\"par6\"><\/div>\n<p><div class=\"front__faq-block\"><div class=\"faq__block-title\">FAQ<\/div><div class=\"panel-group\" id=\"faq-accordion\" itemscope itemtype=\"https:\/\/schema.org\/FAQPage\" role=\"tablist\" aria-multiselectable=\"true\"><div class=\"panel\" itemscope itemtype=\"https:\/\/schema.org\/Question\" itemprop=\"mainEntity\">\n                            <div class=\"panel-heading\" id=\"headingFaq-1\">\n                                <div class=\"panel-title\" data-toggle=\"collapse\" aria-expanded=\"false\" href=\"#collapseFaq-1\">\n                                    <h3 itemprop=\"name\">Bulk URL Checker peut-il g\u00e9rer de gros volumes de donn\u00e9es ?<\/h3>\n                                <\/div>\n                            <\/div>\n                            <div id=\"collapseFaq-1\" class=\"panel-collapse collapse\" itemprop=\"acceptedAnswer\" itemscope itemtype=\"http:\/\/schema.org\/Answer\">\n                                <div class=\"panel-body\" itemprop=\"text\">Oui, Bulk URL Checker est capable de traiter et d'analyser jusqu'\u00e0 10 000 pages, ce qui le rend adapt\u00e9 aux t\u00e2ches de r\u00e9f\u00e9rencement \u00e0 grande \u00e9chelle et \u00e0 l'analyse de la concurrence.<\/div>\n                            <\/div>\n                        <\/div><div class=\"panel\" itemscope itemtype=\"https:\/\/schema.org\/Question\" itemprop=\"mainEntity\">\n                            <div class=\"panel-heading\" id=\"headingFaq-2\">\n                                <div class=\"panel-title\" data-toggle=\"collapse\" aria-expanded=\"false\" href=\"#collapseFaq-2\">\n                                    <h3 itemprop=\"name\">Quel type d'informations Bulk URL Checker fournit-il ?<\/h3>\n                                <\/div>\n                            <\/div>\n                            <div id=\"collapseFaq-2\" class=\"panel-collapse collapse\" itemprop=\"acceptedAnswer\" itemscope itemtype=\"http:\/\/schema.org\/Answer\">\n                                <div class=\"panel-body\" itemprop=\"text\">L'outil fournit des informations, notamment sur les codes d'\u00e9tat HTTP, les en-t\u00eates de r\u00e9ponse, le type de contenu, le nombre de redirections, la destination du lien final et les liens canoniques.<\/div>\n                            <\/div>\n                        <\/div><div class=\"panel\" itemscope itemtype=\"https:\/\/schema.org\/Question\" itemprop=\"mainEntity\">\n                            <div class=\"panel-heading\" id=\"headingFaq-3\">\n                                <div class=\"panel-title\" data-toggle=\"collapse\" aria-expanded=\"false\" href=\"#collapseFaq-3\">\n                                    <h3 itemprop=\"name\">Comment puis-je exporter les donn\u00e9es de Bulk URL Checker ?<\/h3>\n                                <\/div>\n                            <\/div>\n                            <div id=\"collapseFaq-3\" class=\"panel-collapse collapse\" itemprop=\"acceptedAnswer\" itemscope itemtype=\"http:\/\/schema.org\/Answer\">\n                                <div class=\"panel-body\" itemprop=\"text\">L'outil offre des fonctionnalit\u00e9s d'exportation de donn\u00e9es, permettant aux utilisateurs d'exporter leurs r\u00e9sultats vers Google Sheets ou sous forme de fichier CSV pour une analyse plus approfondie ou la conservation de dossiers.<\/div>\n                            <\/div>\n                        <\/div><\/div><\/div><\/p>","protected":false},"excerpt":{"rendered":"Qu&#8217;est-ce que V\u00e9rificateur de liens en vrac? Un Bulk URL Tester de Sitechecker est un outil con\u00e7u pour analyser et v\u00e9rifier l&#8217;\u00e9tat de plusieurs URL \u00e0 la fois. Cet utilitaire est pr\u00e9cieux pour les webmasters, les professionnels du r\u00e9f\u00e9rencement et les sp\u00e9cialistes du marketing num\u00e9rique qui doivent s&#8217;assurer que les liens sur leurs sites Web&#8230;","protected":false},"author":10409641,"featured_media":0,"parent":0,"menu_order":0,"comment_status":"closed","ping_status":"closed","template":"pages-templates\/pages-minitools-3.php","meta":[],"categories":[74],"tags":[],"_links":{"self":[{"href":"https:\/\/sitechecker.pro\/fr\/wp-json\/wp\/v2\/pages\/30612"}],"collection":[{"href":"https:\/\/sitechecker.pro\/fr\/wp-json\/wp\/v2\/pages"}],"about":[{"href":"https:\/\/sitechecker.pro\/fr\/wp-json\/wp\/v2\/types\/page"}],"author":[{"embeddable":true,"href":"https:\/\/sitechecker.pro\/fr\/wp-json\/wp\/v2\/users\/10409641"}],"replies":[{"embeddable":true,"href":"https:\/\/sitechecker.pro\/fr\/wp-json\/wp\/v2\/comments?post=30612"}],"version-history":[{"count":5,"href":"https:\/\/sitechecker.pro\/fr\/wp-json\/wp\/v2\/pages\/30612\/revisions"}],"predecessor-version":[{"id":36866,"href":"https:\/\/sitechecker.pro\/fr\/wp-json\/wp\/v2\/pages\/30612\/revisions\/36866"}],"wp:attachment":[{"href":"https:\/\/sitechecker.pro\/fr\/wp-json\/wp\/v2\/media?parent=30612"}],"wp:term":[{"taxonomy":"category","embeddable":true,"href":"https:\/\/sitechecker.pro\/fr\/wp-json\/wp\/v2\/categories?post=30612"},{"taxonomy":"post_tag","embeddable":true,"href":"https:\/\/sitechecker.pro\/fr\/wp-json\/wp\/v2\/tags?post=30612"}],"curies":[{"name":"wp","href":"https:\/\/api.w.org\/{rel}","templated":true}]}}