{"id":30462,"date":"2024-02-12T13:39:47","date_gmt":"2024-02-12T13:39:47","guid":{"rendered":"https:\/\/sitechecker.pro\/?page_id=30462"},"modified":"2025-04-28T16:22:19","modified_gmt":"2025-04-28T16:22:19","slug":"html-source-code-viewer-inspect-code-identify-issues","status":"publish","type":"page","link":"https:\/\/sitechecker.pro\/fr\/html-source-code-viewer\/","title":{"rendered":"Outils Visualiser Code HTML En ligne | Inspectez votre code et identifiez les probl\u00e8mes"},"content":{"rendered":"<p><\/p>\n<h2 id=\"par1\">Qu&#8217;est-ce que Outils Visualiser Code HTML En ligne?<\/h2>\n<p>Le HTML Source Code Viewer de <a href=\"https:\/\/sitechecker.pro\/\" target=\"_blank\" rel=\"noopener noreferrer\">Sitechecker<\/a> est un outil con\u00e7u pour inspecter et analyser le <a href=\"https:\/\/sitechecker.pro\/what-is-html\/\" target=\"_blank\" rel=\"noopener noreferrer\">code HTML<\/a> d&#8217;un site Web, y compris des pages sp\u00e9cifiques, afin d&#8217;identifier les probl\u00e8mes de validation du code. Il aide \u00e0 comprendre les structures des pages Web, valide les probl\u00e8mes et am\u00e9liore les performances du site Web en examinant le code source que les navigateurs utilisent pour afficher les sites Web.<\/p>\n<h3>Comment le v\u00e9rificateur de code source HTML peut-il vous aider\u00a0?<\/h3>\n<p><strong>Inspecter le code HTML\u00a0: <\/strong>implique l&#8217;examen de la structure, de la syntaxe et du contenu du code HTML de n&#8217;importe quelle page Web. Possibilit\u00e9 de copier le code et de trouver des \u00e9l\u00e9ments sp\u00e9cifiques.<\/p>\n<p><strong>Identification des probl\u00e8mes\u00a0:<\/strong>analysez le code HTML de votre site Web pour identifier les erreurs ou les domaines n\u00e9cessitant une am\u00e9lioration.<\/p>\n<p><strong>Validation r\u00e9guli\u00e8re de l&#8217;\u00e9tat du code HTML\u00a0:<\/strong>facilite la d\u00e9tection coh\u00e9rente des erreurs dans le code, g\u00e9n\u00e8re des rapports de validation et hi\u00e9rarchise les erreurs pour une r\u00e9solution ult\u00e9rieure.<\/p>\n<h3>Principales fonctionnalit\u00e9s de l&#8217;outil<\/h3>\n<p><strong>Tableau de bord unifi\u00e9\u00a0:<\/strong>fournit un aper\u00e7u complet de l&#8217;\u00e9tat du r\u00e9f\u00e9rencement et des indicateurs de performance de votre site Web dans un emplacement central. Il permet de surveiller facilement les indicateurs cl\u00e9s tels que l&#8217;analyse du trafic, la qualit\u00e9 des backlinks et la vitesse du site, facilitant ainsi les \u00e9valuations et les d\u00e9cisions rapides.<\/p>\n<p><strong>Interface conviviale\u00a0:<\/strong>con\u00e7ue avec une interface simple et intuitive, la rendant accessible aux utilisateurs de tous niveaux de comp\u00e9tence. Cette facilit\u00e9 d&#8217;utilisation garantit une navigation simple dans les diff\u00e9rentes fonctionnalit\u00e9s et outils, am\u00e9liorant ainsi l&#8217;exp\u00e9rience utilisateur globale.<\/p>\n<p><strong>Ensemble complet d&#8217;outils SEO\u00a0:<\/strong>offre une suite compl\u00e8te d&#8217;outils SEO, couvrant tout, de la recherche de mots cl\u00e9s et de l&#8217;<a href=\"https:\/\/sitechecker.pro\/on-page-seo-checker\/\" target=\"_blank\" rel=\"noopener noreferrer\">analyse SEO on-page<\/a> au suivi des backlinks et aux audits de sites Web. Cet ensemble complet d&#8217;outils vous permet d&#8217;aborder tous les aspects du r\u00e9f\u00e9rencement \u00e0 partir d&#8217;une seule plateforme, en simplifiant le processus d&#8217;optimisation pour un meilleur classement et une meilleure visibilit\u00e9 dans les moteurs de recherche.<\/p>\n<h2 id=\"par2\">Comment utiliser l&#8217;outil<\/h2>\n<p>Pour effectuer une v\u00e9rification, s\u00e9lectionnez l&#8217;option dont vous avez besoin\u00a0: v\u00e9rifiez l&#8217;int\u00e9gralit\u00e9 du site ou une page sp\u00e9cifique. La v\u00e9rification de l&#8217;int\u00e9gralit\u00e9 du site vous permet d&#8217;identifier les erreurs de code HTML courantes, d&#8217;observer les tendances de ces erreurs sur votre site et de recevoir des recommandations pour leur r\u00e9solution. La validation d&#8217;une seule page fournit une \u00e9valuation imm\u00e9diate de la structure HTML.<\/p>\n<div class=\"content__img-wrap\"><img src=\"https:\/\/sitechecker.pro\/wp-content\/uploads\/2024\/08\/1-HTML-selector-min-1.png\" alt=\"Choose Funnel\" class=\"description-img description-img-zoom\" loading=\"lazy\" ><\/div>\n<h2 id=\"par3\">V\u00e9rification du domaine<\/h2>\n<h3>\u00c9tape 1\u00a0: pour lancer la v\u00e9rification du domaine, cliquez sur le bouton correspondant pour lancer le processus<\/h3>\n<div class=\"content__img-wrap\"><img src=\"https:\/\/sitechecker.pro\/wp-content\/uploads\/2024\/08\/2-HTML-code-website-check-min-1.png\" alt=\"V\u00e9rification de l'entonnoir de domaine\" class=\"description-img description-img-zoom\" loading=\"lazy\" ><\/div>\n<h3>\u00c9tape 2\u00a0: obtenir des r\u00e9sultats<\/h3>\n<p>Le logiciel en ligne HTML Source Code Viewer est un outil complet qui affiche divers aspects de la sant\u00e9 du site Web.<\/p>\n<p>L&#8217;outil est d\u00e9di\u00e9 \u00e0 une liste de probl\u00e8mes, qui d\u00e9taille les probl\u00e8mes HTML sp\u00e9cifiques affectant le site, des probl\u00e8mes de donn\u00e9es structur\u00e9es aux attributs dupliqu\u00e9s, et affiche le nombre de pages impact\u00e9es. Cette section est compl\u00e9t\u00e9e par une zone qui confirme les contr\u00f4les que le site a r\u00e9ussis, indiquant un bilan de sant\u00e9 propre \u00e0 certains \u00e9gards.<\/p>\n<p>En haut, vous pouvez trouver des options pour des actions imm\u00e9diates telles que le lancement d&#8217;une nouvelle exploration, le t\u00e9l\u00e9chargement d&#8217;un rapport PDF ou l&#8217;exportation des r\u00e9sultats pour une analyse plus approfondie. Un r\u00e9sum\u00e9 des mesures fournit un aper\u00e7u rapide de l&#8217;\u00e9tat du site, indiquant le nombre de probl\u00e8mes critiques, d&#8217;avertissements et d&#8217;avis, ainsi qu&#8217;un score de site Web dynamique qui \u00e9value l&#8217;\u00e9tat g\u00e9n\u00e9ral sur 100.<\/p>\n<div class=\"content__img-wrap\"><img src=\"https:\/\/sitechecker.pro\/wp-content\/uploads\/2024\/02\/code-validation-issues.png\" alt=\"Probl\u00e8mes de validation du code\" class=\"description-img description-img-zoom\" loading=\"lazy\" ><\/div>\n<h3>Fonctionnalit\u00e9s suppl\u00e9mentaires<\/h3>\n<p>Cliquer sur le bouton &#8220;Afficher toutes les pages&#8221; vous am\u00e8ne \u00e0 un \u00e9cran affichant une liste des pages de votre site, ainsi que des options de filtrage pour localiser rapidement ce dont vous avez besoin. Apr\u00e8s avoir s\u00e9lectionn\u00e9 une page, vous verrez les d\u00e9tails de son \u00e9tat technique et aurez la possibilit\u00e9 d&#8217;examiner les donn\u00e9es HTML, de les copier ou de rechercher des \u00e9l\u00e9ments sp\u00e9cifiques.<\/p>\n<div class=\"content__img-wrap\"><img src=\"https:\/\/sitechecker.pro\/wp-content\/uploads\/2024\/02\/html-source-code.png\" alt=\"Code source HTML\" class=\"description-img description-img-zoom\" loading=\"lazy\" ><\/div>\n<h2 id=\"par4\">Inspecter le code HTML d&#8217;une page sp\u00e9cifique<\/h2>\n<h3>\u00c9tape 1\u00a0: Choisissez l&#8217;option d&#8217;audit de page<\/h3>\n<div class=\"content__img-wrap\"><img src=\"https:\/\/sitechecker.pro\/wp-content\/uploads\/2024\/08\/3-Get-Page-HTML-code-min-1.png\" alt=\"Page Funnel Check\" class=\"description-img description-img-zoom\" loading=\"lazy\" ><\/div>\n<h3>\u00c9tape 2\u00a0: Obtenir des r\u00e9sultats<\/h3>\n<p>Sur la droite, l&#8217;outil pr\u00e9sente une vue fractionn\u00e9e. Un c\u00f4t\u00e9 affiche le code HTML de la page v\u00e9rifi\u00e9e, vous permettant d&#8217;inspecter la source directement dans l&#8217;outil. La section des donn\u00e9es HTML comprend la d\u00e9claration doctype, l&#8217;attribut de langue, le jeu de caract\u00e8res m\u00e9ta et une s\u00e9rie de balises de lien alternatives pour diff\u00e9rentes versions linguistiques, indiquant une configuration de site Web multilingue. L&#8217;autre c\u00f4t\u00e9 de la vue fractionn\u00e9e est destin\u00e9 aux informations d&#8217;en-t\u00eate HTTP, qui seraient essentielles pour diagnostiquer les probl\u00e8mes li\u00e9s aux r\u00e9ponses du serveur et \u00e0 l&#8217;accessibilit\u00e9 des pages.<\/p>\n<div class=\"content__img-wrap\"><img src=\"https:\/\/sitechecker.pro\/wp-content\/uploads\/2024\/02\/page-html.png\" alt=\"Page HTML\" class=\"description-img description-img-zoom\" loading=\"lazy\" ><\/div>\n<p>Pour une compr\u00e9hension compl\u00e8te des capacit\u00e9s de l&#8217;outil au-del\u00e0 de l&#8217;analyse du code HTML d&#8217;une seule page, reportez-vous aux \u00e9crans de v\u00e9rification de domaine d\u00e9taill\u00e9s dans la section d&#8217;ouverture du guide sur l&#8217;ex\u00e9cution d&#8217;une analyse de domaine.<\/p>\n<div class=\"content__img-wrap\"><img src=\"https:\/\/sitechecker.pro\/wp-content\/uploads\/2024\/02\/run-full-website-audit_65ca1cb6765ae.png\" alt=\"Ex\u00e9cuter un audit complet du site Web\" class=\"description-img description-img-zoom\" loading=\"lazy\" ><\/div>\n<p>Vous pouvez \u00e9galement s\u00e9lectionner \u00ab Audit du site \u00bb pour d\u00e9couvrir toute la gamme de fonctionnalit\u00e9s offertes par l&#8217;outil. Cette exploration vous permet de comprendre comment l&#8217;outil peut \u00eatre appliqu\u00e9 pour am\u00e9liorer les performances de votre site Web.<\/p>\n<h3>Fonctionnalit\u00e9s suppl\u00e9mentaires<\/h3>\n<p>L&#8217;outil HTML Code Checker fournit une analyse compl\u00e8te de la sant\u00e9 SEO d&#8217;une page Web. Il dispose d&#8217;un syst\u00e8me de notation, affichant ici jusqu&#8217;\u00e0 100, qui refl\u00e8te le niveau d&#8217;optimisation de la page.<\/p>\n<p>Les probl\u00e8mes critiques et les avertissements sont r\u00e9sum\u00e9s pour une identification rapide et sont d\u00e9taill\u00e9s dans le volet de navigation, qui comprend divers aspects SEO tels que l&#8217;analyse des liens, la pertinence du contenu, les images, les informations sur PageSpeed, etc.<\/p>\n<div class=\"content__img-wrap\"><img src=\"https:\/\/sitechecker.pro\/wp-content\/uploads\/2024\/02\/on-page-seo-checker.png\" alt=\"On-Page SEO Checker\" class=\"description-img description-img-zoom\" loading=\"lazy\" ><\/div>\n<p>L&#8217;outil pr\u00e9sente \u00e9galement une section permettant d&#8217;examiner les liens, indiquant la sant\u00e9 et la pertinence des connexions sortantes et entrantes. Cette fonctionnalit\u00e9 est essentielle pour affiner les attributs SEO de la page et am\u00e9liorer les performances du site.<\/p>\n<h2 id=\"par5\">Id\u00e9e finale<\/h2>\n<p>L&#8217;outil Page Inspector est un outil en ligne permettant d&#8217;analyser et de valider le code HTML des pages Web. Il permet d&#8217;identifier les probl\u00e8mes, de comprendre les structures des pages et d&#8217;am\u00e9liorer les performances du site Web. Les principales fonctionnalit\u00e9s comprennent un tableau de bord unifi\u00e9 pour une vue globale de l&#8217;\u00e9tat du r\u00e9f\u00e9rencement, une interface conviviale et un ensemble complet d&#8217;outils SEO pour des t\u00e2ches d&#8217;optimisation compl\u00e8tes. Les utilisateurs peuvent effectuer des v\u00e9rifications \u00e0 l&#8217;\u00e9chelle du site ou se concentrer sur des pages sp\u00e9cifiques pour d\u00e9tecter les erreurs et recevoir des recommandations. L&#8217;outil fournit \u00e9galement des rapports d\u00e9taill\u00e9s, une r\u00e9cup\u00e9ration instantan\u00e9e du code et la possibilit\u00e9 d&#8217;inspecter, de copier et de d\u00e9panner les en-t\u00eates HTML et <a href=\"https:\/\/sitechecker.pro\/http-header-checker\/\" data-wpil-monitor-id=\"237\">HTTP<\/a>, permettant \u00e0 la fois une analyse d\u00e9taill\u00e9e et des v\u00e9rifications rapides.<\/p>\n<div id=\"par6\"><\/div>\n<p><div class=\"front__faq-block\"><div class=\"faq__block-title\">FAQ<\/div><div class=\"panel-group\" id=\"faq-accordion\" itemscope itemtype=\"https:\/\/schema.org\/FAQPage\" role=\"tablist\" aria-multiselectable=\"true\"><div class=\"panel\" itemscope itemtype=\"https:\/\/schema.org\/Question\" itemprop=\"mainEntity\">\n                            <div class=\"panel-heading\" id=\"headingFaq-1\">\n                                <div class=\"panel-title\" data-toggle=\"collapse\" aria-expanded=\"false\" href=\"#collapseFaq-1\">\n                                    <h3 itemprop=\"name\">Quel est l'objectif principal du scanner de code source HTML ?<\/h3>\n                                <\/div>\n                            <\/div>\n                            <div id=\"collapseFaq-1\" class=\"panel-collapse collapse\" itemprop=\"acceptedAnswer\" itemscope itemtype=\"http:\/\/schema.org\/Answer\">\n                                <div class=\"panel-body\" itemprop=\"text\">Son objectif principal est d'analyser le code HTML des pages Web pour identifier les erreurs, garantir la sant\u00e9 du code et am\u00e9liorer les performances et le r\u00e9f\u00e9rencement d'un site Web.<\/div>\n                            <\/div>\n                        <\/div><div class=\"panel\" itemscope itemtype=\"https:\/\/schema.org\/Question\" itemprop=\"mainEntity\">\n                            <div class=\"panel-heading\" id=\"headingFaq-2\">\n                                <div class=\"panel-title\" data-toggle=\"collapse\" aria-expanded=\"false\" href=\"#collapseFaq-2\">\n                                    <h3 itemprop=\"name\">Existe-t-il des fonctionnalit\u00e9s permettant de surveiller les changements dans la sant\u00e9 du r\u00e9f\u00e9rencement d'un site Web au fil du temps ?<\/h3>\n                                <\/div>\n                            <\/div>\n                            <div id=\"collapseFaq-2\" class=\"panel-collapse collapse\" itemprop=\"acceptedAnswer\" itemscope itemtype=\"http:\/\/schema.org\/Answer\">\n                                <div class=\"panel-body\" itemprop=\"text\">Oui, l'outil comprend des fonctionnalit\u00e9s permettant de suivre les tendances des erreurs HTML et d'autres probl\u00e8mes de r\u00e9f\u00e9rencement, aidant \u00e0 surveiller la sant\u00e9 d'un site de mani\u00e8re dynamique.<\/div>\n                            <\/div>\n                        <\/div><div class=\"panel\" itemscope itemtype=\"https:\/\/schema.org\/Question\" itemprop=\"mainEntity\">\n                            <div class=\"panel-heading\" id=\"headingFaq-3\">\n                                <div class=\"panel-title\" data-toggle=\"collapse\" aria-expanded=\"false\" href=\"#collapseFaq-3\">\n                                    <h3 itemprop=\"name\">Dans quelle mesure l'analyseur de code source HTML est-il convivial pour les utilisateurs non techniques ?<\/h3>\n                                <\/div>\n                            <\/div>\n                            <div id=\"collapseFaq-3\" class=\"panel-collapse collapse\" itemprop=\"acceptedAnswer\" itemscope itemtype=\"http:\/\/schema.org\/Answer\">\n                                <div class=\"panel-body\" itemprop=\"text\">L'outil est con\u00e7u avec une interface simple et intuitive, ce qui le rend accessible et facile \u00e0 utiliser pour les utilisateurs de tous niveaux de comp\u00e9tence.<\/div>\n                            <\/div>\n                        <\/div><div class=\"panel\" itemscope itemtype=\"https:\/\/schema.org\/Question\" itemprop=\"mainEntity\">\n                            <div class=\"panel-heading\" id=\"headingFaq-4\">\n                                <div class=\"panel-title\" data-toggle=\"collapse\" aria-expanded=\"false\" href=\"#collapseFaq-4\">\n                                    <h3 itemprop=\"name\">La fonctionnalit\u00e9 de v\u00e9rification du code source HTML prend-elle en charge les sites Web multilingues ?<\/h3>\n                                <\/div>\n                            <\/div>\n                            <div id=\"collapseFaq-4\" class=\"panel-collapse collapse\" itemprop=\"acceptedAnswer\" itemscope itemtype=\"http:\/\/schema.org\/Answer\">\n                                <div class=\"panel-body\" itemprop=\"text\">Oui, l'outil peut identifier et g\u00e9rer des balises de liens alternatives pour diff\u00e9rentes versions linguistiques, ce qui est essentiel pour les configurations de sites Web multilingues.<\/div>\n                            <\/div>\n                        <\/div><\/div><\/div><\/p>","protected":false},"excerpt":{"rendered":"Qu&#8217;est-ce que Outils Visualiser Code HTML En ligne? Le HTML Source Code Viewer de Sitechecker est un outil con\u00e7u pour inspecter et analyser le code HTML d&#8217;un site Web, y compris des pages sp\u00e9cifiques, afin d&#8217;identifier les probl\u00e8mes de validation du code. Il aide \u00e0 comprendre les structures des pages Web, valide les probl\u00e8mes et&#8230;","protected":false},"author":10409641,"featured_media":0,"parent":0,"menu_order":0,"comment_status":"closed","ping_status":"closed","template":"pages-templates\/pages-minitools-3.php","meta":[],"categories":[74],"tags":[],"_links":{"self":[{"href":"https:\/\/sitechecker.pro\/fr\/wp-json\/wp\/v2\/pages\/30462"}],"collection":[{"href":"https:\/\/sitechecker.pro\/fr\/wp-json\/wp\/v2\/pages"}],"about":[{"href":"https:\/\/sitechecker.pro\/fr\/wp-json\/wp\/v2\/types\/page"}],"author":[{"embeddable":true,"href":"https:\/\/sitechecker.pro\/fr\/wp-json\/wp\/v2\/users\/10409641"}],"replies":[{"embeddable":true,"href":"https:\/\/sitechecker.pro\/fr\/wp-json\/wp\/v2\/comments?post=30462"}],"version-history":[{"count":11,"href":"https:\/\/sitechecker.pro\/fr\/wp-json\/wp\/v2\/pages\/30462\/revisions"}],"predecessor-version":[{"id":38160,"href":"https:\/\/sitechecker.pro\/fr\/wp-json\/wp\/v2\/pages\/30462\/revisions\/38160"}],"wp:attachment":[{"href":"https:\/\/sitechecker.pro\/fr\/wp-json\/wp\/v2\/media?parent=30462"}],"wp:term":[{"taxonomy":"category","embeddable":true,"href":"https:\/\/sitechecker.pro\/fr\/wp-json\/wp\/v2\/categories?post=30462"},{"taxonomy":"post_tag","embeddable":true,"href":"https:\/\/sitechecker.pro\/fr\/wp-json\/wp\/v2\/tags?post=30462"}],"curies":[{"name":"wp","href":"https:\/\/api.w.org\/{rel}","templated":true}]}}